{"id":23735,"date":"2024-07-03T20:41:50","date_gmt":"2024-07-03T18:41:50","guid":{"rendered":"https:\/\/verteco.shop\/allt-du-behover-veta-om-css\/"},"modified":"2024-07-03T20:52:21","modified_gmt":"2024-07-03T18:52:21","slug":"allt-du-behover-veta-om-css","status":"publish","type":"page","link":"https:\/\/verteco.shop\/sv\/allt-du-behover-veta-om-css\/","title":{"rendered":"Allt du beh\u00f6ver veta om CSS"},"content":{"rendered":"\n<p>Om du har en webbutik eller jobbar f\u00f6r en marknadsf\u00f6ringsbyr\u00e5 har du f\u00f6rmodligen redan h\u00f6rt talas om CSS \u2013 Googles Comparison Shopping Service. Om du redan hanterar Google Ads-kampanjer \u00e4r du f\u00f6rmodligen bekant med \u00e4mnet. Och om du aldrig har h\u00f6rt talas om CSS \u00e4r det nu dags att l\u00e4ra dig hur det kan hj\u00e4lpa dig att marknadsf\u00f6ra ditt f\u00f6retag effektivt p\u00e5 Googles s\u00f6kmotor.<\/p>\n\n<h2 class=\"wp-block-heading\">Varf\u00f6r finns Comparison Shopping Services (CSS)?<\/h2>\n\n<p>Vi har alla st\u00f6tt p\u00e5 de d\u00e4r speciella webbplatserna d\u00e4r vi kan j\u00e4mf\u00f6ra produktpriser fr\u00e5n olika butiker: dessa typer av sajter kallas prisj\u00e4mf\u00f6relseportaler. Den f\u00f6rmodligen mest k\u00e4nda portalen i denna kategori \u00e4r Google Shopping.<\/p>\n\n<p>F\u00f6r att placera Google Shopping-annonser (\u00e4ven k\u00e4nd som &#8221;produktannonser&#8221;) m\u00e5ste ditt f\u00f6retags produkter listas p\u00e5 en s\u00e5dan prisj\u00e4mf\u00f6relseportal (eller flera portaler).<\/p>\n\n<p>Fram till 2017 hade Google monopol med sin egen prisportal, Google Shopping, d\u00e4r man visade upp Google Shopping-annonser. Denna situation ans\u00e5gs or\u00e4ttvis, och vissa f\u00f6retag beslutade att vidta r\u00e4ttsliga \u00e5tg\u00e4rder mot den ber\u00f6mda s\u00f6kmotorn. Googles monopolistiska st\u00e4llning straffades av domstolen, vilket resulterade i att Google f\u00f6rlorade m\u00e5let och tvingades av Europeiska kommissionen att lansera programmet CSS \u2013 Comparison Shopping Services.<\/p>\n\n<p>Inte alla j\u00e4mf\u00f6relseportaler deltar i detta program. CSS m\u00e5ste vara s\u00e4rskilt certifierad av Google och m\u00e5ste uppfylla specifika krav.<\/p>\n\n<p>Alla prisj\u00e4mf\u00f6relseportaler som \u00e4r registrerade i programmet Google Comparison Shopping Services och som beviljats \u200b\u200bCSS-partnerstatus f\u00e5r placera produktannonser f\u00f6r handlare i Googles s\u00f6kresultat.<\/p>\n\n<h2 class=\"wp-block-heading\">Vad \u00e4r skillnaden med betalannonser?<\/h2>\n\n<ul class=\"wp-block-list\">\n<li>Googles marginal dras inte l\u00e4ngre fr\u00e5n kostnaden per klick (CPC).<\/li>\n\n\n\n<li>L\u00e4ngst ned p\u00e5 alla sponsrade annonser, ist\u00e4llet f\u00f6r &#8221;Av Google&#8221;, st\u00e5r det &#8221;Av XX&#8221;.<\/li>\n<\/ul>\n\n<h2 class=\"wp-block-heading\">Hur kan du s\u00e4ga att Googles marginal finns?<\/h2>\n\n<p>S\u00e5 h\u00e4r s\u00e4ger Google om sin marginal:<\/p>\n\n<p>Google anger inte exakt hur stor marginalen \u00e4r; det kan endast ber\u00e4knas empiriskt efter byte till en CSS-leverant\u00f6r baserat p\u00e5 resultat. Erfarenhetsm\u00e4ssigt \u00e4r denna marginal cirka 20 % av CPC. Detta \u00e4r den ber\u00f6mda rabatten som marknadsf\u00f6rs av CSS-partners.<\/p>\n\n<p>Varf\u00f6r ser du inte direkt p\u00e5 ditt konto att du faktiskt betalar f\u00f6r Googles CSS?<\/p>\n\n<p>Detta \u00e4r ett internt beslut fr\u00e5n Google. Marginalen dras av fr\u00e5n kostnaden per klick innan ditt bud g\u00e5r in i auktionen. Om du anv\u00e4nder Google Shopping CSS (standard) \u00e4r ditt faktiska bud cirka 20 % l\u00e4gre \u00e4n det f\u00f6r en s\u00e4ljare som redan arbetar med en annan CSS-portal (inte Google CSS) och \u00e4r d\u00e4rf\u00f6r n\u00e4rvarande med ett bud som \u00e4r 20 % h\u00f6gre i Google auktion.<\/p>\n\n<p>Naturligtvis betalar du bara denna marginal till Google Shopping om n\u00e5gon klickar p\u00e5 annonsen (om inte debiteras ingen marginal). Men ditt bud i Google-auktionen \u00e4r fortfarande cirka 20 % l\u00e4gre varje g\u00e5ng.<\/p>\n\n<h2 class=\"wp-block-heading\">Tar en CSS-partner ut en avgift f\u00f6r att anv\u00e4nda sin CSS?<\/h2>\n\n<p>Ja, oftast \u00e4r det ett m\u00e5nadsabonnemang. Det finns hundratals CSS-partners med ett brett utbud av erbjudanden. M\u00e5nga byr\u00e5er v\u00e4ljer att arbeta med en viss CSS-leverant\u00f6r, och vissa har till och med sin egen CSS (till exempel Verteco Digital, en digital marknadsf\u00f6ringsbyr\u00e5, har sin egen CSS \u2013 Verteco Shop).<\/p>\n\n<h2 class=\"wp-block-heading\">Kommer data i fl\u00f6det att g\u00e5 f\u00f6rlorade efter migrering till en annan CSS? Kommer det att f\u00f6rst\u00f6ra eller f\u00f6r\u00e4ndra mina marknadsf\u00f6ringskampanjer?<\/h2>\n\n<p>Nej. Migrering fr\u00e5n en CSS till en annan sker internt mellan CSS-leverant\u00f6ren och Google. Google &#8221;ansluter&#8221; ditt Merchant Center-konto till ett CSS-konto, och Googles marginal dras inte l\u00e4ngre fr\u00e5n CPC n\u00e4r annonser g\u00e5r in i auktionen. Om n\u00e5got h\u00e4nder med datan (\u00e4ven om det inte borde) \u00e4r det Googles fel, inte CSS:s.<\/p>\n\n<h2 class=\"wp-block-heading\">Trycker Google ned kampanjer som skapas med en annan CSS?<\/h2>\n\n<p>Nej, Google vill inte hamna i domstol igen och bli straffad \ud83d\ude0a<\/p>\n\n<p>S\u00e5 det beror helt p\u00e5 hur v\u00e4l du hanterar dina marknadsf\u00f6ringskampanjer. Med d\u00e5ligt riktade kampanjer kan inte ens Google Shopping som CSS hj\u00e4lpa.<\/p>\n\n<h2 class=\"wp-block-heading\">Googles marginal kommer inte l\u00e4ngre att debiteras. Vad h\u00e4nder med min budget?<\/h2>\n\n<p>Du betalar inte l\u00e4ngre Googles marginal, men Google skickar naturligtvis inte tillbaka pengarna till din annonsbudget. I verkligheten \u00e4r ditt bud automatiskt 20 % h\u00f6gre och du kan anv\u00e4nda din budget f\u00f6r Google-annonser mycket mer effektivt. Det \u00e4r upp till dig hur du hanterar dina kampanjer s\u00e5 att din strategi l\u00f6nar sig. Du kan antingen beh\u00e5lla samma budget och f\u00e5 fler klick p\u00e5 annonsen eller minska kostnaden per klick och beh\u00e5lla samma resultat samtidigt som du spenderar mindre.<\/p>\n\n<h2 class=\"wp-block-heading\">I vilka l\u00e4nder \u00e4r Google CSS-programmet tillg\u00e4ngligt?<\/h2>\n\n<p>Programmet \u00e4r tillg\u00e4ngligt i 21 l\u00e4nder inom och utanf\u00f6r EU: Tyskland, \u00d6sterrike, Schweiz, Grekland, Ungern, Irland, Italien, Nederl\u00e4nderna, Norge, Belgien, Tjeckien, Danmark, Finland, Frankrike, Polen, Portugal, Rum\u00e4nien, Slovakien, Spanien, Sverige och Storbritannien. S\u00e5 i huvudsak EU-l\u00e4nder, Storbritannien och Schweiz.<\/p>\n\n<h2 class=\"wp-block-heading\">Hur kan du anv\u00e4nda b\u00e5de en extern CSS och Google CSS samtidigt?<\/h2>\n\n<p>Du kan anv\u00e4nda tv\u00e5 Merchant Center-konton. Det f\u00f6rsta kontot \u00e4r kopplat till Google Shopping. Den andra \u2013 till en extern CSS.<\/p>\n\n<h2 class=\"wp-block-heading\">Hur m\u00e5nga CSS kan du anv\u00e4nda samtidigt?<\/h2>\n\n<p>S\u00e5 m\u00e5nga du vill.<\/p>\n\n<h2 class=\"wp-block-heading\">Vad h\u00e4nder?<\/h2>\n\n<p>Inget bra. Om du anv\u00e4nder flera CSS samtidigt f\u00e5r du inte st\u00f6rre t\u00e4ckning eftersom Google f\u00f6rhindrar flera listor av en leverant\u00f6rs annonser.<\/p>\n\n<p>Ur ett prestationsperspektiv rekommenderas inte detta. Det finns inga f\u00f6rdelar; i sj\u00e4lva verket finns det till och med vissa nackdelar som att kannibalisera dina egna annonser och att f\u00e5 ett svagare totalresultat.<\/p>\n\n<h2 class=\"wp-block-heading\">Hur skiljer sig CSS-leverant\u00f6rer fr\u00e5n varandra?<\/h2>\n\n<p>Det finns tre kategorier av CSS:<\/p>\n\n<ul class=\"wp-block-list\">\n<li>Deltagare<\/li>\n\n\n\n<li>CSS-partner<\/li>\n\n\n\n<li>Premium CSS-partner<\/li>\n<\/ul>\n\n<p>En Premium CSS-partner har fler handlare registrerade som kunder (endast antalsm\u00e4ssigt). Men det \u00e4r inte alltid en f\u00f6rdel. En CSS-leverant\u00f6r med hundratals kunder utanf\u00f6r dig kommer inte att kunna hantera dig effektivt och kommer inte att ge adekvat support, s\u00e4rskilt p\u00e5 ditt modersm\u00e5l. Verteco erbjuder personlig support till alla l\u00e4nder som deltar i Verteco Shop-programmet, med s\u00e4rskilt tilldelade chefer, inf\u00f6dda talare, som erbjuder support och assistans effektivt.<\/p>\n\n<p>Tekniskt sett \u00e4r det ingen skillnad mellan deltagare, CSS-partner och premium-CSS-partner. Googles marginal debiteras inte f\u00f6r n\u00e5gon av dem. Men en CSS kan erbjuda ytterligare tj\u00e4nster eller hantera dina reklamkampanjer.<\/p>\n\n<p>Det \u00e4r bra att fundera p\u00e5 vad just du beh\u00f6ver och hur mycket det kostar. Det \u00e4r ingen id\u00e9 att betala f\u00f6r tj\u00e4nster bara f\u00f6r att de erbjuds av en stor och v\u00e4lk\u00e4nd leverant\u00f6r men ocks\u00e5 v\u00e4ldigt dyra p\u00e5 marknaden. Praktiskt taget alla externa CSS:er erbjuder exakt samma sak. F\u00f6retagets storlek och \u00e5lder garanterar tj\u00e4nster av h\u00f6gsta kvalitet. Tekniskt sett \u00e4r alla CSS:er desamma; skillnaderna \u00e4r bara estetiska, i design, inte funktionalitet.<\/p>\n\n<h2 class=\"wp-block-heading\">Slutsats<\/h2>\n\n<p>Googles CSS-leverant\u00f6rer ger handlarna en budgivningsf\u00f6rdel j\u00e4mf\u00f6rt med konkurrenter som \u00e4nnu inte anv\u00e4nder extern CSS (f\u00f6rutom sj\u00e4lva Google Shopping CSS). Det \u00e4r klokt att v\u00e4lja en CSS f\u00f6r vilken du har all n\u00f6dv\u00e4ndig information och kan testa den eftersom Verteco till exempel erbjuder m\u00f6jligheten att anv\u00e4nda den gratis i en m\u00e5nad.<\/p>\n","protected":false},"excerpt":{"rendered":"<p>Om du har en webbutik eller jobbar f\u00f6r en marknadsf\u00f6ringsbyr\u00e5 har du f\u00f6rmodligen redan h\u00f6rt talas om CSS \u2013 Googles Comparison Shopping Service. Om du redan hanterar Google Ads-kampanjer \u00e4r du f\u00f6rmodligen bekant med \u00e4mnet. Och om du aldrig har h\u00f6rt talas om CSS \u00e4r det nu dags att l\u00e4ra dig hur det kan hj\u00e4lpa [&hellip;]<\/p>\n","protected":false},"author":1,"featured_media":0,"parent":0,"menu_order":0,"comment_status":"closed","ping_status":"closed","template":"","meta":{"footnotes":""},"class_list":["post-23735","page","type-page","status-publish","hentry"],"_links":{"self":[{"href":"https:\/\/verteco.shop\/sv\/wp-json\/wp\/v2\/pages\/23735","targetHints":{"allow":["GET"]}}],"collection":[{"href":"https:\/\/verteco.shop\/sv\/wp-json\/wp\/v2\/pages"}],"about":[{"href":"https:\/\/verteco.shop\/sv\/wp-json\/wp\/v2\/types\/page"}],"author":[{"embeddable":true,"href":"https:\/\/verteco.shop\/sv\/wp-json\/wp\/v2\/users\/1"}],"replies":[{"embeddable":true,"href":"https:\/\/verteco.shop\/sv\/wp-json\/wp\/v2\/comments?post=23735"}],"version-history":[{"count":0,"href":"https:\/\/verteco.shop\/sv\/wp-json\/wp\/v2\/pages\/23735\/revisions"}],"wp:attachment":[{"href":"https:\/\/verteco.shop\/sv\/wp-json\/wp\/v2\/media?parent=23735"}],"curies":[{"name":"wp","href":"https:\/\/api.w.org\/{rel}","templated":true}]}}