{"id":10001,"date":"2023-05-18T23:08:13","date_gmt":"2023-05-18T21:08:13","guid":{"rendered":"https:\/\/verteco.shop\/anvandarvillkor\/"},"modified":"2024-08-20T18:33:17","modified_gmt":"2024-08-20T16:33:17","slug":"anvandarvillkor","status":"publish","type":"page","link":"https:\/\/verteco.shop\/sv\/anvandarvillkor\/","title":{"rendered":"Anv\u00e4ndarvillkor"},"content":{"rendered":"\t\t<div data-elementor-type=\"wp-page\" data-elementor-id=\"10001\" class=\"elementor elementor-10001 elementor-7045\" data-elementor-post-type=\"page\">\n\t\t\t\t\t\t<section class=\"elementor-section elementor-top-section elementor-element elementor-element-2140112 elementor-section-boxed elementor-section-height-default elementor-section-height-default\" data-id=\"2140112\" data-element_type=\"section\" data-e-type=\"section\">\n\t\t\t\t\t\t<div class=\"elementor-container elementor-column-gap-default\">\n\t\t\t\t\t<div class=\"elementor-column elementor-col-100 elementor-top-column elementor-element elementor-element-c52fb5b\" data-id=\"c52fb5b\" data-element_type=\"column\" data-e-type=\"column\">\n\t\t\t<div class=\"elementor-widget-wrap elementor-element-populated\">\n\t\t\t\t\t\t<div class=\"elementor-element elementor-element-e3899a0 elementor-widget elementor-widget-heading\" data-id=\"e3899a0\" data-element_type=\"widget\" data-e-type=\"widget\" data-widget_type=\"heading.default\">\n\t\t\t\t<div class=\"elementor-widget-container\">\n\t\t\t\t\t<h2 class=\"elementor-heading-title elementor-size-default\">Anv\u00e4ndarvillkor<\/h2>\t\t\t\t<\/div>\n\t\t\t\t<\/div>\n\t\t\t\t\t<\/div>\n\t\t<\/div>\n\t\t\t\t\t<\/div>\n\t\t<\/section>\n\t\t\t\t<section class=\"elementor-section elementor-top-section elementor-element elementor-element-2f6b0dc3 elementor-section-boxed elementor-section-height-default elementor-section-height-default\" data-id=\"2f6b0dc3\" data-element_type=\"section\" data-e-type=\"section\">\n\t\t\t\t\t\t<div class=\"elementor-container elementor-column-gap-default\">\n\t\t\t\t\t<div class=\"elementor-column elementor-col-100 elementor-top-column elementor-element elementor-element-6f586bdd\" data-id=\"6f586bdd\" data-element_type=\"column\" data-e-type=\"column\">\n\t\t\t<div class=\"elementor-widget-wrap elementor-element-populated\">\n\t\t\t\t\t\t<div class=\"elementor-element elementor-element-73b178c0 elementor-widget elementor-widget-text-editor\" data-id=\"73b178c0\" data-element_type=\"widget\" data-e-type=\"widget\" data-widget_type=\"text-editor.default\">\n\t\t\t\t<div class=\"elementor-widget-container\">\n\t\t\t\t\t\t\t\t\t<p style=\"text-align: start;\">Dessa anv\u00e4ndarvillkor (\u201cVillkor\u201d) utf\u00e4rdas av Elite Digital Services, LLC, ett Delaware Limited Liability Company, med sitt registrerade kontor p\u00e5 1111B S Governors Ave, STE 21653, Dover, DE 19904, USA (nedan kallat &#8221;Verteco&#8221; ,&#8221; &#8221;vi&#8221;, &#8221;oss&#8221; eller &#8221;v\u00e5r&#8221;). Dessa villkor reglerar din \u00e5tkomst till och anv\u00e4ndning av v\u00e5ra tj\u00e4nster, inklusive, men inte begr\u00e4nsat till, programmet Verteco.shop Comparison Shopping Service (CSS), v\u00e5r webbplats, verktyg och alla andra funktioner som tillhandah\u00e5lls av oss (kollektivt kallade &#8221; tj\u00e4nster\u201d). <\/p>\n<p style=\"text-align: start;\">Genom att komma \u00e5t eller anv\u00e4nda v\u00e5ra tj\u00e4nster bekr\u00e4ftar du (&#8221;du&#8221;, &#8221;din&#8221; eller &#8221;Kund&#8221;) att du har l\u00e4st, f\u00f6rst\u00e5tt och samtycker till att vara juridiskt bunden av dessa Villkor. Om du inte godk\u00e4nner dessa villkor f\u00e5r du inte anv\u00e4nda v\u00e5ra tj\u00e4nster. <\/p>\n<p style=\"text-align: start;\">Verteco.shop tillhandah\u00e5ller en specialiserad prisj\u00e4mf\u00f6relsetj\u00e4nst (CSS) utformad f\u00f6r att optimera effektiviteten hos Google Shopping-annonser. Med hj\u00e4lp av en r\u00e4ttslig ram g\u00f6r v\u00e5r CSS det m\u00f6jligt f\u00f6r annons\u00f6rer att potentiellt uppn\u00e5 upp till 20 % minskning av annonseringskostnaderna genom att g\u00e5 \u00f6ver fr\u00e5n Googles standard-CSS till v\u00e5r plattform. Denna \u00f6verg\u00e5ng underl\u00e4ttar mer kostnadseffektiv annonsering genom \u00f6kad kostnad per klick (CPC). Vi erbjuder en enkel, riskfri provperiod som bibeh\u00e5ller dina befintliga kampanjinst\u00e4llningar, vilket s\u00e4kerst\u00e4ller b\u00e5de datas\u00e4kerhet och enkel fortsatt reklamframg\u00e5ng.   <\/p>\n<p style=\"text-align: start;\">\n<ol style=\"text-align: left;\">\n<li><strong>Godk\u00e4nnande av villkor<\/strong><\/li>\n<\/ol>\n<p style=\"text-align: left;\">Genom att komma \u00e5t eller anv\u00e4nda v\u00e5ra tj\u00e4nster bekr\u00e4ftar du att du har l\u00e4st, f\u00f6rst\u00e5tt och samtycker till att vara juridiskt bunden av dessa villkor och v\u00e5r integritetspolicy. Om du inte godk\u00e4nner n\u00e5gon del av dessa villkor m\u00e5ste du avst\u00e5 fr\u00e5n att komma \u00e5t eller anv\u00e4nda v\u00e5ra tj\u00e4nster. <\/p>\n<ol style=\"text-align: left;\" start=\"2\">\n<li><strong>Beh\u00f6righet<\/strong><\/li>\n<\/ol>\n<p style=\"text-align: left;\">Du m\u00e5ste vara minst 18 \u00e5r f\u00f6r att f\u00e5 tillg\u00e5ng till eller anv\u00e4nda v\u00e5ra tj\u00e4nster. Genom att komma \u00e5t eller anv\u00e4nda v\u00e5ra tj\u00e4nster intygar och garanterar du att du \u00e4r minst 18 \u00e5r gammal och att du anv\u00e4nder v\u00e5ra tj\u00e4nster enbart f\u00f6r entrepren\u00f6rs-, aff\u00e4rs- eller professionella syften. V\u00e5ra tj\u00e4nster \u00e4r uteslutande avsedda f\u00f6r individer eller enheter som deltar i aff\u00e4rsverksamhet. Om du inte uppfyller dessa krav \u00e4r du f\u00f6rbjuden att anv\u00e4nda v\u00e5ra tj\u00e4nster.   <\/p>\n<ol style=\"text-align: left;\" start=\"3\">\n<li><strong>Registrering av konto<\/strong><\/li>\n<\/ol>\n<p>F\u00f6r att f\u00e5 tillg\u00e5ng till vissa funktioner i v\u00e5ra tj\u00e4nster kan det kr\u00e4vas att du skapar ett konto. Du \u00e4r ensam ansvarig f\u00f6r att uppr\u00e4tth\u00e5lla konfidentialiteten f\u00f6r dina kontouppgifter, inklusive ditt anv\u00e4ndarnamn och l\u00f6senord, och f\u00f6r alla aktiviteter som sker under ditt konto. Du samtycker till att omedelbart meddela oss om obeh\u00f6rig \u00e5tkomst eller anv\u00e4ndning av ditt konto, eller andra s\u00e4kerhetsbrott. Vi \u00e4r inte ansvariga f\u00f6r n\u00e5gon f\u00f6rlust eller skada som uppst\u00e5r till f\u00f6ljd av att du inte uppfyller denna s\u00e4kerhetsf\u00f6rpliktelse.  <\/p>\n<ol style=\"text-align: left;\" start=\"4\">\n<li><strong>Kostnadsfri provperiod<\/strong><\/li>\n<\/ol>\n<p>Vi erbjuder en 30-dagars gratis provperiod f\u00f6r v\u00e5rt CSS-program, under vilken ingen kreditkorts- eller betalningsinformation kr\u00e4vs. Vid utg\u00e5ngen av provperioden kommer fortsatt \u00e5tkomst till v\u00e5ra tj\u00e4nster att kr\u00e4va att du v\u00e4ljer en prisplan och tillhandah\u00e5ller giltig betalningsinformation. Om du inte g\u00f6r det kommer du att st\u00e4nga av din \u00e5tkomst till tj\u00e4nsterna. Genom att forts\u00e4tta anv\u00e4nda v\u00e5ra tj\u00e4nster efter utg\u00e5ngen av den kostnadsfria provperioden samtycker du till att v\u00e4lja och prenumerera p\u00e5 en betaltj\u00e4nstplan, och du bekr\u00e4ftar att du \u00e4r skyldig att uppfylla betalningsvillkoren som \u00e4r kopplade till den valda planen.   <\/p>\n<ol style=\"text-align: left;\" start=\"5\">\n<li><strong>Priss\u00e4ttning och betalning<\/strong><\/li>\n<\/ol>\n<p>V\u00e5ra prisplaner finns tillg\u00e4ngliga p\u00e5 v\u00e5r hemsida och erbjuder olika alternativ som \u00e4r skr\u00e4ddarsydda f\u00f6r att m\u00f6ta olika behov. Betalningar sker antingen p\u00e5 m\u00e5nads- eller \u00e5rsbasis, beroende p\u00e5 vilken plan du v\u00e4ljer. I enlighet med individuell kommunikation och efter eget gottfinnande f\u00f6rbeh\u00e5ller vi oss r\u00e4tten att ut\u00f6ka erbjudanden om rabatter, bonusar eller andra kampanjincitament. S\u00e5dana erbjudanden kan tillhandah\u00e5llas fr\u00e5n fall till fall och utg\u00f6r inte en skyldighet fr\u00e5n v\u00e5r sida att f\u00f6rl\u00e4nga liknande villkor till n\u00e5gon annan kund eller vid n\u00e5gon annan tidpunkt. Dessa rabatter och bonusar tillhandah\u00e5lls enbart efter v\u00e5rt gottfinnande och kan vara f\u00f6rem\u00e5l f\u00f6r ytterligare villkor som specificeras vid tidpunkten f\u00f6r erbjudandet. Alla avgifter \u00e4r ej \u00e5terbetalningsbara, f\u00f6rutom d\u00e4r s\u00e5 kr\u00e4vs enligt till\u00e4mplig lag.     <\/p>\n<p>F\u00f6r att undvika tvivel, medan Elite Digital Services, LLC \u00e4r den prim\u00e4ra enheten som \u00e4r ansvarig f\u00f6r tillhandah\u00e5llandet av tj\u00e4nsterna enligt dessa villkor, kan vissa tj\u00e4nster faktureras av v\u00e5ra dotterbolag eller dotterbolag, b\u00e5de inom och utanf\u00f6r USA, allt efter vad som anses n\u00f6dv\u00e4ndigt f\u00f6r driften effektivitet. Oavsett s\u00e5dana faktureringsarrangemang f\u00f6rblir Elite Digital Services, LLC den huvudsakliga enheten med avseende p\u00e5 det \u00f6vergripande utf\u00f6randet av tj\u00e4nsterna och efterlevnaden av dessa villkor. <\/p>\n<p>Genom att acceptera dessa villkor samtycker du till m\u00f6jligheten att fakturor kan utf\u00e4rdas av andra enheter \u00e4n Elite Digital Services, LLC, utan att det p\u00e5verkar dina skyldigheter enligt dessa villkor. Alla faktureringsenheter kommer att auktoriseras av Elite Digital Services, LLC och kommer att agera p\u00e5 dess v\u00e4gnar i samband med de tillhandah\u00e5llna tj\u00e4nsterna. <\/p>\n<ol style=\"text-align: left;\" start=\"6\">\n<li><strong>\u00c4ndringar av tj\u00e4nster och villkor<\/strong><\/li>\n<\/ol>\n<p>Vi f\u00f6rbeh\u00e5ller oss r\u00e4tten att \u00e4ndra v\u00e5ra tj\u00e4nster eller dessa villkor n\u00e4r som helst, efter eget gottfinnande. I h\u00e4ndelse av n\u00e5gra v\u00e4sentliga \u00e4ndringar av dessa villkor kommer vi att meddela dig genom att publicera de uppdaterade villkoren p\u00e5 v\u00e5r webbplats eller genom andra l\u00e4mpliga kommunikationsmedel. Din fortsatta anv\u00e4ndning av v\u00e5ra tj\u00e4nster efter meddelandet om s\u00e5dana \u00e4ndringar inneb\u00e4r att du accepterar de reviderade villkoren. Om du inte godk\u00e4nner de \u00e4ndrade villkoren m\u00e5ste du omedelbart avbryta din anv\u00e4ndning av tj\u00e4nsterna.   <\/p>\n<ol style=\"text-align: left;\" start=\"7\">\n<li><strong>Upps\u00e4gning<\/strong><\/li>\n<\/ol>\n<p>B\u00e5da parterna kan s\u00e4ga upp detta avtal n\u00e4r som helst, av vilken anledning som helst, genom att l\u00e4mna skriftligt meddelande till den andra parten. Vid upps\u00e4gning m\u00e5ste du omedelbart avbryta all anv\u00e4ndning av v\u00e5ra tj\u00e4nster och vi kommer omedelbart att inaktivera din \u00e5tkomst till v\u00e5r plattform. Upps\u00e4gning av detta avtal befriar inte n\u00e5gon av parterna fr\u00e5n n\u00e5gra skyldigheter eller skulder som har uppst\u00e5tt f\u00f6re upps\u00e4gningsdatumet.  <\/p>\n<ol style=\"text-align: left;\" start=\"8\">\n<li><strong>Immateriella r\u00e4ttigheter<\/strong><\/li>\n<\/ol>\n<p>Allt inneh\u00e5ll, varum\u00e4rken och annan immateriell egendom som \u00e4r associerad med v\u00e5ra tj\u00e4nster \u00e4r exklusiv egendom som tillh\u00f6r Vertecos digitala tj\u00e4nster eller dess licensgivare. Du \u00e4r f\u00f6rbjuden att anv\u00e4nda, modifiera, reproducera, distribuera eller p\u00e5 annat s\u00e4tt utnyttja n\u00e5gon av v\u00e5ra immateriella r\u00e4ttigheter utan att erh\u00e5lla v\u00e5rt skriftliga medgivande i f\u00f6rv\u00e4g. Otill\u00e5ten anv\u00e4ndning av v\u00e5r immateriella egendom kan leda till r\u00e4ttsliga \u00e5tg\u00e4rder.  <\/p>\n<ol style=\"text-align: left;\" start=\"9\">\n<li><strong>Friskrivningsklausuler och begr\u00e4nsning av ansvar<\/strong><\/li>\n<\/ol>\n<p>Genom att anv\u00e4nda v\u00e5ra tj\u00e4nster bekr\u00e4ftar och godk\u00e4nner du att vi inte har \u00e5tkomst till dina Google Ads- eller Google Merchant Center-konton. Som s\u00e5dan \u00e4r du ensam ansvarig f\u00f6r dina handlingar, beslut och eventuella fel eller utel\u00e4mnanden inom dessa konton. Detta inkluderar eventuella skador, s\u00e5som f\u00f6rlust av vinst, data eller goodwill. \u00c4ven om vi \u00e4r angel\u00e4gna om att tillhandah\u00e5lla tj\u00e4nster av h\u00f6g kvalitet, f\u00f6rst\u00e5r du att vi inte kan h\u00e5llas ansvariga f\u00f6r problem som uppst\u00e5r fr\u00e5n dina handlingar eller n\u00e5gra omst\u00e4ndigheter utanf\u00f6r v\u00e5r kontroll. Du f\u00f6rv\u00e4ntas hantera dina konton p\u00e5 ett kompetent s\u00e4tt, med vetskap om att vi inte kommer att ingripa eller komma \u00e5t dem f\u00f6r din r\u00e4kning.    <\/p>\n<ol style=\"text-align: left;\" start=\"10\">\n<li><strong>Till\u00e4mplig lag och jurisdiktion<\/strong><\/li>\n<\/ol>\n<p>Dessa villkor styrs av till\u00e4mpliga lagar, och vi har \u00e5tagit oss att f\u00f6lja dem. Eventuella tvister som uppst\u00e5r till f\u00f6ljd av eller relaterade till dessa villkor eller din anv\u00e4ndning av v\u00e5ra tj\u00e4nster ska uteslutande l\u00f6sas i domstolar inom jurisdiktionen f\u00f6r tj\u00e4nsteleverant\u00f6rens huvudsakliga verksamhetsst\u00e4lle. Genom att anv\u00e4nda v\u00e5ra tj\u00e4nster samtycker du till att underkasta dig dessa domstolars jurisdiktion f\u00f6r att l\u00f6sa s\u00e5dana tvister.  <\/p>\n<ol style=\"text-align: left;\" start=\"11\">\n<li><strong>Severabilitet<\/strong><\/li>\n<\/ol>\n<p>Om n\u00e5gon del av dessa villkor visar sig vara ogiltigt eller ogiltig, kommer den specifika delen att justeras eller tas bort s\u00e5 lite som m\u00f6jligt, s\u00e5 resten av villkoren kommer att forts\u00e4tta att vara fullt effektiva och verkst\u00e4llbara.<\/p>\n<ol style=\"text-align: left;\" start=\"12\">\n<li><strong>Hela avtalet<\/strong><\/li>\n<\/ol>\n<p style=\"text-align: left;\">Dessa villkor, tillsammans med v\u00e5r sekretesspolicy, utg\u00f6r hela avtalet mellan dig och Verteco ang\u00e5ende din anv\u00e4ndning av v\u00e5ra tj\u00e4nster och ers\u00e4tter alla tidigare eller samtidiga avtal, kommunikationer och f\u00f6rslag, oavsett om de \u00e4r muntliga eller skriftliga, mellan dig och Verteco.<\/p>\n<p style=\"text-align: left;\">Om du har n\u00e5gra fr\u00e5gor eller funderingar om dessa villkor eller v\u00e5ra tj\u00e4nster, v\u00e4nligen kontakta oss p\u00e5 e-post: <a href=\"mailto:info@verteco.shop\">info@verteco.shop<\/a><\/p>\n<p style=\"text-align: left;\">\u00a9 Elite Digital Services, LLC<\/p>\n<p style=\"text-align: left;\">  Alla r\u00e4ttigheter f\u00f6rbeh\u00e5llna.<\/p>\n<p>Version: 20. 08. 2024  <\/p>\n\t\t\t\t\t\t\t\t<\/div>\n\t\t\t\t<\/div>\n\t\t\t\t\t<\/div>\n\t\t<\/div>\n\t\t\t\t\t<\/div>\n\t\t<\/section>\n\t\t\t\t<\/div>\n\t\t","protected":false},"excerpt":{"rendered":"<p>Anv\u00e4ndarvillkor Dessa anv\u00e4ndarvillkor (\u201cVillkor\u201d) utf\u00e4rdas av Elite Digital Services, LLC, ett Delaware Limited Liability Company, med sitt registrerade kontor p\u00e5 1111B S Governors Ave, STE 21653, Dover, DE 19904, USA (nedan kallat &#8221;Verteco&#8221; ,&#8221; &#8221;vi&#8221;, &#8221;oss&#8221; eller &#8221;v\u00e5r&#8221;). Dessa villkor reglerar din \u00e5tkomst till och anv\u00e4ndning av v\u00e5ra tj\u00e4nster, inklusive, men inte begr\u00e4nsat till, programmet [&hellip;]<\/p>\n","protected":false},"author":1,"featured_media":0,"parent":0,"menu_order":0,"comment_status":"closed","ping_status":"closed","template":"","meta":{"footnotes":""},"class_list":["post-10001","page","type-page","status-publish","hentry"],"_links":{"self":[{"href":"https:\/\/verteco.shop\/sv\/wp-json\/wp\/v2\/pages\/10001","targetHints":{"allow":["GET"]}}],"collection":[{"href":"https:\/\/verteco.shop\/sv\/wp-json\/wp\/v2\/pages"}],"about":[{"href":"https:\/\/verteco.shop\/sv\/wp-json\/wp\/v2\/types\/page"}],"author":[{"embeddable":true,"href":"https:\/\/verteco.shop\/sv\/wp-json\/wp\/v2\/users\/1"}],"replies":[{"embeddable":true,"href":"https:\/\/verteco.shop\/sv\/wp-json\/wp\/v2\/comments?post=10001"}],"version-history":[{"count":0,"href":"https:\/\/verteco.shop\/sv\/wp-json\/wp\/v2\/pages\/10001\/revisions"}],"wp:attachment":[{"href":"https:\/\/verteco.shop\/sv\/wp-json\/wp\/v2\/media?parent=10001"}],"curies":[{"name":"wp","href":"https:\/\/api.w.org\/{rel}","templated":true}]}}