{"id":9997,"date":"2023-05-18T23:08:13","date_gmt":"2023-05-18T21:08:13","guid":{"rendered":"https:\/\/verteco.shop\/podmienky-poskytovania-sluzieb\/"},"modified":"2024-08-20T18:34:52","modified_gmt":"2024-08-20T16:34:52","slug":"podmienky-poskytovania-sluzieb","status":"publish","type":"page","link":"https:\/\/verteco.shop\/sk\/podmienky-poskytovania-sluzieb\/","title":{"rendered":"Podmienky slu\u017eby"},"content":{"rendered":"\t\t<div data-elementor-type=\"wp-page\" data-elementor-id=\"9997\" class=\"elementor elementor-9997 elementor-7045\" data-elementor-post-type=\"page\">\n\t\t\t\t\t\t<section class=\"elementor-section elementor-top-section elementor-element elementor-element-2140112 elementor-section-boxed elementor-section-height-default elementor-section-height-default\" data-id=\"2140112\" data-element_type=\"section\" data-e-type=\"section\">\n\t\t\t\t\t\t<div class=\"elementor-container elementor-column-gap-default\">\n\t\t\t\t\t<div class=\"elementor-column elementor-col-100 elementor-top-column elementor-element elementor-element-c52fb5b\" data-id=\"c52fb5b\" data-element_type=\"column\" data-e-type=\"column\">\n\t\t\t<div class=\"elementor-widget-wrap elementor-element-populated\">\n\t\t\t\t\t\t<div class=\"elementor-element elementor-element-e3899a0 elementor-widget elementor-widget-heading\" data-id=\"e3899a0\" data-element_type=\"widget\" data-e-type=\"widget\" data-widget_type=\"heading.default\">\n\t\t\t\t<div class=\"elementor-widget-container\">\n\t\t\t\t\t<h2 class=\"elementor-heading-title elementor-size-default\">Podmienky slu\u017eby<\/h2>\t\t\t\t<\/div>\n\t\t\t\t<\/div>\n\t\t\t\t\t<\/div>\n\t\t<\/div>\n\t\t\t\t\t<\/div>\n\t\t<\/section>\n\t\t\t\t<section class=\"elementor-section elementor-top-section elementor-element elementor-element-2f6b0dc3 elementor-section-boxed elementor-section-height-default elementor-section-height-default\" data-id=\"2f6b0dc3\" data-element_type=\"section\" data-e-type=\"section\">\n\t\t\t\t\t\t<div class=\"elementor-container elementor-column-gap-default\">\n\t\t\t\t\t<div class=\"elementor-column elementor-col-100 elementor-top-column elementor-element elementor-element-6f586bdd\" data-id=\"6f586bdd\" data-element_type=\"column\" data-e-type=\"column\">\n\t\t\t<div class=\"elementor-widget-wrap elementor-element-populated\">\n\t\t\t\t\t\t<div class=\"elementor-element elementor-element-73b178c0 elementor-widget elementor-widget-text-editor\" data-id=\"73b178c0\" data-element_type=\"widget\" data-e-type=\"widget\" data-widget_type=\"text-editor.default\">\n\t\t\t\t<div class=\"elementor-widget-container\">\n\t\t\t\t\t\t\t\t\t<p style=\"text-align: start;\">Tieto zmluvn\u00e9 podmienky (\u010falej len \u201epodmienky\u201c) vyd\u00e1va spolo\u010dnos\u0165 Elite Digital Services, LLC, spolo\u010dnos\u0165 s ru\u010den\u00edm obmedzen\u00fdm v \u0161t\u00e1te Delaware, so s\u00eddlom na adrese 1111B S Governors Ave, STE 21653, Dover, DE 19904, USA (\u010falej len \u201eVerteco &#8222;my&#8220;, &#8222;n\u00e1s&#8220; alebo &#8222;n\u00e1\u0161&#8220;). Tieto Podmienky upravuj\u00fa v\u00e1\u0161 pr\u00edstup k na\u0161im slu\u017eb\u00e1m a ich pou\u017e\u00edvanie, vr\u00e1tane, ale nie v\u00fdlu\u010dne, programu Verteco.shop Comparison Shopping Service (CSS), na\u0161ej webovej str\u00e1nky, n\u00e1strojov a ak\u00fdchko\u013evek in\u00fdch funkci\u00ed, ktor\u00e9 poskytujeme (spolo\u010dne ozna\u010dovan\u00e9 ako \u201e Slu\u017eby\u201d). <\/p>\n<p style=\"text-align: start;\">Pr\u00edstupom k na\u0161im Slu\u017eb\u00e1m alebo ich pou\u017e\u00edvan\u00edm potvrdzujete (\u010falej len \u201evy\u201c, \u201ev\u00e1\u0161\u201c alebo \u201ez\u00e1kazn\u00edk\u201c), \u017ee ste si pre\u010d\u00edtali tieto Podmienky, porozumeli im a s\u00fahlas\u00edte s t\u00fdm, \u017ee ste nimi pr\u00e1vne viazan\u00ed. Ak nes\u00fahlas\u00edte s t\u00fdmito Podmienkami, nesmiete pou\u017e\u00edva\u0165 na\u0161e Slu\u017eby. <\/p>\n<p style=\"text-align: start;\">Verteco.shop poskytuje \u0161pecializovan\u00fa slu\u017ebu porovn\u00e1vania cien (CSS) ur\u010den\u00fa na optimaliz\u00e1ciu \u00fa\u010dinnosti rekl\u00e1m v N\u00e1kupoch Google. Vyu\u017eit\u00edm pr\u00e1vneho r\u00e1mca n\u00e1\u0161 porovn\u00e1va\u010d cien umo\u017e\u0148uje inzerentom potenci\u00e1lne dosiahnu\u0165 a\u017e 20 % zn\u00ed\u017eenie n\u00e1kladov na reklamu prechodom z predvolen\u00e9ho porovn\u00e1va\u010da cien od Googlu na na\u0161u platformu. Tento prechod umo\u017e\u0148uje efekt\u00edvnej\u0161iu inzerciu prostredn\u00edctvom zv\u00fd\u0161enej ceny za kliknutie (CZK). Pon\u00fakame jednoduch\u00fa, bezrizikov\u00fa sk\u00fa\u0161obn\u00fa verziu, ktor\u00e1 zachov\u00e1 va\u0161e existuj\u00face nastavenia kampane, \u010d\u00edm zaist\u00ed bezpe\u010dnos\u0165 \u00fadajov a jednoduchos\u0165 pokra\u010duj\u00faceho \u00faspechu reklamy.   <\/p>\n<p style=\"text-align: start;\">\n<ol style=\"text-align: left;\">\n<li><strong>Prijatie podmienok<\/strong><\/li>\n<\/ol>\n<p style=\"text-align: left;\">Pr\u00edstupom k na\u0161im Slu\u017eb\u00e1m alebo ich pou\u017e\u00edvan\u00edm potvrdzujete, \u017ee ste si pre\u010d\u00edtali, porozumeli a s\u00fahlas\u00edte s t\u00fdm, \u017ee budete pr\u00e1vne viazan\u00ed t\u00fdmito Podmienkami a na\u0161imi Z\u00e1sadami ochrany osobn\u00fdch \u00fadajov. Ak nes\u00fahlas\u00edte s akouko\u013evek \u010das\u0165ou t\u00fdchto Podmienok, mus\u00edte sa zdr\u017ea\u0165 pr\u00edstupu alebo pou\u017e\u00edvania na\u0161ich Slu\u017eieb. <\/p>\n<ol style=\"text-align: left;\" start=\"2\">\n<li><strong>Opr\u00e1vnenos\u0165<\/strong><\/li>\n<\/ol>\n<p style=\"text-align: left;\">Na pr\u00edstup alebo pou\u017e\u00edvanie na\u0161ich Slu\u017eieb mus\u00edte ma\u0165 aspo\u0148 18 rokov. Pr\u00edstupom k na\u0161im Slu\u017eb\u00e1m alebo ich pou\u017e\u00edvan\u00edm vyhlasujete a zaru\u010dujete, \u017ee m\u00e1te aspo\u0148 18 rokov a \u017ee na\u0161e Slu\u017eby pou\u017e\u00edvate v\u00fdhradne na podnikate\u013esk\u00e9, obchodn\u00e9 alebo profesion\u00e1lne \u00fa\u010dely. Na\u0161e slu\u017eby s\u00fa ur\u010den\u00e9 v\u00fdlu\u010dne jednotlivcom alebo subjektom podnikaj\u00facim v podnikan\u00ed. Ak tieto po\u017eiadavky nesp\u013a\u0148ate, m\u00e1te zak\u00e1zan\u00e9 pou\u017e\u00edva\u0165 na\u0161e Slu\u017eby.   <\/p>\n<ol style=\"text-align: left;\" start=\"3\">\n<li><strong>Registr\u00e1cia \u00fa\u010dtu<\/strong><\/li>\n<\/ol>\n<p>Ak chcete z\u00edska\u0165 pr\u00edstup k ur\u010dit\u00fdm funkci\u00e1m na\u0161ich slu\u017eieb, m\u00f4\u017ee sa od v\u00e1s vy\u017eadova\u0165 vytvorenie \u00fa\u010dtu. Ste v\u00fdhradne zodpovedn\u00ed za zachovanie d\u00f4vernosti prihlasovac\u00edch \u00fadajov v\u00e1\u0161ho \u00fa\u010dtu, vr\u00e1tane v\u00e1\u0161ho pou\u017e\u00edvate\u013esk\u00e9ho mena a hesla, a za v\u0161etky aktivity, ku ktor\u00fdm d\u00f4jde pod va\u0161\u00edm \u00fa\u010dtom. S\u00fahlas\u00edte s t\u00fdm, \u017ee n\u00e1s bezodkladne upozorn\u00edte na ak\u00fdko\u013evek neopr\u00e1vnen\u00fd pr\u00edstup alebo pou\u017eitie v\u00e1\u0161ho \u00fa\u010dtu alebo ak\u00e9ko\u013evek in\u00e9 poru\u0161enie bezpe\u010dnosti. Nie sme zodpovedn\u00ed za \u017eiadne straty alebo \u0161kody, ktor\u00e9 vznikn\u00fa v d\u00f4sledku nesplnenia tejto bezpe\u010dnostnej povinnosti.  <\/p>\n<ol style=\"text-align: left;\" start=\"4\">\n<li><strong>Bezplatn\u00e9 sk\u00fa\u0161obn\u00e9 obdobie<\/strong><\/li>\n<\/ol>\n<p>Pon\u00fakame 30-d\u0148ov\u00fa bezplatn\u00fa sk\u00fa\u0161obn\u00fa verziu n\u00e1\u0161ho programu CSS, po\u010das ktorej sa nevy\u017eaduj\u00fa \u017eiadne inform\u00e1cie o kreditnej karte alebo platbe. Po vypr\u0161an\u00ed sk\u00fa\u0161obn\u00e9ho obdobia od v\u00e1s bude pokra\u010duj\u00faci pr\u00edstup k na\u0161im Slu\u017eb\u00e1m vy\u017eadova\u0165, aby ste si vybrali cenov\u00fd pl\u00e1n a poskytli platn\u00e9 platobn\u00e9 inform\u00e1cie. Ak tak neurob\u00edte, bude v\u00e1m pozastaven\u00fd pr\u00edstup k Slu\u017eb\u00e1m. Pokra\u010dovan\u00edm v pou\u017e\u00edvan\u00ed na\u0161ich Slu\u017eieb po uplynut\u00ed bezplatn\u00e9ho sk\u00fa\u0161obn\u00e9ho obdobia s\u00fahlas\u00edte s v\u00fdberom a predplaten\u00edm programu platen\u00fdch slu\u017eieb a beriete na vedomie, \u017ee ste povinn\u00fd splni\u0165 platobn\u00e9 podmienky spojen\u00e9 so zvolen\u00fdm programom.   <\/p>\n<ol style=\"text-align: left;\" start=\"5\">\n<li><strong>Ceny a platby<\/strong><\/li>\n<\/ol>\n<p>Na\u0161e cenov\u00e9 pl\u00e1ny s\u00fa k dispoz\u00edcii na na\u0161ej webovej str\u00e1nke a pon\u00fakaj\u00fa r\u00f4zne mo\u017enosti prisp\u00f4soben\u00e9 r\u00f4znym potreb\u00e1m. Platby s\u00fa splatn\u00e9 bu\u010f mesa\u010dne alebo ro\u010dne, v z\u00e1vislosti od zvolen\u00e9ho pl\u00e1nu. V s\u00falade s individu\u00e1lnou komunik\u00e1ciou a pod\u013ea n\u00e1\u0161ho uv\u00e1\u017eenia si vyhradzujeme pr\u00e1vo roz\u0161\u00edri\u0165 ponuky zliav, bonusov alebo in\u00fdch propaga\u010dn\u00fdch stimulov. Tak\u00e9to ponuky m\u00f4\u017eu by\u0165 poskytnut\u00e9 od pr\u00edpadu k pr\u00edpadu a nepredstavuj\u00fa z na\u0161ej strany povinnos\u0165 roz\u0161\u00edri\u0165 podobn\u00e9 podmienky na ak\u00e9hoko\u013evek in\u00e9ho z\u00e1kazn\u00edka alebo kedyko\u013evek inokedy. Tieto z\u013eavy a bonusy s\u00fa poskytovan\u00e9 v\u00fdlu\u010dne na z\u00e1klade n\u00e1\u0161ho uv\u00e1\u017eenia a m\u00f4\u017eu podlieha\u0165 dodato\u010dn\u00fdm podmienkam \u0161pecifikovan\u00fdm v \u010dase ponuky. V\u0161etky poplatky s\u00fa nevratn\u00e9, okrem pr\u00edpadov, ke\u010f to vy\u017eaduje pr\u00edslu\u0161n\u00fd z\u00e1kon.     <\/p>\n<p>Aby sa predi\u0161lo pochybnostiam, hoci Elite Digital Services, LLC je prim\u00e1rnym subjektom zodpovedn\u00fdm za poskytovanie Slu\u017eieb pod\u013ea t\u00fdchto Podmienok, niektor\u00e9 Slu\u017eby m\u00f4\u017eu by\u0165 fakturovan\u00e9 na\u0161imi pridru\u017een\u00fdmi spolo\u010dnos\u0165ami alebo dc\u00e9rskymi spolo\u010dnos\u0165ami v Spojen\u00fdch \u0161t\u00e1toch aj mimo nich, ak sa to pova\u017euje za potrebn\u00e9 na prev\u00e1dzku. efekt\u00edvnos\u0165. Bez oh\u013eadu na tak\u00e9to faktura\u010dn\u00e9 dojednania zost\u00e1va Elite Digital Services, LLC hlavn\u00fdm subjektom, pokia\u013e ide o celkov\u00e9 vykon\u00e1vanie Slu\u017eieb a dodr\u017eiavanie t\u00fdchto Podmienok. <\/p>\n<p>S\u00fahlasom s t\u00fdmito Podmienkami s\u00fahlas\u00edte s mo\u017enos\u0165ou, \u017ee fakt\u00fary m\u00f4\u017eu vystavova\u0165 in\u00e9 subjekty ako Elite Digital Services, LLC, bez toho, aby to ovplyvnilo va\u0161e povinnosti vypl\u00fdvaj\u00face z t\u00fdchto Podmienok. V\u0161etky faktura\u010dn\u00e9 subjekty bud\u00fa autorizovan\u00e9 spolo\u010dnos\u0165ou Elite Digital Services, LLC a bud\u00fa kona\u0165 v jej mene v s\u00favislosti s poskytovan\u00fdmi slu\u017ebami. <\/p>\n<ol style=\"text-align: left;\" start=\"6\">\n<li><strong>Zmeny slu\u017eieb a podmienok<\/strong><\/li>\n<\/ol>\n<p>Vyhradzujeme si pr\u00e1vo kedyko\u013evek upravi\u0165 na\u0161e Slu\u017eby alebo tieto Podmienky pod\u013ea vlastn\u00e9ho uv\u00e1\u017eenia. V pr\u00edpade ak\u00fdchko\u013evek podstatn\u00fdch zmien t\u00fdchto Podmienok v\u00e1s budeme informova\u0165 zverejnen\u00edm aktualizovan\u00fdch Podmienok na na\u0161ej webovej str\u00e1nke alebo prostredn\u00edctvom in\u00fdch vhodn\u00fdch komunika\u010dn\u00fdch prostriedkov. Va\u0161e \u010fal\u0161ie pou\u017e\u00edvanie na\u0161ich Slu\u017eieb po ozn\u00e1men\u00ed tak\u00fdchto zmien predstavuje v\u00e1\u0161 s\u00fahlas s upraven\u00fdmi podmienkami. Ak nes\u00fahlas\u00edte s upraven\u00fdmi Podmienkami, mus\u00edte okam\u017eite presta\u0165 pou\u017e\u00edva\u0165 Slu\u017eby.   <\/p>\n<ol style=\"text-align: left;\" start=\"7\">\n<li><strong>Ukon\u010denie<\/strong><\/li>\n<\/ol>\n<p>Ka\u017ed\u00e1 zmluvn\u00e1 strana m\u00f4\u017ee t\u00fato zmluvu kedyko\u013evek a z ak\u00e9hoko\u013evek d\u00f4vodu vypoveda\u0165 zaslan\u00edm p\u00edsomn\u00e9ho ozn\u00e1menia druhej zmluvnej strane. Po ukon\u010den\u00ed mus\u00edte okam\u017eite presta\u0165 pou\u017e\u00edva\u0165 na\u0161e slu\u017eby a my v\u00e1m okam\u017eite zak\u00e1\u017eeme pr\u00edstup k na\u0161ej platforme. Ukon\u010denie tejto zmluvy nezbavuje \u017eiadnu zo str\u00e1n \u017eiadnych z\u00e1v\u00e4zkov alebo z\u00e1v\u00e4zkov, ktor\u00e9 vznikli pred d\u00e1tumom ukon\u010denia.  <\/p>\n<ol style=\"text-align: left;\" start=\"8\">\n<li><strong>Du\u0161evn\u00e9 vlastn\u00edctvo<\/strong><\/li>\n<\/ol>\n<p>V\u0161etok obsah, ochrann\u00e9 zn\u00e1mky a in\u00e9 du\u0161evn\u00e9 vlastn\u00edctvo spojen\u00e9 s na\u0161imi Slu\u017ebami s\u00fa v\u00fdhradn\u00fdm vlastn\u00edctvom digit\u00e1lnych slu\u017eieb Verteco alebo jej poskytovate\u013eov licenci\u00ed. Bez predch\u00e1dzaj\u00faceho p\u00edsomn\u00e9ho s\u00fahlasu m\u00e1te zak\u00e1zan\u00e9 pou\u017e\u00edva\u0165, upravova\u0165, reprodukova\u0165, distribuova\u0165 alebo inak vyu\u017e\u00edva\u0165 ak\u00e9ko\u013evek na\u0161e du\u0161evn\u00e9 vlastn\u00edctvo. Neopr\u00e1vnen\u00e9 pou\u017eitie n\u00e1\u0161ho du\u0161evn\u00e9ho vlastn\u00edctva m\u00f4\u017ee ma\u0165 za n\u00e1sledok pr\u00e1vne kroky.  <\/p>\n<ol style=\"text-align: left;\" start=\"9\">\n<li><strong>Odmietnutie zodpovednosti a obmedzenie zodpovednosti<\/strong><\/li>\n<\/ol>\n<p>Pou\u017e\u00edvan\u00edm na\u0161ich slu\u017eieb beriete na vedomie a s\u00fahlas\u00edte s t\u00fdm, \u017ee nem\u00e1me pr\u00edstup k va\u0161im \u00fa\u010dtom Google Ads alebo Google Merchant Center. Ako tak\u00fd nesiete v\u00fdhradn\u00fa zodpovednos\u0165 za svoje \u010diny, rozhodnutia a ak\u00e9ko\u013evek chyby alebo opomenutia v r\u00e1mci t\u00fdchto \u00fa\u010dtov. To zah\u0155\u0148a v\u0161etky potenci\u00e1lne \u0161kody, ako je strata zisku, \u00fadajov alebo dobr\u00e9ho mena. Aj ke\u010f sa zav\u00e4zujeme poskytova\u0165 vysokokvalitn\u00e9 slu\u017eby, ch\u00e1pete, \u017ee nem\u00f4\u017eeme nies\u0165 zodpovednos\u0165 za probl\u00e9my, ktor\u00e9 vznikn\u00fa v d\u00f4sledku v\u00e1\u0161ho konania alebo ak\u00fdchko\u013evek okolnost\u00ed, ktor\u00e9 nem\u00f4\u017eeme ovplyvni\u0165. O\u010dak\u00e1va sa od v\u00e1s, \u017ee budete svoje \u00fa\u010dty spravova\u0165 kompetentne s vedom\u00edm, \u017ee nebudeme zasahova\u0165 ani k nim nebudeme pristupova\u0165 vo va\u0161om mene.    <\/p>\n<ol style=\"text-align: left;\" start=\"10\">\n<li><strong>Rozhodn\u00e9 pr\u00e1vo a s\u00fadna pr\u00e1vomoc<\/strong><\/li>\n<\/ol>\n<p>Tieto Podmienky sa riadia platn\u00fdmi z\u00e1konmi a my sme sa zaviazali ich dodr\u017eiava\u0165. Ak\u00e9ko\u013evek spory vypl\u00fdvaj\u00face alebo s\u00favisiace s t\u00fdmito Podmienkami alebo va\u0161\u00edm pou\u017e\u00edvan\u00edm na\u0161ich Slu\u017eieb sa bud\u00fa rie\u0161i\u0165 v\u00fdlu\u010dne na s\u00fadoch v jurisdikcii hlavn\u00e9ho miesta podnikania poskytovate\u013ea slu\u017eieb. Pou\u017e\u00edvan\u00edm na\u0161ich Slu\u017eieb s\u00fahlas\u00edte s t\u00fdm, \u017ee sa pri rie\u0161en\u00ed ak\u00fdchko\u013evek tak\u00fdchto sporov podriadite jurisdikcii t\u00fdchto s\u00fadov.  <\/p>\n<ol style=\"text-align: left;\" start=\"11\">\n<li><strong>Oddelite\u013enos\u0165<\/strong><\/li>\n<\/ol>\n<p>Ak sa uk\u00e1\u017ee, \u017ee ktor\u00e1ko\u013evek \u010das\u0165 t\u00fdchto Podmienok je nevym\u00e1hate\u013en\u00e1 alebo neplatn\u00e1, t\u00e1to konkr\u00e9tna \u010das\u0165 bude upraven\u00e1 alebo odstr\u00e1nen\u00e1 \u010do najmenej, tak\u017ee zvy\u0161ok Podmienok bude na\u010falej plne \u00fa\u010dinn\u00fd a vym\u00e1hate\u013en\u00fd.<\/p>\n<ol style=\"text-align: left;\" start=\"12\">\n<li><strong>Cel\u00e1 dohoda<\/strong><\/li>\n<\/ol>\n<p style=\"text-align: left;\">Tieto Podmienky spolu s na\u0161imi Z\u00e1sadami ochrany osobn\u00fdch \u00fadajov predstavuj\u00fa \u00fapln\u00fa dohodu medzi vami a spolo\u010dnos\u0165ou Verteco t\u00fdkaj\u00facu sa v\u00e1\u0161ho pou\u017e\u00edvania na\u0161ich Slu\u017eieb a nahr\u00e1dzaj\u00fa v\u0161etky predch\u00e1dzaj\u00face alebo s\u00fa\u010dasn\u00e9 dohody, komunik\u00e1cie a n\u00e1vrhy, \u010di u\u017e \u00fastne alebo p\u00edsomn\u00e9, medzi vami a spolo\u010dnos\u0165ou Verteco.<\/p>\n<p style=\"text-align: left;\">Ak m\u00e1te ak\u00e9ko\u013evek ot\u00e1zky alebo obavy t\u00fdkaj\u00face sa t\u00fdchto podmienok alebo na\u0161ich slu\u017eieb, kontaktujte n\u00e1s na e-mailovej adrese: <a href=\"mailto:info@verteco.shop\">info@verteco.shop<\/a><\/p>\n<p style=\"text-align: left;\">\u00a9 Elite Digital Services, LLC<\/p>\n<p style=\"text-align: left;\">  V\u0161etky pr\u00e1va vyhraden\u00e9.<\/p>\n<p>Verzia: 20. 08. 2024  <\/p>\n\t\t\t\t\t\t\t\t<\/div>\n\t\t\t\t<\/div>\n\t\t\t\t\t<\/div>\n\t\t<\/div>\n\t\t\t\t\t<\/div>\n\t\t<\/section>\n\t\t\t\t<\/div>\n\t\t","protected":false},"excerpt":{"rendered":"<p>Podmienky slu\u017eby Tieto zmluvn\u00e9 podmienky (\u010falej len \u201epodmienky\u201c) vyd\u00e1va spolo\u010dnos\u0165 Elite Digital Services, LLC, spolo\u010dnos\u0165 s ru\u010den\u00edm obmedzen\u00fdm v \u0161t\u00e1te Delaware, so s\u00eddlom na adrese 1111B S Governors Ave, STE 21653, Dover, DE 19904, USA (\u010falej len \u201eVerteco &#8222;my&#8220;, &#8222;n\u00e1s&#8220; alebo &#8222;n\u00e1\u0161&#8220;). Tieto Podmienky upravuj\u00fa v\u00e1\u0161 pr\u00edstup k na\u0161im slu\u017eb\u00e1m a ich pou\u017e\u00edvanie, vr\u00e1tane, ale [&hellip;]<\/p>\n","protected":false},"author":1,"featured_media":0,"parent":0,"menu_order":0,"comment_status":"closed","ping_status":"closed","template":"","meta":{"footnotes":""},"class_list":["post-9997","page","type-page","status-publish","hentry"],"_links":{"self":[{"href":"https:\/\/verteco.shop\/sk\/wp-json\/wp\/v2\/pages\/9997","targetHints":{"allow":["GET"]}}],"collection":[{"href":"https:\/\/verteco.shop\/sk\/wp-json\/wp\/v2\/pages"}],"about":[{"href":"https:\/\/verteco.shop\/sk\/wp-json\/wp\/v2\/types\/page"}],"author":[{"embeddable":true,"href":"https:\/\/verteco.shop\/sk\/wp-json\/wp\/v2\/users\/1"}],"replies":[{"embeddable":true,"href":"https:\/\/verteco.shop\/sk\/wp-json\/wp\/v2\/comments?post=9997"}],"version-history":[{"count":0,"href":"https:\/\/verteco.shop\/sk\/wp-json\/wp\/v2\/pages\/9997\/revisions"}],"wp:attachment":[{"href":"https:\/\/verteco.shop\/sk\/wp-json\/wp\/v2\/media?parent=9997"}],"curies":[{"name":"wp","href":"https:\/\/api.w.org\/{rel}","templated":true}]}}