{"id":8240,"date":"2023-05-18T23:08:19","date_gmt":"2023-05-18T21:08:19","guid":{"rendered":"https:\/\/verteco.shop\/zasady-ochrany-osobnych-udajov\/"},"modified":"2024-08-20T18:55:33","modified_gmt":"2024-08-20T16:55:33","slug":"zasady-ochrany-osobnych-udajov","status":"publish","type":"page","link":"https:\/\/verteco.shop\/sk\/zasady-ochrany-osobnych-udajov\/","title":{"rendered":"Z\u00e1sady ochrany osobn\u00fdch \u00fadajov"},"content":{"rendered":"\t\t<div data-elementor-type=\"wp-page\" data-elementor-id=\"8240\" class=\"elementor elementor-8240 elementor-7044\" data-elementor-post-type=\"page\">\n\t\t\t\t\t\t<section class=\"elementor-section elementor-top-section elementor-element elementor-element-20c115e2 elementor-section-boxed elementor-section-height-default elementor-section-height-default\" data-id=\"20c115e2\" data-element_type=\"section\" data-e-type=\"section\">\n\t\t\t\t\t\t<div class=\"elementor-container elementor-column-gap-default\">\n\t\t\t\t\t<div class=\"elementor-column elementor-col-100 elementor-top-column elementor-element elementor-element-7140ffb9\" data-id=\"7140ffb9\" data-element_type=\"column\" data-e-type=\"column\">\n\t\t\t<div class=\"elementor-widget-wrap elementor-element-populated\">\n\t\t\t\t\t\t<div class=\"elementor-element elementor-element-d8fbd51 elementor-widget elementor-widget-heading\" data-id=\"d8fbd51\" data-element_type=\"widget\" data-e-type=\"widget\" data-widget_type=\"heading.default\">\n\t\t\t\t<div class=\"elementor-widget-container\">\n\t\t\t\t\t<h2 class=\"elementor-heading-title elementor-size-default\">Z\u00e1sady ochrany osobn\u00fdch \u00fadajov<\/h2>\t\t\t\t<\/div>\n\t\t\t\t<\/div>\n\t\t\t\t\t<\/div>\n\t\t<\/div>\n\t\t\t\t\t<\/div>\n\t\t<\/section>\n\t\t\t\t<section class=\"elementor-section elementor-top-section elementor-element elementor-element-47743373 elementor-section-boxed elementor-section-height-default elementor-section-height-default\" data-id=\"47743373\" data-element_type=\"section\" data-e-type=\"section\">\n\t\t\t\t\t\t<div class=\"elementor-container elementor-column-gap-default\">\n\t\t\t\t\t<div class=\"elementor-column elementor-col-100 elementor-top-column elementor-element elementor-element-54aab426\" data-id=\"54aab426\" data-element_type=\"column\" data-e-type=\"column\">\n\t\t\t<div class=\"elementor-widget-wrap elementor-element-populated\">\n\t\t\t\t\t\t<div class=\"elementor-element elementor-element-369420f6 elementor-widget elementor-widget-text-editor\" data-id=\"369420f6\" data-element_type=\"widget\" data-e-type=\"widget\" data-widget_type=\"text-editor.default\">\n\t\t\t\t<div class=\"elementor-widget-container\">\n\t\t\t\t\t\t\t\t\t<p>v zmysle \u010dl\u00e1nku 19 a nasl. z\u00e1kona \u010d.18\/2018 Z.z.  o ochrane osobn\u00fdch \u00fadajov a o zmene a doplnen\u00ed niektor\u00fdch z\u00e1konov v znen\u00ed neskor\u0161\u00edch predpisov v s\u00falade s \u010dl. 13 a 14 nariadenia Eur\u00f3pskeho parlamentu a Rady (E\u00da) 2016\/679 z 27. apr\u00edla 2016 o ochrane fyzick\u00fdm osob\u00e1m v s\u00favislosti so spracovan\u00edm osobn\u00fdch \u00fadajov a vo\u013enom pohybe t\u00fdchto \u00fadajov a o zru\u0161en\u00ed smernice 95\/46\/ES (v\u0161eobecn\u00e9 nariadenie o ochrane \u00fadajov) (\u010falej len \u201eGDPR\u201c).<\/p>\n<p>V zmysle ustanoven\u00ed \u010dl\u00e1nku 19 a nasl. z\u00e1kona \u010d.18\/2018 Z.z. o ochrane osobn\u00fdch \u00fadajov v znen\u00ed neskor\u0161\u00edch predpisov (\u010falej len \u201ez\u00e1kon o ochrane osobn\u00fdch \u00fadajov\u201c) V\u00e1m ako dotknutej osobe poskytujeme nasledovn\u00e9 inform\u00e1cie o sprac\u00favan\u00ed Va\u0161ich osobn\u00fdch \u00fadajov.  <\/p>\n<p><strong>Prev\u00e1dzkovate\u013e \u00fadajov:<\/strong><br \/> Prev\u00e1dzkovate\u013eom je spolo\u010dnos\u0165 <strong>Elite Digital Services<\/strong> , so s\u00eddlom 1111B S Governors Ave, STE 21653, Dover, DE 19904, USA zast\u00fapen\u00e1: Normanom Bytri\u010danom (\u010falej len \u201ekontrol\u00f3r\u201c).<\/p>\n<p>Kontaktn\u00e9 \u00fadaje:<\/p>\n<p><strong>  E-mail: info@verteco.shop<br \/> Telef\u00f3n: +32 480 20 46 99<\/strong><\/p>\n<p><strong>Pr\u00edstup k osobn\u00fdm \u00fadajom:<\/strong><\/p>\n<p>Pri sprac\u00favan\u00ed osobn\u00fdch \u00fadajov m\u00f4\u017eu ma\u0165 k osobn\u00fdm \u00fadajom pr\u00edstup okrem Prev\u00e1dzkovate\u013ea a spolo\u010dnost\u00ed prepojen\u00fdch s Elite Digital Services, sro a ich zamestnancov aj \u010fal\u0161ie osoby sprac\u00favaj\u00face osobn\u00e9 \u00fadaje ako spracovatelia. Konkr\u00e9tny, priebe\u017ene aktualizovan\u00fd zoznam spracovate\u013eov, teda pr\u00edjemcov osobn\u00fdch \u00fadajov sprac\u00favan\u00fdch v mene Prev\u00e1dzkovate\u013ea, v t\u00fdchto kateg\u00f3ri\u00e1ch: <\/p>\n<p>\u2022 Spolo\u010dnosti poskytuj\u00face marketingov\u00e9 slu\u017eby<br \/> \u2022 Spolo\u010dnosti poskytuj\u00face slu\u017eby v oblasti miezd a \u00fa\u010dtovn\u00edctva<br \/> \u2022 Spolo\u010dnosti poskytuj\u00face slu\u017eby intern\u00e9ho a extern\u00e9ho auditu<\/p>\n<p><strong><br \/>Pr\u00e1vny z\u00e1klad:<\/strong><\/p>\n<p>Pr\u00e1vnym z\u00e1kladom sprac\u00favania osobn\u00fdch \u00fadajov je spravidla plnenie z\u00e1konnej povinnosti (najm\u00e4 z\u00e1kon \u010d. 18\/2018 Z. z. o ochrane osobn\u00fdch \u00fadajov), uzatv\u00e1ranie, spr\u00e1va a plnenie zmluvn\u00fdch z\u00e1v\u00e4zkov vypl\u00fdvaj\u00facich z pracovnopr\u00e1vnych a obchodn\u00fdch zml\u00fav, opr\u00e1vnen\u00fd z\u00e1ujem, ktor\u00fdm je ochrana pr\u00e1v a pr\u00e1vom chr\u00e1nen\u00fdch z\u00e1ujmov prev\u00e1dzkovate\u013ea a jeho zamestnancov, ako aj s\u00fahlas dotknutej osoby (najm\u00e4 na \u00fa\u010dely marketingu, s\u00fa\u0165a\u017e\u00ed, spolo\u010densk\u00fdch podujat\u00ed a pod.). S\u00fahlas so spracovan\u00edm osobn\u00fdch \u00fadajov mus\u00ed by\u0165 udelen\u00fd dobrovo\u013ene a dotknut\u00e1 osoba ho m\u00f4\u017ee kedyko\u013evek odvola\u0165. S\u00fahlas je v\u0161ak potrebn\u00fd na to, aby Spr\u00e1vca mohol zabezpe\u010di\u0165 napr\u00edklad firemn\u00e9 podujatia a podobne, a bez tak\u00e9hoto s\u00fahlasu nie je Spr\u00e1vca opr\u00e1vnen\u00fd poskytova\u0165 predmetn\u00e9 slu\u017eby. Ak dotknut\u00e1 osoba odmietne poskytn\u00fa\u0165 Prev\u00e1dzkovate\u013eovi osobn\u00e9 \u00fadaje potrebn\u00e9 na \u00fa\u010dely plnenia zmluvn\u00fdch povinnost\u00ed Prev\u00e1dzkovate\u013ea alebo dodr\u017eiavania z\u00e1kona, Prev\u00e1dzkovate\u013e nie je povinn\u00fd uzavrie\u0165 zmluvu ani poskytn\u00fa\u0165 in\u00e9 slu\u017eby.   <\/p>\n<p><strong><br \/>Sprac\u00favan\u00e9 osobn\u00e9 \u00fadaje:<\/strong><\/p>\n<p>Zhroma\u017e\u010fujeme men\u00e1 z\u00e1kazn\u00edkov na\u0161ich obchodn\u00edkov, ich e-mail, dodaciu a faktura\u010dn\u00fa adresu, platobn\u00e9 \u00fadaje, n\u00e1zov spolo\u010dnosti, telef\u00f3nne \u010d\u00edslo, IP adresu, inform\u00e1cie o objedn\u00e1vkach, ktor\u00e9 iniciujete, inform\u00e1cie o Elite Digital Services \u2013 podporovan\u00fdch obchodoch, ktor\u00e9 nav\u0161tevujete, a inform\u00e1cie o zariaden\u00ed a prehliada\u010di, ktor\u00fd pou\u017e\u00edvate. Tieto inform\u00e1cie zhroma\u017e\u010fujeme, ke\u010f pou\u017e\u00edvate alebo pristupujete k obchodu, ktor\u00fd vyu\u017e\u00edva na\u0161e slu\u017eby, napr\u00edklad ke\u010f nav\u0161t\u00edvite str\u00e1nku obchodn\u00edka, zad\u00e1te objedn\u00e1vku alebo si zaregistrujete \u00fa\u010det na str\u00e1nke obchodn\u00edka. Ke\u010f nav\u0161t\u00edvite alebo prehliadate webov\u00fa str\u00e1nku slu\u017eieb CSS verteco.shop, zhroma\u017e\u010fujeme inform\u00e1cie o zariaden\u00ed a prehliada\u010di, ktor\u00e9 pou\u017e\u00edvate, o va\u0161om sie\u0165ovom pripojen\u00ed, va\u0161ej IP adrese a inform\u00e1cie o s\u00faboroch cookie nain\u0161talovan\u00fdch vo va\u0161om zariaden\u00ed. Zhroma\u017e\u010fujeme tie\u017e osobn\u00e9 \u00fadaje, ktor\u00e9 ste n\u00e1m poskytli prostredn\u00edctvom akejko\u013evek funkcie zasielania spr\u00e1v, ktor\u00e1 je k dispoz\u00edcii na na\u0161ej webovej str\u00e1nke. Od pou\u017e\u00edvate\u013eov f\u00f3ra zhroma\u017e\u010fujeme va\u0161e meno, e-mailov\u00fa adresu, webov\u00fa adresu a \u010fal\u0161ie osobn\u00e9 inform\u00e1cie, ktor\u00e9 m\u00f4\u017eete uverejni\u0165.    <\/p>\n<p><strong><br \/>\u00da\u010del spracovania a zdie\u013eania:<\/strong><\/p>\n<p>Tieto inform\u00e1cie pou\u017e\u00edvame na poskytovanie slu\u017eieb na\u0161im obchodn\u00edkom vr\u00e1tane podpory a spracovania objedn\u00e1vok, autentifik\u00e1cie a platieb. Tieto inform\u00e1cie pou\u017e\u00edvame aj na zlep\u0161enie na\u0161ich slu\u017eieb. Elite Digital Services, LLC, spolupracuje aj s tret\u00edmi stranami a poskytovate\u013emi slu\u017eieb, aby pomohla na\u0161im obchodn\u00edkom poskytova\u0165 slu\u017eby a na podporu tohto \u00fasilia s nimi m\u00f4\u017eeme zdie\u013ea\u0165 osobn\u00e9 \u00fadaje. Va\u0161e inform\u00e1cie m\u00f4\u017eeme zdie\u013ea\u0165 aj za nasleduj\u00facich okolnost\u00ed:   <\/p>\n<ul>\n<li>\u2013 na prevenciu, vy\u0161etrovanie alebo prijatie opatren\u00ed t\u00fdkaj\u00facich sa nez\u00e1konn\u00fdch \u010dinnost\u00ed, podozrenia z podvodu, situ\u00e1ci\u00ed zah\u0155\u0148aj\u00facich potenci\u00e1lne ohrozenie fyzickej bezpe\u010dnosti akejko\u013evek osoby, poru\u0161enia na\u0161ich podmienok pou\u017e\u00edvania alebo akejko\u013evek inej zmluvy t\u00fdkaj\u00facej sa slu\u017eieb, alebo ak to inak vy\u017eaduje z\u00e1kon.<\/li>\n<li>\u2013 Ak n\u00e1m obchodn\u00edk, ktor\u00e9ho obchod nav\u0161t\u00edvite alebo do ktor\u00e9ho vst\u00fapite, d\u00e1 pokyn na prenos t\u00fdchto inform\u00e1ci\u00ed (napr\u00edklad ak povol\u00ed aplik\u00e1ciu tretej strany, ktor\u00e1 m\u00e1 pr\u00edstup k osobn\u00fdm \u00fadajom z\u00e1kazn\u00edka).<\/li>\n<li>vyhovie\u0165 z\u00e1konn\u00fdm po\u017eiadavk\u00e1m alebo reagova\u0165 na z\u00e1konn\u00e9 s\u00fadne pr\u00edkazy, predvolania, pr\u00edkazy alebo in\u00e9 \u017eiadosti verejn\u00fdch org\u00e1nov (vr\u00e1tane po\u017eiadaviek na n\u00e1rodn\u00fa bezpe\u010dnos\u0165 alebo presadzovanie pr\u00e1va).<\/li>\n<\/ul>\n<p>Osobn\u00e9 \u00fadaje m\u00f4\u017eu by\u0165 zdie\u013ean\u00e9 aj so spolo\u010dnos\u0165ou, ktor\u00e1 z\u00edska na\u0161e podnikanie alebo podnikanie obchodn\u00edka, ktor\u00e9ho obchod nav\u0161tevujete alebo do ktor\u00e9ho pristupujete, \u010di u\u017e v d\u00f4sledku f\u00fazie, akviz\u00edcie, konkurzu, zru\u0161enia, reorganiz\u00e1cie alebo inej podobnej transakcie alebo konania.<\/p>\n<p><strong><br \/>Ukladanie osobn\u00fdch \u00fadajov a trvanie spracovania:<\/strong><\/p>\n<p>Prev\u00e1dzkovate\u013e je opr\u00e1vnen\u00fd sprac\u00fava\u0165 osobn\u00e9 \u00fadaje dotknut\u00fdch os\u00f4b po dobu stanoven\u00fa v s\u00falade s pr\u00edslu\u0161n\u00fdmi pr\u00e1vnymi predpismi. Sprac\u00favanie osobn\u00fdch \u00fadajov na z\u00e1klade s\u00fahlasu je mo\u017en\u00e9 len po dobu, na ktor\u00fa bol s\u00fahlas udelen\u00fd. S\u00fahlas je prev\u00e1dzkovate\u013eovi udelen\u00fd na nasleduj\u00face tri (3) roky alebo do momentu odvolania s\u00fahlasu. Po uplynut\u00ed pr\u00edslu\u0161nej doby bud\u00fa osobn\u00e9 \u00fadaje vymazan\u00e9, ak ich uchov\u00e1vanie nevy\u017eaduj\u00fa pr\u00edslu\u0161n\u00e9 pr\u00e1vne predpisy.   <\/p>\n<p><strong><br \/>Pr\u00e1va dotknut\u00fdch os\u00f4b s\u00favisiace so spracovan\u00edm osobn\u00fdch \u00fadajov:<\/strong><\/p>\n<p>Pokia\u013e ide o sprac\u00favanie osobn\u00fdch \u00fadajov, dotknut\u00e9 osoby m\u00f4\u017eu uplatni\u0165 tieto pr\u00e1va:<\/p>\n<ul>\n<li>\u2013 pr\u00e1vo na pr\u00edstup k svojim osobn\u00fdm \u00fadajom a na poskytnutie inform\u00e1ci\u00ed o nich;<\/li>\n<li>\u2013 pr\u00e1vo na opravu osobn\u00fdch \u00fadajov;<\/li>\n<li>\u2013 pr\u00e1vo na vymazanie osobn\u00fdch \u00fadajov;<\/li>\n<li>\u2013 pr\u00e1vo na obmedzenie spracovania osobn\u00fdch \u00fadajov<\/li>\n<li>\u2013 pr\u00e1vo na prenosnos\u0165 osobn\u00fdch \u00fadajov;<\/li>\n<li>\u2013 pr\u00e1vo namieta\u0165 proti sprac\u00favaniu osobn\u00fdch \u00fadajov;<\/li>\n<li>\u2013 pr\u00e1vo na ne\u00fa\u010dinnos\u0165 automatizovan\u00e9ho individu\u00e1lneho rozhodovania vr\u00e1tane profilovania;<\/li>\n<li>\u2013 pr\u00e1vo kedyko\u013evek odvola\u0165 s\u00fahlas (ak je s\u00fahlas pr\u00e1vnym z\u00e1kladom spracovania);<\/li>\n<li>pr\u00e1vo poda\u0165 n\u00e1vrh na za\u010datie konania pod\u013ea 100 a nasl. z\u00e1kona o ochrane osobn\u00fdch \u00fadajov s dozorn\u00fdm org\u00e1nom. <\/li>\n<\/ul>\n<p>Dotknut\u00e9 osoby m\u00f4\u017eu uplatni\u0165 vy\u0161\u0161ie uveden\u00e9 pr\u00e1va, ktor\u00e9 s\u00fa bli\u017e\u0161ie \u0161pecifikovan\u00e9 v ustanoveniach \u010dl\u00e1nku 21 a nasl. z\u00e1kona o ochrane osobn\u00fdch \u00fadajov, v s\u00falade so z\u00e1konom o ochrane osobn\u00fdch \u00fadajov a GDPR ako aj \u010fal\u0161\u00edmi pr\u00edslu\u0161n\u00fdmi pr\u00e1vnymi predpismi. Dotknut\u00e9 osoby m\u00f4\u017eu svoje pr\u00e1va vo\u010di prev\u00e1dzkovate\u013eovi uplatni\u0165 p\u00edsomnou \u017eiados\u0165ou zaslanou alebo doru\u010denou na adresu s\u00eddla prev\u00e1dzkovate\u013ea alebo elektronickou po\u0161tou zaslanou na adresu: info@verteco.shop.<br \/> \u017diados\u0165 mus\u00ed obsahova\u0165 tieto \u00fadaje: meno, priezvisko, d\u00e1tum narodenia a trval\u00e9 bydlisko, aby prev\u00e1dzkovate\u013e vedel identifikova\u0165 dotknut\u00fa osobu. Prev\u00e1dzkovate\u013e m\u00f4\u017ee po\u017eiada\u0165 o poskytnutie dodato\u010dn\u00fdch inform\u00e1ci\u00ed potrebn\u00fdch na overenie toto\u017enosti dotknutej osoby, ak m\u00e1 d\u00f4vodn\u00e9 pochybnosti o toto\u017enosti fyzickej osoby. Prev\u00e1dzkovate\u013e je povinn\u00fd poskytn\u00fa\u0165 dotknutej osobe inform\u00e1cie o prijat\u00fdch opatreniach na jej \u017eiados\u0165 do jedn\u00e9ho (1) mesiaca od doru\u010denia \u017eiadosti. V od\u00f4vodnen\u00fdch pr\u00edpadoch, s oh\u013eadom na zlo\u017eitos\u0165 a po\u010det \u017eiadost\u00ed, m\u00f4\u017ee Prev\u00e1dzkovate\u013e uveden\u00fa lehotu pred\u013a\u017ei\u0165 o \u010fal\u0161ie dva (2) mesiace, a to aj opakovane. Prev\u00e1dzkovate\u013e je povinn\u00fd o ka\u017edom takomto pred\u013a\u017een\u00ed informova\u0165 dotknut\u00fa osobu do jedn\u00e9ho (1) mesiaca od doru\u010denia \u017eiadosti s uveden\u00edm d\u00f4vodov pred\u013a\u017eenia lehoty. Ak dotknut\u00e1 osoba podala \u017eiados\u0165 v elektronickej forme, prev\u00e1dzkovate\u013e poskytne inform\u00e1cie v elektronickej forme, pokia\u013e dotknut\u00e1 osoba nepo\u017eiadala o inform\u00e1cie in\u00fdm sp\u00f4sobom. Ak prev\u00e1dzkovate\u013e na \u017eiados\u0165 dotknutej osoby neprijme opatrenia, je povinn\u00fd informova\u0165 dotknut\u00fa osobu o d\u00f4vodoch ne\u010dinnosti do jedn\u00e9ho (1) mesiaca od doru\u010denia \u017eiadosti, ako aj o mo\u017enosti poda\u0165 na \u00darad na ochranu osobn\u00fdch \u00fadajov n\u00e1vrh na za\u010datie konania pod\u013ea \u00a7 100 z\u00e1kona o ochrane osobn\u00fdch \u00fadajov. Ozn\u00e1menia o prijat\u00fdch opatreniach sa poskytuj\u00fa bezplatne. Ak je \u017eiados\u0165 dotknutej osoby zjavne neopodstatnen\u00e1 alebo nevhodn\u00e1, najm\u00e4 pre jej opakuj\u00facu sa povahu, m\u00f4\u017ee prev\u00e1dzkovate\u013e po\u017eadova\u0165 primeran\u00fd poplatok zoh\u013ead\u0148uj\u00faci administrat\u00edvne n\u00e1klady na poskytnutie inform\u00e1cie alebo primeran\u00fd poplatok zoh\u013ead\u0148uj\u00faci administrat\u00edvne n\u00e1klady. ozn\u00e1menia alebo primeran\u00fd poplatok zoh\u013ead\u0148uj\u00faci administrat\u00edvne n\u00e1klady na vykonanie po\u017eadovan\u00e9ho opatrenia, alebo odmietnu\u0165 kona\u0165 na z\u00e1klade \u017eiadosti. Prev\u00e1dzkovate\u013e mus\u00ed preuk\u00e1za\u0165, \u017ee \u017eiados\u0165 je neopodstatnen\u00e1 alebo neprimeran\u00e1.           <\/p>\n<p>Spolo\u010dnos\u0165 Elite Digital Services, LLC ch\u00e1pe, \u017ee m\u00e1te pr\u00e1va na svoje osobn\u00e9 \u00fadaje, a podnik\u00e1 primeran\u00e9 kroky, aby v\u00e1m umo\u017enila pr\u00edstup k va\u0161im osobn\u00fdm \u00fadajom, ich opravu, \u00fapravu, vymazanie, prenos alebo obmedzenie pou\u017e\u00edvania va\u0161ich osobn\u00fdch \u00fadajov. Ak ste obchodn\u00edk alebo partner, m\u00f4\u017eete aktualizova\u0165 mnoho typov osobn\u00fdch \u00fadajov, ako s\u00fa platobn\u00e9 alebo kontaktn\u00e9 \u00fadaje, priamo v nastaveniach \u00fa\u010dtu. Ak nem\u00f4\u017eete zmeni\u0165 svoje osobn\u00e9 \u00fadaje v r\u00e1mci nastaven\u00ed \u00fa\u010dtu alebo ak m\u00e1te obavy z \u00fadajov zhroma\u017eden\u00fdch pri n\u00e1v\u0161teve webovej str\u00e1nky Elite Digital Services, LLC alebo pri pou\u017e\u00edvan\u00ed na\u0161ich slu\u017eieb podpory, kontaktujte n\u00e1s, aby sme vykonali po\u017eadovan\u00e9 zmeny. Je d\u00f4le\u017eit\u00e9 si uvedomi\u0165, \u017ee ak vyma\u017eete alebo obmedz\u00edte pou\u017e\u00edvanie svojich osobn\u00fdch \u00fadajov, slu\u017eby nemusia spr\u00e1vne fungova\u0165.   <\/p>\n\t\t\t\t\t\t\t\t<\/div>\n\t\t\t\t<\/div>\n\t\t\t\t\t<\/div>\n\t\t<\/div>\n\t\t\t\t\t<\/div>\n\t\t<\/section>\n\t\t\t\t<\/div>\n\t\t","protected":false},"excerpt":{"rendered":"<p>Z\u00e1sady ochrany osobn\u00fdch \u00fadajov v zmysle \u010dl\u00e1nku 19 a nasl. z\u00e1kona \u010d.18\/2018 Z.z. o ochrane osobn\u00fdch \u00fadajov a o zmene a doplnen\u00ed niektor\u00fdch z\u00e1konov v znen\u00ed neskor\u0161\u00edch predpisov v s\u00falade s \u010dl. 13 a 14 nariadenia Eur\u00f3pskeho parlamentu a Rady (E\u00da) 2016\/679 z 27. apr\u00edla 2016 o ochrane fyzick\u00fdm osob\u00e1m v s\u00favislosti so spracovan\u00edm osobn\u00fdch [&hellip;]<\/p>\n","protected":false},"author":1,"featured_media":0,"parent":0,"menu_order":0,"comment_status":"closed","ping_status":"closed","template":"","meta":{"footnotes":""},"class_list":["post-8240","page","type-page","status-publish","hentry"],"_links":{"self":[{"href":"https:\/\/verteco.shop\/sk\/wp-json\/wp\/v2\/pages\/8240","targetHints":{"allow":["GET"]}}],"collection":[{"href":"https:\/\/verteco.shop\/sk\/wp-json\/wp\/v2\/pages"}],"about":[{"href":"https:\/\/verteco.shop\/sk\/wp-json\/wp\/v2\/types\/page"}],"author":[{"embeddable":true,"href":"https:\/\/verteco.shop\/sk\/wp-json\/wp\/v2\/users\/1"}],"replies":[{"embeddable":true,"href":"https:\/\/verteco.shop\/sk\/wp-json\/wp\/v2\/comments?post=8240"}],"version-history":[{"count":0,"href":"https:\/\/verteco.shop\/sk\/wp-json\/wp\/v2\/pages\/8240\/revisions"}],"wp:attachment":[{"href":"https:\/\/verteco.shop\/sk\/wp-json\/wp\/v2\/media?parent=8240"}],"curies":[{"name":"wp","href":"https:\/\/api.w.org\/{rel}","templated":true}]}}