{"id":24697,"date":"2024-07-24T23:02:28","date_gmt":"2024-07-24T21:02:28","guid":{"rendered":"https:\/\/verteco.shop\/co-treba-vediet-pred-prijatim-prepnutie-css-v-vasom-obchodnom-centre\/"},"modified":"2025-12-16T02:27:35","modified_gmt":"2025-12-16T00:27:35","slug":"co-treba-vediet-pred-prijatim-prepnutie-css-v-vasom-obchodnom-centre","status":"publish","type":"page","link":"https:\/\/verteco.shop\/sk\/co-treba-vediet-pred-prijatim-prepnutie-css-v-vasom-obchodnom-centre\/","title":{"rendered":"\u010co by ste mali vedie\u0165 pred prijat\u00edm zmeny CSS vo va\u0161om Merchant Center?"},"content":{"rendered":"\t\t<div data-elementor-type=\"wp-page\" data-elementor-id=\"24697\" class=\"elementor elementor-24697 elementor-24569\" data-elementor-post-type=\"page\">\n\t\t\t\t\t\t<section class=\"elementor-section elementor-top-section elementor-element elementor-element-078fd90 elementor-section-boxed elementor-section-height-default elementor-section-height-default\" data-id=\"078fd90\" data-element_type=\"section\" data-e-type=\"section\" data-settings=\"{&quot;background_background&quot;:&quot;classic&quot;}\">\n\t\t\t\t\t\t<div class=\"elementor-container elementor-column-gap-default\">\n\t\t\t\t\t<div class=\"elementor-column elementor-col-100 elementor-top-column elementor-element elementor-element-dbeaacf\" data-id=\"dbeaacf\" data-element_type=\"column\" data-e-type=\"column\">\n\t\t\t<div class=\"elementor-widget-wrap elementor-element-populated\">\n\t\t\t\t\t\t<div class=\"elementor-element elementor-element-c28796d elementor-widget elementor-widget-heading\" data-id=\"c28796d\" data-element_type=\"widget\" data-e-type=\"widget\" data-widget_type=\"heading.default\">\n\t\t\t\t<div class=\"elementor-widget-container\">\n\t\t\t\t\t<h2 class=\"elementor-heading-title elementor-size-default\">\u010co by ste mali vedie\u0165 pred prijat\u00edm zmeny CSS vo va\u0161om Merchant Center?<\/h2>\t\t\t\t<\/div>\n\t\t\t\t<\/div>\n\t\t\t\t\t<\/div>\n\t\t<\/div>\n\t\t\t\t\t<\/div>\n\t\t<\/section>\n\t\t\t\t<section class=\"elementor-section elementor-top-section elementor-element elementor-element-2132196 elementor-section-boxed elementor-section-height-default elementor-section-height-default\" data-id=\"2132196\" data-element_type=\"section\" data-e-type=\"section\" data-settings=\"{&quot;background_background&quot;:&quot;classic&quot;}\">\n\t\t\t\t\t\t<div class=\"elementor-container elementor-column-gap-default\">\n\t\t\t\t\t<div class=\"elementor-column elementor-col-100 elementor-top-column elementor-element elementor-element-e51b319\" data-id=\"e51b319\" data-element_type=\"column\" data-e-type=\"column\">\n\t\t\t<div class=\"elementor-widget-wrap elementor-element-populated\">\n\t\t\t\t\t\t<div class=\"elementor-element elementor-element-7905f63 elementor-widget elementor-widget-text-editor\" data-id=\"7905f63\" data-element_type=\"widget\" data-e-type=\"widget\" data-widget_type=\"text-editor.default\">\n\t\t\t\t<div class=\"elementor-widget-container\">\n\t\t\t\t\t\t\t\t\t<p><em>tento obsah je dostupn\u00fd v t\u00fdchto jazykoch:<\/em><\/p>\t\t\t\t\t\t\t\t<\/div>\n\t\t\t\t<\/div>\n\t\t\t\t<div class=\"elementor-element elementor-element-af9deac elementor-widget elementor-widget-wpml-language-switcher\" data-id=\"af9deac\" data-element_type=\"widget\" data-e-type=\"widget\" data-widget_type=\"wpml-language-switcher.default\">\n\t\t\t\t<div class=\"elementor-widget-container\">\n\t\t\t\t\t<div class=\"wpml-elementor-ls\">\n<div role=\"navigation\" aria-label=\"Language Switcher\" class=\"wpml-ls-statics-footer wpml-ls wpml-ls-legacy-list-horizontal\">\n\t<ul><li class=\"wpml-ls-slot-footer wpml-ls-item wpml-ls-item-en wpml-ls-first-item wpml-ls-item-legacy-list-horizontal\">\n\t\t\t\t<a href=\"https:\/\/verteco.shop\/\" hreflang=\"en\" lang=\"en\" class=\"wpml-ls-link\" aria-label=\"Switch to Angli\u010dtina\" title=\"Switch to Angli\u010dtina\">\n\t\t\t\t\t                                    <img decoding=\"async\"\n            class=\"wpml-ls-flag\"\n            src=\"https:\/\/verteco.shop\/wp-content\/plugins\/sitepress-multilingual-cms\/res\/flags\/en.svg\"\n            alt=\"Angli\u010dtina\"\n            loading=\"lazy\"\n            width=18\n            height=12\n    \/><\/a>\n\t\t\t<\/li><li class=\"wpml-ls-slot-footer wpml-ls-item wpml-ls-item-de wpml-ls-item-legacy-list-horizontal\">\n\t\t\t\t<a href=\"https:\/\/verteco.shop\/de\/\" hreflang=\"de\" lang=\"de\" class=\"wpml-ls-link\" aria-label=\"Switch to Nem\u010dina\" title=\"Switch to Nem\u010dina\">\n\t\t\t\t\t                                    <img decoding=\"async\"\n            class=\"wpml-ls-flag\"\n            src=\"https:\/\/verteco.shop\/wp-content\/plugins\/sitepress-multilingual-cms\/res\/flags\/de.svg\"\n            alt=\"Nem\u010dina\"\n            loading=\"lazy\"\n            width=18\n            height=12\n    \/><\/a>\n\t\t\t<\/li><li class=\"wpml-ls-slot-footer wpml-ls-item wpml-ls-item-es wpml-ls-item-legacy-list-horizontal\">\n\t\t\t\t<a href=\"https:\/\/verteco.shop\/es\/\" hreflang=\"es\" lang=\"es\" class=\"wpml-ls-link\" aria-label=\"Switch to \u0160paniel\u010dina\" title=\"Switch to \u0160paniel\u010dina\">\n\t\t\t\t\t                                    <img decoding=\"async\"\n            class=\"wpml-ls-flag\"\n            src=\"https:\/\/verteco.shop\/wp-content\/plugins\/sitepress-multilingual-cms\/res\/flags\/es.svg\"\n            alt=\"\u0160paniel\u010dina\"\n            loading=\"lazy\"\n            width=18\n            height=12\n    \/><\/a>\n\t\t\t<\/li><li class=\"wpml-ls-slot-footer wpml-ls-item wpml-ls-item-fr wpml-ls-item-legacy-list-horizontal\">\n\t\t\t\t<a href=\"https:\/\/verteco.shop\/fr\/\" hreflang=\"fr\" lang=\"fr\" class=\"wpml-ls-link\" aria-label=\"Switch to Franc\u00faz\u0161tina\" title=\"Switch to Franc\u00faz\u0161tina\">\n\t\t\t\t\t                                    <img decoding=\"async\"\n            class=\"wpml-ls-flag\"\n            src=\"https:\/\/verteco.shop\/wp-content\/plugins\/sitepress-multilingual-cms\/res\/flags\/fr.svg\"\n            alt=\"Franc\u00faz\u0161tina\"\n            loading=\"lazy\"\n            width=18\n            height=12\n    \/><\/a>\n\t\t\t<\/li><li class=\"wpml-ls-slot-footer wpml-ls-item wpml-ls-item-cs wpml-ls-item-legacy-list-horizontal\">\n\t\t\t\t<a href=\"https:\/\/verteco.shop\/cs\/\" hreflang=\"cs\" lang=\"cs\" class=\"wpml-ls-link\" aria-label=\"Switch to \u010ce\u0161tina\" title=\"Switch to \u010ce\u0161tina\">\n\t\t\t\t\t                                    <img decoding=\"async\"\n            class=\"wpml-ls-flag\"\n            src=\"https:\/\/verteco.shop\/wp-content\/plugins\/sitepress-multilingual-cms\/res\/flags\/cs.svg\"\n            alt=\"\u010ce\u0161tina\"\n            loading=\"lazy\"\n            width=18\n            height=12\n    \/><\/a>\n\t\t\t<\/li><li class=\"wpml-ls-slot-footer wpml-ls-item wpml-ls-item-sk wpml-ls-current-language wpml-ls-item-legacy-list-horizontal\">\n\t\t\t\t<a href=\"https:\/\/verteco.shop\/sk\/\" hreflang=\"sk\" lang=\"sk\" class=\"wpml-ls-link\" aria-current=\"page\" aria-label=\"Switch to Sloven\u010dina\" title=\"Switch to Sloven\u010dina\">\n\t\t\t\t\t                                    <img decoding=\"async\"\n            class=\"wpml-ls-flag\"\n            src=\"https:\/\/verteco.shop\/wp-content\/plugins\/sitepress-multilingual-cms\/res\/flags\/sk.svg\"\n            alt=\"Sloven\u010dina\"\n            loading=\"lazy\"\n            width=18\n            height=12\n    \/><\/a>\n\t\t\t<\/li><li class=\"wpml-ls-slot-footer wpml-ls-item wpml-ls-item-it wpml-ls-item-legacy-list-horizontal\">\n\t\t\t\t<a href=\"https:\/\/verteco.shop\/it\/\" hreflang=\"it\" lang=\"it\" class=\"wpml-ls-link\" aria-label=\"Switch to Talian\u010dina\" title=\"Switch to Talian\u010dina\">\n\t\t\t\t\t                                    <img decoding=\"async\"\n            class=\"wpml-ls-flag\"\n            src=\"https:\/\/verteco.shop\/wp-content\/plugins\/sitepress-multilingual-cms\/res\/flags\/it.svg\"\n            alt=\"Talian\u010dina\"\n            loading=\"lazy\"\n            width=18\n            height=12\n    \/><\/a>\n\t\t\t<\/li><li class=\"wpml-ls-slot-footer wpml-ls-item wpml-ls-item-nl wpml-ls-item-legacy-list-horizontal\">\n\t\t\t\t<a href=\"https:\/\/verteco.shop\/nl\/\" hreflang=\"nl\" lang=\"nl\" class=\"wpml-ls-link\" aria-label=\"Switch to Holand\u010dina\" title=\"Switch to Holand\u010dina\">\n\t\t\t\t\t                                    <img decoding=\"async\"\n            class=\"wpml-ls-flag\"\n            src=\"https:\/\/verteco.shop\/wp-content\/plugins\/sitepress-multilingual-cms\/res\/flags\/nl.svg\"\n            alt=\"Holand\u010dina\"\n            loading=\"lazy\"\n            width=18\n            height=12\n    \/><\/a>\n\t\t\t<\/li><li class=\"wpml-ls-slot-footer wpml-ls-item wpml-ls-item-hu wpml-ls-item-legacy-list-horizontal\">\n\t\t\t\t<a href=\"https:\/\/verteco.shop\/hu\/\" hreflang=\"hu\" lang=\"hu\" class=\"wpml-ls-link\" aria-label=\"Switch to Ma\u010far\u010dina\" title=\"Switch to Ma\u010far\u010dina\">\n\t\t\t\t\t                                    <img decoding=\"async\"\n            class=\"wpml-ls-flag\"\n            src=\"https:\/\/verteco.shop\/wp-content\/plugins\/sitepress-multilingual-cms\/res\/flags\/hu.svg\"\n            alt=\"Ma\u010far\u010dina\"\n            loading=\"lazy\"\n            width=18\n            height=12\n    \/><\/a>\n\t\t\t<\/li><li class=\"wpml-ls-slot-footer wpml-ls-item wpml-ls-item-pl wpml-ls-item-legacy-list-horizontal\">\n\t\t\t\t<a href=\"https:\/\/verteco.shop\/pl\/\" hreflang=\"pl\" lang=\"pl\" class=\"wpml-ls-link\" aria-label=\"Switch to Pol\u0161tina\" title=\"Switch to Pol\u0161tina\">\n\t\t\t\t\t                                    <img decoding=\"async\"\n            class=\"wpml-ls-flag\"\n            src=\"https:\/\/verteco.shop\/wp-content\/plugins\/sitepress-multilingual-cms\/res\/flags\/pl.svg\"\n            alt=\"Pol\u0161tina\"\n            loading=\"lazy\"\n            width=18\n            height=12\n    \/><\/a>\n\t\t\t<\/li><li class=\"wpml-ls-slot-footer wpml-ls-item wpml-ls-item-hr wpml-ls-item-legacy-list-horizontal\">\n\t\t\t\t<a href=\"https:\/\/verteco.shop\/hr\/\" hreflang=\"hr\" lang=\"hr\" class=\"wpml-ls-link\" aria-label=\"Switch to Chorv\u00e1t\u0161tina\" title=\"Switch to Chorv\u00e1t\u0161tina\">\n\t\t\t\t\t                                    <img decoding=\"async\"\n            class=\"wpml-ls-flag\"\n            src=\"https:\/\/verteco.shop\/wp-content\/plugins\/sitepress-multilingual-cms\/res\/flags\/hr.svg\"\n            alt=\"Chorv\u00e1t\u0161tina\"\n            loading=\"lazy\"\n            width=18\n            height=12\n    \/><\/a>\n\t\t\t<\/li><li class=\"wpml-ls-slot-footer wpml-ls-item wpml-ls-item-da wpml-ls-item-legacy-list-horizontal\">\n\t\t\t\t<a href=\"https:\/\/verteco.shop\/da\/\" hreflang=\"da\" lang=\"da\" class=\"wpml-ls-link\" aria-label=\"Switch to D\u00e1n\u010dina\" title=\"Switch to D\u00e1n\u010dina\">\n\t\t\t\t\t                                    <img decoding=\"async\"\n            class=\"wpml-ls-flag\"\n            src=\"https:\/\/verteco.shop\/wp-content\/plugins\/sitepress-multilingual-cms\/res\/flags\/da.svg\"\n            alt=\"D\u00e1n\u010dina\"\n            loading=\"lazy\"\n            width=18\n            height=12\n    \/><\/a>\n\t\t\t<\/li><li class=\"wpml-ls-slot-footer wpml-ls-item wpml-ls-item-fi wpml-ls-item-legacy-list-horizontal\">\n\t\t\t\t<a href=\"https:\/\/verteco.shop\/fi\/\" hreflang=\"fi\" lang=\"fi\" class=\"wpml-ls-link\" aria-label=\"Switch to F\u00edn\u0161tina\" title=\"Switch to F\u00edn\u0161tina\">\n\t\t\t\t\t                                    <img decoding=\"async\"\n            class=\"wpml-ls-flag\"\n            src=\"https:\/\/verteco.shop\/wp-content\/plugins\/sitepress-multilingual-cms\/res\/flags\/fi.svg\"\n            alt=\"F\u00edn\u0161tina\"\n            loading=\"lazy\"\n            width=18\n            height=12\n    \/><\/a>\n\t\t\t<\/li><li class=\"wpml-ls-slot-footer wpml-ls-item wpml-ls-item-sv wpml-ls-item-legacy-list-horizontal\">\n\t\t\t\t<a href=\"https:\/\/verteco.shop\/sv\/\" hreflang=\"sv\" lang=\"sv\" class=\"wpml-ls-link\" aria-label=\"Switch to \u0160v\u00e9d\u0161tina\" title=\"Switch to \u0160v\u00e9d\u0161tina\">\n\t\t\t\t\t                                    <img decoding=\"async\"\n            class=\"wpml-ls-flag\"\n            src=\"https:\/\/verteco.shop\/wp-content\/plugins\/sitepress-multilingual-cms\/res\/flags\/sv.svg\"\n            alt=\"\u0160v\u00e9d\u0161tina\"\n            loading=\"lazy\"\n            width=18\n            height=12\n    \/><\/a>\n\t\t\t<\/li><li class=\"wpml-ls-slot-footer wpml-ls-item wpml-ls-item-no wpml-ls-item-legacy-list-horizontal\">\n\t\t\t\t<a href=\"https:\/\/verteco.shop\/no\/\" hreflang=\"no\" lang=\"no\" class=\"wpml-ls-link\" aria-label=\"Switch to N\u00f3rsky jazyk Bokm\u00e5l\" title=\"Switch to N\u00f3rsky jazyk Bokm\u00e5l\">\n\t\t\t\t\t                                    <img decoding=\"async\"\n            class=\"wpml-ls-flag\"\n            src=\"https:\/\/verteco.shop\/wp-content\/plugins\/sitepress-multilingual-cms\/res\/flags\/no.svg\"\n            alt=\"N\u00f3rsky jazyk Bokm\u00e5l\"\n            loading=\"lazy\"\n            width=18\n            height=12\n    \/><\/a>\n\t\t\t<\/li><li class=\"wpml-ls-slot-footer wpml-ls-item wpml-ls-item-ro wpml-ls-item-legacy-list-horizontal\">\n\t\t\t\t<a href=\"https:\/\/verteco.shop\/ro\/\" hreflang=\"ro\" lang=\"ro\" class=\"wpml-ls-link\" aria-label=\"Switch to Rumun\u010dina\" title=\"Switch to Rumun\u010dina\">\n\t\t\t\t\t                                    <img decoding=\"async\"\n            class=\"wpml-ls-flag\"\n            src=\"https:\/\/verteco.shop\/wp-content\/plugins\/sitepress-multilingual-cms\/res\/flags\/ro.svg\"\n            alt=\"Rumun\u010dina\"\n            loading=\"lazy\"\n            width=18\n            height=12\n    \/><\/a>\n\t\t\t<\/li><li class=\"wpml-ls-slot-footer wpml-ls-item wpml-ls-item-el wpml-ls-item-legacy-list-horizontal\">\n\t\t\t\t<a href=\"https:\/\/verteco.shop\/el\/\" hreflang=\"el\" lang=\"el\" class=\"wpml-ls-link\" aria-label=\"Switch to Gr\u00e9\u010dtina\" title=\"Switch to Gr\u00e9\u010dtina\">\n\t\t\t\t\t                                    <img decoding=\"async\"\n            class=\"wpml-ls-flag\"\n            src=\"https:\/\/verteco.shop\/wp-content\/plugins\/sitepress-multilingual-cms\/res\/flags\/el.svg\"\n            alt=\"Gr\u00e9\u010dtina\"\n            loading=\"lazy\"\n            width=18\n            height=12\n    \/><\/a>\n\t\t\t<\/li><li class=\"wpml-ls-slot-footer wpml-ls-item wpml-ls-item-pt-pt wpml-ls-item-legacy-list-horizontal\">\n\t\t\t\t<a href=\"https:\/\/verteco.shop\/pt-pt\/\" hreflang=\"pt-pt\" lang=\"pt-pt\" class=\"wpml-ls-link\" aria-label=\"Switch to Portugal\u0161tina\" title=\"Switch to Portugal\u0161tina\">\n\t\t\t\t\t                                    <img decoding=\"async\"\n            class=\"wpml-ls-flag\"\n            src=\"https:\/\/verteco.shop\/wp-content\/plugins\/sitepress-multilingual-cms\/res\/flags\/pt-pt.svg\"\n            alt=\"Portugal\u0161tina\"\n            loading=\"lazy\"\n            width=18\n            height=12\n    \/><\/a>\n\t\t\t<\/li><li class=\"wpml-ls-slot-footer wpml-ls-item wpml-ls-item-uk wpml-ls-last-item wpml-ls-item-legacy-list-horizontal\">\n\t\t\t\t<a href=\"https:\/\/verteco.shop\/uk\/\" hreflang=\"uk\" lang=\"uk\" class=\"wpml-ls-link\" aria-label=\"Switch to Ukrajin\u010dina\" title=\"Switch to Ukrajin\u010dina\">\n\t\t\t\t\t                                    <img decoding=\"async\"\n            class=\"wpml-ls-flag\"\n            src=\"https:\/\/verteco.shop\/wp-content\/plugins\/sitepress-multilingual-cms\/res\/flags\/uk.svg\"\n            alt=\"Ukrajin\u010dina\"\n            loading=\"lazy\"\n            width=18\n            height=12\n    \/><\/a>\n\t\t\t<\/li><\/ul>\n<\/div>\n<\/div>\t\t\t\t<\/div>\n\t\t\t\t<\/div>\n\t\t\t\t\t<\/div>\n\t\t<\/div>\n\t\t\t\t\t<\/div>\n\t\t<\/section>\n\t\t\t\t<section class=\"elementor-section elementor-top-section elementor-element elementor-element-aca2e11 elementor-section-boxed elementor-section-height-default elementor-section-height-default\" data-id=\"aca2e11\" data-element_type=\"section\" data-e-type=\"section\" data-settings=\"{&quot;background_background&quot;:&quot;classic&quot;}\">\n\t\t\t\t\t\t<div class=\"elementor-container elementor-column-gap-default\">\n\t\t\t\t\t<div class=\"elementor-column elementor-col-100 elementor-top-column elementor-element elementor-element-50842e5\" data-id=\"50842e5\" data-element_type=\"column\" data-e-type=\"column\">\n\t\t\t<div class=\"elementor-widget-wrap elementor-element-populated\">\n\t\t\t\t\t\t<div class=\"elementor-element elementor-element-6f995f6 elementor-widget elementor-widget-heading\" data-id=\"6f995f6\" data-element_type=\"widget\" data-e-type=\"widget\" data-widget_type=\"heading.default\">\n\t\t\t\t<div class=\"elementor-widget-container\">\n\t\t\t\t\t<h2 class=\"elementor-heading-title elementor-size-default\">Ste pripraven\u00ed zmeni\u0165 svoj CSS?<\/h2>\t\t\t\t<\/div>\n\t\t\t\t<\/div>\n\t\t\t\t<div class=\"elementor-element elementor-element-eac360b elementor-widget elementor-widget-text-editor\" data-id=\"eac360b\" data-element_type=\"widget\" data-e-type=\"widget\" data-widget_type=\"text-editor.default\">\n\t\t\t\t<div class=\"elementor-widget-container\">\n\t\t\t\t\t\t\t\t\t<section><p>\u010eakujeme, \u017ee ste si vybrali <strong>CSS verteco.shop<\/strong> ! Pre zabezpe\u010denie plynul\u00e9ho prechodu si pros\u00edm pred prijat\u00edm zmeny v Merchant Center overte ka\u017ed\u00fd krok:<\/p><ol><li><p><strong>  Overi\u0165 pr\u00edstup spr\u00e1vcu<\/strong><\/p><ul><li>Potvr\u010fte, \u017ee m\u00e1te priame administr\u00e1torsk\u00e9 pr\u00e1va v cie\u013eovom \u00fa\u010dte Merchant Center.<\/li><li>V pr\u00edpade \u00fa\u010dtov pre viacer\u00fdch klientov zabezpe\u010dte administr\u00e1torsk\u00fd pr\u00edstup k dan\u00e9mu pod\u00fa\u010dtu.<\/li><li>Pridajte pou\u017e\u00edvate\u013ea s opr\u00e1vneniami spr\u00e1vcu, ak e\u0161te nem\u00e1te priame opr\u00e1vnenia.<br><br><\/li><\/ul><\/li><li><p><strong>  Bezplatn\u00e1 kontrola z\u00e1znamov<\/strong><\/p><ul><li>Bezplatn\u00e9 z\u00e1znamy m\u00f4\u017ee spravova\u0165 iba jedno centrum EU Merchant Center naraz.<\/li><li>Odhl\u00e1ste sa z ak\u00fdchko\u013evek \u010fal\u0161\u00edch centier, aby ste predi\u0161li automatick\u00e9mu preradeniu zo strany spolo\u010dnosti Google.<br><br><\/li><\/ul><\/li><li><p><strong>  Prepojenie s Google Ads<\/strong><\/p><ul><li>Uistite sa, \u017ee v\u00e1\u0161 \u00fa\u010det Merchant Center je prepojen\u00fd s va\u0161\u00edm \u00fa\u010dtom Google Ads.<\/li><li>Pam\u00e4tajte: vy m\u00e1te kontrolu nad rozpo\u010dtami, cenov\u00fdmi ponukami a nastaveniami kampane.<br><br><\/li><\/ul><\/li><li><p><strong>  Zachova\u0165 hviezdi\u010dkov\u00e9 hodnotenia a recenzie<\/strong><\/p><p>Hodnotenia hviezdi\u010dkami sa <strong>neprenes\u00fa<\/strong> automaticky. Ak si chcete ponecha\u0165 odznaky recenzi\u00ed:<\/p><ul><li>Znovu nahr\u00e1vajte svoj kan\u00e1l recenzi\u00ed produktov aspo\u0148 raz za mesiac.<\/li><li>Pozrite si sprievodcu od spolo\u010dnosti Google: <a href=\"https:\/\/support.google.com\/merchants\/answer\/14620160?hl=en\" target=\"_blank\" rel=\"noopener\">Nahr\u00e1vanie a spr\u00e1va recenzi\u00ed<\/a> , <a href=\"https:\/\/support.google.com\/merchants\/answer\/14620732?hl=en\" target=\"_blank\" rel=\"noopener\">Sprievodca prep\u00ednan\u00edm \u00fa\u010dtu CSS<\/a> .<\/li><\/ul><\/li><\/ol><\/section>\t\t\t\t\t\t\t\t<\/div>\n\t\t\t\t<\/div>\n\t\t\t\t\t<\/div>\n\t\t<\/div>\n\t\t\t\t\t<\/div>\n\t\t<\/section>\n\t\t\t\t<\/div>\n\t\t","protected":false},"excerpt":{"rendered":"<p>\u010co by ste mali vedie\u0165 pred prijat\u00edm zmeny CSS vo va\u0161om Merchant Center? tento obsah je dostupn\u00fd v t\u00fdchto jazykoch: Ste pripraven\u00ed zmeni\u0165 svoj CSS? \u010eakujeme, \u017ee ste si vybrali CSS verteco.shop ! Pre zabezpe\u010denie plynul\u00e9ho prechodu si pros\u00edm pred prijat\u00edm zmeny v Merchant Center overte ka\u017ed\u00fd krok: Overi\u0165 pr\u00edstup spr\u00e1vcu Potvr\u010fte, \u017ee m\u00e1te priame [&hellip;]<\/p>\n","protected":false},"author":1,"featured_media":0,"parent":0,"menu_order":0,"comment_status":"closed","ping_status":"closed","template":"elementor_header_footer","meta":{"footnotes":""},"class_list":["post-24697","page","type-page","status-publish","hentry"],"_links":{"self":[{"href":"https:\/\/verteco.shop\/sk\/wp-json\/wp\/v2\/pages\/24697","targetHints":{"allow":["GET"]}}],"collection":[{"href":"https:\/\/verteco.shop\/sk\/wp-json\/wp\/v2\/pages"}],"about":[{"href":"https:\/\/verteco.shop\/sk\/wp-json\/wp\/v2\/types\/page"}],"author":[{"embeddable":true,"href":"https:\/\/verteco.shop\/sk\/wp-json\/wp\/v2\/users\/1"}],"replies":[{"embeddable":true,"href":"https:\/\/verteco.shop\/sk\/wp-json\/wp\/v2\/comments?post=24697"}],"version-history":[{"count":0,"href":"https:\/\/verteco.shop\/sk\/wp-json\/wp\/v2\/pages\/24697\/revisions"}],"wp:attachment":[{"href":"https:\/\/verteco.shop\/sk\/wp-json\/wp\/v2\/media?parent=24697"}],"curies":[{"name":"wp","href":"https:\/\/api.w.org\/{rel}","templated":true}]}}