{"id":22070,"date":"2024-03-21T20:49:52","date_gmt":"2024-03-21T18:49:52","guid":{"rendered":"https:\/\/verteco.shop\/css-partneri-porovnanie-zoznamu-css-partnerov-eu-s-ich-cenami\/"},"modified":"2025-05-08T09:30:31","modified_gmt":"2025-05-08T07:30:31","slug":"css-partneri-porovnanie-zoznamu-css-partnerov-eu-s-ich-cenami","status":"publish","type":"page","link":"https:\/\/verteco.shop\/sk\/css-partneri-porovnanie-zoznamu-css-partnerov-eu-s-ich-cenami\/","title":{"rendered":"Porovnanie CSS Partners &#8211; Zoznam porovn\u00e1vac\u00edch slu\u017eieb E\u00da"},"content":{"rendered":"\t\t<div data-elementor-type=\"wp-page\" data-elementor-id=\"22070\" class=\"elementor elementor-22070 elementor-21181\" data-elementor-post-type=\"page\">\n\t\t\t\t\t\t<section class=\"elementor-section elementor-top-section elementor-element elementor-element-2c3c623 elementor-section-full_width elementor-section-height-min-height elementor-section-items-stretch elementor-section-height-default\" data-id=\"2c3c623\" data-element_type=\"section\" data-e-type=\"section\" data-settings=\"{&quot;background_background&quot;:&quot;classic&quot;}\">\n\t\t\t\t\t\t\t<div class=\"elementor-background-overlay\"><\/div>\n\t\t\t\t\t\t\t<div class=\"elementor-container elementor-column-gap-default\">\n\t\t\t\t\t<div class=\"elementor-column elementor-col-50 elementor-top-column elementor-element elementor-element-696c71f\" data-id=\"696c71f\" data-element_type=\"column\" data-e-type=\"column\">\n\t\t\t<div class=\"elementor-widget-wrap elementor-element-populated\">\n\t\t\t\t\t\t<div class=\"elementor-element elementor-element-aebc636 elementor-widget elementor-widget-heading\" data-id=\"aebc636\" data-element_type=\"widget\" data-e-type=\"widget\" data-widget_type=\"heading.default\">\n\t\t\t\t<div class=\"elementor-widget-container\">\n\t\t\t\t\t<h2 class=\"elementor-heading-title elementor-size-default\">Porovnanie CSS Partnerov<\/h2>\t\t\t\t<\/div>\n\t\t\t\t<\/div>\n\t\t\t\t<div class=\"elementor-element elementor-element-0e4f1d9 elementor-widget elementor-widget-heading\" data-id=\"0e4f1d9\" data-element_type=\"widget\" data-e-type=\"widget\" data-widget_type=\"heading.default\">\n\t\t\t\t<div class=\"elementor-widget-container\">\n\t\t\t\t\t<h2 class=\"elementor-heading-title elementor-size-default\">Zoznam porovn\u00e1vac\u00edch slu\u017eieb E\u00da<\/h2>\t\t\t\t<\/div>\n\t\t\t\t<\/div>\n\t\t\t\t<div class=\"elementor-element elementor-element-a4dd4d1 elementor-widget elementor-widget-text-editor\" data-id=\"a4dd4d1\" data-element_type=\"widget\" data-e-type=\"widget\" data-widget_type=\"text-editor.default\">\n\t\t\t\t<div class=\"elementor-widget-container\">\n\t\t\t\t\t\t\t\t\t<b>V\u00fdber spr\u00e1vneho CSS partnera je k\u013e\u00fa\u010dov\u00fd, najm\u00e4 vzh\u013eadom na jeho \u00falohu pri potenci\u00e1lnom zvy\u0161ovan\u00ed dosahu a efekt\u00edvnosti va\u0161ej reklamy z dlhodob\u00e9ho h\u013eadiska.<\/b> T\u00e1to vo\u013eba je d\u00f4le\u017eit\u00e1, preto\u017ee spr\u00e1vny CSS partner m\u00f4\u017ee v\u00fdrazne roz\u0161\u00edri\u0165 va\u0161e reklamn\u00e9 kampane do viacer\u00fdch eur\u00f3pskych kraj\u00edn, \u010do podpor\u00ed expanziu a konsolid\u00e1ciu trhu.\t\t\t\t\t\t\t\t<\/div>\n\t\t\t\t<\/div>\n\t\t\t\t\t<\/div>\n\t\t<\/div>\n\t\t\t\t<div class=\"elementor-column elementor-col-50 elementor-top-column elementor-element elementor-element-881b69d\" data-id=\"881b69d\" data-element_type=\"column\" data-e-type=\"column\">\n\t\t\t<div class=\"elementor-widget-wrap elementor-element-populated\">\n\t\t\t\t\t\t<div class=\"elementor-element elementor-element-26e4b5b elementor-widget-tablet__width-initial elementor-widget elementor-widget-image\" data-id=\"26e4b5b\" data-element_type=\"widget\" data-e-type=\"widget\" data-widget_type=\"image.default\">\n\t\t\t\t<div class=\"elementor-widget-container\">\n\t\t\t\t\t\t\t\t\t\t\t\t\t\t\t<img fetchpriority=\"high\" decoding=\"async\" width=\"800\" height=\"740\" src=\"https:\/\/verteco.shop\/wp-content\/uploads\/2025\/01\/Verteco-shop_img_tel_01-2-1-1024x947.webp\" class=\"attachment-large size-large wp-image-31045\" alt=\"- -\" srcset=\"https:\/\/verteco.shop\/wp-content\/uploads\/2025\/01\/Verteco-shop_img_tel_01-2-1-1024x947.webp 1024w, https:\/\/verteco.shop\/wp-content\/uploads\/2025\/01\/Verteco-shop_img_tel_01-2-1-300x278.webp 300w, https:\/\/verteco.shop\/wp-content\/uploads\/2025\/01\/Verteco-shop_img_tel_01-2-1-768x710.webp 768w, https:\/\/verteco.shop\/wp-content\/uploads\/2025\/01\/Verteco-shop_img_tel_01-2-1-1536x1421.webp 1536w, https:\/\/verteco.shop\/wp-content\/uploads\/2025\/01\/Verteco-shop_img_tel_01-2-1.webp 1800w\" sizes=\"(max-width: 800px) 100vw, 800px\" title=\"-\">\t\t\t\t\t\t\t\t\t\t\t\t\t\t\t<\/div>\n\t\t\t\t<\/div>\n\t\t\t\t\t<\/div>\n\t\t<\/div>\n\t\t\t\t\t<\/div>\n\t\t<\/section>\n\t\t\t\t<section class=\"elementor-section elementor-top-section elementor-element elementor-element-5aa4980 elementor-section-full_width elementor-section-height-default elementor-section-height-default\" data-id=\"5aa4980\" data-element_type=\"section\" data-e-type=\"section\">\n\t\t\t\t\t\t<div class=\"elementor-container elementor-column-gap-default\">\n\t\t\t\t\t<div class=\"elementor-column elementor-col-100 elementor-top-column elementor-element elementor-element-9054300\" data-id=\"9054300\" data-element_type=\"column\" data-e-type=\"column\">\n\t\t\t<div class=\"elementor-widget-wrap elementor-element-populated\">\n\t\t\t\t\t\t<div class=\"elementor-element elementor-element-9854e6d elementor-widget elementor-widget-heading\" data-id=\"9854e6d\" data-element_type=\"widget\" data-e-type=\"widget\" data-widget_type=\"heading.default\">\n\t\t\t\t<div class=\"elementor-widget-container\">\n\t\t\t\t\t<h2 class=\"elementor-heading-title elementor-size-default\">Pon\u00fakame v\u00e1m porovnanie naj\u010dastej\u0161ie pou\u017e\u00edvan\u00fdch CSS v Eur\u00f3pe<\/h2>\t\t\t\t<\/div>\n\t\t\t\t<\/div>\n\t\t\t\t<div class=\"elementor-element elementor-element-63f3c49 elementor-widget__width-initial elementor-widget-tablet__width-inherit elementor-widget elementor-widget-text-editor\" data-id=\"63f3c49\" data-element_type=\"widget\" data-e-type=\"widget\" data-widget_type=\"text-editor.default\">\n\t\t\t\t<div class=\"elementor-widget-container\">\n\t\t\t\t\t\t\t\t\t<div class=\"flex-shrink-0 flex flex-col relative items-end\"><div class=\"pt-0.5\"><div class=\"gizmo-shadow-stroke flex h-6 w-6 items-center justify-center overflow-hidden rounded-full\"><div class=\"relative p-1 rounded-sm h-9 w-9 text-white flex items-center justify-center\"><strong>V celej E\u00da je k dispoz\u00edcii mno\u017estvo r\u00f4znych CSS partnerov, z ktor\u00fdch ka\u017ed\u00fd pon\u00faka jedine\u010dn\u00e9 slu\u017eby, cenov\u00e9 \u0161trukt\u00fary a zmluvn\u00e9 podmienky. Je d\u00f4le\u017eit\u00e9 zd\u00f4razni\u0165, \u017ee nie v\u0161etci partneri poskytuj\u00fa slu\u017eby vo v\u0161etk\u00fdch eur\u00f3pskych krajin\u00e1ch, \u010do zd\u00f4raz\u0148uje v\u00fdznam starostliv\u00e9ho v\u00fdberov\u00e9ho procesu prisp\u00f4soben\u00e9ho va\u0161im potreb\u00e1m. <\/strong><\/div><\/div><\/div><\/div>\t\t\t\t\t\t\t\t<\/div>\n\t\t\t\t<\/div>\n\t\t\t\t<div class=\"elementor-element elementor-element-936f1b3 elementor-widget elementor-widget-html\" data-id=\"936f1b3\" data-element_type=\"widget\" data-e-type=\"widget\" data-widget_type=\"html.default\">\n\t\t\t\t<div class=\"elementor-widget-container\">\n\t\t\t\t\t<!DOCTYPE html><html lang=\"en\"><head><meta charset=\"UTF-8\" \/><title>CSS Comparison Table<\/title><style>.custom-table {\n  overflow-x: auto; \/* Enables horizontal scrolling *\/\n  -webkit-overflow-scrolling: touch; \/* Ensures smooth scrolling on iOS *\/\n  margin:0;\n}\n\n.custom-table table {\n  width: 100%;\n  min-width: 800px; \/* Ensures the table doesn't shrink too much *\/\n  border-collapse: collapse;\n  border: none;\n  margin: 0;\n  font-size:12px;\n  color: #333;\n  font-family: Poppins;\n}\n\nthead th {\n  background-color: transparent;\n  padding: 0;\n  text-align: left;\n  border: none;\n  text-align: center;\n  vertical-align: middle;\n}\n\ntbody td {\n  border: none;\n  padding: 12px;\n  vertical-align: middle;\n}\n\ntbody td:not(:first-child) {display:box;\n  text-align: center;\n  justify-content: center;\n}\n\ntbody tr {\n  background: transparent;\n}\n\ntable caption + thead tr:first-child th, \ntable caption + thead tr:first-child td, \ntable colgroup + thead tr:first-child th, \ntable colgroup + thead tr:first-child td, \ntable thead:first-child tr:first-child th, \ntable thead:first-child tr:first-child td {\n  border-block-start: 0px solid;\n}\n\ntable {\n  table-layout: fixed; \/* Nastav\u00ed pevn\u00e9 rozlo\u017eenie st\u013apcov *\/\n}\n\n.custom-table colgroup col {\n  width: 9%; \/* Rovnak\u00e1 \u0161\u00edrka pre v\u0161etky st\u013apce *\/\n}\n\n.custom-table colgroup col:first-child {\n  width: 14.5%; \/* V\u00e4\u010d\u0161ia \u0161\u00edrka pre prv\u00fd st\u013apec *\/\n}\n\nthead th, tbody td {\n  word-wrap: break-word;\n  white-space: normal;\n}\n\n.custom-table {\n  overflow-x: auto;\n}\n\n.custom-table table {\n  table-layout: fixed;\n  min-width: 800px;\n}\n\n\/* Hover effect *\/\ntbody tr:hover {\n  background-color: #D49C2CAB;\n}\n\n\/* CSS Name above logo *\/\n.css-name {\n  font-weight: bold;\n  margin-bottom: 8px;\n  display: block;\n}\n\n\/* Logo images *\/\n.custom-table img {\n  max-width: auto;\n  max-height: 30px;\n  display: block;\n  margin:auto;\n}\n\n.custom-table td:first-child img {\n  max-height: 30px;\n  margin: 0;\n}\n\n\n\n\/* Media query for smaller devices *\/\n@media screen and (max-width: 768px) {\n  .custom-table table {\n    font-size: 9px; \/* Adjust font size for smaller screens *\/\n  }\n}\n  <\/style><\/head>\t\t\t\t<\/div>\n\t\t\t\t<\/div>\n\t\t\t\t<div class=\"elementor-element elementor-element-31085d9 elementor-widget elementor-widget-text-editor\" data-id=\"31085d9\" data-element_type=\"widget\" data-e-type=\"widget\" data-widget_type=\"text-editor.default\">\n\t\t\t\t<div class=\"elementor-widget-container\">\n\t\t\t\t\t\t\t\t\t<figure class=\"custom-table\"><table><colgroup> <col> <col> <col> <col> <col> <col> <col> <col> <col> <col> <\/colgroup><thead><tr><th> <\/th><th>20% zv\u00fd\u0161enie efekt\u00edvnosti CPC<\/th><th>Konzult\u00e1cie<\/th><th>Bezplatn\u00e9 sk\u00fa\u0161obn\u00e9 obdobie<\/th><th>Doplnkov\u00e9 slu\u017eby<\/th><th>Agent\u00farny pl\u00e1n<\/th><th>Garantovan\u00e1 cena<\/th><th>Optimaliza\u010dn\u00fd syst\u00e9m<\/th><th>Krajiny<\/th><th>Cena \/ mesiac<\/th><\/tr><\/thead><tbody><tr><td><span class=\"css-name\">verteco.shop <\/span> <img decoding=\"async\" class=\"logo-img\" src=\"https:\/\/verteco.shop\/wp-content\/uploads\/2024\/03\/verteco_logo-shop1.png\" alt=\"Verteco Shop\" title=\"-\"><\/td><td><img decoding=\"async\" src=\"https:\/\/verteco.shop\/wp-content\/uploads\/2025\/01\/rb_8426-1.webp\" alt=\"Verteco Shop\" width=\"auto\" title=\"-\"><\/td><td><img decoding=\"async\" src=\"https:\/\/verteco.shop\/wp-content\/uploads\/2025\/01\/rb_8426-1.webp\" width=\"auto\" alt=\"- -\" title=\"-\"><\/td><td><img decoding=\"async\" src=\"https:\/\/verteco.shop\/wp-content\/uploads\/2025\/01\/rb_8426-1.webp\" width=\"auto\" alt=\"- -\" title=\"-\"><\/td><td><img decoding=\"async\" src=\"https:\/\/verteco.shop\/wp-content\/uploads\/2025\/01\/rb_8426-1.webp\" width=\"auto\" alt=\"- -\" title=\"-\"><\/td><td><img decoding=\"async\" src=\"https:\/\/verteco.shop\/wp-content\/uploads\/2025\/01\/rb_8426-1.webp\" width=\"auto\" alt=\"- -\" title=\"-\"><\/td><td><img decoding=\"async\" src=\"https:\/\/verteco.shop\/wp-content\/uploads\/2025\/01\/rb_8426-1.webp\" width=\"auto\" alt=\"- -\" title=\"-\"><\/td><td><img decoding=\"async\" src=\"https:\/\/verteco.shop\/wp-content\/uploads\/2025\/01\/rb_8426-1.webp\" width=\"auto\" alt=\"- -\" title=\"-\"><\/td><td><img decoding=\"async\" style=\"max-width: 35px;\" src=\"https:\/\/verteco.shop\/wp-content\/uploads\/2025\/01\/Flag_of_Europe.svg_.webp\" alt=\"E\u00da\" title=\"-\"><\/td><td><b>19 \u20ac<\/b><\/td><\/tr><tr><td><span class=\"css-name\">ProductHero<\/span> <img decoding=\"async\" class=\"logo-img\" src=\"https:\/\/verteco.shop\/wp-content\/uploads\/2024\/03\/full_logo.svg\" alt=\"ProductHero\" title=\"-\"><\/td><td><img decoding=\"async\" src=\"https:\/\/verteco.shop\/wp-content\/uploads\/2025\/01\/rb_8426-1.webp\" width=\"auto\" alt=\"- -\" title=\"-\"><\/td><td><img decoding=\"async\" src=\"https:\/\/verteco.shop\/wp-content\/uploads\/2025\/01\/rb_8426-1.webp\" width=\"auto\" alt=\"- -\" title=\"-\"><\/td><td><img decoding=\"async\" src=\"https:\/\/verteco.shop\/wp-content\/uploads\/2025\/01\/rb_8426-1.webp\" width=\"auto\" alt=\"- -\" title=\"-\"><\/td><td><img decoding=\"async\" src=\"https:\/\/verteco.shop\/wp-content\/uploads\/2025\/01\/rb_8426-1.webp\" width=\"auto\" alt=\"- -\" title=\"-\"><\/td><td>\u274c<\/td> <td>\u274c<\/td><td><img decoding=\"async\" src=\"https:\/\/verteco.shop\/wp-content\/uploads\/2025\/01\/rb_8426-1.webp\" width=\"auto\" alt=\"- -\" title=\"-\"><\/td><td><img decoding=\"async\" style=\"max-width: 35px;\" src=\"https:\/\/verteco.shop\/wp-content\/uploads\/2025\/01\/Flag_of_Europe.svg_.webp\" alt=\"E\u00da\" title=\"-\"><\/td><td><b>39 \u20ac<\/b><\/td><\/tr><tr><td><span class=\"css-name\">Shopping in EU<\/span> <img decoding=\"async\" src=\"https:\/\/verteco.shop\/wp-content\/uploads\/2024\/03\/shopping-eu-logo_default_ret.png\" alt=\"Shopping in EU\" title=\"-\"><\/td><td><img decoding=\"async\" src=\"https:\/\/verteco.shop\/wp-content\/uploads\/2025\/01\/rb_8426-1.webp\" width=\"auto\" alt=\"- -\" title=\"-\"><\/td><td><img decoding=\"async\" src=\"https:\/\/verteco.shop\/wp-content\/uploads\/2025\/01\/rb_8426-1.webp\" width=\"auto\" alt=\"- -\" title=\"-\"><\/td><td><img decoding=\"async\" src=\"https:\/\/verteco.shop\/wp-content\/uploads\/2025\/01\/rb_8426-1.webp\" width=\"auto\" alt=\"- -\" title=\"-\"><\/td><td><img decoding=\"async\" src=\"https:\/\/verteco.shop\/wp-content\/uploads\/2025\/01\/rb_8426-1.webp\" width=\"auto\" alt=\"- -\" title=\"-\"><\/td><td>\u274c<\/td> <td>\u274c<\/td> <td>\u274c<\/td><td><img decoding=\"async\" style=\"max-width: 35px;\" src=\"https:\/\/verteco.shop\/wp-content\/uploads\/2025\/01\/Flag_of_Europe.svg_.webp\" alt=\"E\u00da\" title=\"-\"><\/td><td><b>29 \u20ac<\/b><\/td><\/tr><tr><td><span class=\"css-name\">Heureka<\/span> <img decoding=\"async\" src=\"https:\/\/verteco.shop\/wp-content\/uploads\/2024\/03\/logo-heureka-1.svg\" alt=\"Heureka\" title=\"-\"><\/td><td><img decoding=\"async\" src=\"https:\/\/verteco.shop\/wp-content\/uploads\/2025\/01\/rb_8426-1.webp\" width=\"auto\" alt=\"- -\" title=\"-\"><\/td><td><img decoding=\"async\" src=\"https:\/\/verteco.shop\/wp-content\/uploads\/2025\/01\/rb_8426-1.webp\" width=\"auto\" alt=\"- -\" title=\"-\"><\/td><td>\u274c<\/td> <td>\u274c<\/td> <td>\u274c<\/td> <td>\u274c<\/td> <td>\u274c<\/td><td><img decoding=\"async\" style=\"max-width: 35px;\" src=\"https:\/\/verteco.shop\/wp-content\/uploads\/2025\/01\/Flag_of_Slovakia.svg_.webp\" alt=\"SK\" title=\"-\"><br><img decoding=\"async\" style=\"max-width: 35px;\" src=\"https:\/\/verteco.shop\/wp-content\/uploads\/2025\/01\/cz.webp\" alt=\"CZ\" title=\"-\"><\/td><td><b>40 \u20ac<\/b><\/td><\/tr><tr><td><span class=\"css-name\">TRUDA<\/span> <img decoding=\"async\" src=\"https:\/\/verteco.shop\/wp-content\/uploads\/2024\/03\/LOGO-TRUDA-MARE-removebg-preview.png\" alt=\"TRUDA\" title=\"-\"><\/td><td><img decoding=\"async\" src=\"https:\/\/verteco.shop\/wp-content\/uploads\/2025\/01\/rb_8426-1.webp\" width=\"auto\" alt=\"- -\" title=\"-\"><\/td><td><img decoding=\"async\" src=\"https:\/\/verteco.shop\/wp-content\/uploads\/2025\/01\/rb_8426-1.webp\" width=\"auto\" alt=\"- -\" title=\"-\"><\/td><td><img decoding=\"async\" src=\"https:\/\/verteco.shop\/wp-content\/uploads\/2025\/01\/rb_8426-1.webp\" width=\"auto\" alt=\"- -\" title=\"-\"><\/td><td><img decoding=\"async\" src=\"https:\/\/verteco.shop\/wp-content\/uploads\/2025\/01\/rb_8426-1.webp\" width=\"auto\" alt=\"- -\" title=\"-\"><\/td><td><img decoding=\"async\" src=\"https:\/\/verteco.shop\/wp-content\/uploads\/2025\/01\/rb_8426-1.webp\" width=\"auto\" alt=\"- -\" title=\"-\"><\/td><td>\u274c<\/td> <td>\u274c<\/td><td><img decoding=\"async\" style=\"max-width: 35px;\" src=\"https:\/\/verteco.shop\/wp-content\/uploads\/2025\/01\/Flag_of_Romania.svg_.webp\" alt=\"RO\" title=\"-\"><\/td><td><b>350 \u20ac<\/b><\/td><\/tr><tr><td><span class=\"css-name\">Trovaprezzi.it<\/span> <img decoding=\"async\" src=\"https:\/\/verteco.shop\/wp-content\/uploads\/2024\/03\/logo-3f1dfbb2fe31161e2732962ce235b720c74cc6f05ba38e45d7d6c14c981de2c8.png\" alt=\"trovaprezzi.it\" title=\"-\"><\/td><td><img decoding=\"async\" src=\"https:\/\/verteco.shop\/wp-content\/uploads\/2025\/01\/rb_8426-1.webp\" width=\"auto\" alt=\"- -\" title=\"-\"><\/td><td>\u274c<\/td><td><img decoding=\"async\" src=\"https:\/\/verteco.shop\/wp-content\/uploads\/2025\/01\/rb_8426-1.webp\" width=\"auto\" alt=\"- -\" title=\"-\"><\/td><td>\u274c<\/td> <td>\u274c<\/td> <td>\u274c<\/td> <td>\u274c<\/td><td><img decoding=\"async\" style=\"max-width: 35px;\" src=\"https:\/\/verteco.shop\/wp-content\/uploads\/2025\/01\/it-0.webp\" alt=\"IT\" title=\"-\"><\/td><td><b>?<\/b><\/td><\/tr><tr><td><span class=\"css-name\">Klarna CSS<\/span> <img decoding=\"async\" src=\"https:\/\/verteco.shop\/wp-content\/uploads\/2024\/03\/Klarna_Logo_black.svg_.png\" alt=\"klarna css\" title=\"-\"><\/td><td><img decoding=\"async\" src=\"https:\/\/verteco.shop\/wp-content\/uploads\/2025\/01\/rb_8426-1.webp\" width=\"auto\" alt=\"- -\" title=\"-\"><\/td><td>\u274c<\/td><td><img decoding=\"async\" src=\"https:\/\/verteco.shop\/wp-content\/uploads\/2025\/01\/rb_8426-1.webp\" width=\"auto\" alt=\"- -\" title=\"-\"><\/td><td>\u274c<\/td> <td>\u274c<\/td> <td>\u274c<\/td> <td>\u274c<\/td><td><img decoding=\"async\" style=\"max-width: 35px;\" src=\"https:\/\/verteco.shop\/wp-content\/uploads\/2025\/01\/Flag_of_Europe.svg_.webp\" alt=\"E\u00da\" title=\"-\"><\/td><td><b>?<\/b><\/td><\/tr><tr><td><span class=\"css-name\">Shoparize<\/span> <img decoding=\"async\" src=\"https:\/\/verteco.shop\/wp-content\/uploads\/2024\/03\/Shoparize-logo-css.png\" alt=\"shoparize\" title=\"-\"><\/td><td><img decoding=\"async\" src=\"https:\/\/verteco.shop\/wp-content\/uploads\/2025\/01\/rb_8426-1.webp\" width=\"auto\" alt=\"- -\" title=\"-\"><\/td><td>\u274c<\/td> <td>\u274c<\/td><td><img decoding=\"async\" src=\"https:\/\/verteco.shop\/wp-content\/uploads\/2025\/01\/rb_8426-1.webp\" width=\"auto\" alt=\"- -\" title=\"-\"><\/td><td>\u274c<\/td> <td>\u274c<\/td> <td>\u274c<\/td><td><img decoding=\"async\" style=\"max-width: 35px;\" src=\"https:\/\/verteco.shop\/wp-content\/uploads\/2025\/01\/Flag_of_Europe.svg_.webp\" alt=\"E\u00da\" title=\"-\"><\/td><td><b>39 \u20ac<\/b><\/td><\/tr><\/tbody><\/table><\/figure>\t\t\t\t\t\t\t\t<\/div>\n\t\t\t\t<\/div>\n\t\t\t\t<div class=\"elementor-element elementor-element-6bfd8e0 elementor-widget__width-initial elementor-widget-tablet__width-inherit elementor-widget elementor-widget-text-editor\" data-id=\"6bfd8e0\" data-element_type=\"widget\" data-e-type=\"widget\" data-widget_type=\"text-editor.default\">\n\t\t\t\t<div class=\"elementor-widget-container\">\n\t\t\t\t\t\t\t\t\tK dne\u0161n\u00e9mu d\u0148u je v celej Eur\u00f3pskej \u00fanii akt\u00edvnych viac ako 80 pr\u00e9miov\u00fdch CSS partnerov spolo\u010dnosti Google. Kompletn\u00fd zoznam partnerov si m\u00f4\u017eete pozrie\u0165 <a href=\"https:\/\/comparisonshoppingpartners.withgoogle.com\/find_a_partner\/?page=0&amp;seed=1331544&amp;is_premium=1&amp;is_subset=0&amp;search_filters=partner_search%3A\" target=\"_blank\" rel=\"noopener\">tu<\/a> .\t\t\t\t\t\t\t\t<\/div>\n\t\t\t\t<\/div>\n\t\t\t\t\t<\/div>\n\t\t<\/div>\n\t\t\t\t\t<\/div>\n\t\t<\/section>\n\t\t\t\t<section class=\"elementor-section elementor-top-section elementor-element elementor-element-4e68d90 elementor-section-full_width elementor-section-height-default elementor-section-height-default\" data-id=\"4e68d90\" data-element_type=\"section\" data-e-type=\"section\" data-settings=\"{&quot;background_background&quot;:&quot;classic&quot;}\">\n\t\t\t\t\t\t<div class=\"elementor-container elementor-column-gap-default\">\n\t\t\t\t\t<div class=\"elementor-column elementor-col-50 elementor-top-column elementor-element elementor-element-817d1ec\" data-id=\"817d1ec\" data-element_type=\"column\" data-e-type=\"column\">\n\t\t\t<div class=\"elementor-widget-wrap elementor-element-populated\">\n\t\t\t\t\t\t<div class=\"elementor-element elementor-element-e7a8e9b elementor-widget elementor-widget-heading\" data-id=\"e7a8e9b\" data-element_type=\"widget\" data-e-type=\"widget\" data-widget_type=\"heading.default\">\n\t\t\t\t<div class=\"elementor-widget-container\">\n\t\t\t\t\t<h2 class=\"elementor-heading-title elementor-size-default\">Aj ke\u010f sa slu\u017eby na prv\u00fd poh\u013ead m\u00f4\u017eu zda\u0165 podobn\u00e9, rozdiely v cen\u00e1ch a ponuke zd\u00f4raz\u0148uj\u00fa v\u00fdznam d\u00f4kladn\u00e9ho porovnania. <br>Tento pr\u00edstup je obzvl\u00e1\u0161\u0165 v\u00fdhodn\u00fd pre region\u00e1lne podniky, ale mo\u017eno ho prisp\u00f4sobi\u0165 aj na porovnanie v in\u00fdch regi\u00f3noch alebo s na\u0161imi slu\u017ebami.<\/h2>\t\t\t\t<\/div>\n\t\t\t\t<\/div>\n\t\t\t\t\t<\/div>\n\t\t<\/div>\n\t\t\t\t<div class=\"elementor-column elementor-col-50 elementor-top-column elementor-element elementor-element-e7a7e91\" data-id=\"e7a7e91\" data-element_type=\"column\" data-e-type=\"column\">\n\t\t\t<div class=\"elementor-widget-wrap elementor-element-populated\">\n\t\t\t\t\t\t<div class=\"elementor-element elementor-element-dadcb16 elementor-widget elementor-widget-text-editor\" data-id=\"dadcb16\" data-element_type=\"widget\" data-e-type=\"widget\" data-widget_type=\"text-editor.default\">\n\t\t\t\t<div class=\"elementor-widget-container\">\n\t\t\t\t\t\t\t\t\t<div class=\"flex max-w-full flex-col flex-grow\"><div class=\"min-h-8 text-message flex w-full flex-col items-end gap-2 whitespace-normal break-words text-start [.text-message+&amp;]:mt-5\" dir=\"auto\" data-message-author-role=\"assistant\" data-message-id=\"19b8b360-cf34-41a7-aa1d-c9a94c4ea7f6\" data-message-model-slug=\"gpt-4o\"><div class=\"flex w-full flex-col gap-1 empty:hidden first:pt-[3px]\"><div class=\"markdown prose w-full break-words dark:prose-invert dark\"><p>Medzi k\u013e\u00fa\u010dov\u00e9 faktory pri v\u00fdbere CSS partnera patr\u00ed jeho schopnos\u0165 v\u00fdrazne zn\u00ed\u017ei\u0165 n\u00e1klady na CPC, a t\u00fdm zv\u00fd\u0161i\u0165 po\u010det kliknut\u00ed, CTR, a konverzi\u00ed vo va\u0161ich kampaniach. Neocenite\u013en\u00e1 m\u00f4\u017ee by\u0165 aj \u0161pecializovan\u00e1 podpora od partnera na porovn\u00e1vanie cien, najm\u00e4 v oblastiach, ako s\u00fa n\u00e1kupy a reklamy s maxim\u00e1lnym v\u00fdkonom, spolu s komplexnou spr\u00e1vou v\u00e1\u0161ho \u00fa\u010dtu Google Merchant Center. Tak\u00e1to odbornos\u0165 nielen zvy\u0161uje efektivitu kampan\u00ed, ale poskytuje aj strategick\u00e9 vedenie.  <\/p><p>Rozsah slu\u017eieb CSS partnera je k\u013e\u00fa\u010dov\u00fd, najm\u00e4 pre podniky, ktor\u00e9 pl\u00e1nuj\u00fa expandova\u0165. Partner, ktor\u00fd p\u00f4sob\u00ed na va\u0161ich cie\u013eov\u00fdch trhoch m\u00f4\u017ee expanziu zjednodu\u0161i\u0165 t\u00fdm, \u017ee eliminuje potrebu h\u013eadania nov\u00fdch miestnych partnerov. Rovnako je d\u00f4le\u017eit\u00e9 zv\u00e1\u017ei\u0165 faktory, ako s\u00fa sk\u00fa\u0161obn\u00e9 obdobia a n\u00e1sledn\u00e9 n\u00e1klady, aby ste mohli slu\u017ebu pos\u00fadi\u0165 pred t\u00fdm, ako sa \u00faplne zavia\u017eete.  <\/p><p>Stru\u010dne povedan\u00e9, v\u00fdber CSS partnera zah\u0155\u0148a zv\u00e1\u017eenie mnoh\u00fdch aspektov nad r\u00e1mec okam\u017eitej ponuky, od region\u00e1lneho pokrytia a \u0161pecializovanej podpory a\u017e po sk\u00fa\u0161obn\u00e9 obdobia a \u00favahy o n\u00e1kladoch. Tak\u00e1to strategick\u00e1 vo\u013eba m\u00f4\u017ee v\u00fdrazne ovplyvni\u0165 efektivitu a rozsah v\u00e1\u0161ho \u00fasilia v oblasti online inzercie. <\/p><\/div><\/div><\/div><\/div><div class=\"mb-2 flex gap-3 empty:hidden -ml-2\"><div class=\"items-center justify-start rounded-xl p-1 flex\"><div class=\"flex items-center\"> <\/div><\/div><\/div>\t\t\t\t\t\t\t\t<\/div>\n\t\t\t\t<\/div>\n\t\t\t\t\t<\/div>\n\t\t<\/div>\n\t\t\t\t\t<\/div>\n\t\t<\/section>\n\t\t\t\t<\/div>\n\t\t","protected":false},"excerpt":{"rendered":"<p>Porovnanie CSS Partnerov Zoznam porovn\u00e1vac\u00edch slu\u017eieb E\u00da V\u00fdber spr\u00e1vneho CSS partnera je k\u013e\u00fa\u010dov\u00fd, najm\u00e4 vzh\u013eadom na jeho \u00falohu pri potenci\u00e1lnom zvy\u0161ovan\u00ed dosahu a efekt\u00edvnosti va\u0161ej reklamy z dlhodob\u00e9ho h\u013eadiska. T\u00e1to vo\u013eba je d\u00f4le\u017eit\u00e1, preto\u017ee spr\u00e1vny CSS partner m\u00f4\u017ee v\u00fdrazne roz\u0161\u00edri\u0165 va\u0161e reklamn\u00e9 kampane do viacer\u00fdch eur\u00f3pskych kraj\u00edn, \u010do podpor\u00ed expanziu a konsolid\u00e1ciu trhu. Pon\u00fakame v\u00e1m [&hellip;]<\/p>\n","protected":false},"author":1,"featured_media":0,"parent":0,"menu_order":0,"comment_status":"closed","ping_status":"closed","template":"","meta":{"footnotes":""},"class_list":["post-22070","page","type-page","status-publish","hentry"],"_links":{"self":[{"href":"https:\/\/verteco.shop\/sk\/wp-json\/wp\/v2\/pages\/22070","targetHints":{"allow":["GET"]}}],"collection":[{"href":"https:\/\/verteco.shop\/sk\/wp-json\/wp\/v2\/pages"}],"about":[{"href":"https:\/\/verteco.shop\/sk\/wp-json\/wp\/v2\/types\/page"}],"author":[{"embeddable":true,"href":"https:\/\/verteco.shop\/sk\/wp-json\/wp\/v2\/users\/1"}],"replies":[{"embeddable":true,"href":"https:\/\/verteco.shop\/sk\/wp-json\/wp\/v2\/comments?post=22070"}],"version-history":[{"count":0,"href":"https:\/\/verteco.shop\/sk\/wp-json\/wp\/v2\/pages\/22070\/revisions"}],"wp:attachment":[{"href":"https:\/\/verteco.shop\/sk\/wp-json\/wp\/v2\/media?parent=22070"}],"curies":[{"name":"wp","href":"https:\/\/api.w.org\/{rel}","templated":true}]}}