{"id":9995,"date":"2023-05-18T23:08:13","date_gmt":"2023-05-18T21:08:13","guid":{"rendered":"https:\/\/verteco.shop\/termeni-de-serviciu\/"},"modified":"2024-08-20T18:35:42","modified_gmt":"2024-08-20T16:35:42","slug":"termeni-de-serviciu","status":"publish","type":"page","link":"https:\/\/verteco.shop\/ro\/termeni-de-serviciu\/","title":{"rendered":"Termeni \u0219i condi\u021bii de utilizare"},"content":{"rendered":"\t\t<div data-elementor-type=\"wp-page\" data-elementor-id=\"9995\" class=\"elementor elementor-9995 elementor-7045\" data-elementor-post-type=\"page\">\n\t\t\t\t\t\t<section class=\"elementor-section elementor-top-section elementor-element elementor-element-2140112 elementor-section-boxed elementor-section-height-default elementor-section-height-default\" data-id=\"2140112\" data-element_type=\"section\" data-e-type=\"section\">\n\t\t\t\t\t\t<div class=\"elementor-container elementor-column-gap-default\">\n\t\t\t\t\t<div class=\"elementor-column elementor-col-100 elementor-top-column elementor-element elementor-element-c52fb5b\" data-id=\"c52fb5b\" data-element_type=\"column\" data-e-type=\"column\">\n\t\t\t<div class=\"elementor-widget-wrap elementor-element-populated\">\n\t\t\t\t\t\t<div class=\"elementor-element elementor-element-e3899a0 elementor-widget elementor-widget-heading\" data-id=\"e3899a0\" data-element_type=\"widget\" data-e-type=\"widget\" data-widget_type=\"heading.default\">\n\t\t\t\t<div class=\"elementor-widget-container\">\n\t\t\t\t\t<h2 class=\"elementor-heading-title elementor-size-default\">Termeni \u0219i condi\u021bii de utilizare<\/h2>\t\t\t\t<\/div>\n\t\t\t\t<\/div>\n\t\t\t\t\t<\/div>\n\t\t<\/div>\n\t\t\t\t\t<\/div>\n\t\t<\/section>\n\t\t\t\t<section class=\"elementor-section elementor-top-section elementor-element elementor-element-2f6b0dc3 elementor-section-boxed elementor-section-height-default elementor-section-height-default\" data-id=\"2f6b0dc3\" data-element_type=\"section\" data-e-type=\"section\">\n\t\t\t\t\t\t<div class=\"elementor-container elementor-column-gap-default\">\n\t\t\t\t\t<div class=\"elementor-column elementor-col-100 elementor-top-column elementor-element elementor-element-6f586bdd\" data-id=\"6f586bdd\" data-element_type=\"column\" data-e-type=\"column\">\n\t\t\t<div class=\"elementor-widget-wrap elementor-element-populated\">\n\t\t\t\t\t\t<div class=\"elementor-element elementor-element-73b178c0 elementor-widget elementor-widget-text-editor\" data-id=\"73b178c0\" data-element_type=\"widget\" data-e-type=\"widget\" data-widget_type=\"text-editor.default\">\n\t\t\t\t<div class=\"elementor-widget-container\">\n\t\t\t\t\t\t\t\t\t<p style=\"text-align: start;\">Ace\u0219ti Termeni \u0219i condi\u021bii (\u201eTermeni\u201d) sunt emisi de Elite Digital Services, LLC, o companie cu r\u0103spundere limitat\u0103 din Delaware, cu sediul social la 1111B S Governors Ave, STE 21653, Dover, DE 19904, SUA (denumit\u0103 \u00een continuare \u201eVerteco \u201d, \u201enoi\u201d, \u201enoi\u201d sau \u201enostru\u201d). Ace\u0219ti Termeni guverneaz\u0103 accesul \u0219i utilizarea serviciilor noastre, inclusiv, dar f\u0103r\u0103 a se limita la, programul Verteco.shop Comparison Shopping Service (CSS), site-ul nostru web, instrumentele \u0219i orice alte caracteristici furnizate de noi (denumite \u00een mod colectiv \u201e Servicii\u201d). <\/p>\n<p style=\"text-align: start;\">Prin accesarea sau utilizarea Serviciilor noastre, dvs. (\u201edvs.\u201d, \u201edvs.\u201d sau \u201eClientul\u201d) recunoa\u0219te\u021bi c\u0103 a\u021bi citit, \u00een\u021beles \u0219i sunte\u021bi de acord s\u0103 fi\u021bi legat din punct de vedere legal de ace\u0219ti Termeni. Dac\u0103 nu sunte\u021bi de acord cu ace\u0219ti Termeni, nu trebuie s\u0103 utiliza\u021bi Serviciile noastre. <\/p>\n<p style=\"text-align: start;\">Verteco.shop ofer\u0103 un serviciu specializat de comparare a cump\u0103r\u0103turilor (CSS) conceput pentru a optimiza eficien\u021ba anun\u021burilor pentru cump\u0103r\u0103turi Google. Folosind un cadru legal, CSS-ul nostru permite agen\u021bilor de publicitate s\u0103 ob\u021bin\u0103 o reducere poten\u021bial\u0103 de p\u00e2n\u0103 la 20% a costurilor de publicitate prin tranzi\u021bia de la CSS implicit al Google la platforma noastr\u0103. Aceast\u0103 tranzi\u021bie faciliteaz\u0103 o publicitate mai rentabil\u0103 prin rate \u00eembun\u0103t\u0103\u021bite de cost-pe-clic (CPC). Oferim o versiune de \u00eencercare simpl\u0103, f\u0103r\u0103 riscuri, care v\u0103 men\u021bine set\u0103rile existente ale campaniei, asigur\u00e2nd at\u00e2t securitatea datelor, c\u00e2t \u0219i u\u0219urin\u021ba succesului publicitar continuu.   <\/p>\n<p style=\"text-align: start;\">\n<ol style=\"text-align: left;\">\n<li><strong>Acceptarea condi\u021biilor<\/strong><\/li>\n<\/ol>\n<p style=\"text-align: left;\">Prin accesarea sau utilizarea Serviciilor noastre, recunoa\u0219te\u021bi c\u0103 a\u021bi citit, \u00een\u021beles \u0219i sunte\u021bi de acord s\u0103 fi\u021bi legat din punct de vedere legal de ace\u0219ti Termeni \u0219i Politica noastr\u0103 de confiden\u021bialitate. Dac\u0103 nu sunte\u021bi de acord cu vreo parte a acestor Termeni, trebuie s\u0103 v\u0103 ab\u021bine\u021bi de la accesarea sau utilizarea Serviciilor noastre. <\/p>\n<ol style=\"text-align: left;\" start=\"2\">\n<li><strong>Eligibilitate<\/strong><\/li>\n<\/ol>\n<p style=\"text-align: left;\">Trebuie s\u0103 ave\u021bi cel pu\u021bin 18 ani pentru a accesa sau utiliza Serviciile noastre. Prin accesarea sau utilizarea Serviciilor noastre, declara\u021bi \u0219i garanta\u021bi c\u0103 ave\u021bi cel pu\u021bin 18 ani \u0219i c\u0103 utiliza\u021bi Serviciile noastre exclusiv \u00een scopuri antreprenoriale, de afaceri sau profesionale. Serviciile noastre sunt destinate exclusiv persoanelor fizice sau entit\u0103\u021bilor care desf\u0103\u0219oar\u0103 activit\u0103\u021bi comerciale. Dac\u0103 nu \u00eendeplini\u021bi aceste cerin\u021be, vi se interzice utilizarea Serviciilor noastre.   <\/p>\n<ol style=\"text-align: left;\" start=\"3\">\n<li><strong>\u00cenregistrarea contului<\/strong><\/li>\n<\/ol>\n<p>Pentru a accesa anumite caracteristici ale Serviciilor noastre, este posibil s\u0103 vi se cear\u0103 s\u0103 v\u0103 crea\u021bi un cont. Sunte\u021bi singurul responsabil pentru men\u021binerea confiden\u021bialit\u0103\u021bii acredit\u0103rilor contului dvs., inclusiv numele de utilizator \u0219i parola, \u0219i pentru toate activit\u0103\u021bile care au loc \u00een contul dvs. Sunte\u021bi de acord s\u0103 ne notifica\u021bi cu promptitudine orice acces sau utilizare neautorizat\u0103 a contului dvs. sau orice alt\u0103 \u00eenc\u0103lcare a securit\u0103\u021bii. Nu suntem r\u0103spunz\u0103tori pentru nicio pierdere sau daune rezultate din nerespectarea de c\u0103tre dumneavoastr\u0103 a acestei obliga\u021bii de securitate.  <\/p>\n<ol style=\"text-align: left;\" start=\"4\">\n<li><strong>\u00cencercare gratuit\u0103<\/strong><\/li>\n<\/ol>\n<p>Oferim o perioad\u0103 de \u00eencercare gratuit\u0103 de 30 de zile pentru programul nostru CSS, timp \u00een care nu sunt necesare informa\u021bii despre card de credit sau de plat\u0103. La expirarea perioadei de prob\u0103, accesul \u00een continuare la Serviciile noastre va cere s\u0103 selecta\u021bi un plan de pre\u021b \u0219i s\u0103 furniza\u021bi informa\u021bii de plat\u0103 valide. Nerespectarea acestui lucru va duce la suspendarea accesului dumneavoastr\u0103 la Servicii. Continu\u00e2nd s\u0103 utiliza\u021bi Serviciile noastre dup\u0103 expirarea perioadei de \u00eencercare gratuit\u0103, sunte\u021bi de acord s\u0103 selecta\u021bi \u0219i s\u0103 v\u0103 abona\u021bi la un plan de servicii cu plat\u0103 \u0219i recunoa\u0219te\u021bi c\u0103 sunte\u021bi obligat s\u0103 \u00eendeplini\u021bi condi\u021biile de plat\u0103 asociate cu planul ales.   <\/p>\n<ol style=\"text-align: left;\" start=\"5\">\n<li><strong>Pre\u021buri \u0219i pl\u0103\u021bi<\/strong><\/li>\n<\/ol>\n<p>Planurile noastre de pre\u021buri sunt disponibile pe site-ul nostru web, oferind diverse op\u021biuni adaptate pentru a r\u0103spunde diferitelor nevoi. Pl\u0103\u021bile sunt datorate fie lunar, fie anual, \u00een func\u021bie de planul pe care \u00eel selecta\u021bi. \u00cen conformitate cu comunic\u0103rile individuale \u0219i la discre\u021bia noastr\u0103, ne rezerv\u0103m dreptul de a extinde oferte de reduceri, bonusuri sau alte stimulente promo\u021bionale. Astfel de oferte pot fi furnizate de la caz la caz \u0219i nu constituie o obliga\u021bie din partea noastr\u0103 de a extinde condi\u021bii similare oric\u0103rui alt client sau \u00een orice alt moment. Aceste reduceri \u0219i bonusuri sunt oferite exclusiv la discre\u021bia noastr\u0103 \u0219i pot fi supuse unor termeni \u0219i condi\u021bii suplimentare, a\u0219a cum sunt specificate la momentul ofertei. Toate taxele nu sunt rambursabile, cu excep\u021bia cazului \u00een care este cerut de legea aplicabil\u0103.     <\/p>\n<p>Pentru a evita orice dubiu, \u00een timp ce Elite Digital Services, LLC este entitate principal\u0103 responsabil\u0103 pentru furnizarea de Servicii \u00een conformitate cu ace\u0219ti Termeni, anumite Servicii pot fi facturate de c\u0103tre afilia\u021bii sau subsidiarele noastre, at\u00e2t \u00een \u200b\u200binteriorul, c\u00e2t \u0219i \u00een afara Statelor Unite, a\u0219a cum se consider\u0103 necesar pentru func\u021bionare. eficien\u0163\u0103. \u00cen ciuda oric\u0103ror astfel de acorduri de facturare, Elite Digital Services, LLC r\u0103m\u00e2ne entitatea principal\u0103 \u00een ceea ce prive\u0219te execu\u021bia general\u0103 a Serviciilor \u0219i respectarea acestor Termeni. <\/p>\n<p>Fiind de acord cu ace\u0219ti Termeni, sunte\u021bi de acord cu posibilitatea ca facturi s\u0103 fie emise de alte entit\u0103\u021bi dec\u00e2t Elite Digital Services, LLC, f\u0103r\u0103 a v\u0103 afecta obliga\u021biile conform acestor Termeni. Toate entit\u0103\u021bile de facturare vor fi autorizate de Elite Digital Services, LLC \u0219i vor ac\u021biona \u00een numele acesteia \u00een leg\u0103tur\u0103 cu Serviciile furnizate. <\/p>\n<ol style=\"text-align: left;\" start=\"6\">\n<li><strong>Modific\u0103ri ale serviciilor \u0219i ale termenilor<\/strong><\/li>\n<\/ol>\n<p>Ne rezerv\u0103m dreptul de a modifica Serviciile noastre sau ace\u0219ti Termeni \u00een orice moment, la discre\u021bia noastr\u0103. \u00cen cazul oric\u0103ror modific\u0103ri semnificative ale acestor Termeni, v\u0103 vom notifica prin postarea Termenilor actualiza\u021bi pe site-ul nostru web sau prin alte mijloace de comunicare adecvate. Utilizarea \u00een continuare a Serviciilor noastre dup\u0103 notificarea unor astfel de modific\u0103ri constituie acceptarea de c\u0103tre dvs. a Termenilor revizui\u021bi. Dac\u0103 nu sunte\u021bi de acord cu Termenii modifica\u021bi, trebuie s\u0103 \u00eentrerupe\u021bi imediat utilizarea Serviciilor.   <\/p>\n<ol style=\"text-align: left;\" start=\"7\">\n<li><strong>Terminare<\/strong><\/li>\n<\/ol>\n<p>Oricare dintre p\u0103r\u021bi poate rezilia prezentul acord \u00een orice moment, din orice motiv, furniz\u00e2nd o notificare scris\u0103 celeilalte p\u0103r\u021bi. La reziliere, trebuie s\u0103 \u00eentrerupe\u021bi imediat orice utilizare a Serviciilor noastre \u0219i v\u0103 vom dezactiva imediat accesul la platforma noastr\u0103. Rezilierea acestui acord nu elibereaz\u0103 niciuna dintre p\u0103r\u021bi de nicio obliga\u021bie sau r\u0103spundere care s-a acumulat \u00eenainte de data rezilierii.  <\/p>\n<ol style=\"text-align: left;\" start=\"8\">\n<li><strong>Proprietatea intelectual\u0103<\/strong><\/li>\n<\/ol>\n<p>Tot con\u021binutul, m\u0103rcile comerciale \u0219i alte propriet\u0103\u021bi intelectuale asociate cu Serviciile noastre sunt proprietatea exclusiv\u0103 a serviciilor digitale Verteco sau a licen\u021biatorilor s\u0103i. Vi se interzice utilizarea, modificarea, reproducerea, distribuirea sau exploatarea \u00een alt mod a oric\u0103rei propriet\u0103\u021bi intelectuale f\u0103r\u0103 a ob\u021bine \u00een prealabil acordul nostru scris. Utilizarea neautorizat\u0103 a propriet\u0103\u021bii noastre intelectuale poate duce la ac\u021biuni legale.  <\/p>\n<ol style=\"text-align: left;\" start=\"9\">\n<li><strong>Declin\u0103ri \u0219i limit\u0103ri de r\u0103spundere<\/strong><\/li>\n<\/ol>\n<p>Prin utilizarea Serviciilor noastre, recunoa\u0219te\u021bi \u0219i sunte\u021bi de acord c\u0103 nu avem acces la conturile dvs. Google Ads sau Google Merchant Center. Ca atare, sunte\u021bi singurul responsabil pentru ac\u021biunile, deciziile \u0219i orice erori sau omisiuni din aceste conturi. Aceasta include orice daune poten\u021biale, cum ar fi pierderea de profituri, date sau fonduri comerciale. De\u0219i ne angaj\u0103m s\u0103 oferim servicii de \u00eenalt\u0103 calitate, \u00een\u021belege\u021bi c\u0103 nu putem fi tra\u0219i la r\u0103spundere pentru problemele care decurg din ac\u021biunile dumneavoastr\u0103 sau din orice circumstan\u021be aflate \u00een afara controlului nostru. Se a\u0219teapt\u0103 s\u0103 v\u0103 gestiona\u021bi conturile \u00een mod competent, \u0219tiind c\u0103 nu vom interveni sau le vom accesa \u00een numele dumneavoastr\u0103.    <\/p>\n<ol style=\"text-align: left;\" start=\"10\">\n<li><strong>Legea aplicabil\u0103 \u0219i jurisdic\u021bia<\/strong><\/li>\n<\/ol>\n<p>Ace\u0219ti Termeni sunt guverna\u021bi de legile aplicabile \u0219i ne angaj\u0103m s\u0103 le respect\u0103m. Orice disput\u0103 care decurge din sau este legat\u0103 de ace\u0219ti Termeni sau de utilizarea de c\u0103tre dvs. a Serviciilor noastre va fi solu\u021bionat\u0103 exclusiv de instan\u021bele aflate \u00een jurisdic\u021bia sediului principal de afaceri al furnizorului de servicii. Prin utilizarea Serviciilor noastre, sunte\u021bi de acord s\u0103 v\u0103 supune\u021bi jurisdic\u021biei acestor instan\u021be pentru solu\u021bionarea oric\u0103ror astfel de dispute.  <\/p>\n<ol style=\"text-align: left;\" start=\"11\">\n<li><strong>Separabilitate<\/strong><\/li>\n<\/ol>\n<p>Dac\u0103 vreo parte a acestor Termeni se dovede\u0219te a fi inaplicabil\u0103 sau invalid\u0103, acea parte specific\u0103 va fi ajustat\u0103 sau eliminat\u0103 c\u00e2t mai pu\u021bin posibil, astfel \u00eenc\u00e2t restul Condi\u021biilor va continua s\u0103 fie pe deplin efective \u0219i aplicabile.<\/p>\n<ol style=\"text-align: left;\" start=\"12\">\n<li><strong>\u00centregul acord<\/strong><\/li>\n<\/ol>\n<p style=\"text-align: left;\">Ace\u0219ti Termeni, \u00eempreun\u0103 cu Politica noastr\u0103 de confiden\u021bialitate, constituie \u00eentregul acord \u00eentre dumneavoastr\u0103 \u0219i Verteco cu privire la utilizarea de c\u0103tre dumneavoastr\u0103 a Serviciilor noastre, \u00eenlocuind orice acorduri, comunic\u0103ri \u0219i propuneri anterioare sau contemporane, fie ele orale sau scrise, \u00eentre dumneavoastr\u0103 \u0219i Verteco.<\/p>\n<p style=\"text-align: left;\">Dac\u0103 ave\u021bi \u00eentreb\u0103ri sau nel\u0103muriri cu privire la ace\u0219ti Termeni sau la Serviciile noastre, v\u0103 rug\u0103m s\u0103 ne contacta\u021bi la adresa de e-mail: <a href=\"mailto:info@verteco.shop\">info@verteco.shop<\/a>.<\/p>\n<p style=\"text-align: left;\">\u00a9 Elite Digital Services, LLC<\/p>\n<p style=\"text-align: left;\">  Toate drepturile rezervate.<\/p>\n<p>Versiune: 20.08.2024  <\/p>\n\t\t\t\t\t\t\t\t<\/div>\n\t\t\t\t<\/div>\n\t\t\t\t\t<\/div>\n\t\t<\/div>\n\t\t\t\t\t<\/div>\n\t\t<\/section>\n\t\t\t\t<\/div>\n\t\t","protected":false},"excerpt":{"rendered":"<p>Termeni \u0219i condi\u021bii de utilizare Ace\u0219ti Termeni \u0219i condi\u021bii (\u201eTermeni\u201d) sunt emisi de Elite Digital Services, LLC, o companie cu r\u0103spundere limitat\u0103 din Delaware, cu sediul social la 1111B S Governors Ave, STE 21653, Dover, DE 19904, SUA (denumit\u0103 \u00een continuare \u201eVerteco \u201d, \u201enoi\u201d, \u201enoi\u201d sau \u201enostru\u201d). Ace\u0219ti Termeni guverneaz\u0103 accesul \u0219i utilizarea serviciilor noastre, [&hellip;]<\/p>\n","protected":false},"author":1,"featured_media":0,"parent":0,"menu_order":0,"comment_status":"closed","ping_status":"closed","template":"","meta":{"footnotes":""},"class_list":["post-9995","page","type-page","status-publish","hentry"],"_links":{"self":[{"href":"https:\/\/verteco.shop\/ro\/wp-json\/wp\/v2\/pages\/9995","targetHints":{"allow":["GET"]}}],"collection":[{"href":"https:\/\/verteco.shop\/ro\/wp-json\/wp\/v2\/pages"}],"about":[{"href":"https:\/\/verteco.shop\/ro\/wp-json\/wp\/v2\/types\/page"}],"author":[{"embeddable":true,"href":"https:\/\/verteco.shop\/ro\/wp-json\/wp\/v2\/users\/1"}],"replies":[{"embeddable":true,"href":"https:\/\/verteco.shop\/ro\/wp-json\/wp\/v2\/comments?post=9995"}],"version-history":[{"count":0,"href":"https:\/\/verteco.shop\/ro\/wp-json\/wp\/v2\/pages\/9995\/revisions"}],"wp:attachment":[{"href":"https:\/\/verteco.shop\/ro\/wp-json\/wp\/v2\/media?parent=9995"}],"curies":[{"name":"wp","href":"https:\/\/api.w.org\/{rel}","templated":true}]}}