{"id":23747,"date":"2024-07-03T20:41:50","date_gmt":"2024-07-03T18:41:50","guid":{"rendered":"https:\/\/verteco.shop\/tot-ce-trebuie-sa-stii-despre-css\/"},"modified":"2024-07-03T20:52:21","modified_gmt":"2024-07-03T18:52:21","slug":"tot-ce-trebuie-sa-stii-despre-css","status":"publish","type":"page","link":"https:\/\/verteco.shop\/ro\/tot-ce-trebuie-sa-stii-despre-css\/","title":{"rendered":"Tot ce trebuie s\u0103 \u0219tii despre CSS"},"content":{"rendered":"\n<p>Dac\u0103 ave\u021bi un magazin online sau lucra\u021bi pentru o agen\u021bie de marketing, probabil c\u0103 a\u021bi auzit deja despre CSS \u2013 Serviciul de comparare de cump\u0103r\u0103turi Google. Dac\u0103 v\u0103 ocupa\u021bi deja de campanii Google Ads, probabil c\u0103 sunte\u021bi familiarizat cu subiectul. \u0218i dac\u0103 nu a\u021bi auzit niciodat\u0103 de CSS, acum este momentul s\u0103 afla\u021bi cum v\u0103 poate ajuta s\u0103 v\u0103 promova\u021bi eficient afacerea pe motorul de c\u0103utare Google.<\/p>\n\n<h2 class=\"wp-block-heading\">De ce exist\u0103 servicii de comparare a cump\u0103r\u0103turilor (CSS)?<\/h2>\n\n<p>Cu to\u021bii am \u00eent\u00e2lnit acele site-uri speciale unde putem compara pre\u021burile produselor din diferite magazine: aceste tipuri de site-uri se numesc portaluri de comparare a pre\u021burilor. Probabil cel mai cunoscut portal din aceast\u0103 categorie este Google Shopping.<\/p>\n\n<p>Pentru a plasa anun\u021buri pentru Cump\u0103r\u0103turi Google (cunoscute \u0219i ca \u201eAnun\u021buri cu afi\u0219are de produse\u201d), produsele companiei dvs. trebuie s\u0103 fie listate pe un astfel de portal de comparare a pre\u021burilor (sau mai multe portaluri).<\/p>\n\n<p>P\u00e2n\u0103 \u00een 2017, Google a de\u021binut un monopol cu \u200b\u200bpropriul portal de pre\u021buri, Google Shopping, unde a prezentat anun\u021buri pentru Cump\u0103r\u0103turi Google. Aceast\u0103 situa\u021bie a fost considerat\u0103 nedreapt\u0103, iar unele companii au decis s\u0103 ia m\u0103suri legale \u00eempotriva celebrului motor de c\u0103utare. Pozi\u021bia de monopol a Google a fost sanc\u021bionat\u0103 de instan\u021b\u0103, ceea ce a dus la pierderea cauzei Google \u0219i a fost obligat\u0103 de Comisia European\u0103 s\u0103 lanseze programul CSS \u2013 Comparison Shopping Services.<\/p>\n\n<p>Nu toate portalurile de compara\u021bie particip\u0103 la acest program. CSS trebuie s\u0103 fie certificat special de Google \u0219i trebuie s\u0103 \u00eendeplineasc\u0103 cerin\u021be specifice.<\/p>\n\n<p>Toate portalurile de comparare a pre\u021burilor \u00eenregistrate \u00een programul Google Comparison Shopping Services \u0219i c\u0103rora li s-a acordat statutul de partener CSS au permisiunea de a plasa anun\u021buri de produse pentru comercian\u021bi \u00een rezultatele c\u0103ut\u0103rii Google.<\/p>\n\n<h2 class=\"wp-block-heading\">Care este diferen\u021ba cu anun\u021burile pl\u0103tite?<\/h2>\n\n<ul class=\"wp-block-list\">\n<li>Marja Google nu mai este dedus\u0103 din costul pe clic (CPC).<\/li>\n\n\n\n<li>\u00cen partea de jos a tuturor anun\u021burilor sponsorizate, \u00een loc de \u201eDe la Google\u201d, scrie \u201eDe XX\u201d.<\/li>\n<\/ul>\n\n<h2 class=\"wp-block-heading\">Cum po\u021bi spune c\u0103 marja Google exist\u0103?<\/h2>\n\n<p>Iat\u0103 ce spune Google despre marja sa:<\/p>\n\n<p>Google nu specific\u0103 exact c\u00e2t este marja; poate fi calculat doar empiric dup\u0103 trecerea la un furnizor CSS pe baza rezultatelor. Din experien\u021b\u0103, aceast\u0103 marj\u0103 este de aproximativ 20% din CPC. Aceasta este celebra reducere promovat\u0103 de partenerii CSS.<\/p>\n\n<p>De ce nu vezi direct \u00een contul t\u0103u c\u0103 pl\u0103te\u0219ti de fapt pentru CSS-ul Google?<\/p>\n\n<p>Aceasta este o decizie intern\u0103 a Google. Marja este dedus\u0103 din costul pe clic \u00eenainte ca oferta dvs. s\u0103 intre \u00een licita\u021bie. Dac\u0103 utiliza\u021bi Google Cump\u0103r\u0103turi CSS (cel prestabilit), oferta dvs. real\u0103 este cu aproximativ 20% mai mic\u0103 dec\u00e2t cea a unui comerciant care lucreaz\u0103 deja cu un alt portal CSS (nu Google CSS) \u0219i, prin urmare, este prezent\u0103 cu o sum\u0103 licitat\u0103 cu 20% mai mare \u00een Licita\u021bie Google.<\/p>\n\n<p>Desigur, pl\u0103ti\u021bi aceast\u0103 marj\u0103 c\u0103tre Cump\u0103r\u0103turi Google numai dac\u0103 cineva face clic pe anun\u021b (dac\u0103 nu, nu se percepe nicio marj\u0103). Dar oferta dvs. \u00een licita\u021bia Google este \u00eenc\u0103 cu aproximativ 20% mai mic\u0103 de fiecare dat\u0103.<\/p>\n\n<h2 class=\"wp-block-heading\">Un partener CSS percepe o tax\u0103 pentru utilizarea CSS-ului?<\/h2>\n\n<p>Da, cel mai adesea este un abonament lunar. Exist\u0103 sute de parteneri CSS cu o gam\u0103 larg\u0103 de oferte. Multe agen\u021bii aleg s\u0103 lucreze cu un anumit furnizor de CSS, iar unele chiar au propriul lor CSS (de exemplu, Verteco Digital, o agen\u021bie de marketing digital, are propriul CSS \u2013 Verteco Shop).<\/p>\n\n<h2 class=\"wp-block-heading\">Se vor pierde datele din feed dup\u0103 migrarea la alt CSS? \u00cemi va strica sau schimba campaniile de marketing?<\/h2>\n\n<p>Nu. Migrarea de la un CSS la altul are loc intern \u00eentre furnizorul CSS \u0219i Google. Google \u201econecteaz\u0103\u201d contul dvs. Merchant Center la un cont CSS, iar marja Google nu mai este dedus\u0103 din CPC atunci c\u00e2nd anun\u021burile intr\u0103 \u00een licita\u021bie. Dac\u0103 se \u00eent\u00e2mpl\u0103 ceva cu datele (de\u0219i nu ar trebui), este vina Google, nu a CSS-ului.<\/p>\n\n<h2 class=\"wp-block-heading\">Google \u00eempinge \u00een jos campaniile care sunt create folosind un alt CSS?<\/h2>\n\n<p>Nu, Google nu vrea s\u0103 ajung\u0103 din nou \u00een instan\u021b\u0103 \u0219i s\u0103 fie penalizat \ud83d\ude0a<\/p>\n\n<p>Deci, totul depinde de c\u00e2t de bine v\u0103 gestiona\u021bi campaniile de marketing. Cu campanii slab direc\u021bionate, nici m\u0103car Cump\u0103r\u0103turi Google ca CSS nu poate ajuta.<\/p>\n\n<h2 class=\"wp-block-heading\">Marja Google nu va mai fi taxat\u0103. Ce se \u00eent\u00e2mpl\u0103 cu bugetul meu?<\/h2>\n\n<p>Nu mai pl\u0103ti\u021bi marja Google, dar, desigur, Google nu va trimite banii \u00eenapoi la bugetul dvs. de publicitate. \u00cen realitate, oferta dvs. este automat cu 20% mai mare \u0219i v\u0103 pute\u021bi folosi bugetul pentru anun\u021burile Google mult mai eficient. Depinde de dvs. cum s\u0103 v\u0103 gestiona\u021bi campaniile, astfel \u00eenc\u00e2t strategia dvs. s\u0103 dea roade. Pute\u021bi fie s\u0103 p\u0103stra\u021bi acela\u0219i buget \u0219i s\u0103 ob\u021bine\u021bi mai multe clicuri pe anun\u021b, fie s\u0103 reduce\u021bi costul pe clic \u0219i s\u0103 men\u021bine\u021bi acelea\u0219i rezultate \u00een timp ce cheltui\u021bi mai pu\u021bin.<\/p>\n\n<h2 class=\"wp-block-heading\">\u00cen ce \u021b\u0103ri este disponibil programul Google CSS?<\/h2>\n\n<p>Programul este disponibil \u00een 21 de \u021b\u0103ri din UE \u0219i din afara UE: Germania, Austria, Elve\u021bia, Grecia, Ungaria, Irlanda, Italia, \u021a\u0103rile de Jos, Norvegia, Belgia, Republica Ceh\u0103, Danemarca, Finlanda, Fran\u021ba, Polonia, Portugalia, Rom\u00e2nia, Slovacia, Spania, Suedia \u0219i Regatul Unit. Deci, \u00een esen\u021b\u0103, \u021b\u0103rile UE, Marea Britanie \u0219i Elve\u021bia.<\/p>\n\n<h2 class=\"wp-block-heading\">Cum pute\u021bi utiliza at\u00e2t un CSS extern, c\u00e2t \u0219i un CSS Google \u00een acela\u0219i timp?<\/h2>\n\n<p>Pute\u021bi utiliza dou\u0103 conturi Merchant Center. Primul cont este conectat la Cump\u0103r\u0103turi Google. Al doilea \u2013 c\u0103tre un CSS extern.<\/p>\n\n<h2 class=\"wp-block-heading\">C\u00e2te CSS po\u021bi folosi \u00een acela\u0219i timp?<\/h2>\n\n<p>C\u00e2te vrei tu.<\/p>\n\n<h2 class=\"wp-block-heading\">Ce se \u00eent\u00e2mpl\u0103?<\/h2>\n\n<p>Nimic bun. Dac\u0103 utiliza\u021bi mai multe CSS-uri simultan, nu ve\u021bi ob\u021bine o acoperire mai mare, deoarece Google \u00eempiedic\u0103 \u00eenregistr\u0103rile multiple ale anun\u021burilor unui furnizor.<\/p>\n\n<p>Din punct de vedere al performan\u021bei, acest lucru nu este recomandat. Nu exist\u0103 avantaje; de fapt, exist\u0103 chiar \u0219i unele dezavantaje, cum ar fi canibalizarea propriilor anun\u021buri \u0219i ob\u021binerea unui rezultat general mai slab.<\/p>\n\n<h2 class=\"wp-block-heading\">Cum difer\u0103 furnizorii de CSS unul de altul?<\/h2>\n\n<p>Exist\u0103 trei categorii de CSS:<\/p>\n\n<ul class=\"wp-block-list\">\n<li>Participant<\/li>\n\n\n\n<li>Partener CSS<\/li>\n\n\n\n<li>Partener CSS Premium<\/li>\n<\/ul>\n\n<p>Un Partener CSS Premium are mai mul\u021bi comercian\u021bi \u00eenregistra\u021bi ca clien\u021bi (doar \u00een ceea ce prive\u0219te num\u0103rul). Dar nu este \u00eentotdeauna un avantaj. Un furnizor de CSS cu sute de clien\u021bi \u00een afara dvs. nu v\u0103 va putea gestiona eficient \u0219i nu v\u0103 va oferi suport adecvat, mai ales \u00een limba dvs. matern\u0103. Verteco ofer\u0103 suport personalizat tuturor \u021b\u0103rilor participante la programul Verteco Shop, cu manageri special aloca\u021bi, vorbitori nativi, care ofer\u0103 suport \u0219i asisten\u021b\u0103 eficient.<\/p>\n\n<p>Din punct de vedere tehnic, nu exist\u0103 nicio diferen\u021b\u0103 \u00eentre Participant, Partener CSS \u0219i Partener CSS Premium. Marja Google nu este taxat\u0103 pentru niciuna dintre ele. Dar un CSS poate oferi servicii suplimentare sau poate gestiona campaniile dvs. de publicitate.<\/p>\n\n<p>Este bine s\u0103 te g\u00e2nde\u0219ti la ce anume ai nevoie \u0219i c\u00e2t cost\u0103. Nu are rost s\u0103 pl\u0103te\u0219ti pentru servicii doar pentru c\u0103 sunt oferite de un furnizor mare \u0219i binecunoscut, dar \u0219i foarte scumpe pe pia\u021b\u0103. Practic, toate CSS-urile externe ofer\u0103 exact acela\u0219i lucru. Dimensiunea \u0219i vechimea companiei garanteaz\u0103 servicii de calitate superioar\u0103. Din punct de vedere tehnic, toate CSS-urile sunt la fel; diferen\u021bele sunt doar estetice, \u00een design, nu func\u021bionalitate.<\/p>\n\n<h2 class=\"wp-block-heading\">Concluzie<\/h2>\n\n<p>Furnizorii Google CSS ofer\u0103 comercian\u021bilor un avantaj la licitare fa\u021b\u0103 de concuren\u021bii care nu folosesc \u00eenc\u0103 CSS extern (cu excep\u021bia CSS Google Shopping \u00een sine). Este \u00een\u021belept s\u0103 alege\u021bi un CSS pentru care ave\u021bi toate informa\u021biile necesare \u0219i s\u0103 \u00eel pute\u021bi testa deoarece Verteco, de exemplu, ofer\u0103 posibilitatea de a-l folosi gratuit timp de o lun\u0103.<\/p>\n","protected":false},"excerpt":{"rendered":"<p>Dac\u0103 ave\u021bi un magazin online sau lucra\u021bi pentru o agen\u021bie de marketing, probabil c\u0103 a\u021bi auzit deja despre CSS \u2013 Serviciul de comparare de cump\u0103r\u0103turi Google. Dac\u0103 v\u0103 ocupa\u021bi deja de campanii Google Ads, probabil c\u0103 sunte\u021bi familiarizat cu subiectul. \u0218i dac\u0103 nu a\u021bi auzit niciodat\u0103 de CSS, acum este momentul s\u0103 afla\u021bi cum v\u0103 [&hellip;]<\/p>\n","protected":false},"author":1,"featured_media":0,"parent":0,"menu_order":0,"comment_status":"closed","ping_status":"closed","template":"","meta":{"footnotes":""},"class_list":["post-23747","page","type-page","status-publish","hentry"],"_links":{"self":[{"href":"https:\/\/verteco.shop\/ro\/wp-json\/wp\/v2\/pages\/23747","targetHints":{"allow":["GET"]}}],"collection":[{"href":"https:\/\/verteco.shop\/ro\/wp-json\/wp\/v2\/pages"}],"about":[{"href":"https:\/\/verteco.shop\/ro\/wp-json\/wp\/v2\/types\/page"}],"author":[{"embeddable":true,"href":"https:\/\/verteco.shop\/ro\/wp-json\/wp\/v2\/users\/1"}],"replies":[{"embeddable":true,"href":"https:\/\/verteco.shop\/ro\/wp-json\/wp\/v2\/comments?post=23747"}],"version-history":[{"count":0,"href":"https:\/\/verteco.shop\/ro\/wp-json\/wp\/v2\/pages\/23747\/revisions"}],"wp:attachment":[{"href":"https:\/\/verteco.shop\/ro\/wp-json\/wp\/v2\/media?parent=23747"}],"curies":[{"name":"wp","href":"https:\/\/api.w.org\/{rel}","templated":true}]}}