{"id":22059,"date":"2024-03-21T20:49:52","date_gmt":"2024-03-21T18:49:52","guid":{"rendered":"https:\/\/verteco.shop\/comparatie-parteneri-css-lista-de-parteneri-css-din-eu-cu-preturile-lor\/"},"modified":"2025-05-08T09:30:31","modified_gmt":"2025-05-08T07:30:31","slug":"comparatie-parteneri-css-lista-de-parteneri-css-din-eu-cu-preturile-lor","status":"publish","type":"page","link":"https:\/\/verteco.shop\/ro\/comparatie-parteneri-css-lista-de-parteneri-css-din-eu-cu-preturile-lor\/","title":{"rendered":"Compararea partenerilor CSS &#8211; Lista serviciilor de cump\u0103r\u0103turi de compara\u021bie din UE"},"content":{"rendered":"\t\t<div data-elementor-type=\"wp-page\" data-elementor-id=\"22059\" class=\"elementor elementor-22059 elementor-21181\" data-elementor-post-type=\"page\">\n\t\t\t\t\t\t<section class=\"elementor-section elementor-top-section elementor-element elementor-element-2c3c623 elementor-section-full_width elementor-section-height-min-height elementor-section-items-stretch elementor-section-height-default\" data-id=\"2c3c623\" data-element_type=\"section\" data-e-type=\"section\" data-settings=\"{&quot;background_background&quot;:&quot;classic&quot;}\">\n\t\t\t\t\t\t\t<div class=\"elementor-background-overlay\"><\/div>\n\t\t\t\t\t\t\t<div class=\"elementor-container elementor-column-gap-default\">\n\t\t\t\t\t<div class=\"elementor-column elementor-col-50 elementor-top-column elementor-element elementor-element-696c71f\" data-id=\"696c71f\" data-element_type=\"column\" data-e-type=\"column\">\n\t\t\t<div class=\"elementor-widget-wrap elementor-element-populated\">\n\t\t\t\t\t\t<div class=\"elementor-element elementor-element-aebc636 elementor-widget elementor-widget-heading\" data-id=\"aebc636\" data-element_type=\"widget\" data-e-type=\"widget\" data-widget_type=\"heading.default\">\n\t\t\t\t<div class=\"elementor-widget-container\">\n\t\t\t\t\t<h2 class=\"elementor-heading-title elementor-size-default\">Compara\u021bia partenerilor CSS<\/h2>\t\t\t\t<\/div>\n\t\t\t\t<\/div>\n\t\t\t\t<div class=\"elementor-element elementor-element-0e4f1d9 elementor-widget elementor-widget-heading\" data-id=\"0e4f1d9\" data-element_type=\"widget\" data-e-type=\"widget\" data-widget_type=\"heading.default\">\n\t\t\t\t<div class=\"elementor-widget-container\">\n\t\t\t\t\t<h2 class=\"elementor-heading-title elementor-size-default\">Lista serviciilor de comparare din UE<\/h2>\t\t\t\t<\/div>\n\t\t\t\t<\/div>\n\t\t\t\t<div class=\"elementor-element elementor-element-a4dd4d1 elementor-widget elementor-widget-text-editor\" data-id=\"a4dd4d1\" data-element_type=\"widget\" data-e-type=\"widget\" data-widget_type=\"text-editor.default\">\n\t\t\t\t<div class=\"elementor-widget-container\">\n\t\t\t\t\t\t\t\t\t<b>Alegerea partenerului CSS potrivit este esen\u021bial\u0103, mai ales av\u00e2nd \u00een vedere rolul acestuia \u00een poten\u021biala cre\u0219terea acoperirii \u0219i eficien\u021bei publicit\u0103\u021bii pe termen lung.<\/b>  Importan\u021ba acestei alegeri const\u0103 \u00een capacitatea partenerilor CSS de a v\u0103 extinde semnificativ campaniile publicitare \u00een mai multe \u021b\u0103ri europene, sprijinind astfel extinderea \u0219i consolidarea pie\u021bei.\t\t\t\t\t\t\t\t<\/div>\n\t\t\t\t<\/div>\n\t\t\t\t\t<\/div>\n\t\t<\/div>\n\t\t\t\t<div class=\"elementor-column elementor-col-50 elementor-top-column elementor-element elementor-element-881b69d\" data-id=\"881b69d\" data-element_type=\"column\" data-e-type=\"column\">\n\t\t\t<div class=\"elementor-widget-wrap elementor-element-populated\">\n\t\t\t\t\t\t<div class=\"elementor-element elementor-element-26e4b5b elementor-widget-tablet__width-initial elementor-widget elementor-widget-image\" data-id=\"26e4b5b\" data-element_type=\"widget\" data-e-type=\"widget\" data-widget_type=\"image.default\">\n\t\t\t\t<div class=\"elementor-widget-container\">\n\t\t\t\t\t\t\t\t\t\t\t\t\t\t\t<img fetchpriority=\"high\" decoding=\"async\" width=\"800\" height=\"740\" src=\"https:\/\/verteco.shop\/wp-content\/uploads\/2025\/01\/Verteco-shop_img_tel_01-2-1-1024x947.webp\" class=\"attachment-large size-large wp-image-31044\" alt=\"- -\" srcset=\"https:\/\/verteco.shop\/wp-content\/uploads\/2025\/01\/Verteco-shop_img_tel_01-2-1-1024x947.webp 1024w, https:\/\/verteco.shop\/wp-content\/uploads\/2025\/01\/Verteco-shop_img_tel_01-2-1-300x278.webp 300w, https:\/\/verteco.shop\/wp-content\/uploads\/2025\/01\/Verteco-shop_img_tel_01-2-1-768x710.webp 768w, https:\/\/verteco.shop\/wp-content\/uploads\/2025\/01\/Verteco-shop_img_tel_01-2-1-1536x1421.webp 1536w, https:\/\/verteco.shop\/wp-content\/uploads\/2025\/01\/Verteco-shop_img_tel_01-2-1.webp 1800w\" sizes=\"(max-width: 800px) 100vw, 800px\" title=\"-\">\t\t\t\t\t\t\t\t\t\t\t\t\t\t\t<\/div>\n\t\t\t\t<\/div>\n\t\t\t\t\t<\/div>\n\t\t<\/div>\n\t\t\t\t\t<\/div>\n\t\t<\/section>\n\t\t\t\t<section class=\"elementor-section elementor-top-section elementor-element elementor-element-5aa4980 elementor-section-full_width elementor-section-height-default elementor-section-height-default\" data-id=\"5aa4980\" data-element_type=\"section\" data-e-type=\"section\">\n\t\t\t\t\t\t<div class=\"elementor-container elementor-column-gap-default\">\n\t\t\t\t\t<div class=\"elementor-column elementor-col-100 elementor-top-column elementor-element elementor-element-9054300\" data-id=\"9054300\" data-element_type=\"column\" data-e-type=\"column\">\n\t\t\t<div class=\"elementor-widget-wrap elementor-element-populated\">\n\t\t\t\t\t\t<div class=\"elementor-element elementor-element-9854e6d elementor-widget elementor-widget-heading\" data-id=\"9854e6d\" data-element_type=\"widget\" data-e-type=\"widget\" data-widget_type=\"heading.default\">\n\t\t\t\t<div class=\"elementor-widget-container\">\n\t\t\t\t\t<h2 class=\"elementor-heading-title elementor-size-default\">Aici v\u0103 oferim o compara\u021bie a CSS-ului cel mai des folosit \u00een Europa<\/h2>\t\t\t\t<\/div>\n\t\t\t\t<\/div>\n\t\t\t\t<div class=\"elementor-element elementor-element-63f3c49 elementor-widget__width-initial elementor-widget-tablet__width-inherit elementor-widget elementor-widget-text-editor\" data-id=\"63f3c49\" data-element_type=\"widget\" data-e-type=\"widget\" data-widget_type=\"text-editor.default\">\n\t\t\t\t<div class=\"elementor-widget-container\">\n\t\t\t\t\t\t\t\t\t<div class=\"flex-shrink-0 flex flex-col relative items-end\"><div class=\"pt-0.5\"><div class=\"gizmo-shadow-stroke flex h-6 w-6 items-center justify-center overflow-hidden rounded-full\"><div class=\"relative p-1 rounded-sm h-9 w-9 text-white flex items-center justify-center\"><strong>Diferi\u021bi parteneri CSS sunt disponibili \u00een \u00eentreaga UE, fiecare cu propriile sale oferte, structuri de pre\u021b \u0219i condi\u021bii contractuale unice. Este esen\u021bial s\u0103 re\u021bine\u021bi c\u0103 nu to\u021bi partenerii ofer\u0103 servicii \u00een fiecare \u021bar\u0103 european\u0103, subliniind importan\u021ba unui proces de selec\u021bie personalizat. <\/strong><\/div><\/div><\/div><\/div>\t\t\t\t\t\t\t\t<\/div>\n\t\t\t\t<\/div>\n\t\t\t\t<div class=\"elementor-element elementor-element-936f1b3 elementor-widget elementor-widget-html\" data-id=\"936f1b3\" data-element_type=\"widget\" data-e-type=\"widget\" data-widget_type=\"html.default\">\n\t\t\t\t<div class=\"elementor-widget-container\">\n\t\t\t\t\t<!DOCTYPE html><html lang=\"en\"><head><meta charset=\"UTF-8\" \/><title>CSS Comparison Table<\/title><style>.custom-table {\n  overflow-x: auto; \/* Enables horizontal scrolling *\/\n  -webkit-overflow-scrolling: touch; \/* Ensures smooth scrolling on iOS *\/\n  margin:0;\n}\n\n.custom-table table {\n  width: 100%;\n  min-width: 800px; \/* Ensures the table doesn't shrink too much *\/\n  border-collapse: collapse;\n  border: none;\n  margin: 0;\n  font-size:12px;\n  color: #333;\n  font-family: Poppins;\n}\n\nthead th {\n  background-color: transparent;\n  padding: 0;\n  text-align: left;\n  border: none;\n  text-align: center;\n  vertical-align: middle;\n}\n\ntbody td {\n  border: none;\n  padding: 12px;\n  vertical-align: middle;\n}\n\ntbody td:not(:first-child) {display:box;\n  text-align: center;\n  justify-content: center;\n}\n\ntbody tr {\n  background: transparent;\n}\n\ntable caption + thead tr:first-child th, \ntable caption + thead tr:first-child td, \ntable colgroup + thead tr:first-child th, \ntable colgroup + thead tr:first-child td, \ntable thead:first-child tr:first-child th, \ntable thead:first-child tr:first-child td {\n  border-block-start: 0px solid;\n}\n\ntable {\n  table-layout: fixed; \/* Nastav\u00ed pevn\u00e9 rozlo\u017eenie st\u013apcov *\/\n}\n\n.custom-table colgroup col {\n  width: 9%; \/* Rovnak\u00e1 \u0161\u00edrka pre v\u0161etky st\u013apce *\/\n}\n\n.custom-table colgroup col:first-child {\n  width: 14.5%; \/* V\u00e4\u010d\u0161ia \u0161\u00edrka pre prv\u00fd st\u013apec *\/\n}\n\nthead th, tbody td {\n  word-wrap: break-word;\n  white-space: normal;\n}\n\n.custom-table {\n  overflow-x: auto;\n}\n\n.custom-table table {\n  table-layout: fixed;\n  min-width: 800px;\n}\n\n\/* Hover effect *\/\ntbody tr:hover {\n  background-color: #D49C2CAB;\n}\n\n\/* CSS Name above logo *\/\n.css-name {\n  font-weight: bold;\n  margin-bottom: 8px;\n  display: block;\n}\n\n\/* Logo images *\/\n.custom-table img {\n  max-width: auto;\n  max-height: 30px;\n  display: block;\n  margin:auto;\n}\n\n.custom-table td:first-child img {\n  max-height: 30px;\n  margin: 0;\n}\n\n\n\n\/* Media query for smaller devices *\/\n@media screen and (max-width: 768px) {\n  .custom-table table {\n    font-size: 9px; \/* Adjust font size for smaller screens *\/\n  }\n}\n  <\/style><\/head>\t\t\t\t<\/div>\n\t\t\t\t<\/div>\n\t\t\t\t<div class=\"elementor-element elementor-element-31085d9 elementor-widget elementor-widget-text-editor\" data-id=\"31085d9\" data-element_type=\"widget\" data-e-type=\"widget\" data-widget_type=\"text-editor.default\">\n\t\t\t\t<div class=\"elementor-widget-container\">\n\t\t\t\t\t\t\t\t\t<figure class=\"custom-table\"><table><colgroup> <col> <col> <col> <col> <col> <col> <col> <col> <col> <col> <\/colgroup><thead><tr><th> <\/th><th>Cre\u0219tere cu 20% a eficacit\u0103\u021bii CPC<\/th><th>Consultatii<\/th><th>\u00cencercare gratuit\u0103<\/th><th>Servicii suplimentare<\/th><th>Planul agen\u021biei<\/th><th>Pret garantat<\/th><th>Platform\u0103 de optimizare<\/th><th>\u021a\u0103ri<\/th><th>Cost\/lun\u0103<\/th><\/tr><\/thead><tbody><tr><td><span class=\"css-name\">verteco.shop  <\/span> <img decoding=\"async\" class=\"logo-img\" src=\"https:\/\/verteco.shop\/wp-content\/uploads\/2024\/03\/verteco_logo-shop1.png\" alt=\"Verteco Shop\" title=\"-\"><\/td><td><img decoding=\"async\" src=\"https:\/\/verteco.shop\/wp-content\/uploads\/2025\/01\/rb_8426-1.webp\" alt=\"Verteco Shop\" width=\"auto\" title=\"-\"><\/td><td><img decoding=\"async\" src=\"https:\/\/verteco.shop\/wp-content\/uploads\/2025\/01\/rb_8426-1.webp\" width=\"auto\" alt=\"- -\" title=\"-\"><\/td><td><img decoding=\"async\" src=\"https:\/\/verteco.shop\/wp-content\/uploads\/2025\/01\/rb_8426-1.webp\" width=\"auto\" alt=\"- -\" title=\"-\"><\/td><td><img decoding=\"async\" src=\"https:\/\/verteco.shop\/wp-content\/uploads\/2025\/01\/rb_8426-1.webp\" width=\"auto\" alt=\"- -\" title=\"-\"><\/td><td><img decoding=\"async\" src=\"https:\/\/verteco.shop\/wp-content\/uploads\/2025\/01\/rb_8426-1.webp\" width=\"auto\" alt=\"- -\" title=\"-\"><\/td><td><img decoding=\"async\" src=\"https:\/\/verteco.shop\/wp-content\/uploads\/2025\/01\/rb_8426-1.webp\" width=\"auto\" alt=\"- -\" title=\"-\"><\/td><td><img decoding=\"async\" src=\"https:\/\/verteco.shop\/wp-content\/uploads\/2025\/01\/rb_8426-1.webp\" width=\"auto\" alt=\"- -\" title=\"-\"><\/td><td><img decoding=\"async\" style=\"max-width: 35px;\" src=\"https:\/\/verteco.shop\/wp-content\/uploads\/2025\/01\/Flag_of_Europe.svg_.webp\" alt=\"UE\" title=\"-\"><\/td><td><b>19 \u20ac<\/b><\/td><\/tr><tr><td><span class=\"css-name\">ProductHero<\/span> <img decoding=\"async\" class=\"logo-img\" src=\"https:\/\/verteco.shop\/wp-content\/uploads\/2024\/03\/full_logo.svg\" alt=\"ProductHero\" title=\"-\"><\/td><td><img decoding=\"async\" src=\"https:\/\/verteco.shop\/wp-content\/uploads\/2025\/01\/rb_8426-1.webp\" width=\"auto\" alt=\"- -\" title=\"-\"><\/td><td><img decoding=\"async\" src=\"https:\/\/verteco.shop\/wp-content\/uploads\/2025\/01\/rb_8426-1.webp\" width=\"auto\" alt=\"- -\" title=\"-\"><\/td><td><img decoding=\"async\" src=\"https:\/\/verteco.shop\/wp-content\/uploads\/2025\/01\/rb_8426-1.webp\" width=\"auto\" alt=\"- -\" title=\"-\"><\/td><td><img decoding=\"async\" src=\"https:\/\/verteco.shop\/wp-content\/uploads\/2025\/01\/rb_8426-1.webp\" width=\"auto\" alt=\"- -\" title=\"-\"><\/td><td>\u274c<\/td> <td>\u274c<\/td><td><img decoding=\"async\" src=\"https:\/\/verteco.shop\/wp-content\/uploads\/2025\/01\/rb_8426-1.webp\" width=\"auto\" alt=\"- -\" title=\"-\"><\/td><td><img decoding=\"async\" style=\"max-width: 35px;\" src=\"https:\/\/verteco.shop\/wp-content\/uploads\/2025\/01\/Flag_of_Europe.svg_.webp\" alt=\"UE\" title=\"-\"><\/td><td><b>39 \u20ac<\/b><\/td><\/tr><tr><td><span class=\"css-name\">Shopping in EU<\/span> <img decoding=\"async\" src=\"https:\/\/verteco.shop\/wp-content\/uploads\/2024\/03\/shopping-eu-logo_default_ret.png\" alt=\"Shopping in EU\" title=\"-\"><\/td><td><img decoding=\"async\" src=\"https:\/\/verteco.shop\/wp-content\/uploads\/2025\/01\/rb_8426-1.webp\" width=\"auto\" alt=\"- -\" title=\"-\"><\/td><td><img decoding=\"async\" src=\"https:\/\/verteco.shop\/wp-content\/uploads\/2025\/01\/rb_8426-1.webp\" width=\"auto\" alt=\"- -\" title=\"-\"><\/td><td><img decoding=\"async\" src=\"https:\/\/verteco.shop\/wp-content\/uploads\/2025\/01\/rb_8426-1.webp\" width=\"auto\" alt=\"- -\" title=\"-\"><\/td><td><img decoding=\"async\" src=\"https:\/\/verteco.shop\/wp-content\/uploads\/2025\/01\/rb_8426-1.webp\" width=\"auto\" alt=\"- -\" title=\"-\"><\/td><td>\u274c<\/td> <td>\u274c<\/td> <td>\u274c<\/td><td><img decoding=\"async\" style=\"max-width: 35px;\" src=\"https:\/\/verteco.shop\/wp-content\/uploads\/2025\/01\/Flag_of_Europe.svg_.webp\" alt=\"UE\" title=\"-\"><\/td><td><b>29 \u20ac<\/b><\/td><\/tr><tr><td><span class=\"css-name\">Heureka<\/span> <img decoding=\"async\" src=\"https:\/\/verteco.shop\/wp-content\/uploads\/2024\/03\/logo-heureka-1.svg\" alt=\"Heureka\" title=\"-\"><\/td><td><img decoding=\"async\" src=\"https:\/\/verteco.shop\/wp-content\/uploads\/2025\/01\/rb_8426-1.webp\" width=\"auto\" alt=\"- -\" title=\"-\"><\/td><td><img decoding=\"async\" src=\"https:\/\/verteco.shop\/wp-content\/uploads\/2025\/01\/rb_8426-1.webp\" width=\"auto\" alt=\"- -\" title=\"-\"><\/td><td>\u274c<\/td> <td>\u274c<\/td> <td>\u274c<\/td> <td>\u274c<\/td> <td>\u274c<\/td><td><img decoding=\"async\" style=\"max-width: 35px;\" src=\"https:\/\/verteco.shop\/wp-content\/uploads\/2025\/01\/Flag_of_Slovakia.svg_.webp\" alt=\"SK\" title=\"-\"><br><img decoding=\"async\" style=\"max-width: 35px;\" src=\"https:\/\/verteco.shop\/wp-content\/uploads\/2025\/01\/cz.webp\" alt=\"CZ\" title=\"-\"><\/td><td><b>40 \u20ac<\/b><\/td><\/tr><tr><td><span class=\"css-name\">TRUDA<\/span> <img decoding=\"async\" src=\"https:\/\/verteco.shop\/wp-content\/uploads\/2024\/03\/LOGO-TRUDA-MARE-removebg-preview.png\" alt=\"TRUDA\" title=\"-\"><\/td><td><img decoding=\"async\" src=\"https:\/\/verteco.shop\/wp-content\/uploads\/2025\/01\/rb_8426-1.webp\" width=\"auto\" alt=\"- -\" title=\"-\"><\/td><td><img decoding=\"async\" src=\"https:\/\/verteco.shop\/wp-content\/uploads\/2025\/01\/rb_8426-1.webp\" width=\"auto\" alt=\"- -\" title=\"-\"><\/td><td><img decoding=\"async\" src=\"https:\/\/verteco.shop\/wp-content\/uploads\/2025\/01\/rb_8426-1.webp\" width=\"auto\" alt=\"- -\" title=\"-\"><\/td><td><img decoding=\"async\" src=\"https:\/\/verteco.shop\/wp-content\/uploads\/2025\/01\/rb_8426-1.webp\" width=\"auto\" alt=\"- -\" title=\"-\"><\/td><td><img decoding=\"async\" src=\"https:\/\/verteco.shop\/wp-content\/uploads\/2025\/01\/rb_8426-1.webp\" width=\"auto\" alt=\"- -\" title=\"-\"><\/td><td>\u274c<\/td> <td>\u274c<\/td><td><img decoding=\"async\" style=\"max-width: 35px;\" src=\"https:\/\/verteco.shop\/wp-content\/uploads\/2025\/01\/Flag_of_Romania.svg_.webp\" alt=\"RO\" title=\"-\"><\/td><td><b>350 \u20ac<\/b><\/td><\/tr><tr><td><span class=\"css-name\">Trovaprezzi.it<\/span> <img decoding=\"async\" src=\"https:\/\/verteco.shop\/wp-content\/uploads\/2024\/03\/logo-3f1dfbb2fe31161e2732962ce235b720c74cc6f05ba38e45d7d6c14c981de2c8.png\" alt=\"trovaprezzi.it\" title=\"-\"><\/td><td><img decoding=\"async\" src=\"https:\/\/verteco.shop\/wp-content\/uploads\/2025\/01\/rb_8426-1.webp\" width=\"auto\" alt=\"- -\" title=\"-\"><\/td><td>\u274c<\/td><td><img decoding=\"async\" src=\"https:\/\/verteco.shop\/wp-content\/uploads\/2025\/01\/rb_8426-1.webp\" width=\"auto\" alt=\"- -\" title=\"-\"><\/td><td>\u274c<\/td> <td>\u274c<\/td> <td>\u274c<\/td> <td>\u274c<\/td><td><img decoding=\"async\" style=\"max-width: 35px;\" src=\"https:\/\/verteco.shop\/wp-content\/uploads\/2025\/01\/it-0.webp\" alt=\"IT\" title=\"-\"><\/td><td><b>?<\/b><\/td><\/tr><tr><td><span class=\"css-name\">Klarna CSS<\/span> <img decoding=\"async\" src=\"https:\/\/verteco.shop\/wp-content\/uploads\/2024\/03\/Klarna_Logo_black.svg_.png\" alt=\"klarna css\" title=\"-\"><\/td><td><img decoding=\"async\" src=\"https:\/\/verteco.shop\/wp-content\/uploads\/2025\/01\/rb_8426-1.webp\" width=\"auto\" alt=\"- -\" title=\"-\"><\/td><td>\u274c<\/td><td><img decoding=\"async\" src=\"https:\/\/verteco.shop\/wp-content\/uploads\/2025\/01\/rb_8426-1.webp\" width=\"auto\" alt=\"- -\" title=\"-\"><\/td><td>\u274c<\/td> <td>\u274c<\/td> <td>\u274c<\/td> <td>\u274c<\/td><td><img decoding=\"async\" style=\"max-width: 35px;\" src=\"https:\/\/verteco.shop\/wp-content\/uploads\/2025\/01\/Flag_of_Europe.svg_.webp\" alt=\"UE\" title=\"-\"><\/td><td><b>?<\/b><\/td><\/tr><tr><td><span class=\"css-name\">Shoparize<\/span> <img decoding=\"async\" src=\"https:\/\/verteco.shop\/wp-content\/uploads\/2024\/03\/Shoparize-logo-css.png\" alt=\"shoparize\" title=\"-\"><\/td><td><img decoding=\"async\" src=\"https:\/\/verteco.shop\/wp-content\/uploads\/2025\/01\/rb_8426-1.webp\" width=\"auto\" alt=\"- -\" title=\"-\"><\/td><td>\u274c<\/td> <td>\u274c<\/td><td><img decoding=\"async\" src=\"https:\/\/verteco.shop\/wp-content\/uploads\/2025\/01\/rb_8426-1.webp\" width=\"auto\" alt=\"- -\" title=\"-\"><\/td><td>\u274c<\/td> <td>\u274c<\/td> <td>\u274c<\/td><td><img decoding=\"async\" style=\"max-width: 35px;\" src=\"https:\/\/verteco.shop\/wp-content\/uploads\/2025\/01\/Flag_of_Europe.svg_.webp\" alt=\"UE\" title=\"-\"><\/td><td><b>39 \u20ac<\/b><\/td><\/tr><\/tbody><\/table><\/figure>\t\t\t\t\t\t\t\t<\/div>\n\t\t\t\t<\/div>\n\t\t\t\t<div class=\"elementor-element elementor-element-6bfd8e0 elementor-widget__width-initial elementor-widget-tablet__width-inherit elementor-widget elementor-widget-text-editor\" data-id=\"6bfd8e0\" data-element_type=\"widget\" data-e-type=\"widget\" data-widget_type=\"text-editor.default\">\n\t\t\t\t<div class=\"elementor-widget-container\">\n\t\t\t\t\t\t\t\t\t\u00cencep\u00e2nd de ast\u0103zi, peste 80 de parteneri Google Premium CSS sunt activi \u00een \u00eentreaga Uniune European\u0103. Pute\u021bi vizualiza lista complet\u0103 a partenerilor <a href=\"https:\/\/comparisonshoppingpartners.withgoogle.com\/find_a_partner\/?page=0&amp;seed=1331544&amp;is_premium=1&amp;is_subset=0&amp;search_filters=partner_search%3A\" target=\"_blank\" rel=\"noopener\">aici<\/a> .\t\t\t\t\t\t\t\t<\/div>\n\t\t\t\t<\/div>\n\t\t\t\t\t<\/div>\n\t\t<\/div>\n\t\t\t\t\t<\/div>\n\t\t<\/section>\n\t\t\t\t<section class=\"elementor-section elementor-top-section elementor-element elementor-element-4e68d90 elementor-section-full_width elementor-section-height-default elementor-section-height-default\" data-id=\"4e68d90\" data-element_type=\"section\" data-e-type=\"section\" data-settings=\"{&quot;background_background&quot;:&quot;classic&quot;}\">\n\t\t\t\t\t\t<div class=\"elementor-container elementor-column-gap-default\">\n\t\t\t\t\t<div class=\"elementor-column elementor-col-50 elementor-top-column elementor-element elementor-element-817d1ec\" data-id=\"817d1ec\" data-element_type=\"column\" data-e-type=\"column\">\n\t\t\t<div class=\"elementor-widget-wrap elementor-element-populated\">\n\t\t\t\t\t\t<div class=\"elementor-element elementor-element-e7a8e9b elementor-widget elementor-widget-heading\" data-id=\"e7a8e9b\" data-element_type=\"widget\" data-e-type=\"widget\" data-widget_type=\"heading.default\">\n\t\t\t\t<div class=\"elementor-widget-container\">\n\t\t\t\t\t<h2 class=\"elementor-heading-title elementor-size-default\">De\u0219i serviciile pot p\u0103rea similare la prima vedere, diferen\u021bele de pre\u021buri \u0219i oferte eviden\u021biaz\u0103 necesitatea unei compara\u021bii am\u0103nun\u021bite.  <br>Aceast\u0103 abordare este deosebit de benefic\u0103 pentru afacerile regionale, dar poate fi adaptat\u0103 \u0219i pentru compara\u021bii \u00een alte regiuni sau cu serviciile noastre.<\/h2>\t\t\t\t<\/div>\n\t\t\t\t<\/div>\n\t\t\t\t\t<\/div>\n\t\t<\/div>\n\t\t\t\t<div class=\"elementor-column elementor-col-50 elementor-top-column elementor-element elementor-element-e7a7e91\" data-id=\"e7a7e91\" data-element_type=\"column\" data-e-type=\"column\">\n\t\t\t<div class=\"elementor-widget-wrap elementor-element-populated\">\n\t\t\t\t\t\t<div class=\"elementor-element elementor-element-dadcb16 elementor-widget elementor-widget-text-editor\" data-id=\"dadcb16\" data-element_type=\"widget\" data-e-type=\"widget\" data-widget_type=\"text-editor.default\">\n\t\t\t\t<div class=\"elementor-widget-container\">\n\t\t\t\t\t\t\t\t\t<div class=\"flex max-w-full flex-col flex-grow\"><div class=\"min-h-8 text-message flex w-full flex-col items-end gap-2 whitespace-normal break-words text-start [.text-message+&amp;]:mt-5\" dir=\"auto\" data-message-author-role=\"assistant\" data-message-id=\"19b8b360-cf34-41a7-aa1d-c9a94c4ea7f6\" data-message-model-slug=\"gpt-4o\"><div class=\"flex w-full flex-col gap-1 empty:hidden first:pt-[3px]\"><div class=\"markdown prose w-full break-words dark:prose-invert dark\"><p>Considerentele cheie atunci c\u00e2nd selecta\u021bi un partener CSS includ capacitatea acestuia de a reduce semnificativ costurile CPC, cresc\u00e2nd astfel clicurile, CTR \u0219i conversiile din campaniile dvs. \u00cen plus, asisten\u021ba specializat\u0103 din partea partenerului de comparare a pre\u021burilor poate fi de nepre\u021buit, \u00een special \u00een domenii precum cump\u0103r\u0103turi \u0219i anun\u021buri cu performan\u021b\u0103 maxim\u0103, \u00eempreun\u0103 cu gestionarea complet\u0103 a contului dvs. Google Merchant Center. O astfel de expertiz\u0103 nu numai c\u0103 spore\u0219te eficien\u021ba campaniei, ci ofer\u0103 \u0219i \u00eendrum\u0103ri strategice.  <\/p><p>Domeniul de aplicare al serviciilor partenerului CSS este crucial, \u00een special pentru companiile care doresc s\u0103 se extind\u0103. Un partener care opereaz\u0103 pe pie\u021bele dvs. \u021bint\u0103 poate simplifica extinderea elimin\u00e2nd nevoia de a c\u0103uta noi parteneri locali. \u00cen plus, sunt importan\u021bi de luat \u00een considerare factori precum perioadele de prob\u0103 \u0219i pre\u021burile ulterioare, asigur\u00e2ndu-v\u0103 c\u0103 ave\u021bi posibilitatea de a evalua serviciul \u00eenainte de a v\u0103 angaja pe deplin.  <\/p><p>\u00cen rezumat, alegerea unui partener CSS implic\u0103 luarea \u00een considerare a numero\u0219i factori dincolo de oferta imediat\u0103, de la acoperire regional\u0103 \u0219i asisten\u021b\u0103 specializat\u0103 p\u00e2n\u0103 la perioade de prob\u0103 \u0219i considerente de cost. O astfel de alegere strategic\u0103 poate afecta foarte mult eficien\u021ba \u0219i amploarea eforturilor dvs. de publicitate online. <\/p><\/div><\/div><\/div><\/div><div class=\"mb-2 flex gap-3 empty:hidden -ml-2\"><div class=\"items-center justify-start rounded-xl p-1 flex\"><div class=\"flex items-center\"> <\/div><\/div><\/div>\t\t\t\t\t\t\t\t<\/div>\n\t\t\t\t<\/div>\n\t\t\t\t\t<\/div>\n\t\t<\/div>\n\t\t\t\t\t<\/div>\n\t\t<\/section>\n\t\t\t\t<\/div>\n\t\t","protected":false},"excerpt":{"rendered":"<p>Compara\u021bia partenerilor CSS Lista serviciilor de comparare din UE Alegerea partenerului CSS potrivit este esen\u021bial\u0103, mai ales av\u00e2nd \u00een vedere rolul acestuia \u00een poten\u021biala cre\u0219terea acoperirii \u0219i eficien\u021bei publicit\u0103\u021bii pe termen lung. Importan\u021ba acestei alegeri const\u0103 \u00een capacitatea partenerilor CSS de a v\u0103 extinde semnificativ campaniile publicitare \u00een mai multe \u021b\u0103ri europene, sprijinind astfel extinderea [&hellip;]<\/p>\n","protected":false},"author":1,"featured_media":0,"parent":0,"menu_order":0,"comment_status":"closed","ping_status":"closed","template":"","meta":{"footnotes":""},"class_list":["post-22059","page","type-page","status-publish","hentry"],"_links":{"self":[{"href":"https:\/\/verteco.shop\/ro\/wp-json\/wp\/v2\/pages\/22059","targetHints":{"allow":["GET"]}}],"collection":[{"href":"https:\/\/verteco.shop\/ro\/wp-json\/wp\/v2\/pages"}],"about":[{"href":"https:\/\/verteco.shop\/ro\/wp-json\/wp\/v2\/types\/page"}],"author":[{"embeddable":true,"href":"https:\/\/verteco.shop\/ro\/wp-json\/wp\/v2\/users\/1"}],"replies":[{"embeddable":true,"href":"https:\/\/verteco.shop\/ro\/wp-json\/wp\/v2\/comments?post=22059"}],"version-history":[{"count":0,"href":"https:\/\/verteco.shop\/ro\/wp-json\/wp\/v2\/pages\/22059\/revisions"}],"wp:attachment":[{"href":"https:\/\/verteco.shop\/ro\/wp-json\/wp\/v2\/media?parent=22059"}],"curies":[{"name":"wp","href":"https:\/\/api.w.org\/{rel}","templated":true}]}}