{"id":15310,"date":"2023-05-18T23:08:19","date_gmt":"2023-05-18T21:08:19","guid":{"rendered":"https:\/\/verteco.shop\/politica-de-confidentialitate"},"modified":"2024-08-20T18:56:14","modified_gmt":"2024-08-20T16:56:14","slug":"politica-de-confidentialitate","status":"publish","type":"page","link":"https:\/\/verteco.shop\/ro\/politica-de-confidentialitate\/","title":{"rendered":"Politica de confiden\u021bialitate"},"content":{"rendered":"\t\t<div data-elementor-type=\"wp-page\" data-elementor-id=\"15310\" class=\"elementor elementor-15310 elementor-7044\" data-elementor-post-type=\"page\">\n\t\t\t\t\t\t<section class=\"elementor-section elementor-top-section elementor-element elementor-element-20c115e2 elementor-section-boxed elementor-section-height-default elementor-section-height-default\" data-id=\"20c115e2\" data-element_type=\"section\" data-e-type=\"section\">\n\t\t\t\t\t\t<div class=\"elementor-container elementor-column-gap-default\">\n\t\t\t\t\t<div class=\"elementor-column elementor-col-100 elementor-top-column elementor-element elementor-element-7140ffb9\" data-id=\"7140ffb9\" data-element_type=\"column\" data-e-type=\"column\">\n\t\t\t<div class=\"elementor-widget-wrap elementor-element-populated\">\n\t\t\t\t\t\t<div class=\"elementor-element elementor-element-d8fbd51 elementor-widget elementor-widget-heading\" data-id=\"d8fbd51\" data-element_type=\"widget\" data-e-type=\"widget\" data-widget_type=\"heading.default\">\n\t\t\t\t<div class=\"elementor-widget-container\">\n\t\t\t\t\t<h2 class=\"elementor-heading-title elementor-size-default\">Politica de confiden\u021bialitate<\/h2>\t\t\t\t<\/div>\n\t\t\t\t<\/div>\n\t\t\t\t\t<\/div>\n\t\t<\/div>\n\t\t\t\t\t<\/div>\n\t\t<\/section>\n\t\t\t\t<section class=\"elementor-section elementor-top-section elementor-element elementor-element-47743373 elementor-section-boxed elementor-section-height-default elementor-section-height-default\" data-id=\"47743373\" data-element_type=\"section\" data-e-type=\"section\">\n\t\t\t\t\t\t<div class=\"elementor-container elementor-column-gap-default\">\n\t\t\t\t\t<div class=\"elementor-column elementor-col-100 elementor-top-column elementor-element elementor-element-54aab426\" data-id=\"54aab426\" data-element_type=\"column\" data-e-type=\"column\">\n\t\t\t<div class=\"elementor-widget-wrap elementor-element-populated\">\n\t\t\t\t\t\t<div class=\"elementor-element elementor-element-369420f6 elementor-widget elementor-widget-text-editor\" data-id=\"369420f6\" data-element_type=\"widget\" data-e-type=\"widget\" data-widget_type=\"text-editor.default\">\n\t\t\t\t<div class=\"elementor-widget-container\">\n\t\t\t\t\t\t\t\t\t<p>\u00een sensul articolului 19 \u0219i urm\u0103toarele. din Legea nr. 18\/2018 Coll.  privind protec\u021bia datelor cu caracter personal \u0219i cu privire la modific\u0103rile \u0219i complet\u0103rile la anumite acte, astfel cum a fost modificat\u0103, \u00een conformitate cu articolele 13 \u0219i 14 din Regulamentul (UE) 2016\/679 al Parlamentului European \u0219i al Consiliului din 27 aprilie 2016 privind protec\u021bia persoane fizice cu privire la prelucrarea datelor cu caracter personal \u0219i la libera circula\u021bie a acestor date \u0219i de abrogare a Directivei 95\/46\/CE (Regulamentul general privind protec\u021bia datelor) (denumit\u0103 \u00een continuare \u201eGDPR\u201d).<\/p>\n<p>\u00cen temeiul prevederilor art. 19 \u0219i urm\u0103toarele. din Legea nr. 18\/2018 Coll. privind protec\u021bia datelor cu caracter personal, astfel cum a fost modificat\u0103 (denumit\u0103 \u00een continuare \u201eLegea privind protec\u021bia datelor cu caracter personal\u201d), v\u0103 oferim, \u00een calitate de persoan\u0103 vizat\u0103, urm\u0103toarele informa\u021bii despre prelucrarea datelor dumneavoastr\u0103 cu caracter personal.  <\/p>\n<p><strong>Operatorul de date:<\/strong><br \/> Controlorul este compania <strong>Elite Digital Services<\/strong> , cu sediul social la 1111B S Governors Ave, STE 21653, Dover, DE 19904, SUA, reprezentat\u0103 de: Norman Bytri\u010dan (denumit \u00een continuare \u201eController\u201d).<\/p>\n<p>Detalii de contact:<\/p>\n<p><strong>  E-mail: info@verteco.shop<br \/> Telefon: +32 480 20 46 99<\/strong><\/p>\n<p><strong>Acces la datele personale:<\/strong><\/p>\n<p>\u00cen prelucrarea datelor cu caracter personal, pe l\u00e2ng\u0103 Controlor \u0219i companiile aferente Elite Digital Services, LLC \u0219i angaja\u021bii acestora, alte persoane care prelucreaz\u0103 date cu caracter personal \u00een calitate de procesatori pot avea acces la datele personale. O list\u0103 specific\u0103, permanent actualizat\u0103, a procesatorilor, adic\u0103 a destinatarilor datelor cu caracter personal prelucrate \u00een numele Operatorului, \u00een urm\u0103toarele categorii: <\/p>\n<p>\u2022 Companii care furnizeaz\u0103 servicii de marketing<br \/> \u2022 Companii care furnizeaz\u0103 servicii de salarizare \u0219i contabilitate<br \/> \u2022 Companii care furnizeaz\u0103 servicii de audit intern \u0219i extern<\/p>\n<p><strong><br \/>Baz\u0103 legal\u0103:<\/strong><\/p>\n<p>Temeiul legal pentru prelucrarea datelor cu caracter personal este, de regul\u0103, \u00eendeplinirea obliga\u021biei statutare (\u00een special Legea nr. 18\/2018 Coll. privind protec\u021bia datelor cu caracter personal), \u00eencheierea, administrarea \u0219i \u00eendeplinirea obliga\u021biilor contractuale care decurg din contracte de munc\u0103 \u0219i comerciale, interesul legitim, care este protec\u021bia drepturilor \u0219i intereselor Operatorului \u0219i ale angaja\u021bilor s\u0103i protejate de drept, precum \u0219i consim\u021b\u0103m\u00e2ntul persoanei vizate (\u00een principal \u00een scopuri de marketing, competi\u021bii, evenimente sociale). , etc.). Consim\u021b\u0103m\u00e2ntul pentru prelucrarea datelor cu caracter personal trebuie acordat voluntar, iar persoana vizat\u0103 \u00ee\u0219i poate retrage consim\u021b\u0103m\u00e2ntul \u00een orice moment. Cu toate acestea, consim\u021b\u0103m\u00e2ntul este necesar pentru ca Controlorul s\u0103 asigure, de exemplu, evenimente corporative \u0219i altele asemenea, iar f\u0103r\u0103 acest consim\u021b\u0103m\u00e2nt, Controlorul nu este \u00eendrept\u0103\u021bit s\u0103 furnizeze serviciile \u00een cauz\u0103. \u00cen cazul \u00een care persoana vizat\u0103 refuz\u0103 s\u0103 furnizeze Controlorului datele personale necesare \u00een scopul \u00eendeplinirii obliga\u021biilor contractuale ale Controlorului sau al respect\u0103rii legii, Operatorul nu este obligat s\u0103 \u00eencheie un contract sau s\u0103 furnizeze alte servicii.   <\/p>\n<p><strong><br \/>Date personale prelucrate:<\/strong><\/p>\n<p>Colect\u0103m numele clien\u021bilor comercian\u021bilor no\u0219tri, e-mailul, adresa de expediere \u0219i facturare, detaliile de plat\u0103, numele companiei, num\u0103rul de telefon, adresa IP, informa\u021bii despre comenzile pe care le ini\u021bia\u021bi, informa\u021bii despre Serviciile digitale Elite &#8211; magazinele comerciale acceptate pe care le vizita\u021bi \u0219i informa\u021bii despre dispozitivul \u0219i browserul pe care \u00eel utiliza\u021bi. Colect\u0103m aceste informa\u021bii atunci c\u00e2nd utiliza\u021bi sau accesa\u021bi un magazin care utilizeaz\u0103 serviciile noastre, cum ar fi atunci c\u00e2nd vizita\u021bi site-ul unui comerciant, plasa\u021bi o comand\u0103 sau v\u0103 \u00eenscrie\u021bi pentru un cont pe site-ul unui comerciant. Pe m\u0103sur\u0103 ce vizita\u021bi sau naviga\u021bi pe site-ul web de servicii CSS verteco.shop, colect\u0103m informa\u021bii despre dispozitivul \u0219i browserul pe care \u00eel utiliza\u021bi, conexiunea la re\u021bea, adresa dumneavoastr\u0103 IP \u0219i informa\u021bii despre cookie-urile instalate pe dispozitivul dumneavoastr\u0103. De asemenea, colect\u0103m informa\u021bii personale transmise de dvs. prin orice func\u021bie de mesagerie disponibil\u0103 pe site-ul nostru. De la utilizatorii forumului, colect\u0103m numele dvs., adresa de e-mail, adresa URL a site-ului web \u0219i alte informa\u021bii personale pe care le pute\u021bi posta.    <\/p>\n<p><strong><br \/>Scopul prelucr\u0103rii \u0219i partaj\u0103rii:<\/strong><\/p>\n<p>Folosim aceste informa\u021bii pentru a oferi comercian\u021bilor no\u0219tri serviciile, inclusiv sus\u021binerea \u0219i procesarea comenzilor, autentificarea \u0219i pl\u0103\u021bile. De asemenea, folosim aceste informa\u021bii pentru a ne \u00eembun\u0103t\u0103\u021bi serviciile. Elite Digital Services, LLC, lucreaz\u0103, de asemenea, cu ter\u021bi \u0219i furnizori de servicii pentru a ajuta la furnizarea comercian\u021bilor no\u0219tri cu serviciile \u0219i este posibil s\u0103 le \u00eemp\u0103rt\u0103\u0219im informa\u021bii personale pentru a sprijini aceste eforturi. De asemenea, putem partaja informa\u021biile dvs. \u00een urm\u0103toarele circumstan\u021be:   <\/p>\n<ul>\n<li>pentru a preveni, a investiga sau a lua m\u0103suri cu privire la activit\u0103\u021bile ilegale, suspecte de fraud\u0103, situa\u021bii care implic\u0103 poten\u021biale amenin\u021b\u0103ri la adresa siguran\u021bei fizice a oric\u0103rei persoane, \u00eenc\u0103lc\u0103ri ale Termenilor no\u0219tri de utilizare sau orice alt acord legat de servicii, sau a\u0219a cum este cerut \u00een alt mod de lege.<\/li>\n<li>Dac\u0103 comerciantul al c\u0103rui magazin \u00eel vizita\u021bi sau \u00eel accesa\u021bi ne \u00eendrum\u0103 s\u0103 transfer\u0103m aceste informa\u021bii (de exemplu, dac\u0103 activeaz\u0103 o aplica\u021bie ter\u021b\u0103 parte care acceseaz\u0103 informa\u021biile personale ale clien\u021bilor).<\/li>\n<li>pentru a se conforma cerin\u021belor legale sau pentru a r\u0103spunde ordinelor judec\u0103tore\u0219ti legale, cita\u021biilor, mandatelor sau altor solicit\u0103ri din partea autorit\u0103\u021bilor publice (inclusiv pentru a \u00eendeplini cerin\u021bele de securitate na\u021bional\u0103 sau de aplicare a legii).<\/li>\n<\/ul>\n<p>Informa\u021biile personale pot fi, de asemenea, partajate unei companii care achizi\u021bioneaz\u0103 afacerea noastr\u0103 sau a unui comerciant al c\u0103rui magazin \u00eel vizita\u021bi sau \u00eel accesa\u021bi, fie prin fuziune, achizi\u021bie, faliment, dizolvare, reorganizare sau alte tranzac\u021bii sau proceduri similare.<\/p>\n<p><strong><br \/>Stocarea datelor cu caracter personal \u0219i durata prelucr\u0103rii:<\/strong><\/p>\n<p>Operatorul este autorizat s\u0103 prelucreze datele cu caracter personal ale persoanelor vizate pentru o perioad\u0103 de timp determinat\u0103 \u00een conformitate cu legisla\u021bia relevant\u0103. Prelucrarea datelor cu caracter personal \u00een baza consim\u021b\u0103m\u00e2ntului va fi posibil\u0103 numai pentru perioada pentru care a fost acordat consim\u021b\u0103m\u00e2ntul. Consim\u021b\u0103m\u00e2ntul este acordat Controlorului pentru urm\u0103torii trei (3) ani sau p\u00e2n\u0103 la momentul retragerii consim\u021b\u0103m\u00e2ntului. La expirarea perioadei relevante, datele cu caracter personal vor fi \u0219terse dac\u0103 stocarea lor nu este necesar\u0103 conform legisla\u021biei relevante.   <\/p>\n<p><strong><br \/>Drepturile persoanelor vizate legate de prelucrarea datelor cu caracter personal:<\/strong><\/p>\n<p>\u00cen ceea ce prive\u0219te prelucrarea datelor cu caracter personal, persoanele vizate pot exercita urm\u0103toarele drepturi:<\/p>\n<ul>\n<li>dreptul de a accesa \u0219i de a primi informa\u021bii despre datele lor personale;<\/li>\n<li>dreptul la rectificarea datelor cu caracter personal;<\/li>\n<li>dreptul la \u0219tergerea datelor cu caracter personal;<\/li>\n<li>dreptul la restric\u021bionarea prelucr\u0103rii datelor cu caracter personal<\/li>\n<li>dreptul la portabilitatea datelor cu caracter personal;<\/li>\n<li>dreptul de a v\u0103 opune prelucr\u0103rii datelor cu caracter personal;<\/li>\n<li>dreptul la ineficacitatea procesului decizional individual automatizat, inclusiv profilarea;<\/li>\n<li>dreptul de a retrage consim\u021b\u0103m\u00e2ntul \u00een orice moment (dac\u0103 consim\u021b\u0103m\u00e2ntul este baza legal\u0103 a prelucr\u0103rii);<\/li>\n<li>dreptul de a depune o cerere de ini\u021biere a procedurii \u00een temeiul articolului 100 \u0219i urm\u0103toarele. din Legea privind protec\u021bia datelor cu caracter personal cu autoritatea de supraveghere. <\/li>\n<\/ul>\n<p>Persoanele vizate pot exercita drepturile de mai sus, care sunt specificate \u00een continuare \u00een prevederile articolului 21 \u0219i urm\u0103toarele. din Legea privind protec\u021bia datelor cu caracter personal, \u00een conformitate cu Legea privind protec\u021bia datelor cu caracter personal \u0219i GDPR, precum \u0219i cu alte legisla\u021bii relevante. Persoanele vizate \u00ee\u0219i pot exercita drepturile \u00eempotriva Operatorului printr-o cerere scris\u0103 trimis\u0103 sau transmis\u0103 la sediul social al Controlorului sau prin po\u0219t\u0103 electronic\u0103 trimis\u0103 la adresa: info@verteco.shop<br \/> Solicitarea trebuie s\u0103 con\u021bin\u0103 urm\u0103toarele informa\u021bii: nume, prenume, data na\u0219terii \u0219i adresa permanent\u0103, astfel \u00eenc\u00e2t Operatorul s\u0103 poat\u0103 identifica persoana vizat\u0103. Operatorul poate solicita furnizarea de informa\u021bii suplimentare necesare pentru verificarea identit\u0103\u021bii persoanei vizate dac\u0103 are \u00eendoieli rezonabile cu privire la identitatea persoanei fizice. Operatorul are obliga\u021bia de a furniza persoanei vizate informa\u021bii cu privire la m\u0103surile luate la solicitarea acesteia \u00een termen de o (1) lun\u0103 de la primirea solicit\u0103rii. \u00cen cazuri justificate, \u00een ceea ce prive\u0219te complexitatea \u0219i num\u0103rul de solicit\u0103ri, Operatorul poate prelungi perioada de mai sus cu \u00eenc\u0103 dou\u0103 (2) luni, chiar \u0219i \u00een mod repetat. Operatorul este obligat s\u0103 informeze persoana vizat\u0103 cu privire la orice astfel de prelungire \u00een termen de o (1) lun\u0103 de la primirea cererii, indic\u00e2nd motivele prelungirii termenului. Dac\u0103 persoana vizat\u0103 a depus cererea \u00een form\u0103 electronic\u0103, Operatorul va furniza informa\u021biile \u00een form\u0103 electronic\u0103, cu excep\u021bia cazului \u00een care persoana vizat\u0103 a solicitat informa\u021bii \u00een orice alt mod. \u00cen cazul \u00een care Operatorul nu ia m\u0103suri la solicitarea persoanei vizate, acesta este obligat s\u0103 informeze persoana vizat\u0103 despre motivele neac\u021bion\u0103rii \u00een termen de o (1) lun\u0103 de la primirea cererii, precum \u0219i despre posibilitatea s\u0103 depun\u0103 o mo\u021biune de ini\u021biere a procedurilor \u00een temeiul articolului 100 din Legea privind protec\u021bia datelor cu caracter personal la Oficiul pentru protec\u021bia datelor cu caracter personal. Notific\u0103rile cu privire la m\u0103surile luate vor fi furnizate gratuit. \u00cen cazul \u00een care cererea persoanei vizate este v\u0103dit nefondat\u0103 sau inadecvat\u0103, \u00een special pentru natura sa recurent\u0103, Operatorul poate solicita o tax\u0103 rezonabil\u0103, \u021bin\u00e2nd cont de costurile administrative de furnizare a informa\u021biilor, sau o tax\u0103 rezonabil\u0103, \u021bin\u00e2nd cont de costurile administrative. a notific\u0103rii sau o tax\u0103 rezonabil\u0103, \u021bin\u00e2nd cont de costurile administrative ale implement\u0103rii m\u0103surii solicitate, sau refuz\u0103 s\u0103 ac\u021bioneze la cerere. Controlorul va dovedi c\u0103 cererea este nefondat\u0103 sau inadecvat\u0103.           <\/p>\n<p>Elite Digital Services, LLC \u00een\u021belege c\u0103 ave\u021bi drepturi asupra informa\u021biilor dumneavoastr\u0103 personale \u0219i ia m\u0103suri rezonabile pentru a v\u0103 permite s\u0103 accesa\u021bi, corecta\u021bi, modifica\u021bi, \u0219terge\u021bi, porta\u021bi sau limita\u021bi utilizarea informa\u021biilor dumneavoastr\u0103 personale. Dac\u0103 sunte\u021bi comerciant sau partener, pute\u021bi actualiza mai multe tipuri de informa\u021bii personale, cum ar fi informa\u021biile de plat\u0103 sau de contact, direct din set\u0103rile contului. Dac\u0103 nu v\u0103 pute\u021bi modifica informa\u021biile personale \u00een set\u0103rile contului sau dac\u0103 sunte\u021bi \u00eengrijorat de datele colectate pe m\u0103sur\u0103 ce vizita\u021bi site-ul web Elite Digital Services, LLC sau utiliza\u021bi serviciile noastre de asisten\u021b\u0103, v\u0103 rug\u0103m s\u0103 ne contacta\u021bi pentru a face modific\u0103rile necesare. Este important s\u0103 re\u021bine\u021bi c\u0103, dac\u0103 \u0219terge\u021bi sau limita\u021bi utilizarea informa\u021biilor dvs. personale, este posibil ca serviciile s\u0103 nu func\u021bioneze corect.   <\/p>\n\t\t\t\t\t\t\t\t<\/div>\n\t\t\t\t<\/div>\n\t\t\t\t\t<\/div>\n\t\t<\/div>\n\t\t\t\t\t<\/div>\n\t\t<\/section>\n\t\t\t\t<\/div>\n\t\t","protected":false},"excerpt":{"rendered":"<p>Politica de confiden\u021bialitate \u00een sensul articolului 19 \u0219i urm\u0103toarele. din Legea nr. 18\/2018 Coll. privind protec\u021bia datelor cu caracter personal \u0219i cu privire la modific\u0103rile \u0219i complet\u0103rile la anumite acte, astfel cum a fost modificat\u0103, \u00een conformitate cu articolele 13 \u0219i 14 din Regulamentul (UE) 2016\/679 al Parlamentului European \u0219i al Consiliului din 27 aprilie [&hellip;]<\/p>\n","protected":false},"author":1,"featured_media":0,"parent":0,"menu_order":0,"comment_status":"closed","ping_status":"closed","template":"","meta":{"footnotes":""},"class_list":["post-15310","page","type-page","status-publish","hentry"],"_links":{"self":[{"href":"https:\/\/verteco.shop\/ro\/wp-json\/wp\/v2\/pages\/15310","targetHints":{"allow":["GET"]}}],"collection":[{"href":"https:\/\/verteco.shop\/ro\/wp-json\/wp\/v2\/pages"}],"about":[{"href":"https:\/\/verteco.shop\/ro\/wp-json\/wp\/v2\/types\/page"}],"author":[{"embeddable":true,"href":"https:\/\/verteco.shop\/ro\/wp-json\/wp\/v2\/users\/1"}],"replies":[{"embeddable":true,"href":"https:\/\/verteco.shop\/ro\/wp-json\/wp\/v2\/comments?post=15310"}],"version-history":[{"count":0,"href":"https:\/\/verteco.shop\/ro\/wp-json\/wp\/v2\/pages\/15310\/revisions"}],"wp:attachment":[{"href":"https:\/\/verteco.shop\/ro\/wp-json\/wp\/v2\/media?parent=15310"}],"curies":[{"name":"wp","href":"https:\/\/api.w.org\/{rel}","templated":true}]}}