{"id":9963,"date":"2023-05-18T23:08:13","date_gmt":"2023-05-18T21:08:13","guid":{"rendered":"https:\/\/verteco.shop\/termos-de-servico\/"},"modified":"2024-08-20T18:35:42","modified_gmt":"2024-08-20T16:35:42","slug":"termos-de-servico","status":"publish","type":"page","link":"https:\/\/verteco.shop\/pt-pt\/termos-de-servico\/","title":{"rendered":"Termos do servi\u00e7o"},"content":{"rendered":"\t\t<div data-elementor-type=\"wp-page\" data-elementor-id=\"9963\" class=\"elementor elementor-9963 elementor-7045\" data-elementor-post-type=\"page\">\n\t\t\t\t\t\t<section class=\"elementor-section elementor-top-section elementor-element elementor-element-2140112 elementor-section-boxed elementor-section-height-default elementor-section-height-default\" data-id=\"2140112\" data-element_type=\"section\" data-e-type=\"section\">\n\t\t\t\t\t\t<div class=\"elementor-container elementor-column-gap-default\">\n\t\t\t\t\t<div class=\"elementor-column elementor-col-100 elementor-top-column elementor-element elementor-element-c52fb5b\" data-id=\"c52fb5b\" data-element_type=\"column\" data-e-type=\"column\">\n\t\t\t<div class=\"elementor-widget-wrap elementor-element-populated\">\n\t\t\t\t\t\t<div class=\"elementor-element elementor-element-e3899a0 elementor-widget elementor-widget-heading\" data-id=\"e3899a0\" data-element_type=\"widget\" data-e-type=\"widget\" data-widget_type=\"heading.default\">\n\t\t\t\t<div class=\"elementor-widget-container\">\n\t\t\t\t\t<h2 class=\"elementor-heading-title elementor-size-default\">Termos do servi\u00e7o<\/h2>\t\t\t\t<\/div>\n\t\t\t\t<\/div>\n\t\t\t\t\t<\/div>\n\t\t<\/div>\n\t\t\t\t\t<\/div>\n\t\t<\/section>\n\t\t\t\t<section class=\"elementor-section elementor-top-section elementor-element elementor-element-2f6b0dc3 elementor-section-boxed elementor-section-height-default elementor-section-height-default\" data-id=\"2f6b0dc3\" data-element_type=\"section\" data-e-type=\"section\">\n\t\t\t\t\t\t<div class=\"elementor-container elementor-column-gap-default\">\n\t\t\t\t\t<div class=\"elementor-column elementor-col-100 elementor-top-column elementor-element elementor-element-6f586bdd\" data-id=\"6f586bdd\" data-element_type=\"column\" data-e-type=\"column\">\n\t\t\t<div class=\"elementor-widget-wrap elementor-element-populated\">\n\t\t\t\t\t\t<div class=\"elementor-element elementor-element-73b178c0 elementor-widget elementor-widget-text-editor\" data-id=\"73b178c0\" data-element_type=\"widget\" data-e-type=\"widget\" data-widget_type=\"text-editor.default\">\n\t\t\t\t<div class=\"elementor-widget-container\">\n\t\t\t\t\t\t\t\t\t<p style=\"text-align: start;\">Estes Termos de Servi\u00e7o (&#8220;Termos&#8221;) s\u00e3o emitidos pela Elite Digital Services, LLC, uma empresa de responsabilidade limitada de Delaware, com sede social em 1111B S Governors Ave, STE 21653, Dover, DE 19904, EUA (doravante designada por &#8220;Verteco&#8221;, &#8220;n\u00f3s&#8221;, &#8220;nos&#8221; ou &#8220;nosso&#8221;).<br \/>\nEstes Termos regem o seu acesso e utiliza\u00e7\u00e3o dos nossos servi\u00e7os, incluindo, entre outros, o programa Verteco.shop Comparison Shopping Service (CSS), o nosso website, ferramentas e quaisquer outras funcionalidades fornecidas por n\u00f3s (coletivamente designados por &#8220;Servi\u00e7os&#8221;). <\/p>\n<p style=\"text-align: start;\">Ao aceder ou utilizar os nossos Servi\u00e7os, voc\u00ea (&#8220;voc\u00ea&#8221;, &#8220;seu&#8221; ou &#8220;Cliente&#8221;) reconhece que leu, compreendeu e concorda em ficar legalmente vinculado a estes Termos.<br \/>\nSe n\u00e3o concordar com estes Termos, n\u00e3o deve utilizar os nossos Servi\u00e7os. <\/p>\n<p style=\"text-align: start;\">A Verteco.shop fornece um Servi\u00e7o de Compara\u00e7\u00e3o de Compras (CSS) especializado, concebido para otimizar a efic\u00e1cia dos an\u00fancios do Google Shopping.<br \/>\nAproveitando um enquadramento legal, o nosso CSS permite que os anunciantes consigam potencialmente uma redu\u00e7\u00e3o de at\u00e9 20% nos custos de publicidade atrav\u00e9s da transi\u00e7\u00e3o do CSS predefinido do Google para a nossa plataforma.<br \/>\nEsta transi\u00e7\u00e3o facilita uma publicidade mais econ\u00f3mica atrav\u00e9s de taxas de custo por clique (CPC) melhoradas.<br \/>\nOferecemos um teste simples e sem riscos que mant\u00e9m as suas defini\u00e7\u00f5es de campanha existentes, garantindo a seguran\u00e7a dos dados e a facilidade de sucesso cont\u00ednuo da publicidade.   <\/p>\n<p style=\"text-align: start;\">\n<ol style=\"text-align: left;\">\n<li><strong>Aceita\u00e7\u00e3o das condi\u00e7\u00f5es<\/strong><\/li>\n<\/ol>\n<p style=\"text-align: left;\">Ao aceder ou utilizar os nossos Servi\u00e7os, reconhece que leu, compreendeu e concorda em ficar legalmente vinculado a estes Termos e \u00e0 nossa Pol\u00edtica de Privacidade.<br \/>\nSe n\u00e3o concordar com qualquer parte destes Termos, deve abster-se de aceder ou utilizar os nossos Servi\u00e7os. <\/p>\n<ol style=\"text-align: left;\" start=\"2\">\n<li><strong>Elegibilidade<\/strong><\/li>\n<\/ol>\n<p style=\"text-align: left;\">Tem de ter pelo menos 18 anos de idade para aceder ou utilizar os nossos Servi\u00e7os.<br \/>\nAo aceder ou utilizar os nossos Servi\u00e7os, declara e garante que tem pelo menos 18 anos de idade e que est\u00e1 a utilizar os nossos Servi\u00e7os apenas para fins empresariais, comerciais ou profissionais.<br \/>\nOs nossos Servi\u00e7os destinam-se exclusivamente a indiv\u00edduos ou entidades envolvidos em actividades comerciais.<br \/>\nSe n\u00e3o cumprir estes requisitos, est\u00e1 proibido de utilizar os nossos Servi\u00e7os.   <\/p>\n<ol style=\"text-align: left;\" start=\"3\">\n<li><strong>Registo de conta<\/strong><\/li>\n<\/ol>\n<p>Para aceder a determinadas funcionalidades dos nossos Servi\u00e7os, poder\u00e1 ser-lhe pedido que crie uma conta. Voc\u00ea \u00e9 o \u00fanico respons\u00e1vel por manter a confidencialidade das credenciais da sua conta, incluindo o seu nome de utilizador e palavra-passe, e por todas as actividades que ocorram na sua conta.<br \/>\nConcorda em notificar-nos imediatamente de qualquer acesso n\u00e3o autorizado ou utiliza\u00e7\u00e3o da sua conta, ou qualquer outra viola\u00e7\u00e3o de seguran\u00e7a.<br \/>\nN\u00e3o nos responsabilizamos por quaisquer perdas ou danos resultantes do seu incumprimento desta obriga\u00e7\u00e3o de seguran\u00e7a.  <\/p>\n<ol style=\"text-align: left;\" start=\"4\">\n<li><strong>Teste gratuito<\/strong><\/li>\n<\/ol>\n<p>Oferecemos um per\u00edodo de teste gratuito de 30 dias para o nosso programa CSS, durante o qual n\u00e3o s\u00e3o necess\u00e1rias informa\u00e7\u00f5es de cart\u00e3o de cr\u00e9dito ou de pagamento.<br \/>\nAp\u00f3s a expira\u00e7\u00e3o do per\u00edodo de teste, o acesso continuado aos nossos Servi\u00e7os exigir\u00e1 que seleccione um plano de pre\u00e7os e forne\u00e7a informa\u00e7\u00f5es de pagamento v\u00e1lidas.<br \/>\nSe n\u00e3o o fizer, o seu acesso aos Servi\u00e7os ser\u00e1 suspenso.<br \/>\nAo continuar a utilizar os nossos Servi\u00e7os ap\u00f3s a expira\u00e7\u00e3o do per\u00edodo de teste gratuito, concorda em selecionar e subscrever um plano de servi\u00e7o pago e reconhece que \u00e9 obrigado a cumprir os termos de pagamento associados ao plano escolhido.   <\/p>\n<ol style=\"text-align: left;\" start=\"5\">\n<li><strong>Pre\u00e7os e pagamentos<\/strong><\/li>\n<\/ol>\n<p>Os nossos planos de pre\u00e7os est\u00e3o dispon\u00edveis no nosso s\u00edtio Web e oferecem v\u00e1rias op\u00e7\u00f5es adaptadas \u00e0s suas necessidades.<br \/>\nOs pagamentos s\u00e3o devidos numa base mensal ou anual, dependendo do plano que selecionar.<br \/>\nDe acordo com as comunica\u00e7\u00f5es individuais e de acordo com o nosso crit\u00e9rio, reservamo-nos o direito de oferecer descontos, b\u00f3nus ou outros incentivos promocionais.<br \/>\nTais ofertas podem ser fornecidas caso a caso e n\u00e3o constituem uma obriga\u00e7\u00e3o da nossa parte de alargar termos semelhantes a qualquer outro cliente ou em qualquer outro momento.<br \/>\nEstes descontos e b\u00f3nus s\u00e3o fornecidos exclusivamente \u00e0 nossa discri\u00e7\u00e3o e podem estar sujeitos a termos e condi\u00e7\u00f5es adicionais, conforme especificado no momento da oferta.<br \/>\nTodas as taxas n\u00e3o s\u00e3o reembols\u00e1veis, exceto quando exigido pela lei aplic\u00e1vel.     <\/p>\n<p>Para evitar d\u00favidas, embora a Elite Digital Services, LLC seja a principal entidade respons\u00e1vel pela presta\u00e7\u00e3o de Servi\u00e7os ao abrigo destes Termos, determinados Servi\u00e7os podem ser facturados pelas nossas filiais ou subsidi\u00e1rias, tanto dentro como fora dos Estados Unidos, conforme considerado necess\u00e1rio para a efici\u00eancia operacional.<br \/>\nN\u00e3o obstante tais acordos de fatura\u00e7\u00e3o, a Elite Digital Services, LLC continua a ser a entidade principal no que diz respeito \u00e0 execu\u00e7\u00e3o global dos Servi\u00e7os e ao cumprimento destes Termos. <\/p>\n<p>Ao concordar com estes Termos, concorda com a possibilidade de as facturas poderem ser emitidas por outras entidades que n\u00e3o a Elite Digital Services, LLC, sem afetar as suas obriga\u00e7\u00f5es ao abrigo destes Termos.<br \/>\nTodas as entidades de fatura\u00e7\u00e3o ser\u00e3o autorizadas pela Elite Digital Services, LLC e actuar\u00e3o em seu nome em rela\u00e7\u00e3o aos servi\u00e7os prestados. <\/p>\n<ol style=\"text-align: left;\" start=\"6\">\n<li><strong>Altera\u00e7\u00f5es aos servi\u00e7os e termos<\/strong><\/li>\n<\/ol>\n<p>Reservamo-nos o direito de modificar os nossos Servi\u00e7os ou estes Termos em qualquer altura, \u00e0 nossa inteira discri\u00e7\u00e3o.<br \/>\nNa eventualidade de quaisquer altera\u00e7\u00f5es materiais a estes Termos, notific\u00e1-lo-emos atrav\u00e9s da publica\u00e7\u00e3o dos Termos actualizados no nosso s\u00edtio Web ou atrav\u00e9s de outros meios de comunica\u00e7\u00e3o adequados.<br \/>\nA sua utiliza\u00e7\u00e3o continuada dos nossos Servi\u00e7os ap\u00f3s a notifica\u00e7\u00e3o de tais altera\u00e7\u00f5es constitui a sua aceita\u00e7\u00e3o dos Termos revistos.<br \/>\nSe n\u00e3o concordar com os Termos modificados, deve interromper imediatamente a sua utiliza\u00e7\u00e3o dos Servi\u00e7os.   <\/p>\n<ol style=\"text-align: left;\" start=\"7\">\n<li><strong>Rescis\u00e3o<\/strong><\/li>\n<\/ol>\n<p>Qualquer uma das partes pode rescindir o presente Acordo em qualquer altura, por qualquer motivo, mediante notifica\u00e7\u00e3o escrita \u00e0 outra parte.<br \/>\nAp\u00f3s a rescis\u00e3o, deve interromper imediatamente toda a utiliza\u00e7\u00e3o dos nossos Servi\u00e7os, e n\u00f3s desactivaremos imediatamente o seu acesso \u00e0 nossa plataforma.<br \/>\nA rescis\u00e3o deste Contrato n\u00e3o liberta nenhuma das partes de quaisquer obriga\u00e7\u00f5es ou responsabilidades que se tenham acumulado antes da data da rescis\u00e3o.  <\/p>\n<ol style=\"text-align: left;\" start=\"8\">\n<li><strong>Propriedade intelectual<\/strong><\/li>\n<\/ol>\n<p>Todo o conte\u00fado, marcas comerciais e outra propriedade intelectual associada aos nossos Servi\u00e7os s\u00e3o propriedade exclusiva da Verteco digital services ou dos seus licenciantes.<br \/>\nEst\u00e1 proibido de utilizar, modificar, reproduzir, distribuir ou explorar de qualquer outra forma a nossa propriedade intelectual sem obter o nosso consentimento pr\u00e9vio por escrito.<br \/>\nA utiliza\u00e7\u00e3o n\u00e3o autorizada da nossa propriedade intelectual poder\u00e1 resultar em ac\u00e7\u00f5es legais.  <\/p>\n<ol style=\"text-align: left;\" start=\"9\">\n<li><strong>Ren\u00fancias e limita\u00e7\u00e3o de responsabilidade<\/strong><\/li>\n<\/ol>\n<p>Ao utilizar os nossos Servi\u00e7os, reconhece e aceita que n\u00e3o temos acesso \u00e0s suas contas do Google Ads ou do Google Merchant Center.<br \/>\nComo tal, \u00e9 o \u00fanico respons\u00e1vel pelas suas ac\u00e7\u00f5es, decis\u00f5es e quaisquer erros ou omiss\u00f5es nessas contas.<br \/>\nIsto inclui quaisquer danos potenciais, tais como perda de lucros, dados ou boa vontade.<br \/>\nEmbora estejamos empenhados em fornecer servi\u00e7os de alta qualidade, compreende que n\u00e3o podemos ser responsabilizados por problemas que surjam das suas ac\u00e7\u00f5es ou de quaisquer circunst\u00e2ncias fora do nosso controlo.<br \/>\nEspera-se que fa\u00e7a uma gest\u00e3o competente das suas contas, sabendo que n\u00e3o iremos intervir ou aceder \u00e0s mesmas em seu nome.    <\/p>\n<ol style=\"text-align: left;\" start=\"10\">\n<li><strong>Lei aplic\u00e1vel e jurisdi\u00e7\u00e3o<\/strong><\/li>\n<\/ol>\n<p>Estes Termos s\u00e3o regidos pelas leis aplic\u00e1veis e comprometemo-nos a respeit\u00e1-las.<br \/>\nQuaisquer lit\u00edgios decorrentes ou relacionados com estes Termos ou com a sua utiliza\u00e7\u00e3o dos nossos Servi\u00e7os ser\u00e3o resolvidos exclusivamente nos tribunais localizados na jurisdi\u00e7\u00e3o do principal local de atividade do fornecedor de servi\u00e7os.<br \/>\nAo utilizar os nossos Servi\u00e7os, concorda em submeter-se \u00e0 jurisdi\u00e7\u00e3o destes tribunais para a resolu\u00e7\u00e3o de tais lit\u00edgios.  <\/p>\n<ol style=\"text-align: left;\" start=\"11\">\n<li><strong>Divisibilidade<\/strong><\/li>\n<\/ol>\n<p>Se alguma parte destes Termos se revelar inexequ\u00edvel ou inv\u00e1lida, essa parte espec\u00edfica ser\u00e1 ajustada ou removida o menos poss\u00edvel, de modo a que o resto dos Termos continue a ser totalmente eficaz e exequ\u00edvel.<\/p>\n<ol style=\"text-align: left;\" start=\"12\">\n<li><strong>Acordo integral<\/strong><\/li>\n<\/ol>\n<p style=\"text-align: left;\">Estes Termos, juntamente com a nossa Pol\u00edtica de privacidade, constituem o acordo integral entre o utilizador e a Verteco relativamente \u00e0 utiliza\u00e7\u00e3o dos nossos Servi\u00e7os, substituindo quaisquer acordos, comunica\u00e7\u00f5es e propostas anteriores ou contempor\u00e2neos, orais ou escritos, entre o utilizador e a Verteco.<\/p>\n<p style=\"text-align: left;\">Se tiver alguma quest\u00e3o ou d\u00favida sobre estes Termos ou os nossos Servi\u00e7os, contacte-nos atrav\u00e9s do e-mail: <a href=\"mailto:info@verteco.shop\">info@verteco.shop<\/a><\/p>\n<p style=\"text-align: left;\">\u00a9 Elite Digital Services, LLC<\/p>\n<p style=\"text-align: left;\">  Todos os direitos reservados.<\/p>\n<p>Vers\u00e3o: 20.<br \/>\n08.<br \/>\n2024  <\/p>\n\t\t\t\t\t\t\t\t<\/div>\n\t\t\t\t<\/div>\n\t\t\t\t\t<\/div>\n\t\t<\/div>\n\t\t\t\t\t<\/div>\n\t\t<\/section>\n\t\t\t\t<\/div>\n\t\t","protected":false},"excerpt":{"rendered":"<p>Termos do servi\u00e7o Estes Termos de Servi\u00e7o (&#8220;Termos&#8221;) s\u00e3o emitidos pela Elite Digital Services, LLC, uma empresa de responsabilidade limitada de Delaware, com sede social em 1111B S Governors Ave, STE 21653, Dover, DE 19904, EUA (doravante designada por &#8220;Verteco&#8221;, &#8220;n\u00f3s&#8221;, &#8220;nos&#8221; ou &#8220;nosso&#8221;). Estes Termos regem o seu acesso e utiliza\u00e7\u00e3o dos nossos servi\u00e7os, [&hellip;]<\/p>\n","protected":false},"author":1,"featured_media":0,"parent":0,"menu_order":0,"comment_status":"closed","ping_status":"closed","template":"","meta":{"footnotes":""},"class_list":["post-9963","page","type-page","status-publish","hentry"],"_links":{"self":[{"href":"https:\/\/verteco.shop\/pt-pt\/wp-json\/wp\/v2\/pages\/9963","targetHints":{"allow":["GET"]}}],"collection":[{"href":"https:\/\/verteco.shop\/pt-pt\/wp-json\/wp\/v2\/pages"}],"about":[{"href":"https:\/\/verteco.shop\/pt-pt\/wp-json\/wp\/v2\/types\/page"}],"author":[{"embeddable":true,"href":"https:\/\/verteco.shop\/pt-pt\/wp-json\/wp\/v2\/users\/1"}],"replies":[{"embeddable":true,"href":"https:\/\/verteco.shop\/pt-pt\/wp-json\/wp\/v2\/comments?post=9963"}],"version-history":[{"count":0,"href":"https:\/\/verteco.shop\/pt-pt\/wp-json\/wp\/v2\/pages\/9963\/revisions"}],"wp:attachment":[{"href":"https:\/\/verteco.shop\/pt-pt\/wp-json\/wp\/v2\/media?parent=9963"}],"curies":[{"name":"wp","href":"https:\/\/api.w.org\/{rel}","templated":true}]}}