{"id":24691,"date":"2024-07-24T23:02:28","date_gmt":"2024-07-24T21:02:28","guid":{"rendered":"https:\/\/verteco.shop\/o-que-saber-antes-de-aceitar-a-mudanca-de-css-no-seu-centro-comercial\/"},"modified":"2025-12-16T00:08:51","modified_gmt":"2025-12-15T22:08:51","slug":"o-que-saber-antes-de-aceitar-a-mudanca-de-css-no-seu-centro-comercial","status":"publish","type":"page","link":"https:\/\/verteco.shop\/pt-pt\/o-que-saber-antes-de-aceitar-a-mudanca-de-css-no-seu-centro-comercial\/","title":{"rendered":"O que deve saber antes de aceitar a mudan\u00e7a de CSS no seu centro comercial?"},"content":{"rendered":"\t\t<div data-elementor-type=\"wp-page\" data-elementor-id=\"24691\" class=\"elementor elementor-24691 elementor-24569\" data-elementor-post-type=\"page\">\n\t\t\t\t\t\t<section class=\"elementor-section elementor-top-section elementor-element elementor-element-078fd90 elementor-section-boxed elementor-section-height-default elementor-section-height-default\" data-id=\"078fd90\" data-element_type=\"section\" data-e-type=\"section\" data-settings=\"{&quot;background_background&quot;:&quot;classic&quot;}\">\n\t\t\t\t\t\t<div class=\"elementor-container elementor-column-gap-default\">\n\t\t\t\t\t<div class=\"elementor-column elementor-col-100 elementor-top-column elementor-element elementor-element-dbeaacf\" data-id=\"dbeaacf\" data-element_type=\"column\" data-e-type=\"column\">\n\t\t\t<div class=\"elementor-widget-wrap elementor-element-populated\">\n\t\t\t\t\t\t<div class=\"elementor-element elementor-element-c28796d elementor-widget elementor-widget-heading\" data-id=\"c28796d\" data-element_type=\"widget\" data-e-type=\"widget\" data-widget_type=\"heading.default\">\n\t\t\t\t<div class=\"elementor-widget-container\">\n\t\t\t\t\t<h2 class=\"elementor-heading-title elementor-size-default\">O que deve saber antes de aceitar a mudan\u00e7a de CSS no seu centro comercial?<\/h2>\t\t\t\t<\/div>\n\t\t\t\t<\/div>\n\t\t\t\t\t<\/div>\n\t\t<\/div>\n\t\t\t\t\t<\/div>\n\t\t<\/section>\n\t\t\t\t<section class=\"elementor-section elementor-top-section elementor-element elementor-element-2132196 elementor-section-boxed elementor-section-height-default elementor-section-height-default\" data-id=\"2132196\" data-element_type=\"section\" data-e-type=\"section\" data-settings=\"{&quot;background_background&quot;:&quot;classic&quot;}\">\n\t\t\t\t\t\t<div class=\"elementor-container elementor-column-gap-default\">\n\t\t\t\t\t<div class=\"elementor-column elementor-col-100 elementor-top-column elementor-element elementor-element-e51b319\" data-id=\"e51b319\" data-element_type=\"column\" data-e-type=\"column\">\n\t\t\t<div class=\"elementor-widget-wrap elementor-element-populated\">\n\t\t\t\t\t\t<div class=\"elementor-element elementor-element-7905f63 elementor-widget elementor-widget-text-editor\" data-id=\"7905f63\" data-element_type=\"widget\" data-e-type=\"widget\" data-widget_type=\"text-editor.default\">\n\t\t\t\t<div class=\"elementor-widget-container\">\n\t\t\t\t\t\t\t\t\t<p><em>este conte\u00fado est\u00e1 dispon\u00edvel nestas l\u00ednguas:<\/em><\/p>\t\t\t\t\t\t\t\t<\/div>\n\t\t\t\t<\/div>\n\t\t\t\t<div class=\"elementor-element elementor-element-af9deac elementor-widget elementor-widget-wpml-language-switcher\" data-id=\"af9deac\" data-element_type=\"widget\" data-e-type=\"widget\" data-widget_type=\"wpml-language-switcher.default\">\n\t\t\t\t<div class=\"elementor-widget-container\">\n\t\t\t\t\t<div class=\"wpml-elementor-ls\">\n<div role=\"navigation\" aria-label=\"Alternador de Idioma\" class=\"wpml-ls-statics-footer wpml-ls wpml-ls-legacy-list-horizontal\">\n\t<ul><li class=\"wpml-ls-slot-footer wpml-ls-item wpml-ls-item-en wpml-ls-first-item wpml-ls-item-legacy-list-horizontal\">\n\t\t\t\t<a href=\"https:\/\/verteco.shop\/\" hreflang=\"en\" lang=\"en\" class=\"wpml-ls-link\" aria-label=\"Switch to Ingl\u00eas\" title=\"Switch to Ingl\u00eas\">\n\t\t\t\t\t                                    <img decoding=\"async\"\n            class=\"wpml-ls-flag\"\n            src=\"https:\/\/verteco.shop\/wp-content\/plugins\/sitepress-multilingual-cms\/res\/flags\/en.svg\"\n            alt=\"Ingl\u00eas\"\n            loading=\"lazy\"\n            width=18\n            height=12\n    \/><\/a>\n\t\t\t<\/li><li class=\"wpml-ls-slot-footer wpml-ls-item wpml-ls-item-de wpml-ls-item-legacy-list-horizontal\">\n\t\t\t\t<a href=\"https:\/\/verteco.shop\/de\/\" hreflang=\"de\" lang=\"de\" class=\"wpml-ls-link\" aria-label=\"Switch to Alem\u00e3o\" title=\"Switch to Alem\u00e3o\">\n\t\t\t\t\t                                    <img decoding=\"async\"\n            class=\"wpml-ls-flag\"\n            src=\"https:\/\/verteco.shop\/wp-content\/plugins\/sitepress-multilingual-cms\/res\/flags\/de.svg\"\n            alt=\"Alem\u00e3o\"\n            loading=\"lazy\"\n            width=18\n            height=12\n    \/><\/a>\n\t\t\t<\/li><li class=\"wpml-ls-slot-footer wpml-ls-item wpml-ls-item-es wpml-ls-item-legacy-list-horizontal\">\n\t\t\t\t<a href=\"https:\/\/verteco.shop\/es\/\" hreflang=\"es\" lang=\"es\" class=\"wpml-ls-link\" aria-label=\"Switch to Espanhol\" title=\"Switch to Espanhol\">\n\t\t\t\t\t                                    <img decoding=\"async\"\n            class=\"wpml-ls-flag\"\n            src=\"https:\/\/verteco.shop\/wp-content\/plugins\/sitepress-multilingual-cms\/res\/flags\/es.svg\"\n            alt=\"Espanhol\"\n            loading=\"lazy\"\n            width=18\n            height=12\n    \/><\/a>\n\t\t\t<\/li><li class=\"wpml-ls-slot-footer wpml-ls-item wpml-ls-item-fr wpml-ls-item-legacy-list-horizontal\">\n\t\t\t\t<a href=\"https:\/\/verteco.shop\/fr\/\" hreflang=\"fr\" lang=\"fr\" class=\"wpml-ls-link\" aria-label=\"Switch to Franc\u00eas\" title=\"Switch to Franc\u00eas\">\n\t\t\t\t\t                                    <img decoding=\"async\"\n            class=\"wpml-ls-flag\"\n            src=\"https:\/\/verteco.shop\/wp-content\/plugins\/sitepress-multilingual-cms\/res\/flags\/fr.svg\"\n            alt=\"Franc\u00eas\"\n            loading=\"lazy\"\n            width=18\n            height=12\n    \/><\/a>\n\t\t\t<\/li><li class=\"wpml-ls-slot-footer wpml-ls-item wpml-ls-item-cs wpml-ls-item-legacy-list-horizontal\">\n\t\t\t\t<a href=\"https:\/\/verteco.shop\/cs\/\" hreflang=\"cs\" lang=\"cs\" class=\"wpml-ls-link\" aria-label=\"Switch to Tcheco\" title=\"Switch to Tcheco\">\n\t\t\t\t\t                                    <img decoding=\"async\"\n            class=\"wpml-ls-flag\"\n            src=\"https:\/\/verteco.shop\/wp-content\/plugins\/sitepress-multilingual-cms\/res\/flags\/cs.svg\"\n            alt=\"Tcheco\"\n            loading=\"lazy\"\n            width=18\n            height=12\n    \/><\/a>\n\t\t\t<\/li><li class=\"wpml-ls-slot-footer wpml-ls-item wpml-ls-item-sk wpml-ls-item-legacy-list-horizontal\">\n\t\t\t\t<a href=\"https:\/\/verteco.shop\/sk\/\" hreflang=\"sk\" lang=\"sk\" class=\"wpml-ls-link\" aria-label=\"Switch to Eslavo\" title=\"Switch to Eslavo\">\n\t\t\t\t\t                                    <img decoding=\"async\"\n            class=\"wpml-ls-flag\"\n            src=\"https:\/\/verteco.shop\/wp-content\/plugins\/sitepress-multilingual-cms\/res\/flags\/sk.svg\"\n            alt=\"Eslavo\"\n            loading=\"lazy\"\n            width=18\n            height=12\n    \/><\/a>\n\t\t\t<\/li><li class=\"wpml-ls-slot-footer wpml-ls-item wpml-ls-item-it wpml-ls-item-legacy-list-horizontal\">\n\t\t\t\t<a href=\"https:\/\/verteco.shop\/it\/\" hreflang=\"it\" lang=\"it\" class=\"wpml-ls-link\" aria-label=\"Switch to Italiano\" title=\"Switch to Italiano\">\n\t\t\t\t\t                                    <img decoding=\"async\"\n            class=\"wpml-ls-flag\"\n            src=\"https:\/\/verteco.shop\/wp-content\/plugins\/sitepress-multilingual-cms\/res\/flags\/it.svg\"\n            alt=\"Italiano\"\n            loading=\"lazy\"\n            width=18\n            height=12\n    \/><\/a>\n\t\t\t<\/li><li class=\"wpml-ls-slot-footer wpml-ls-item wpml-ls-item-nl wpml-ls-item-legacy-list-horizontal\">\n\t\t\t\t<a href=\"https:\/\/verteco.shop\/nl\/\" hreflang=\"nl\" lang=\"nl\" class=\"wpml-ls-link\" aria-label=\"Switch to Holand\u00eas\" title=\"Switch to Holand\u00eas\">\n\t\t\t\t\t                                    <img decoding=\"async\"\n            class=\"wpml-ls-flag\"\n            src=\"https:\/\/verteco.shop\/wp-content\/plugins\/sitepress-multilingual-cms\/res\/flags\/nl.svg\"\n            alt=\"Holand\u00eas\"\n            loading=\"lazy\"\n            width=18\n            height=12\n    \/><\/a>\n\t\t\t<\/li><li class=\"wpml-ls-slot-footer wpml-ls-item wpml-ls-item-hu wpml-ls-item-legacy-list-horizontal\">\n\t\t\t\t<a href=\"https:\/\/verteco.shop\/hu\/\" hreflang=\"hu\" lang=\"hu\" class=\"wpml-ls-link\" aria-label=\"Switch to H\u00fangaro\" title=\"Switch to H\u00fangaro\">\n\t\t\t\t\t                                    <img decoding=\"async\"\n            class=\"wpml-ls-flag\"\n            src=\"https:\/\/verteco.shop\/wp-content\/plugins\/sitepress-multilingual-cms\/res\/flags\/hu.svg\"\n            alt=\"H\u00fangaro\"\n            loading=\"lazy\"\n            width=18\n            height=12\n    \/><\/a>\n\t\t\t<\/li><li class=\"wpml-ls-slot-footer wpml-ls-item wpml-ls-item-pl wpml-ls-item-legacy-list-horizontal\">\n\t\t\t\t<a href=\"https:\/\/verteco.shop\/pl\/\" hreflang=\"pl\" lang=\"pl\" class=\"wpml-ls-link\" aria-label=\"Switch to Polon\u00eas\" title=\"Switch to Polon\u00eas\">\n\t\t\t\t\t                                    <img decoding=\"async\"\n            class=\"wpml-ls-flag\"\n            src=\"https:\/\/verteco.shop\/wp-content\/plugins\/sitepress-multilingual-cms\/res\/flags\/pl.svg\"\n            alt=\"Polon\u00eas\"\n            loading=\"lazy\"\n            width=18\n            height=12\n    \/><\/a>\n\t\t\t<\/li><li class=\"wpml-ls-slot-footer wpml-ls-item wpml-ls-item-hr wpml-ls-item-legacy-list-horizontal\">\n\t\t\t\t<a href=\"https:\/\/verteco.shop\/hr\/\" hreflang=\"hr\" lang=\"hr\" class=\"wpml-ls-link\" aria-label=\"Switch to Croata\" title=\"Switch to Croata\">\n\t\t\t\t\t                                    <img decoding=\"async\"\n            class=\"wpml-ls-flag\"\n            src=\"https:\/\/verteco.shop\/wp-content\/plugins\/sitepress-multilingual-cms\/res\/flags\/hr.svg\"\n            alt=\"Croata\"\n            loading=\"lazy\"\n            width=18\n            height=12\n    \/><\/a>\n\t\t\t<\/li><li class=\"wpml-ls-slot-footer wpml-ls-item wpml-ls-item-da wpml-ls-item-legacy-list-horizontal\">\n\t\t\t\t<a href=\"https:\/\/verteco.shop\/da\/\" hreflang=\"da\" lang=\"da\" class=\"wpml-ls-link\" aria-label=\"Switch to Dinamarqu\u00eas\" title=\"Switch to Dinamarqu\u00eas\">\n\t\t\t\t\t                                    <img decoding=\"async\"\n            class=\"wpml-ls-flag\"\n            src=\"https:\/\/verteco.shop\/wp-content\/plugins\/sitepress-multilingual-cms\/res\/flags\/da.svg\"\n            alt=\"Dinamarqu\u00eas\"\n            loading=\"lazy\"\n            width=18\n            height=12\n    \/><\/a>\n\t\t\t<\/li><li class=\"wpml-ls-slot-footer wpml-ls-item wpml-ls-item-fi wpml-ls-item-legacy-list-horizontal\">\n\t\t\t\t<a href=\"https:\/\/verteco.shop\/fi\/\" hreflang=\"fi\" lang=\"fi\" class=\"wpml-ls-link\" aria-label=\"Switch to Finland\u00eas\" title=\"Switch to Finland\u00eas\">\n\t\t\t\t\t                                    <img decoding=\"async\"\n            class=\"wpml-ls-flag\"\n            src=\"https:\/\/verteco.shop\/wp-content\/plugins\/sitepress-multilingual-cms\/res\/flags\/fi.svg\"\n            alt=\"Finland\u00eas\"\n            loading=\"lazy\"\n            width=18\n            height=12\n    \/><\/a>\n\t\t\t<\/li><li class=\"wpml-ls-slot-footer wpml-ls-item wpml-ls-item-sv wpml-ls-item-legacy-list-horizontal\">\n\t\t\t\t<a href=\"https:\/\/verteco.shop\/sv\/\" hreflang=\"sv\" lang=\"sv\" class=\"wpml-ls-link\" aria-label=\"Switch to Sueco\" title=\"Switch to Sueco\">\n\t\t\t\t\t                                    <img decoding=\"async\"\n            class=\"wpml-ls-flag\"\n            src=\"https:\/\/verteco.shop\/wp-content\/plugins\/sitepress-multilingual-cms\/res\/flags\/sv.svg\"\n            alt=\"Sueco\"\n            loading=\"lazy\"\n            width=18\n            height=12\n    \/><\/a>\n\t\t\t<\/li><li class=\"wpml-ls-slot-footer wpml-ls-item wpml-ls-item-no wpml-ls-item-legacy-list-horizontal\">\n\t\t\t\t<a href=\"https:\/\/verteco.shop\/no\/\" hreflang=\"no\" lang=\"no\" class=\"wpml-ls-link\" aria-label=\"Switch to Noruegu\u00eas\" title=\"Switch to Noruegu\u00eas\">\n\t\t\t\t\t                                    <img decoding=\"async\"\n            class=\"wpml-ls-flag\"\n            src=\"https:\/\/verteco.shop\/wp-content\/plugins\/sitepress-multilingual-cms\/res\/flags\/no.svg\"\n            alt=\"Noruegu\u00eas\"\n            loading=\"lazy\"\n            width=18\n            height=12\n    \/><\/a>\n\t\t\t<\/li><li class=\"wpml-ls-slot-footer wpml-ls-item wpml-ls-item-ro wpml-ls-item-legacy-list-horizontal\">\n\t\t\t\t<a href=\"https:\/\/verteco.shop\/ro\/\" hreflang=\"ro\" lang=\"ro\" class=\"wpml-ls-link\" aria-label=\"Switch to Romeno\" title=\"Switch to Romeno\">\n\t\t\t\t\t                                    <img decoding=\"async\"\n            class=\"wpml-ls-flag\"\n            src=\"https:\/\/verteco.shop\/wp-content\/plugins\/sitepress-multilingual-cms\/res\/flags\/ro.svg\"\n            alt=\"Romeno\"\n            loading=\"lazy\"\n            width=18\n            height=12\n    \/><\/a>\n\t\t\t<\/li><li class=\"wpml-ls-slot-footer wpml-ls-item wpml-ls-item-el wpml-ls-item-legacy-list-horizontal\">\n\t\t\t\t<a href=\"https:\/\/verteco.shop\/el\/\" hreflang=\"el\" lang=\"el\" class=\"wpml-ls-link\" aria-label=\"Switch to Grego\" title=\"Switch to Grego\">\n\t\t\t\t\t                                    <img decoding=\"async\"\n            class=\"wpml-ls-flag\"\n            src=\"https:\/\/verteco.shop\/wp-content\/plugins\/sitepress-multilingual-cms\/res\/flags\/el.svg\"\n            alt=\"Grego\"\n            loading=\"lazy\"\n            width=18\n            height=12\n    \/><\/a>\n\t\t\t<\/li><li class=\"wpml-ls-slot-footer wpml-ls-item wpml-ls-item-pt-pt wpml-ls-current-language wpml-ls-item-legacy-list-horizontal\">\n\t\t\t\t<a href=\"https:\/\/verteco.shop\/pt-pt\/\" hreflang=\"pt-pt\" lang=\"pt-pt\" class=\"wpml-ls-link\" aria-current=\"page\" aria-label=\"Switch to Portugu\u00eas\" title=\"Switch to Portugu\u00eas\">\n\t\t\t\t\t                                    <img decoding=\"async\"\n            class=\"wpml-ls-flag\"\n            src=\"https:\/\/verteco.shop\/wp-content\/plugins\/sitepress-multilingual-cms\/res\/flags\/pt-pt.svg\"\n            alt=\"Portugu\u00eas\"\n            loading=\"lazy\"\n            width=18\n            height=12\n    \/><\/a>\n\t\t\t<\/li><li class=\"wpml-ls-slot-footer wpml-ls-item wpml-ls-item-uk wpml-ls-last-item wpml-ls-item-legacy-list-horizontal\">\n\t\t\t\t<a href=\"https:\/\/verteco.shop\/uk\/\" hreflang=\"uk\" lang=\"uk\" class=\"wpml-ls-link\" aria-label=\"Switch to Ucraniano\" title=\"Switch to Ucraniano\">\n\t\t\t\t\t                                    <img decoding=\"async\"\n            class=\"wpml-ls-flag\"\n            src=\"https:\/\/verteco.shop\/wp-content\/plugins\/sitepress-multilingual-cms\/res\/flags\/uk.svg\"\n            alt=\"Ucraniano\"\n            loading=\"lazy\"\n            width=18\n            height=12\n    \/><\/a>\n\t\t\t<\/li><\/ul>\n<\/div>\n<\/div>\t\t\t\t<\/div>\n\t\t\t\t<\/div>\n\t\t\t\t\t<\/div>\n\t\t<\/div>\n\t\t\t\t\t<\/div>\n\t\t<\/section>\n\t\t\t\t<section class=\"elementor-section elementor-top-section elementor-element elementor-element-aca2e11 elementor-section-boxed elementor-section-height-default elementor-section-height-default\" data-id=\"aca2e11\" data-element_type=\"section\" data-e-type=\"section\" data-settings=\"{&quot;background_background&quot;:&quot;classic&quot;}\">\n\t\t\t\t\t\t<div class=\"elementor-container elementor-column-gap-default\">\n\t\t\t\t\t<div class=\"elementor-column elementor-col-100 elementor-top-column elementor-element elementor-element-50842e5\" data-id=\"50842e5\" data-element_type=\"column\" data-e-type=\"column\">\n\t\t\t<div class=\"elementor-widget-wrap elementor-element-populated\">\n\t\t\t\t\t\t<div class=\"elementor-element elementor-element-6f995f6 elementor-widget elementor-widget-heading\" data-id=\"6f995f6\" data-element_type=\"widget\" data-e-type=\"widget\" data-widget_type=\"heading.default\">\n\t\t\t\t<div class=\"elementor-widget-container\">\n\t\t\t\t\t<h2 class=\"elementor-heading-title elementor-size-default\">Pronto para mudar o seu CSS?<\/h2>\t\t\t\t<\/div>\n\t\t\t\t<\/div>\n\t\t\t\t<div class=\"elementor-element elementor-element-eac360b elementor-widget elementor-widget-text-editor\" data-id=\"eac360b\" data-element_type=\"widget\" data-e-type=\"widget\" data-widget_type=\"text-editor.default\">\n\t\t\t\t<div class=\"elementor-widget-container\">\n\t\t\t\t\t\t\t\t\t<section><p>Obrigado por escolher a <strong>verteco.shop CSS<\/strong>! Para garantir uma transi\u00e7\u00e3o suave, confirme cada passo antes de aceitar a mudan\u00e7a no seu Merchant Center:<\/p><ol><li><p><strong>  Verifique o acesso de administrador<\/strong><\/p><ul><li>Confirme que tem direitos de administrador direto no Merchant Center de destino.<\/li><li>Para contas com v\u00e1rios clientes, garanta o acesso de administrador \u00e0 subconta espec\u00edfica.<\/li><li>Adicione um utilizador Admin se ainda n\u00e3o tiver privil\u00e9gios diretos.<br><br><\/li><\/ul><\/li><li><p><strong>  Verifica\u00e7\u00e3o de listagens gratuitas<\/strong><\/p><ul><li>Apenas um EU Merchant Center pode gerir an\u00fancios gratuitos de cada vez.<\/li><li>Opte por n\u00e3o participar em quaisquer centros extra para evitar a reatribui\u00e7\u00e3o autom\u00e1tica pelo Google.<br><br><\/li><\/ul><\/li><li><p><strong>  Liga\u00e7\u00e3o do Google Ads<\/strong><\/p><ul><li>Certifique-se de que o Merchant Center est\u00e1 ligado \u00e0 sua conta do Google Ads.<\/li><li>Lembre-se: \u00e9 voc\u00ea que controla os or\u00e7amentos, as licita\u00e7\u00f5es e as defini\u00e7\u00f5es da campanha.<br><br><\/li><\/ul><\/li><li><p><strong>  Classifica\u00e7\u00f5es e coment\u00e1rios de Preserve Star<\/strong><\/p><p>As classifica\u00e7\u00f5es por estrelas <strong>n\u00e3o<\/strong> ser\u00e3o transferidas automaticamente. Para manter os seus distintivos de avalia\u00e7\u00e3o:<\/p><ul><li>Volte a carregar o seu feed de an\u00e1lises de produtos pelo menos uma vez por m\u00eas.<\/li><li>Consulte o guia do Google: <a href=\"https:\/\/support.google.com\/merchants\/answer\/14620160?hl=en\" target=\"_blank\" rel=\"noopener\">Carregar e gerir coment\u00e1rios<\/a>, <a href=\"https:\/\/support.google.com\/merchants\/answer\/14620732?hl=en\" target=\"_blank\" rel=\"noopener\">Guia de mudan\u00e7a de conta CSS<\/a>.<\/li><\/ul><\/li><\/ol><\/section>\t\t\t\t\t\t\t\t<\/div>\n\t\t\t\t<\/div>\n\t\t\t\t\t<\/div>\n\t\t<\/div>\n\t\t\t\t\t<\/div>\n\t\t<\/section>\n\t\t\t\t<\/div>\n\t\t","protected":false},"excerpt":{"rendered":"<p>O que deve saber antes de aceitar a mudan\u00e7a de CSS no seu centro comercial? este conte\u00fado est\u00e1 dispon\u00edvel nestas l\u00ednguas: Pronto para mudar o seu CSS? Obrigado por escolher a verteco.shop CSS! Para garantir uma transi\u00e7\u00e3o suave, confirme cada passo antes de aceitar a mudan\u00e7a no seu Merchant Center: Verifique o acesso de administrador [&hellip;]<\/p>\n","protected":false},"author":1,"featured_media":0,"parent":0,"menu_order":0,"comment_status":"closed","ping_status":"closed","template":"elementor_header_footer","meta":{"footnotes":""},"class_list":["post-24691","page","type-page","status-publish","hentry"],"_links":{"self":[{"href":"https:\/\/verteco.shop\/pt-pt\/wp-json\/wp\/v2\/pages\/24691","targetHints":{"allow":["GET"]}}],"collection":[{"href":"https:\/\/verteco.shop\/pt-pt\/wp-json\/wp\/v2\/pages"}],"about":[{"href":"https:\/\/verteco.shop\/pt-pt\/wp-json\/wp\/v2\/types\/page"}],"author":[{"embeddable":true,"href":"https:\/\/verteco.shop\/pt-pt\/wp-json\/wp\/v2\/users\/1"}],"replies":[{"embeddable":true,"href":"https:\/\/verteco.shop\/pt-pt\/wp-json\/wp\/v2\/comments?post=24691"}],"version-history":[{"count":0,"href":"https:\/\/verteco.shop\/pt-pt\/wp-json\/wp\/v2\/pages\/24691\/revisions"}],"wp:attachment":[{"href":"https:\/\/verteco.shop\/pt-pt\/wp-json\/wp\/v2\/media?parent=24691"}],"curies":[{"name":"wp","href":"https:\/\/api.w.org\/{rel}","templated":true}]}}