{"id":9965,"date":"2023-05-18T23:08:13","date_gmt":"2023-05-18T21:08:13","guid":{"rendered":"https:\/\/verteco.shop\/warunki-swiadczenia-uslug\/"},"modified":"2024-11-06T14:59:20","modified_gmt":"2024-11-06T12:59:20","slug":"warunki-swiadczenia-uslug","status":"publish","type":"page","link":"https:\/\/verteco.shop\/pl\/warunki-swiadczenia-uslug\/","title":{"rendered":"Warunki \u015bwiadczenia us\u0142ug"},"content":{"rendered":"\t\t<div data-elementor-type=\"wp-page\" data-elementor-id=\"9965\" class=\"elementor elementor-9965 elementor-7045\" data-elementor-post-type=\"page\">\n\t\t\t\t\t\t<section class=\"elementor-section elementor-top-section elementor-element elementor-element-2140112 elementor-section-boxed elementor-section-height-default elementor-section-height-default\" data-id=\"2140112\" data-element_type=\"section\" data-e-type=\"section\">\n\t\t\t\t\t\t<div class=\"elementor-container elementor-column-gap-default\">\n\t\t\t\t\t<div class=\"elementor-column elementor-col-100 elementor-top-column elementor-element elementor-element-c52fb5b\" data-id=\"c52fb5b\" data-element_type=\"column\" data-e-type=\"column\">\n\t\t\t<div class=\"elementor-widget-wrap elementor-element-populated\">\n\t\t\t\t\t\t<div class=\"elementor-element elementor-element-e3899a0 elementor-widget elementor-widget-heading\" data-id=\"e3899a0\" data-element_type=\"widget\" data-e-type=\"widget\" data-widget_type=\"heading.default\">\n\t\t\t\t<div class=\"elementor-widget-container\">\n\t\t\t\t\t<h2 class=\"elementor-heading-title elementor-size-default\">Warunki \u015bwiadczenia us\u0142ug<\/h2>\t\t\t\t<\/div>\n\t\t\t\t<\/div>\n\t\t\t\t\t<\/div>\n\t\t<\/div>\n\t\t\t\t\t<\/div>\n\t\t<\/section>\n\t\t\t\t<section class=\"elementor-section elementor-top-section elementor-element elementor-element-2f6b0dc3 elementor-section-boxed elementor-section-height-default elementor-section-height-default\" data-id=\"2f6b0dc3\" data-element_type=\"section\" data-e-type=\"section\">\n\t\t\t\t\t\t<div class=\"elementor-container elementor-column-gap-default\">\n\t\t\t\t\t<div class=\"elementor-column elementor-col-100 elementor-top-column elementor-element elementor-element-6f586bdd\" data-id=\"6f586bdd\" data-element_type=\"column\" data-e-type=\"column\">\n\t\t\t<div class=\"elementor-widget-wrap elementor-element-populated\">\n\t\t\t\t\t\t<div class=\"elementor-element elementor-element-73b178c0 elementor-widget elementor-widget-text-editor\" data-id=\"73b178c0\" data-element_type=\"widget\" data-e-type=\"widget\" data-widget_type=\"text-editor.default\">\n\t\t\t\t<div class=\"elementor-widget-container\">\n\t\t\t\t\t\t\t\t\t<p style=\"text-align: start;\">Niniejsze Warunki korzystania z us\u0142ugi (\u201eWarunki\u201d) zosta\u0142y wydane przez Elite Digital Services, LLC, sp\u00f3\u0142k\u0119 z ograniczon\u0105 odpowiedzialno\u015bci\u0105 z Delaware z siedzib\u0105 pod adresem 1111B S Governors Ave, STE 21653, Dover, DE 19904, USA (zwan\u0105 dalej \u201eVerteco\u201d, \u201emy\u201d, \u201enas\u201d lub \u201enasz\u201d). Niniejsze Warunki reguluj\u0105 dost\u0119p do naszych us\u0142ug i korzystanie z nich, w tym, ale nie wy\u0142\u0105cznie, programu Verteco.shop Comparison Shopping Service (CSS), naszej witryny internetowej, narz\u0119dzi i wszelkich innych funkcji udost\u0119pnianych przez nas (zwanych \u0142\u0105cznie \u201eUs\u0142ugami\u201d). <\/p>\n<p style=\"text-align: start;\">Uzyskuj\u0105c dost\u0119p do naszych Us\u0142ug lub korzystaj\u0105c z nich, Ty (\u201eTy\u201d, \u201eTw\u00f3j\u201d lub \u201eKlient\u201d) potwierdzasz, \u017ce przeczyta\u0142e\u015b, zrozumia\u0142e\u015b i zgadzasz si\u0119 by\u0107 prawnie zwi\u0105zanym niniejszymi Warunkami. Je\u015bli nie zgadzasz si\u0119 z niniejszymi Warunkami, nie mo\u017cesz korzysta\u0107 z naszych Us\u0142ug. <\/p>\n<p style=\"text-align: start;\">Verteco.shop oferuje specjalistyczn\u0105 us\u0142ug\u0119 Comparison Shopping Service (CSS) zaprojektowan\u0105 w celu optymalizacji skuteczno\u015bci reklam Google Shopping. Wykorzystuj\u0105c ramy prawne, nasz CSS umo\u017cliwia reklamodawcom potencjalne osi\u0105gni\u0119cie do 20% redukcji koszt\u00f3w reklamowych poprzez przej\u015bcie z domy\u015blnego CSS Google na nasz\u0105 platform\u0119. To przej\u015bcie u\u0142atwia bardziej op\u0142acaln\u0105 reklam\u0119 dzi\u0119ki zwi\u0119kszonym stawkom kosztu klikni\u0119cia (CPC). Oferujemy prosty, wolny od ryzyka okres pr\u00f3bny, kt\u00f3ry zachowuje istniej\u0105ce ustawienia kampanii, zapewniaj\u0105c zar\u00f3wno bezpiecze\u0144stwo danych, jak i \u0142atwo\u015b\u0107 dalszego sukcesu reklamowego.   <\/p>\n<ol style=\"text-align: left;\">\n<li><strong>Akceptacja warunk\u00f3w<\/strong><\/li>\n<\/ol>\n<p style=\"text-align: left;\">Uzyskuj\u0105c dost\u0119p do naszych Us\u0142ug lub korzystaj\u0105c z nich, potwierdzasz, \u017ce przeczyta\u0142e\u015b, zrozumia\u0142e\u015b i zgadzasz si\u0119 by\u0107 prawnie zwi\u0105zanym niniejszymi Warunkami i nasz\u0105 Polityk\u0105 prywatno\u015bci. Je\u015bli nie zgadzasz si\u0119 z jak\u0105kolwiek cz\u0119\u015bci\u0105 niniejszych Warunk\u00f3w, musisz powstrzyma\u0107 si\u0119 od uzyskiwania dost\u0119pu do naszych Us\u0142ug lub korzystania z nich. <\/p>\n<ol style=\"text-align: left;\" start=\"2\">\n<li><strong>Kwalifikowalno\u015b\u0107<\/strong><\/li>\n<\/ol>\n<p style=\"text-align: left;\">Musisz mie\u0107 co najmniej 18 lat, aby uzyska\u0107 dost\u0119p do naszych Us\u0142ug lub z nich korzysta\u0107. Uzyskuj\u0105c dost\u0119p do naszych Us\u0142ug lub korzystaj\u0105c z nich, o\u015bwiadczasz i gwarantujesz, \u017ce masz co najmniej 18 lat i \u017ce korzystasz z naszych Us\u0142ug wy\u0142\u0105cznie w celach przedsi\u0119biorczych, biznesowych lub zawodowych. Nasze Us\u0142ugi s\u0105 przeznaczone wy\u0142\u0105cznie dla os\u00f3b fizycznych lub podmiot\u00f3w prowadz\u0105cych dzia\u0142alno\u015b\u0107 gospodarcz\u0105. Je\u015bli nie spe\u0142niasz tych wymaga\u0144, nie mo\u017cesz korzysta\u0107 z naszych Us\u0142ug.   <\/p>\n<ol style=\"text-align: left;\" start=\"3\">\n<li><strong>Rejestracja konta<\/strong><\/li>\n<\/ol>\n<p>Aby uzyska\u0107 dost\u0119p do niekt\u00f3rych funkcji naszych Us\u0142ug, mo\u017ce by\u0107 wymagane utworzenie konta. Jeste\u015b wy\u0142\u0105cznie odpowiedzialny za zachowanie poufno\u015bci danych uwierzytelniaj\u0105cych Twojego konta, w tym nazwy u\u017cytkownika i has\u0142a, oraz za wszelkie dzia\u0142ania podejmowane na Twoim koncie. Zgadzasz si\u0119 niezw\u0142ocznie powiadomi\u0107 nas o ka\u017cdym nieautoryzowanym dost\u0119pie lub u\u017cyciu Twojego konta lub o ka\u017cdym innym naruszeniu bezpiecze\u0144stwa. Nie ponosimy odpowiedzialno\u015bci za \u017cadne straty lub szkody wynikaj\u0105ce z Twojego niedope\u0142nienia tego obowi\u0105zku bezpiecze\u0144stwa.  <\/p>\n<ol style=\"text-align: left;\" start=\"4\">\n<li><strong>Bezp\u0142atna wersja pr\u00f3bna<\/strong><\/li>\n<\/ol>\n<p>Oferujemy 30-dniowy bezp\u0142atny okres pr\u00f3bny naszego programu CSS, podczas kt\u00f3rego nie s\u0105 wymagane \u017cadne dane karty kredytowej ani dane dotycz\u0105ce p\u0142atno\u015bci. Po up\u0142ywie okresu pr\u00f3bnego dalszy dost\u0119p do naszych Us\u0142ug b\u0119dzie wymaga\u0142 wybrania planu cenowego i podania prawid\u0142owych danych dotycz\u0105cych p\u0142atno\u015bci. Niedope\u0142nienie tego obowi\u0105zku spowoduje zawieszenie dost\u0119pu do Us\u0142ug. Kontynuuj\u0105c korzystanie z naszych Us\u0142ug po up\u0142ywie bezp\u0142atnego okresu pr\u00f3bnego, zgadzasz si\u0119 wybra\u0107 i zasubskrybowa\u0107 p\u0142atny plan us\u0142ug i potwierdzasz, \u017ce jeste\u015b zobowi\u0105zany do spe\u0142nienia warunk\u00f3w p\u0142atno\u015bci zwi\u0105zanych z wybranym planem.   <\/p>\n<ol style=\"text-align: left;\" start=\"5\">\n<li><strong>Ceny i p\u0142atno\u015bci<\/strong><\/li>\n<\/ol>\n<p>Nasze plany cenowe s\u0105 dost\u0119pne na naszej stronie internetowej, oferuj\u0105c r\u00f3\u017cne opcje dostosowane do r\u00f3\u017cnych potrzeb. P\u0142atno\u015bci s\u0105 wymagane co miesi\u0105c lub co rok, w zale\u017cno\u015bci od wybranego planu. Zgodnie z indywidualnymi komunikatami i wed\u0142ug naszego uznania zastrzegamy sobie prawo do oferowania zni\u017cek, bonus\u00f3w lub innych zach\u0119t promocyjnych. Takie oferty mog\u0105 by\u0107 udost\u0119pniane indywidualnie i nie stanowi\u0105 z naszej strony zobowi\u0105zania do oferowania podobnych warunk\u00f3w innym klientom lub w innym czasie. Te zni\u017cki i bonusy s\u0105 udost\u0119pniane wy\u0142\u0105cznie wed\u0142ug naszego uznania i mog\u0105 podlega\u0107 dodatkowym warunkom okre\u015blonym w momencie sk\u0142adania oferty. Wszystkie op\u0142aty s\u0105 bezzwrotne, z wyj\u0105tkiem przypadk\u00f3w wymaganych przez obowi\u0105zuj\u0105ce prawo.     <\/p>\n<\/p>\n<p>Zobowi\u0105zania p\u0142atnicze za nasze Us\u0142ugi rozpoczynaj\u0105 si\u0119 30 dni po dacie, w kt\u00f3rej Twoje Centrum Handlowe (MC) zostanie prze\u0142\u0105czone na us\u0142ug\u0119 por\u00f3wnawcz\u0105 verteco.shop (CSS). Oznacza to, \u017ce zaczniesz ponosi\u0107 op\u0142aty za Us\u0142ugi pocz\u0105wszy od 30 dni od daty akceptacji prze\u0142\u0105czenia MC na nasz\u0105 platform\u0119 CSS. Okres p\u0142atno\u015bci b\u0119dzie kontynuowany nieprzerwanie do momentu oficjalnego od\u0142\u0105czenia Twojego Centrum Handlowego od verteco.shop CSS.  <\/p>\n<p>Jeste\u015b odpowiedzialny za zapewnienie, \u017ce proces roz\u0142\u0105czania zostanie uko\u0144czony, je\u015bli zdecydujesz si\u0119 zako\u0144czy\u0107 Us\u0142ugi. Nieprawid\u0142owe roz\u0142\u0105czenie Merchant Center z naszym CSS spowoduje dalsze rozliczanie, a Ty b\u0119dziesz nadal odpowiedzialny za wszystkie naliczone op\u0142aty do momentu sfinalizowania roz\u0142\u0105czenia. <\/p>\n<p>Wszystkie p\u0142atno\u015bci s\u0105 wymagalne zgodnie z cyklem rozliczeniowym wybranego planu cenowego, miesi\u0119cznym lub rocznym. Faktury b\u0119d\u0105 wystawiane odpowiednio, a pe\u0142na p\u0142atno\u015b\u0107 musi zosta\u0107 otrzymana do daty p\u0142atno\u015bci okre\u015blonej na fakturze, aby unikn\u0105\u0107 przerwy lub zawieszenia Us\u0142ug. Op\u00f3\u017anienia w p\u0142atno\u015bciach mog\u0105 skutkowa\u0107 dodatkowymi op\u0142atami lub odsetkami dozwolonymi przez prawo, a uporczywe nieterminowe dokonywanie p\u0142atno\u015bci mo\u017ce doprowadzi\u0107 do zako\u0144czenia dost\u0119pu do Us\u0142ug.  <\/p>\n<p>Wa\u017cne jest, aby pami\u0119ta\u0107, \u017ce chocia\u017c zapewniamy platform\u0119 dla CSS, nie mamy dost\u0119pu do Twoich kont Google Ads ani Google Merchant Center. W zwi\u0105zku z tym ponosisz wy\u0142\u0105czn\u0105 odpowiedzialno\u015b\u0107 za zarz\u0105dzanie tymi kontami, w tym inicjowanie i potwierdzanie wszelkich roz\u0142\u0105cze\u0144 z nasz\u0105 platform\u0105 CSS. <\/p>\n<p>Kontynuuj\u0105c korzystanie z naszych Us\u0142ug po up\u0142ywie pocz\u0105tkowego 30-dniowego okresu po akceptacji prze\u0142\u0105czenia MC, potwierdzasz i akceptujesz te warunki p\u0142atno\u015bci. Rozumiesz, \u017ce p\u0142atno\u015b\u0107 jest wymagana zgodnie z niniejszym dokumentem i \u017ce jeste\u015b zobowi\u0105zany do wype\u0142nienia wszystkich obowi\u0105zk\u00f3w p\u0142atniczych do czasu prawid\u0142owego zako\u0144czenia Us\u0142ug zgodnie z niniejszymi Warunkami. <\/p>\n<\/p>\n<p>W celu unikni\u0119cia w\u0105tpliwo\u015bci, podczas gdy Elite Digital Services, LLC jest g\u0142\u00f3wnym podmiotem odpowiedzialnym za \u015bwiadczenie Us\u0142ug na mocy niniejszych Warunk\u00f3w, niekt\u00f3re Us\u0142ugi mog\u0105 by\u0107 fakturowane przez nasze podmioty stowarzyszone lub sp\u00f3\u0142ki zale\u017cne, zar\u00f3wno w Stanach Zjednoczonych, jak i poza nimi, w zakresie uznanym za konieczny dla wydajno\u015bci operacyjnej. Niezale\u017cnie od takich ustale\u0144 dotycz\u0105cych fakturowania, Elite Digital Services, LLC pozostaje g\u0142\u00f3wnym podmiotem w odniesieniu do ca\u0142o\u015bciowego wykonania Us\u0142ug i zgodno\u015bci z niniejszymi Warunkami. <\/p>\n<p>Akceptuj\u0105c niniejsze Warunki, wyra\u017casz zgod\u0119 na mo\u017cliwo\u015b\u0107 wystawiania faktur przez podmioty inne ni\u017c Elite Digital Services, LLC, bez wp\u0142ywu na Twoje zobowi\u0105zania wynikaj\u0105ce z niniejszych Warunk\u00f3w. Wszystkie podmioty wystawiaj\u0105ce faktury b\u0119d\u0105 autoryzowane przez Elite Digital Services, LLC i b\u0119d\u0105 dzia\u0142a\u0107 w jego imieniu w zwi\u0105zku ze \u015bwiadczonymi Us\u0142ugami. <\/p>\n<ol style=\"text-align: left;\" start=\"6\">\n<li><strong>Zmiany w us\u0142ugach i warunkach<\/strong><\/li>\n<\/ol>\n<p>Zastrzegamy sobie prawo do modyfikowania naszych Us\u0142ug lub niniejszych Warunk\u00f3w w dowolnym momencie, wed\u0142ug naszego wy\u0142\u0105cznego uznania. W przypadku jakichkolwiek istotnych zmian w niniejszych Warunkach, powiadomimy Ci\u0119 o tym, publikuj\u0105c zaktualizowane Warunki na naszej stronie internetowej lub za pomoc\u0105 innych odpowiednich \u015brodk\u00f3w komunikacji. Dalsze korzystanie z naszych Us\u0142ug po powiadomieniu o takich zmianach oznacza akceptacj\u0119 zmienionych Warunk\u00f3w. Je\u015bli nie zgadzasz si\u0119 ze zmienionymi Warunkami, musisz natychmiast zaprzesta\u0107 korzystania z Us\u0142ug.   <\/p>\n<ol style=\"text-align: left;\" start=\"7\">\n<li><strong>Zako\u0144czenie<\/strong><\/li>\n<\/ol>\n<p>Ka\u017cda ze stron mo\u017ce rozwi\u0105za\u0107 niniejsz\u0105 Umow\u0119 w dowolnym momencie, z dowolnego powodu, poprzez pisemne powiadomienie drugiej strony. Po rozwi\u0105zaniu musisz natychmiast zaprzesta\u0107 korzystania z naszych Us\u0142ug, a my niezw\u0142ocznie zablokujemy Tw\u00f3j dost\u0119p do naszej platformy. Rozwi\u0105zanie niniejszej Umowy nie zwalnia \u017cadnej ze stron z \u017cadnych zobowi\u0105za\u0144 ani odpowiedzialno\u015bci, kt\u00f3re powsta\u0142y przed dat\u0105 rozwi\u0105zania.  <\/p>\n<ol style=\"text-align: left;\" start=\"8\">\n<li><strong>W\u0142asno\u015b\u0107 intelektualna<\/strong><\/li>\n<\/ol>\n<p>Ca\u0142a zawarto\u015b\u0107, znaki towarowe i inna w\u0142asno\u015b\u0107 intelektualna zwi\u0105zana z naszymi Us\u0142ugami s\u0105 wy\u0142\u0105czn\u0105 w\u0142asno\u015bci\u0105 Verteco Digital Services lub jej licencjodawc\u00f3w. Zabrania si\u0119 u\u017cywania, modyfikowania, reprodukowania, dystrybuowania lub innego wykorzystywania jakiejkolwiek naszej w\u0142asno\u015bci intelektualnej bez uzyskania naszej uprzedniej pisemnej zgody. Nieautoryzowane u\u017cycie naszej w\u0142asno\u015bci intelektualnej mo\u017ce skutkowa\u0107 podj\u0119ciem krok\u00f3w prawnych.  <\/p>\n<ol style=\"text-align: left;\" start=\"9\">\n<li><strong>Zastrze\u017cenia i ograniczenie odpowiedzialno\u015bci<\/strong><\/li>\n<\/ol>\n<p>Korzystaj\u0105c z naszych Us\u0142ug, potwierdzasz i zgadzasz si\u0119, \u017ce nie mamy dost\u0119pu do Twoich kont Google Ads ani Google Merchant Center. W zwi\u0105zku z tym ponosisz wy\u0142\u0105czn\u0105 odpowiedzialno\u015b\u0107 za swoje dzia\u0142ania, decyzje oraz wszelkie b\u0142\u0119dy lub pomini\u0119cia na tych kontach. Obejmuje to wszelkie potencjalne szkody, takie jak utrata zysk\u00f3w, danych lub dobrej woli. Chocia\u017c zobowi\u0105zujemy si\u0119 do \u015bwiadczenia wysokiej jako\u015bci us\u0142ug, rozumiesz, \u017ce nie mo\u017cemy ponosi\u0107 odpowiedzialno\u015bci za problemy wynikaj\u0105ce z Twoich dzia\u0142a\u0144 lub jakichkolwiek okoliczno\u015bci pozostaj\u0105cych poza nasz\u0105 kontrol\u0105. Oczekuje si\u0119, \u017ce b\u0119dziesz kompetentnie zarz\u0105dza\u0107 swoimi kontami, wiedz\u0105c, \u017ce nie b\u0119dziemy interweniowa\u0107 ani uzyskiwa\u0107 do nich dost\u0119pu w Twoim imieniu.    <\/p>\n<ol style=\"text-align: left;\" start=\"10\">\n<li><strong>Prawo w\u0142a\u015bciwe i jurysdykcja<\/strong><\/li>\n<\/ol>\n<p>Niniejsze Warunki podlegaj\u0105 obowi\u0105zuj\u0105cym przepisom prawa, a my zobowi\u0105zujemy si\u0119 do ich przestrzegania. Wszelkie spory wynikaj\u0105ce z niniejszych Warunk\u00f3w lub zwi\u0105zane z nimi lub korzystaniem z naszych Us\u0142ug b\u0119d\u0105 rozstrzygane wy\u0142\u0105cznie przez s\u0105dy znajduj\u0105ce si\u0119 w jurysdykcji g\u0142\u00f3wnego miejsca prowadzenia dzia\u0142alno\u015bci przez us\u0142ugodawc\u0119. Korzystaj\u0105c z naszych Us\u0142ug, zgadzasz si\u0119 podda\u0107 jurysdykcji tych s\u0105d\u00f3w w celu rozstrzygni\u0119cia wszelkich takich spor\u00f3w.  <\/p>\n<ol style=\"text-align: left;\" start=\"11\">\n<li><strong>Rozdzielno\u015b\u0107<\/strong><\/li>\n<\/ol>\n<p>Je\u017celi jakakolwiek cz\u0119\u015b\u0107 niniejszych Warunk\u00f3w oka\u017ce si\u0119 niewykonalna lub niewa\u017cna, dana cz\u0119\u015b\u0107 zostanie zmieniona lub usuni\u0119ta w mo\u017cliwie najmniejszym stopniu, tak aby pozosta\u0142a cz\u0119\u015b\u0107 Warunk\u00f3w nadal by\u0142a w pe\u0142ni skuteczna i wykonalna.<\/p>\n<ol style=\"text-align: left;\" start=\"12\">\n<li><strong>Ca\u0142o\u015b\u0107 Umowy<\/strong><\/li>\n<\/ol>\n<p style=\"text-align: left;\">Niniejsze Warunki, wraz z nasz\u0105 Polityk\u0105 prywatno\u015bci, stanowi\u0105 ca\u0142o\u015b\u0107 umowy mi\u0119dzy u\u017cytkownikiem a Verteco dotycz\u0105cej korzystania z naszych Us\u0142ug, zast\u0119puj\u0105c wszelkie wcze\u015bniejsze lub r\u00f3wnoczesne umowy, komunikaty i propozycje, zar\u00f3wno ustne, jak i pisemne, mi\u0119dzy u\u017cytkownikiem a Verteco.<\/p>\n<p style=\"text-align: left;\">W przypadku jakichkolwiek pyta\u0144 lub w\u0105tpliwo\u015bci dotycz\u0105cych niniejszego Regulaminu lub naszych Us\u0142ug, prosimy o kontakt pod adresem e-mail: <a href=\"mailto:info@verteco.shop\">info@verteco.shop<\/a>.<\/p>\n<p style=\"text-align: left;\">\u00a9 Elite Us\u0142ugi cyfrowe, LLC<\/p>\n<p style=\"text-align: left;\">  Wszelkie prawa zastrze\u017cone.<\/p>\n<p>Wersja: 20.08.2024  <\/p>\n\t\t\t\t\t\t\t\t<\/div>\n\t\t\t\t<\/div>\n\t\t\t\t\t<\/div>\n\t\t<\/div>\n\t\t\t\t\t<\/div>\n\t\t<\/section>\n\t\t\t\t<\/div>\n\t\t","protected":false},"excerpt":{"rendered":"<p>Warunki \u015bwiadczenia us\u0142ug Niniejsze Warunki korzystania z us\u0142ugi (\u201eWarunki\u201d) zosta\u0142y wydane przez Elite Digital Services, LLC, sp\u00f3\u0142k\u0119 z ograniczon\u0105 odpowiedzialno\u015bci\u0105 z Delaware z siedzib\u0105 pod adresem 1111B S Governors Ave, STE 21653, Dover, DE 19904, USA (zwan\u0105 dalej \u201eVerteco\u201d, \u201emy\u201d, \u201enas\u201d lub \u201enasz\u201d). Niniejsze Warunki reguluj\u0105 dost\u0119p do naszych us\u0142ug i korzystanie z nich, w [&hellip;]<\/p>\n","protected":false},"author":1,"featured_media":0,"parent":0,"menu_order":0,"comment_status":"closed","ping_status":"closed","template":"","meta":{"footnotes":""},"class_list":["post-9965","page","type-page","status-publish","hentry"],"_links":{"self":[{"href":"https:\/\/verteco.shop\/pl\/wp-json\/wp\/v2\/pages\/9965","targetHints":{"allow":["GET"]}}],"collection":[{"href":"https:\/\/verteco.shop\/pl\/wp-json\/wp\/v2\/pages"}],"about":[{"href":"https:\/\/verteco.shop\/pl\/wp-json\/wp\/v2\/types\/page"}],"author":[{"embeddable":true,"href":"https:\/\/verteco.shop\/pl\/wp-json\/wp\/v2\/users\/1"}],"replies":[{"embeddable":true,"href":"https:\/\/verteco.shop\/pl\/wp-json\/wp\/v2\/comments?post=9965"}],"version-history":[{"count":0,"href":"https:\/\/verteco.shop\/pl\/wp-json\/wp\/v2\/pages\/9965\/revisions"}],"wp:attachment":[{"href":"https:\/\/verteco.shop\/pl\/wp-json\/wp\/v2\/media?parent=9965"}],"curies":[{"name":"wp","href":"https:\/\/api.w.org\/{rel}","templated":true}]}}