{"id":9492,"date":"2023-07-14T11:20:19","date_gmt":"2023-07-14T09:20:19","guid":{"rendered":"https:\/\/verteco.shop\/verteco-shop-css-invoiced\/"},"modified":"2024-04-30T14:07:08","modified_gmt":"2024-04-30T12:07:08","slug":"verteco-shop-css-invoiced","status":"publish","type":"page","link":"https:\/\/verteco.shop\/pl\/verteco-shop-css-invoiced\/","title":{"rendered":"verteco.shop CSS &#8211; zafakturowane"},"content":{"rendered":"\t\t<div data-elementor-type=\"wp-page\" data-elementor-id=\"9492\" class=\"elementor elementor-9492 elementor-8269\" data-elementor-post-type=\"page\">\n\t\t\t\t\t\t<section class=\"elementor-section elementor-top-section elementor-element elementor-element-f447737 elementor-section-boxed elementor-section-height-default elementor-section-height-default\" data-id=\"f447737\" data-element_type=\"section\" data-e-type=\"section\">\n\t\t\t\t\t\t<div class=\"elementor-container elementor-column-gap-default\">\n\t\t\t\t\t<div class=\"elementor-column elementor-col-100 elementor-top-column elementor-element elementor-element-d741be4\" data-id=\"d741be4\" data-element_type=\"column\" data-e-type=\"column\">\n\t\t\t<div class=\"elementor-widget-wrap elementor-element-populated\">\n\t\t\t\t\t\t<div class=\"elementor-element elementor-element-d4e8981 elementor-widget elementor-widget-heading\" data-id=\"d4e8981\" data-element_type=\"widget\" data-e-type=\"widget\" data-widget_type=\"heading.default\">\n\t\t\t\t<div class=\"elementor-widget-container\">\n\t\t\t\t\t<h2 class=\"elementor-heading-title elementor-size-default\">verteco.shop - Zap\u0142a\u0107 faktur\u0105<\/h2>\t\t\t\t<\/div>\n\t\t\t\t<\/div>\n\t\t\t\t<div class=\"elementor-element elementor-element-f24d821 elementor-button-align-stretch elementor-widget elementor-widget-form\" data-id=\"f24d821\" data-element_type=\"widget\" data-e-type=\"widget\" data-settings=\"{&quot;step_next_label&quot;:&quot;Nast\\u0119pny&quot;,&quot;step_previous_label&quot;:&quot;Poprzedni&quot;,&quot;button_width&quot;:&quot;100&quot;,&quot;step_type&quot;:&quot;number_text&quot;,&quot;step_icon_shape&quot;:&quot;circle&quot;}\" data-widget_type=\"form.default\">\n\t\t\t\t<div class=\"elementor-widget-container\">\n\t\t\t\t\t\t\t<form class=\"elementor-form\" method=\"post\" name=\"Nowy formularz\" aria-label=\"Nowy formularz\">\n\t\t\t<input type=\"hidden\" name=\"post_id\" value=\"9492\"\/>\n\t\t\t<input type=\"hidden\" name=\"form_id\" value=\"f24d821\"\/>\n\t\t\t<input type=\"hidden\" name=\"referer_title\" value=\"verteco.shop CSS - zafakturowane - verteco.shop CSS\" \/>\n\n\t\t\t\t\t\t\t<input type=\"hidden\" name=\"queried_id\" value=\"9492\"\/>\n\t\t\t\n\t\t\t<div class=\"elementor-form-fields-wrapper elementor-labels-above\">\n\t\t\t\t\t\t\t\t<div class=\"elementor-field-type-step elementor-field-group elementor-column elementor-field-group-field_88c430f elementor-col-100\">\n\t\t\t\t\t\t\t<div class=\"e-field-step elementor-hidden\" data-label=\"Informacje kontaktowe\" data-previousButton=\"\" data-nextButton=\"\" data-iconUrl=\"\" data-iconLibrary=\"far fa-address-card\" data-icon=\"\" ><\/div>\n\n\t\t\t\t\t\t<\/div>\n\t\t\t\t\t\t\t\t<div class=\"elementor-field-type-html elementor-field-group elementor-column elementor-field-group-field_e299646 elementor-col-100\">\n\t\t\t\t\t<b>Informacje wst\u0119pne:<\/b><br><br>\n\nWype\u0142nij formularz. Po przes\u0142aniu formularza mo\u017cna zaakceptowa\u0107 zmian\u0119 w centrum handlowym.  <br>\nMo\u017cesz wybra\u0107, czy chcesz pozosta\u0107 w verteco.shop CSS po bezp\u0142atnym 30-dniowym okresie pr\u00f3bnym, czy te\u017c zawsze mo\u017cesz wr\u00f3ci\u0107 do Google CSS.  <br> <br>\n\t\t\t\t<\/div>\n\t\t\t\t\t\t\t\t<div class=\"elementor-field-type-select elementor-field-group elementor-column elementor-field-group-field_c09db40 elementor-col-100 elementor-field-required elementor-mark-required\">\n\t\t\t\t\t\t\t\t\t\t\t\t<label for=\"form-field-field_c09db40\" class=\"elementor-field-label\">\n\t\t\t\t\t\t\t\tKraj\t\t\t\t\t\t\t<\/label>\n\t\t\t\t\t\t\t\t<div class=\"elementor-field elementor-select-wrapper remove-before \">\n\t\t\t<div class=\"select-caret-down-wrapper\">\n\t\t\t\t<i aria-hidden=\"true\" class=\"eicon-caret-down\"><\/i>\t\t\t<\/div>\n\t\t\t<select name=\"form_fields[field_c09db40]\" id=\"form-field-field_c09db40\" class=\"elementor-field-textual elementor-size-sm\" required=\"required\">\n\t\t\t\t\t\t\t\t\t<option value=\"Austria\">Austria<\/option>\n\t\t\t\t\t\t\t\t\t<option value=\"Belgia\">Belgia<\/option>\n\t\t\t\t\t\t\t\t\t<option value=\"Republika Czeska\">Republika Czeska<\/option>\n\t\t\t\t\t\t\t\t\t<option value=\"Dania\">Dania<\/option>\n\t\t\t\t\t\t\t\t\t<option value=\"Finlandia\">Finlandia<\/option>\n\t\t\t\t\t\t\t\t\t<option value=\"Francja\">Francja<\/option>\n\t\t\t\t\t\t\t\t\t<option value=\"Niemcy\">Niemcy<\/option>\n\t\t\t\t\t\t\t\t\t<option value=\"Grecja\">Grecja<\/option>\n\t\t\t\t\t\t\t\t\t<option value=\"W\u0119gry\">W\u0119gry<\/option>\n\t\t\t\t\t\t\t\t\t<option value=\"Irlandia\">Irlandia<\/option>\n\t\t\t\t\t\t\t\t\t<option value=\"W\u0142ochy\">W\u0142ochy<\/option>\n\t\t\t\t\t\t\t\t\t<option value=\"Holandia\">Holandia<\/option>\n\t\t\t\t\t\t\t\t\t<option value=\"Norwegia\">Norwegia<\/option>\n\t\t\t\t\t\t\t\t\t<option value=\"Polska\">Polska<\/option>\n\t\t\t\t\t\t\t\t\t<option value=\"Portugalia\">Portugalia<\/option>\n\t\t\t\t\t\t\t\t\t<option value=\"Rumunia\">Rumunia<\/option>\n\t\t\t\t\t\t\t\t\t<option value=\"S\u0142owacja\">S\u0142owacja<\/option>\n\t\t\t\t\t\t\t\t\t<option value=\"Hiszpania\">Hiszpania<\/option>\n\t\t\t\t\t\t\t\t\t<option value=\"Szwecja\">Szwecja<\/option>\n\t\t\t\t\t\t\t\t\t<option value=\"Szwajcaria\">Szwajcaria<\/option>\n\t\t\t\t\t\t\t\t\t<option value=\"Zjednoczone Kr\u00f3lestwo\">Zjednoczone Kr\u00f3lestwo<\/option>\n\t\t\t\t\t\t\t<\/select>\n\t\t<\/div>\n\t\t\t\t\t\t<\/div>\n\t\t\t\t\t\t\t\t<div class=\"elementor-field-type-text elementor-field-group elementor-column elementor-field-group-field_8b44fab elementor-col-50 elementor-field-required elementor-mark-required\">\n\t\t\t\t\t\t\t\t\t\t\t\t<label for=\"form-field-field_8b44fab\" class=\"elementor-field-label\">\n\t\t\t\t\t\t\t\tNazwa\t\t\t\t\t\t\t<\/label>\n\t\t\t\t\t\t\t\t\t\t\t\t\t\t<input size=\"1\" type=\"text\" name=\"form_fields[field_8b44fab]\" id=\"form-field-field_8b44fab\" class=\"elementor-field elementor-size-sm  elementor-field-textual\" placeholder=\"John\" required=\"required\">\n\t\t\t\t\t\t\t\t\t\t\t<\/div>\n\t\t\t\t\t\t\t\t<div class=\"elementor-field-type-text elementor-field-group elementor-column elementor-field-group-field_001e2fb elementor-col-50 elementor-field-required elementor-mark-required\">\n\t\t\t\t\t\t\t\t\t\t\t\t<label for=\"form-field-field_001e2fb\" class=\"elementor-field-label\">\n\t\t\t\t\t\t\t\tNazwisko\t\t\t\t\t\t\t<\/label>\n\t\t\t\t\t\t\t\t\t\t\t\t\t\t<input size=\"1\" type=\"text\" name=\"form_fields[field_001e2fb]\" id=\"form-field-field_001e2fb\" class=\"elementor-field elementor-size-sm  elementor-field-textual\" placeholder=\"Doe\" required=\"required\">\n\t\t\t\t\t\t\t\t\t\t\t<\/div>\n\t\t\t\t\t\t\t\t<div class=\"elementor-field-type-email elementor-field-group elementor-column elementor-field-group-field_4afa782 elementor-col-50 elementor-field-required elementor-mark-required\">\n\t\t\t\t\t\t\t\t\t\t\t\t<label for=\"form-field-field_4afa782\" class=\"elementor-field-label\">\n\t\t\t\t\t\t\t\tE-mail\t\t\t\t\t\t\t<\/label>\n\t\t\t\t\t\t\t\t\t\t\t\t\t\t<input size=\"1\" type=\"email\" name=\"form_fields[field_4afa782]\" id=\"form-field-field_4afa782\" class=\"elementor-field elementor-size-sm  elementor-field-textual\" placeholder=\"contact@mycompany.com\" required=\"required\">\n\t\t\t\t\t\t\t\t\t\t\t<\/div>\n\t\t\t\t\t\t\t\t<div class=\"elementor-field-type-text elementor-field-group elementor-column elementor-field-group-field_c1c9025 elementor-col-50 elementor-field-required elementor-mark-required\">\n\t\t\t\t\t\t\t\t\t\t\t\t<label for=\"form-field-field_c1c9025\" class=\"elementor-field-label\">\n\t\t\t\t\t\t\t\tNumer telefonu\t\t\t\t\t\t\t<\/label>\n\t\t\t\t\t\t\t\t\t\t\t\t\t\t<input size=\"1\" type=\"text\" name=\"form_fields[field_c1c9025]\" id=\"form-field-field_c1c9025\" class=\"elementor-field elementor-size-sm  elementor-field-textual\" placeholder=\"+12 345 678 910\" required=\"required\">\n\t\t\t\t\t\t\t\t\t\t\t<\/div>\n\t\t\t\t\t\t\t\t<div class=\"elementor-field-type-step elementor-field-group elementor-column elementor-field-group-field_9592e6b elementor-col-100\">\n\t\t\t\t\t\t\t<div class=\"e-field-step elementor-hidden\" data-label=\"Centra handlowe\" data-previousButton=\"\" data-nextButton=\"\" data-iconUrl=\"\" data-iconLibrary=\"fas fa-star\" data-icon=\"\" ><\/div>\n\n\t\t\t\t\t\t<\/div>\n\t\t\t\t\t\t\t\t<div class=\"elementor-field-type-select elementor-field-group elementor-column elementor-field-group-field_dd36557 elementor-col-100 elementor-field-required elementor-mark-required\">\n\t\t\t\t\t\t\t\t\t\t\t\t<label for=\"form-field-field_dd36557\" class=\"elementor-field-label\">\n\t\t\t\t\t\t\t\tLiczba centr\u00f3w handlowych, kt\u00f3re przesz\u0142y na verteco.shop CSS\t\t\t\t\t\t\t<\/label>\n\t\t\t\t\t\t\t\t<div class=\"elementor-field elementor-select-wrapper remove-before \">\n\t\t\t<div class=\"select-caret-down-wrapper\">\n\t\t\t\t<i aria-hidden=\"true\" class=\"eicon-caret-down\"><\/i>\t\t\t<\/div>\n\t\t\t<select name=\"form_fields[field_dd36557]\" id=\"form-field-field_dd36557\" class=\"elementor-field-textual elementor-size-sm\" required=\"required\">\n\t\t\t\t\t\t\t\t\t<option value=\"1\">1<\/option>\n\t\t\t\t\t\t\t\t\t<option value=\"2\">2<\/option>\n\t\t\t\t\t\t\t\t\t<option value=\"3\">3<\/option>\n\t\t\t\t\t\t\t\t\t<option value=\"4\">4<\/option>\n\t\t\t\t\t\t\t\t\t<option value=\"5\">5<\/option>\n\t\t\t\t\t\t\t\t\t<option value=\"6\">6<\/option>\n\t\t\t\t\t\t\t\t\t<option value=\"7\">7<\/option>\n\t\t\t\t\t\t\t\t\t<option value=\"8\">8<\/option>\n\t\t\t\t\t\t\t\t\t<option value=\"9\">9<\/option>\n\t\t\t\t\t\t\t\t\t<option value=\"10\">10<\/option>\n\t\t\t\t\t\t\t<\/select>\n\t\t<\/div>\n\t\t\t\t\t\t<\/div>\n\t\t\t\t\t\t\t\t<div class=\"elementor-field-type-textarea elementor-field-group elementor-column elementor-field-group-field_3ad030b elementor-col-100 elementor-field-required elementor-mark-required\">\n\t\t\t\t\t\t\t\t\t\t\t\t<label for=\"form-field-field_3ad030b\" class=\"elementor-field-label\">\n\t\t\t\t\t\t\t\tWymie\u0144 tutaj wszystkie centra handlowe, kt\u00f3re chcesz zmieni\u0107. Ich identyfikatory mo\u017cna znale\u017a\u0107 tutaj: https:\/\/merchants.google.com\/mc\/\t\t\t\t\t\t\t<\/label>\n\t\t\t\t\t\t<textarea class=\"elementor-field-textual elementor-field  elementor-size-sm\" name=\"form_fields[field_3ad030b]\" id=\"form-field-field_3ad030b\" rows=\"4\" placeholder=\"121212, 12121212, 121212, 121212...\" required=\"required\"><\/textarea>\t\t\t\t<\/div>\n\t\t\t\t\t\t\t\t<div class=\"elementor-field-type-select elementor-field-group elementor-column elementor-field-group-field_ecb1434 elementor-col-100\">\n\t\t\t\t\t\t\t\t\t\t\t\t<label for=\"form-field-field_ecb1434\" class=\"elementor-field-label\">\n\t\t\t\t\t\t\t\tRodzaj p\u0142atno\u015bci:  \t\t\t\t\t\t\t<\/label>\n\t\t\t\t\t\t\t\t<div class=\"elementor-field elementor-select-wrapper remove-before \">\n\t\t\t<div class=\"select-caret-down-wrapper\">\n\t\t\t\t<i aria-hidden=\"true\" class=\"eicon-caret-down\"><\/i>\t\t\t<\/div>\n\t\t\t<select name=\"form_fields[field_ecb1434]\" id=\"form-field-field_ecb1434\" class=\"elementor-field-textual elementor-size-sm\">\n\t\t\t\t\t\t\t\t\t<option value=\"Co miesi\u0105c (bez zni\u017cki) \">Co miesi\u0105c (bez zni\u017cki) <\/option>\n\t\t\t\t\t\t\t\t\t<option value=\"Co 12 miesi\u0119cy (10% zni\u017cki)\">Co 12 miesi\u0119cy (10% zni\u017cki)<\/option>\n\t\t\t\t\t\t\t<\/select>\n\t\t<\/div>\n\t\t\t\t\t\t<\/div>\n\t\t\t\t\t\t\t\t<div class=\"elementor-field-type-step elementor-field-group elementor-column elementor-field-group-field_278a5f3 elementor-col-100\">\n\t\t\t\t\t\t\t<div class=\"e-field-step elementor-hidden\" data-label=\"Fakturowanie\" data-previousButton=\"\" data-nextButton=\"\" data-iconUrl=\"\" data-iconLibrary=\"fas fa-star\" data-icon=\"\" ><\/div>\n\n\t\t\t\t\t\t<\/div>\n\t\t\t\t\t\t\t\t<div class=\"elementor-field-type-html elementor-field-group elementor-column elementor-field-group-field_0f783e8 elementor-col-100\">\n\t\t\t\t\tRozliczenia:\t\t\t\t<\/div>\n\t\t\t\t\t\t\t\t<div class=\"elementor-field-type-text elementor-field-group elementor-column elementor-field-group-name elementor-col-33 elementor-field-required elementor-mark-required\">\n\t\t\t\t\t\t\t\t\t\t\t\t<label for=\"form-field-name\" class=\"elementor-field-label\">\n\t\t\t\t\t\t\t\tNazwa firmy\t\t\t\t\t\t\t<\/label>\n\t\t\t\t\t\t\t\t\t\t\t\t\t\t<input size=\"1\" type=\"text\" name=\"form_fields[name]\" id=\"form-field-name\" class=\"elementor-field elementor-size-sm  elementor-field-textual\" placeholder=\"My Company, ltd.\" required=\"required\">\n\t\t\t\t\t\t\t\t\t\t\t<\/div>\n\t\t\t\t\t\t\t\t<div class=\"elementor-field-type-text elementor-field-group elementor-column elementor-field-group-field_0076e0a elementor-col-33 elementor-field-required elementor-mark-required\">\n\t\t\t\t\t\t\t\t\t\t\t\t<label for=\"form-field-field_0076e0a\" class=\"elementor-field-label\">\n\t\t\t\t\t\t\t\tIdentyfikator firmy (Numer do faktury)\t\t\t\t\t\t\t<\/label>\n\t\t\t\t\t\t\t\t\t\t\t\t\t\t<input size=\"1\" type=\"text\" name=\"form_fields[field_0076e0a]\" id=\"form-field-field_0076e0a\" class=\"elementor-field elementor-size-sm  elementor-field-textual\" placeholder=\"12121212\" required=\"required\">\n\t\t\t\t\t\t\t\t\t\t\t<\/div>\n\t\t\t\t\t\t\t\t<div class=\"elementor-field-type-text elementor-field-group elementor-column elementor-field-group-field_ee015f4 elementor-col-33 elementor-field-required elementor-mark-required\">\n\t\t\t\t\t\t\t\t\t\t\t\t<label for=\"form-field-field_ee015f4\" class=\"elementor-field-label\">\n\t\t\t\t\t\t\t\tNumer VAT firmy (NIP)\t\t\t\t\t\t\t<\/label>\n\t\t\t\t\t\t\t\t\t\t\t\t\t\t<input size=\"1\" type=\"text\" name=\"form_fields[field_ee015f4]\" id=\"form-field-field_ee015f4\" class=\"elementor-field elementor-size-sm  elementor-field-textual\" placeholder=\"DE98391291\" required=\"required\">\n\t\t\t\t\t\t\t\t\t\t\t<\/div>\n\t\t\t\t\t\t\t\t<div class=\"elementor-field-type-text elementor-field-group elementor-column elementor-field-group-field_f6778d0 elementor-col-100 elementor-field-required elementor-mark-required\">\n\t\t\t\t\t\t\t\t\t\t\t\t<label for=\"form-field-field_f6778d0\" class=\"elementor-field-label\">\n\t\t\t\t\t\t\t\tUlica, numer\t\t\t\t\t\t\t<\/label>\n\t\t\t\t\t\t\t\t\t\t\t\t\t\t<input size=\"1\" type=\"text\" name=\"form_fields[field_f6778d0]\" id=\"form-field-field_f6778d0\" class=\"elementor-field elementor-size-sm  elementor-field-textual\" placeholder=\"Ulica 10\" required=\"required\">\n\t\t\t\t\t\t\t\t\t\t\t<\/div>\n\t\t\t\t\t\t\t\t<div class=\"elementor-field-type-text elementor-field-group elementor-column elementor-field-group-field_2715dfb elementor-col-100 elementor-field-required elementor-mark-required\">\n\t\t\t\t\t\t\t\t\t\t\t\t<label for=\"form-field-field_2715dfb\" class=\"elementor-field-label\">\n\t\t\t\t\t\t\t\tZIP\t\t\t\t\t\t\t<\/label>\n\t\t\t\t\t\t\t\t\t\t\t\t\t\t<input size=\"1\" type=\"text\" name=\"form_fields[field_2715dfb]\" id=\"form-field-field_2715dfb\" class=\"elementor-field elementor-size-sm  elementor-field-textual\" placeholder=\"08001...\" required=\"required\">\n\t\t\t\t\t\t\t\t\t\t\t<\/div>\n\t\t\t\t\t\t\t\t<div class=\"elementor-field-type-text elementor-field-group elementor-column elementor-field-group-field_ac13118 elementor-col-100 elementor-field-required elementor-mark-required\">\n\t\t\t\t\t\t\t\t\t\t\t\t<label for=\"form-field-field_ac13118\" class=\"elementor-field-label\">\n\t\t\t\t\t\t\t\tMiasto\t\t\t\t\t\t\t<\/label>\n\t\t\t\t\t\t\t\t\t\t\t\t\t\t<input size=\"1\" type=\"text\" name=\"form_fields[field_ac13118]\" id=\"form-field-field_ac13118\" class=\"elementor-field elementor-size-sm  elementor-field-textual\" placeholder=\"Barcelona...\" required=\"required\">\n\t\t\t\t\t\t\t\t\t\t\t<\/div>\n\t\t\t\t\t\t\t\t<div class=\"elementor-field-type-text\">\n\t\t\t\t\t<input size=\"1\" type=\"text\" name=\"form_fields[field_8418d35]\" id=\"form-field-field_8418d35\" class=\"elementor-field elementor-size-sm \" style=\"display:none !important;\">\t\t\t\t<\/div>\n\t\t\t\t\t\t\t\t<div class=\"elementor-field-group elementor-column elementor-field-type-submit elementor-col-100 e-form__buttons\">\n\t\t\t\t\t<button class=\"elementor-button elementor-size-sm\" type=\"submit\">\n\t\t\t\t\t\t<span class=\"elementor-button-content-wrapper\">\n\t\t\t\t\t\t\t\t\t\t\t\t\t\t\t\t\t\t\t\t\t\t<span class=\"elementor-button-text\">Rozpocznij bezp\u0142atny okres pr\u00f3bny dla wybranych centr\u00f3w handlowych<\/span>\n\t\t\t\t\t\t\t\t\t\t\t\t\t<\/span>\n\t\t\t\t\t<\/button>\n\t\t\t\t<\/div>\n\t\t\t<\/div>\n\t\t<\/form>\n\t\t\t\t\t\t<\/div>\n\t\t\t\t<\/div>\n\t\t\t\t<div class=\"elementor-element elementor-element-ab3b096 elementor-widget elementor-widget-spacer\" data-id=\"ab3b096\" data-element_type=\"widget\" data-e-type=\"widget\" data-widget_type=\"spacer.default\">\n\t\t\t\t<div class=\"elementor-widget-container\">\n\t\t\t\t\t\t\t<div class=\"elementor-spacer\">\n\t\t\t<div class=\"elementor-spacer-inner\"><\/div>\n\t\t<\/div>\n\t\t\t\t\t\t<\/div>\n\t\t\t\t<\/div>\n\t\t\t\t<div class=\"elementor-element elementor-element-aba9308 elementor-widget elementor-widget-text-editor\" data-id=\"aba9308\" data-element_type=\"widget\" data-e-type=\"widget\" data-widget_type=\"text-editor.default\">\n\t\t\t\t<div class=\"elementor-widget-container\">\n\t\t\t\t\t\t\t\t\t<p><strong><em>Je\u015bli zamiast tego chcesz zacz\u0105\u0107 od p\u0142atno\u015bci kart\u0105, Apple Pay lub Google Pay, mo\u017cesz to zrobi\u0107 <a href=\"https:\/\/verteco.shop\/pl\/wybierz-subskrypcje\/\">tutaj<\/a>.<\/em><\/strong><\/p>\n\t\t\t\t\t\t\t\t<\/div>\n\t\t\t\t<\/div>\n\t\t\t\t\t<\/div>\n\t\t<\/div>\n\t\t\t\t\t<\/div>\n\t\t<\/section>\n\t\t\t\t<\/div>\n\t\t","protected":false},"excerpt":{"rendered":"<p>verteco.shop &#8211; Zap\u0142a\u0107 faktur\u0105 Je\u015bli zamiast tego chcesz zacz\u0105\u0107 od p\u0142atno\u015bci kart\u0105, Apple Pay lub Google Pay, mo\u017cesz to zrobi\u0107 tutaj.<\/p>\n","protected":false},"author":1,"featured_media":0,"parent":0,"menu_order":0,"comment_status":"closed","ping_status":"closed","template":"elementor_header_footer","meta":{"footnotes":""},"class_list":["post-9492","page","type-page","status-publish","hentry"],"_links":{"self":[{"href":"https:\/\/verteco.shop\/pl\/wp-json\/wp\/v2\/pages\/9492","targetHints":{"allow":["GET"]}}],"collection":[{"href":"https:\/\/verteco.shop\/pl\/wp-json\/wp\/v2\/pages"}],"about":[{"href":"https:\/\/verteco.shop\/pl\/wp-json\/wp\/v2\/types\/page"}],"author":[{"embeddable":true,"href":"https:\/\/verteco.shop\/pl\/wp-json\/wp\/v2\/users\/1"}],"replies":[{"embeddable":true,"href":"https:\/\/verteco.shop\/pl\/wp-json\/wp\/v2\/comments?post=9492"}],"version-history":[{"count":0,"href":"https:\/\/verteco.shop\/pl\/wp-json\/wp\/v2\/pages\/9492\/revisions"}],"wp:attachment":[{"href":"https:\/\/verteco.shop\/pl\/wp-json\/wp\/v2\/media?parent=9492"}],"curies":[{"name":"wp","href":"https:\/\/api.w.org\/{rel}","templated":true}]}}