{"id":23736,"date":"2024-07-03T20:41:50","date_gmt":"2024-07-03T18:41:50","guid":{"rendered":"https:\/\/verteco.shop\/wszystko-co-musisz-wiedziec-o-css\/"},"modified":"2024-07-03T20:52:21","modified_gmt":"2024-07-03T18:52:21","slug":"wszystko-co-musisz-wiedziec-o-css","status":"publish","type":"page","link":"https:\/\/verteco.shop\/pl\/wszystko-co-musisz-wiedziec-o-css\/","title":{"rendered":"Wszystko, co musisz wiedzie\u0107 o CSS"},"content":{"rendered":"\n<p>Je\u015bli prowadzisz sklep internetowy lub pracujesz w agencji marketingowej, prawdopodobnie s\u0142ysza\u0142e\u015b ju\u017c o CSS \u2013 us\u0142udze Google Comparison Shopping Service. Je\u015bli zajmujesz si\u0119 ju\u017c kampaniami Google Ads, temat prawdopodobnie jest Ci zaznajomiony. A je\u015bli nigdy nie s\u0142ysza\u0142e\u015b o CSS, teraz jest czas, aby dowiedzie\u0107 si\u0119, jak mo\u017ce pom\u00f3c Ci skutecznie promowa\u0107 Twoj\u0105 firm\u0119 w wyszukiwarce Google.<\/p>\n\n<h2 class=\"wp-block-heading\">Dlaczego istniej\u0105 us\u0142ugi por\u00f3wnywania cen (CSS)?<\/h2>\n\n<p>Ka\u017cdy z nas natkn\u0105\u0142 si\u0119 na specjalne strony internetowe, na kt\u00f3rych mo\u017cemy por\u00f3wna\u0107 ceny produkt\u00f3w z r\u00f3\u017cnych sklep\u00f3w: tego typu strony nazywane s\u0105 por\u00f3wnywarkami cen. Prawdopodobnie najbardziej znanym portalem w tej kategorii s\u0105 Zakupy Google.<\/p>\n\n<p>Aby umie\u015bci\u0107 reklamy Zakup\u00f3w Google (znane r\u00f3wnie\u017c jako \u201eReklamy z list\u0105 produkt\u00f3w\u201d), produkty Twojej firmy musz\u0105 znajdowa\u0107 si\u0119 w takiej por\u00f3wnywarce cen (lub wielu portalach).<\/p>\n\n<p>Do 2017 roku Google posiada\u0142 monopol dzi\u0119ki w\u0142asnemu portalowi cenowemu Google Shopping, w kt\u00f3rym prezentowa\u0142 reklamy Google Shopping. Sytuacj\u0119 t\u0119 uznano za niesprawiedliw\u0105 i cz\u0119\u015b\u0107 firm zdecydowa\u0142a si\u0119 podj\u0105\u0107 kroki prawne przeciwko s\u0142ynnej wyszukiwarce. Monopolistyczna pozycja Google zosta\u0142a ukarana przez s\u0105d, w wyniku czego Google przegra\u0142 spraw\u0119 i zosta\u0142 zmuszony przez Komisj\u0119 Europejsk\u0105 do uruchomienia programu CSS \u2013 Comparison Shopping Services.<\/p>\n\n<p>Nie wszystkie por\u00f3wnywarki bior\u0105 udzia\u0142 w tym programie. CSS musi posiada\u0107 specjalny certyfikat Google i spe\u0142nia\u0107 okre\u015blone wymagania.<\/p>\n\n<p>Wszystkie por\u00f3wnywarki cen zarejestrowane w programie Google Comparison Shopping Services i posiadaj\u0105ce status partnera CSS mog\u0105 umieszcza\u0107 reklamy produkt\u00f3w sprzedawc\u00f3w w wynikach wyszukiwania Google.<\/p>\n\n<h2 class=\"wp-block-heading\">Jaka jest r\u00f3\u017cnica w przypadku p\u0142atnych reklam?<\/h2>\n\n<ul class=\"wp-block-list\">\n<li>Mar\u017ca Google nie jest ju\u017c odliczana od kosztu klikni\u0119cia (CPC).<\/li>\n\n\n\n<li>U do\u0142u wszystkich sponsorowanych reklam zamiast \u201ePrzez Google\u201d widnieje informacja \u201ePrzez XX\u201d.<\/li>\n<\/ul>\n\n<h2 class=\"wp-block-heading\">Jak mo\u017cna powiedzie\u0107, \u017ce mar\u017ca Google istnieje?<\/h2>\n\n<p>Oto co Google m\u00f3wi o swojej mar\u017cy:<\/p>\n\n<p>Google nie okre\u015bla dok\u0142adnie, ile wynosi mar\u017ca; mo\u017cna to obliczy\u0107 dopiero empirycznie po przej\u015bciu na dostawc\u0119 CSS na podstawie wynik\u00f3w. Z do\u015bwiadczenia wynika, \u017ce \u200b\u200bmar\u017ca ta wynosi oko\u0142o 20% CPC. To s\u0142ynny rabat promowany przez partner\u00f3w CSS.<\/p>\n\n<p>Dlaczego nie widzisz bezpo\u015brednio na swoim koncie, \u017ce faktycznie p\u0142acisz za us\u0142ug\u0119 CSS Google?<\/p>\n\n<p>To wewn\u0119trzna decyzja Google. Mar\u017ca jest odejmowana od kosztu klikni\u0119cia przed wej\u015bciem Twojej oferty na aukcj\u0119. Je\u015bli korzystasz z CSS Zakup\u00f3w Google (domy\u015blnego), Twoja rzeczywista stawka jest o oko\u0142o 20% ni\u017csza ni\u017c stawka sprzedawcy wsp\u00f3\u0142pracuj\u0105cego ju\u017c z innym portalem CSS (nie Google CSS) i dlatego wyst\u0119puje ze stawk\u0105 o 20% wy\u017csz\u0105 w Aukcja Google\u2019a.<\/p>\n\n<p>Oczywi\u015bcie p\u0142acisz t\u0119 mar\u017c\u0119 Zakupom Google tylko wtedy, gdy kto\u015b kliknie reklam\u0119 (je\u015bli nie, mar\u017ca nie jest pobierana). Jednak Twoja stawka na aukcji Google jest za ka\u017cdym razem ni\u017csza o oko\u0142o 20%.<\/p>\n\n<h2 class=\"wp-block-heading\">Czy partner CSS pobiera op\u0142at\u0119 za korzystanie z CSS?<\/h2>\n\n<p>Tak, najcz\u0119\u015bciej jest to abonament miesi\u0119czny. Istniej\u0105 setki partner\u00f3w CSS z szerok\u0105 gam\u0105 ofert. Wiele agencji decyduje si\u0119 na wsp\u00f3\u0142prac\u0119 z konkretnym dostawc\u0105 CSS, a niekt\u00f3re nawet maj\u0105 sw\u00f3j w\u0142asny CSS (np. Verteco Digital, agencja marketingu cyfrowego, ma sw\u00f3j w\u0142asny CSS \u2013 Verteco Shop).<\/p>\n\n<h2 class=\"wp-block-heading\">Czy dane w pliku danych zostan\u0105 utracone po migracji do innego CSS? Czy zrujnuje lub zmieni moje kampanie marketingowe?<\/h2>\n\n<p>NIE. Migracja z jednej us\u0142ugi por\u00f3wnywania cen do drugiej odbywa si\u0119 wewn\u0119trznie pomi\u0119dzy dostawc\u0105 us\u0142ug por\u00f3wnywania cen a Google. Google \u201e\u0142\u0105czy\u201d Twoje konto Merchant Center z kontem CSS i mar\u017ca Google nie jest ju\u017c odejmowana od CPC, gdy reklamy wchodz\u0105 na aukcj\u0119. Je\u015bli cokolwiek stanie si\u0119 z danymi (cho\u0107 nie powinno), b\u0119dzie to wina Google, a nie CSS.<\/p>\n\n<h2 class=\"wp-block-heading\">Czy Google odrzuca kampanie utworzone przy u\u017cyciu innego CSS?<\/h2>\n\n<p>Nie, Google nie chce ponownie wyl\u0105dowa\u0107 w s\u0105dzie i zosta\u0107 ukarany \ud83d\ude0a<\/p>\n\n<p>Wszystko zale\u017cy wi\u0119c od tego, jak dobrze zarz\u0105dzasz kampaniami marketingowymi. W przypadku s\u0142abo ukierunkowanych kampanii nawet Zakupy Google jako CSS nie mog\u0105 pom\u00f3c.<\/p>\n\n<h2 class=\"wp-block-heading\">Mar\u017ca Google nie b\u0119dzie ju\u017c naliczana. Co stanie si\u0119 z moim bud\u017cetem?<\/h2>\n\n<p>Nie p\u0142acisz ju\u017c mar\u017cy Google, ale Google oczywi\u015bcie nie zwr\u00f3ci pieni\u0119dzy do Twojego bud\u017cetu reklamowego. W rzeczywisto\u015bci Twoja stawka jest automatycznie wy\u017csza o 20%, a Ty mo\u017cesz znacznie efektywniej wykorzysta\u0107 sw\u00f3j bud\u017cet na reklamy Google. Od Ciebie zale\u017cy, jak zarz\u0105dza\u0107 kampaniami, aby Twoja strategia si\u0119 op\u0142aci\u0142a. Mo\u017cesz zachowa\u0107 ten sam bud\u017cet i uzyska\u0107 wi\u0119cej klikni\u0119\u0107 reklamy lub zmniejszy\u0107 koszt klikni\u0119cia i utrzyma\u0107 te same wyniki, wydaj\u0105c mniej.<\/p>\n\n<h2 class=\"wp-block-heading\">W jakich krajach dost\u0119pny jest program Google CSS?<\/h2>\n\n<p>Program jest dost\u0119pny w 21 krajach UE i poza ni\u0105: Niemcy, Austria, Szwajcaria, Grecja, W\u0119gry, Irlandia, W\u0142ochy, Holandia, Norwegia, Belgia, Czechy, Dania, Finlandia, Francja, Polska, Portugalia, Rumunia, S\u0142owacja, Hiszpanii, Szwecji i Wielkiej Brytanii. Zasadniczo s\u0105 to kraje UE, Wielka Brytania i Szwajcaria.<\/p>\n\n<h2 class=\"wp-block-heading\">Jak mo\u017cna jednocze\u015bnie u\u017cywa\u0107 zewn\u0119trznego CSS i Google CSS?<\/h2>\n\n<p>Mo\u017cesz u\u017cywa\u0107 dw\u00f3ch kont Merchant Center. Pierwsze konto jest po\u0142\u0105czone z Zakupami Google. Drugi \u2013 do zewn\u0119trznego CSS.<\/p>\n\n<h2 class=\"wp-block-heading\">Ilu CSS mo\u017cesz u\u017cywa\u0107 jednocze\u015bnie?<\/h2>\n\n<p>Tak duzo jak chcesz.<\/p>\n\n<h2 class=\"wp-block-heading\">Co si\u0119 dzieje?<\/h2>\n\n<p>Nic dobrego. Je\u015bli korzystasz jednocze\u015bnie z wielu us\u0142ug por\u00f3wnywania cen, nie uzyskasz wi\u0119kszego zasi\u0119gu, poniewa\u017c Google zapobiega wielokrotnemu wy\u015bwietlaniu reklam dostawcy.<\/p>\n\n<p>Z punktu widzenia wydajno\u015bci nie jest to zalecane. Nie ma \u017cadnych zalet; w rzeczywisto\u015bci istniej\u0105 nawet pewne wady, takie jak kanibalizacja w\u0142asnych reklam i s\u0142abszy og\u00f3lny wynik.<\/p>\n\n<h2 class=\"wp-block-heading\">Czym dostawcy CSS r\u00f3\u017cni\u0105 si\u0119 od siebie?<\/h2>\n\n<p>Istniej\u0105 trzy kategorie CSS:<\/p>\n\n<ul class=\"wp-block-list\">\n<li>Uczestnik<\/li>\n\n\n\n<li>Partner CSS<\/li>\n\n\n\n<li>Premium CSS Partner<\/li>\n<\/ul>\n\n<p>Partner Premium CSS ma wi\u0119cej zarejestrowanych sprzedawc\u00f3w jako klient\u00f3w (tylko pod wzgl\u0119dem liczbowym). Ale nie zawsze jest to zaleta. Dostawca CSS maj\u0105cy setki klient\u00f3w poza Tob\u0105 nie b\u0119dzie w stanie skutecznie Ci\u0119 obs\u0142u\u017cy\u0107 i nie zapewni odpowiedniego wsparcia, zw\u0142aszcza w Twoim ojczystym j\u0119zyku. Verteco oferuje spersonalizowane wsparcie wszystkim krajom uczestnicz\u0105cym w programie Verteco Shop, ze specjalnie przydzielonymi menad\u017cerami, native speakerami, kt\u00f3rzy skutecznie oferuj\u0105 wsparcie i pomoc.<\/p>\n\n<p>Technicznie rzecz bior\u0105c, nie ma r\u00f3\u017cnicy pomi\u0119dzy Uczestnikiem, Partnerem CSS i Partnerem Premium CSS. Za \u017caden z nich nie jest pobierana mar\u017ca Google. Ale us\u0142uga por\u00f3wnywania cen mo\u017ce oferowa\u0107 dodatkowe us\u0142ugi lub zarz\u0105dza\u0107 kampaniami reklamowymi.<\/p>\n\n<p>Warto zastanowi\u0107 si\u0119, czego dok\u0142adnie potrzebujemy i ile to kosztuje. Nie ma sensu p\u0142aci\u0107 za us\u0142ugi tylko dlatego, \u017ce oferuje je du\u017cy i znany dostawca, ale jednocze\u015bnie s\u0105 one bardzo drogie na rynku. Praktycznie wszystkie zewn\u0119trzne CSS oferuj\u0105 dok\u0142adnie to samo. Wielko\u015b\u0107 i wiek firmy gwarantuj\u0105 najwy\u017csz\u0105 jako\u015b\u0107 us\u0142ug. Technicznie rzecz bior\u0105c, wszystkie CSS s\u0105 takie same; r\u00f3\u017cnice s\u0105 jedynie estetyczne, konstrukcyjne, a nie funkcjonalne.<\/p>\n\n<h2 class=\"wp-block-heading\">Wniosek<\/h2>\n\n<p>Dostawcy us\u0142ug CSS Google daj\u0105 sprzedawcom przewag\u0119 w ustalaniu stawek nad konkurencj\u0105, kt\u00f3ra nie korzysta jeszcze z zewn\u0119trznych us\u0142ug CSS (z wyj\u0105tkiem samego CSS w Zakupach Google). Rozs\u0105dnie jest wybra\u0107 CSS, o kt\u00f3rym masz wszystkie niezb\u0119dne informacje i mo\u017cesz go przetestowa\u0107, poniewa\u017c np. Verteco oferuje mo\u017cliwo\u015b\u0107 korzystania z niego za darmo przez miesi\u0105c.<\/p>\n","protected":false},"excerpt":{"rendered":"<p>Je\u015bli prowadzisz sklep internetowy lub pracujesz w agencji marketingowej, prawdopodobnie s\u0142ysza\u0142e\u015b ju\u017c o CSS \u2013 us\u0142udze Google Comparison Shopping Service. Je\u015bli zajmujesz si\u0119 ju\u017c kampaniami Google Ads, temat prawdopodobnie jest Ci zaznajomiony. A je\u015bli nigdy nie s\u0142ysza\u0142e\u015b o CSS, teraz jest czas, aby dowiedzie\u0107 si\u0119, jak mo\u017ce pom\u00f3c Ci skutecznie promowa\u0107 Twoj\u0105 firm\u0119 w wyszukiwarce [&hellip;]<\/p>\n","protected":false},"author":1,"featured_media":0,"parent":0,"menu_order":0,"comment_status":"closed","ping_status":"closed","template":"","meta":{"footnotes":""},"class_list":["post-23736","page","type-page","status-publish","hentry"],"_links":{"self":[{"href":"https:\/\/verteco.shop\/pl\/wp-json\/wp\/v2\/pages\/23736","targetHints":{"allow":["GET"]}}],"collection":[{"href":"https:\/\/verteco.shop\/pl\/wp-json\/wp\/v2\/pages"}],"about":[{"href":"https:\/\/verteco.shop\/pl\/wp-json\/wp\/v2\/types\/page"}],"author":[{"embeddable":true,"href":"https:\/\/verteco.shop\/pl\/wp-json\/wp\/v2\/users\/1"}],"replies":[{"embeddable":true,"href":"https:\/\/verteco.shop\/pl\/wp-json\/wp\/v2\/comments?post=23736"}],"version-history":[{"count":0,"href":"https:\/\/verteco.shop\/pl\/wp-json\/wp\/v2\/pages\/23736\/revisions"}],"wp:attachment":[{"href":"https:\/\/verteco.shop\/pl\/wp-json\/wp\/v2\/media?parent=23736"}],"curies":[{"name":"wp","href":"https:\/\/api.w.org\/{rel}","templated":true}]}}