{"id":18474,"date":"2024-01-19T23:48:21","date_gmt":"2024-01-19T21:48:21","guid":{"rendered":"https:\/\/verteco.shop\/blog-2\/"},"modified":"2024-01-24T00:55:25","modified_gmt":"2024-01-23T22:55:25","slug":"blog-2","status":"publish","type":"page","link":"https:\/\/verteco.shop\/pl\/blog-2\/","title":{"rendered":"Blog-nowy"},"content":{"rendered":"\t\t<div data-elementor-type=\"wp-page\" data-elementor-id=\"18474\" class=\"elementor elementor-18474\" data-elementor-post-type=\"page\">\n\t\t\t\t\t\t<section class=\"elementor-section elementor-top-section elementor-element elementor-element-0b72a6e elementor-section-boxed elementor-section-height-default elementor-section-height-default\" data-id=\"0b72a6e\" data-element_type=\"section\" data-e-type=\"section\" data-settings=\"{&quot;background_background&quot;:&quot;classic&quot;}\">\n\t\t\t\t\t\t<div class=\"elementor-container elementor-column-gap-default\">\n\t\t\t\t\t<div class=\"elementor-column elementor-col-100 elementor-top-column elementor-element elementor-element-69ece13\" data-id=\"69ece13\" data-element_type=\"column\" data-e-type=\"column\">\n\t\t\t<div class=\"elementor-widget-wrap elementor-element-populated\">\n\t\t\t\t\t\t<div class=\"elementor-element elementor-element-95227bd elementor-widget__width-initial elementor-widget elementor-widget-image\" data-id=\"95227bd\" data-element_type=\"widget\" data-e-type=\"widget\" data-widget_type=\"image.default\">\n\t\t\t\t<div class=\"elementor-widget-container\">\n\t\t\t\t\t\t\t\t\t\t\t\t\t\t\t<img fetchpriority=\"high\" decoding=\"async\" width=\"232\" height=\"258\" src=\"https:\/\/verteco.shop\/wp-content\/uploads\/2024\/01\/blog-PNG-3.png\" class=\"attachment-medium size-medium wp-image-18256\" alt=\"- -\" title=\"-\">\t\t\t\t\t\t\t\t\t\t\t\t\t\t\t<\/div>\n\t\t\t\t<\/div>\n\t\t\t\t<div class=\"elementor-element elementor-element-b0a926e elementor-widget__width-auto elementor-widget elementor-widget-heading\" data-id=\"b0a926e\" data-element_type=\"widget\" data-e-type=\"widget\" data-widget_type=\"heading.default\">\n\t\t\t\t<div class=\"elementor-widget-container\">\n\t\t\t\t\t<h2 class=\"elementor-heading-title elementor-size-default\"><p>Tematy <span style=\"color: #ffffff\">, kt\u00f3re<\/span> na pewno <span style=\"color: #ffffff\">Ci\u0119<\/span> zainteresuj\u0105<span style=\"color: var( --e-global-color-f881e8f );background-color: var( --e-global-color-3914a62 )\"><\/span><\/p><\/h2>\t\t\t\t<\/div>\n\t\t\t\t<\/div>\n\t\t\t\t\t<\/div>\n\t\t<\/div>\n\t\t\t\t\t<\/div>\n\t\t<\/section>\n\t\t\t\t<\/div>\n\t\t","protected":false},"excerpt":{"rendered":"<p>Tematy , kt\u00f3re na pewno Ci\u0119 zainteresuj\u0105<\/p>\n","protected":false},"author":8,"featured_media":0,"parent":0,"menu_order":0,"comment_status":"closed","ping_status":"closed","template":"elementor_header_footer","meta":{"footnotes":""},"class_list":["post-18474","page","type-page","status-publish","hentry"],"_links":{"self":[{"href":"https:\/\/verteco.shop\/pl\/wp-json\/wp\/v2\/pages\/18474","targetHints":{"allow":["GET"]}}],"collection":[{"href":"https:\/\/verteco.shop\/pl\/wp-json\/wp\/v2\/pages"}],"about":[{"href":"https:\/\/verteco.shop\/pl\/wp-json\/wp\/v2\/types\/page"}],"author":[{"embeddable":true,"href":"https:\/\/verteco.shop\/pl\/wp-json\/wp\/v2\/users\/8"}],"replies":[{"embeddable":true,"href":"https:\/\/verteco.shop\/pl\/wp-json\/wp\/v2\/comments?post=18474"}],"version-history":[{"count":0,"href":"https:\/\/verteco.shop\/pl\/wp-json\/wp\/v2\/pages\/18474\/revisions"}],"wp:attachment":[{"href":"https:\/\/verteco.shop\/pl\/wp-json\/wp\/v2\/media?parent=18474"}],"curies":[{"name":"wp","href":"https:\/\/api.w.org\/{rel}","templated":true}]}}