{"id":15277,"date":"2023-05-18T23:08:19","date_gmt":"2023-05-18T21:08:19","guid":{"rendered":"https:\/\/verteco.shop\/polityka-prywatnosci"},"modified":"2024-08-20T18:56:28","modified_gmt":"2024-08-20T16:56:28","slug":"polityka-prywatnosci","status":"publish","type":"page","link":"https:\/\/verteco.shop\/pl\/polityka-prywatnosci\/","title":{"rendered":"Polityka prywatno\u015bci"},"content":{"rendered":"\t\t<div data-elementor-type=\"wp-page\" data-elementor-id=\"15277\" class=\"elementor elementor-15277 elementor-7044\" data-elementor-post-type=\"page\">\n\t\t\t\t\t\t<section class=\"elementor-section elementor-top-section elementor-element elementor-element-20c115e2 elementor-section-boxed elementor-section-height-default elementor-section-height-default\" data-id=\"20c115e2\" data-element_type=\"section\" data-e-type=\"section\">\n\t\t\t\t\t\t<div class=\"elementor-container elementor-column-gap-default\">\n\t\t\t\t\t<div class=\"elementor-column elementor-col-100 elementor-top-column elementor-element elementor-element-7140ffb9\" data-id=\"7140ffb9\" data-element_type=\"column\" data-e-type=\"column\">\n\t\t\t<div class=\"elementor-widget-wrap elementor-element-populated\">\n\t\t\t\t\t\t<div class=\"elementor-element elementor-element-d8fbd51 elementor-widget elementor-widget-heading\" data-id=\"d8fbd51\" data-element_type=\"widget\" data-e-type=\"widget\" data-widget_type=\"heading.default\">\n\t\t\t\t<div class=\"elementor-widget-container\">\n\t\t\t\t\t<h2 class=\"elementor-heading-title elementor-size-default\">Polityka prywatno\u015bci<\/h2>\t\t\t\t<\/div>\n\t\t\t\t<\/div>\n\t\t\t\t\t<\/div>\n\t\t<\/div>\n\t\t\t\t\t<\/div>\n\t\t<\/section>\n\t\t\t\t<section class=\"elementor-section elementor-top-section elementor-element elementor-element-47743373 elementor-section-boxed elementor-section-height-default elementor-section-height-default\" data-id=\"47743373\" data-element_type=\"section\" data-e-type=\"section\">\n\t\t\t\t\t\t<div class=\"elementor-container elementor-column-gap-default\">\n\t\t\t\t\t<div class=\"elementor-column elementor-col-100 elementor-top-column elementor-element elementor-element-54aab426\" data-id=\"54aab426\" data-element_type=\"column\" data-e-type=\"column\">\n\t\t\t<div class=\"elementor-widget-wrap elementor-element-populated\">\n\t\t\t\t\t\t<div class=\"elementor-element elementor-element-369420f6 elementor-widget elementor-widget-text-editor\" data-id=\"369420f6\" data-element_type=\"widget\" data-e-type=\"widget\" data-widget_type=\"text-editor.default\">\n\t\t\t\t<div class=\"elementor-widget-container\">\n\t\t\t\t\t\t\t\t\t<p>w rozumieniu art. 19 i nast. ustawy nr 18\/2018 Dz.  o ochronie danych osobowych oraz o zmianie i uzupe\u0142nieniach niekt\u00f3rych ustaw ze zm., zgodnie z art. 13 i 14 Rozporz\u0105dzenia Parlamentu Europejskiego i Rady (UE) 2016\/679 z dnia 27 kwietnia 2016 r. w sprawie ochrony danych osobowych os\u00f3b fizycznych w zwi\u0105zku z przetwarzaniem danych osobowych i w sprawie swobodnego przep\u0142ywu takich danych oraz uchylenia dyrektywy 95\/46\/WE (og\u00f3lne rozporz\u0105dzenie o ochronie danych) (dalej: \u201eRODO\u201d).<\/p>\n<p>Zgodnie z przepisami art. 19 i nast. ustawy nr 18\/2018 Dz. o ochronie danych osobowych ze zm. (dalej jako \u201eUstawa o ochronie danych osobowych\u201d) przekazujemy Pa\u0144stwu, jako osobie, kt\u00f3rej dane dotycz\u0105, nast\u0119puj\u0105ce informacje dotycz\u0105ce przetwarzania Pa\u0144stwa danych osobowych.  <\/p>\n<p><strong>Administrator danych:<\/strong><br \/> Administratorem danych jest firma <strong>Elite Digital Services<\/strong> z siedzib\u0105 pod adresem 1111B S Governors Ave, STE 21653, Dover, DE 19904, USA reprezentowana przez: Normana Bytri\u010dana (zwanego dalej \u201eAdministratorem\u201d).<\/p>\n<p>Szczeg\u00f3\u0142y kontaktu:<\/p>\n<p><strong>  Adres e-mail: info@verteco.shop<br \/> Telefon: +32 480 20 46 99<\/strong><\/p>\n<p><strong>Dost\u0119p do danych osobowych:<\/strong><\/p>\n<p>Podczas przetwarzania danych osobowych, opr\u00f3cz Administratora i sp\u00f3\u0142ek powi\u0105zanych z Elite Digital Services, LLC i ich pracownik\u00f3w, inne osoby przetwarzaj\u0105ce dane osobowe jako podmioty przetwarzaj\u0105ce mog\u0105 mie\u0107 dost\u0119p do danych osobowych. Konkretna, stale aktualizowana lista podmiot\u00f3w przetwarzaj\u0105cych, tj. odbiorc\u00f3w danych osobowych przetwarzanych w imieniu Administratora, w nast\u0119puj\u0105cych kategoriach: <\/p>\n<p>\u2022 Firmy \u015bwiadcz\u0105ce us\u0142ugi marketingowe<br \/> \u2022 Firmy \u015bwiadcz\u0105ce us\u0142ugi kadrowo-p\u0142acowe i ksi\u0119gowe<br \/> \u2022 Firmy \u015bwiadcz\u0105ce us\u0142ugi audytu wewn\u0119trznego i zewn\u0119trznego<\/p>\n<p><strong><br \/>Podstawa prawna:<\/strong><\/p>\n<p>Podstaw\u0105 prawn\u0105 przetwarzania danych osobowych jest co do zasady wype\u0142nienie obowi\u0105zku ustawowego (w szczeg\u00f3lno\u015bci ustawy nr 18\/2018 Dz. o ochronie danych osobowych), zawarcie, administracja i realizacja zobowi\u0105za\u0144 umownych wynikaj\u0105cych z um\u00f3w o prac\u0119 i um\u00f3w handlowych, prawnie uzasadniony interes, kt\u00f3rym jest ochrona praw i interes\u00f3w Administratora oraz jego pracownik\u00f3w chronionych prawem, a tak\u017ce zgoda osoby, kt\u00f3rej dane dotycz\u0105 (g\u0142\u00f3wnie dla cel\u00f3w marketingowych, konkurs\u00f3w, wydarze\u0144 towarzyskich itp.). Zgoda na przetwarzanie danych osobowych musi by\u0107 wyra\u017cona dobrowolnie, a osoba, kt\u00f3rej dane dotycz\u0105, mo\u017ce j\u0105 w ka\u017cdej chwili wycofa\u0107. Jednak\u017ce zgoda jest konieczna, aby Administrator m\u00f3g\u0142 zapewni\u0107 np. imprezy firmowe itp. i bez takiej zgody Administrator nie jest uprawniony do \u015bwiadczenia przedmiotowych us\u0142ug. Je\u017celi osoba, kt\u00f3rej dane dotycz\u0105, odm\u00f3wi udost\u0119pnienia Administratorowi danych osobowych niezb\u0119dnych do wywi\u0105zania si\u0119 z obowi\u0105zk\u00f3w umownych Administratora lub w celu zapewnienia zgodno\u015bci z przepisami prawa, Administrator nie ma obowi\u0105zku zawarcia umowy ani \u015bwiadczenia innych us\u0142ug.   <\/p>\n<p><strong><br \/>Przetwarzane dane osobowe:<\/strong><\/p>\n<p>Gromadzimy imi\u0119 i nazwisko klient\u00f3w naszych sprzedawc\u00f3w, adres e-mail, adres wysy\u0142ki i adres rozliczeniowy, dane dotycz\u0105ce p\u0142atno\u015bci, nazw\u0119 firmy, numer telefonu, adres IP, informacje o zam\u00f3wieniach, kt\u00f3re inicjujesz, informacje o sklepach sprzedawc\u00f3w obs\u0142ugiwanych przez Elite Digital Services, kt\u00f3re odwiedzasz, a tak\u017ce informacje o u\u017cywanym urz\u0105dzeniu i przegl\u0105darce. Gromadzimy te informacje, gdy korzystasz ze sklepu korzystaj\u0105cego z naszych us\u0142ug lub uzyskujesz do niego dost\u0119p, na przyk\u0142ad gdy odwiedzasz witryn\u0119 sprzedawcy, sk\u0142adasz zam\u00f3wienie lub zak\u0142adasz konto na stronie sprzedawcy. Gdy odwiedzasz lub przegl\u0105dasz witryn\u0119 us\u0142ug CSS verteco.shop, zbieramy informacje o u\u017cywanym urz\u0105dzeniu i przegl\u0105darce, Twoim po\u0142\u0105czeniu sieciowym, Twoim adresie IP oraz informacje o plikach cookie zainstalowanych na Twoim urz\u0105dzeniu. Gromadzimy r\u00f3wnie\u017c dane osobowe przes\u0142ane przez Ciebie za po\u015brednictwem dowolnej funkcji wiadomo\u015bci dost\u0119pnej na naszej stronie internetowej. Od u\u017cytkownik\u00f3w forum zbieramy Twoje imi\u0119 i nazwisko, adres e-mail, adres URL witryny i inne dane osobowe, kt\u00f3re mo\u017cesz zamie\u015bci\u0107.    <\/p>\n<p><strong><br \/>Cel przetwarzania i udost\u0119pniania:<\/strong><\/p>\n<p>U\u017cywamy tych informacji, aby zapewni\u0107 naszym sprzedawcom us\u0142ugi, w tym obs\u0142ug\u0119 i przetwarzanie zam\u00f3wie\u0144, uwierzytelnianie i p\u0142atno\u015bci. U\u017cywamy tych informacji r\u00f3wnie\u017c w celu ulepszenia naszych us\u0142ug. Elite Digital Services, LLC, wsp\u00f3\u0142pracuje r\u00f3wnie\u017c z osobami trzecimi i dostawcami us\u0142ug, aby pom\u00f3c w \u015bwiadczeniu us\u0142ug naszym sprzedawcom i mo\u017cemy udost\u0119pnia\u0107 im dane osobowe w celu wsparcia tych dzia\u0142a\u0144. Mo\u017cemy r\u00f3wnie\u017c udost\u0119pnia\u0107 Twoje informacje w nast\u0119puj\u0105cych okoliczno\u015bciach:   <\/p>\n<ul>\n<li>aby zapobiega\u0107, bada\u0107 lub podejmowa\u0107 dzia\u0142ania dotycz\u0105ce nielegalnych dzia\u0142a\u0144, podejrze\u0144 oszustwa, sytuacji zwi\u0105zanych z potencjalnym zagro\u017ceniem bezpiecze\u0144stwa fizycznego jakiejkolwiek osoby, narusze\u0144 naszych Warunk\u00f3w korzystania lub jakiejkolwiek innej umowy zwi\u0105zanej z us\u0142ugami lub w inny spos\u00f3b wymagany przez prawo.<\/li>\n<li>Je\u015bli sprzedawca, kt\u00f3rego sklep odwiedzasz lub do kt\u00f3rego uzyskujesz dost\u0119p, poleci nam przekazanie tych informacji (na przyk\u0142ad, je\u015bli w\u0142\u0105czy aplikacj\u0119 strony trzeciej, kt\u00f3ra uzyskuje dost\u0119p do danych osobowych klienta).<\/li>\n<li>w celu dostosowania si\u0119 do wymog\u00f3w prawnych lub w odpowiedzi na zgodne z prawem zarz\u0105dzenia s\u0105dowe, wezwania, nakazy lub inne \u017c\u0105dania organ\u00f3w publicznych (w tym w celu spe\u0142nienia wymog\u00f3w bezpiecze\u0144stwa narodowego lub egzekwowania prawa).<\/li>\n<\/ul>\n<p>Dane osobowe mog\u0105 by\u0107 r\u00f3wnie\u017c udost\u0119pniane firmie, kt\u00f3ra nabywa nasz\u0105 firm\u0119, lub firmie sprzedawcy, kt\u00f3rego sklep odwiedzasz lub do kt\u00f3rego uzyskujesz dost\u0119p, czy to w drodze fuzji, przej\u0119cia, bankructwa, rozwi\u0105zania, reorganizacji lub innej podobnej transakcji lub post\u0119powania.<\/p>\n<p><strong><br \/>Przechowywanie danych osobowych i czas przetwarzania:<\/strong><\/p>\n<p>Administrator jest uprawniony do przetwarzania danych osobowych os\u00f3b, kt\u00f3rych dane dotycz\u0105, przez okres czasu okre\u015blony zgodnie z odpowiednimi przepisami. Przetwarzanie danych osobowych na podstawie zgody jest mo\u017cliwe wy\u0142\u0105cznie przez okres, na jaki zgoda zosta\u0142a udzielona. Zgoda jest udzielana Administratorowi na kolejne trzy (3) lata lub do momentu cofni\u0119cia zgody. Po up\u0142ywie odpowiedniego okresu dane osobowe zostan\u0105 usuni\u0119te, je\u015bli ich przechowywanie nie jest wymagane na mocy odpowiednich przepis\u00f3w.   <\/p>\n<p><strong><br \/>Prawa os\u00f3b, kt\u00f3rych dane dotycz\u0105, zwi\u0105zane z przetwarzaniem danych osobowych:<\/strong><\/p>\n<p>W zwi\u0105zku z przetwarzaniem danych osobowych osoby, kt\u00f3rych dane dotycz\u0105, mog\u0105 skorzysta\u0107 z nast\u0119puj\u0105cych praw:<\/p>\n<ul>\n<li>prawo dost\u0119pu do tre\u015bci swoich danych osobowych i otrzymania informacji;<\/li>\n<li>prawo do sprostowania danych osobowych;<\/li>\n<li>prawo do usuni\u0119cia danych osobowych;<\/li>\n<li>prawo do ograniczenia przetwarzania danych osobowych<\/li>\n<li>prawo do przenoszenia danych osobowych;<\/li>\n<li>prawo do wniesienia sprzeciwu wobec przetwarzania danych osobowych;<\/li>\n<li>prawo do nieskuteczno\u015bci zautomatyzowanego podejmowania decyzji w indywidualnych przypadkach, w tym profilowania;<\/li>\n<li>prawo do cofni\u0119cia zgody w dowolnym momencie (je\u017celi podstaw\u0105 prawn\u0105 przetwarzania jest zgoda);<\/li>\n<li>prawo do z\u0142o\u017cenia wniosku o wszcz\u0119cie post\u0119powania na podstawie art. 100 i nast\u0119pnych ustawy o ochronie danych osobowych do organu nadzorczego. <\/li>\n<\/ul>\n<p>Podmioty danych mog\u0105 skorzysta\u0107 z powy\u017cszych praw, kt\u00f3re s\u0105 szczeg\u00f3\u0142owo okre\u015blone w przepisach art. 21 i nast. ustawy o ochronie danych osobowych, zgodnie z ustaw\u0105 o ochronie danych osobowych i RODO, a tak\u017ce innymi stosownymi przepisami. Podmioty danych mog\u0105 skorzysta\u0107 ze swoich praw wobec Administratora za pomoc\u0105 pisemnego \u017c\u0105dania wys\u0142anego lub dostarczonego do siedziby Administratora lub poczt\u0105 elektroniczn\u0105 wys\u0142an\u0105 na adres: info@verteco.shop<br \/> Wniosek musi zawiera\u0107 nast\u0119puj\u0105ce informacje: imi\u0119, nazwisko, dat\u0119 urodzenia i adres sta\u0142ego zamieszkania, aby Administrator m\u00f3g\u0142 zidentyfikowa\u0107 osob\u0119, kt\u00f3rej dane dotycz\u0105. Administrator mo\u017ce za\u017c\u0105da\u0107 dostarczenia dodatkowych informacji niezb\u0119dnych do weryfikacji to\u017csamo\u015bci osoby, kt\u00f3rej dane dotycz\u0105, je\u017celi ma uzasadnione w\u0105tpliwo\u015bci co do to\u017csamo\u015bci osoby fizycznej. Administrator jest zobowi\u0105zany udzieli\u0107 osobie, kt\u00f3rej dane dotycz\u0105, informacji o \u015brodkach podj\u0119tych na jej wniosek w ci\u0105gu jednego (1) miesi\u0105ca od otrzymania wniosku. W uzasadnionych przypadkach, bior\u0105c pod uwag\u0119 z\u0142o\u017cono\u015b\u0107 i liczb\u0119 wniosk\u00f3w, Administrator mo\u017ce przed\u0142u\u017cy\u0107 powy\u017cszy termin o kolejne dwa (2) miesi\u0105ce, nawet wielokrotnie. Administrator jest zobowi\u0105zany poinformowa\u0107 osob\u0119, kt\u00f3rej dane dotycz\u0105, o ka\u017cdym takim przed\u0142u\u017ceniu w ci\u0105gu jednego (1) miesi\u0105ca od otrzymania wniosku, podaj\u0105c powody przed\u0142u\u017cenia terminu. Je\u017celi osoba, kt\u00f3rej dane dotycz\u0105, z\u0142o\u017cy\u0142a wniosek w formie elektronicznej, Administrator przeka\u017ce informacje w formie elektronicznej, chyba \u017ce osoba, kt\u00f3rej dane dotycz\u0105, za\u017c\u0105da\u0142a informacji w inny spos\u00f3b. Je\u017celi Administrator nie podejmie dzia\u0142a\u0144 na \u017c\u0105danie osoby, kt\u00f3rej dane dotycz\u0105, jest on zobowi\u0105zany poinformowa\u0107 osob\u0119, kt\u00f3rej dane dotycz\u0105, o przyczynach niepodj\u0119cia dzia\u0142a\u0144 w terminie jednego (1) miesi\u0105ca od otrzymania \u017c\u0105dania, a tak\u017ce o mo\u017cliwo\u015bci z\u0142o\u017cenia wniosku o wszcz\u0119cie post\u0119powania na podstawie art. 100 ustawy o ochronie danych osobowych do Urz\u0119du Ochrony Danych Osobowych. Powiadomienia o podj\u0119tych dzia\u0142aniach b\u0119d\u0105 dostarczane bezp\u0142atnie. Je\u017celi \u017c\u0105danie osoby, kt\u00f3rej dane dotycz\u0105, jest ewidentnie bezpodstawne lub niew\u0142a\u015bciwe, w szczeg\u00f3lno\u015bci ze wzgl\u0119du na sw\u00f3j powtarzaj\u0105cy si\u0119 charakter, Administrator mo\u017ce za\u017c\u0105da\u0107 rozs\u0105dnej op\u0142aty uwzgl\u0119dniaj\u0105cej koszty administracyjne udzielenia informacji lub rozs\u0105dnej op\u0142aty uwzgl\u0119dniaj\u0105cej koszty administracyjne powiadomienia lub rozs\u0105dnej op\u0142aty uwzgl\u0119dniaj\u0105cej koszty administracyjne wdro\u017cenia \u017c\u0105danego \u015brodka lub odm\u00f3wi\u0107 podj\u0119cia dzia\u0142a\u0144 na \u017c\u0105danie. Administrator musi udowodni\u0107, \u017ce \u017c\u0105danie jest bezpodstawne lub niew\u0142a\u015bciwe.           <\/p>\n<p>Elite Digital Services, LLC rozumie, \u017ce masz prawa do swoich danych osobowych i podejmuje rozs\u0105dne kroki, aby umo\u017cliwi\u0107 Ci dost\u0119p, poprawianie, zmienianie, usuwanie, przenoszenie lub ograniczanie wykorzystania Twoich danych osobowych. Je\u015bli jeste\u015b sprzedawc\u0105 lub partnerem, mo\u017cesz aktualizowa\u0107 wiele typ\u00f3w danych osobowych, takich jak dane p\u0142atnicze lub kontaktowe, bezpo\u015brednio w ustawieniach konta. Je\u015bli nie mo\u017cesz zmieni\u0107 swoich danych osobowych w ustawieniach konta lub je\u015bli martwisz si\u0119 o dane zbierane podczas odwiedzania witryny Elite Digital Services, LLC lub korzystania z naszych us\u0142ug wsparcia, skontaktuj si\u0119 z nami, aby wprowadzi\u0107 wymagane zmiany. Wa\u017cne jest, aby pami\u0119ta\u0107, \u017ce je\u015bli usuniesz lub ograniczysz wykorzystanie swoich danych osobowych, us\u0142ugi mog\u0105 nie dzia\u0142a\u0107 prawid\u0142owo.   <\/p>\n\t\t\t\t\t\t\t\t<\/div>\n\t\t\t\t<\/div>\n\t\t\t\t\t<\/div>\n\t\t<\/div>\n\t\t\t\t\t<\/div>\n\t\t<\/section>\n\t\t\t\t<\/div>\n\t\t","protected":false},"excerpt":{"rendered":"<p>Polityka prywatno\u015bci w rozumieniu art. 19 i nast. ustawy nr 18\/2018 Dz. o ochronie danych osobowych oraz o zmianie i uzupe\u0142nieniach niekt\u00f3rych ustaw ze zm., zgodnie z art. 13 i 14 Rozporz\u0105dzenia Parlamentu Europejskiego i Rady (UE) 2016\/679 z dnia 27 kwietnia 2016 r. w sprawie ochrony danych osobowych os\u00f3b fizycznych w zwi\u0105zku z przetwarzaniem [&hellip;]<\/p>\n","protected":false},"author":1,"featured_media":0,"parent":0,"menu_order":0,"comment_status":"closed","ping_status":"closed","template":"","meta":{"footnotes":""},"class_list":["post-15277","page","type-page","status-publish","hentry"],"_links":{"self":[{"href":"https:\/\/verteco.shop\/pl\/wp-json\/wp\/v2\/pages\/15277","targetHints":{"allow":["GET"]}}],"collection":[{"href":"https:\/\/verteco.shop\/pl\/wp-json\/wp\/v2\/pages"}],"about":[{"href":"https:\/\/verteco.shop\/pl\/wp-json\/wp\/v2\/types\/page"}],"author":[{"embeddable":true,"href":"https:\/\/verteco.shop\/pl\/wp-json\/wp\/v2\/users\/1"}],"replies":[{"embeddable":true,"href":"https:\/\/verteco.shop\/pl\/wp-json\/wp\/v2\/comments?post=15277"}],"version-history":[{"count":0,"href":"https:\/\/verteco.shop\/pl\/wp-json\/wp\/v2\/pages\/15277\/revisions"}],"wp:attachment":[{"href":"https:\/\/verteco.shop\/pl\/wp-json\/wp\/v2\/media?parent=15277"}],"curies":[{"name":"wp","href":"https:\/\/api.w.org\/{rel}","templated":true}]}}