{"id":9969,"date":"2023-05-18T23:08:13","date_gmt":"2023-05-18T21:08:13","guid":{"rendered":"https:\/\/verteco.shop\/vilkarene-for-bruk\/"},"modified":"2024-11-06T14:59:20","modified_gmt":"2024-11-06T12:59:20","slug":"vilkarene-for-bruk","status":"publish","type":"page","link":"https:\/\/verteco.shop\/no\/vilkarene-for-bruk\/","title":{"rendered":"Vilk\u00e5r for bruk"},"content":{"rendered":"\t\t<div data-elementor-type=\"wp-page\" data-elementor-id=\"9969\" class=\"elementor elementor-9969 elementor-7045\" data-elementor-post-type=\"page\">\n\t\t\t\t\t\t<section class=\"elementor-section elementor-top-section elementor-element elementor-element-2140112 elementor-section-boxed elementor-section-height-default elementor-section-height-default\" data-id=\"2140112\" data-element_type=\"section\" data-e-type=\"section\">\n\t\t\t\t\t\t<div class=\"elementor-container elementor-column-gap-default\">\n\t\t\t\t\t<div class=\"elementor-column elementor-col-100 elementor-top-column elementor-element elementor-element-c52fb5b\" data-id=\"c52fb5b\" data-element_type=\"column\" data-e-type=\"column\">\n\t\t\t<div class=\"elementor-widget-wrap elementor-element-populated\">\n\t\t\t\t\t\t<div class=\"elementor-element elementor-element-e3899a0 elementor-widget elementor-widget-heading\" data-id=\"e3899a0\" data-element_type=\"widget\" data-e-type=\"widget\" data-widget_type=\"heading.default\">\n\t\t\t\t<div class=\"elementor-widget-container\">\n\t\t\t\t\t<h2 class=\"elementor-heading-title elementor-size-default\">Vilk\u00e5r for bruk<\/h2>\t\t\t\t<\/div>\n\t\t\t\t<\/div>\n\t\t\t\t\t<\/div>\n\t\t<\/div>\n\t\t\t\t\t<\/div>\n\t\t<\/section>\n\t\t\t\t<section class=\"elementor-section elementor-top-section elementor-element elementor-element-2f6b0dc3 elementor-section-boxed elementor-section-height-default elementor-section-height-default\" data-id=\"2f6b0dc3\" data-element_type=\"section\" data-e-type=\"section\">\n\t\t\t\t\t\t<div class=\"elementor-container elementor-column-gap-default\">\n\t\t\t\t\t<div class=\"elementor-column elementor-col-100 elementor-top-column elementor-element elementor-element-6f586bdd\" data-id=\"6f586bdd\" data-element_type=\"column\" data-e-type=\"column\">\n\t\t\t<div class=\"elementor-widget-wrap elementor-element-populated\">\n\t\t\t\t\t\t<div class=\"elementor-element elementor-element-73b178c0 elementor-widget elementor-widget-text-editor\" data-id=\"73b178c0\" data-element_type=\"widget\" data-e-type=\"widget\" data-widget_type=\"text-editor.default\">\n\t\t\t\t<div class=\"elementor-widget-container\">\n\t\t\t\t\t\t\t\t\t<p style=\"text-align: start;\">Disse vilk\u00e5rene for bruk (&laquo;vilk\u00e5rene&raquo;) er utstedt av Elite Digital Services, LLC, et Delaware Limited Liability Company, med registrert kontor p\u00e5 1111B S Governors Ave, STE 21653, Dover, DE 19904, USA (heretter referert til som &laquo;Verteco ,&raquo; &laquo;vi&raquo;, &laquo;oss&raquo; eller &laquo;v\u00e5r&raquo;). Disse vilk\u00e5rene regulerer din tilgang til og bruk av tjenestene v\u00e5re, inkludert, men ikke begrenset til, programmet Verteco.shop Comparison Shopping Service (CSS), nettstedet v\u00e5rt, verkt\u00f8yene og alle andre funksjoner levert av oss (samlet referert til som &raquo; Tjenester&raquo;). <\/p>\n<p style=\"text-align: start;\">Ved \u00e5 f\u00e5 tilgang til eller bruke tjenestene v\u00e5re, erkjenner du (&laquo;deg&raquo;, &laquo;din&raquo; eller &laquo;kunden&raquo;) at du har lest, forst\u00e5tt og godtar \u00e5 v\u00e6re juridisk bundet av disse vilk\u00e5rene. Hvis du ikke godtar disse vilk\u00e5rene, m\u00e5 du ikke bruke tjenestene v\u00e5re. <\/p>\n<p style=\"text-align: start;\">Verteco.shop tilbyr en spesialisert prissammenligningstjeneste (CSS) designet for \u00e5 optimalisere effektiviteten til Google Shopping-annonser. Ved \u00e5 utnytte et juridisk rammeverk gj\u00f8r v\u00e5r CSS det mulig for annons\u00f8rer \u00e5 oppn\u00e5 opptil 20 % reduksjon i annonseringskostnadene ved \u00e5 g\u00e5 over fra Googles standard CSS til plattformen v\u00e5r. Denne overgangen legger til rette for mer kostnadseffektiv annonsering gjennom \u00f8kte priser per klikk (CPC). Vi tilbyr en enkel, risikofri pr\u00f8veversjon som opprettholder de eksisterende kampanjeinnstillingene dine, og sikrer b\u00e5de datasikkerhet og enkel fortsatt annonseringsuksess.   <\/p>\n<ol style=\"text-align: left;\">\n<li><strong>Aksept av vilk\u00e5r<\/strong><\/li>\n<\/ol>\n<p style=\"text-align: left;\">Ved \u00e5 f\u00e5 tilgang til eller bruke tjenestene v\u00e5re, erkjenner du at du har lest, forst\u00e5tt og godtar \u00e5 v\u00e6re juridisk bundet av disse vilk\u00e5rene og personvernreglene v\u00e5re. Hvis du ikke godtar noen del av disse vilk\u00e5rene, m\u00e5 du avst\u00e5 fra \u00e5 f\u00e5 tilgang til eller bruke tjenestene v\u00e5re. <\/p>\n<ol style=\"text-align: left;\" start=\"2\">\n<li><strong>Kvalifisering<\/strong><\/li>\n<\/ol>\n<p style=\"text-align: left;\">Du m\u00e5 v\u00e6re minst 18 \u00e5r for \u00e5 f\u00e5 tilgang til eller bruke tjenestene v\u00e5re. Ved \u00e5 f\u00e5 tilgang til eller bruke tjenestene v\u00e5re, representerer og garanterer du at du er minst 18 \u00e5r gammel og at du bruker tjenestene v\u00e5re utelukkende for gr\u00fcnder-, forretnings- eller profesjonelle form\u00e5l. Tjenestene v\u00e5re er utelukkende ment for enkeltpersoner eller enheter som deltar i forretningsaktiviteter. Hvis du ikke oppfyller disse kravene, har du forbud mot \u00e5 bruke tjenestene v\u00e5re.   <\/p>\n<ol style=\"text-align: left;\" start=\"3\">\n<li><strong>Kontoregistrering<\/strong><\/li>\n<\/ol>\n<p>For \u00e5 f\u00e5 tilgang til visse funksjoner i tjenestene v\u00e5re, kan det hende du m\u00e5 opprette en konto. Du er alene ansvarlig for \u00e5 opprettholde konfidensialiteten til kontoen din, inkludert brukernavn og passord, og for alle aktiviteter som skjer under kontoen din. Du samtykker i \u00e5 umiddelbart varsle oss om uautorisert tilgang eller bruk av kontoen din, eller andre sikkerhetsbrudd. Vi er ikke ansvarlige for tap eller skade som oppst\u00e5r som f\u00f8lge av at du ikke overholder denne sikkerhetsforpliktelsen.  <\/p>\n<ol style=\"text-align: left;\" start=\"4\">\n<li><strong>Gratis pr\u00f8veperiode<\/strong><\/li>\n<\/ol>\n<p>Vi tilbyr en 30-dagers gratis pr\u00f8veversjon for CSS-programmet v\u00e5rt, der ingen kredittkort- eller betalingsinformasjon kreves. Ved utl\u00f8pet av pr\u00f8veperioden vil fortsatt tilgang til tjenestene v\u00e5re kreve at du velger en prisplan og oppgir gyldig betalingsinformasjon. Unnlatelse av \u00e5 gj\u00f8re dette vil resultere i suspensjon av tilgangen din til tjenestene. Ved \u00e5 fortsette \u00e5 bruke tjenestene v\u00e5re etter utl\u00f8pet av den gratis pr\u00f8veperioden, godtar du \u00e5 velge og abonnere p\u00e5 en betalt tjenesteplan, og du erkjenner at du er forpliktet til \u00e5 oppfylle betalingsvilk\u00e5rene knyttet til den valgte planen.   <\/p>\n<ol style=\"text-align: left;\" start=\"5\">\n<li><strong>Pris og betaling<\/strong><\/li>\n<\/ol>\n<p>V\u00e5re prisplaner er tilgjengelige p\u00e5 nettsiden v\u00e5r, og tilbyr ulike alternativer skreddersydd for \u00e5 m\u00f8te ulike behov. Betalinger forfaller enten p\u00e5 m\u00e5nedlig eller \u00e5rlig basis, avhengig av planen du velger. I samsvar med individuell kommunikasjon og underlagt v\u00e5rt skj\u00f8nn forbeholder vi oss retten til \u00e5 utvide tilbud om rabatter, bonuser eller andre kampanjeinsentiver. Slike tilbud kan gis fra sak til sak og utgj\u00f8r ikke en forpliktelse fra v\u00e5r side til \u00e5 utvide lignende vilk\u00e5r til andre kunder eller p\u00e5 noe annet tidspunkt. Disse rabattene og bonusene gis utelukkende etter v\u00e5rt skj\u00f8nn og kan v\u00e6re underlagt ytterligere vilk\u00e5r og betingelser som spesifisert p\u00e5 tidspunktet for tilbudet. Alle gebyrer kan ikke refunderes, unntatt der gjeldende lov krever det.     <\/p>\n<\/p>\n<p>Betalingsforpliktelser for tjenestene v\u00e5re begynner 30 dager etter datoen da Merchant Center (MC) byttet til verteco.shop Comparison Shopping Service (CSS) er akseptert. Dette betyr at du vil begynne \u00e5 p\u00e5dra deg gebyrer for tjenestene fra og med 30 dager fra akseptdatoen for MC-byttet til v\u00e5r CSS-plattform. Betalingsperioden fortsetter uavbrutt til Merchant Center offisielt kobles fra verteco.shop CSS.  <\/p>\n<p>Du er ansvarlig for \u00e5 sikre at frakoblingsprosessen er fullf\u00f8rt hvis du velger \u00e5 avslutte tjenestene. Hvis du ikke kobler Merchant Center fra CSS-en din p\u00e5 riktig m\u00e5te, vil det f\u00f8re til fortsatt fakturering, og du vil forbli ansvarlig for alle kostnader som p\u00e5l\u00f8per til frakoblingen er fullf\u00f8rt. <\/p>\n<p>Alle betalinger forfaller i henhold til faktureringssyklusen til prisplanen du har valgt, enten m\u00e5nedlig eller \u00e5rlig. Fakturaer vil bli utstedt tilsvarende, og full betaling m\u00e5 v\u00e6re mottatt innen forfallsdatoen som er spesifisert p\u00e5 fakturaen for \u00e5 unng\u00e5 avbrudd eller suspensjon av Tjenestene. Forsinkede betalinger kan resultere i tilleggsgebyrer eller rentekostnader som tillatt i henhold til loven, og vedvarende unnlatelse av \u00e5 foreta rettidige betalinger kan f\u00f8re til oppsigelse av tilgangen din til tjenestene.  <\/p>\n<p>Det er viktig \u00e5 merke seg at selv om vi tilbyr plattformen for CSS, har vi ikke tilgang til Google Ads- eller Google Merchant Center-kontoene dine. Som s\u00e5dan er du eneansvarlig for \u00e5 administrere disse kontoene, inkludert \u00e5 starte og bekrefte eventuelle frakoblinger fra v\u00e5r CSS-plattform. <\/p>\n<p>Ved \u00e5 fortsette \u00e5 bruke tjenestene v\u00e5re etter den f\u00f8rste 30-dagersperioden etter aksept av MC-svitsjen, godtar du og godtar disse betalingsvilk\u00e5rene. Du forst\u00e5r at betaling forfaller som spesifisert her, og at du er forpliktet til \u00e5 oppfylle alle betalingsforpliktelser inntil tjenestene avsluttes p\u00e5 riktig m\u00e5te i samsvar med disse vilk\u00e5rene. <\/p>\n<\/p>\n<p>For \u00e5 unng\u00e5 tvil, mens Elite Digital Services, LLC er den prim\u00e6re enheten som er ansvarlig for levering av tjenester i henhold til disse vilk\u00e5rene, kan visse tjenester faktureres av v\u00e5re tilknyttede selskaper eller datterselskaper, b\u00e5de innenfor og utenfor USA, som anses n\u00f8dvendig for drift effektivitet. Til tross for slike faktureringsordninger forblir Elite Digital Services, LLC hovedenheten med hensyn til den generelle utf\u00f8relsen av tjenestene og overholdelse av disse vilk\u00e5rene. <\/p>\n<p>Ved \u00e5 godta disse vilk\u00e5rene godtar du muligheten for at fakturaer kan utstedes av andre enheter enn Elite Digital Services, LLC, uten at det p\u00e5virker dine forpliktelser i henhold til disse vilk\u00e5rene. Alle faktureringsenheter vil bli autorisert av Elite Digital Services, LLC og vil handle p\u00e5 deres vegne i forbindelse med tjenestene som tilbys. <\/p>\n<ol style=\"text-align: left;\" start=\"6\">\n<li><strong>Endringer i tjenester og vilk\u00e5r<\/strong><\/li>\n<\/ol>\n<p>Vi forbeholder oss retten til \u00e5 endre tjenestene v\u00e5re eller disse vilk\u00e5rene n\u00e5r som helst, etter eget skj\u00f8nn. I tilfelle vesentlige endringer i disse vilk\u00e5rene, vil vi varsle deg ved \u00e5 legge ut de oppdaterte vilk\u00e5rene p\u00e5 nettstedet v\u00e5rt eller ved hjelp av andre passende kommunikasjonsmidler. Din fortsatte bruk av tjenestene v\u00e5re etter varselet om slike endringer utgj\u00f8r din aksept av de reviderte vilk\u00e5rene. Hvis du ikke godtar de endrede vilk\u00e5rene, m\u00e5 du slutte \u00e5 bruke tjenestene umiddelbart.   <\/p>\n<ol style=\"text-align: left;\" start=\"7\">\n<li><strong>Avslutning<\/strong><\/li>\n<\/ol>\n<p>Hver av partene kan si opp denne avtalen n\u00e5r som helst, uansett \u00e5rsak, ved \u00e5 gi skriftlig varsel til den andre parten. Ved oppsigelse m\u00e5 du umiddelbart avslutte all bruk av tjenestene v\u00e5re, og vi vil umiddelbart deaktivere tilgangen din til plattformen v\u00e5r. Oppsigelse av denne avtalen fritar ingen av partene fra noen forpliktelser eller forpliktelser som har p\u00e5l\u00f8pt f\u00f8r datoen for oppsigelsen.  <\/p>\n<ol style=\"text-align: left;\" start=\"8\">\n<li><strong>\u00c5ndsverk<\/strong><\/li>\n<\/ol>\n<p>Alt innhold, varemerker og annen intellektuell eiendom knyttet til v\u00e5re tjenester er den eksklusive eiendommen til Vertecos digitale tjenester eller dets lisensgivere. Du har forbud mot \u00e5 bruke, modifisere, reprodusere, distribuere eller p\u00e5 annen m\u00e5te utnytte noen av v\u00e5re immaterielle eiendommer uten \u00e5 ha innhentet v\u00e5rt skriftlige samtykke p\u00e5 forh\u00e5nd. Uautorisert bruk av v\u00e5r immaterielle eiendom kan f\u00f8re til rettslige skritt.  <\/p>\n<ol style=\"text-align: left;\" start=\"9\">\n<li><strong>Ansvarsfraskrivelser og ansvarsbegrensning<\/strong><\/li>\n<\/ol>\n<p>Ved \u00e5 bruke tjenestene v\u00e5re erkjenner og godtar du at vi ikke har tilgang til Google Ads- eller Google Merchant Center-kontoene dine. Som s\u00e5dan er du eneansvarlig for dine handlinger, avgj\u00f8relser og eventuelle feil eller utelatelser i disse kontoene. Dette inkluderer eventuelle skader, som tap av fortjeneste, data eller goodwill. Selv om vi er forpliktet til \u00e5 tilby tjenester av h\u00f8y kvalitet, forst\u00e5r du at vi ikke kan holdes ansvarlige for problemer som oppst\u00e5r fra dine handlinger eller omstendigheter utenfor v\u00e5r kontroll. Du forventes \u00e5 administrere kontoene dine p\u00e5 en kompetent m\u00e5te, vel vitende om at vi ikke vil gripe inn eller f\u00e5 tilgang til dem p\u00e5 dine vegne.    <\/p>\n<ol style=\"text-align: left;\" start=\"10\">\n<li><strong>Gjeldende lov og jurisdiksjon<\/strong><\/li>\n<\/ol>\n<p>Disse vilk\u00e5rene er underlagt gjeldende lover, og vi er forpliktet til \u00e5 overholde dem. Eventuelle tvister som oppst\u00e5r p\u00e5 grunn av eller relatert til disse vilk\u00e5rene eller din bruk av tjenestene v\u00e5re, skal utelukkende l\u00f8ses i domstolene innenfor jurisdiksjonen til tjenesteleverand\u00f8rens hovedkontor. Ved \u00e5 bruke tjenestene v\u00e5re godtar du \u00e5 underkaste deg jurisdiksjonen til disse domstolene for l\u00f8sning av slike tvister.  <\/p>\n<ol style=\"text-align: left;\" start=\"11\">\n<li><strong>Skillebarhet<\/strong><\/li>\n<\/ol>\n<p>Hvis noen del av disse vilk\u00e5rene viser seg \u00e5 v\u00e6re uh\u00e5ndhevbare eller ugyldige, vil den spesifikke delen bli justert eller fjernet s\u00e5 lite som mulig, slik at resten av vilk\u00e5rene vil fortsette \u00e5 v\u00e6re fullt effektive og h\u00e5ndhevbare.<\/p>\n<ol style=\"text-align: left;\" start=\"12\">\n<li><strong>Hele avtalen<\/strong><\/li>\n<\/ol>\n<p style=\"text-align: left;\">Disse vilk\u00e5rene, sammen med v\u00e5re retningslinjer for personvern, utgj\u00f8r hele avtalen mellom deg og Verteco ang\u00e5ende din bruk av tjenestene v\u00e5re, og erstatter alle tidligere eller samtidige avtaler, kommunikasjoner og forslag, enten muntlige eller skriftlige, mellom deg og Verteco.<\/p>\n<p style=\"text-align: left;\">Hvis du har sp\u00f8rsm\u00e5l eller bekymringer ang\u00e5ende disse vilk\u00e5rene eller tjenestene v\u00e5re, vennligst kontakt oss p\u00e5 e-post: <a href=\"mailto:info@verteco.shop\">info@verteco.shop<\/a><\/p>\n<p style=\"text-align: left;\">\u00a9 Elite Digital Services, LLC<\/p>\n<p style=\"text-align: left;\">  Alle rettigheter reservert.<\/p>\n<p>Versjon: 20. 08. 2024  <\/p>\n\t\t\t\t\t\t\t\t<\/div>\n\t\t\t\t<\/div>\n\t\t\t\t\t<\/div>\n\t\t<\/div>\n\t\t\t\t\t<\/div>\n\t\t<\/section>\n\t\t\t\t<\/div>\n\t\t","protected":false},"excerpt":{"rendered":"<p>Vilk\u00e5r for bruk Disse vilk\u00e5rene for bruk (&laquo;vilk\u00e5rene&raquo;) er utstedt av Elite Digital Services, LLC, et Delaware Limited Liability Company, med registrert kontor p\u00e5 1111B S Governors Ave, STE 21653, Dover, DE 19904, USA (heretter referert til som &laquo;Verteco ,&raquo; &laquo;vi&raquo;, &laquo;oss&raquo; eller &laquo;v\u00e5r&raquo;). Disse vilk\u00e5rene regulerer din tilgang til og bruk av tjenestene v\u00e5re, [&hellip;]<\/p>\n","protected":false},"author":1,"featured_media":0,"parent":0,"menu_order":0,"comment_status":"closed","ping_status":"closed","template":"","meta":{"footnotes":""},"class_list":["post-9969","page","type-page","status-publish","hentry"],"_links":{"self":[{"href":"https:\/\/verteco.shop\/no\/wp-json\/wp\/v2\/pages\/9969","targetHints":{"allow":["GET"]}}],"collection":[{"href":"https:\/\/verteco.shop\/no\/wp-json\/wp\/v2\/pages"}],"about":[{"href":"https:\/\/verteco.shop\/no\/wp-json\/wp\/v2\/types\/page"}],"author":[{"embeddable":true,"href":"https:\/\/verteco.shop\/no\/wp-json\/wp\/v2\/users\/1"}],"replies":[{"embeddable":true,"href":"https:\/\/verteco.shop\/no\/wp-json\/wp\/v2\/comments?post=9969"}],"version-history":[{"count":0,"href":"https:\/\/verteco.shop\/no\/wp-json\/wp\/v2\/pages\/9969\/revisions"}],"wp:attachment":[{"href":"https:\/\/verteco.shop\/no\/wp-json\/wp\/v2\/media?parent=9969"}],"curies":[{"name":"wp","href":"https:\/\/api.w.org\/{rel}","templated":true}]}}