{"id":23740,"date":"2024-07-03T20:41:50","date_gmt":"2024-07-03T18:41:50","guid":{"rendered":"https:\/\/verteco.shop\/alt-du-trenger-a-vite-om-css\/"},"modified":"2024-07-03T20:52:21","modified_gmt":"2024-07-03T18:52:21","slug":"alt-du-trenger-a-vite-om-css","status":"publish","type":"page","link":"https:\/\/verteco.shop\/no\/alt-du-trenger-a-vite-om-css\/","title":{"rendered":"Alt du trenger \u00e5 vite om CSS"},"content":{"rendered":"\n<p>Hvis du har en nettbutikk eller jobber for et markedsf\u00f8ringsbyr\u00e5, har du sannsynligvis allerede h\u00f8rt om CSS \u2013 Googles Comparison Shopping Service. Hvis du allerede h\u00e5ndterer Google Ads-kampanjer, er du sannsynligvis kjent med emnet. Og hvis du aldri har h\u00f8rt om CSS, er det n\u00e5 p\u00e5 tide \u00e5 l\u00e6re hvordan det kan hjelpe deg med \u00e5 markedsf\u00f8re virksomheten din effektivt p\u00e5 Googles s\u00f8kemotor.<\/p>\n\n<h2 class=\"wp-block-heading\">Hvorfor eksisterer Comparison Shopping Services (CSS)?<\/h2>\n\n<p>Vi har alle kommet over de spesielle nettstedene der vi kan sammenligne produktpriser fra forskjellige butikker: denne typen nettsteder kalles prissammenligningsportaler. Sannsynligvis den mest kjente portalen i denne kategorien er Google Shopping.<\/p>\n\n<p>For \u00e5 plassere Google Shopping-annonser (ogs\u00e5 kjent som &laquo;produktoppf\u00f8ringsannonser&raquo;), m\u00e5 bedriftens produkter v\u00e6re oppf\u00f8rt p\u00e5 en slik prissammenligningsportal (eller flere portaler).<\/p>\n\n<p>Fram til 2017 hadde Google monopol med sin egen prisportal, Google Shopping, hvor de viste frem Google Shopping-annonser. Denne situasjonen ble ansett som urettferdig, og noen selskaper bestemte seg for \u00e5 ta rettslige skritt mot den ber\u00f8mte s\u00f8kemotoren. Googles monopolistiske stilling ble straffet av retten, noe som resulterte i at Google tapte saken og ble tvunget av EU-kommisjonen til \u00e5 lansere CSS \u2013 Comparison Shopping Services-programmet.<\/p>\n\n<p>Ikke alle sammenligningsportaler deltar i dette programmet. CSS-en m\u00e5 v\u00e6re spesielt sertifisert av Google og m\u00e5 oppfylle spesifikke krav.<\/p>\n\n<p>Alle prissammenligningsportaler som er registrert i Google Comparison Shopping Services-programmet og tildelt CSS-partnerstatus, har tillatelse til \u00e5 plassere produktannonser for selgere i Googles s\u00f8keresultater.<\/p>\n\n<h2 class=\"wp-block-heading\">Hva er forskjellen med betalte annonser?<\/h2>\n\n<ul class=\"wp-block-list\">\n<li>Googles margin trekkes ikke lenger fra kostnaden per klikk (CPC).<\/li>\n\n\n\n<li>I bunnen av alle sponsede annonser, i stedet for \u00abAv Google\u00bb, st\u00e5r det \u00abAv XX\u00bb.<\/li>\n<\/ul>\n\n<h2 class=\"wp-block-heading\">Hvordan kan du si at Googles margin eksisterer?<\/h2>\n\n<p>Her er hva Google sier om marginen:<\/p>\n\n<p>Google spesifiserer ikke n\u00f8yaktig hvor stor marginen er; det kan kun beregnes empirisk etter bytte til en CSS-leverand\u00f8r basert p\u00e5 resultater. Erfaringsmessig er denne marginen omtrent 20 % av CPC. Dette er den ber\u00f8mte rabatten som markedsf\u00f8res av CSS-partnere.<\/p>\n\n<p>Hvorfor ser du ikke direkte i kontoen din at du faktisk betaler for Googles CSS?<\/p>\n\n<p>Dette er en intern avgj\u00f8relse fra Google. Marginen trekkes fra kostnaden per klikk f\u00f8r budet ditt g\u00e5r inn i auksjonen. Hvis du bruker Google Shopping CSS (standard), er det faktiske budet ditt omtrent 20 % lavere enn det for en selger som allerede jobber med en annen CSS-portal (ikke Google CSS), og er derfor tilstede med et bud som er 20 % h\u00f8yere i Google auksjon.<\/p>\n\n<p>Selvf\u00f8lgelig betaler du kun denne marginen til Google Shopping hvis noen klikker p\u00e5 annonsen (hvis ikke, belastes ingen margin). Men budet ditt i Google-auksjonen er fortsatt omtrent 20 % lavere hver gang.<\/p>\n\n<h2 class=\"wp-block-heading\">Tar en CSS-partner et gebyr for \u00e5 bruke deres CSS?<\/h2>\n\n<p>Ja, oftest er det et m\u00e5nedlig abonnement. Det er hundrevis av CSS-partnere med et bredt spekter av tilbud. Mange byr\u00e5er velger \u00e5 jobbe med en bestemt CSS-leverand\u00f8r, og noen har til og med sin egen CSS (for eksempel, Verteco Digital, et digitalt markedsf\u00f8ringsbyr\u00e5, har sin egen CSS \u2013 Verteco Shop).<\/p>\n\n<h2 class=\"wp-block-heading\">Vil data i feeden g\u00e5 tapt etter migrering til en annen CSS? Vil det \u00f8delegge eller endre markedsf\u00f8ringskampanjene mine?<\/h2>\n\n<p>Nei. Migrering fra en CSS til en annen skjer internt mellom CSS-leverand\u00f8ren og Google. Google &laquo;kobler&raquo; Merchant Center-kontoen din til en CSS-konto, og Google-marginen trekkes ikke lenger fra CPC n\u00e5r annonser deltar i auksjonen. Hvis noe skjer med dataene (selv om det ikke burde), er det Googles feil, ikke CSS.<\/p>\n\n<h2 class=\"wp-block-heading\">Presser Google ned kampanjer som er opprettet med en annen CSS?<\/h2>\n\n<p>Nei, Google \u00f8nsker ikke \u00e5 havne i retten igjen og bli straffet \ud83d\ude0a<\/p>\n\n<p>S\u00e5 alt avhenger av hvor godt du administrerer markedsf\u00f8ringskampanjene dine. Med d\u00e5rlig m\u00e5lrettede kampanjer kan ikke engang Google Shopping som CSS hjelpe.<\/p>\n\n<h2 class=\"wp-block-heading\">Googles margin vil ikke lenger belastes. Hva skjer med budsjettet mitt?<\/h2>\n\n<p>Du betaler ikke lenger Googles margin, men Google sender selvf\u00f8lgelig ikke pengene tilbake til annonsebudsjettet ditt. I virkeligheten er budet ditt automatisk 20 % h\u00f8yere, og du kan bruke budsjettet for Google-annonser mye mer effektivt. Det er opp til deg hvordan du administrerer kampanjene dine slik at strategien din l\u00f8nner seg. Du kan enten beholde det samme budsjettet og f\u00e5 flere klikk p\u00e5 annonsen eller redusere kostnaden per klikk og opprettholde de samme resultatene samtidig som du bruker mindre.<\/p>\n\n<h2 class=\"wp-block-heading\">I hvilke land er Google CSS-programmet tilgjengelig?<\/h2>\n\n<p>Programmet er tilgjengelig i 21 land innenfor og utenfor EU: Tyskland, \u00d8sterrike, Sveits, Hellas, Ungarn, Irland, Italia, Nederland, Norge, Belgia, Tsjekkia, Danmark, Finland, Frankrike, Polen, Portugal, Romania, Slovakia, Spania, Sverige og Storbritannia. S\u00e5 i hovedsak EU-land, Storbritannia og Sveits.<\/p>\n\n<h2 class=\"wp-block-heading\">Hvordan kan du bruke b\u00e5de en ekstern CSS og Google CSS samtidig?<\/h2>\n\n<p>Du kan bruke to Merchant Center-kontoer. Den f\u00f8rste kontoen er koblet til Google Shopping. Den andre \u2013 til en ekstern CSS.<\/p>\n\n<h2 class=\"wp-block-heading\">Hvor mange CSS kan du bruke samtidig?<\/h2>\n\n<p>S\u00e5 mange du vil.<\/p>\n\n<h2 class=\"wp-block-heading\">Hva skjer?<\/h2>\n\n<p>Ikke noe bra. Hvis du bruker flere CSS-er samtidig, vil du ikke f\u00e5 st\u00f8rre dekning fordi Google forhindrer flere oppf\u00f8ringer av en leverand\u00f8rs annonser.<\/p>\n\n<p>Fra et ytelsesperspektiv anbefales ikke dette. Det er ingen fordeler; faktisk er det til og med noen ulemper som \u00e5 kannibalisere dine egne annonser og ha et svakere totalresultat.<\/p>\n\n<h2 class=\"wp-block-heading\">Hvordan skiller CSS-leverand\u00f8rer seg fra hverandre?<\/h2>\n\n<p>Det er tre kategorier av CSS:<\/p>\n\n<ul class=\"wp-block-list\">\n<li>Deltager<\/li>\n\n\n\n<li>CSS-partner<\/li>\n\n\n\n<li>Premium CSS-partner<\/li>\n<\/ul>\n\n<p>En Premium CSS-partner har flere forhandlere registrert som kunder (bare n\u00e5r det gjelder antall). Men det er ikke alltid en fordel. En CSS-leverand\u00f8r med hundrevis av klienter utenfor deg vil ikke v\u00e6re i stand til \u00e5 h\u00e5ndtere deg effektivt og vil ikke gi tilstrekkelig st\u00f8tte, spesielt p\u00e5 ditt morsm\u00e5l. Verteco tilbyr personlig st\u00f8tte til alle land som deltar i Verteco Shop-programmet, med spesialtildelte ledere, morsm\u00e5l, som tilbyr st\u00f8tte og assistanse effektivt.<\/p>\n\n<p>Teknisk sett er det ingen forskjell mellom deltaker, CSS-partner og Premium CSS-partner. Googles margin belastes ikke for noen av dem. Men en CSS kan tilby tilleggstjenester eller administrere annonsekampanjene dine.<\/p>\n\n<p>Det er greit \u00e5 tenke over akkurat hva du trenger og hvor mye det koster. Det er ingen vits i \u00e5 betale for tjenester bare fordi de tilbys av en stor og velkjent leverand\u00f8r, men ogs\u00e5 sv\u00e6rt dyre p\u00e5 markedet. Praktisk talt alle eksterne CSSer tilbyr n\u00f8yaktig det samme. St\u00f8rrelsen og alderen p\u00e5 selskapet garanterer tjenester av overlegen kvalitet. Teknisk sett er alle CSSer de samme; forskjellene er kun estetiske, i design, ikke funksjonalitet.<\/p>\n\n<h2 class=\"wp-block-heading\">Konklusjon<\/h2>\n\n<p>Google CSS-leverand\u00f8rer gir selgere en budgivningsfordel i forhold til konkurrenter som enn\u00e5 ikke bruker ekstern CSS (bortsett fra selve Google Shopping CSS). Det er lurt \u00e5 velge en CSS som du har all n\u00f8dvendig informasjon for og kan teste den, da Verteco for eksempel tilbyr muligheten til \u00e5 bruke den gratis i en m\u00e5ned.<\/p>\n","protected":false},"excerpt":{"rendered":"<p>Hvis du har en nettbutikk eller jobber for et markedsf\u00f8ringsbyr\u00e5, har du sannsynligvis allerede h\u00f8rt om CSS \u2013 Googles Comparison Shopping Service. Hvis du allerede h\u00e5ndterer Google Ads-kampanjer, er du sannsynligvis kjent med emnet. Og hvis du aldri har h\u00f8rt om CSS, er det n\u00e5 p\u00e5 tide \u00e5 l\u00e6re hvordan det kan hjelpe deg med [&hellip;]<\/p>\n","protected":false},"author":1,"featured_media":0,"parent":0,"menu_order":0,"comment_status":"closed","ping_status":"closed","template":"","meta":{"footnotes":""},"class_list":["post-23740","page","type-page","status-publish","hentry"],"_links":{"self":[{"href":"https:\/\/verteco.shop\/no\/wp-json\/wp\/v2\/pages\/23740","targetHints":{"allow":["GET"]}}],"collection":[{"href":"https:\/\/verteco.shop\/no\/wp-json\/wp\/v2\/pages"}],"about":[{"href":"https:\/\/verteco.shop\/no\/wp-json\/wp\/v2\/types\/page"}],"author":[{"embeddable":true,"href":"https:\/\/verteco.shop\/no\/wp-json\/wp\/v2\/users\/1"}],"replies":[{"embeddable":true,"href":"https:\/\/verteco.shop\/no\/wp-json\/wp\/v2\/comments?post=23740"}],"version-history":[{"count":0,"href":"https:\/\/verteco.shop\/no\/wp-json\/wp\/v2\/pages\/23740\/revisions"}],"wp:attachment":[{"href":"https:\/\/verteco.shop\/no\/wp-json\/wp\/v2\/media?parent=23740"}],"curies":[{"name":"wp","href":"https:\/\/api.w.org\/{rel}","templated":true}]}}