{"id":15279,"date":"2023-05-18T23:08:19","date_gmt":"2023-05-18T21:08:19","guid":{"rendered":"https:\/\/verteco.shop\/personvernerklaering"},"modified":"2024-08-20T18:56:28","modified_gmt":"2024-08-20T16:56:28","slug":"personvernerklaering","status":"publish","type":"page","link":"https:\/\/verteco.shop\/no\/personvernerklaering\/","title":{"rendered":"Personvernerkl\u00e6ring"},"content":{"rendered":"\t\t<div data-elementor-type=\"wp-page\" data-elementor-id=\"15279\" class=\"elementor elementor-15279 elementor-7044\" data-elementor-post-type=\"page\">\n\t\t\t\t\t\t<section class=\"elementor-section elementor-top-section elementor-element elementor-element-20c115e2 elementor-section-boxed elementor-section-height-default elementor-section-height-default\" data-id=\"20c115e2\" data-element_type=\"section\" data-e-type=\"section\">\n\t\t\t\t\t\t<div class=\"elementor-container elementor-column-gap-default\">\n\t\t\t\t\t<div class=\"elementor-column elementor-col-100 elementor-top-column elementor-element elementor-element-7140ffb9\" data-id=\"7140ffb9\" data-element_type=\"column\" data-e-type=\"column\">\n\t\t\t<div class=\"elementor-widget-wrap elementor-element-populated\">\n\t\t\t\t\t\t<div class=\"elementor-element elementor-element-d8fbd51 elementor-widget elementor-widget-heading\" data-id=\"d8fbd51\" data-element_type=\"widget\" data-e-type=\"widget\" data-widget_type=\"heading.default\">\n\t\t\t\t<div class=\"elementor-widget-container\">\n\t\t\t\t\t<h2 class=\"elementor-heading-title elementor-size-default\">Personvernerkl\u00e6ring<\/h2>\t\t\t\t<\/div>\n\t\t\t\t<\/div>\n\t\t\t\t\t<\/div>\n\t\t<\/div>\n\t\t\t\t\t<\/div>\n\t\t<\/section>\n\t\t\t\t<section class=\"elementor-section elementor-top-section elementor-element elementor-element-47743373 elementor-section-boxed elementor-section-height-default elementor-section-height-default\" data-id=\"47743373\" data-element_type=\"section\" data-e-type=\"section\">\n\t\t\t\t\t\t<div class=\"elementor-container elementor-column-gap-default\">\n\t\t\t\t\t<div class=\"elementor-column elementor-col-100 elementor-top-column elementor-element elementor-element-54aab426\" data-id=\"54aab426\" data-element_type=\"column\" data-e-type=\"column\">\n\t\t\t<div class=\"elementor-widget-wrap elementor-element-populated\">\n\t\t\t\t\t\t<div class=\"elementor-element elementor-element-369420f6 elementor-widget elementor-widget-text-editor\" data-id=\"369420f6\" data-element_type=\"widget\" data-e-type=\"widget\" data-widget_type=\"text-editor.default\">\n\t\t\t\t<div class=\"elementor-widget-container\">\n\t\t\t\t\t\t\t\t\t<p>i betydningen av artikkel 19 flg. av lov nr. 18\/2018 Saml.  om beskyttelse av personopplysninger og om endringer og tillegg til visse lover, som endret, i samsvar med artikkel 13 og 14 i Europaparlamentets og r\u00e5dets forordning (EU) 2016\/679 av 27. april 2016 om beskyttelse av fysiske personer med hensyn til behandling av personopplysninger og om fri flyt av slike data, og oppheving av direktiv 95\/46\/EF (Generell databeskyttelsesforordning) (heretter referert til som &laquo;GDPR&raquo;).<\/p>\n<p>I henhold til bestemmelsene i artikkel 19 flg. av lov nr. 18\/2018 Saml. om beskyttelse av personopplysninger som endret (heretter referert til som &laquo;loven om beskyttelse av personopplysninger&raquo;), gir vi deg som den registrerte herved f\u00f8lgende informasjon om behandlingen av dine personopplysninger.  <\/p>\n<p><strong>Behandlingsansvarlig:<\/strong><br \/> Kontroll\u00f8ren er selskapet <strong>Elite Digital Services<\/strong> , med sitt registrerte kontor i 1111B S Governors Ave, STE 21653, Dover, DE 19904, USA representert av: Norman Bytri\u010dan (heretter referert til som &laquo;kontroll\u00f8ren&raquo;).<\/p>\n<p>Kontaktinformasjon:<\/p>\n<p><strong>  E-post: info@verteco.shop<br \/> Telefon: +32 480 20 46 99<\/strong><\/p>\n<p><strong>Tilgang til personopplysninger:<\/strong><\/p>\n<p>Ved behandling av personopplysninger, i tillegg til behandlingsansvarlig og selskapene knyttet til Elite Digital Services, LLC, og deres ansatte, kan andre personer som behandler personopplysninger som behandlere ha tilgang til personopplysninger. En spesifikk, kontinuerlig oppdatert liste over behandlere, dvs. mottakere av personopplysninger behandlet p\u00e5 vegne av behandlingsansvarlig, i f\u00f8lgende kategorier: <\/p>\n<p>\u2022 Selskaper som tilbyr markedsf\u00f8ringstjenester<br \/> \u2022 Selskaper som leverer l\u00f8nns- og regnskapstjenester<br \/> \u2022 Selskaper som leverer interne og eksterne revisjonstjenester<\/p>\n<p><strong><br \/>Lovlig basis:<\/strong><\/p>\n<p>Det rettslige grunnlaget for behandling av personopplysninger er som regel oppfyllelse av den lovp\u00e5lagte forpliktelsen (s\u00e6rlig lov nr. 18\/2018 Coll. om personopplysningsbeskyttelse), inng\u00e5else, administrasjon og oppfyllelse av kontraktsforpliktelser som f\u00f8lger av ansettelses- og kommersielle kontrakter, den legitime interessen, som er beskyttelsen av rettigheter og interesser til behandlingsansvarlig og hans ansatte beskyttet av rettigheter, samt samtykke fra den registrerte (hovedsakelig med henblikk p\u00e5 markedsf\u00f8ring, konkurranser, sosiale arrangementer) , etc.). Samtykket til behandling av personopplysninger m\u00e5 gis frivillig, og den registrerte kan n\u00e5r som helst trekke tilbake samtykket. Samtykket er imidlertid n\u00f8dvendig for at behandlingsansvarlig skal sikre for eksempel bedriftsarrangementer og lignende, og uten slikt samtykke har behandlingsansvarlig ikke rett til \u00e5 yte de aktuelle tjenestene. Hvis den registrerte nekter \u00e5 gi den behandlingsansvarlige personopplysningene som kreves for \u00e5 oppfylle de kontraktsmessige forpliktelsene til den behandlingsansvarlige eller overholde loven, er den behandlingsansvarlige ikke forpliktet til \u00e5 inng\u00e5 en kontrakt eller yte andre tjenester.   <\/p>\n<p><strong><br \/>Behandlede personopplysninger:<\/strong><\/p>\n<p>Vi samler inn v\u00e5re selgeres kunders navn, e-post, leverings- og faktureringsadresse, betalingsdetaljer, firmanavn, telefonnummer, IP-adresse, informasjon om bestillinger du setter i gang, informasjon om Elite Digital Services &#8211; st\u00f8ttede forhandlerbutikker du bes\u00f8ker, og informasjon om enheten og nettleseren du bruker. Vi samler inn denne informasjonen n\u00e5r du bruker eller f\u00e5r tilgang til en butikk som bruker tjenestene v\u00e5re, for eksempel n\u00e5r du bes\u00f8ker en selgers nettsted, legger inn en bestilling eller registrerer deg for en konto p\u00e5 en selgers nettsted. N\u00e5r du bes\u00f8ker eller surfer p\u00e5 nettstedet verteco.shop CSS-tjenester, samler vi inn informasjon om enheten og nettleseren du bruker, nettverkstilkoblingen din, IP-adressen din og informasjon om informasjonskapslene som er installert p\u00e5 enheten din. Vi samler ogs\u00e5 inn personlig informasjon som er sendt inn av deg via en meldingsfunksjon som er tilgjengelig fra nettstedet v\u00e5rt. Fra forumbrukere samler vi inn ditt navn, e-postadresse, nettadresse og annen personlig informasjon du kan legge ut.    <\/p>\n<p><strong><br \/>Form\u00e5l med behandling og deling:<\/strong><\/p>\n<p>Vi bruker denne informasjonen til \u00e5 gi v\u00e5re selgere tjenestene, inkludert st\u00f8tte og behandling av bestillinger, autentisering og betalinger. Vi bruker ogs\u00e5 denne informasjonen til \u00e5 forbedre tjenestene v\u00e5re. Elite Digital Services, LLC, samarbeider ogs\u00e5 med tredjeparter og tjenesteleverand\u00f8rer for \u00e5 hjelpe v\u00e5re selgere med tjenestene, og vi kan dele personlig informasjon med dem for \u00e5 st\u00f8tte denne innsatsen. Vi kan ogs\u00e5 dele informasjonen din under f\u00f8lgende omstendigheter:   <\/p>\n<ul>\n<li>for \u00e5 forhindre, unders\u00f8ke eller iverksette tiltak ang\u00e5ende ulovlige aktiviteter, mistanke om svindel, situasjoner som involverer potensielle trusler mot den fysiske sikkerheten til en person, brudd p\u00e5 v\u00e5re vilk\u00e5r for bruk eller andre avtaler knyttet til tjenestene, eller som p\u00e5 annen m\u00e5te kreves av lov.<\/li>\n<li>Hvis selgeren hvis butikk du bes\u00f8ker eller har tilgang til, ber oss overf\u00f8re denne informasjonen (for eksempel hvis de aktiverer en tredjepartsapp som f\u00e5r tilgang til kundeopplysninger).<\/li>\n<li>for \u00e5 overholde juridiske krav, eller for \u00e5 svare p\u00e5 lovlige rettskjennelser, stevninger, arrestordrer eller andre foresp\u00f8rsler fra offentlige myndigheter (inkludert for \u00e5 oppfylle krav til nasjonal sikkerhet eller rettsh\u00e5ndhevelse).<\/li>\n<\/ul>\n<p>Personopplysninger kan ogs\u00e5 deles med et selskap som kj\u00f8per virksomheten v\u00e5r eller virksomheten til en kj\u00f8pmann hvis butikk du bes\u00f8ker eller har tilgang til, enten gjennom fusjon, oppkj\u00f8p, konkurs, oppl\u00f8sning, reorganisering eller annen lignende transaksjon eller prosess.<\/p>\n<p><strong><br \/>Lagring av personopplysninger og varighet av behandlingen:<\/strong><\/p>\n<p>Den behandlingsansvarlige er autorisert til \u00e5 behandle personopplysninger om registrerte i en tidsperiode fastsatt i samsvar med relevant lovgivning. Behandling av personopplysninger etter et samtykke skal kun v\u00e6re mulig for den perioden samtykket ble gitt. Samtykket gis til behandlingsansvarlig for de p\u00e5f\u00f8lgende tre (3) \u00e5rene eller inntil tidspunktet for tilbaketrekking av samtykket. Ved utl\u00f8pet av den relevante perioden vil personopplysninger bli slettet dersom lagringen ikke er n\u00f8dvendig i henhold til relevant lovgivning.   <\/p>\n<p><strong><br \/>Rettigheter til registrerte personer knyttet til behandling av personopplysninger:<\/strong><\/p>\n<p>N\u00e5r det gjelder behandling av personopplysninger, kan registrerte ut\u00f8ve f\u00f8lgende rettigheter:<\/p>\n<ul>\n<li>retten til \u00e5 f\u00e5 tilgang til og bli gitt informasjon om deres personopplysninger;<\/li>\n<li>retten til retting av personopplysninger;<\/li>\n<li>retten til sletting av personopplysninger;<\/li>\n<li>retten til begrensning av behandling av personopplysninger<\/li>\n<li>retten til persondataportabilitet;<\/li>\n<li>retten til \u00e5 protestere mot behandling av personopplysninger;<\/li>\n<li>retten til ineffektiviteten til automatisert individuell beslutningstaking, inkludert profilering;<\/li>\n<li>retten til \u00e5 trekke tilbake samtykke n\u00e5r som helst (hvis samtykke er det juridiske grunnlaget for behandlingen);<\/li>\n<li>rett til \u00e5 inngi et begj\u00e6ring om \u00e5 innlede sak i henhold til artikkel 100 ff. personopplysningsloven med tilsynsmyndigheten. <\/li>\n<\/ul>\n<p>Registrerte kan ut\u00f8ve rettighetene ovenfor, som er n\u00e6rmere spesifisert i bestemmelsene i artikkel 21 ff. av personopplysningsloven, i samsvar med personopplysningsloven og GDPR samt annen relevant lovgivning. Registrerte kan ut\u00f8ve sine rettigheter overfor behandlingsansvarlig ved hjelp av en skriftlig foresp\u00f8rsel sendt eller levert til kontroll\u00f8rens hovedkontor eller via e-post sendt til adressen: info@verteco.shop<br \/> Foresp\u00f8rselen m\u00e5 inneholde f\u00f8lgende opplysninger: navn, etternavn, f\u00f8dselsdato og fast adresse slik at behandlingsansvarlig kan identifisere den registrerte. Den behandlingsansvarlige kan be om \u00e5 gi ytterligere informasjon som er n\u00f8dvendig for \u00e5 verifisere identiteten til den registrerte dersom han har rimelig tvil om identiteten til den fysiske personen. Den behandlingsansvarlige er p\u00e5lagt \u00e5 gi den registrerte informasjon om tiltakene som er iverksatt p\u00e5 hans\/hennes anmodning innen en (1) m\u00e5ned etter mottak av foresp\u00f8rselen. I berettigede tilfeller, med hensyn til kompleksiteten og antall foresp\u00f8rsler, kan behandlingsansvarlig forlenge perioden ovenfor med ytterligere to (2) m\u00e5neder, selv gjentatte ganger. Den behandlingsansvarlige er forpliktet til \u00e5 informere den registrerte om en slik forlengelse innen \u00e9n (1) m\u00e5ned etter mottak av foresp\u00f8rselen, med begrunnelse for forlengelsen av fristen. Dersom den registrerte har sendt inn foresp\u00f8rselen i elektronisk form, skal behandlingsansvarlig gi opplysningene i elektronisk form, med mindre den registrerte har bedt om informasjon p\u00e5 annen m\u00e5te. Dersom den behandlingsansvarlige unnlater \u00e5 iverksette tiltak p\u00e5 foresp\u00f8rsel fra den registrerte, er han p\u00e5lagt \u00e5 informere den registrerte om \u00e5rsakene til manglende handling innen en (1) m\u00e5ned etter mottak av foresp\u00f8rselen, samt om muligheten \u00e5 inngi en begj\u00e6ring om \u00e5 innlede sak i henhold til artikkel 100 i personopplysningsloven til Kontoret for personvern. Meldinger om iverksatte tiltak skal gis vederlagsfritt. Hvis foresp\u00f8rselen fra den registrerte er \u00e5penbart grunnl\u00f8s eller upassende, spesielt p\u00e5 grunn av dens gjentakende karakter, kan den behandlingsansvarlige kreve et rimelig gebyr tatt i betraktning de administrative kostnadene ved \u00e5 gi informasjonen, eller et rimelig gebyr tatt i betraktning de administrative kostnadene av varselet, eller et rimelig gebyr som tar hensyn til de administrative kostnadene ved \u00e5 implementere det forespurte tiltaket, eller nekte \u00e5 handle p\u00e5 foresp\u00f8rselen. Den behandlingsansvarlige skal bevise at anmodningen er ubegrunnet eller upassende.           <\/p>\n<p>Elite Digital Services, LLC forst\u00e5r at du har rettigheter over din personlige informasjon, og tar rimelige skritt for \u00e5 la deg f\u00e5 tilgang til, korrigere, endre, slette, overf\u00f8re eller begrense bruken av din personlige informasjon. Hvis du er en kj\u00f8pmann eller en partner, kan du oppdatere mange typer personlig informasjon, for eksempel betalings- eller kontaktinformasjon, direkte i kontoinnstillingene dine. Hvis du ikke kan endre din personlige informasjon i kontoinnstillingene dine, eller hvis du er bekymret for data som samles inn n\u00e5r du bes\u00f8ker Elite Digital Services, LLC-nettstedet eller bruker v\u00e5re st\u00f8ttetjenester, vennligst kontakt oss for \u00e5 gj\u00f8re de n\u00f8dvendige endringene. Det er viktig \u00e5 huske at hvis du sletter eller begrenser bruken av din personlige informasjon, kan det hende at tjenestene ikke fungerer som de skal.   <\/p>\n\t\t\t\t\t\t\t\t<\/div>\n\t\t\t\t<\/div>\n\t\t\t\t\t<\/div>\n\t\t<\/div>\n\t\t\t\t\t<\/div>\n\t\t<\/section>\n\t\t\t\t<\/div>\n\t\t","protected":false},"excerpt":{"rendered":"<p>Personvernerkl\u00e6ring i betydningen av artikkel 19 flg. av lov nr. 18\/2018 Saml. om beskyttelse av personopplysninger og om endringer og tillegg til visse lover, som endret, i samsvar med artikkel 13 og 14 i Europaparlamentets og r\u00e5dets forordning (EU) 2016\/679 av 27. april 2016 om beskyttelse av fysiske personer med hensyn til behandling av personopplysninger [&hellip;]<\/p>\n","protected":false},"author":1,"featured_media":0,"parent":0,"menu_order":0,"comment_status":"closed","ping_status":"closed","template":"","meta":{"footnotes":""},"class_list":["post-15279","page","type-page","status-publish","hentry"],"_links":{"self":[{"href":"https:\/\/verteco.shop\/no\/wp-json\/wp\/v2\/pages\/15279","targetHints":{"allow":["GET"]}}],"collection":[{"href":"https:\/\/verteco.shop\/no\/wp-json\/wp\/v2\/pages"}],"about":[{"href":"https:\/\/verteco.shop\/no\/wp-json\/wp\/v2\/types\/page"}],"author":[{"embeddable":true,"href":"https:\/\/verteco.shop\/no\/wp-json\/wp\/v2\/users\/1"}],"replies":[{"embeddable":true,"href":"https:\/\/verteco.shop\/no\/wp-json\/wp\/v2\/comments?post=15279"}],"version-history":[{"count":0,"href":"https:\/\/verteco.shop\/no\/wp-json\/wp\/v2\/pages\/15279\/revisions"}],"wp:attachment":[{"href":"https:\/\/verteco.shop\/no\/wp-json\/wp\/v2\/media?parent=15279"}],"curies":[{"name":"wp","href":"https:\/\/api.w.org\/{rel}","templated":true}]}}