{"id":10202,"date":"2023-07-14T11:20:19","date_gmt":"2023-07-14T09:20:19","guid":{"rendered":"https:\/\/verteco.shop\/verteco-shop-css-fakturert\/"},"modified":"2024-04-30T14:06:33","modified_gmt":"2024-04-30T12:06:33","slug":"verteco-shop-css-fakturert","status":"publish","type":"page","link":"https:\/\/verteco.shop\/no\/verteco-shop-css-fakturert\/","title":{"rendered":"verteco.shop CSS &#8211; fakturert"},"content":{"rendered":"\t\t<div data-elementor-type=\"wp-page\" data-elementor-id=\"10202\" class=\"elementor elementor-10202 elementor-8269\" data-elementor-post-type=\"page\">\n\t\t\t\t\t\t<section class=\"elementor-section elementor-top-section elementor-element elementor-element-f447737 elementor-section-boxed elementor-section-height-default elementor-section-height-default\" data-id=\"f447737\" data-element_type=\"section\" data-e-type=\"section\">\n\t\t\t\t\t\t<div class=\"elementor-container elementor-column-gap-default\">\n\t\t\t\t\t<div class=\"elementor-column elementor-col-100 elementor-top-column elementor-element elementor-element-d741be4\" data-id=\"d741be4\" data-element_type=\"column\" data-e-type=\"column\">\n\t\t\t<div class=\"elementor-widget-wrap elementor-element-populated\">\n\t\t\t\t\t\t<div class=\"elementor-element elementor-element-d4e8981 elementor-widget elementor-widget-heading\" data-id=\"d4e8981\" data-element_type=\"widget\" data-e-type=\"widget\" data-widget_type=\"heading.default\">\n\t\t\t\t<div class=\"elementor-widget-container\">\n\t\t\t\t\t<h2 class=\"elementor-heading-title elementor-size-default\">verteco.shop - Betal med faktura<\/h2>\t\t\t\t<\/div>\n\t\t\t\t<\/div>\n\t\t\t\t<div class=\"elementor-element elementor-element-f24d821 elementor-button-align-stretch elementor-widget elementor-widget-form\" data-id=\"f24d821\" data-element_type=\"widget\" data-e-type=\"widget\" data-settings=\"{&quot;step_next_label&quot;:&quot;Neste&quot;,&quot;step_previous_label&quot;:&quot;Tidligere&quot;,&quot;button_width&quot;:&quot;100&quot;,&quot;step_type&quot;:&quot;number_text&quot;,&quot;step_icon_shape&quot;:&quot;circle&quot;}\" data-widget_type=\"form.default\">\n\t\t\t\t<div class=\"elementor-widget-container\">\n\t\t\t\t\t\t\t<form class=\"elementor-form\" method=\"post\" name=\"Nytt skjema\" aria-label=\"Nytt skjema\">\n\t\t\t<input type=\"hidden\" name=\"post_id\" value=\"10202\"\/>\n\t\t\t<input type=\"hidden\" name=\"form_id\" value=\"f24d821\"\/>\n\t\t\t<input type=\"hidden\" name=\"referer_title\" value=\"verteco.shop CSS - fakturert - verteco.shop CSS\" \/>\n\n\t\t\t\t\t\t\t<input type=\"hidden\" name=\"queried_id\" value=\"10202\"\/>\n\t\t\t\n\t\t\t<div class=\"elementor-form-fields-wrapper elementor-labels-above\">\n\t\t\t\t\t\t\t\t<div class=\"elementor-field-type-step elementor-field-group elementor-column elementor-field-group-field_88c430f elementor-col-100\">\n\t\t\t\t\t\t\t<div class=\"e-field-step elementor-hidden\" data-label=\"Kontaktinformasjon\" data-previousButton=\"\" data-nextButton=\"\" data-iconUrl=\"\" data-iconLibrary=\"far fa-address-card\" data-icon=\"\" ><\/div>\n\n\t\t\t\t\t\t<\/div>\n\t\t\t\t\t\t\t\t<div class=\"elementor-field-type-html elementor-field-group elementor-column elementor-field-group-field_e299646 elementor-col-100\">\n\t\t\t\t\t<b>Innledende informasjon:<\/b><br><br>\n\nFyll ut skjemaet. Etter innsending av skjemaet kan du godta byttet i selgersenteret ditt.  <br>\nDu kan velge om du vil forbli innenfor verteco.shop CSS etter en gratis pr\u00f8veperiode p\u00e5 30 dager, eller du kan alltid bytte tilbake til Google CSS.  <br> <br>\n\t\t\t\t<\/div>\n\t\t\t\t\t\t\t\t<div class=\"elementor-field-type-select elementor-field-group elementor-column elementor-field-group-field_c09db40 elementor-col-100 elementor-field-required elementor-mark-required\">\n\t\t\t\t\t\t\t\t\t\t\t\t<label for=\"form-field-field_c09db40\" class=\"elementor-field-label\">\n\t\t\t\t\t\t\t\tLand\t\t\t\t\t\t\t<\/label>\n\t\t\t\t\t\t\t\t<div class=\"elementor-field elementor-select-wrapper remove-before \">\n\t\t\t<div class=\"select-caret-down-wrapper\">\n\t\t\t\t<i aria-hidden=\"true\" class=\"eicon-caret-down\"><\/i>\t\t\t<\/div>\n\t\t\t<select name=\"form_fields[field_c09db40]\" id=\"form-field-field_c09db40\" class=\"elementor-field-textual elementor-size-sm\" required=\"required\">\n\t\t\t\t\t\t\t\t\t<option value=\"\u00d8sterrike\">\u00d8sterrike<\/option>\n\t\t\t\t\t\t\t\t\t<option value=\"Belgia\">Belgia<\/option>\n\t\t\t\t\t\t\t\t\t<option value=\"Tsjekkisk Republikk\">Tsjekkisk Republikk<\/option>\n\t\t\t\t\t\t\t\t\t<option value=\"Danmark\">Danmark<\/option>\n\t\t\t\t\t\t\t\t\t<option value=\"Finland\">Finland<\/option>\n\t\t\t\t\t\t\t\t\t<option value=\"Frankrike\">Frankrike<\/option>\n\t\t\t\t\t\t\t\t\t<option value=\"Tyskland\">Tyskland<\/option>\n\t\t\t\t\t\t\t\t\t<option value=\"Hellas\">Hellas<\/option>\n\t\t\t\t\t\t\t\t\t<option value=\"Ungarn\">Ungarn<\/option>\n\t\t\t\t\t\t\t\t\t<option value=\"Irland\">Irland<\/option>\n\t\t\t\t\t\t\t\t\t<option value=\"Italia\">Italia<\/option>\n\t\t\t\t\t\t\t\t\t<option value=\"Nederland\">Nederland<\/option>\n\t\t\t\t\t\t\t\t\t<option value=\"Norge\">Norge<\/option>\n\t\t\t\t\t\t\t\t\t<option value=\"Polen\">Polen<\/option>\n\t\t\t\t\t\t\t\t\t<option value=\"Portugal\">Portugal<\/option>\n\t\t\t\t\t\t\t\t\t<option value=\"Romania\">Romania<\/option>\n\t\t\t\t\t\t\t\t\t<option value=\"Slovakia\">Slovakia<\/option>\n\t\t\t\t\t\t\t\t\t<option value=\"Spania\">Spania<\/option>\n\t\t\t\t\t\t\t\t\t<option value=\"Sverige\">Sverige<\/option>\n\t\t\t\t\t\t\t\t\t<option value=\"Sveits\">Sveits<\/option>\n\t\t\t\t\t\t\t\t\t<option value=\"Storbritannia\">Storbritannia<\/option>\n\t\t\t\t\t\t\t<\/select>\n\t\t<\/div>\n\t\t\t\t\t\t<\/div>\n\t\t\t\t\t\t\t\t<div class=\"elementor-field-type-text elementor-field-group elementor-column elementor-field-group-field_8b44fab elementor-col-50 elementor-field-required elementor-mark-required\">\n\t\t\t\t\t\t\t\t\t\t\t\t<label for=\"form-field-field_8b44fab\" class=\"elementor-field-label\">\n\t\t\t\t\t\t\t\tNavn\t\t\t\t\t\t\t<\/label>\n\t\t\t\t\t\t\t\t\t\t\t\t\t\t<input size=\"1\" type=\"text\" name=\"form_fields[field_8b44fab]\" id=\"form-field-field_8b44fab\" class=\"elementor-field elementor-size-sm  elementor-field-textual\" placeholder=\"John\" required=\"required\">\n\t\t\t\t\t\t\t\t\t\t\t<\/div>\n\t\t\t\t\t\t\t\t<div class=\"elementor-field-type-text elementor-field-group elementor-column elementor-field-group-field_001e2fb elementor-col-50 elementor-field-required elementor-mark-required\">\n\t\t\t\t\t\t\t\t\t\t\t\t<label for=\"form-field-field_001e2fb\" class=\"elementor-field-label\">\n\t\t\t\t\t\t\t\tEtternavn\t\t\t\t\t\t\t<\/label>\n\t\t\t\t\t\t\t\t\t\t\t\t\t\t<input size=\"1\" type=\"text\" name=\"form_fields[field_001e2fb]\" id=\"form-field-field_001e2fb\" class=\"elementor-field elementor-size-sm  elementor-field-textual\" placeholder=\"Doe\" required=\"required\">\n\t\t\t\t\t\t\t\t\t\t\t<\/div>\n\t\t\t\t\t\t\t\t<div class=\"elementor-field-type-email elementor-field-group elementor-column elementor-field-group-field_4afa782 elementor-col-50 elementor-field-required elementor-mark-required\">\n\t\t\t\t\t\t\t\t\t\t\t\t<label for=\"form-field-field_4afa782\" class=\"elementor-field-label\">\n\t\t\t\t\t\t\t\tE-post\t\t\t\t\t\t\t<\/label>\n\t\t\t\t\t\t\t\t\t\t\t\t\t\t<input size=\"1\" type=\"email\" name=\"form_fields[field_4afa782]\" id=\"form-field-field_4afa782\" class=\"elementor-field elementor-size-sm  elementor-field-textual\" placeholder=\"contact@mycompany.com\" required=\"required\">\n\t\t\t\t\t\t\t\t\t\t\t<\/div>\n\t\t\t\t\t\t\t\t<div class=\"elementor-field-type-text elementor-field-group elementor-column elementor-field-group-field_c1c9025 elementor-col-50 elementor-field-required elementor-mark-required\">\n\t\t\t\t\t\t\t\t\t\t\t\t<label for=\"form-field-field_c1c9025\" class=\"elementor-field-label\">\n\t\t\t\t\t\t\t\tTelefonnummer\t\t\t\t\t\t\t<\/label>\n\t\t\t\t\t\t\t\t\t\t\t\t\t\t<input size=\"1\" type=\"text\" name=\"form_fields[field_c1c9025]\" id=\"form-field-field_c1c9025\" class=\"elementor-field elementor-size-sm  elementor-field-textual\" placeholder=\"+12 345 678 910\" required=\"required\">\n\t\t\t\t\t\t\t\t\t\t\t<\/div>\n\t\t\t\t\t\t\t\t<div class=\"elementor-field-type-step elementor-field-group elementor-column elementor-field-group-field_9592e6b elementor-col-100\">\n\t\t\t\t\t\t\t<div class=\"e-field-step elementor-hidden\" data-label=\"Handelssentre\" data-previousButton=\"\" data-nextButton=\"\" data-iconUrl=\"\" data-iconLibrary=\"fas fa-star\" data-icon=\"\" ><\/div>\n\n\t\t\t\t\t\t<\/div>\n\t\t\t\t\t\t\t\t<div class=\"elementor-field-type-select elementor-field-group elementor-column elementor-field-group-field_dd36557 elementor-col-100 elementor-field-required elementor-mark-required\">\n\t\t\t\t\t\t\t\t\t\t\t\t<label for=\"form-field-field_dd36557\" class=\"elementor-field-label\">\n\t\t\t\t\t\t\t\tAntall handelssentre som skal bytte til verteco.shop CSS\t\t\t\t\t\t\t<\/label>\n\t\t\t\t\t\t\t\t<div class=\"elementor-field elementor-select-wrapper remove-before \">\n\t\t\t<div class=\"select-caret-down-wrapper\">\n\t\t\t\t<i aria-hidden=\"true\" class=\"eicon-caret-down\"><\/i>\t\t\t<\/div>\n\t\t\t<select name=\"form_fields[field_dd36557]\" id=\"form-field-field_dd36557\" class=\"elementor-field-textual elementor-size-sm\" required=\"required\">\n\t\t\t\t\t\t\t\t\t<option value=\"1\">1<\/option>\n\t\t\t\t\t\t\t\t\t<option value=\"2\">2<\/option>\n\t\t\t\t\t\t\t\t\t<option value=\"3\">3<\/option>\n\t\t\t\t\t\t\t\t\t<option value=\"4\">4<\/option>\n\t\t\t\t\t\t\t\t\t<option value=\"5\">5<\/option>\n\t\t\t\t\t\t\t\t\t<option value=\"6\">6<\/option>\n\t\t\t\t\t\t\t\t\t<option value=\"7\">7<\/option>\n\t\t\t\t\t\t\t\t\t<option value=\"8\">8<\/option>\n\t\t\t\t\t\t\t\t\t<option value=\"9\">9<\/option>\n\t\t\t\t\t\t\t\t\t<option value=\"10\">10<\/option>\n\t\t\t\t\t\t\t<\/select>\n\t\t<\/div>\n\t\t\t\t\t\t<\/div>\n\t\t\t\t\t\t\t\t<div class=\"elementor-field-type-textarea elementor-field-group elementor-column elementor-field-group-field_3ad030b elementor-col-100 elementor-field-required elementor-mark-required\">\n\t\t\t\t\t\t\t\t\t\t\t\t<label for=\"form-field-field_3ad030b\" class=\"elementor-field-label\">\n\t\t\t\t\t\t\t\tList opp alle handelssentre du \u00f8nsker \u00e5 bytte her. Du finner ID-ene deres her: https:\/\/merchants.google.com\/mc\/\t\t\t\t\t\t\t<\/label>\n\t\t\t\t\t\t<textarea class=\"elementor-field-textual elementor-field  elementor-size-sm\" name=\"form_fields[field_3ad030b]\" id=\"form-field-field_3ad030b\" rows=\"4\" placeholder=\"121212, 12121212, 121212, 121212...\" required=\"required\"><\/textarea>\t\t\t\t<\/div>\n\t\t\t\t\t\t\t\t<div class=\"elementor-field-type-select elementor-field-group elementor-column elementor-field-group-field_ecb1434 elementor-col-100\">\n\t\t\t\t\t\t\t\t\t\t\t\t<label for=\"form-field-field_ecb1434\" class=\"elementor-field-label\">\n\t\t\t\t\t\t\t\tBetalings type:  \t\t\t\t\t\t\t<\/label>\n\t\t\t\t\t\t\t\t<div class=\"elementor-field elementor-select-wrapper remove-before \">\n\t\t\t<div class=\"select-caret-down-wrapper\">\n\t\t\t\t<i aria-hidden=\"true\" class=\"eicon-caret-down\"><\/i>\t\t\t<\/div>\n\t\t\t<select name=\"form_fields[field_ecb1434]\" id=\"form-field-field_ecb1434\" class=\"elementor-field-textual elementor-size-sm\">\n\t\t\t\t\t\t\t\t\t<option value=\"Hver m\u00e5ned (uten rabatt)  \">Hver m\u00e5ned (uten rabatt)  <\/option>\n\t\t\t\t\t\t\t\t\t<option value=\"Hver 12. m\u00e5ned (10 % rabatt)\">Hver 12. m\u00e5ned (10 % rabatt)<\/option>\n\t\t\t\t\t\t\t<\/select>\n\t\t<\/div>\n\t\t\t\t\t\t<\/div>\n\t\t\t\t\t\t\t\t<div class=\"elementor-field-type-step elementor-field-group elementor-column elementor-field-group-field_278a5f3 elementor-col-100\">\n\t\t\t\t\t\t\t<div class=\"e-field-step elementor-hidden\" data-label=\"Fakturering\" data-previousButton=\"\" data-nextButton=\"\" data-iconUrl=\"\" data-iconLibrary=\"fas fa-star\" data-icon=\"\" ><\/div>\n\n\t\t\t\t\t\t<\/div>\n\t\t\t\t\t\t\t\t<div class=\"elementor-field-type-html elementor-field-group elementor-column elementor-field-group-field_0f783e8 elementor-col-100\">\n\t\t\t\t\tFakturering:\t\t\t\t<\/div>\n\t\t\t\t\t\t\t\t<div class=\"elementor-field-type-text elementor-field-group elementor-column elementor-field-group-name elementor-col-33 elementor-field-required elementor-mark-required\">\n\t\t\t\t\t\t\t\t\t\t\t\t<label for=\"form-field-name\" class=\"elementor-field-label\">\n\t\t\t\t\t\t\t\tselskapsnavn\t\t\t\t\t\t\t<\/label>\n\t\t\t\t\t\t\t\t\t\t\t\t\t\t<input size=\"1\" type=\"text\" name=\"form_fields[name]\" id=\"form-field-name\" class=\"elementor-field elementor-size-sm  elementor-field-textual\" placeholder=\"Mitt selskap, ltd.\" required=\"required\">\n\t\t\t\t\t\t\t\t\t\t\t<\/div>\n\t\t\t\t\t\t\t\t<div class=\"elementor-field-type-text elementor-field-group elementor-column elementor-field-group-field_0076e0a elementor-col-33 elementor-field-required elementor-mark-required\">\n\t\t\t\t\t\t\t\t\t\t\t\t<label for=\"form-field-field_0076e0a\" class=\"elementor-field-label\">\n\t\t\t\t\t\t\t\tFirma-ID (nummer for faktura)\t\t\t\t\t\t\t<\/label>\n\t\t\t\t\t\t\t\t\t\t\t\t\t\t<input size=\"1\" type=\"text\" name=\"form_fields[field_0076e0a]\" id=\"form-field-field_0076e0a\" class=\"elementor-field elementor-size-sm  elementor-field-textual\" placeholder=\"12121212\" required=\"required\">\n\t\t\t\t\t\t\t\t\t\t\t<\/div>\n\t\t\t\t\t\t\t\t<div class=\"elementor-field-type-text elementor-field-group elementor-column elementor-field-group-field_ee015f4 elementor-col-33 elementor-field-required elementor-mark-required\">\n\t\t\t\t\t\t\t\t\t\t\t\t<label for=\"form-field-field_ee015f4\" class=\"elementor-field-label\">\n\t\t\t\t\t\t\t\tFirma-mva-nummer (skatte-ID)\t\t\t\t\t\t\t<\/label>\n\t\t\t\t\t\t\t\t\t\t\t\t\t\t<input size=\"1\" type=\"text\" name=\"form_fields[field_ee015f4]\" id=\"form-field-field_ee015f4\" class=\"elementor-field elementor-size-sm  elementor-field-textual\" placeholder=\"DE98391291\" required=\"required\">\n\t\t\t\t\t\t\t\t\t\t\t<\/div>\n\t\t\t\t\t\t\t\t<div class=\"elementor-field-type-text elementor-field-group elementor-column elementor-field-group-field_f6778d0 elementor-col-100 elementor-field-required elementor-mark-required\">\n\t\t\t\t\t\t\t\t\t\t\t\t<label for=\"form-field-field_f6778d0\" class=\"elementor-field-label\">\n\t\t\t\t\t\t\t\tGatenummer\t\t\t\t\t\t\t<\/label>\n\t\t\t\t\t\t\t\t\t\t\t\t\t\t<input size=\"1\" type=\"text\" name=\"form_fields[field_f6778d0]\" id=\"form-field-field_f6778d0\" class=\"elementor-field elementor-size-sm  elementor-field-textual\" placeholder=\"Gate 10\" required=\"required\">\n\t\t\t\t\t\t\t\t\t\t\t<\/div>\n\t\t\t\t\t\t\t\t<div class=\"elementor-field-type-text elementor-field-group elementor-column elementor-field-group-field_2715dfb elementor-col-100 elementor-field-required elementor-mark-required\">\n\t\t\t\t\t\t\t\t\t\t\t\t<label for=\"form-field-field_2715dfb\" class=\"elementor-field-label\">\n\t\t\t\t\t\t\t\tglidel\u00e5s\t\t\t\t\t\t\t<\/label>\n\t\t\t\t\t\t\t\t\t\t\t\t\t\t<input size=\"1\" type=\"text\" name=\"form_fields[field_2715dfb]\" id=\"form-field-field_2715dfb\" class=\"elementor-field elementor-size-sm  elementor-field-textual\" placeholder=\"08001...\" required=\"required\">\n\t\t\t\t\t\t\t\t\t\t\t<\/div>\n\t\t\t\t\t\t\t\t<div class=\"elementor-field-type-text elementor-field-group elementor-column elementor-field-group-field_ac13118 elementor-col-100 elementor-field-required elementor-mark-required\">\n\t\t\t\t\t\t\t\t\t\t\t\t<label for=\"form-field-field_ac13118\" class=\"elementor-field-label\">\n\t\t\t\t\t\t\t\tBy\t\t\t\t\t\t\t<\/label>\n\t\t\t\t\t\t\t\t\t\t\t\t\t\t<input size=\"1\" type=\"text\" name=\"form_fields[field_ac13118]\" id=\"form-field-field_ac13118\" class=\"elementor-field elementor-size-sm  elementor-field-textual\" placeholder=\"Barcelona...\" required=\"required\">\n\t\t\t\t\t\t\t\t\t\t\t<\/div>\n\t\t\t\t\t\t\t\t<div class=\"elementor-field-type-text\">\n\t\t\t\t\t<input size=\"1\" type=\"text\" name=\"form_fields[field_8418d35]\" id=\"form-field-field_8418d35\" class=\"elementor-field elementor-size-sm \" style=\"display:none !important;\">\t\t\t\t<\/div>\n\t\t\t\t\t\t\t\t<div class=\"elementor-field-group elementor-column elementor-field-type-submit elementor-col-100 e-form__buttons\">\n\t\t\t\t\t<button class=\"elementor-button elementor-size-sm\" type=\"submit\">\n\t\t\t\t\t\t<span class=\"elementor-button-content-wrapper\">\n\t\t\t\t\t\t\t\t\t\t\t\t\t\t\t\t\t\t\t\t\t\t<span class=\"elementor-button-text\">Start en gratis pr\u00f8veperiode for utvalgte Merchant Centers<\/span>\n\t\t\t\t\t\t\t\t\t\t\t\t\t<\/span>\n\t\t\t\t\t<\/button>\n\t\t\t\t<\/div>\n\t\t\t<\/div>\n\t\t<\/form>\n\t\t\t\t\t\t<\/div>\n\t\t\t\t<\/div>\n\t\t\t\t<div class=\"elementor-element elementor-element-ab3b096 elementor-widget elementor-widget-spacer\" data-id=\"ab3b096\" data-element_type=\"widget\" data-e-type=\"widget\" data-widget_type=\"spacer.default\">\n\t\t\t\t<div class=\"elementor-widget-container\">\n\t\t\t\t\t\t\t<div class=\"elementor-spacer\">\n\t\t\t<div class=\"elementor-spacer-inner\"><\/div>\n\t\t<\/div>\n\t\t\t\t\t\t<\/div>\n\t\t\t\t<\/div>\n\t\t\t\t<div class=\"elementor-element elementor-element-aba9308 elementor-widget elementor-widget-text-editor\" data-id=\"aba9308\" data-element_type=\"widget\" data-e-type=\"widget\" data-widget_type=\"text-editor.default\">\n\t\t\t\t<div class=\"elementor-widget-container\">\n\t\t\t\t\t\t\t\t\t<p><strong><em>Hvis du \u00f8nsker \u00e5 begynne med kortbetaling, Apple Pay eller Google Pay i stedet, kan du gj\u00f8re det <a href=\"https:\/\/verteco.shop\/no\/velg-abonnement\/\">her<\/a> .<\/em><\/strong><\/p>\n\t\t\t\t\t\t\t\t<\/div>\n\t\t\t\t<\/div>\n\t\t\t\t\t<\/div>\n\t\t<\/div>\n\t\t\t\t\t<\/div>\n\t\t<\/section>\n\t\t\t\t<\/div>\n\t\t","protected":false},"excerpt":{"rendered":"<p>verteco.shop &#8211; Betal med faktura Hvis du \u00f8nsker \u00e5 begynne med kortbetaling, Apple Pay eller Google Pay i stedet, kan du gj\u00f8re det her .<\/p>\n","protected":false},"author":1,"featured_media":0,"parent":0,"menu_order":0,"comment_status":"closed","ping_status":"closed","template":"elementor_header_footer","meta":{"footnotes":""},"class_list":["post-10202","page","type-page","status-publish","hentry"],"_links":{"self":[{"href":"https:\/\/verteco.shop\/no\/wp-json\/wp\/v2\/pages\/10202","targetHints":{"allow":["GET"]}}],"collection":[{"href":"https:\/\/verteco.shop\/no\/wp-json\/wp\/v2\/pages"}],"about":[{"href":"https:\/\/verteco.shop\/no\/wp-json\/wp\/v2\/types\/page"}],"author":[{"embeddable":true,"href":"https:\/\/verteco.shop\/no\/wp-json\/wp\/v2\/users\/1"}],"replies":[{"embeddable":true,"href":"https:\/\/verteco.shop\/no\/wp-json\/wp\/v2\/comments?post=10202"}],"version-history":[{"count":0,"href":"https:\/\/verteco.shop\/no\/wp-json\/wp\/v2\/pages\/10202\/revisions"}],"wp:attachment":[{"href":"https:\/\/verteco.shop\/no\/wp-json\/wp\/v2\/media?parent=10202"}],"curies":[{"name":"wp","href":"https:\/\/api.w.org\/{rel}","templated":true}]}}