{"id":9975,"date":"2023-05-18T23:08:13","date_gmt":"2023-05-18T21:08:13","guid":{"rendered":"https:\/\/verteco.shop\/condizioni-di-servizio\/"},"modified":"2024-11-06T14:59:20","modified_gmt":"2024-11-06T12:59:20","slug":"condizioni-di-servizio","status":"publish","type":"page","link":"https:\/\/verteco.shop\/it\/condizioni-di-servizio\/","title":{"rendered":"Termini di servizio"},"content":{"rendered":"\t\t<div data-elementor-type=\"wp-page\" data-elementor-id=\"9975\" class=\"elementor elementor-9975 elementor-7045\" data-elementor-post-type=\"page\">\n\t\t\t\t\t\t<section class=\"elementor-section elementor-top-section elementor-element elementor-element-2140112 elementor-section-boxed elementor-section-height-default elementor-section-height-default\" data-id=\"2140112\" data-element_type=\"section\" data-e-type=\"section\">\n\t\t\t\t\t\t<div class=\"elementor-container elementor-column-gap-default\">\n\t\t\t\t\t<div class=\"elementor-column elementor-col-100 elementor-top-column elementor-element elementor-element-c52fb5b\" data-id=\"c52fb5b\" data-element_type=\"column\" data-e-type=\"column\">\n\t\t\t<div class=\"elementor-widget-wrap elementor-element-populated\">\n\t\t\t\t\t\t<div class=\"elementor-element elementor-element-e3899a0 elementor-widget elementor-widget-heading\" data-id=\"e3899a0\" data-element_type=\"widget\" data-e-type=\"widget\" data-widget_type=\"heading.default\">\n\t\t\t\t<div class=\"elementor-widget-container\">\n\t\t\t\t\t<h2 class=\"elementor-heading-title elementor-size-default\">Termini di servizio<\/h2>\t\t\t\t<\/div>\n\t\t\t\t<\/div>\n\t\t\t\t\t<\/div>\n\t\t<\/div>\n\t\t\t\t\t<\/div>\n\t\t<\/section>\n\t\t\t\t<section class=\"elementor-section elementor-top-section elementor-element elementor-element-2f6b0dc3 elementor-section-boxed elementor-section-height-default elementor-section-height-default\" data-id=\"2f6b0dc3\" data-element_type=\"section\" data-e-type=\"section\">\n\t\t\t\t\t\t<div class=\"elementor-container elementor-column-gap-default\">\n\t\t\t\t\t<div class=\"elementor-column elementor-col-100 elementor-top-column elementor-element elementor-element-6f586bdd\" data-id=\"6f586bdd\" data-element_type=\"column\" data-e-type=\"column\">\n\t\t\t<div class=\"elementor-widget-wrap elementor-element-populated\">\n\t\t\t\t\t\t<div class=\"elementor-element elementor-element-73b178c0 elementor-widget elementor-widget-text-editor\" data-id=\"73b178c0\" data-element_type=\"widget\" data-e-type=\"widget\" data-widget_type=\"text-editor.default\">\n\t\t\t\t<div class=\"elementor-widget-container\">\n\t\t\t\t\t\t\t\t\t<p style=\"text-align: start;\">Questi Termini di servizio (&#8220;Termini&#8221;) sono emessi da Elite Digital Services, LLC, una societ\u00e0 a responsabilit\u00e0 limitata del Delaware, con sede legale in 1111B S Governors Ave, STE 21653, Dover, DE 19904, USA (di seguito denominata &#8220;Verteco&#8221;, &#8220;noi&#8221;, &#8220;ci&#8221; o &#8220;nostro&#8221;). Questi Termini regolano l&#8217;accesso e l&#8217;utilizzo dei nostri servizi, inclusi, a titolo esemplificativo ma non esaustivo, il programma Verteco.shop Comparison Shopping Service (CSS), il nostro sito Web, gli strumenti e qualsiasi altra funzionalit\u00e0 da noi fornita (collettivamente denominati &#8220;Servizi&#8221;). <\/p>\n<p style=\"text-align: start;\">Accedendo o utilizzando i nostri Servizi, tu (&#8220;tu&#8221;, &#8220;tuo&#8221; o &#8220;Cliente&#8221;) riconosci di aver letto, compreso e accettato di essere legalmente vincolato da questi Termini. Se non accetti questi Termini, non devi utilizzare i nostri Servizi. <\/p>\n<p style=\"text-align: start;\">Verteco.shop fornisce un Comparison Shopping Service (CSS) specializzato progettato per ottimizzare l&#8217;efficacia degli annunci Google Shopping. Sfruttando un quadro giuridico, il nostro CSS consente agli inserzionisti di ottenere potenzialmente fino al 20% di riduzione dei costi pubblicitari passando dal CSS predefinito di Google alla nostra piattaforma. Questa transizione facilita una pubblicit\u00e0 pi\u00f9 conveniente attraverso tariffe CPC (costo per clic) migliorate. Offriamo una prova semplice e senza rischi che mantiene le impostazioni della campagna esistenti, garantendo sia la sicurezza dei dati sia la facilit\u00e0 di un successo pubblicitario continuo.   <\/p>\n<ol style=\"text-align: left;\">\n<li><strong>Accettazione dei termini<\/strong><\/li>\n<\/ol>\n<p style=\"text-align: left;\">Accedendo o utilizzando i nostri Servizi, riconosci di aver letto, compreso e accettato di essere legalmente vincolato da questi Termini e dalla nostra Informativa sulla privacy. Se non sei d&#8217;accordo con una qualsiasi parte di questi Termini, devi astenerti dall&#8217;accedere o utilizzare i nostri Servizi. <\/p>\n<ol style=\"text-align: left;\" start=\"2\">\n<li><strong>Ammissibilit\u00e0<\/strong><\/li>\n<\/ol>\n<p style=\"text-align: left;\">Devi avere almeno 18 anni per accedere o utilizzare i nostri Servizi. Accedendo o utilizzando i nostri Servizi, dichiari e garantisci di avere almeno 18 anni e di utilizzare i nostri Servizi esclusivamente per scopi imprenditoriali, commerciali o professionali. I nostri Servizi sono destinati esclusivamente a individui o entit\u00e0 che svolgono attivit\u00e0 commerciali. Se non soddisfi questi requisiti, ti \u00e8 vietato utilizzare i nostri Servizi.   <\/p>\n<ol style=\"text-align: left;\" start=\"3\">\n<li><strong>Registrazione del conto<\/strong><\/li>\n<\/ol>\n<p>Per accedere a determinate funzioni dei nostri Servizi, potrebbe essere necessario creare un account. Sei l&#8217;unico responsabile del mantenimento della riservatezza delle credenziali del tuo account, inclusi il tuo nome utente e la tua password, e di tutte le attivit\u00e0 che si verificano sotto il tuo account. Accetti di informarci tempestivamente di qualsiasi accesso o utilizzo non autorizzato del tuo account, o di qualsiasi altra violazione della sicurezza. Non siamo responsabili per alcuna perdita o danno derivante dalla tua mancata osservanza di questo obbligo di sicurezza.  <\/p>\n<ol style=\"text-align: left;\" start=\"4\">\n<li><strong>Prova gratuita<\/strong><\/li>\n<\/ol>\n<p>Offriamo una prova gratuita di 30 giorni per il nostro programma CSS, durante la quale non sono richieste informazioni sulla carta di credito o sul pagamento. Alla scadenza del periodo di prova, l&#8217;accesso continuato ai nostri Servizi richieder\u00e0 di selezionare un piano tariffario e di fornire informazioni di pagamento valide. La mancata osservanza di tali disposizioni comporter\u00e0 la sospensione dell&#8217;accesso ai Servizi. Continuando a utilizzare i nostri Servizi dopo la scadenza del periodo di prova gratuito, accetti di selezionare e abbonarti a un piano di servizi a pagamento e riconosci di essere obbligato a rispettare i termini di pagamento associati al piano scelto.   <\/p>\n<ol style=\"text-align: left;\" start=\"5\">\n<li><strong>Prezzi e pagamenti<\/strong><\/li>\n<\/ol>\n<p>I nostri piani tariffari sono disponibili sul nostro sito Web e offrono varie opzioni su misura per soddisfare esigenze diverse. I pagamenti sono dovuti su base mensile o annuale, a seconda del piano selezionato. In conformit\u00e0 con le comunicazioni individuali e a nostra discrezione, ci riserviamo il diritto di estendere offerte di sconti, bonus o altri incentivi promozionali. Tali offerte possono essere fornite caso per caso e non costituiscono un obbligo da parte nostra di estendere termini simili a qualsiasi altro cliente o in qualsiasi altro momento. Questi sconti e bonus sono forniti esclusivamente a nostra discrezione e possono essere soggetti a termini e condizioni aggiuntivi come specificato al momento dell&#8217;offerta. Tutte le commissioni non sono rimborsabili, salvo ove richiesto dalla legge applicabile.     <\/p>\n<\/p>\n<p>Gli obblighi di pagamento per i nostri Servizi iniziano 30 giorni dopo la data in cui il tuo passaggio dal Merchant Center (MC) al Comparison Shopping Service (CSS) di verteco.shop viene accettato. Ci\u00f2 significa che inizierai a sostenere costi per i Servizi a partire da 30 giorni dalla data di accettazione del passaggio del MC alla nostra piattaforma CSS. Il periodo di pagamento continuer\u00e0 ininterrottamente fino a quando il tuo Merchant Center non verr\u00e0 ufficialmente disconnesso dal CSS di verteco.shop.  <\/p>\n<p>Sei responsabile di garantire che il processo di disconnessione sia completato se scegli di terminare i Servizi. La mancata disconnessione corretta del tuo Merchant Center dal nostro CSS comporter\u00e0 la fatturazione continua e rimarrai responsabile di tutti gli addebiti sostenuti fino alla conclusione della disconnessione. <\/p>\n<p>Tutti i pagamenti sono dovuti in base al ciclo di fatturazione del piano tariffario selezionato, mensile o annuale. Le fatture saranno emesse di conseguenza e il pagamento completo deve essere ricevuto entro la data di scadenza specificata sulla fattura per evitare qualsiasi interruzione o sospensione dei Servizi. I pagamenti in ritardo possono comportare commissioni aggiuntive o interessi come consentito dalla legge e il mancato pagamento tempestivo persistente pu\u00f2 comportare la cessazione dell&#8217;accesso ai Servizi.  <\/p>\n<p>\u00c8 importante notare che, sebbene forniamo la piattaforma per il CSS, non abbiamo accesso ai tuoi account Google Ads o Google Merchant Center. Pertanto, sei l&#8217;unico responsabile della gestione di questi account, incluso l&#8217;avvio e la conferma di eventuali disconnessioni dalla nostra piattaforma CSS. <\/p>\n<p>Continuando a utilizzare i nostri Servizi dopo il periodo iniziale di 30 giorni successivo all&#8217;accettazione del passaggio MC, riconosci e accetti questi termini di pagamento. Comprendi che il pagamento \u00e8 dovuto come specificato nel presente documento e che sei obbligato ad adempiere a tutte le responsabilit\u00e0 di pagamento fino a quando i Servizi non saranno correttamente terminati in conformit\u00e0 con questi Termini. <\/p>\n<\/p>\n<p>Per evitare dubbi, mentre Elite Digital Services, LLC \u00e8 l&#8217;entit\u00e0 principale responsabile della fornitura di Servizi ai sensi dei presenti Termini, alcuni Servizi possono essere fatturati dalle nostre affiliate o sussidiarie, sia all&#8217;interno che all&#8217;esterno degli Stati Uniti, come ritenuto necessario per l&#8217;efficienza operativa. Nonostante tali accordi di fatturazione, Elite Digital Services, LLC rimane l&#8217;entit\u00e0 principale per quanto riguarda l&#8217;esecuzione complessiva dei Servizi e la conformit\u00e0 ai presenti Termini. <\/p>\n<p>Accettando questi Termini, acconsenti alla possibilit\u00e0 che le fatture possano essere emesse da entit\u00e0 diverse da Elite Digital Services, LLC, senza che ci\u00f2 influisca sui tuoi obblighi ai sensi di questi Termini. Tutte le entit\u00e0 di fatturazione saranno autorizzate da Elite Digital Services, LLC e agiranno per suo conto in relazione ai Servizi forniti. <\/p>\n<ol style=\"text-align: left;\" start=\"6\">\n<li><strong>Modifiche ai servizi e ai termini<\/strong><\/li>\n<\/ol>\n<p>Ci riserviamo il diritto di modificare i nostri Servizi o questi Termini in qualsiasi momento, a nostra esclusiva discrezione. In caso di modifiche sostanziali a questi Termini, ti informeremo pubblicando i Termini aggiornati sul nostro sito Web o tramite altri mezzi di comunicazione appropriati. Il tuo utilizzo continuato dei nostri Servizi dopo la notifica di tali modifiche costituisce la tua accettazione dei Termini rivisti. Se non sei d&#8217;accordo con i Termini modificati, devi interrompere immediatamente l&#8217;utilizzo dei Servizi.   <\/p>\n<ol style=\"text-align: left;\" start=\"7\">\n<li><strong>Terminazione<\/strong><\/li>\n<\/ol>\n<p>Entrambe le parti possono recedere dal presente Contratto in qualsiasi momento, per qualsiasi motivo, inviando una notifica scritta all&#8217;altra parte. Alla risoluzione, devi interrompere immediatamente qualsiasi utilizzo dei nostri Servizi e noi disabiliteremo tempestivamente il tuo accesso alla nostra piattaforma. La risoluzione del presente Contratto non esonera nessuna delle parti da obblighi o responsabilit\u00e0 maturati prima della data di risoluzione.  <\/p>\n<ol style=\"text-align: left;\" start=\"8\">\n<li><strong>Propriet\u00e0 intellettuale<\/strong><\/li>\n<\/ol>\n<p>Tutti i contenuti, i marchi commerciali e le altre propriet\u00e0 intellettuali associate ai nostri Servizi sono di esclusiva propriet\u00e0 di Verteco digital services o dei suoi licenziatari. \u00c8 vietato utilizzare, modificare, riprodurre, distribuire o altrimenti sfruttare qualsiasi nostra propriet\u00e0 intellettuale senza ottenere il nostro previo consenso scritto. L&#8217;uso non autorizzato della nostra propriet\u00e0 intellettuale pu\u00f2 comportare azioni legali.  <\/p>\n<ol style=\"text-align: left;\" start=\"9\">\n<li><strong>Esclusioni di responsabilit\u00e0 e limitazioni di responsabilit\u00e0<\/strong><\/li>\n<\/ol>\n<p>Utilizzando i nostri Servizi, riconosci e accetti che non abbiamo accesso ai tuoi account Google Ads o Google Merchant Center. Pertanto, sei l&#8217;unico responsabile delle tue azioni, decisioni ed eventuali errori od omissioni all&#8217;interno di questi account. Ci\u00f2 include eventuali danni potenziali, come perdita di profitti, dati o avviamento. Sebbene ci impegniamo a fornire servizi di alta qualit\u00e0, comprendi che non possiamo essere ritenuti responsabili per problemi derivanti dalle tue azioni o da circostanze al di fuori del nostro controllo. Ci si aspetta che tu gestisca i tuoi account con competenza, sapendo che non interverremo o vi accederemo per tuo conto.    <\/p>\n<ol style=\"text-align: left;\" start=\"10\">\n<li><strong>Legge applicabile e giurisdizione<\/strong><\/li>\n<\/ol>\n<p>Questi Termini sono disciplinati dalle leggi applicabili e ci impegniamo a rispettarle. Qualsiasi controversia derivante da o correlata a questi Termini o al tuo utilizzo dei nostri Servizi sar\u00e0 risolta esclusivamente nei tribunali situati nella giurisdizione della sede principale del fornitore di servizi. Utilizzando i nostri Servizi, accetti di sottoporti alla giurisdizione di questi tribunali per la risoluzione di tali controversie.  <\/p>\n<ol style=\"text-align: left;\" start=\"11\">\n<li><strong>Severit\u00e0<\/strong><\/li>\n<\/ol>\n<p>Se una qualsiasi parte di questi Termini dovesse risultare inapplicabile o non valida, quella parte specifica verr\u00e0 modificata o rimossa il meno possibile, in modo che il resto dei Termini continui a essere pienamente efficace e applicabile.<\/p>\n<ol style=\"text-align: left;\" start=\"12\">\n<li><strong>Intero accordo<\/strong><\/li>\n<\/ol>\n<p style=\"text-align: left;\">Le presenti Condizioni, unitamente alla nostra Informativa sulla privacy, costituiscono l&#8217;intero accordo tra l&#8217;utente e Verteco in merito all&#8217;utilizzo dei nostri Servizi, sostituendo qualsiasi accordo, comunicazione e proposta precedente o contemporanea, orale o scritta, tra l&#8217;utente e Verteco.<\/p>\n<p style=\"text-align: left;\">In caso di domande o dubbi sui presenti Termini o sui nostri Servizi, si prega di contattarci all&#8217;indirizzo e-mail: <a href=\"mailto:info@verteco.shop\">info@verteco.shop<\/a>.<\/p>\n<p style=\"text-align: left;\">\u00a9 Servizi digitali Elite, LLC<\/p>\n<p style=\"text-align: left;\">  Tutti i diritti riservati.<\/p>\n<p>Versione: 20. 08. 2024  <\/p>\n\t\t\t\t\t\t\t\t<\/div>\n\t\t\t\t<\/div>\n\t\t\t\t\t<\/div>\n\t\t<\/div>\n\t\t\t\t\t<\/div>\n\t\t<\/section>\n\t\t\t\t<\/div>\n\t\t","protected":false},"excerpt":{"rendered":"<p>Termini di servizio Questi Termini di servizio (&#8220;Termini&#8221;) sono emessi da Elite Digital Services, LLC, una societ\u00e0 a responsabilit\u00e0 limitata del Delaware, con sede legale in 1111B S Governors Ave, STE 21653, Dover, DE 19904, USA (di seguito denominata &#8220;Verteco&#8221;, &#8220;noi&#8221;, &#8220;ci&#8221; o &#8220;nostro&#8221;). Questi Termini regolano l&#8217;accesso e l&#8217;utilizzo dei nostri servizi, inclusi, a [&hellip;]<\/p>\n","protected":false},"author":1,"featured_media":0,"parent":0,"menu_order":0,"comment_status":"closed","ping_status":"closed","template":"","meta":{"footnotes":""},"class_list":["post-9975","page","type-page","status-publish","hentry"],"_links":{"self":[{"href":"https:\/\/verteco.shop\/it\/wp-json\/wp\/v2\/pages\/9975","targetHints":{"allow":["GET"]}}],"collection":[{"href":"https:\/\/verteco.shop\/it\/wp-json\/wp\/v2\/pages"}],"about":[{"href":"https:\/\/verteco.shop\/it\/wp-json\/wp\/v2\/types\/page"}],"author":[{"embeddable":true,"href":"https:\/\/verteco.shop\/it\/wp-json\/wp\/v2\/users\/1"}],"replies":[{"embeddable":true,"href":"https:\/\/verteco.shop\/it\/wp-json\/wp\/v2\/comments?post=9975"}],"version-history":[{"count":0,"href":"https:\/\/verteco.shop\/it\/wp-json\/wp\/v2\/pages\/9975\/revisions"}],"wp:attachment":[{"href":"https:\/\/verteco.shop\/it\/wp-json\/wp\/v2\/media?parent=9975"}],"curies":[{"name":"wp","href":"https:\/\/api.w.org\/{rel}","templated":true}]}}