{"id":23752,"date":"2024-07-03T20:41:50","date_gmt":"2024-07-03T18:41:50","guid":{"rendered":"https:\/\/verteco.shop\/tutto-quello-che-devi-sapere-sui-css\/"},"modified":"2024-07-03T20:52:41","modified_gmt":"2024-07-03T18:52:41","slug":"tutto-quello-che-devi-sapere-sui-css","status":"publish","type":"page","link":"https:\/\/verteco.shop\/it\/tutto-quello-che-devi-sapere-sui-css\/","title":{"rendered":"Tutto quello che devi sapere sui CSS"},"content":{"rendered":"\n<p>Se hai un negozio online o lavori per un&#8217;agenzia di marketing, probabilmente hai gi\u00e0 sentito parlare di CSS, il servizio di shopping comparativo di Google. Se gestisci gi\u00e0 campagne Google Ads, probabilmente hai familiarit\u00e0 con l&#8217;argomento. E se non hai mai sentito parlare di CSS, ora \u00e8 il momento di scoprire come pu\u00f2 aiutarti a promuovere la tua attivit\u00e0 in modo efficiente sul motore di ricerca di Google.<\/p>\n\n<h2 class=\"wp-block-heading\">Perch\u00e9 esistono i Servizi di shopping comparativo (CSS)?<\/h2>\n\n<p>Tutti noi ci siamo imbattuti in quei siti web speciali dove possiamo confrontare i prezzi dei prodotti di diversi negozi: questi tipi di siti sono chiamati portali di confronto dei prezzi. Probabilmente il portale pi\u00f9 conosciuto di questa categoria \u00e8 Google Shopping.<\/p>\n\n<p>Per inserire annunci Google Shopping (noti anche come &#8220;Annunci con scheda di prodotto&#8221;), i prodotti della tua azienda devono essere elencati su un portale di confronto dei prezzi (o su pi\u00f9 portali).<\/p>\n\n<p>Fino al 2017, Google deteneva il monopolio del proprio portale dei prezzi, Google Shopping, dove mostrava gli annunci di Google Shopping. Questa situazione \u00e8 stata ritenuta ingiusta e alcune aziende hanno deciso di intraprendere un&#8217;azione legale contro il famoso motore di ricerca. La posizione monopolistica di Google \u00e8 stata sanzionata dal tribunale, col risultato che Google ha perso la causa ed \u00e8 stata costretta dalla Commissione Europea a lanciare il programma CSS \u2013 Comparison Shopping Services.<\/p>\n\n<p>Non tutti i portali di confronto partecipano a questo programma. Il CSS deve essere appositamente certificato da Google e deve soddisfare requisiti specifici.<\/p>\n\n<p>Tutti i portali di confronto prezzi registrati nel programma Servizi di shopping comparativo di Google e a cui \u00e8 stato concesso lo stato di partner CSS possono inserire annunci di prodotti per i commercianti nei risultati di ricerca di Google.<\/p>\n\n<h2 class=\"wp-block-heading\">Qual \u00e8 la differenza con gli annunci a pagamento?<\/h2>\n\n<ul class=\"wp-block-list\">\n<li>Il margine di Google non viene pi\u00f9 detratto dal costo per clic (CPC).<\/li>\n\n\n\n<li>In fondo a tutti gli annunci sponsorizzati, invece di &#8220;By Google&#8221;, c&#8217;\u00e8 scritto &#8220;By XX&#8221;.<\/li>\n<\/ul>\n\n<h2 class=\"wp-block-heading\">Come puoi dire che il margine di Google esiste?<\/h2>\n\n<p>Ecco cosa dice Google riguardo al suo margine:<\/p>\n\n<p>Google non specifica esattamente a quanto ammonta il margine; pu\u00f2 essere calcolato solo empiricamente dopo il passaggio a un fornitore CSS in base ai risultati. Per esperienza, questo margine \u00e8 pari a circa il 20% del CPC. Si tratta del famoso sconto promosso dai partner della CSS.<\/p>\n\n<p>Perch\u00e9 non vedi direttamente nel tuo account che stai effettivamente pagando per il CSS di Google?<\/p>\n\n<p>Questa \u00e8 una decisione interna di Google. Il margine viene detratto dal costo per clic prima che la tua offerta entri nell&#8217;asta. Se utilizzi Google Shopping CSS (quello predefinito), la tua offerta effettiva \u00e8 inferiore di circa il 20% rispetto a quella di un commerciante che gi\u00e0 lavora con un altro portale CSS (non Google CSS) e, pertanto, \u00e8 presente con un&#8217;offerta superiore del 20% nel Asta di Google.<\/p>\n\n<p>Naturalmente, pagherai questo margine a Google Shopping solo se qualcuno fa clic sull&#8217;annuncio (in caso contrario, non verr\u00e0 addebitato alcun margine). Ma la tua offerta nell&#8217;asta di Google \u00e8 ancora inferiore di circa il 20% ogni volta.<\/p>\n\n<h2 class=\"wp-block-heading\">Un partner CSS addebita una tariffa per l&#8217;utilizzo del proprio CSS?<\/h2>\n\n<p>S\u00ec, molto spesso si tratta di un abbonamento mensile. Esistono centinaia di partner della CSS con un&#8217;ampia gamma di offerte. Molte agenzie scelgono di lavorare con un particolare fornitore di CSS e alcune hanno addirittura un proprio CSS (ad esempio, Verteco Digital, un&#8217;agenzia di marketing digitale, ha il proprio CSS \u2013 Verteco Shop).<\/p>\n\n<h2 class=\"wp-block-heading\">I dati nel feed andranno persi dopo la migrazione a un altro CSS? Roviner\u00e0 o cambier\u00e0 le mie campagne di marketing?<\/h2>\n\n<p>NO. La migrazione da un CSS all&#8217;altro avviene internamente tra il fornitore CSS e Google. Google &#8220;collega&#8221; il tuo account Merchant Center a un account CSS e il margine di Google non viene pi\u00f9 detratto dal CPC quando gli annunci partecipano all&#8217;asta. Se succede qualcosa ai dati (anche se non dovrebbe), \u00e8 colpa di Google, non del CSS.<\/p>\n\n<h2 class=\"wp-block-heading\">Google spinge verso il basso le campagne create utilizzando un CSS diverso?<\/h2>\n\n<p>No, Google non vuole finire di nuovo in tribunale ed essere penalizzato \ud83d\ude0a<\/p>\n\n<p>Quindi, tutto dipende da quanto bene gestisci le tue campagne di marketing. Con campagne poco mirate, nemmeno Google Shopping come CSS pu\u00f2 aiutare.<\/p>\n\n<h2 class=\"wp-block-heading\">Il margine di Google non verr\u00e0 pi\u00f9 addebitato. Cosa succede al mio budget?<\/h2>\n\n<p>Non pagherai pi\u00f9 il margine di Google, ma, ovviamente, Google non restituir\u00e0 il denaro al tuo budget pubblicitario. In realt\u00e0, la tua offerta \u00e8 automaticamente pi\u00f9 alta del 20% e puoi utilizzare il tuo budget per gli annunci Google in modo molto pi\u00f9 efficace. Sta a te decidere come gestire le tue campagne in modo che la tua strategia dia i suoi frutti. Puoi mantenere lo stesso budget e ottenere pi\u00f9 clic sull&#8217;annuncio oppure ridurre il costo per clic e mantenere gli stessi risultati spendendo meno.<\/p>\n\n<h2 class=\"wp-block-heading\">In quali paesi \u00e8 disponibile il programma Google CSS?<\/h2>\n\n<p>Il programma \u00e8 disponibile in 21 paesi all&#8217;interno e all&#8217;esterno dell&#8217;UE: Germania, Austria, Svizzera, Grecia, Ungheria, Irlanda, Italia, Paesi Bassi, Norvegia, Belgio, Repubblica Ceca, Danimarca, Finlandia, Francia, Polonia, Portogallo, Romania, Slovacchia, Spagna, Svezia e Regno Unito. Quindi, essenzialmente, i paesi dell\u2019UE, il Regno Unito e la Svizzera.<\/p>\n\n<h2 class=\"wp-block-heading\">Come puoi utilizzare contemporaneamente un CSS esterno e un CSS Google?<\/h2>\n\n<p>Puoi utilizzare due account Merchant Center. Il primo account \u00e8 collegato a Google Shopping. Il secondo \u2013 a un CSS esterno.<\/p>\n\n<h2 class=\"wp-block-heading\">Quanti CSS puoi utilizzare contemporaneamente?<\/h2>\n\n<p>Quanti ne vuoi.<\/p>\n\n<h2 class=\"wp-block-heading\">Che succede?<\/h2>\n\n<p>Niente di buono. Se utilizzi pi\u00f9 CSS contemporaneamente, non otterrai una copertura maggiore perch\u00e9 Google impedisce pi\u00f9 elenchi degli annunci di un fornitore.<\/p>\n\n<p>Dal punto di vista delle prestazioni, questo non \u00e8 consigliato. Non ci sono vantaggi; infatti, ci sono anche alcuni svantaggi come la cannibalizzazione dei propri annunci e il risultato complessivo pi\u00f9 debole.<\/p>\n\n<h2 class=\"wp-block-heading\">In che cosa i fornitori CSS si differenziano gli uni dagli altri?<\/h2>\n\n<p>Esistono tre categorie di CSS:<\/p>\n\n<ul class=\"wp-block-list\">\n<li>Partecipante<\/li>\n\n\n\n<li>Socio della CSS<\/li>\n\n\n\n<li>Partner CSS Premium<\/li>\n<\/ul>\n\n<p>Un partner Premium CSS ha pi\u00f9 commercianti registrati come clienti (solo in termini numerici). Ma non \u00e8 sempre un vantaggio. Un fornitore CSS con centinaia di clienti esterni a te non sar\u00e0 in grado di gestirti in modo efficiente e non fornir\u00e0 un supporto adeguato, soprattutto nella tua lingua madre. Verteco offre supporto personalizzato a tutti i paesi che partecipano al programma Verteco Shop, con manager appositamente assegnati, madrelingua, che offrono supporto e assistenza in modo efficiente.<\/p>\n\n<p>Tecnicamente non esiste alcuna differenza tra Partecipante, Partner CSS e Partner CSS Premium. Per nessuno di essi viene addebitato il margine di Google. Ma un CSS pu\u00f2 offrirti servizi aggiuntivi o gestire le tue campagne pubblicitarie.<\/p>\n\n<p>\u00c8 bene pensare a cosa ti serve esattamente e quanto costa. Non ha senso pagare i servizi solo perch\u00e9 vengono offerti da un fornitore grande e noto, ma anche molto costoso sul mercato. Praticamente tutti i CSS esterni offrono esattamente la stessa cosa. Le dimensioni e l&#8217;et\u00e0 dell&#8217;azienda garantiscono servizi di qualit\u00e0 superiore. Tecnicamente, tutti i CSS sono uguali; le differenze sono solo estetiche, nel design, non nella funzionalit\u00e0.<\/p>\n\n<h2 class=\"wp-block-heading\">Conclusione<\/h2>\n\n<p>I fornitori di CSS di Google offrono ai commercianti un vantaggio nelle offerte rispetto ai concorrenti che non utilizzano ancora CSS esterni (ad eccezione dello stesso CSS di Google Shopping). \u00c8 opportuno scegliere un CSS di cui si hanno tutte le informazioni necessarie e si pu\u00f2 testare poich\u00e9 Verteco, ad esempio, offre la possibilit\u00e0 di utilizzarlo gratuitamente per un mese.<\/p>\n","protected":false},"excerpt":{"rendered":"<p>Se hai un negozio online o lavori per un&#8217;agenzia di marketing, probabilmente hai gi\u00e0 sentito parlare di CSS, il servizio di shopping comparativo di Google. Se gestisci gi\u00e0 campagne Google Ads, probabilmente hai familiarit\u00e0 con l&#8217;argomento. E se non hai mai sentito parlare di CSS, ora \u00e8 il momento di scoprire come pu\u00f2 aiutarti a [&hellip;]<\/p>\n","protected":false},"author":1,"featured_media":0,"parent":0,"menu_order":0,"comment_status":"closed","ping_status":"closed","template":"","meta":{"footnotes":""},"class_list":["post-23752","page","type-page","status-publish","hentry"],"_links":{"self":[{"href":"https:\/\/verteco.shop\/it\/wp-json\/wp\/v2\/pages\/23752","targetHints":{"allow":["GET"]}}],"collection":[{"href":"https:\/\/verteco.shop\/it\/wp-json\/wp\/v2\/pages"}],"about":[{"href":"https:\/\/verteco.shop\/it\/wp-json\/wp\/v2\/types\/page"}],"author":[{"embeddable":true,"href":"https:\/\/verteco.shop\/it\/wp-json\/wp\/v2\/users\/1"}],"replies":[{"embeddable":true,"href":"https:\/\/verteco.shop\/it\/wp-json\/wp\/v2\/comments?post=23752"}],"version-history":[{"count":0,"href":"https:\/\/verteco.shop\/it\/wp-json\/wp\/v2\/pages\/23752\/revisions"}],"wp:attachment":[{"href":"https:\/\/verteco.shop\/it\/wp-json\/wp\/v2\/media?parent=23752"}],"curies":[{"name":"wp","href":"https:\/\/api.w.org\/{rel}","templated":true}]}}