{"id":15284,"date":"2023-05-18T23:08:19","date_gmt":"2023-05-18T21:08:19","guid":{"rendered":"https:\/\/verteco.shop\/politica-sulla-riservatezza"},"modified":"2024-08-20T18:56:28","modified_gmt":"2024-08-20T16:56:28","slug":"politica-sulla-riservatezza","status":"publish","type":"page","link":"https:\/\/verteco.shop\/it\/politica-sulla-riservatezza\/","title":{"rendered":"Informativa privacy"},"content":{"rendered":"\t\t<div data-elementor-type=\"wp-page\" data-elementor-id=\"15284\" class=\"elementor elementor-15284 elementor-7044\" data-elementor-post-type=\"page\">\n\t\t\t\t\t\t<section class=\"elementor-section elementor-top-section elementor-element elementor-element-20c115e2 elementor-section-boxed elementor-section-height-default elementor-section-height-default\" data-id=\"20c115e2\" data-element_type=\"section\" data-e-type=\"section\">\n\t\t\t\t\t\t<div class=\"elementor-container elementor-column-gap-default\">\n\t\t\t\t\t<div class=\"elementor-column elementor-col-100 elementor-top-column elementor-element elementor-element-7140ffb9\" data-id=\"7140ffb9\" data-element_type=\"column\" data-e-type=\"column\">\n\t\t\t<div class=\"elementor-widget-wrap elementor-element-populated\">\n\t\t\t\t\t\t<div class=\"elementor-element elementor-element-d8fbd51 elementor-widget elementor-widget-heading\" data-id=\"d8fbd51\" data-element_type=\"widget\" data-e-type=\"widget\" data-widget_type=\"heading.default\">\n\t\t\t\t<div class=\"elementor-widget-container\">\n\t\t\t\t\t<h2 class=\"elementor-heading-title elementor-size-default\">Informativa privacy<\/h2>\t\t\t\t<\/div>\n\t\t\t\t<\/div>\n\t\t\t\t\t<\/div>\n\t\t<\/div>\n\t\t\t\t\t<\/div>\n\t\t<\/section>\n\t\t\t\t<section class=\"elementor-section elementor-top-section elementor-element elementor-element-47743373 elementor-section-boxed elementor-section-height-default elementor-section-height-default\" data-id=\"47743373\" data-element_type=\"section\" data-e-type=\"section\">\n\t\t\t\t\t\t<div class=\"elementor-container elementor-column-gap-default\">\n\t\t\t\t\t<div class=\"elementor-column elementor-col-100 elementor-top-column elementor-element elementor-element-54aab426\" data-id=\"54aab426\" data-element_type=\"column\" data-e-type=\"column\">\n\t\t\t<div class=\"elementor-widget-wrap elementor-element-populated\">\n\t\t\t\t\t\t<div class=\"elementor-element elementor-element-369420f6 elementor-widget elementor-widget-text-editor\" data-id=\"369420f6\" data-element_type=\"widget\" data-e-type=\"widget\" data-widget_type=\"text-editor.default\">\n\t\t\t\t<div class=\"elementor-widget-container\">\n\t\t\t\t\t\t\t\t\t<p>ai sensi dell&#8217;art. 19 e segg. della legge n. 18\/2018 Coll.  sulla protezione dei dati personali e sulle modifiche e integrazioni di alcune leggi, come successivamente modificate, ai sensi degli articoli 13 e 14 del Regolamento (UE) 2016\/679 del Parlamento Europeo e del Consiglio, del 27 aprile 2016, sulla protezione dei dati personali. persone fisiche con riguardo al trattamento dei dati personali, nonch\u00e9 alla libera circolazione di tali dati, e che abroga la direttiva 95\/46\/CE (Regolamento generale sulla protezione dei dati) (di seguito \u201cGDPR\u201d).<\/p>\n<p>Ai sensi di quanto previsto dagli artt. 19 e ss. della legge n. 18\/2018 Coll. sulla protezione dei dati personali e successive modifiche (di seguito denominata &#8220;Legge sulla protezione dei dati personali&#8221;), con la presente forniamo all&#8217;interessato le seguenti informazioni sul trattamento dei suoi dati personali.  <\/p>\n<p><strong>Titolare del trattamento:<\/strong><br \/> Il titolare del trattamento \u00e8 la societ\u00e0 <strong>Elite Digital Services<\/strong> , con sede legale in 1111B S Governors Ave, STE 21653, Dover, DE 19904, USA, rappresentata da: Norman Bytri\u010dan (di seguito denominato &#8220;Titolare del trattamento&#8221;).<\/p>\n<p>Dettagli del contatto:<\/p>\n<p><strong>  E-mail: info@verteco.shop<br \/> Telefono: +32 480 20 46 99<\/strong><\/p>\n<p><strong>Accesso ai dati personali:<\/strong><\/p>\n<p>Nel trattamento dei dati personali, oltre al Titolare e alle societ\u00e0 collegate a Elite Digital Services, LLC, e ai loro dipendenti, possono avere accesso ai dati personali anche altre persone che trattano i dati personali in qualit\u00e0 di responsabili del trattamento. Un elenco specifico e costantemente aggiornato dei responsabili del trattamento, ovvero dei destinatari dei dati personali trattati per conto del Titolare, nelle seguenti categorie: <\/p>\n<p>\u2022 Aziende che forniscono servizi di marketing<br \/> \u2022 Aziende che forniscono servizi di contabilit\u00e0 e paghe<br \/> \u2022 Societ\u00e0 che forniscono servizi di audit interno ed esterno<\/p>\n<p><strong><br \/>Basi legali:<\/strong><\/p>\n<p>La base giuridica per il trattamento dei dati personali \u00e8, di norma, l&#8217;adempimento degli obblighi legali (in particolare la legge n. 18\/2018 Coll. sulla protezione dei dati personali), la conclusione, l&#8217;amministrazione e l&#8217;adempimento degli obblighi contrattuali derivanti da contratti di lavoro e commerciali, il legittimo interesse, ossia la tutela dei diritti e degli interessi del Titolare e dei suoi dipendenti tutelati dal diritto, nonch\u00e9 il consenso dell&#8217;interessato (principalmente per finalit\u00e0 di marketing, concorsi, eventi sociali , eccetera.). Il consenso al trattamento dei dati personali deve essere prestato volontariamente e l&#8217;interessato pu\u00f2 revocare il consenso in qualsiasi momento. Tuttavia, il consenso \u00e8 necessario affinch\u00e9 il Titolare possa garantire, ad esempio, eventi aziendali e simili e senza tale consenso il Titolare non \u00e8 autorizzato a fornire i servizi in questione. Se l\u2019interessato rifiuta di fornire al Titolare i dati personali necessari per adempiere agli obblighi contrattuali del Titolare o per adempiere alla legge, il Titolare non \u00e8 obbligato a concludere un contratto o a fornire altri servizi.   <\/p>\n<p><strong><br \/>Dati personali trattati:<\/strong><\/p>\n<p>Raccogliamo il nome, l&#8217;e-mail, l&#8217;indirizzo di spedizione e fatturazione, i dettagli di pagamento, il nome dell&#8217;azienda, il numero di telefono, l&#8217;indirizzo IP, le informazioni sugli ordini che avvii, le informazioni sui negozi dei commercianti supportati da Elite Digital Services che visiti e le informazioni sul dispositivo e sul browser che utilizzi. Raccogliamo queste informazioni quando utilizzi o accedi a un negozio che utilizza i nostri servizi, ad esempio quando visiti il sito di un commerciante, effettui un ordine o ti registri per un account sul sito di un commerciante. Quando visiti o navighi sul sito Web dei servizi CSS di verteco.shop, raccogliamo informazioni sul dispositivo e sul browser che utilizzi, sulla tua connessione di rete, sul tuo indirizzo IP e sulle informazioni sui cookie installati sul tuo dispositivo. Raccogliamo anche informazioni personali inviate da te tramite qualsiasi funzione di messaggistica disponibile sul nostro sito Web. Dagli utenti del forum, raccogliamo il tuo nome, indirizzo e-mail, URL del sito Web e altre informazioni personali che potresti pubblicare.    <\/p>\n<p><strong><br \/>Finalit\u00e0 del trattamento e condivisione:<\/strong><\/p>\n<p>Utilizziamo queste informazioni per fornire ai nostri commercianti i servizi, tra cui supporto ed elaborazione degli ordini, autenticazione e pagamenti. Utilizziamo queste informazioni anche per migliorare i nostri servizi. Elite Digital Services, LLC, collabora anche con terze parti e fornitori di servizi per aiutare a fornire ai nostri commercianti i servizi e potremmo condividere con loro informazioni personali per supportare questi sforzi. Potremmo anche condividere le tue informazioni nelle seguenti circostanze:   <\/p>\n<ul>\n<li>per prevenire, indagare o intraprendere azioni riguardanti attivit\u00e0 illegali, sospette frodi, situazioni che comportano potenziali minacce alla sicurezza fisica di qualsiasi persona, violazioni dei nostri Termini di utilizzo o di qualsiasi altro accordo relativo ai servizi, o come altrimenti richiesto da legge.<\/li>\n<li>Se il commerciante di cui visiti o accedi ci indica di trasferire queste informazioni (ad esempio, se abilita un&#8217;app di terze parti che accede alle informazioni personali del cliente).<\/li>\n<li>per conformarsi a requisiti legali o per rispondere a ordini giudiziari legittimi, citazioni in giudizio, mandati o altre richieste da parte delle autorit\u00e0 pubbliche (anche per soddisfare requisiti di sicurezza nazionale o di applicazione della legge).<\/li>\n<\/ul>\n<p>Le informazioni personali possono anche essere condivise con un&#8217;azienda che acquisisce la nostra attivit\u00e0 o l&#8217;attivit\u00e0 di un commerciante di cui visiti o accedi al negozio, sia attraverso fusione, acquisizione, fallimento, scioglimento, riorganizzazione o altra transazione o procedimento simile.<\/p>\n<p><strong><br \/>Conservazione dei dati personali e durata del trattamento:<\/strong><\/p>\n<p>Il Titolare \u00e8 autorizzato a trattare i dati personali degli interessati per un periodo di tempo determinato in conformit\u00e0 alla normativa pertinente. Il trattamento dei dati personali in base al consenso \u00e8 possibile solo per il periodo per il quale \u00e8 stato concesso il consenso. Il consenso \u00e8 concesso al Titolare per i successivi tre (3) anni o fino al momento della revoca del consenso. Alla scadenza del periodo pertinente, i dati personali saranno cancellati se la loro conservazione non \u00e8 richiesta ai sensi della normativa pertinente.   <\/p>\n<p><strong><br \/>Diritti degli interessati rispetto al trattamento dei dati personali:<\/strong><\/p>\n<p>In relazione al trattamento dei dati personali, gli interessati possono esercitare i seguenti diritti:<\/p>\n<ul>\n<li>il diritto di accedere e ottenere informazioni sui propri dati personali;<\/li>\n<li>il diritto alla rettifica dei dati personali;<\/li>\n<li>il diritto alla cancellazione dei dati personali;<\/li>\n<li>il diritto alla limitazione del trattamento dei dati personali<\/li>\n<li>il diritto alla portabilit\u00e0 dei dati personali;<\/li>\n<li>il diritto di opporsi al trattamento dei dati personali;<\/li>\n<li>il diritto all\u2019inefficacia del processo decisionale individuale automatizzato, compresa la profilazione;<\/li>\n<li>il diritto di revocare il consenso in qualsiasi momento (se il consenso costituisce la base giuridica del trattamento);<\/li>\n<li>il diritto di presentare un&#8217;istanza per avviare un procedimento ai sensi degli articoli 100 e seguenti della legge sulla protezione dei dati personali presso l&#8217;autorit\u00e0 di controllo. <\/li>\n<\/ul>\n<p>Gli interessati possono esercitare i diritti di cui sopra, che sono ulteriormente specificati nelle disposizioni dell&#8217;articolo 21 e seguenti della legge sulla protezione dei dati personali, in conformit\u00e0 con la legge sulla protezione dei dati personali e il GDPR nonch\u00e9 con altre normative pertinenti. Gli interessati possono esercitare i propri diritti nei confronti del Titolare mediante richiesta scritta inviata o consegnata presso la sede legale del Titolare o tramite posta elettronica inviata all&#8217;indirizzo: info@verteco.shop<br \/> La richiesta deve contenere le seguenti informazioni: nome, cognome, data di nascita e indirizzo permanente in modo che il Titolare sia in grado di identificare l&#8217;interessato. Il Titolare pu\u00f2 richiedere la fornitura di ulteriori informazioni necessarie per verificare l&#8217;identit\u00e0 dell&#8217;interessato se ha ragionevoli dubbi sull&#8217;identit\u00e0 della persona fisica. Il Titolare \u00e8 tenuto a fornire all&#8217;interessato informazioni sulle misure adottate su sua richiesta entro un (1) mese dal ricevimento della richiesta. In casi giustificati, in relazione alla complessit\u00e0 e al numero delle richieste, il Titolare pu\u00f2 prorogare il termine di cui sopra di ulteriori due (2) mesi, anche ripetutamente. Il Titolare \u00e8 tenuto a informare l&#8217;interessato di tale eventuale proroga entro un (1) mese dal ricevimento della richiesta, indicando i motivi della proroga del termine. Se l&#8217;interessato ha presentato la richiesta in formato elettronico, il Titolare fornir\u00e0 le informazioni in formato elettronico, a meno che l&#8217;interessato non abbia richiesto le informazioni in altro modo. Se il Titolare del trattamento non adotta misure su richiesta dell&#8217;interessato, \u00e8 tenuto a informare l&#8217;interessato sui motivi della mancata azione entro un (1) mese dal ricevimento della richiesta nonch\u00e9 sulla possibilit\u00e0 di presentare un&#8217;istanza per avviare un procedimento ai sensi dell&#8217;articolo 100 della legge sulla protezione dei dati personali presso l&#8217;Ufficio per la protezione dei dati personali. Le notifiche delle misure adottate sono fornite gratuitamente. Se la richiesta dell&#8217;interessato \u00e8 manifestamente infondata o inappropriata, in particolare per la sua natura ricorrente, il Titolare del trattamento pu\u00f2 richiedere un contributo ragionevole tenendo conto dei costi amministrativi per fornire le informazioni, o un contributo ragionevole tenendo conto dei costi amministrativi della notifica, o un contributo ragionevole tenendo conto dei costi amministrativi per attuare la misura richiesta, o rifiutare di dare seguito alla richiesta. Il Titolare del trattamento deve dimostrare che la richiesta \u00e8 infondata o inappropriata.           <\/p>\n<p>Elite Digital Services, LLC, comprende che hai dei diritti sulle tue informazioni personali e adotta misure ragionevoli per consentirti di accedere, correggere, modificare, eliminare, trasferire o limitare l&#8217;uso delle tue informazioni personali. Se sei un commerciante o un partner, puoi aggiornare molti tipi di informazioni personali, come le informazioni di pagamento o di contatto, direttamente nelle impostazioni del tuo account. Se non riesci a modificare le tue informazioni personali nelle impostazioni del tuo account o se sei preoccupato per i dati raccolti quando visiti il sito Web di Elite Digital Services, LLC o utilizzi i nostri servizi di supporto, ti preghiamo di contattarci per apportare le modifiche richieste. \u00c8 importante ricordare che se elimini o limiti l&#8217;uso delle tue informazioni personali, i servizi potrebbero non funzionare correttamente.   <\/p>\n\t\t\t\t\t\t\t\t<\/div>\n\t\t\t\t<\/div>\n\t\t\t\t\t<\/div>\n\t\t<\/div>\n\t\t\t\t\t<\/div>\n\t\t<\/section>\n\t\t\t\t<\/div>\n\t\t","protected":false},"excerpt":{"rendered":"<p>Informativa privacy ai sensi dell&#8217;art. 19 e segg. della legge n. 18\/2018 Coll. sulla protezione dei dati personali e sulle modifiche e integrazioni di alcune leggi, come successivamente modificate, ai sensi degli articoli 13 e 14 del Regolamento (UE) 2016\/679 del Parlamento Europeo e del Consiglio, del 27 aprile 2016, sulla protezione dei dati personali. [&hellip;]<\/p>\n","protected":false},"author":1,"featured_media":0,"parent":0,"menu_order":0,"comment_status":"closed","ping_status":"closed","template":"","meta":{"footnotes":""},"class_list":["post-15284","page","type-page","status-publish","hentry"],"_links":{"self":[{"href":"https:\/\/verteco.shop\/it\/wp-json\/wp\/v2\/pages\/15284","targetHints":{"allow":["GET"]}}],"collection":[{"href":"https:\/\/verteco.shop\/it\/wp-json\/wp\/v2\/pages"}],"about":[{"href":"https:\/\/verteco.shop\/it\/wp-json\/wp\/v2\/types\/page"}],"author":[{"embeddable":true,"href":"https:\/\/verteco.shop\/it\/wp-json\/wp\/v2\/users\/1"}],"replies":[{"embeddable":true,"href":"https:\/\/verteco.shop\/it\/wp-json\/wp\/v2\/comments?post=15284"}],"version-history":[{"count":0,"href":"https:\/\/verteco.shop\/it\/wp-json\/wp\/v2\/pages\/15284\/revisions"}],"wp:attachment":[{"href":"https:\/\/verteco.shop\/it\/wp-json\/wp\/v2\/media?parent=15284"}],"curies":[{"name":"wp","href":"https:\/\/api.w.org\/{rel}","templated":true}]}}