{"id":9967,"date":"2023-05-18T23:08:13","date_gmt":"2023-05-18T21:08:13","guid":{"rendered":"https:\/\/verteco.shop\/szolgaltatasi-feltetelek\/"},"modified":"2024-11-06T14:59:14","modified_gmt":"2024-11-06T12:59:14","slug":"szolgaltatasi-feltetelek","status":"publish","type":"page","link":"https:\/\/verteco.shop\/hu\/szolgaltatasi-feltetelek\/","title":{"rendered":"Szolg\u00e1ltat\u00e1si felt\u00e9telek"},"content":{"rendered":"\t\t<div data-elementor-type=\"wp-page\" data-elementor-id=\"9967\" class=\"elementor elementor-9967 elementor-7045\" data-elementor-post-type=\"page\">\n\t\t\t\t\t\t<section class=\"elementor-section elementor-top-section elementor-element elementor-element-2140112 elementor-section-boxed elementor-section-height-default elementor-section-height-default\" data-id=\"2140112\" data-element_type=\"section\" data-e-type=\"section\">\n\t\t\t\t\t\t<div class=\"elementor-container elementor-column-gap-default\">\n\t\t\t\t\t<div class=\"elementor-column elementor-col-100 elementor-top-column elementor-element elementor-element-c52fb5b\" data-id=\"c52fb5b\" data-element_type=\"column\" data-e-type=\"column\">\n\t\t\t<div class=\"elementor-widget-wrap elementor-element-populated\">\n\t\t\t\t\t\t<div class=\"elementor-element elementor-element-e3899a0 elementor-widget elementor-widget-heading\" data-id=\"e3899a0\" data-element_type=\"widget\" data-e-type=\"widget\" data-widget_type=\"heading.default\">\n\t\t\t\t<div class=\"elementor-widget-container\">\n\t\t\t\t\t<h2 class=\"elementor-heading-title elementor-size-default\">Szolg\u00e1ltat\u00e1si felt\u00e9telek<\/h2>\t\t\t\t<\/div>\n\t\t\t\t<\/div>\n\t\t\t\t\t<\/div>\n\t\t<\/div>\n\t\t\t\t\t<\/div>\n\t\t<\/section>\n\t\t\t\t<section class=\"elementor-section elementor-top-section elementor-element elementor-element-2f6b0dc3 elementor-section-boxed elementor-section-height-default elementor-section-height-default\" data-id=\"2f6b0dc3\" data-element_type=\"section\" data-e-type=\"section\">\n\t\t\t\t\t\t<div class=\"elementor-container elementor-column-gap-default\">\n\t\t\t\t\t<div class=\"elementor-column elementor-col-100 elementor-top-column elementor-element elementor-element-6f586bdd\" data-id=\"6f586bdd\" data-element_type=\"column\" data-e-type=\"column\">\n\t\t\t<div class=\"elementor-widget-wrap elementor-element-populated\">\n\t\t\t\t\t\t<div class=\"elementor-element elementor-element-73b178c0 elementor-widget elementor-widget-text-editor\" data-id=\"73b178c0\" data-element_type=\"widget\" data-e-type=\"widget\" data-widget_type=\"text-editor.default\">\n\t\t\t\t<div class=\"elementor-widget-container\">\n\t\t\t\t\t\t\t\t\t<p style=\"text-align: start;\">A jelen Szolg\u00e1ltat\u00e1si felt\u00e9teleket (&#8222;Felt\u00e9telek&#8221;) az Elite Digital Services, LLC, egy Delaware-i Korl\u00e1tolt Felel\u0151ss\u00e9g\u0171 T\u00e1rsas\u00e1g bocs\u00e1tja ki, sz\u00e9khelye: 1111B S Governors Ave, STE 21653, Dover, DE 19904, USA (a tov\u00e1bbiakban: &#8222;Verteco&#8221;). \u201d, \u201emi\u201d, \u201emi\u201d vagy \u201emieink\u201d). Ezek a felt\u00e9telek szab\u00e1lyozz\u00e1k a szolg\u00e1ltat\u00e1sainkhoz val\u00f3 hozz\u00e1f\u00e9r\u00e9st \u00e9s azok haszn\u00e1lat\u00e1t, bele\u00e9rtve, de nem kiz\u00e1r\u00f3lagosan a Verteco.shop Comparison Shopping Service (CSS) programot, a webhely\u00fcnket, az eszk\u00f6zeinket \u00e9s az \u00e1ltalunk biztos\u00edtott egy\u00e9b funkci\u00f3kat (egy\u00fcttesen: &#8221; Szolg\u00e1ltat\u00e1sok\u201d). <\/p>\n<p style=\"text-align: start;\">Szolg\u00e1ltat\u00e1sainkhoz val\u00f3 hozz\u00e1f\u00e9r\u00e9ssel vagy haszn\u00e1lat\u00e1val \u00d6n (\u201e\u00d6n\u201d, \u201e\u00d6n\u201d vagy \u201e\u00dcgyf\u00e9l\u201d) elismeri, hogy elolvasta, meg\u00e9rtette a jelen Felt\u00e9teleket, \u00e9s mag\u00e1ra n\u00e9zve k\u00f6telez\u0151nek ismeri el. Ha nem fogadja el ezeket a felt\u00e9teleket, nem haszn\u00e1lhatja Szolg\u00e1ltat\u00e1sainkat. <\/p>\n<p style=\"text-align: start;\">A Verteco.shop speci\u00e1lis \u00d6sszehasonl\u00edt\u00f3 v\u00e1s\u00e1rl\u00e1si szolg\u00e1ltat\u00e1st (CSS) biztos\u00edt, amelyet a Google Shopping-hirdet\u00e9sek hat\u00e9konys\u00e1g\u00e1nak optimaliz\u00e1l\u00e1s\u00e1ra terveztek. A jogi keretet kihaszn\u00e1lva CSS-\u00fcnk lehet\u0151v\u00e9 teszi a hirdet\u0151k sz\u00e1m\u00e1ra, hogy ak\u00e1r 20%-kal cs\u00f6kkents\u00e9k hirdet\u00e9si k\u00f6lts\u00e9geiket, ha a Google alap\u00e9rtelmezett CSS-j\u00e9r\u0151l a mi platformunkra t\u00e9rnek \u00e1t. Ez az \u00e1t\u00e1ll\u00e1s k\u00f6lts\u00e9ghat\u00e9konyabb hirdet\u00e9st tesz lehet\u0151v\u00e9 a megn\u00f6velt kattint\u00e1sonk\u00e9nti k\u00f6lts\u00e9g (CPC) ar\u00e1nyon kereszt\u00fcl. Egyszer\u0171, kock\u00e1zatmentes pr\u00f3baverzi\u00f3t k\u00edn\u00e1lunk, amely fenntartja megl\u00e9v\u0151 kamp\u00e1nybe\u00e1ll\u00edt\u00e1sait, \u00edgy biztos\u00edtva az adatbiztons\u00e1got \u00e9s a folyamatos hirdet\u00e9si sikerek egyszer\u0171s\u00e9g\u00e9t.   <\/p>\n<ol style=\"text-align: left;\">\n<li><strong>A felt\u00e9telek elfogad\u00e1sa<\/strong><\/li>\n<\/ol>\n<p style=\"text-align: left;\">Szolg\u00e1ltat\u00e1sainkhoz val\u00f3 hozz\u00e1f\u00e9r\u00e9ssel vagy haszn\u00e1lat\u00e1val \u00d6n tudom\u00e1sul veszi, hogy elolvasta, meg\u00e9rtette \u00e9s mag\u00e1ra n\u00e9zve k\u00f6telez\u0151nek ismeri el a jelen Felt\u00e9teleket \u00e9s az Adatv\u00e9delmi szab\u00e1lyzatunkat. Ha nem \u00e9rt egyet a jelen Felt\u00e9telek b\u00e1rmely r\u00e9sz\u00e9vel, tart\u00f3zkodnia kell Szolg\u00e1ltat\u00e1saink el\u00e9r\u00e9s\u00e9t\u0151l vagy haszn\u00e1lat\u00e1t\u00f3l. <\/p>\n<ol style=\"text-align: left;\" start=\"2\">\n<li><strong>T\u00e1mogathat\u00f3s\u00e1g<\/strong><\/li>\n<\/ol>\n<p style=\"text-align: left;\">Szolg\u00e1ltat\u00e1saink el\u00e9r\u00e9s\u00e9hez vagy haszn\u00e1lat\u00e1hoz legal\u00e1bb 18 \u00e9vesnek kell lennie. Szolg\u00e1ltat\u00e1saink el\u00e9r\u00e9s\u00e9vel vagy haszn\u00e1lat\u00e1val \u00d6n kijelenti \u00e9s szavatolja, hogy legal\u00e1bb 18 \u00e9ves, \u00e9s szolg\u00e1ltat\u00e1sainkat kiz\u00e1r\u00f3lag v\u00e1llalkoz\u00f3i, \u00fczleti vagy szakmai c\u00e9lokra haszn\u00e1lja. Szolg\u00e1ltat\u00e1saink kiz\u00e1r\u00f3lag \u00fczleti tev\u00e9kenys\u00e9get folytat\u00f3 mag\u00e1nszem\u00e9lyek vagy jogi szem\u00e9lyek sz\u00e1m\u00e1ra k\u00e9sz\u00fcltek. Ha nem felel meg ezeknek a k\u00f6vetelm\u00e9nyeknek, tilos Szolg\u00e1ltat\u00e1sainkat haszn\u00e1lni.   <\/p>\n<ol style=\"text-align: left;\" start=\"3\">\n<li><strong>Sz\u00e1mla regisztr\u00e1ci\u00f3<\/strong><\/li>\n<\/ol>\n<p>Szolg\u00e1ltat\u00e1saink bizonyos funkci\u00f3inak el\u00e9r\u00e9s\u00e9hez sz\u00fcks\u00e9g lehet egy fi\u00f3k l\u00e9trehoz\u00e1s\u00e1ra. Kiz\u00e1r\u00f3lag \u00d6n felel\u0151s a fi\u00f3k hiteles\u00edt\u0151 adatainak bizalmas kezel\u00e9s\u00e9\u00e9rt, bele\u00e9rtve a felhaszn\u00e1l\u00f3nev\u00e9t \u00e9s jelszav\u00e1t, valamint a fi\u00f3kja alatt v\u00e9gzett \u00f6sszes tev\u00e9kenys\u00e9g\u00e9rt. \u00d6n beleegyezik abba, hogy halad\u00e9ktalanul \u00e9rtes\u00edt benn\u00fcnket a fi\u00f3kj\u00e1hoz val\u00f3 jogosulatlan hozz\u00e1f\u00e9r\u00e9sr\u0151l vagy annak haszn\u00e1lat\u00e1r\u00f3l, illetve a biztons\u00e1g b\u00e1rmely m\u00e1s megs\u00e9rt\u00e9s\u00e9r\u0151l. Nem v\u00e1llalunk felel\u0151ss\u00e9get semmilyen vesztes\u00e9g\u00e9rt vagy k\u00e1r\u00e9rt, amely abb\u00f3l ered, hogy \u00d6n nem tartja be ezt a biztons\u00e1gi k\u00f6telezetts\u00e9get.  <\/p>\n<ol style=\"text-align: left;\" start=\"4\">\n<li><strong>Ingyenes pr\u00f3ba<\/strong><\/li>\n<\/ol>\n<p>30 napos ingyenes pr\u00f3baverzi\u00f3t k\u00edn\u00e1lunk CSS programunkhoz, amely sor\u00e1n nincs sz\u00fcks\u00e9g hitelk\u00e1rtya- vagy fizet\u00e9si adatokra. A pr\u00f3baid\u0151szak lej\u00e1rta ut\u00e1n a Szolg\u00e1ltat\u00e1sainkhoz val\u00f3 tov\u00e1bbi hozz\u00e1f\u00e9r\u00e9shez ki kell v\u00e1lasztania egy \u00e1rk\u00e9pz\u00e9si tervet, \u00e9s meg kell adnia \u00e9rv\u00e9nyes fizet\u00e9si inform\u00e1ci\u00f3kat. Ennek elmulaszt\u00e1sa a Szolg\u00e1ltat\u00e1sokhoz val\u00f3 hozz\u00e1f\u00e9r\u00e9s felf\u00fcggeszt\u00e9s\u00e9t vonja maga ut\u00e1n. Azzal, hogy az ingyenes pr\u00f3baid\u0151szak lej\u00e1rta ut\u00e1n folytatja Szolg\u00e1ltat\u00e1saink haszn\u00e1lat\u00e1t, beleegyezik egy fizet\u0151s szolg\u00e1ltat\u00e1si csomag kiv\u00e1laszt\u00e1s\u00e1ba \u00e9s el\u0151fizet\u00e9s\u00e9be, valamint tudom\u00e1sul veszi, hogy k\u00f6teles teljes\u00edteni a v\u00e1lasztott csomaghoz kapcsol\u00f3d\u00f3 fizet\u00e9si felt\u00e9teleket.   <\/p>\n<ol style=\"text-align: left;\" start=\"5\">\n<li><strong>\u00c1rak \u00e9s fizet\u00e9s<\/strong><\/li>\n<\/ol>\n<p>\u00c1raz\u00e1si terveink el\u00e9rhet\u0151ek weboldalunkon, amelyek k\u00fcl\u00f6nb\u00f6z\u0151 ig\u00e9nyekre szabott lehet\u0151s\u00e9geket k\u00edn\u00e1lnak. A kifizet\u00e9sek havi vagy \u00e9ves alapon esed\u00e9kesek, a v\u00e1lasztott el\u0151fizet\u00e9st\u0151l f\u00fcgg\u0151en. Az egy\u00e9ni kommunik\u00e1ci\u00f3nak megfelel\u0151en \u00e9s saj\u00e1t bel\u00e1t\u00e1sunk szerint fenntartjuk a jogot arra, hogy kedvezm\u00e9nyeket, b\u00f3nuszokat vagy egy\u00e9b prom\u00f3ci\u00f3s \u00f6szt\u00f6nz\u0151ket meghosszabb\u00edtsunk. Az ilyen aj\u00e1nlatok eseti alapon adhat\u00f3k meg, \u00e9s nem jelentenek k\u00f6telezetts\u00e9get r\u00e9sz\u00fcnkr\u0151l, hogy hasonl\u00f3 felt\u00e9teleket b\u00e1rmely m\u00e1s \u00fcgyf\u00e9lre vagy m\u00e1s id\u0151pontban kiterjessz\u00fcnk. Ezeket a kedvezm\u00e9nyeket \u00e9s b\u00f3nuszokat kiz\u00e1r\u00f3lag saj\u00e1t bel\u00e1t\u00e1sunk szerint biztos\u00edtjuk, \u00e9s az aj\u00e1nlat id\u0151pontj\u00e1ban meghat\u00e1rozott tov\u00e1bbi felt\u00e9telek vonatkozhatnak r\u00e1juk. Valamennyi d\u00edj nem visszat\u00e9r\u00edthet\u0151, kiv\u00e9ve, ha a vonatkoz\u00f3 jogszab\u00e1lyok el\u0151\u00edrj\u00e1k.     <\/p>\n<\/p>\n<p>A Szolg\u00e1ltat\u00e1sainkkal kapcsolatos fizet\u00e9si k\u00f6telezetts\u00e9gek 30 nappal azt a d\u00e1tumot k\u00f6vet\u0151en kezd\u0151dnek, amikor a Merchant Center (MC) \u00e1tv\u00e1lt a verteco.shop \u00d6sszehasonl\u00edt\u00f3 v\u00e1s\u00e1rl\u00e1si szolg\u00e1ltat\u00e1sra (CSS). Ez azt jelenti, hogy a CSS-platformunkra t\u00f6rt\u00e9n\u0151 MC-v\u00e1lt\u00e1s elfogad\u00e1s\u00e1nak d\u00e1tum\u00e1t\u00f3l sz\u00e1m\u00edtott 30 napt\u00f3l sz\u00e1m\u00edtva a Szolg\u00e1ltat\u00e1sok\u00e9rt d\u00edjat kell fizetnie. A fizet\u00e9si id\u0151szak megszak\u00edt\u00e1s n\u00e9lk\u00fcl folytat\u00f3dik, am\u00edg a Merchant Center hivatalosan le nem v\u00e1lik a verteco.shop CSS-r\u0151l.  <\/p>\n<p>\u00d6n felel\u0151s a lev\u00e1laszt\u00e1si folyamat befejez\u00e9s\u00e9\u00e9rt, ha \u00fagy d\u00f6nt, hogy megsz\u00fcnteti a Szolg\u00e1ltat\u00e1sokat. Ha nem v\u00e1lasztja le megfelel\u0151en a Merchant Centert a CSS-r\u0151l, akkor a sz\u00e1ml\u00e1z\u00e1s folytat\u00f3dik, \u00e9s a lev\u00e1laszt\u00e1s befejez\u00e9s\u00e9ig \u00d6nt terheli a felmer\u00fcl\u0151 k\u00f6lts\u00e9gek. <\/p>\n<p>Minden befizet\u00e9s esed\u00e9kes az \u00d6n \u00e1ltal kiv\u00e1lasztott \u00e1raz\u00e1si terv sz\u00e1ml\u00e1z\u00e1si ciklus\u00e1nak megfelel\u0151en, havi vagy \u00e9ves. A sz\u00e1ml\u00e1k ennek megfelel\u0151en ker\u00fclnek ki\u00e1ll\u00edt\u00e1sra, \u00e9s a teljes fizet\u00e9snek a sz\u00e1ml\u00e1n felt\u00fcntetett esed\u00e9kess\u00e9gig meg kell \u00e9rkeznie, hogy elker\u00fclje a Szolg\u00e1ltat\u00e1sok megszak\u00edt\u00e1s\u00e1t vagy felf\u00fcggeszt\u00e9s\u00e9t. A k\u00e9sedelmes fizet\u00e9sek a t\u00f6rv\u00e9ny \u00e1ltal megengedett tov\u00e1bbi d\u00edjakat vagy kamatokat vonhatnak maguk ut\u00e1n, \u00e9s az id\u0151ben t\u00f6rt\u00e9n\u0151 fizet\u00e9s tart\u00f3s elmulaszt\u00e1sa a Szolg\u00e1ltat\u00e1sokhoz val\u00f3 hozz\u00e1f\u00e9r\u00e9s megsz\u00fcntet\u00e9s\u00e9hez vezethet.  <\/p>\n<p>Fontos megjegyezni, hogy b\u00e1r mi biztos\u00edtjuk a CSS platformj\u00e1t, nem f\u00e9r\u00fcnk hozz\u00e1 az \u00d6n Google Ads- vagy Google Merchant Center-fi\u00f3kjaihoz. Mint ilyen, kiz\u00e1r\u00f3lag \u00d6n felel\u0151s ezeknek a fi\u00f3koknak a kezel\u00e9s\u00e9\u00e9rt, bele\u00e9rtve a CSS-platformunkr\u00f3l val\u00f3 lev\u00e1laszt\u00e1sok kezdem\u00e9nyez\u00e9s\u00e9t \u00e9s meger\u0151s\u00edt\u00e9s\u00e9t. <\/p>\n<p>Ha az MC-v\u00e1lt\u00e1s elfogad\u00e1s\u00e1t k\u00f6vet\u0151 kezdeti 30 napos id\u0151szakot k\u00f6vet\u0151en folytatja Szolg\u00e1ltat\u00e1saink haszn\u00e1lat\u00e1t, \u00d6n tudom\u00e1sul veszi \u00e9s elfogadja ezeket a fizet\u00e9si felt\u00e9teleket. \u00d6n tudom\u00e1sul veszi, hogy a fizet\u00e9s az itt meghat\u00e1rozottak szerint esed\u00e9kes, \u00e9s k\u00f6teles teljes\u00edteni minden fizet\u00e9si k\u00f6telezetts\u00e9get mindaddig, am\u00edg a Szolg\u00e1ltat\u00e1sokat a jelen Felt\u00e9teleknek megfelel\u0151en megfelel\u0151en meg nem sz\u00fcntetik. <\/p>\n<\/p>\n<p>A f\u00e9lre\u00e9rt\u00e9sek elker\u00fcl\u00e9se v\u00e9gett, b\u00e1r az Elite Digital Services, LLC a jelen Felt\u00e9telek szerinti szolg\u00e1ltat\u00e1sok ny\u00fajt\u00e1s\u00e1\u00e9rt felel\u0151s els\u0151dleges jogalany, bizonyos Szolg\u00e1ltat\u00e1sok\u00e9rt le\u00e1nyv\u00e1llalataink vagy le\u00e1nyv\u00e1llalataink az Egyes\u00fclt \u00c1llamokon bel\u00fcl \u00e9s k\u00edv\u00fcl egyar\u00e1nt sz\u00e1ml\u00e1zhatnak, amint azt a m\u0171k\u00f6d\u00e9shez sz\u00fcks\u00e9gesnek tartj\u00e1k. hat\u00e9konys\u00e1g. Az ilyen sz\u00e1ml\u00e1z\u00e1si meg\u00e1llapod\u00e1sok ellen\u00e9re az Elite Digital Services, LLC tov\u00e1bbra is a f\u0151 entit\u00e1s a Szolg\u00e1ltat\u00e1sok \u00e1ltal\u00e1nos v\u00e9grehajt\u00e1sa \u00e9s a jelen Felt\u00e9telek betart\u00e1sa tekintet\u00e9ben. <\/p>\n<p>A jelen Felt\u00e9telek elfogad\u00e1s\u00e1val hozz\u00e1j\u00e1rul ahhoz, hogy az Elite Digital Services, LLC-n k\u00edv\u00fcli jogalanyok is ki\u00e1ll\u00edthassanak sz\u00e1ml\u00e1kat an\u00e9lk\u00fcl, hogy ez befoly\u00e1soln\u00e1 a jelen Felt\u00e9telek szerinti k\u00f6telezetts\u00e9geit. Valamennyi sz\u00e1ml\u00e1z\u00f3 entit\u00e1st az Elite Digital Services, LLC felhatalmaz, \u00e9s az \u0151 nev\u00e9ben j\u00e1r el a ny\u00fajtott szolg\u00e1ltat\u00e1sokkal kapcsolatban. <\/p>\n<ol style=\"text-align: left;\" start=\"6\">\n<li><strong>A szolg\u00e1ltat\u00e1sok \u00e9s felt\u00e9telek v\u00e1ltoz\u00e1sai<\/strong><\/li>\n<\/ol>\n<p>Fenntartjuk a jogot, hogy Szolg\u00e1ltat\u00e1sainkat vagy jelen Felt\u00e9teleket saj\u00e1t bel\u00e1t\u00e1sunk szerint b\u00e1rmikor m\u00f3dos\u00edtsuk. A jelen Felt\u00e9telek l\u00e9nyeges v\u00e1ltoz\u00e1sair\u00f3l a friss\u00edtett Felt\u00e9telek weboldalunkon t\u00f6rt\u00e9n\u0151 k\u00f6zz\u00e9t\u00e9tel\u00e9vel vagy m\u00e1s megfelel\u0151 kommunik\u00e1ci\u00f3s eszk\u00f6zzel \u00e9rtes\u00edtj\u00fck. Az ilyen v\u00e1ltoz\u00e1sokr\u00f3l sz\u00f3l\u00f3 \u00e9rtes\u00edt\u00e9st k\u00f6vet\u0151en Szolg\u00e1ltat\u00e1saink tov\u00e1bbi haszn\u00e1lata a m\u00f3dos\u00edtott Felt\u00e9telek elfogad\u00e1s\u00e1t jelenti. Ha nem \u00e9rt egyet a m\u00f3dos\u00edtott Felt\u00e9telekkel, halad\u00e9ktalanul meg kell szak\u00edtania a Szolg\u00e1ltat\u00e1sok haszn\u00e1lat\u00e1t.   <\/p>\n<ol style=\"text-align: left;\" start=\"7\">\n<li><strong>Megsz\u00fcntet\u00e9s<\/strong><\/li>\n<\/ol>\n<p>B\u00e1rmelyik f\u00e9l b\u00e1rmikor, b\u00e1rmilyen okb\u00f3l felmondhatja a jelen Szerz\u0151d\u00e9st a m\u00e1sik f\u00e9l \u00edr\u00e1sos \u00e9rtes\u00edt\u00e9s\u00e9vel. A felmond\u00e1st k\u00f6vet\u0151en azonnal fel kell f\u00fcggesztenie Szolg\u00e1ltat\u00e1saink minden haszn\u00e1lat\u00e1t, mi pedig halad\u00e9ktalanul letiltjuk a hozz\u00e1f\u00e9r\u00e9s\u00e9t a platformunkhoz. A jelen Szerz\u0151d\u00e9s felmond\u00e1sa nem mentes\u00edti egyik felet sem azon k\u00f6telezetts\u00e9gek vagy k\u00f6telezetts\u00e9gek al\u00f3l, amelyek a felmond\u00e1s id\u0151pontja el\u0151tt halmoz\u00f3dtak fel.  <\/p>\n<ol style=\"text-align: left;\" start=\"8\">\n<li><strong>Szellemi tulajdon<\/strong><\/li>\n<\/ol>\n<p>A Szolg\u00e1ltat\u00e1sainkhoz kapcsol\u00f3d\u00f3 minden tartalom, v\u00e9djegy \u00e9s egy\u00e9b szellemi tulajdon a Verteco digit\u00e1lis szolg\u00e1ltat\u00e1sainak vagy licencad\u00f3inak kiz\u00e1r\u00f3lagos tulajdona. Tilos b\u00e1rmely szellemi tulajdonunkat felhaszn\u00e1lni, m\u00f3dos\u00edtani, reproduk\u00e1lni, terjeszteni vagy m\u00e1s m\u00f3don kihaszn\u00e1lni el\u0151zetes \u00edr\u00e1sbeli hozz\u00e1j\u00e1rul\u00e1sunk n\u00e9lk\u00fcl. Szellemi tulajdonunk jogosulatlan haszn\u00e1lata jogi l\u00e9p\u00e9seket vonhat maga ut\u00e1n.  <\/p>\n<ol style=\"text-align: left;\" start=\"9\">\n<li><strong>Kiz\u00e1r\u00f3 nyilatkozatok \u00e9s felel\u0151ss\u00e9gkorl\u00e1toz\u00e1s<\/strong><\/li>\n<\/ol>\n<p>Szolg\u00e1ltat\u00e1saink haszn\u00e1lat\u00e1val \u00d6n tudom\u00e1sul veszi \u00e9s elfogadja, hogy nem f\u00e9r\u00fcnk hozz\u00e1 az \u00d6n Google Ads- vagy Google Merchant Center-fi\u00f3kjaihoz. Mint ilyen, kiz\u00e1r\u00f3lag \u00d6n felel\u0151s az ezeken a fi\u00f3kokon bel\u00fcli tettei\u00e9rt, d\u00f6nt\u00e9sei\u00e9rt, valamint a hib\u00e1k\u00e9rt vagy mulaszt\u00e1sok\u00e9rt. Ez mag\u00e1ban foglalja az esetleges k\u00e1rokat, p\u00e9ld\u00e1ul a haszon, az adatok vagy a c\u00e9g\u00e9rt\u00e9k elveszt\u00e9s\u00e9t. B\u00e1r elk\u00f6telezettek vagyunk a magas sz\u00ednvonal\u00fa szolg\u00e1ltat\u00e1sok ny\u00fajt\u00e1sa mellett, \u00d6n tiszt\u00e1ban van azzal, hogy nem v\u00e1llalunk felel\u0151ss\u00e9get olyan probl\u00e9m\u00e1k\u00e9rt, amelyek az \u00d6n cselekedeteib\u0151l vagy a rajtunk k\u00edv\u00fcl \u00e1ll\u00f3 k\u00f6r\u00fclm\u00e9nyekb\u0151l erednek. Elv\u00e1rj\u00e1k, hogy hozz\u00e1\u00e9rt\u0151en kezelje fi\u00f3kj\u00e1t, tudva, hogy nem fogunk beavatkozni, \u00e9s nem fogunk hozz\u00e1f\u00e9rni az \u00d6n nev\u00e9ben.    <\/p>\n<ol style=\"text-align: left;\" start=\"10\">\n<li><strong>Ir\u00e1nyad\u00f3 jog \u00e9s joghat\u00f3s\u00e1g<\/strong><\/li>\n<\/ol>\n<p>A jelen Felt\u00e9telekre a vonatkoz\u00f3 t\u00f6rv\u00e9nyek az ir\u00e1nyad\u00f3k, \u00e9s k\u00f6telezetts\u00e9get v\u00e1llalunk azok betart\u00e1s\u00e1ra. A jelen Felt\u00e9telekb\u0151l, illetve Szolg\u00e1ltat\u00e1saink \u00d6n \u00e1ltali haszn\u00e1lat\u00e1b\u00f3l ered\u0151 vagy azokkal kapcsolatos vit\u00e1kat kiz\u00e1r\u00f3lag a szolg\u00e1ltat\u00f3 sz\u00e9khelye szerinti b\u00edr\u00f3s\u00e1gok hat\u00e1rozz\u00e1k meg. Szolg\u00e1ltat\u00e1saink haszn\u00e1lat\u00e1val \u00d6n beleegyezik abba, hogy al\u00e1veti mag\u00e1t e b\u00edr\u00f3s\u00e1gok joghat\u00f3s\u00e1g\u00e1nak az ilyen vit\u00e1k megold\u00e1sa \u00e9rdek\u00e9ben.  <\/p>\n<ol style=\"text-align: left;\" start=\"11\">\n<li><strong>Elv\u00e1laszthat\u00f3s\u00e1g<\/strong><\/li>\n<\/ol>\n<p>Ha a jelen Felt\u00e9telek b\u00e1rmely r\u00e9sze v\u00e9grehajthatatlannak vagy \u00e9rv\u00e9nytelennek bizonyul, az adott r\u00e9szt a lehet\u0151 legkevesebb m\u00e9rt\u00e9kben m\u00f3dos\u00edtjuk vagy elt\u00e1vol\u00edtjuk, \u00edgy a Felt\u00e9telek t\u00f6bbi r\u00e9sze tov\u00e1bbra is teljes m\u00e9rt\u00e9kben hat\u00e1lyos \u00e9s v\u00e9grehajthat\u00f3 marad.<\/p>\n<ol style=\"text-align: left;\" start=\"12\">\n<li><strong>Teljes meg\u00e1llapod\u00e1s<\/strong><\/li>\n<\/ol>\n<p style=\"text-align: left;\">A jelen Felt\u00e9telek az Adatv\u00e9delmi ir\u00e1nyelvekkel egy\u00fctt a Verteco \u00e9s \u00d6n k\u00f6z\u00f6tt l\u00e9trej\u00f6tt, a Szolg\u00e1ltat\u00e1saink \u00d6n \u00e1ltali haszn\u00e1lat\u00e1ra vonatkoz\u00f3 teljes meg\u00e1llapod\u00e1st k\u00e9pezik, amely az \u00d6n \u00e9s a Verteco k\u00f6z\u00f6tti minden kor\u00e1bbi vagy egyidej\u0171 meg\u00e1llapod\u00e1s, kommunik\u00e1ci\u00f3 \u00e9s javaslat hely\u00e9be l\u00e9p, legyen az sz\u00f3beli vagy \u00edr\u00e1sbeli.<\/p>\n<p style=\"text-align: left;\">Ha b\u00e1rmilyen k\u00e9rd\u00e9se vagy agg\u00e1lya van a jelen Felt\u00e9telekkel vagy a Szolg\u00e1ltat\u00e1sainkkal kapcsolatban, k\u00e9rj\u00fck, l\u00e9pjen kapcsolatba vel\u00fcnk a <a href=\"mailto:info@verteco.shop\">info@verteco.shop<\/a> e-mail c\u00edmen.<\/p>\n<p style=\"text-align: left;\">\u00a9 Elite Digital Services, LLC<\/p>\n<p style=\"text-align: left;\">  Minden jog fenntartva.<\/p>\n<p>Verzi\u00f3: 2024.08.20  <\/p>\n\t\t\t\t\t\t\t\t<\/div>\n\t\t\t\t<\/div>\n\t\t\t\t\t<\/div>\n\t\t<\/div>\n\t\t\t\t\t<\/div>\n\t\t<\/section>\n\t\t\t\t<\/div>\n\t\t","protected":false},"excerpt":{"rendered":"<p>Szolg\u00e1ltat\u00e1si felt\u00e9telek A jelen Szolg\u00e1ltat\u00e1si felt\u00e9teleket (&#8222;Felt\u00e9telek&#8221;) az Elite Digital Services, LLC, egy Delaware-i Korl\u00e1tolt Felel\u0151ss\u00e9g\u0171 T\u00e1rsas\u00e1g bocs\u00e1tja ki, sz\u00e9khelye: 1111B S Governors Ave, STE 21653, Dover, DE 19904, USA (a tov\u00e1bbiakban: &#8222;Verteco&#8221;). \u201d, \u201emi\u201d, \u201emi\u201d vagy \u201emieink\u201d). Ezek a felt\u00e9telek szab\u00e1lyozz\u00e1k a szolg\u00e1ltat\u00e1sainkhoz val\u00f3 hozz\u00e1f\u00e9r\u00e9st \u00e9s azok haszn\u00e1lat\u00e1t, bele\u00e9rtve, de nem kiz\u00e1r\u00f3lagosan a Verteco.shop [&hellip;]<\/p>\n","protected":false},"author":1,"featured_media":0,"parent":0,"menu_order":0,"comment_status":"closed","ping_status":"closed","template":"","meta":{"footnotes":""},"class_list":["post-9967","page","type-page","status-publish","hentry"],"_links":{"self":[{"href":"https:\/\/verteco.shop\/hu\/wp-json\/wp\/v2\/pages\/9967","targetHints":{"allow":["GET"]}}],"collection":[{"href":"https:\/\/verteco.shop\/hu\/wp-json\/wp\/v2\/pages"}],"about":[{"href":"https:\/\/verteco.shop\/hu\/wp-json\/wp\/v2\/types\/page"}],"author":[{"embeddable":true,"href":"https:\/\/verteco.shop\/hu\/wp-json\/wp\/v2\/users\/1"}],"replies":[{"embeddable":true,"href":"https:\/\/verteco.shop\/hu\/wp-json\/wp\/v2\/comments?post=9967"}],"version-history":[{"count":0,"href":"https:\/\/verteco.shop\/hu\/wp-json\/wp\/v2\/pages\/9967\/revisions"}],"wp:attachment":[{"href":"https:\/\/verteco.shop\/hu\/wp-json\/wp\/v2\/media?parent=9967"}],"curies":[{"name":"wp","href":"https:\/\/api.w.org\/{rel}","templated":true}]}}