{"id":23755,"date":"2024-07-03T20:41:50","date_gmt":"2024-07-03T18:41:50","guid":{"rendered":"https:\/\/verteco.shop\/mindent-amit-a-css-rol-tudni-kell\/"},"modified":"2024-07-03T20:52:41","modified_gmt":"2024-07-03T18:52:41","slug":"mindent-amit-a-css-rol-tudni-kell","status":"publish","type":"page","link":"https:\/\/verteco.shop\/hu\/mindent-amit-a-css-rol-tudni-kell\/","title":{"rendered":"Minden, amit a CSS-r\u0151l tudni kell"},"content":{"rendered":"\n<p>Ha van online \u00e1ruh\u00e1za, vagy marketing\u00fcgyn\u00f6ks\u00e9gn\u00e9l dolgozik, val\u00f3sz\u00edn\u0171leg m\u00e1r hallott a CSS-r\u0151l \u2013 a Google \u00f6sszehasonl\u00edt\u00f3 v\u00e1s\u00e1rl\u00e1si szolg\u00e1ltat\u00e1s\u00e1r\u00f3l. Ha m\u00e1r kezel Google Ads-kamp\u00e1nyokat, val\u00f3sz\u00edn\u0171leg ismeri a t\u00e9m\u00e1t. \u00c9s ha m\u00e9g soha nem hallott a CSS-r\u0151l, itt az ideje, hogy megtanulja, hogyan seg\u00edtheti v\u00e1llalkoz\u00e1s\u00e1t hat\u00e9konyan n\u00e9pszer\u0171s\u00edteni a Google keres\u0151motorj\u00e1n.<\/p>\n\n<h2 class=\"wp-block-heading\">Mi\u00e9rt l\u00e9teznek \u00f6sszehasonl\u00edt\u00f3 v\u00e1s\u00e1rl\u00e1si szolg\u00e1ltat\u00e1sok (CSS)?<\/h2>\n\n<p>Mindannyian tal\u00e1lkoztunk m\u00e1r olyan speci\u00e1lis weboldalakkal, ahol \u00f6sszehasonl\u00edthatjuk a k\u00fcl\u00f6nb\u00f6z\u0151 \u00fczletek term\u00e9keinek \u00e1rait: az ilyen t\u00edpus\u00fa oldalakat \u00e1r-\u00f6sszehasonl\u00edt\u00f3 port\u00e1loknak nevezz\u00fck. A kateg\u00f3ria legismertebb port\u00e1lja val\u00f3sz\u00edn\u0171leg a Google Shopping.<\/p>\n\n<p>A Google Shopping-hirdet\u00e9sek (m\u00e1s n\u00e9ven &#8222;Term\u00e9kinform\u00e1ci\u00f3-hirdet\u00e9sek&#8221;) elhelyez\u00e9s\u00e9hez v\u00e1llalata term\u00e9keit fel kell t\u00fcntetni egy ilyen \u00e1r-\u00f6sszehasonl\u00edt\u00f3 port\u00e1lon (vagy t\u00f6bb port\u00e1lon).<\/p>\n\n<p>2017-ig a Google monop\u00f3liumot birtokolt saj\u00e1t \u00e1rport\u00e1lj\u00e1val, a Google Shopping-lal, ahol a Google Shopping-hirdet\u00e9seket mutatta be. Ezt a helyzetet tisztess\u00e9gtelennek \u00edt\u00e9lt\u00e9k, \u00e9s n\u00e9h\u00e1ny c\u00e9g \u00fagy d\u00f6nt\u00f6tt, hogy jogi l\u00e9p\u00e9seket tesz a h\u00edres keres\u0151motor ellen. A Google monopolisztikus helyzet\u00e9t a b\u00edr\u00f3s\u00e1g megb\u00fcntette, aminek k\u00f6vetkezt\u00e9ben a Google elvesztette az \u00fcgyet, \u00e9s az Eur\u00f3pai Bizotts\u00e1g arra k\u00e9nyszer\u00edtette, hogy ind\u00edtsa el a CSS \u2013 Comparison Shopping Services programot.<\/p>\n\n<p>Nem minden \u00f6sszehasonl\u00edt\u00f3 port\u00e1l vesz r\u00e9szt ebben a programban. A CSS-nek speci\u00e1lisan a Google \u00e1ltal tan\u00fas\u00edtottnak kell lennie, \u00e9s meg kell felelnie bizonyos k\u00f6vetelm\u00e9nyeknek.<\/p>\n\n<p>A Google Comparison Shopping Services programban regisztr\u00e1lt \u00e9s CSS-partner st\u00e1tuszt kapott \u00f6sszes \u00e1r-\u00f6sszehasonl\u00edt\u00f3 port\u00e1l jogosult term\u00e9khirdet\u00e9seket elhelyezni a keresked\u0151k sz\u00e1m\u00e1ra a Google keres\u00e9si eredm\u00e9nyei k\u00f6z\u00f6tt.<\/p>\n\n<h2 class=\"wp-block-heading\">Mi a k\u00fcl\u00f6nbs\u00e9g a fizetett hirdet\u00e9sek k\u00f6z\u00f6tt?<\/h2>\n\n<ul class=\"wp-block-list\">\n<li>A Google \u00e1rr\u00e9se t\u00f6bb\u00e9 nem ker\u00fcl levon\u00e1sra a kattint\u00e1sonk\u00e9nti k\u00f6lts\u00e9gb\u0151l (CPC).<\/li>\n\n\n\n<li>Az \u00f6sszes szponzor\u00e1lt hirdet\u00e9s alj\u00e1n a \u201eGoogle \u00e1ltal\u201d helyett a \u201eXX\u201d felirat szerepel.<\/li>\n<\/ul>\n\n<h2 class=\"wp-block-heading\">Hogyan mondhatod, hogy a Google \u00e1rr\u00e9s l\u00e9tezik?<\/h2>\n\n<p>\u00cdme, amit a Google mond a marzs\u00e1r\u00f3l:<\/p>\n\n<p>A Google nem hat\u00e1rozza meg pontosan, hogy mekkora az \u00e1rr\u00e9s; csak empirikusan sz\u00e1m\u00edthat\u00f3 ki CSS-szolg\u00e1ltat\u00f3ra val\u00f3 \u00e1t\u00e1ll\u00e1s ut\u00e1n az eredm\u00e9nyek alapj\u00e1n. A tapasztalatok szerint ez az \u00e1rr\u00e9s a CPC k\u00f6r\u00fclbel\u00fcl 20%-a. Ez a h\u00edres kedvezm\u00e9ny, amelyet a CSS-partnerek hirdetnek.<\/p>\n\n<p>Mi\u00e9rt nem l\u00e1tja k\u00f6zvetlen\u00fcl a fi\u00f3kj\u00e1ban, hogy val\u00f3j\u00e1ban a Google CSS-j\u00e9\u00e9rt fizet?<\/p>\n\n<p>Ez a Google bels\u0151 d\u00f6nt\u00e9se. Az \u00e1rr\u00e9st levonj\u00e1k a kattint\u00e1sonk\u00e9nti k\u00f6lts\u00e9gb\u0151l, miel\u0151tt az aj\u00e1nlata az aukci\u00f3n r\u00e9szt vesz. Ha a Google Shopping CSS-t haszn\u00e1lja (az alap\u00e9rtelmezett), akkor az \u00d6n t\u00e9nyleges aj\u00e1nlata k\u00f6r\u00fclbel\u00fcl 20%-kal alacsonyabb, mint egy m\u00e1sik CSS-port\u00e1llal (nem a Google CSS-szel) dolgoz\u00f3 keresked\u0151\u00e9, ez\u00e9rt 20%-kal magasabb aj\u00e1nlattal van jelen a Google aukci\u00f3.<\/p>\n\n<p>Ezt az \u00e1rr\u00e9st term\u00e9szetesen csak akkor fizeti meg a Google Shoppingnak, ha valaki r\u00e1kattint a hirdet\u00e9sre (ha nem, akkor \u00e1rr\u00e9s nem ker\u00fcl felsz\u00e1m\u00edt\u00e1sra). De a Google-aukci\u00f3n tett aj\u00e1nlata tov\u00e1bbra is k\u00f6r\u00fclbel\u00fcl 20%-kal alacsonyabb minden alkalommal.<\/p>\n\n<h2 class=\"wp-block-heading\">Felsz\u00e1m\u00edt egy CSS-partner d\u00edjat a CSS haszn\u00e1lat\u00e1\u00e9rt?<\/h2>\n\n<p>Igen, legt\u00f6bbsz\u00f6r havi el\u0151fizet\u00e9sr\u0151l van sz\u00f3. T\u00f6bb sz\u00e1z CSS-partner k\u00edn\u00e1l sz\u00e9les k\u00edn\u00e1lattal. Sok \u00fcgyn\u00f6ks\u00e9g \u00fagy d\u00f6nt, hogy egy adott CSS-szolg\u00e1ltat\u00f3val dolgozik, s\u0151t n\u00e9h\u00e1nyuk saj\u00e1t CSS-sel is rendelkezik (p\u00e9ld\u00e1ul a Verteco Digital, egy digit\u00e1lis marketing \u00fcgyn\u00f6ks\u00e9g saj\u00e1t CSS-szel \u2013 Verteco Shopval \u2013 rendelkezik).<\/p>\n\n<h2 class=\"wp-block-heading\">Elvesznek a feedben l\u00e9v\u0151 adatok egy m\u00e1sik CSS-re val\u00f3 \u00e1ttelep\u00edt\u00e9s ut\u00e1n? T\u00f6nkreteszi vagy megv\u00e1ltoztatja a marketingkamp\u00e1nyaimat?<\/h2>\n\n<p>Nem. Az egyik CSS-r\u0151l a m\u00e1sikra val\u00f3 migr\u00e1ci\u00f3 bels\u0151leg t\u00f6rt\u00e9nik a CSS-szolg\u00e1ltat\u00f3 \u00e9s a Google k\u00f6z\u00f6tt. A Google \u201e\u00f6sszekapcsolja\u201d Merchant Center-fi\u00f3kj\u00e1t egy CSS-fi\u00f3kkal, \u00e9s a Google \u00e1rr\u00e9se t\u00f6bb\u00e9 nem ker\u00fcl levon\u00e1sra a CPC-b\u0151l, amikor a hirdet\u00e9sek r\u00e9szt vesznek az aukci\u00f3n. Ha b\u00e1rmi t\u00f6rt\u00e9nik az adatokkal (b\u00e1r nem kellene), az a Google hib\u00e1ja, nem a CSS.<\/p>\n\n<h2 class=\"wp-block-heading\">A Google lenyomja azokat a kamp\u00e1nyokat, amelyeket m\u00e1s CSS-sel hoztak l\u00e9tre?<\/h2>\n\n<p>Nem, a Google nem akar m\u00e9g egyszer b\u00edr\u00f3s\u00e1g el\u00e9 ker\u00fclni \u00e9s megb\u00fcntetni \ud83d\ude0a<\/p>\n\n<p>Teh\u00e1t minden att\u00f3l f\u00fcgg, hogy mennyire j\u00f3l kezeli marketingkamp\u00e1nyait. A rosszul c\u00e9lzott kamp\u00e1nyokn\u00e1l m\u00e9g a Google Shopping mint CSS sem tud seg\u00edteni.<\/p>\n\n<h2 class=\"wp-block-heading\">A Google \u00e1rr\u00e9s\u00e9t a tov\u00e1bbiakban nem sz\u00e1m\u00edtjuk fel. Mi t\u00f6rt\u00e9nik a k\u00f6lts\u00e9gvet\u00e9semmel?<\/h2>\n\n<p>\u00d6n t\u00f6bb\u00e9 nem fizeti a Google \u00e1rr\u00e9s\u00e9t, de term\u00e9szetesen a Google nem utalja vissza a p\u00e9nzt a hirdet\u00e9si k\u00f6lts\u00e9gkeret\u00e9be. A val\u00f3s\u00e1gban az aj\u00e1nlat automatikusan 20%-kal magasabb, \u00e9s sokkal hat\u00e9konyabban haszn\u00e1lhatja fel a Google hirdet\u00e9sekre sz\u00e1nt k\u00f6lts\u00e9gkeretet. Csak \u00d6n\u00f6n m\u00falik, hogyan kezeli kamp\u00e1nyait, hogy strat\u00e9gi\u00e1ja kifizet\u0151dj\u00f6n. Megtarthatja ugyanazt a k\u00f6lts\u00e9gkeretet, \u00e9s t\u00f6bb kattint\u00e1st \u00e9rhet el a hirdet\u00e9sre, vagy cs\u00f6kkentheti a kattint\u00e1sonk\u00e9nti k\u00f6lts\u00e9get, \u00e9s ugyanazokat az eredm\u00e9nyeket \u00e9rheti el, mik\u00f6zben kevesebbet k\u00f6lt.<\/p>\n\n<h2 class=\"wp-block-heading\">Mely orsz\u00e1gokban \u00e9rhet\u0151 el a Google CSS program?<\/h2>\n\n<p>A program 21 EU-n bel\u00fcli \u00e9s azon k\u00edv\u00fcli orsz\u00e1gban \u00e9rhet\u0151 el: N\u00e9metorsz\u00e1g, Ausztria, Sv\u00e1jc, G\u00f6r\u00f6gorsz\u00e1g, Magyarorsz\u00e1g, \u00cdrorsz\u00e1g, Olaszorsz\u00e1g, Hollandia, Norv\u00e9gia, Belgium, Cseh K\u00f6zt\u00e1rsas\u00e1g, D\u00e1nia, Finnorsz\u00e1g, Franciaorsz\u00e1g, Lengyelorsz\u00e1g, Portug\u00e1lia, Rom\u00e1nia, Szlov\u00e1kia, Spanyolorsz\u00e1g, Sv\u00e9dorsz\u00e1g \u00e9s az Egyes\u00fclt Kir\u00e1lys\u00e1g. Teh\u00e1t l\u00e9nyeg\u00e9ben az EU-orsz\u00e1gok, az Egyes\u00fclt Kir\u00e1lys\u00e1g \u00e9s Sv\u00e1jc.<\/p>\n\n<h2 class=\"wp-block-heading\">Hogyan haszn\u00e1lhat egyszerre k\u00fcls\u0151 CSS-t \u00e9s Google CSS-t?<\/h2>\n\n<p>K\u00e9t Merchant Center-fi\u00f3kot haszn\u00e1lhat. Az els\u0151 fi\u00f3k a Google Shopping szolg\u00e1ltat\u00e1shoz kapcsol\u00f3dik. A m\u00e1sodik egy k\u00fcls\u0151 CSS-hez.<\/p>\n\n<h2 class=\"wp-block-heading\">H\u00e1ny CSS-t haszn\u00e1lhat egyszerre?<\/h2>\n\n<p>Amennyit csak akar.<\/p>\n\n<h2 class=\"wp-block-heading\">Mi t\u00f6rt\u00e9nik?<\/h2>\n\n<p>Semmi j\u00f3. Ha t\u00f6bb CSS-t haszn\u00e1l egyidej\u0171leg, nem lesz nagyobb lefedetts\u00e9ge, mert a Google megakad\u00e1lyozza, hogy egy szolg\u00e1ltat\u00f3 hirdet\u00e9sei t\u00f6bb list\u00e1ban jelenjenek meg.<\/p>\n\n<p>A teljes\u00edtm\u00e9ny szempontj\u00e1b\u00f3l ez nem aj\u00e1nlott. Nincsenek el\u0151nyei; Val\u00f3j\u00e1ban m\u00e9g vannak olyan h\u00e1tr\u00e1nyok is, mint p\u00e9ld\u00e1ul a saj\u00e1t hirdet\u00e9sek kannibaliz\u00e1l\u00e1sa \u00e9s a gyeng\u00e9bb \u00e1ltal\u00e1nos eredm\u00e9ny.<\/p>\n\n<h2 class=\"wp-block-heading\">Miben k\u00fcl\u00f6nb\u00f6znek egym\u00e1st\u00f3l a CSS-szolg\u00e1ltat\u00f3k?<\/h2>\n\n<p>A CSS-nek h\u00e1rom kateg\u00f3ri\u00e1ja van:<\/p>\n\n<ul class=\"wp-block-list\">\n<li>R\u00e9sztvev\u0151<\/li>\n\n\n\n<li>CSS partner<\/li>\n\n\n\n<li>Pr\u00e9mium CSS partner<\/li>\n<\/ul>\n\n<p>Egy pr\u00e9mium CSS-partner t\u00f6bb keresked\u0151vel rendelkezik \u00fcgyf\u00e9lk\u00e9nt (csak sz\u00e1m szerint). De ez nem mindig el\u0151ny. Az \u00d6n\u00f6n k\u00edv\u00fcl t\u00f6bb sz\u00e1z \u00fcgyf\u00e9llel rendelkez\u0151 CSS-szolg\u00e1ltat\u00f3 nem fogja tudni hat\u00e9konyan kezelni \u00d6nt, \u00e9s nem ny\u00fajt megfelel\u0151 t\u00e1mogat\u00e1st, k\u00fcl\u00f6n\u00f6sen az \u00d6n anyanyelv\u00e9n. A Verteco szem\u00e9lyre szabott t\u00e1mogat\u00e1st k\u00edn\u00e1l a Verteco Shop programban r\u00e9szt vev\u0151 \u00f6sszes orsz\u00e1g sz\u00e1m\u00e1ra, speci\u00e1lisan kijel\u00f6lt menedzserekkel, anyanyelvi besz\u00e9l\u0151kkel, akik hat\u00e9konyan k\u00edn\u00e1lnak t\u00e1mogat\u00e1st \u00e9s seg\u00edts\u00e9get.<\/p>\n\n<p>Technikailag nincs k\u00fcl\u00f6nbs\u00e9g a r\u00e9sztvev\u0151, a CSS-partner \u00e9s a pr\u00e9mium CSS-partner k\u00f6z\u00f6tt. A Google \u00e1rr\u00e9s\u00e9t egyik\u00e9rt sem sz\u00e1m\u00edtj\u00e1k fel. A CSS azonban tov\u00e1bbi szolg\u00e1ltat\u00e1sokat k\u00edn\u00e1lhat, vagy kezelheti hirdet\u00e9si kamp\u00e1nyait.<\/p>\n\n<p>J\u00f3 \u00e1tgondolni, hogy pontosan mire van sz\u00fcks\u00e9ge \u00e9s mennyibe ker\u00fcl. Nincs \u00e9rtelme fizetni a szolg\u00e1ltat\u00e1sok\u00e9rt csak az\u00e9rt, mert egy nagy \u00e9s j\u00f3l ismert szolg\u00e1ltat\u00f3 k\u00edn\u00e1lja \u0151ket, de a piacon is nagyon dr\u00e1g\u00e1k. Gyakorlatilag minden k\u00fcls\u0151 CSS pontosan ugyanazt k\u00edn\u00e1lja. A c\u00e9g m\u00e9rete \u00e9s kora garant\u00e1lja a kiv\u00e1l\u00f3 min\u0151s\u00e9g\u0171 szolg\u00e1ltat\u00e1st. Technikailag minden CSS ugyanaz; a k\u00fcl\u00f6nbs\u00e9gek csak eszt\u00e9tikai, diz\u00e1jnbeliek, nem funkcionalit\u00e1sban.<\/p>\n\n<h2 class=\"wp-block-heading\">K\u00f6vetkeztet\u00e9s<\/h2>\n\n<p>A Google CSS-szolg\u00e1ltat\u00f3k aj\u00e1nlatt\u00e9teli el\u0151nyt biztos\u00edtanak a keresked\u0151knek azokkal a versenyt\u00e1rsakkal szemben, akik m\u00e9g nem haszn\u00e1lnak k\u00fcls\u0151 CSS-t (kiv\u00e9ve mag\u00e1t a Google Shopping CSS-t). C\u00e9lszer\u0171 olyan CSS-t v\u00e1lasztani, amelyhez minden sz\u00fcks\u00e9ges inform\u00e1ci\u00f3 birtok\u00e1ban van, \u00e9s kipr\u00f3b\u00e1lhatja, mivel p\u00e9ld\u00e1ul a Verteco egy h\u00f3napig ingyenes haszn\u00e1latot k\u00edn\u00e1l.<\/p>\n","protected":false},"excerpt":{"rendered":"<p>Ha van online \u00e1ruh\u00e1za, vagy marketing\u00fcgyn\u00f6ks\u00e9gn\u00e9l dolgozik, val\u00f3sz\u00edn\u0171leg m\u00e1r hallott a CSS-r\u0151l \u2013 a Google \u00f6sszehasonl\u00edt\u00f3 v\u00e1s\u00e1rl\u00e1si szolg\u00e1ltat\u00e1s\u00e1r\u00f3l. Ha m\u00e1r kezel Google Ads-kamp\u00e1nyokat, val\u00f3sz\u00edn\u0171leg ismeri a t\u00e9m\u00e1t. \u00c9s ha m\u00e9g soha nem hallott a CSS-r\u0151l, itt az ideje, hogy megtanulja, hogyan seg\u00edtheti v\u00e1llalkoz\u00e1s\u00e1t hat\u00e9konyan n\u00e9pszer\u0171s\u00edteni a Google keres\u0151motorj\u00e1n. Mi\u00e9rt l\u00e9teznek \u00f6sszehasonl\u00edt\u00f3 v\u00e1s\u00e1rl\u00e1si szolg\u00e1ltat\u00e1sok (CSS)? Mindannyian [&hellip;]<\/p>\n","protected":false},"author":1,"featured_media":0,"parent":0,"menu_order":0,"comment_status":"closed","ping_status":"closed","template":"","meta":{"footnotes":""},"class_list":["post-23755","page","type-page","status-publish","hentry"],"_links":{"self":[{"href":"https:\/\/verteco.shop\/hu\/wp-json\/wp\/v2\/pages\/23755","targetHints":{"allow":["GET"]}}],"collection":[{"href":"https:\/\/verteco.shop\/hu\/wp-json\/wp\/v2\/pages"}],"about":[{"href":"https:\/\/verteco.shop\/hu\/wp-json\/wp\/v2\/types\/page"}],"author":[{"embeddable":true,"href":"https:\/\/verteco.shop\/hu\/wp-json\/wp\/v2\/users\/1"}],"replies":[{"embeddable":true,"href":"https:\/\/verteco.shop\/hu\/wp-json\/wp\/v2\/comments?post=23755"}],"version-history":[{"count":0,"href":"https:\/\/verteco.shop\/hu\/wp-json\/wp\/v2\/pages\/23755\/revisions"}],"wp:attachment":[{"href":"https:\/\/verteco.shop\/hu\/wp-json\/wp\/v2\/media?parent=23755"}],"curies":[{"name":"wp","href":"https:\/\/api.w.org\/{rel}","templated":true}]}}