{"id":15273,"date":"2023-05-18T23:08:19","date_gmt":"2023-05-18T21:08:19","guid":{"rendered":"https:\/\/verteco.shop\/adatvedelmi-iranyelvek"},"modified":"2024-08-20T18:57:14","modified_gmt":"2024-08-20T16:57:14","slug":"adatvedelmi-iranyelvek","status":"publish","type":"page","link":"https:\/\/verteco.shop\/hu\/adatvedelmi-iranyelvek\/","title":{"rendered":"Adatv\u00e9delmi szab\u00e1lyzat"},"content":{"rendered":"\t\t<div data-elementor-type=\"wp-page\" data-elementor-id=\"15273\" class=\"elementor elementor-15273 elementor-7044\" data-elementor-post-type=\"page\">\n\t\t\t\t\t\t<section class=\"elementor-section elementor-top-section elementor-element elementor-element-20c115e2 elementor-section-boxed elementor-section-height-default elementor-section-height-default\" data-id=\"20c115e2\" data-element_type=\"section\" data-e-type=\"section\">\n\t\t\t\t\t\t<div class=\"elementor-container elementor-column-gap-default\">\n\t\t\t\t\t<div class=\"elementor-column elementor-col-100 elementor-top-column elementor-element elementor-element-7140ffb9\" data-id=\"7140ffb9\" data-element_type=\"column\" data-e-type=\"column\">\n\t\t\t<div class=\"elementor-widget-wrap elementor-element-populated\">\n\t\t\t\t\t\t<div class=\"elementor-element elementor-element-d8fbd51 elementor-widget elementor-widget-heading\" data-id=\"d8fbd51\" data-element_type=\"widget\" data-e-type=\"widget\" data-widget_type=\"heading.default\">\n\t\t\t\t<div class=\"elementor-widget-container\">\n\t\t\t\t\t<h2 class=\"elementor-heading-title elementor-size-default\">Adatv\u00e9delmi szab\u00e1lyzat<\/h2>\t\t\t\t<\/div>\n\t\t\t\t<\/div>\n\t\t\t\t\t<\/div>\n\t\t<\/div>\n\t\t\t\t\t<\/div>\n\t\t<\/section>\n\t\t\t\t<section class=\"elementor-section elementor-top-section elementor-element elementor-element-47743373 elementor-section-boxed elementor-section-height-default elementor-section-height-default\" data-id=\"47743373\" data-element_type=\"section\" data-e-type=\"section\">\n\t\t\t\t\t\t<div class=\"elementor-container elementor-column-gap-default\">\n\t\t\t\t\t<div class=\"elementor-column elementor-col-100 elementor-top-column elementor-element elementor-element-54aab426\" data-id=\"54aab426\" data-element_type=\"column\" data-e-type=\"column\">\n\t\t\t<div class=\"elementor-widget-wrap elementor-element-populated\">\n\t\t\t\t\t\t<div class=\"elementor-element elementor-element-369420f6 elementor-widget elementor-widget-text-editor\" data-id=\"369420f6\" data-element_type=\"widget\" data-e-type=\"widget\" data-widget_type=\"text-editor.default\">\n\t\t\t\t<div class=\"elementor-widget-container\">\n\t\t\t\t\t\t\t\t\t<p>a 19. \u00e9s azt k\u00f6vet\u0151 cikkek \u00e9rtelm\u00e9ben. t\u00f6rv\u00e9ny 18\/2018.  a szem\u00e9lyes adatok v\u00e9delm\u00e9r\u0151l, valamint egyes t\u00f6rv\u00e9nyek m\u00f3dos\u00edt\u00e1sair\u00f3l \u00e9s kieg\u00e9sz\u00edt\u00e9seir\u0151l sz\u00f3l\u00f3, a m\u00f3dos\u00edtott 2016. \u00e1prilis 27-i (EU) 2016\/679 eur\u00f3pai parlamenti \u00e9s tan\u00e1csi rendelet 13. \u00e9s 14. cikk\u00e9vel \u00f6sszhangban. term\u00e9szetes szem\u00e9lyeknek a szem\u00e9lyes adatok feldolgoz\u00e1sa \u00e9s az ilyen adatok szabad \u00e1raml\u00e1sa tekintet\u00e9ben, valamint a 95\/46\/EK ir\u00e1nyelv (\u00c1ltal\u00e1nos Adatv\u00e9delmi Rendelet) (a tov\u00e1bbiakban: GDPR) hat\u00e1lyon k\u00edv\u00fcl helyez\u00e9se.<\/p>\n<p>A 19. \u00e9s az azt k\u00f6vet\u0151 cikkekben foglaltak szerint. t\u00f6rv\u00e9ny 18\/2018. A szem\u00e9lyes adatok v\u00e9delm\u00e9r\u0151l sz\u00f3l\u00f3 m\u00f3dos\u00edtott t\u00f6rv\u00e9ny (a tov\u00e1bbiakban: Szem\u00e9lyes Adatv\u00e9delmi T\u00f6rv\u00e9ny) alapj\u00e1n az al\u00e1bbi t\u00e1j\u00e9koztat\u00e1st adjuk \u00d6nnek, mint \u00e9rintettnek szem\u00e9lyes adatai kezel\u00e9s\u00e9r\u0151l.  <\/p>\n<p><strong>Adatkezel\u0151:<\/strong><br \/> Az adatkezel\u0151 az <strong>Elite Digital Services<\/strong> c\u00e9g, amelynek bejegyzett sz\u00e9khelye: 1111B S Governors Ave, STE 21653, Dover, DE 19904, USA. K\u00e9pviselete: Norman Bytri\u010dan (a tov\u00e1bbiakban: &#8222;Ellen\u0151rz\u0151&#8221;).<\/p>\n<p>El\u00e9rhet\u0151s\u00e9geit:<\/p>\n<p><strong>  E-mail: info@verteco.shop<br \/> Telefon: +32 480 20 46 99<\/strong><\/p>\n<p><strong>Szem\u00e9lyes adatokhoz val\u00f3 hozz\u00e1f\u00e9r\u00e9s:<\/strong><\/p>\n<p>A szem\u00e9lyes adatok kezel\u00e9se sor\u00e1n a szem\u00e9lyes adatokhoz az Adatkezel\u0151n \u00e9s az Elite Digital Services, LLC-vel kapcsolatban \u00e1ll\u00f3 t\u00e1rsas\u00e1gokon, valamint azok alkalmazottaikon k\u00edv\u00fcl m\u00e1s, szem\u00e9lyes adatokat feldolgoz\u00f3k\u00e9nt kezel\u0151 szem\u00e9lyek is hozz\u00e1f\u00e9rhetnek. Az adatfeldolgoz\u00f3k, azaz az Adatkezel\u0151 megb\u00edz\u00e1s\u00e1b\u00f3l kezelt szem\u00e9lyes adatok c\u00edmzettjei konkr\u00e9t, folyamatosan friss\u00fcl\u0151 list\u00e1ja az al\u00e1bbi kateg\u00f3ri\u00e1kban: <\/p>\n<p>\u2022 Marketing szolg\u00e1ltat\u00e1sokat ny\u00fajt\u00f3 c\u00e9gek<br \/> \u2022 B\u00e9rsz\u00e1mfejt\u00e9si \u00e9s sz\u00e1mviteli szolg\u00e1ltat\u00e1sokat ny\u00fajt\u00f3 c\u00e9gek<br \/> \u2022 Bels\u0151 \u00e9s k\u00fcls\u0151 audit szolg\u00e1ltat\u00e1st ny\u00fajt\u00f3 c\u00e9gek<\/p>\n<p><strong><br \/>Jogi alap:<\/strong><\/p>\n<p>A szem\u00e9lyes adatok kezel\u00e9s\u00e9nek jogalapja f\u0151szab\u00e1ly szerint a t\u00f6rv\u00e9nyi k\u00f6telezetts\u00e9g (k\u00fcl\u00f6n\u00f6sen a szem\u00e9lyes adatok v\u00e9delm\u00e9r\u0151l sz\u00f3l\u00f3 18\/2018. sz. t\u00f6rv\u00e9ny) teljes\u00edt\u00e9se, az abb\u00f3l ered\u0151 szerz\u0151d\u00e9ses k\u00f6telezetts\u00e9gek megk\u00f6t\u00e9se, kezel\u00e9se \u00e9s teljes\u00edt\u00e9se. munka- \u00e9s kereskedelmi szerz\u0151d\u00e9sek, a jogos \u00e9rdek, amely az Adatkezel\u0151 \u00e9s alkalmazottai jogainak \u00e9s \u00e9rdekeinek v\u00e9delme, valamint az \u00e9rintett hozz\u00e1j\u00e1rul\u00e1sa (els\u0151sorban marketing, verseny, t\u00e1rsadalmi rendezv\u00e9nyek) stb.). A szem\u00e9lyes adatok kezel\u00e9s\u00e9hez a hozz\u00e1j\u00e1rul\u00e1st \u00f6nk\u00e9ntesen kell megadni, az \u00e9rintett a hozz\u00e1j\u00e1rul\u00e1s\u00e1t b\u00e1rmikor visszavonhatja. A hozz\u00e1j\u00e1rul\u00e1s azonban sz\u00fcks\u00e9ges ahhoz, hogy az Adatkezel\u0151 p\u00e9ld\u00e1ul c\u00e9ges rendezv\u00e9nyeket \u00e9s hasonl\u00f3kat biztos\u00edtson, \u00e9s e hozz\u00e1j\u00e1rul\u00e1s n\u00e9lk\u00fcl az Adatkezel\u0151 nem jogosult a sz\u00f3ban forg\u00f3 szolg\u00e1ltat\u00e1sok ny\u00fajt\u00e1s\u00e1ra. Ha az \u00e9rintett megtagadja az Adatkezel\u0151 szerz\u0151d\u00e9ses k\u00f6telezetts\u00e9geinek teljes\u00edt\u00e9se vagy a jogszab\u00e1lyok betart\u00e1sa \u00e9rdek\u00e9ben sz\u00fcks\u00e9ges szem\u00e9lyes adatok adatkezel\u0151 r\u00e9sz\u00e9re t\u00f6rt\u00e9n\u0151 megad\u00e1s\u00e1t, az Adatkezel\u0151 nem k\u00f6teles szerz\u0151d\u00e9st k\u00f6tni, vagy egy\u00e9b szolg\u00e1ltat\u00e1st ny\u00fajtani.   <\/p>\n<p><strong><br \/>Feldolgozott szem\u00e9lyes adatok:<\/strong><\/p>\n<p>Gy\u0171jtj\u00fck keresked\u0151ink \u00fcgyfeleinek nev\u00e9t, e-mail-c\u00edm\u00e9t, sz\u00e1ll\u00edt\u00e1si \u00e9s sz\u00e1ml\u00e1z\u00e1si c\u00edm\u00e9t, fizet\u00e9si adatait, c\u00e9gnev\u00e9t, telefonsz\u00e1m\u00e1t, IP-c\u00edm\u00e9t, az \u00d6n \u00e1ltal kezdem\u00e9nyezett rendel\u00e9sekre vonatkoz\u00f3 inform\u00e1ci\u00f3kat, az Elite Digital Services \u2013 t\u00e1mogatott keresked\u0151i \u00fczletekr\u0151l, amelyeket felkeres, valamint inform\u00e1ci\u00f3kat. az \u00d6n \u00e1ltal haszn\u00e1lt eszk\u00f6zr\u0151l \u00e9s b\u00f6ng\u00e9sz\u0151r\u0151l. Ezeket az inform\u00e1ci\u00f3kat akkor gy\u0171jtj\u00fck, amikor szolg\u00e1ltat\u00e1sainkat haszn\u00e1l\u00f3 \u00fczletet haszn\u00e1l vagy bel\u00e9p, p\u00e9ld\u00e1ul amikor megl\u00e1togatja egy keresked\u0151 webhely\u00e9t, megrendel\u00e9st ad le vagy fi\u00f3kot regisztr\u00e1l egy keresked\u0151 webhely\u00e9n. Amikor megl\u00e1togatja vagy b\u00f6ng\u00e9szi a verteco.shop CSS szolg\u00e1ltat\u00e1sok webhely\u00e9t, inform\u00e1ci\u00f3kat gy\u0171jt\u00fcnk az \u00d6n \u00e1ltal haszn\u00e1lt eszk\u00f6zr\u0151l \u00e9s b\u00f6ng\u00e9sz\u0151r\u0151l, a h\u00e1l\u00f3zati kapcsolatr\u00f3l, az \u00d6n IP-c\u00edm\u00e9r\u0151l, valamint az eszk\u00f6z\u00e9re telep\u00edtett cookie-kr\u00f3l. Ezenk\u00edv\u00fcl gy\u0171jtj\u00fck az \u00d6n \u00e1ltal a webhely\u00fcnkr\u0151l el\u00e9rhet\u0151 \u00fczenetk\u00fcld\u00e9si funkci\u00f3kon kereszt\u00fcl beny\u00fajtott szem\u00e9lyes adatokat. A f\u00f3rum felhaszn\u00e1l\u00f3it\u00f3l gy\u0171jtj\u00fck az \u00d6n nev\u00e9t, e-mail c\u00edm\u00e9t, webhely\u00e9nek URL-c\u00edm\u00e9t \u00e9s egy\u00e9b szem\u00e9lyes adatait, amelyeket k\u00f6zz\u00e9tehet.    <\/p>\n<p><strong><br \/>A feldolgoz\u00e1s \u00e9s a megoszt\u00e1s c\u00e9lja:<\/strong><\/p>\n<p>Ezeket az inform\u00e1ci\u00f3kat arra haszn\u00e1ljuk, hogy keresked\u0151ink sz\u00e1m\u00e1ra biztos\u00edtsuk a szolg\u00e1ltat\u00e1sokat, bele\u00e9rtve a rendel\u00e9sek t\u00e1mogat\u00e1s\u00e1t \u00e9s feldolgoz\u00e1s\u00e1t, a hiteles\u00edt\u00e9st \u00e9s a fizet\u00e9seket. Ezeket az inform\u00e1ci\u00f3kat szolg\u00e1ltat\u00e1saink fejleszt\u00e9s\u00e9re is haszn\u00e1ljuk. Az Elite Digital Services, LLC harmadik felekkel \u00e9s szolg\u00e1ltat\u00f3kkal is egy\u00fcttm\u0171k\u00f6dik, hogy seg\u00edtse keresked\u0151inket a szolg\u00e1ltat\u00e1sok ny\u00fajt\u00e1s\u00e1ban, \u00e9s ezen er\u0151fesz\u00edt\u00e9sek t\u00e1mogat\u00e1sa \u00e9rdek\u00e9ben megoszthatunk vel\u00fck szem\u00e9lyes adatokat. Az al\u00e1bbi esetekben is megoszthatjuk adatait:   <\/p>\n<ul>\n<li>illeg\u00e1lis tev\u00e9kenys\u00e9gek, csal\u00e1sgyan\u00fas helyzetek, b\u00e1rmely szem\u00e9ly testi \u00e9ps\u00e9g\u00e9t potenci\u00e1lisan vesz\u00e9lyeztet\u0151 helyzetek, Felhaszn\u00e1l\u00e1si Felt\u00e9teleink vagy a szolg\u00e1ltat\u00e1sokkal kapcsolatos b\u00e1rmely m\u00e1s meg\u00e1llapod\u00e1s megs\u00e9rt\u00e9se, illetve a szolg\u00e1ltat\u00e1sokkal kapcsolatos egy\u00e9b meg\u00e1llapod\u00e1sok megs\u00e9rt\u00e9se, kivizsg\u00e1l\u00e1sa vagy int\u00e9zked\u00e9sek megt\u00e9tele. t\u00f6rv\u00e9ny.<\/li>\n<li>Ha a keresked\u0151, akinek az \u00fczlet\u00e9t megl\u00e1togatja vagy hozz\u00e1f\u00e9r, arra utas\u00edt benn\u00fcnket, hogy tov\u00e1bb\u00edtsuk ezeket az inform\u00e1ci\u00f3kat (p\u00e9ld\u00e1ul, ha enged\u00e9lyez egy harmadik f\u00e9lt\u0151l sz\u00e1rmaz\u00f3 alkalmaz\u00e1st, amely hozz\u00e1f\u00e9r az \u00fcgyf\u00e9l szem\u00e9lyes adataihoz).<\/li>\n<li>megfelelni a jogi k\u00f6vetelm\u00e9nyeknek, vagy v\u00e1laszolni a t\u00f6rv\u00e9nyes b\u00edr\u00f3s\u00e1gi v\u00e9gz\u00e9sekre, id\u00e9z\u00e9sekre, v\u00e9gz\u00e9sekre vagy a hat\u00f3s\u00e1gok egy\u00e9b k\u00e9r\u00e9s\u00e9re (bele\u00e9rtve a nemzetbiztons\u00e1gi vagy b\u0171n\u00fcld\u00f6z\u00e9si k\u00f6vetelm\u00e9nyek teljes\u00edt\u00e9s\u00e9t).<\/li>\n<\/ul>\n<p>A szem\u00e9lyes adatok megoszthat\u00f3k olyan t\u00e1rsas\u00e1ggal is, amely felv\u00e1s\u00e1rolja a mi \u00fczlet\u00fcnket vagy egy olyan keresked\u0151 \u00fczlet\u00e9t, amelynek \u00fczlet\u00e9t \u00d6n felkeresi vagy hozz\u00e1f\u00e9r, ak\u00e1r egyes\u00fcl\u00e9s, felv\u00e1s\u00e1rl\u00e1s, cs\u0151d, feloszl\u00e1s, \u00e1tszervez\u00e9s vagy m\u00e1s hasonl\u00f3 tranzakci\u00f3 vagy elj\u00e1r\u00e1s r\u00e9v\u00e9n.<\/p>\n<p><strong><br \/>A szem\u00e9lyes adatok t\u00e1rol\u00e1sa \u00e9s az adatkezel\u00e9s id\u0151tartama:<\/strong><\/p>\n<p>Az Adatkezel\u0151 jogosult az \u00e9rintettek szem\u00e9lyes adatainak kezel\u00e9s\u00e9re a vonatkoz\u00f3 jogszab\u00e1lyoknak megfelel\u0151en meghat\u00e1rozott ideig. A szem\u00e9lyes adatok hozz\u00e1j\u00e1rul\u00e1s alapj\u00e1n t\u00f6rt\u00e9n\u0151 feldolgoz\u00e1sa csak addig az id\u0151tartamig lehets\u00e9ges, ameddig a hozz\u00e1j\u00e1rul\u00e1st megadt\u00e1k. A hozz\u00e1j\u00e1rul\u00e1st az adatkezel\u0151 a k\u00f6vetkez\u0151 h\u00e1rom (3) \u00e9vre vagy a hozz\u00e1j\u00e1rul\u00e1s visszavon\u00e1s\u00e1nak pillanat\u00e1ig adja meg. A vonatkoz\u00f3 id\u0151szak lej\u00e1rtakor a szem\u00e9lyes adatok t\u00f6rl\u00e9sre ker\u00fclnek, ha t\u00e1rol\u00e1sukat a vonatkoz\u00f3 jogszab\u00e1lyok nem \u00edrj\u00e1k el\u0151.   <\/p>\n<p><strong><br \/>Az \u00e9rintettek szem\u00e9lyes adatok feldolgoz\u00e1s\u00e1val kapcsolatos jogai:<\/strong><\/p>\n<p>A szem\u00e9lyes adatok feldolgoz\u00e1s\u00e1val kapcsolatban az \u00e9rintettek az al\u00e1bbi jogokat gyakorolhatj\u00e1k:<\/p>\n<ul>\n<li>a szem\u00e9lyes adataikhoz val\u00f3 hozz\u00e1f\u00e9r\u00e9s \u00e9s az azokkal kapcsolatos t\u00e1j\u00e9koztat\u00e1s joga;<\/li>\n<li>a szem\u00e9lyes adatok helyesb\u00edt\u00e9s\u00e9hez val\u00f3 jog;<\/li>\n<li>a szem\u00e9lyes adatok t\u00f6rl\u00e9s\u00e9hez val\u00f3 jog;<\/li>\n<li>a szem\u00e9lyes adatok kezel\u00e9s\u00e9nek korl\u00e1toz\u00e1s\u00e1hoz val\u00f3 jog<\/li>\n<li>a szem\u00e9lyes adatok hordozhat\u00f3s\u00e1g\u00e1hoz val\u00f3 jog;<\/li>\n<li>a szem\u00e9lyes adatok kezel\u00e9se elleni tiltakoz\u00e1s joga;<\/li>\n<li>az automatiz\u00e1lt egy\u00e9ni d\u00f6nt\u00e9shozatal \u2013 ide\u00e9rtve a profilalkot\u00e1st is \u2013 eredm\u00e9nytelens\u00e9g\u00e9hez val\u00f3 jog;<\/li>\n<li>a hozz\u00e1j\u00e1rul\u00e1s b\u00e1rmikori visszavon\u00e1s\u00e1nak joga (ha a hozz\u00e1j\u00e1rul\u00e1s az adatkezel\u00e9s jogalapja);<\/li>\n<li>a 100. \u00e9s azt k\u00f6vet\u0151 cikkek szerinti elj\u00e1r\u00e1s megind\u00edt\u00e1s\u00e1ra ir\u00e1nyul\u00f3 ind\u00edtv\u00e1ny beny\u00fajt\u00e1s\u00e1nak joga. pontj\u00e1ban foglaltak szerint a fel\u00fcgyeleti hat\u00f3s\u00e1ggal. <\/li>\n<\/ul>\n<p>Az \u00e9rintettek gyakorolhatj\u00e1k a fenti jogokat, amelyeket r\u00e9szletesebben a 21. \u00e9s azt k\u00f6vet\u0151 cikkek tartalmaznak. \u00a7-\u00e1nak megfelel\u0151en, a szem\u00e9lyes adatok v\u00e9delm\u00e9r\u0151l sz\u00f3l\u00f3 t\u00f6rv\u00e9nynek \u00e9s a GDPR-nak, valamint m\u00e1s vonatkoz\u00f3 jogszab\u00e1lyoknak megfelel\u0151en. Az \u00e9rintettek jogaikat az Adatkezel\u0151vel szemben az Adatkezel\u0151 sz\u00e9khely\u00e9re k\u00fcld\u00f6tt vagy k\u00e9zbes\u00edtett \u00edr\u00e1sbeli k\u00e9relemben, illetve az info@verteco.shop c\u00edmre k\u00fcld\u00f6tt elektronikus lev\u00e9lben gyakorolhatj\u00e1k.<br \/> A k\u00e9relemnek a k\u00f6vetkez\u0151 adatokat kell tartalmaznia: n\u00e9v, vezet\u00e9kn\u00e9v, sz\u00fclet\u00e9si id\u0151 \u00e9s \u00e1lland\u00f3 lakc\u00edm, hogy az Adatkezel\u0151 azonos\u00edtani tudja az \u00e9rintettet. Az Adatkezel\u0151 k\u00e9rheti az \u00e9rintett szem\u00e9lyazonoss\u00e1g\u00e1nak ellen\u0151rz\u00e9s\u00e9hez sz\u00fcks\u00e9ges tov\u00e1bbi inform\u00e1ci\u00f3k megad\u00e1s\u00e1t, ha megalapozott k\u00e9ts\u00e9gei vannak a term\u00e9szetes szem\u00e9ly szem\u00e9lyazonoss\u00e1g\u00e1val kapcsolatban. Az Adatkezel\u0151 k\u00f6teles az \u00e9rintettet a k\u00e9relem be\u00e9rkez\u00e9s\u00e9t\u0151l sz\u00e1m\u00edtott egy (1) h\u00f3napon bel\u00fcl t\u00e1j\u00e9koztat\u00e1st adni a k\u00e9relm\u00e9re megtett int\u00e9zked\u00e9sekr\u0151l. Indokolt esetben, tekintettel a k\u00e9r\u00e9sek \u00f6sszetetts\u00e9g\u00e9re \u00e9s sz\u00e1m\u00e1ra, az Adatkezel\u0151 a fenti id\u0151tartamot tov\u00e1bbi k\u00e9t (2) h\u00f3nappal meghosszabb\u00edthatja, ak\u00e1r t\u00f6bbsz\u00f6r is. Az adatkezel\u0151 k\u00f6teles az \u00e9rintettet az ilyen hosszabb\u00edt\u00e1sr\u00f3l a k\u00e9relem be\u00e9rkez\u00e9s\u00e9t\u0151l sz\u00e1m\u00edtott egy (1) h\u00f3napon bel\u00fcl t\u00e1j\u00e9koztatni, megjel\u00f6lve a hat\u00e1rid\u0151 meghosszabb\u00edt\u00e1s\u00e1nak indokait. Ha az \u00e9rintett a k\u00e9relm\u00e9t elektronikus form\u00e1ban ny\u00fajtotta be, az Adatkezel\u0151 a t\u00e1j\u00e9koztat\u00e1st elektronikus form\u00e1ban adja meg, kiv\u00e9ve, ha az \u00e9rintett egy\u00e9b m\u00f3don k\u00e9rt t\u00e1j\u00e9koztat\u00e1st. Ha az Adatkezel\u0151 az \u00e9rintett k\u00e9relm\u00e9re nem tesz int\u00e9zked\u00e9seket, k\u00f6teles a k\u00e9relem be\u00e9rkez\u00e9s\u00e9t\u0151l sz\u00e1m\u00edtott egy (1) h\u00f3napon bel\u00fcl t\u00e1j\u00e9koztatni az \u00e9rintettet az int\u00e9zked\u00e9s elmarad\u00e1s\u00e1nak okair\u00f3l, valamint annak lehet\u0151s\u00e9g\u00e9r\u0151l. a szem\u00e9lyes adatok v\u00e9delm\u00e9r\u0151l sz\u00f3l\u00f3 t\u00f6rv\u00e9ny 100. \u00a7-a szerinti elj\u00e1r\u00e1s megind\u00edt\u00e1s\u00e1ra ir\u00e1nyul\u00f3 ind\u00edtv\u00e1ny beny\u00fajt\u00e1s\u00e1ra a Szem\u00e9lyes Adatv\u00e9delmi Hivataln\u00e1l. A megtett int\u00e9zked\u00e9sekr\u0151l sz\u00f3l\u00f3 \u00e9rtes\u00edt\u00e9seket ingyenesen kell megadni. Ha az \u00e9rintett k\u00e9relme nyilv\u00e1nval\u00f3an megalapozatlan vagy \u2013 k\u00fcl\u00f6n\u00f6sen ism\u00e9tl\u0151d\u0151 jellege miatt \u2013 nem hely\u00e9nval\u00f3, az Adatkezel\u0151 a t\u00e1j\u00e9koztat\u00e1s adminisztrat\u00edv k\u00f6lts\u00e9geit figyelembe v\u00e9ve \u00e9sszer\u0171 d\u00edjat, illetve az adminisztr\u00e1ci\u00f3s k\u00f6lts\u00e9geket figyelembe v\u00e9ve \u00e9sszer\u0171 d\u00edjat k\u00e9rhet. a bejelent\u00e9st, vagy a k\u00e9rt int\u00e9zked\u00e9s v\u00e9grehajt\u00e1s\u00e1nak adminisztrat\u00edv k\u00f6lts\u00e9geit figyelembe vev\u0151 \u00e9sszer\u0171 d\u00edjat, vagy megtagadja a k\u00e9relem teljes\u00edt\u00e9s\u00e9t. Az Adatkezel\u0151 k\u00f6teles bizony\u00edtani, hogy a k\u00e9relem megalapozatlan vagy nem megfelel\u0151.           <\/p>\n<p>Az Elite Digital Services, LLC tudom\u00e1sul veszi, hogy \u00d6nnek jogai vannak szem\u00e9lyes adatai felett, \u00e9s \u00e9sszer\u0171 l\u00e9p\u00e9seket tesz annak \u00e9rdek\u00e9ben, hogy lehet\u0151v\u00e9 tegye az \u00d6n szem\u00e9lyes adataihoz val\u00f3 hozz\u00e1f\u00e9r\u00e9st, azok jav\u00edt\u00e1s\u00e1t, m\u00f3dos\u00edt\u00e1s\u00e1t, t\u00f6rl\u00e9s\u00e9t, \u00e1thelyez\u00e9s\u00e9t vagy felhaszn\u00e1l\u00e1s\u00e1nak korl\u00e1toz\u00e1s\u00e1t. Ha \u00d6n keresked\u0151 vagy partner, sz\u00e1mos szem\u00e9lyes adatot, p\u00e9ld\u00e1ul fizet\u00e9si vagy kapcsolattart\u00e1si adatokat friss\u00edthet k\u00f6zvetlen\u00fcl a fi\u00f3kbe\u00e1ll\u00edt\u00e1sokban. Ha nem tudja m\u00f3dos\u00edtani szem\u00e9lyes adatait fi\u00f3kbe\u00e1ll\u00edt\u00e1saiban, vagy ha agg\u00f3dik az Elite Digital Services, LLC webhely felkeres\u00e9se vagy t\u00e1mogat\u00e1si szolg\u00e1ltat\u00e1saink ig\u00e9nybev\u00e9tele sor\u00e1n gy\u0171jt\u00f6tt adatok miatt, k\u00e9rj\u00fck, l\u00e9pjen kapcsolatba vel\u00fcnk a sz\u00fcks\u00e9ges v\u00e1ltoztat\u00e1sok v\u00e9grehajt\u00e1sa \u00e9rdek\u00e9ben. Fontos megjegyezni, hogy ha t\u00f6rli vagy korl\u00e1tozza szem\u00e9lyes adatait, el\u0151fordulhat, hogy a szolg\u00e1ltat\u00e1sok nem fognak megfelel\u0151en m\u0171k\u00f6dni.   <\/p>\n\t\t\t\t\t\t\t\t<\/div>\n\t\t\t\t<\/div>\n\t\t\t\t\t<\/div>\n\t\t<\/div>\n\t\t\t\t\t<\/div>\n\t\t<\/section>\n\t\t\t\t<\/div>\n\t\t","protected":false},"excerpt":{"rendered":"<p>Adatv\u00e9delmi szab\u00e1lyzat a 19. \u00e9s azt k\u00f6vet\u0151 cikkek \u00e9rtelm\u00e9ben. t\u00f6rv\u00e9ny 18\/2018. a szem\u00e9lyes adatok v\u00e9delm\u00e9r\u0151l, valamint egyes t\u00f6rv\u00e9nyek m\u00f3dos\u00edt\u00e1sair\u00f3l \u00e9s kieg\u00e9sz\u00edt\u00e9seir\u0151l sz\u00f3l\u00f3, a m\u00f3dos\u00edtott 2016. \u00e1prilis 27-i (EU) 2016\/679 eur\u00f3pai parlamenti \u00e9s tan\u00e1csi rendelet 13. \u00e9s 14. cikk\u00e9vel \u00f6sszhangban. term\u00e9szetes szem\u00e9lyeknek a szem\u00e9lyes adatok feldolgoz\u00e1sa \u00e9s az ilyen adatok szabad \u00e1raml\u00e1sa tekintet\u00e9ben, valamint a 95\/46\/EK [&hellip;]<\/p>\n","protected":false},"author":1,"featured_media":0,"parent":0,"menu_order":0,"comment_status":"closed","ping_status":"closed","template":"","meta":{"footnotes":""},"class_list":["post-15273","page","type-page","status-publish","hentry"],"_links":{"self":[{"href":"https:\/\/verteco.shop\/hu\/wp-json\/wp\/v2\/pages\/15273","targetHints":{"allow":["GET"]}}],"collection":[{"href":"https:\/\/verteco.shop\/hu\/wp-json\/wp\/v2\/pages"}],"about":[{"href":"https:\/\/verteco.shop\/hu\/wp-json\/wp\/v2\/types\/page"}],"author":[{"embeddable":true,"href":"https:\/\/verteco.shop\/hu\/wp-json\/wp\/v2\/users\/1"}],"replies":[{"embeddable":true,"href":"https:\/\/verteco.shop\/hu\/wp-json\/wp\/v2\/comments?post=15273"}],"version-history":[{"count":0,"href":"https:\/\/verteco.shop\/hu\/wp-json\/wp\/v2\/pages\/15273\/revisions"}],"wp:attachment":[{"href":"https:\/\/verteco.shop\/hu\/wp-json\/wp\/v2\/media?parent=15273"}],"curies":[{"name":"wp","href":"https:\/\/api.w.org\/{rel}","templated":true}]}}