{"id":9987,"date":"2023-05-18T23:08:13","date_gmt":"2023-05-18T21:08:13","guid":{"rendered":"https:\/\/verteco.shop\/uvjeti-pruzanja-usluge\/"},"modified":"2024-11-06T14:56:26","modified_gmt":"2024-11-06T12:56:26","slug":"uvjeti-pruzanja-usluge","status":"publish","type":"page","link":"https:\/\/verteco.shop\/hr\/uvjeti-pruzanja-usluge\/","title":{"rendered":"Uvjeti pru\u017eanja usluge"},"content":{"rendered":"\t\t<div data-elementor-type=\"wp-page\" data-elementor-id=\"9987\" class=\"elementor elementor-9987 elementor-7045\" data-elementor-post-type=\"page\">\n\t\t\t\t\t\t<section class=\"elementor-section elementor-top-section elementor-element elementor-element-2140112 elementor-section-boxed elementor-section-height-default elementor-section-height-default\" data-id=\"2140112\" data-element_type=\"section\" data-e-type=\"section\">\n\t\t\t\t\t\t<div class=\"elementor-container elementor-column-gap-default\">\n\t\t\t\t\t<div class=\"elementor-column elementor-col-100 elementor-top-column elementor-element elementor-element-c52fb5b\" data-id=\"c52fb5b\" data-element_type=\"column\" data-e-type=\"column\">\n\t\t\t<div class=\"elementor-widget-wrap elementor-element-populated\">\n\t\t\t\t\t\t<div class=\"elementor-element elementor-element-e3899a0 elementor-widget elementor-widget-heading\" data-id=\"e3899a0\" data-element_type=\"widget\" data-e-type=\"widget\" data-widget_type=\"heading.default\">\n\t\t\t\t<div class=\"elementor-widget-container\">\n\t\t\t\t\t<h2 class=\"elementor-heading-title elementor-size-default\">Uvjeti pru\u017eanja usluge<\/h2>\t\t\t\t<\/div>\n\t\t\t\t<\/div>\n\t\t\t\t\t<\/div>\n\t\t<\/div>\n\t\t\t\t\t<\/div>\n\t\t<\/section>\n\t\t\t\t<section class=\"elementor-section elementor-top-section elementor-element elementor-element-2f6b0dc3 elementor-section-boxed elementor-section-height-default elementor-section-height-default\" data-id=\"2f6b0dc3\" data-element_type=\"section\" data-e-type=\"section\">\n\t\t\t\t\t\t<div class=\"elementor-container elementor-column-gap-default\">\n\t\t\t\t\t<div class=\"elementor-column elementor-col-100 elementor-top-column elementor-element elementor-element-6f586bdd\" data-id=\"6f586bdd\" data-element_type=\"column\" data-e-type=\"column\">\n\t\t\t<div class=\"elementor-widget-wrap elementor-element-populated\">\n\t\t\t\t\t\t<div class=\"elementor-element elementor-element-73b178c0 elementor-widget elementor-widget-text-editor\" data-id=\"73b178c0\" data-element_type=\"widget\" data-e-type=\"widget\" data-widget_type=\"text-editor.default\">\n\t\t\t\t<div class=\"elementor-widget-container\">\n\t\t\t\t\t\t\t\t\t<p style=\"text-align: start;\">Ove Uvjete pru\u017eanja usluge (&#8220;Uvjeti&#8221;) izdaje Elite Digital Services, LLC, Delaware Limited Liability Company, sa sjedi\u0161tem na adresi 1111B S Governors Ave, STE 21653, Dover, DE 19904, SAD (u daljnjem tekstu &#8220;Verteco&#8221; ,&#8221; &#8220;mi&#8221;, &#8220;nas&#8221; ili &#8220;na\u0161&#8221;). Ovi Uvjeti reguliraju va\u0161 pristup i kori\u0161tenje na\u0161ih usluga, uklju\u010duju\u0107i, ali ne ograni\u010davaju\u0107i se na program Verteco.shop Comparison Shopping Service (CSS), na\u0161e web mjesto, alate i sve druge zna\u010dajke koje pru\u017eamo (zajedni\u010dki se nazivaju &#8221; usluge\u201d). <\/p>\n<p style=\"text-align: start;\">Pristupom ili kori\u0161tenjem na\u0161ih Usluga, vi (&#8220;vi&#8221;, &#8220;va\u0161&#8221; ili &#8220;Kupac&#8221;) potvr\u0111ujete da ste pro\u010ditali, razumjeli i da se sla\u017eete da budete pravno vezani ovim Uvjetima. Ako se ne sla\u017eete s ovim Uvjetima, ne smijete koristiti na\u0161e Usluge. <\/p>\n<p style=\"text-align: start;\">Verteco.shop pru\u017ea specijaliziranu uslugu usporedbe cijena (CSS) dizajniranu za optimizaciju u\u010dinkovitosti Google Shopping oglasa. Kori\u0161tenjem pravnog okvira, na\u0161 CSS omogu\u0107uje ogla\u0161iva\u010dima potencijalno postizanje do 20% smanjenja tro\u0161kova ogla\u0161avanja prelaskom s Googleovog zadanog CSS-a na na\u0161u platformu. Ovaj prijelaz omogu\u0107uje isplativije ogla\u0161avanje kroz pobolj\u0161ane cijene po kliku (CPC). Nudimo jednostavnu probnu verziju bez rizika koja odr\u017eava va\u0161e postoje\u0107e postavke kampanje, osiguravaju\u0107i i sigurnost podataka i jednostavnost kontinuiranog uspjeha ogla\u0161avanja.   <\/p>\n<ol style=\"text-align: left;\">\n<li><strong>Prihva\u0107anje uvjeta<\/strong><\/li>\n<\/ol>\n<p style=\"text-align: left;\">Pristupom ili kori\u0161tenjem na\u0161ih Usluga, potvr\u0111ujete da ste pro\u010ditali, razumjeli i suglasni da ste zakonski vezani ovim Uvjetima i na\u0161om Politikom privatnosti. Ako se ne sla\u017eete s bilo kojim dijelom ovih Uvjeta, morate se suzdr\u017eati od pristupa ili kori\u0161tenja na\u0161ih Usluga. <\/p>\n<ol style=\"text-align: left;\" start=\"2\">\n<li><strong>Podobnost<\/strong><\/li>\n<\/ol>\n<p style=\"text-align: left;\">Morate imati najmanje 18 godina da biste pristupili ili koristili na\u0161e Usluge. Pristupom ili kori\u0161tenjem na\u0161ih usluga izjavljujete i jam\u010dite da imate najmanje 18 godina i da na\u0161e usluge koristite isklju\u010divo u poduzetni\u010dke, poslovne ili profesionalne svrhe. Na\u0161e usluge namijenjene su isklju\u010divo pojedincima ili subjektima koji se bave poslovnim aktivnostima. Ako ne ispunjavate ove zahtjeve, zabranjeno vam je kori\u0161tenje na\u0161ih usluga.   <\/p>\n<ol style=\"text-align: left;\" start=\"3\">\n<li><strong>Registracija ra\u010duna<\/strong><\/li>\n<\/ol>\n<p>Da biste pristupili odre\u0111enim zna\u010dajkama na\u0161ih Usluga, mo\u017eda \u0107ete morati izraditi ra\u010dun. Isklju\u010divo ste vi odgovorni za odr\u017eavanje povjerljivosti vjerodajnica va\u0161eg ra\u010duna, uklju\u010duju\u0107i svoje korisni\u010dko ime i lozinku, te za sve aktivnosti koje se odvijaju pod va\u0161im ra\u010dunom. Sla\u017eete se da \u0107ete nas odmah obavijestiti o svakom neovla\u0161tenom pristupu ili kori\u0161tenju va\u0161eg ra\u010duna ili bilo kakvom drugom kr\u0161enju sigurnosti. Nismo odgovorni ni za kakav gubitak ili \u0161tetu nastalu va\u0161im nepo\u0161tivanjem ove sigurnosne obveze.  <\/p>\n<ol style=\"text-align: left;\" start=\"4\">\n<li><strong>Besplatna probna verzija<\/strong><\/li>\n<\/ol>\n<p>Nudimo 30-dnevno besplatno probno razdoblje za na\u0161 CSS program, tijekom kojeg nisu potrebni podaci o kreditnoj kartici ili pla\u0107anju. Nakon isteka probnog razdoblja, nastavak pristupa na\u0161im Uslugama zahtijevat \u0107e od vas da odaberete plan cijena i date va\u017ee\u0107e podatke o pla\u0107anju. Ako to ne u\u010dinite, do\u0107i \u0107e do obustave va\u0161eg pristupa Uslugama. Nastavkom kori\u0161tenja na\u0161ih Usluga nakon isteka besplatnog probnog razdoblja, pristajete odabrati i pretplatiti se na plan usluge uz pla\u0107anje te potvr\u0111ujete da ste obvezni ispuniti uvjete pla\u0107anja povezane s odabranim planom.   <\/p>\n<ol style=\"text-align: left;\" start=\"5\">\n<li><strong>Cijene i pla\u0107anje<\/strong><\/li>\n<\/ol>\n<p>Na\u0161i planovi cijena dostupni su na na\u0161oj web stranici, nude\u0107i razli\u010dite opcije prilago\u0111ene razli\u010ditim potrebama. Pla\u0107anja dospijevaju na mjese\u010dnoj ili godi\u0161njoj osnovi, ovisno o planu koji odaberete. U skladu s pojedina\u010dnim priop\u0107enjima i prema vlastitom naho\u0111enju, zadr\u017eavamo pravo pro\u0161iriti ponudu popusta, bonusa ili drugih promotivnih poticaja. Takve se ponude mogu pru\u017eiti od slu\u010daja do slu\u010daja i ne predstavljaju obvezu s na\u0161e strane da sli\u010dne uvjete pro\u0161irimo na bilo kojeg drugog kupca ili u bilo koje drugo vrijeme. Ovi popusti i bonusi daju se isklju\u010divo prema na\u0161em naho\u0111enju i mogu podlijegati dodatnim uvjetima i odredbama kako je navedeno u trenutku ponude. Sve naknade su nepovratne, osim ako to zahtijeva va\u017ee\u0107i zakon.     <\/p>\n<\/p>\n<p>Obveze pla\u0107anja za na\u0161e usluge zapo\u010dinju 30 dana nakon datuma na koji va\u0161 Merchant Center (MC) prije\u0111e na verteco.shop Comparison Shopping Service (CSS). To zna\u010di da \u0107e vam se po\u010deti napla\u0107ivati \u200b\u200busluge po\u010dev\u0161i od 30 dana od datuma prihva\u0107anja prijelaza MC-a na na\u0161u CSS platformu. Razdoblje pla\u0107anja nastavit \u0107e se bez prekida sve dok se va\u0161 Merchant Center slu\u017ebeno ne prekine s verteco.shop CSS-om.  <\/p>\n<p>Vi ste odgovorni osigurati dovr\u0161etak postupka prekida veze ako odlu\u010dite prekinuti Usluge. Neuspjeh da ispravno prekinete vezu va\u0161eg Merchant Centera s na\u0161im CSS-om rezultirat \u0107e nastavkom naplate, a vi \u0107ete ostati odgovorni za sve nastale tro\u0161kove dok se prekid veze ne okon\u010da. <\/p>\n<p>Sva pla\u0107anja dospijevaju u skladu s ciklusom naplate plana cijena koji ste odabrali, bilo mjese\u010dno ili godi\u0161nje. Fakture \u0107e biti izdane u skladu s tim, a cjelokupno pla\u0107anje mora biti primljeno do datuma dospije\u0107a navedenog na fakturi kako bi se izbjegao bilo kakav prekid ili obustava Usluga. Zaka\u0161njela pla\u0107anja mogu rezultirati dodatnim naknadama ili kamatama kako je dopu\u0161teno zakonom, a uporno nepla\u0107anje na vrijeme mo\u017ee dovesti do prekida va\u0161eg pristupa Uslugama.  <\/p>\n<p>Va\u017eno je napomenuti da iako pru\u017eamo platformu za CSS, nemamo pristup va\u0161im Google Ads ili Google Merchant Center ra\u010dunima. Kao takvi, isklju\u010divo ste vi odgovorni za upravljanje ovim ra\u010dunima, uklju\u010duju\u0107i pokretanje i potvr\u0111ivanje prekida veze s na\u0161om CSS platformom. <\/p>\n<p>Nastavkom kori\u0161tenja na\u0161ih usluga nakon po\u010detnog razdoblja od 30 dana nakon prihva\u0107anja MC prebacivanja, prihva\u0107ate i sla\u017eete se s ovim uvjetima pla\u0107anja. Razumijete da pla\u0107anje dospijeva kao \u0161to je ovdje navedeno i da ste du\u017eni ispuniti sve obveze pla\u0107anja do trenutka kada se usluge ispravno prekinu u skladu s ovim Uvjetima. <\/p>\n<\/p>\n<p>Radi izbjegavanja sumnje, iako je Elite Digital Services, LLC primarni subjekt odgovoran za pru\u017eanje Usluga prema ovim Uvjetima, odre\u0111ene Usluge mogu biti fakturirane od strane na\u0161ih podru\u017enica ili podru\u017enica, unutar i izvan Sjedinjenih Dr\u017eava, ako se to smatra potrebnim za operativno u\u010dinkovitost. Bez obzira na takve dogovore o fakturiranju, Elite Digital Services, LLC ostaje glavni subjekt u pogledu cjelokupnog izvr\u0161enja Usluga i uskla\u0111enosti s ovim Uvjetima. <\/p>\n<p>Pristajanjem na ove Uvjete pristajete na mogu\u0107nost da fakture mogu izdavati subjekti koji nisu Elite Digital Services, LLC, bez utjecaja na va\u0161e obveze prema ovim Uvjetima. Sve osobe koje izdaju fakture bit \u0107e ovla\u0161tene od strane Elite Digital Services, LLC i djelovat \u0107e u njeno ime u vezi s pru\u017eenim Uslugama. <\/p>\n<ol style=\"text-align: left;\" start=\"6\">\n<li><strong>Promjene usluga i uvjeta<\/strong><\/li>\n<\/ol>\n<p>Zadr\u017eavamo pravo izmjene na\u0161ih Usluga ili ovih Uvjeta u bilo kojem trenutku, prema vlastitom naho\u0111enju. U slu\u010daju bilo kakvih materijalnih promjena ovih Uvjeta, obavijestit \u0107emo vas objavljivanjem a\u017euriranih Uvjeta na na\u0161oj web stranici ili drugim odgovaraju\u0107im sredstvom komunikacije. Va\u0161e daljnje kori\u0161tenje na\u0161ih usluga nakon obavijesti o takvim promjenama predstavlja va\u0161e prihva\u0107anje revidiranih Uvjeta. Ako se ne sla\u017eete s izmijenjenim Uvjetima, morate odmah prekinuti kori\u0161tenje Usluga.   <\/p>\n<ol style=\"text-align: left;\" start=\"7\">\n<li><strong>Prestanak<\/strong><\/li>\n<\/ol>\n<p>Bilo koja strana mo\u017ee raskinuti ovaj Ugovor u bilo koje vrijeme, iz bilo kojeg razloga, slanjem pisane obavijesti drugoj strani. Nakon raskida, morate odmah prekinuti svako kori\u0161tenje na\u0161ih usluga, a mi \u0107emo vam odmah onemogu\u0107iti pristup na\u0161oj platformi. Raskid ovog Ugovora ne osloba\u0111a nijednu stranu od bilo kakvih obveza ili obveza koje su nastale prije datuma raskida.  <\/p>\n<ol style=\"text-align: left;\" start=\"8\">\n<li><strong>Intelektualno vlasni\u0161tvo<\/strong><\/li>\n<\/ol>\n<p>Sav sadr\u017eaj, za\u0161titni znakovi i drugo intelektualno vlasni\u0161tvo povezano s na\u0161im Uslugama isklju\u010divo su vlasni\u0161tvo Verteco digital services ili njegovih davatelja licence. Zabranjeno vam je koristiti, mijenjati, reproducirati, distribuirati ili na drugi na\u010din iskori\u0161tavati bilo koje na\u0161e intelektualno vlasni\u0161tvo bez prethodnog pisanog pristanka. Neovla\u0161teno kori\u0161tenje na\u0161eg intelektualnog vlasni\u0161tva mo\u017ee rezultirati pravnim postupkom.  <\/p>\n<ol style=\"text-align: left;\" start=\"9\">\n<li><strong>Odricanja od odgovornosti i ograni\u010denje odgovornosti<\/strong><\/li>\n<\/ol>\n<p>Kori\u0161tenjem na\u0161ih usluga, prihva\u0107ate i sla\u017eete se da nemamo pristup va\u0161im Google Ads ili Google Merchant Center ra\u010dunima. Kao takvi, isklju\u010divo ste odgovorni za svoje postupke, odluke i sve pogre\u0161ke ili propuste unutar ovih ra\u010duna. To uklju\u010duje sve mogu\u0107e \u0161tete, poput gubitka dobiti, podataka ili dobre volje. Iako smo predani pru\u017eanju visokokvalitetnih usluga, shva\u0107ate da se ne mo\u017eemo smatrati odgovornima za probleme koji proizlaze iz va\u0161ih radnji ili okolnosti koje su izvan na\u0161e kontrole. Od vas se o\u010dekuje da kompetentno upravljate svojim ra\u010dunima, znaju\u0107i da mi ne\u0107emo intervenirati niti im pristupati u va\u0161e ime.    <\/p>\n<ol style=\"text-align: left;\" start=\"10\">\n<li><strong>Mjerodavno pravo i nadle\u017enost<\/strong><\/li>\n<\/ol>\n<p>Ovi Uvjeti ure\u0111eni su va\u017ee\u0107im zakonima i mi se obvezujemo da \u0107emo ih se pridr\u017eavati. Svi sporovi proiza\u0161li iz ili u vezi s ovim Uvjetima ili va\u0161im kori\u0161tenjem na\u0161ih usluga rje\u0161avat \u0107e se isklju\u010divo na sudovima koji se nalaze unutar nadle\u017enosti glavnog mjesta poslovanja pru\u017eatelja usluga. Kori\u0161tenjem na\u0161ih usluga, suglasni ste podvrgnuti se nadle\u017enosti ovih sudova za rje\u0161avanje svih takvih sporova.  <\/p>\n<ol style=\"text-align: left;\" start=\"11\">\n<li><strong>Razdvajanje<\/strong><\/li>\n<\/ol>\n<p>Ako se bilo koji dio ovih Uvjeta poka\u017ee neprovedivim ili neva\u017ee\u0107im, taj odre\u0111eni dio \u0107e se prilagoditi ili ukloniti \u0161to je mogu\u0107e manje, tako da \u0107e ostatak Uvjeta i dalje biti u potpunosti u\u010dinkovit i provediv.<\/p>\n<ol style=\"text-align: left;\" start=\"12\">\n<li><strong>Cjelokupni ugovor<\/strong><\/li>\n<\/ol>\n<p style=\"text-align: left;\">Ovi Uvjeti, zajedno s na\u0161im Pravilima o privatnosti, \u010dine cjelokupni ugovor izme\u0111u vas i Verteca u vezi s va\u0161im kori\u0161tenjem na\u0161ih Usluga, zamjenjuju\u0107i sve prethodne ili istodobne ugovore, komunikacije i prijedloge, bilo usmene ili pismene, izme\u0111u vas i Verteca.<\/p>\n<p style=\"text-align: left;\">Ako imate bilo kakvih pitanja ili nedoumica u vezi s ovim Uvjetima ili na\u0161im Uslugama, obratite nam se na e-mail: <a href=\"mailto:info@verteco.shop\">info@verteco.shop<\/a><\/p>\n<p style=\"text-align: left;\">\u00a9 Elite Digital Services, LLC<\/p>\n<p style=\"text-align: left;\"> Sva prava pridr\u017eana.<\/p>\n<p>Verzija: 20. 08. 2024  <\/p>\n\t\t\t\t\t\t\t\t<\/div>\n\t\t\t\t<\/div>\n\t\t\t\t\t<\/div>\n\t\t<\/div>\n\t\t\t\t\t<\/div>\n\t\t<\/section>\n\t\t\t\t<\/div>\n\t\t","protected":false},"excerpt":{"rendered":"<p>Uvjeti pru\u017eanja usluge Ove Uvjete pru\u017eanja usluge (&#8220;Uvjeti&#8221;) izdaje Elite Digital Services, LLC, Delaware Limited Liability Company, sa sjedi\u0161tem na adresi 1111B S Governors Ave, STE 21653, Dover, DE 19904, SAD (u daljnjem tekstu &#8220;Verteco&#8221; ,&#8221; &#8220;mi&#8221;, &#8220;nas&#8221; ili &#8220;na\u0161&#8221;). Ovi Uvjeti reguliraju va\u0161 pristup i kori\u0161tenje na\u0161ih usluga, uklju\u010duju\u0107i, ali ne ograni\u010davaju\u0107i se na [&hellip;]<\/p>\n","protected":false},"author":1,"featured_media":0,"parent":0,"menu_order":0,"comment_status":"closed","ping_status":"closed","template":"","meta":{"footnotes":""},"class_list":["post-9987","page","type-page","status-publish","hentry"],"_links":{"self":[{"href":"https:\/\/verteco.shop\/hr\/wp-json\/wp\/v2\/pages\/9987","targetHints":{"allow":["GET"]}}],"collection":[{"href":"https:\/\/verteco.shop\/hr\/wp-json\/wp\/v2\/pages"}],"about":[{"href":"https:\/\/verteco.shop\/hr\/wp-json\/wp\/v2\/types\/page"}],"author":[{"embeddable":true,"href":"https:\/\/verteco.shop\/hr\/wp-json\/wp\/v2\/users\/1"}],"replies":[{"embeddable":true,"href":"https:\/\/verteco.shop\/hr\/wp-json\/wp\/v2\/comments?post=9987"}],"version-history":[{"count":0,"href":"https:\/\/verteco.shop\/hr\/wp-json\/wp\/v2\/pages\/9987\/revisions"}],"wp:attachment":[{"href":"https:\/\/verteco.shop\/hr\/wp-json\/wp\/v2\/media?parent=9987"}],"curies":[{"name":"wp","href":"https:\/\/api.w.org\/{rel}","templated":true}]}}