{"id":24655,"date":"2024-07-24T23:02:28","date_gmt":"2024-07-24T21:02:28","guid":{"rendered":"https:\/\/verteco.shop\/sto-znati-prije-prihvacanja-switch-of-css-in-your-merchant-center\/"},"modified":"2025-12-16T00:18:29","modified_gmt":"2025-12-15T22:18:29","slug":"sto-znati-prije-prihvacanja-switch-of-css-in-your-merchant-center","status":"publish","type":"page","link":"https:\/\/verteco.shop\/hr\/sto-znati-prije-prihvacanja-switch-of-css-in-your-merchant-center\/","title":{"rendered":"\u0160to treba znati prije prihva\u0107anja promjene CSS-a u va\u0161em trgova\u010dkom centru?"},"content":{"rendered":"\t\t<div data-elementor-type=\"wp-page\" data-elementor-id=\"24655\" class=\"elementor elementor-24655 elementor-24569\" data-elementor-post-type=\"page\">\n\t\t\t\t\t\t<section class=\"elementor-section elementor-top-section elementor-element elementor-element-078fd90 elementor-section-boxed elementor-section-height-default elementor-section-height-default\" data-id=\"078fd90\" data-element_type=\"section\" data-e-type=\"section\" data-settings=\"{&quot;background_background&quot;:&quot;classic&quot;}\">\n\t\t\t\t\t\t<div class=\"elementor-container elementor-column-gap-default\">\n\t\t\t\t\t<div class=\"elementor-column elementor-col-100 elementor-top-column elementor-element elementor-element-dbeaacf\" data-id=\"dbeaacf\" data-element_type=\"column\" data-e-type=\"column\">\n\t\t\t<div class=\"elementor-widget-wrap elementor-element-populated\">\n\t\t\t\t\t\t<div class=\"elementor-element elementor-element-c28796d elementor-widget elementor-widget-heading\" data-id=\"c28796d\" data-element_type=\"widget\" data-e-type=\"widget\" data-widget_type=\"heading.default\">\n\t\t\t\t<div class=\"elementor-widget-container\">\n\t\t\t\t\t<h2 class=\"elementor-heading-title elementor-size-default\">\u0160to treba znati prije prihva\u0107anja promjene CSS-a u va\u0161em trgova\u010dkom centru?<\/h2>\t\t\t\t<\/div>\n\t\t\t\t<\/div>\n\t\t\t\t\t<\/div>\n\t\t<\/div>\n\t\t\t\t\t<\/div>\n\t\t<\/section>\n\t\t\t\t<section class=\"elementor-section elementor-top-section elementor-element elementor-element-2132196 elementor-section-boxed elementor-section-height-default elementor-section-height-default\" data-id=\"2132196\" data-element_type=\"section\" data-e-type=\"section\" data-settings=\"{&quot;background_background&quot;:&quot;classic&quot;}\">\n\t\t\t\t\t\t<div class=\"elementor-container elementor-column-gap-default\">\n\t\t\t\t\t<div class=\"elementor-column elementor-col-100 elementor-top-column elementor-element elementor-element-e51b319\" data-id=\"e51b319\" data-element_type=\"column\" data-e-type=\"column\">\n\t\t\t<div class=\"elementor-widget-wrap elementor-element-populated\">\n\t\t\t\t\t\t<div class=\"elementor-element elementor-element-7905f63 elementor-widget elementor-widget-text-editor\" data-id=\"7905f63\" data-element_type=\"widget\" data-e-type=\"widget\" data-widget_type=\"text-editor.default\">\n\t\t\t\t<div class=\"elementor-widget-container\">\n\t\t\t\t\t\t\t\t\t<p><em>ovaj sadr\u017eaj je dostupan na ovim jezicima:<\/em><\/p>\t\t\t\t\t\t\t\t<\/div>\n\t\t\t\t<\/div>\n\t\t\t\t<div class=\"elementor-element elementor-element-af9deac elementor-widget elementor-widget-wpml-language-switcher\" data-id=\"af9deac\" data-element_type=\"widget\" data-e-type=\"widget\" data-widget_type=\"wpml-language-switcher.default\">\n\t\t\t\t<div class=\"elementor-widget-container\">\n\t\t\t\t\t<div class=\"wpml-elementor-ls\">\n<div role=\"navigation\" aria-label=\"Language Switcher\" class=\"wpml-ls-statics-footer wpml-ls wpml-ls-legacy-list-horizontal\">\n\t<ul><li class=\"wpml-ls-slot-footer wpml-ls-item wpml-ls-item-en wpml-ls-first-item wpml-ls-item-legacy-list-horizontal\">\n\t\t\t\t<a href=\"https:\/\/verteco.shop\/\" hreflang=\"en\" lang=\"en\" class=\"wpml-ls-link\" aria-label=\"Switch to Engleski\" title=\"Switch to Engleski\">\n\t\t\t\t\t                                    <img decoding=\"async\"\n            class=\"wpml-ls-flag\"\n            src=\"https:\/\/verteco.shop\/wp-content\/plugins\/sitepress-multilingual-cms\/res\/flags\/en.svg\"\n            alt=\"Engleski\"\n            loading=\"lazy\"\n            width=18\n            height=12\n    \/><\/a>\n\t\t\t<\/li><li class=\"wpml-ls-slot-footer wpml-ls-item wpml-ls-item-de wpml-ls-item-legacy-list-horizontal\">\n\t\t\t\t<a href=\"https:\/\/verteco.shop\/de\/\" hreflang=\"de\" lang=\"de\" class=\"wpml-ls-link\" aria-label=\"Switch to Njema\u010dki\" title=\"Switch to Njema\u010dki\">\n\t\t\t\t\t                                    <img decoding=\"async\"\n            class=\"wpml-ls-flag\"\n            src=\"https:\/\/verteco.shop\/wp-content\/plugins\/sitepress-multilingual-cms\/res\/flags\/de.svg\"\n            alt=\"Njema\u010dki\"\n            loading=\"lazy\"\n            width=18\n            height=12\n    \/><\/a>\n\t\t\t<\/li><li class=\"wpml-ls-slot-footer wpml-ls-item wpml-ls-item-es wpml-ls-item-legacy-list-horizontal\">\n\t\t\t\t<a href=\"https:\/\/verteco.shop\/es\/\" hreflang=\"es\" lang=\"es\" class=\"wpml-ls-link\" aria-label=\"Switch to \u0161panjolski\" title=\"Switch to \u0161panjolski\">\n\t\t\t\t\t                                    <img decoding=\"async\"\n            class=\"wpml-ls-flag\"\n            src=\"https:\/\/verteco.shop\/wp-content\/plugins\/sitepress-multilingual-cms\/res\/flags\/es.svg\"\n            alt=\"\u0161panjolski\"\n            loading=\"lazy\"\n            width=18\n            height=12\n    \/><\/a>\n\t\t\t<\/li><li class=\"wpml-ls-slot-footer wpml-ls-item wpml-ls-item-fr wpml-ls-item-legacy-list-horizontal\">\n\t\t\t\t<a href=\"https:\/\/verteco.shop\/fr\/\" hreflang=\"fr\" lang=\"fr\" class=\"wpml-ls-link\" aria-label=\"Switch to Francuski\" title=\"Switch to Francuski\">\n\t\t\t\t\t                                    <img decoding=\"async\"\n            class=\"wpml-ls-flag\"\n            src=\"https:\/\/verteco.shop\/wp-content\/plugins\/sitepress-multilingual-cms\/res\/flags\/fr.svg\"\n            alt=\"Francuski\"\n            loading=\"lazy\"\n            width=18\n            height=12\n    \/><\/a>\n\t\t\t<\/li><li class=\"wpml-ls-slot-footer wpml-ls-item wpml-ls-item-cs wpml-ls-item-legacy-list-horizontal\">\n\t\t\t\t<a href=\"https:\/\/verteco.shop\/cs\/\" hreflang=\"cs\" lang=\"cs\" class=\"wpml-ls-link\" aria-label=\"Switch to \u010de\u0161ki\" title=\"Switch to \u010de\u0161ki\">\n\t\t\t\t\t                                    <img decoding=\"async\"\n            class=\"wpml-ls-flag\"\n            src=\"https:\/\/verteco.shop\/wp-content\/plugins\/sitepress-multilingual-cms\/res\/flags\/cs.svg\"\n            alt=\"\u010de\u0161ki\"\n            loading=\"lazy\"\n            width=18\n            height=12\n    \/><\/a>\n\t\t\t<\/li><li class=\"wpml-ls-slot-footer wpml-ls-item wpml-ls-item-sk wpml-ls-item-legacy-list-horizontal\">\n\t\t\t\t<a href=\"https:\/\/verteco.shop\/sk\/\" hreflang=\"sk\" lang=\"sk\" class=\"wpml-ls-link\" aria-label=\"Switch to Slova\u010dki\" title=\"Switch to Slova\u010dki\">\n\t\t\t\t\t                                    <img decoding=\"async\"\n            class=\"wpml-ls-flag\"\n            src=\"https:\/\/verteco.shop\/wp-content\/plugins\/sitepress-multilingual-cms\/res\/flags\/sk.svg\"\n            alt=\"Slova\u010dki\"\n            loading=\"lazy\"\n            width=18\n            height=12\n    \/><\/a>\n\t\t\t<\/li><li class=\"wpml-ls-slot-footer wpml-ls-item wpml-ls-item-it wpml-ls-item-legacy-list-horizontal\">\n\t\t\t\t<a href=\"https:\/\/verteco.shop\/it\/\" hreflang=\"it\" lang=\"it\" class=\"wpml-ls-link\" aria-label=\"Switch to Talijanski\" title=\"Switch to Talijanski\">\n\t\t\t\t\t                                    <img decoding=\"async\"\n            class=\"wpml-ls-flag\"\n            src=\"https:\/\/verteco.shop\/wp-content\/plugins\/sitepress-multilingual-cms\/res\/flags\/it.svg\"\n            alt=\"Talijanski\"\n            loading=\"lazy\"\n            width=18\n            height=12\n    \/><\/a>\n\t\t\t<\/li><li class=\"wpml-ls-slot-footer wpml-ls-item wpml-ls-item-nl wpml-ls-item-legacy-list-horizontal\">\n\t\t\t\t<a href=\"https:\/\/verteco.shop\/nl\/\" hreflang=\"nl\" lang=\"nl\" class=\"wpml-ls-link\" aria-label=\"Switch to Nizozemski\" title=\"Switch to Nizozemski\">\n\t\t\t\t\t                                    <img decoding=\"async\"\n            class=\"wpml-ls-flag\"\n            src=\"https:\/\/verteco.shop\/wp-content\/plugins\/sitepress-multilingual-cms\/res\/flags\/nl.svg\"\n            alt=\"Nizozemski\"\n            loading=\"lazy\"\n            width=18\n            height=12\n    \/><\/a>\n\t\t\t<\/li><li class=\"wpml-ls-slot-footer wpml-ls-item wpml-ls-item-hu wpml-ls-item-legacy-list-horizontal\">\n\t\t\t\t<a href=\"https:\/\/verteco.shop\/hu\/\" hreflang=\"hu\" lang=\"hu\" class=\"wpml-ls-link\" aria-label=\"Switch to Ma\u0111arski\" title=\"Switch to Ma\u0111arski\">\n\t\t\t\t\t                                    <img decoding=\"async\"\n            class=\"wpml-ls-flag\"\n            src=\"https:\/\/verteco.shop\/wp-content\/plugins\/sitepress-multilingual-cms\/res\/flags\/hu.svg\"\n            alt=\"Ma\u0111arski\"\n            loading=\"lazy\"\n            width=18\n            height=12\n    \/><\/a>\n\t\t\t<\/li><li class=\"wpml-ls-slot-footer wpml-ls-item wpml-ls-item-pl wpml-ls-item-legacy-list-horizontal\">\n\t\t\t\t<a href=\"https:\/\/verteco.shop\/pl\/\" hreflang=\"pl\" lang=\"pl\" class=\"wpml-ls-link\" aria-label=\"Switch to Poljski\" title=\"Switch to Poljski\">\n\t\t\t\t\t                                    <img decoding=\"async\"\n            class=\"wpml-ls-flag\"\n            src=\"https:\/\/verteco.shop\/wp-content\/plugins\/sitepress-multilingual-cms\/res\/flags\/pl.svg\"\n            alt=\"Poljski\"\n            loading=\"lazy\"\n            width=18\n            height=12\n    \/><\/a>\n\t\t\t<\/li><li class=\"wpml-ls-slot-footer wpml-ls-item wpml-ls-item-hr wpml-ls-current-language wpml-ls-item-legacy-list-horizontal\">\n\t\t\t\t<a href=\"https:\/\/verteco.shop\/hr\/\" hreflang=\"hr\" lang=\"hr\" class=\"wpml-ls-link\" aria-current=\"page\" aria-label=\"Switch to Hrvatski\" title=\"Switch to Hrvatski\">\n\t\t\t\t\t                                    <img decoding=\"async\"\n            class=\"wpml-ls-flag\"\n            src=\"https:\/\/verteco.shop\/wp-content\/plugins\/sitepress-multilingual-cms\/res\/flags\/hr.svg\"\n            alt=\"Hrvatski\"\n            loading=\"lazy\"\n            width=18\n            height=12\n    \/><\/a>\n\t\t\t<\/li><li class=\"wpml-ls-slot-footer wpml-ls-item wpml-ls-item-da wpml-ls-item-legacy-list-horizontal\">\n\t\t\t\t<a href=\"https:\/\/verteco.shop\/da\/\" hreflang=\"da\" lang=\"da\" class=\"wpml-ls-link\" aria-label=\"Switch to Danski\" title=\"Switch to Danski\">\n\t\t\t\t\t                                    <img decoding=\"async\"\n            class=\"wpml-ls-flag\"\n            src=\"https:\/\/verteco.shop\/wp-content\/plugins\/sitepress-multilingual-cms\/res\/flags\/da.svg\"\n            alt=\"Danski\"\n            loading=\"lazy\"\n            width=18\n            height=12\n    \/><\/a>\n\t\t\t<\/li><li class=\"wpml-ls-slot-footer wpml-ls-item wpml-ls-item-fi wpml-ls-item-legacy-list-horizontal\">\n\t\t\t\t<a href=\"https:\/\/verteco.shop\/fi\/\" hreflang=\"fi\" lang=\"fi\" class=\"wpml-ls-link\" aria-label=\"Switch to Finski\" title=\"Switch to Finski\">\n\t\t\t\t\t                                    <img decoding=\"async\"\n            class=\"wpml-ls-flag\"\n            src=\"https:\/\/verteco.shop\/wp-content\/plugins\/sitepress-multilingual-cms\/res\/flags\/fi.svg\"\n            alt=\"Finski\"\n            loading=\"lazy\"\n            width=18\n            height=12\n    \/><\/a>\n\t\t\t<\/li><li class=\"wpml-ls-slot-footer wpml-ls-item wpml-ls-item-sv wpml-ls-item-legacy-list-horizontal\">\n\t\t\t\t<a href=\"https:\/\/verteco.shop\/sv\/\" hreflang=\"sv\" lang=\"sv\" class=\"wpml-ls-link\" aria-label=\"Switch to \u0161vedski\" title=\"Switch to \u0161vedski\">\n\t\t\t\t\t                                    <img decoding=\"async\"\n            class=\"wpml-ls-flag\"\n            src=\"https:\/\/verteco.shop\/wp-content\/plugins\/sitepress-multilingual-cms\/res\/flags\/sv.svg\"\n            alt=\"\u0161vedski\"\n            loading=\"lazy\"\n            width=18\n            height=12\n    \/><\/a>\n\t\t\t<\/li><li class=\"wpml-ls-slot-footer wpml-ls-item wpml-ls-item-no wpml-ls-item-legacy-list-horizontal\">\n\t\t\t\t<a href=\"https:\/\/verteco.shop\/no\/\" hreflang=\"no\" lang=\"no\" class=\"wpml-ls-link\" aria-label=\"Switch to Knji\u017eevni norve\u0161ki\" title=\"Switch to Knji\u017eevni norve\u0161ki\">\n\t\t\t\t\t                                    <img decoding=\"async\"\n            class=\"wpml-ls-flag\"\n            src=\"https:\/\/verteco.shop\/wp-content\/plugins\/sitepress-multilingual-cms\/res\/flags\/no.svg\"\n            alt=\"Knji\u017eevni norve\u0161ki\"\n            loading=\"lazy\"\n            width=18\n            height=12\n    \/><\/a>\n\t\t\t<\/li><li class=\"wpml-ls-slot-footer wpml-ls-item wpml-ls-item-ro wpml-ls-item-legacy-list-horizontal\">\n\t\t\t\t<a href=\"https:\/\/verteco.shop\/ro\/\" hreflang=\"ro\" lang=\"ro\" class=\"wpml-ls-link\" aria-label=\"Switch to Rumunjski\" title=\"Switch to Rumunjski\">\n\t\t\t\t\t                                    <img decoding=\"async\"\n            class=\"wpml-ls-flag\"\n            src=\"https:\/\/verteco.shop\/wp-content\/plugins\/sitepress-multilingual-cms\/res\/flags\/ro.svg\"\n            alt=\"Rumunjski\"\n            loading=\"lazy\"\n            width=18\n            height=12\n    \/><\/a>\n\t\t\t<\/li><li class=\"wpml-ls-slot-footer wpml-ls-item wpml-ls-item-el wpml-ls-item-legacy-list-horizontal\">\n\t\t\t\t<a href=\"https:\/\/verteco.shop\/el\/\" hreflang=\"el\" lang=\"el\" class=\"wpml-ls-link\" aria-label=\"Switch to Gr\u010dki\" title=\"Switch to Gr\u010dki\">\n\t\t\t\t\t                                    <img decoding=\"async\"\n            class=\"wpml-ls-flag\"\n            src=\"https:\/\/verteco.shop\/wp-content\/plugins\/sitepress-multilingual-cms\/res\/flags\/el.svg\"\n            alt=\"Gr\u010dki\"\n            loading=\"lazy\"\n            width=18\n            height=12\n    \/><\/a>\n\t\t\t<\/li><li class=\"wpml-ls-slot-footer wpml-ls-item wpml-ls-item-pt-pt wpml-ls-item-legacy-list-horizontal\">\n\t\t\t\t<a href=\"https:\/\/verteco.shop\/pt-pt\/\" hreflang=\"pt-pt\" lang=\"pt-pt\" class=\"wpml-ls-link\" aria-label=\"Switch to Portugalski (Portugal)\" title=\"Switch to Portugalski (Portugal)\">\n\t\t\t\t\t                                    <img decoding=\"async\"\n            class=\"wpml-ls-flag\"\n            src=\"https:\/\/verteco.shop\/wp-content\/plugins\/sitepress-multilingual-cms\/res\/flags\/pt-pt.svg\"\n            alt=\"Portugalski (Portugal)\"\n            loading=\"lazy\"\n            width=18\n            height=12\n    \/><\/a>\n\t\t\t<\/li><li class=\"wpml-ls-slot-footer wpml-ls-item wpml-ls-item-uk wpml-ls-last-item wpml-ls-item-legacy-list-horizontal\">\n\t\t\t\t<a href=\"https:\/\/verteco.shop\/uk\/\" hreflang=\"uk\" lang=\"uk\" class=\"wpml-ls-link\" aria-label=\"Switch to Ukrajinski\" title=\"Switch to Ukrajinski\">\n\t\t\t\t\t                                    <img decoding=\"async\"\n            class=\"wpml-ls-flag\"\n            src=\"https:\/\/verteco.shop\/wp-content\/plugins\/sitepress-multilingual-cms\/res\/flags\/uk.svg\"\n            alt=\"Ukrajinski\"\n            loading=\"lazy\"\n            width=18\n            height=12\n    \/><\/a>\n\t\t\t<\/li><\/ul>\n<\/div>\n<\/div>\t\t\t\t<\/div>\n\t\t\t\t<\/div>\n\t\t\t\t\t<\/div>\n\t\t<\/div>\n\t\t\t\t\t<\/div>\n\t\t<\/section>\n\t\t\t\t<section class=\"elementor-section elementor-top-section elementor-element elementor-element-aca2e11 elementor-section-boxed elementor-section-height-default elementor-section-height-default\" data-id=\"aca2e11\" data-element_type=\"section\" data-e-type=\"section\" data-settings=\"{&quot;background_background&quot;:&quot;classic&quot;}\">\n\t\t\t\t\t\t<div class=\"elementor-container elementor-column-gap-default\">\n\t\t\t\t\t<div class=\"elementor-column elementor-col-100 elementor-top-column elementor-element elementor-element-50842e5\" data-id=\"50842e5\" data-element_type=\"column\" data-e-type=\"column\">\n\t\t\t<div class=\"elementor-widget-wrap elementor-element-populated\">\n\t\t\t\t\t\t<div class=\"elementor-element elementor-element-6f995f6 elementor-widget elementor-widget-heading\" data-id=\"6f995f6\" data-element_type=\"widget\" data-e-type=\"widget\" data-widget_type=\"heading.default\">\n\t\t\t\t<div class=\"elementor-widget-container\">\n\t\t\t\t\t<h2 class=\"elementor-heading-title elementor-size-default\">Spremni za promjenu CSS-a?<\/h2>\t\t\t\t<\/div>\n\t\t\t\t<\/div>\n\t\t\t\t<div class=\"elementor-element elementor-element-eac360b elementor-widget elementor-widget-text-editor\" data-id=\"eac360b\" data-element_type=\"widget\" data-e-type=\"widget\" data-widget_type=\"text-editor.default\">\n\t\t\t\t<div class=\"elementor-widget-container\">\n\t\t\t\t\t\t\t\t\t<section><p>Hvala vam \u0161to ste odabrali <strong>verteco.shop CSS<\/strong> ! Kako biste osigurali nesmetan prijelaz, potvrdite svaki korak prije nego \u0161to prihvatite promjenu u svom Merchant Centeru:<\/p><ol><li><p><strong>  Potvrdite administratorski pristup<\/strong><\/p><ul><li>Potvrdite da imate izravna administratorska prava na ciljnom Merchant Centeru.<\/li><li>Za ra\u010dune s vi\u0161e klijenata, osigurajte administratorski pristup na odre\u0111enom podra\u010dunu.<\/li><li>Dodajte administratorskog korisnika ako ve\u0107 nemate izravne privilegije.<br><br><\/li><\/ul><\/li><li><p><strong>  Besplatna provjera oglasa<\/strong><\/p><ul><li>Samo jedan EU Merchant Center mo\u017ee upravljati besplatnim oglasima istovremeno.<\/li><li>Isklju\u010dite se iz svih dodatnih centara kako biste izbjegli automatsku preraspodjelu od strane Googlea.<br><br><\/li><\/ul><\/li><li><p><strong>  Povezivanje s Google oglasima<\/strong><\/p><ul><li>Provjerite je li va\u0161 Merchant Center povezan s va\u0161im Google Ads ra\u010dunom.<\/li><li>Zapamtite: vi kontrolirate prora\u010dune, ponude i postavke kampanje.<br><br><\/li><\/ul><\/li><li><p><strong>  Sa\u010duvaj zvjezdice i recenzije<\/strong><\/p><p>Zvjezdane ocjene se <strong>ne\u0107e<\/strong> automatski prenijeti. Da biste zadr\u017eali svoje zna\u010dke za recenzije:<\/p><ul><li>Ponovno prenesite svoj feed recenzija proizvoda barem jednom mjese\u010dno.<\/li><li>Pogledajte Googleov vodi\u010d: <a href=\"https:\/\/support.google.com\/merchants\/answer\/14620160?hl=en\" target=\"_blank\" rel=\"noopener\">Prijenos i upravljanje recenzijama<\/a> , <a href=\"https:\/\/support.google.com\/merchants\/answer\/14620732?hl=en\" target=\"_blank\" rel=\"noopener\">Vodi\u010d za promjenu CSS ra\u010duna<\/a> .<\/li><\/ul><\/li><\/ol><\/section>\t\t\t\t\t\t\t\t<\/div>\n\t\t\t\t<\/div>\n\t\t\t\t\t<\/div>\n\t\t<\/div>\n\t\t\t\t\t<\/div>\n\t\t<\/section>\n\t\t\t\t<\/div>\n\t\t","protected":false},"excerpt":{"rendered":"<p>\u0160to treba znati prije prihva\u0107anja promjene CSS-a u va\u0161em trgova\u010dkom centru? ovaj sadr\u017eaj je dostupan na ovim jezicima: Spremni za promjenu CSS-a? Hvala vam \u0161to ste odabrali verteco.shop CSS ! Kako biste osigurali nesmetan prijelaz, potvrdite svaki korak prije nego \u0161to prihvatite promjenu u svom Merchant Centeru: Potvrdite administratorski pristup Potvrdite da imate izravna administratorska [&hellip;]<\/p>\n","protected":false},"author":1,"featured_media":0,"parent":0,"menu_order":0,"comment_status":"closed","ping_status":"closed","template":"elementor_header_footer","meta":{"footnotes":""},"class_list":["post-24655","page","type-page","status-publish","hentry"],"_links":{"self":[{"href":"https:\/\/verteco.shop\/hr\/wp-json\/wp\/v2\/pages\/24655","targetHints":{"allow":["GET"]}}],"collection":[{"href":"https:\/\/verteco.shop\/hr\/wp-json\/wp\/v2\/pages"}],"about":[{"href":"https:\/\/verteco.shop\/hr\/wp-json\/wp\/v2\/types\/page"}],"author":[{"embeddable":true,"href":"https:\/\/verteco.shop\/hr\/wp-json\/wp\/v2\/users\/1"}],"replies":[{"embeddable":true,"href":"https:\/\/verteco.shop\/hr\/wp-json\/wp\/v2\/comments?post=24655"}],"version-history":[{"count":0,"href":"https:\/\/verteco.shop\/hr\/wp-json\/wp\/v2\/pages\/24655\/revisions"}],"wp:attachment":[{"href":"https:\/\/verteco.shop\/hr\/wp-json\/wp\/v2\/media?parent=24655"}],"curies":[{"name":"wp","href":"https:\/\/api.w.org\/{rel}","templated":true}]}}