{"id":23771,"date":"2024-07-03T20:41:50","date_gmt":"2024-07-03T18:41:50","guid":{"rendered":"https:\/\/verteco.shop\/sve-sto-trebate-znati-o-css-u\/"},"modified":"2024-07-03T20:52:51","modified_gmt":"2024-07-03T18:52:51","slug":"sve-sto-trebate-znati-o-css-u","status":"publish","type":"page","link":"https:\/\/verteco.shop\/hr\/sve-sto-trebate-znati-o-css-u\/","title":{"rendered":"Sve \u0161to trebate znati o CSS-u"},"content":{"rendered":"\n<p>Ako imate online trgovinu ili radite za marketin\u0161ku agenciju, vjerojatno ste ve\u0107 \u010duli za CSS \u2013 Googleovu uslugu usporedbe cijena. Ako ve\u0107 upravljate Google Ads kampanjama, vjerojatno ste upoznati s temom. A ako nikada niste \u010duli za CSS, sada je vrijeme da saznate kako vam mo\u017ee pomo\u0107i da u\u010dinkovito promovirate svoju tvrtku na Google tra\u017eilici.<\/p>\n\n<h2 class=\"wp-block-heading\">Za\u0161to postoje usluge usporedbe cijena (CSS)?<\/h2>\n\n<p>Svi smo nai\u0161li na te posebne web-stranice na kojima mo\u017eemo usporediti cijene proizvoda iz razli\u010ditih trgovina: ove vrste web-mjesta nazivaju se portali za usporedbu cijena. Vjerojatno najpoznatiji portal u ovoj kategoriji je Google Shopping.<\/p>\n\n<p>Za postavljanje Google Shopping oglasa (tako\u0111er poznatih kao &#8220;Oglasi s popisom proizvoda&#8221;), proizvodi va\u0161e tvrtke moraju biti navedeni na takvom portalu za usporedbu cijena (ili vi\u0161e portala).<\/p>\n\n<p>Do 2017. Google je dr\u017eao monopol s vlastitim cjenovnim portalom Google Shopping, gdje je prikazivao Google Shopping oglase. Ova situacija ocijenjena je nepravednom, pa su neke tvrtke odlu\u010dile pokrenuti sudski postupak protiv poznate tra\u017eilice. Googleov monopolisti\u010dki polo\u017eaj je bio ka\u017enjen od strane suda, \u0161to je rezultiralo time da je Google izgubio slu\u010daj i bio prisiljen od strane Europske komisije da pokrene CSS \u2013 Comparison Shopping Services program.<\/p>\n\n<p>Ne sudjeluju svi usporedni portali u ovom programu. CSS mora biti posebno certificiran od strane Googlea i mora ispunjavati posebne zahtjeve.<\/p>\n\n<p>Svi portali za usporedbu cijena koji su registrirani u programu Google Comparison Shopping Services i imaju status CSS partnera smiju postavljati oglase proizvoda za trgovce u Google rezultate pretra\u017eivanja.<\/p>\n\n<h2 class=\"wp-block-heading\">Koja je razlika s pla\u0107enim oglasima?<\/h2>\n\n<ul class=\"wp-block-list\">\n<li>Googleova mar\u017ea vi\u0161e se ne odbija od cijene po kliku (CPC).<\/li>\n\n\n\n<li>Na dnu svih sponzoriranih oglasa, umjesto &#8220;Od Googlea&#8221;, stoji &#8220;Od XX.&#8221;<\/li>\n<\/ul>\n\n<h2 class=\"wp-block-heading\">Kako mo\u017eete re\u0107i da Googleova mar\u017ea postoji?<\/h2>\n\n<p>Evo \u0161to Google ka\u017ee o svojoj mar\u017ei:<\/p>\n\n<p>Google ne precizira to\u010dno kolika je mar\u017ea; mo\u017ee se izra\u010dunati samo empirijski nakon prelaska na CSS pru\u017eatelja na temelju rezultata. Iz iskustva, ta mar\u017ea iznosi oko 20% CPC-a. Ovo je poznati popust koji promoviraju CSS partneri.<\/p>\n\n<p>Za\u0161to ne vidite izravno na svom ra\u010dunu da zapravo pla\u0107ate za Googleov CSS?<\/p>\n\n<p>Ovo je interna odluka Googlea. Mar\u017ea se oduzima od cijene po kliku prije nego \u0161to va\u0161a ponuda u\u0111e na dra\u017ebu. Ako koristite Google Shopping CSS (zadani), va\u0161a je stvarna ponuda pribli\u017eno 20% ni\u017ea od one trgovca koji ve\u0107 radi s drugim CSS portalom (ne Google CSS) i stoga je prisutna s licitacijom 20% vi\u0161om u Google dra\u017eba.<\/p>\n\n<p>Naravno, ovu mar\u017eu Google Shoppingu pla\u0107ate samo ako netko klikne na oglas (ako ne, mar\u017ea se ne napla\u0107uje). Ali va\u0161a je ponuda na Google dra\u017ebi i dalje oko 20% ni\u017ea svaki put.<\/p>\n\n<h2 class=\"wp-block-heading\">Napla\u0107uje li CSS partner naknadu za kori\u0161tenje svog CSS-a?<\/h2>\n\n<p>Da, naj\u010de\u0161\u0107e je to mjese\u010dna pretplata. Postoje stotine CSS partnera sa \u0161irokim rasponom ponuda. Mnoge agencije odlu\u010duju sura\u0111ivati \u200b\u200bs odre\u0111enim pru\u017eateljem CSS-a, a neke \u010dak imaju vlastiti CSS (primjerice, Verteco Digital, agencija za digitalni marketing, ima vlastiti CSS \u2013 Verteco Shop).<\/p>\n\n<h2 class=\"wp-block-heading\">Ho\u0107e li podaci u feedu biti izgubljeni nakon prelaska na drugi CSS? Ho\u0107e li uni\u0161titi ili promijeniti moje marketin\u0161ke kampanje?<\/h2>\n\n<p>Ne. Migracija s jednog CSS-a na drugi doga\u0111a se interno izme\u0111u pru\u017eatelja CSS-a i Googlea. Google &#8220;povezuje&#8221; va\u0161 Merchant Center ra\u010dun s CSS ra\u010dunom, a Google mar\u017ea se vi\u0161e ne odbija od CPC-a kada oglasi u\u0111u na dra\u017ebu. Ako se ne\u0161to dogodi podacima (iako ne bi trebalo), kriv je Google, a ne CSS.<\/p>\n\n<h2 class=\"wp-block-heading\">Skida li Google kampanje koje su izra\u0111ene pomo\u0107u drugog CSS-a?<\/h2>\n\n<p>Ne, Google ne \u017eeli ponovno zavr\u0161iti na sudu i biti ka\u017enjen \ud83d\ude0a<\/p>\n\n<p>Dakle, sve ovisi o tome koliko dobro upravljate svojim marketin\u0161kim kampanjama. Kod lo\u0161e ciljanih kampanja niti Google Shopping kao CSS ne mo\u017ee pomo\u0107i.<\/p>\n\n<h2 class=\"wp-block-heading\">Googleova mar\u017ea vi\u0161e se ne\u0107e napla\u0107ivati. \u0160to se doga\u0111a s mojim prora\u010dunom?<\/h2>\n\n<p>Vi\u0161e ne pla\u0107ate Googleovu mar\u017eu, ali, naravno, Google ne\u0107e vratiti novac u va\u0161 prora\u010dun za ogla\u0161avanje. U stvarnosti, va\u0161a je ponuda automatski 20% vi\u0161a, a svoj prora\u010dun za Google oglase mo\u017eete koristiti mnogo u\u010dinkovitije. Na vama je kako \u0107ete upravljati svojim kampanjama tako da se va\u0161a strategija isplati. Mo\u017eete zadr\u017eati isti prora\u010dun i ostvariti vi\u0161e klikova na oglas ili smanjiti cijenu po kliku i zadr\u017eati iste rezultate uz manju potro\u0161nju.<\/p>\n\n<h2 class=\"wp-block-heading\">U kojim je zemljama dostupan Google CSS program?<\/h2>\n\n<p>Program je dostupan u 21 zemlji unutar i izvan EU: Njema\u010dka, Austrija, \u0160vicarska, Gr\u010dka, Ma\u0111arska, Irska, Italija, Nizozemska, Norve\u0161ka, Belgija, \u010ce\u0161ka, Danska, Finska, Francuska, Poljska, Portugal, Rumunjska, Slova\u010dka, \u0160panjolska, \u0160vedska i Ujedinjeno Kraljevstvo. Dakle, u biti zemlje EU, UK i \u0160vicarska.<\/p>\n\n<h2 class=\"wp-block-heading\">Kako mo\u017eete istovremeno koristiti i vanjski CSS i Google CSS?<\/h2>\n\n<p>Mo\u017eete koristiti dva Merchant Center ra\u010duna. Prvi ra\u010dun povezan je s Google Shoppingom. Drugi \u2013 na vanjski CSS.<\/p>\n\n<h2 class=\"wp-block-heading\">Koliko CSS-a mo\u017eete koristiti u isto vrijeme?<\/h2>\n\n<p>Koliko god \u017eelite.<\/p>\n\n<h2 class=\"wp-block-heading\">\u0160to se doga\u0111a?<\/h2>\n\n<p>Ni\u0161ta dobro. Ako koristite vi\u0161e CSS-ova istovremeno, ne\u0107ete dobiti ve\u0107u pokrivenost jer Google sprje\u010dava vi\u0161estruke popise oglasa pru\u017eatelja usluga.<\/p>\n\n<p>Iz perspektive izvedbe, to se ne preporu\u010duje. Nema prednosti; zapravo, postoje \u010dak i neki nedostaci kao \u0161to je kanibaliziranje vlastitih oglasa i slabiji ukupni rezultat.<\/p>\n\n<h2 class=\"wp-block-heading\">Kako se CSS pru\u017eatelji razlikuju jedni od drugih?<\/h2>\n\n<p>Postoje tri kategorije CSS-a:<\/p>\n\n<ul class=\"wp-block-list\">\n<li>sudionik<\/li>\n\n\n\n<li>CSS partner<\/li>\n\n\n\n<li>Premium CSS partner<\/li>\n<\/ul>\n\n<p>Premium CSS partner ima vi\u0161e trgovaca registriranih kao klijenata (samo u smislu broja). Ali to nije uvijek prednost. CSS pru\u017eatelj usluga sa stotinama klijenata izvan vas ne\u0107e mo\u0107i u\u010dinkovito postupati s vama i ne\u0107e pru\u017eiti odgovaraju\u0107u podr\u0161ku, osobito na va\u0161em materinjem jeziku. Verteco nudi personaliziranu podr\u0161ku svim zemljama koje sudjeluju u programu Verteco Shop, s posebno dodijeljenim menad\u017eerima, izvornim govornicima, koji u\u010dinkovito nude podr\u0161ku i pomo\u0107.<\/p>\n\n<p>Tehni\u010dki, nema razlike izme\u0111u sudionika, CSS partnera i Premium CSS partnera. Googleova mar\u017ea se ne napla\u0107uje ni za jednu od njih. No CSS mo\u017ee ponuditi dodatne usluge ili upravljati va\u0161im reklamnim kampanjama.<\/p>\n\n<p>Dobro je razmisliti \u0161to to\u010dno trebate i koliko to ko\u0161ta. Nema smisla pla\u0107ati usluge samo zato \u0161to ih nudi veliki i poznati ponu\u0111a\u010d, ali i vrlo skup na tr\u017ei\u0161tu. Prakti\u010dno, svi vanjski CSS-ovi nude potpuno istu stvar. Veli\u010dina i starost tvrtke jam\u010de vrhunsku kvalitetu usluge. Tehni\u010dki, svi CSS-ovi su isti; razlike su samo estetske, u dizajnu, a ne u funkcionalnosti.<\/p>\n\n<h2 class=\"wp-block-heading\">Zaklju\u010dak<\/h2>\n\n<p>Pru\u017eatelji Google CSS-a daju trgovcima prednost u licitiranju u odnosu na konkurente koji jo\u0161 ne koriste vanjski CSS (osim samog CSS-a Google Shoppinga). Pametno je odabrati CSS za koji imate sve potrebne informacije i mo\u017eete ga testirati jer Verteco, primjerice, nudi mogu\u0107nost besplatnog kori\u0161tenja mjesec dana.<\/p>\n","protected":false},"excerpt":{"rendered":"<p>Ako imate online trgovinu ili radite za marketin\u0161ku agenciju, vjerojatno ste ve\u0107 \u010duli za CSS \u2013 Googleovu uslugu usporedbe cijena. Ako ve\u0107 upravljate Google Ads kampanjama, vjerojatno ste upoznati s temom. A ako nikada niste \u010duli za CSS, sada je vrijeme da saznate kako vam mo\u017ee pomo\u0107i da u\u010dinkovito promovirate svoju tvrtku na Google tra\u017eilici. [&hellip;]<\/p>\n","protected":false},"author":1,"featured_media":0,"parent":0,"menu_order":0,"comment_status":"closed","ping_status":"closed","template":"","meta":{"footnotes":""},"class_list":["post-23771","page","type-page","status-publish","hentry"],"_links":{"self":[{"href":"https:\/\/verteco.shop\/hr\/wp-json\/wp\/v2\/pages\/23771","targetHints":{"allow":["GET"]}}],"collection":[{"href":"https:\/\/verteco.shop\/hr\/wp-json\/wp\/v2\/pages"}],"about":[{"href":"https:\/\/verteco.shop\/hr\/wp-json\/wp\/v2\/types\/page"}],"author":[{"embeddable":true,"href":"https:\/\/verteco.shop\/hr\/wp-json\/wp\/v2\/users\/1"}],"replies":[{"embeddable":true,"href":"https:\/\/verteco.shop\/hr\/wp-json\/wp\/v2\/comments?post=23771"}],"version-history":[{"count":0,"href":"https:\/\/verteco.shop\/hr\/wp-json\/wp\/v2\/pages\/23771\/revisions"}],"wp:attachment":[{"href":"https:\/\/verteco.shop\/hr\/wp-json\/wp\/v2\/media?parent=23771"}],"curies":[{"name":"wp","href":"https:\/\/api.w.org\/{rel}","templated":true}]}}