{"id":22047,"date":"2024-03-21T20:49:52","date_gmt":"2024-03-21T18:49:52","guid":{"rendered":"https:\/\/verteco.shop\/css-partneri-usporedni-list-css-partnera-eu-sa-njihovim-cijenama\/"},"modified":"2025-05-08T09:30:31","modified_gmt":"2025-05-08T07:30:31","slug":"css-partneri-usporedni-list-css-partnera-eu-sa-njihovim-cijenama","status":"publish","type":"page","link":"https:\/\/verteco.shop\/hr\/css-partneri-usporedni-list-css-partnera-eu-sa-njihovim-cijenama\/","title":{"rendered":"Usporedba CSS partnera &#8211; Popis usluga usporedbe cijena u EU"},"content":{"rendered":"\t\t<div data-elementor-type=\"wp-page\" data-elementor-id=\"22047\" class=\"elementor elementor-22047 elementor-21181\" data-elementor-post-type=\"page\">\n\t\t\t\t\t\t<section class=\"elementor-section elementor-top-section elementor-element elementor-element-2c3c623 elementor-section-full_width elementor-section-height-min-height elementor-section-items-stretch elementor-section-height-default\" data-id=\"2c3c623\" data-element_type=\"section\" data-e-type=\"section\" data-settings=\"{&quot;background_background&quot;:&quot;classic&quot;}\">\n\t\t\t\t\t\t\t<div class=\"elementor-background-overlay\"><\/div>\n\t\t\t\t\t\t\t<div class=\"elementor-container elementor-column-gap-default\">\n\t\t\t\t\t<div class=\"elementor-column elementor-col-50 elementor-top-column elementor-element elementor-element-696c71f\" data-id=\"696c71f\" data-element_type=\"column\" data-e-type=\"column\">\n\t\t\t<div class=\"elementor-widget-wrap elementor-element-populated\">\n\t\t\t\t\t\t<div class=\"elementor-element elementor-element-aebc636 elementor-widget elementor-widget-heading\" data-id=\"aebc636\" data-element_type=\"widget\" data-e-type=\"widget\" data-widget_type=\"heading.default\">\n\t\t\t\t<div class=\"elementor-widget-container\">\n\t\t\t\t\t<h2 class=\"elementor-heading-title elementor-size-default\">Usporedba CSS partnera<\/h2>\t\t\t\t<\/div>\n\t\t\t\t<\/div>\n\t\t\t\t<div class=\"elementor-element elementor-element-0e4f1d9 elementor-widget elementor-widget-heading\" data-id=\"0e4f1d9\" data-element_type=\"widget\" data-e-type=\"widget\" data-widget_type=\"heading.default\">\n\t\t\t\t<div class=\"elementor-widget-container\">\n\t\t\t\t\t<h2 class=\"elementor-heading-title elementor-size-default\">Popis EU usluga usporedbe<\/h2>\t\t\t\t<\/div>\n\t\t\t\t<\/div>\n\t\t\t\t<div class=\"elementor-element elementor-element-a4dd4d1 elementor-widget elementor-widget-text-editor\" data-id=\"a4dd4d1\" data-element_type=\"widget\" data-e-type=\"widget\" data-widget_type=\"text-editor.default\">\n\t\t\t\t<div class=\"elementor-widget-container\">\n\t\t\t\t\t\t\t\t\t<b>Odabir pravog CSS partnera klju\u010dan je, posebno s obzirom na njegovu ulogu u potencijalnom dugoro\u010dnom pove\u0107anju dosega i u\u010dinkovitosti va\u0161eg ogla\u0161avanja.<\/b>  Va\u017enost ovog izbora le\u017ei u sposobnosti CSS partnera da zna\u010dajno pro\u0161ire va\u0161e reklamne kampanje u vi\u0161e europskih zemalja, podr\u017eavaju\u0107i tako \u0161irenje i konsolidaciju tr\u017ei\u0161ta.\t\t\t\t\t\t\t\t<\/div>\n\t\t\t\t<\/div>\n\t\t\t\t\t<\/div>\n\t\t<\/div>\n\t\t\t\t<div class=\"elementor-column elementor-col-50 elementor-top-column elementor-element elementor-element-881b69d\" data-id=\"881b69d\" data-element_type=\"column\" data-e-type=\"column\">\n\t\t\t<div class=\"elementor-widget-wrap elementor-element-populated\">\n\t\t\t\t\t\t<div class=\"elementor-element elementor-element-26e4b5b elementor-widget-tablet__width-initial elementor-widget elementor-widget-image\" data-id=\"26e4b5b\" data-element_type=\"widget\" data-e-type=\"widget\" data-widget_type=\"image.default\">\n\t\t\t\t<div class=\"elementor-widget-container\">\n\t\t\t\t\t\t\t\t\t\t\t\t\t\t\t<img fetchpriority=\"high\" decoding=\"async\" width=\"800\" height=\"740\" src=\"https:\/\/verteco.shop\/wp-content\/uploads\/2025\/01\/Verteco-shop_img_tel_01-2-1-1024x947.webp\" class=\"attachment-large size-large wp-image-31028\" alt=\"- -\" srcset=\"https:\/\/verteco.shop\/wp-content\/uploads\/2025\/01\/Verteco-shop_img_tel_01-2-1-1024x947.webp 1024w, https:\/\/verteco.shop\/wp-content\/uploads\/2025\/01\/Verteco-shop_img_tel_01-2-1-300x278.webp 300w, https:\/\/verteco.shop\/wp-content\/uploads\/2025\/01\/Verteco-shop_img_tel_01-2-1-768x710.webp 768w, https:\/\/verteco.shop\/wp-content\/uploads\/2025\/01\/Verteco-shop_img_tel_01-2-1-1536x1421.webp 1536w, https:\/\/verteco.shop\/wp-content\/uploads\/2025\/01\/Verteco-shop_img_tel_01-2-1.webp 1800w\" sizes=\"(max-width: 800px) 100vw, 800px\" title=\"-\">\t\t\t\t\t\t\t\t\t\t\t\t\t\t\t<\/div>\n\t\t\t\t<\/div>\n\t\t\t\t\t<\/div>\n\t\t<\/div>\n\t\t\t\t\t<\/div>\n\t\t<\/section>\n\t\t\t\t<section class=\"elementor-section elementor-top-section elementor-element elementor-element-5aa4980 elementor-section-full_width elementor-section-height-default elementor-section-height-default\" data-id=\"5aa4980\" data-element_type=\"section\" data-e-type=\"section\">\n\t\t\t\t\t\t<div class=\"elementor-container elementor-column-gap-default\">\n\t\t\t\t\t<div class=\"elementor-column elementor-col-100 elementor-top-column elementor-element elementor-element-9054300\" data-id=\"9054300\" data-element_type=\"column\" data-e-type=\"column\">\n\t\t\t<div class=\"elementor-widget-wrap elementor-element-populated\">\n\t\t\t\t\t\t<div class=\"elementor-element elementor-element-9854e6d elementor-widget elementor-widget-heading\" data-id=\"9854e6d\" data-element_type=\"widget\" data-e-type=\"widget\" data-widget_type=\"heading.default\">\n\t\t\t\t<div class=\"elementor-widget-container\">\n\t\t\t\t\t<h2 class=\"elementor-heading-title elementor-size-default\">Ovdje vam nudimo usporedbu naj\u010de\u0161\u0107e kori\u0161tenih CSS-ova u Europi<\/h2>\t\t\t\t<\/div>\n\t\t\t\t<\/div>\n\t\t\t\t<div class=\"elementor-element elementor-element-63f3c49 elementor-widget__width-initial elementor-widget-tablet__width-inherit elementor-widget elementor-widget-text-editor\" data-id=\"63f3c49\" data-element_type=\"widget\" data-e-type=\"widget\" data-widget_type=\"text-editor.default\">\n\t\t\t\t<div class=\"elementor-widget-container\">\n\t\t\t\t\t\t\t\t\t<div class=\"flex-shrink-0 flex flex-col relative items-end\"><div class=\"pt-0.5\"><div class=\"gizmo-shadow-stroke flex h-6 w-6 items-center justify-center overflow-hidden rounded-full\"><div class=\"relative p-1 rounded-sm h-9 w-9 text-white flex items-center justify-center\"><strong>Razni CSS partneri dostupni su diljem EU-a, svaki sa svojim jedinstvenim ponudama, strukturama cijena i ugovornim uvjetima. Bitno je napomenuti da svi partneri ne pru\u017eaju usluge u svakoj europskoj zemlji, \u0161to nagla\u0161ava va\u017enost prilago\u0111enog procesa odabira. <\/strong><\/div><\/div><\/div><\/div>\t\t\t\t\t\t\t\t<\/div>\n\t\t\t\t<\/div>\n\t\t\t\t<div class=\"elementor-element elementor-element-936f1b3 elementor-widget elementor-widget-html\" data-id=\"936f1b3\" data-element_type=\"widget\" data-e-type=\"widget\" data-widget_type=\"html.default\">\n\t\t\t\t<div class=\"elementor-widget-container\">\n\t\t\t\t\t<!DOCTYPE html><html lang=\"en\"><head><meta charset=\"UTF-8\" \/><title>CSS Comparison Table<\/title><style>.custom-table {\n  overflow-x: auto; \/* Enables horizontal scrolling *\/\n  -webkit-overflow-scrolling: touch; \/* Ensures smooth scrolling on iOS *\/\n  margin:0;\n}\n\n.custom-table table {\n  width: 100%;\n  min-width: 800px; \/* Ensures the table doesn't shrink too much *\/\n  border-collapse: collapse;\n  border: none;\n  margin: 0;\n  font-size:12px;\n  color: #333;\n  font-family: Poppins;\n}\n\nthead th {\n  background-color: transparent;\n  padding: 0;\n  text-align: left;\n  border: none;\n  text-align: center;\n  vertical-align: middle;\n}\n\ntbody td {\n  border: none;\n  padding: 12px;\n  vertical-align: middle;\n}\n\ntbody td:not(:first-child) {display:box;\n  text-align: center;\n  justify-content: center;\n}\n\ntbody tr {\n  background: transparent;\n}\n\ntable caption + thead tr:first-child th, \ntable caption + thead tr:first-child td, \ntable colgroup + thead tr:first-child th, \ntable colgroup + thead tr:first-child td, \ntable thead:first-child tr:first-child th, \ntable thead:first-child tr:first-child td {\n  border-block-start: 0px solid;\n}\n\ntable {\n  table-layout: fixed; \/* Nastav\u00ed pevn\u00e9 rozlo\u017eenie st\u013apcov *\/\n}\n\n.custom-table colgroup col {\n  width: 9%; \/* Rovnak\u00e1 \u0161\u00edrka pre v\u0161etky st\u013apce *\/\n}\n\n.custom-table colgroup col:first-child {\n  width: 14.5%; \/* V\u00e4\u010d\u0161ia \u0161\u00edrka pre prv\u00fd st\u013apec *\/\n}\n\nthead th, tbody td {\n  word-wrap: break-word;\n  white-space: normal;\n}\n\n.custom-table {\n  overflow-x: auto;\n}\n\n.custom-table table {\n  table-layout: fixed;\n  min-width: 800px;\n}\n\n\/* Hover effect *\/\ntbody tr:hover {\n  background-color: #D49C2CAB;\n}\n\n\/* CSS Name above logo *\/\n.css-name {\n  font-weight: bold;\n  margin-bottom: 8px;\n  display: block;\n}\n\n\/* Logo images *\/\n.custom-table img {\n  max-width: auto;\n  max-height: 30px;\n  display: block;\n  margin:auto;\n}\n\n.custom-table td:first-child img {\n  max-height: 30px;\n  margin: 0;\n}\n\n\n\n\/* Media query for smaller devices *\/\n@media screen and (max-width: 768px) {\n  .custom-table table {\n    font-size: 9px; \/* Adjust font size for smaller screens *\/\n  }\n}\n  <\/style><\/head>\t\t\t\t<\/div>\n\t\t\t\t<\/div>\n\t\t\t\t<div class=\"elementor-element elementor-element-31085d9 elementor-widget elementor-widget-text-editor\" data-id=\"31085d9\" data-element_type=\"widget\" data-e-type=\"widget\" data-widget_type=\"text-editor.default\">\n\t\t\t\t<div class=\"elementor-widget-container\">\n\t\t\t\t\t\t\t\t\t<figure class=\"custom-table\"><table><colgroup> <col> <col> <col> <col> <col> <col> <col> <col> <col> <col> <\/colgroup><thead><tr><th> <\/th><th>Pove\u0107anje CPC u\u010dinkovitosti od 20%<\/th><th>Konzultacije<\/th><th>Besplatna probna verzija<\/th><th>Dodatne usluge<\/th><th>Agencijski plan<\/th><th>Zajam\u010dena cijena<\/th><th>Platforma za optimizaciju<\/th><th>Zemlje<\/th><th>Cijena \/ mjesec<\/th><\/tr><\/thead><tbody><tr><td><span class=\"css-name\">verteco.shop  <\/span> <img decoding=\"async\" class=\"logo-img\" src=\"https:\/\/verteco.shop\/wp-content\/uploads\/2024\/03\/verteco_logo-shop1.png\" alt=\"Verteco Shop\" title=\"-\"><\/td><td><img decoding=\"async\" src=\"https:\/\/verteco.shop\/wp-content\/uploads\/2025\/01\/rb_8426-1.webp\" alt=\"Verteco Shop\" width=\"auto\" title=\"-\"><\/td><td><img decoding=\"async\" src=\"https:\/\/verteco.shop\/wp-content\/uploads\/2025\/01\/rb_8426-1.webp\" width=\"auto\" alt=\"- -\" title=\"-\"><\/td><td><img decoding=\"async\" src=\"https:\/\/verteco.shop\/wp-content\/uploads\/2025\/01\/rb_8426-1.webp\" width=\"auto\" alt=\"- -\" title=\"-\"><\/td><td><img decoding=\"async\" src=\"https:\/\/verteco.shop\/wp-content\/uploads\/2025\/01\/rb_8426-1.webp\" width=\"auto\" alt=\"- -\" title=\"-\"><\/td><td><img decoding=\"async\" src=\"https:\/\/verteco.shop\/wp-content\/uploads\/2025\/01\/rb_8426-1.webp\" width=\"auto\" alt=\"- -\" title=\"-\"><\/td><td><img decoding=\"async\" src=\"https:\/\/verteco.shop\/wp-content\/uploads\/2025\/01\/rb_8426-1.webp\" width=\"auto\" alt=\"- -\" title=\"-\"><\/td><td><img decoding=\"async\" src=\"https:\/\/verteco.shop\/wp-content\/uploads\/2025\/01\/rb_8426-1.webp\" width=\"auto\" alt=\"- -\" title=\"-\"><\/td><td><img decoding=\"async\" style=\"max-width: 35px;\" src=\"https:\/\/verteco.shop\/wp-content\/uploads\/2025\/01\/Flag_of_Europe.svg_.webp\" alt=\"EU\" title=\"-\"><\/td><td><b>19 \u20ac<\/b><\/td><\/tr><tr><td><span class=\"css-name\">ProductHero<\/span> <img decoding=\"async\" class=\"logo-img\" src=\"https:\/\/verteco.shop\/wp-content\/uploads\/2024\/03\/full_logo.svg\" alt=\"ProductHero\" title=\"-\"><\/td><td><img decoding=\"async\" src=\"https:\/\/verteco.shop\/wp-content\/uploads\/2025\/01\/rb_8426-1.webp\" width=\"auto\" alt=\"- -\" title=\"-\"><\/td><td><img decoding=\"async\" src=\"https:\/\/verteco.shop\/wp-content\/uploads\/2025\/01\/rb_8426-1.webp\" width=\"auto\" alt=\"- -\" title=\"-\"><\/td><td><img decoding=\"async\" src=\"https:\/\/verteco.shop\/wp-content\/uploads\/2025\/01\/rb_8426-1.webp\" width=\"auto\" alt=\"- -\" title=\"-\"><\/td><td><img decoding=\"async\" src=\"https:\/\/verteco.shop\/wp-content\/uploads\/2025\/01\/rb_8426-1.webp\" width=\"auto\" alt=\"- -\" title=\"-\"><\/td><td>\u274c<\/td> <td>\u274c<\/td><td><img decoding=\"async\" src=\"https:\/\/verteco.shop\/wp-content\/uploads\/2025\/01\/rb_8426-1.webp\" width=\"auto\" alt=\"- -\" title=\"-\"><\/td><td><img decoding=\"async\" style=\"max-width: 35px;\" src=\"https:\/\/verteco.shop\/wp-content\/uploads\/2025\/01\/Flag_of_Europe.svg_.webp\" alt=\"EU\" title=\"-\"><\/td><td><b>39 \u20ac<\/b><\/td><\/tr><tr><td><span class=\"css-name\">Shopping in EU<\/span> <img decoding=\"async\" src=\"https:\/\/verteco.shop\/wp-content\/uploads\/2024\/03\/shopping-eu-logo_default_ret.png\" alt=\"Shopping in EU\" title=\"-\"><\/td><td><img decoding=\"async\" src=\"https:\/\/verteco.shop\/wp-content\/uploads\/2025\/01\/rb_8426-1.webp\" width=\"auto\" alt=\"- -\" title=\"-\"><\/td><td><img decoding=\"async\" src=\"https:\/\/verteco.shop\/wp-content\/uploads\/2025\/01\/rb_8426-1.webp\" width=\"auto\" alt=\"- -\" title=\"-\"><\/td><td><img decoding=\"async\" src=\"https:\/\/verteco.shop\/wp-content\/uploads\/2025\/01\/rb_8426-1.webp\" width=\"auto\" alt=\"- -\" title=\"-\"><\/td><td><img decoding=\"async\" src=\"https:\/\/verteco.shop\/wp-content\/uploads\/2025\/01\/rb_8426-1.webp\" width=\"auto\" alt=\"- -\" title=\"-\"><\/td><td>\u274c<\/td> <td>\u274c<\/td> <td>\u274c<\/td><td><img decoding=\"async\" style=\"max-width: 35px;\" src=\"https:\/\/verteco.shop\/wp-content\/uploads\/2025\/01\/Flag_of_Europe.svg_.webp\" alt=\"EU\" title=\"-\"><\/td><td><b>29 \u20ac<\/b><\/td><\/tr><tr><td><span class=\"css-name\">Heureka<\/span> <img decoding=\"async\" src=\"https:\/\/verteco.shop\/wp-content\/uploads\/2024\/03\/logo-heureka-1.svg\" alt=\"Heureka\" title=\"-\"><\/td><td><img decoding=\"async\" src=\"https:\/\/verteco.shop\/wp-content\/uploads\/2025\/01\/rb_8426-1.webp\" width=\"auto\" alt=\"- -\" title=\"-\"><\/td><td><img decoding=\"async\" src=\"https:\/\/verteco.shop\/wp-content\/uploads\/2025\/01\/rb_8426-1.webp\" width=\"auto\" alt=\"- -\" title=\"-\"><\/td><td>\u274c<\/td> <td>\u274c<\/td> <td>\u274c<\/td> <td>\u274c<\/td> <td>\u274c<\/td><td><img decoding=\"async\" style=\"max-width: 35px;\" src=\"https:\/\/verteco.shop\/wp-content\/uploads\/2025\/01\/Flag_of_Slovakia.svg_.webp\" alt=\"SK\" title=\"-\"><br><img decoding=\"async\" style=\"max-width: 35px;\" src=\"https:\/\/verteco.shop\/wp-content\/uploads\/2025\/01\/cz.webp\" alt=\"CZ\" title=\"-\"><\/td><td><b>40 \u20ac<\/b><\/td><\/tr><tr><td><span class=\"css-name\">TRUDA<\/span> <img decoding=\"async\" src=\"https:\/\/verteco.shop\/wp-content\/uploads\/2024\/03\/LOGO-TRUDA-MARE-removebg-preview.png\" alt=\"TRUDA\" title=\"-\"><\/td><td><img decoding=\"async\" src=\"https:\/\/verteco.shop\/wp-content\/uploads\/2025\/01\/rb_8426-1.webp\" width=\"auto\" alt=\"- -\" title=\"-\"><\/td><td><img decoding=\"async\" src=\"https:\/\/verteco.shop\/wp-content\/uploads\/2025\/01\/rb_8426-1.webp\" width=\"auto\" alt=\"- -\" title=\"-\"><\/td><td><img decoding=\"async\" src=\"https:\/\/verteco.shop\/wp-content\/uploads\/2025\/01\/rb_8426-1.webp\" width=\"auto\" alt=\"- -\" title=\"-\"><\/td><td><img decoding=\"async\" src=\"https:\/\/verteco.shop\/wp-content\/uploads\/2025\/01\/rb_8426-1.webp\" width=\"auto\" alt=\"- -\" title=\"-\"><\/td><td><img decoding=\"async\" src=\"https:\/\/verteco.shop\/wp-content\/uploads\/2025\/01\/rb_8426-1.webp\" width=\"auto\" alt=\"- -\" title=\"-\"><\/td><td>\u274c<\/td> <td>\u274c<\/td><td><img decoding=\"async\" style=\"max-width: 35px;\" src=\"https:\/\/verteco.shop\/wp-content\/uploads\/2025\/01\/Flag_of_Romania.svg_.webp\" alt=\"RO\" title=\"-\"><\/td><td><b>350 \u20ac<\/b><\/td><\/tr><tr><td><span class=\"css-name\">Trovaprezzi.it<\/span> <img decoding=\"async\" src=\"https:\/\/verteco.shop\/wp-content\/uploads\/2024\/03\/logo-3f1dfbb2fe31161e2732962ce235b720c74cc6f05ba38e45d7d6c14c981de2c8.png\" alt=\"trovaprezzi.it\" title=\"-\"><\/td><td><img decoding=\"async\" src=\"https:\/\/verteco.shop\/wp-content\/uploads\/2025\/01\/rb_8426-1.webp\" width=\"auto\" alt=\"- -\" title=\"-\"><\/td><td>\u274c<\/td><td><img decoding=\"async\" src=\"https:\/\/verteco.shop\/wp-content\/uploads\/2025\/01\/rb_8426-1.webp\" width=\"auto\" alt=\"- -\" title=\"-\"><\/td><td>\u274c<\/td> <td>\u274c<\/td> <td>\u274c<\/td> <td>\u274c<\/td><td><img decoding=\"async\" style=\"max-width: 35px;\" src=\"https:\/\/verteco.shop\/wp-content\/uploads\/2025\/01\/it-0.webp\" alt=\"TO\" title=\"-\"><\/td><td><b>?<\/b><\/td><\/tr><tr><td><span class=\"css-name\">Klarna CSS<\/span> <img decoding=\"async\" src=\"https:\/\/verteco.shop\/wp-content\/uploads\/2024\/03\/Klarna_Logo_black.svg_.png\" alt=\"klarna css\" title=\"-\"><\/td><td><img decoding=\"async\" src=\"https:\/\/verteco.shop\/wp-content\/uploads\/2025\/01\/rb_8426-1.webp\" width=\"auto\" alt=\"- -\" title=\"-\"><\/td><td>\u274c<\/td><td><img decoding=\"async\" src=\"https:\/\/verteco.shop\/wp-content\/uploads\/2025\/01\/rb_8426-1.webp\" width=\"auto\" alt=\"- -\" title=\"-\"><\/td><td>\u274c<\/td> <td>\u274c<\/td> <td>\u274c<\/td> <td>\u274c<\/td><td><img decoding=\"async\" style=\"max-width: 35px;\" src=\"https:\/\/verteco.shop\/wp-content\/uploads\/2025\/01\/Flag_of_Europe.svg_.webp\" alt=\"EU\" title=\"-\"><\/td><td><b>?<\/b><\/td><\/tr><tr><td><span class=\"css-name\">Shoparize<\/span> <img decoding=\"async\" src=\"https:\/\/verteco.shop\/wp-content\/uploads\/2024\/03\/Shoparize-logo-css.png\" alt=\"shoparize\" title=\"-\"><\/td><td><img decoding=\"async\" src=\"https:\/\/verteco.shop\/wp-content\/uploads\/2025\/01\/rb_8426-1.webp\" width=\"auto\" alt=\"- -\" title=\"-\"><\/td><td>\u274c<\/td> <td>\u274c<\/td><td><img decoding=\"async\" src=\"https:\/\/verteco.shop\/wp-content\/uploads\/2025\/01\/rb_8426-1.webp\" width=\"auto\" alt=\"- -\" title=\"-\"><\/td><td>\u274c<\/td> <td>\u274c<\/td> <td>\u274c<\/td><td><img decoding=\"async\" style=\"max-width: 35px;\" src=\"https:\/\/verteco.shop\/wp-content\/uploads\/2025\/01\/Flag_of_Europe.svg_.webp\" alt=\"EU\" title=\"-\"><\/td><td><b>39 \u20ac<\/b><\/td><\/tr><\/tbody><\/table><\/figure>\t\t\t\t\t\t\t\t<\/div>\n\t\t\t\t<\/div>\n\t\t\t\t<div class=\"elementor-element elementor-element-6bfd8e0 elementor-widget__width-initial elementor-widget-tablet__width-inherit elementor-widget elementor-widget-text-editor\" data-id=\"6bfd8e0\" data-element_type=\"widget\" data-e-type=\"widget\" data-widget_type=\"text-editor.default\">\n\t\t\t\t<div class=\"elementor-widget-container\">\n\t\t\t\t\t\t\t\t\tOd danas je diljem Europske unije aktivno preko 80 Google Premium CSS partnera. Kompletan popis partnera mo\u017eete pogledati <a href=\"https:\/\/comparisonshoppingpartners.withgoogle.com\/find_a_partner\/?page=0&amp;seed=1331544&amp;is_premium=1&amp;is_subset=0&amp;search_filters=partner_search%3A\" target=\"_blank\" rel=\"noopener\">ovdje<\/a> .\t\t\t\t\t\t\t\t<\/div>\n\t\t\t\t<\/div>\n\t\t\t\t\t<\/div>\n\t\t<\/div>\n\t\t\t\t\t<\/div>\n\t\t<\/section>\n\t\t\t\t<section class=\"elementor-section elementor-top-section elementor-element elementor-element-4e68d90 elementor-section-full_width elementor-section-height-default elementor-section-height-default\" data-id=\"4e68d90\" data-element_type=\"section\" data-e-type=\"section\" data-settings=\"{&quot;background_background&quot;:&quot;classic&quot;}\">\n\t\t\t\t\t\t<div class=\"elementor-container elementor-column-gap-default\">\n\t\t\t\t\t<div class=\"elementor-column elementor-col-50 elementor-top-column elementor-element elementor-element-817d1ec\" data-id=\"817d1ec\" data-element_type=\"column\" data-e-type=\"column\">\n\t\t\t<div class=\"elementor-widget-wrap elementor-element-populated\">\n\t\t\t\t\t\t<div class=\"elementor-element elementor-element-e7a8e9b elementor-widget elementor-widget-heading\" data-id=\"e7a8e9b\" data-element_type=\"widget\" data-e-type=\"widget\" data-widget_type=\"heading.default\">\n\t\t\t\t<div class=\"elementor-widget-container\">\n\t\t\t\t\t<h2 class=\"elementor-heading-title elementor-size-default\">Iako se usluge na prvi pogled mogu \u010diniti sli\u010dnim, razlike u cijenama i ponudi nagla\u0161avaju potrebu za temeljitom usporedbom.  <br>Ovaj pristup je posebno koristan za regionalna poduze\u0107a, ali se mo\u017ee prilagoditi i za usporedbe u drugim regijama ili s na\u0161im uslugama.<\/h2>\t\t\t\t<\/div>\n\t\t\t\t<\/div>\n\t\t\t\t\t<\/div>\n\t\t<\/div>\n\t\t\t\t<div class=\"elementor-column elementor-col-50 elementor-top-column elementor-element elementor-element-e7a7e91\" data-id=\"e7a7e91\" data-element_type=\"column\" data-e-type=\"column\">\n\t\t\t<div class=\"elementor-widget-wrap elementor-element-populated\">\n\t\t\t\t\t\t<div class=\"elementor-element elementor-element-dadcb16 elementor-widget elementor-widget-text-editor\" data-id=\"dadcb16\" data-element_type=\"widget\" data-e-type=\"widget\" data-widget_type=\"text-editor.default\">\n\t\t\t\t<div class=\"elementor-widget-container\">\n\t\t\t\t\t\t\t\t\t<div class=\"flex max-w-full flex-col flex-grow\"><div class=\"min-h-8 text-message flex w-full flex-col items-end gap-2 whitespace-normal break-words text-start [.text-message+&amp;]:mt-5\" dir=\"auto\" data-message-author-role=\"assistant\" data-message-id=\"19b8b360-cf34-41a7-aa1d-c9a94c4ea7f6\" data-message-model-slug=\"gpt-4o\"><div class=\"flex w-full flex-col gap-1 empty:hidden first:pt-[3px]\"><div class=\"markdown prose w-full break-words dark:prose-invert dark\"><p>Klju\u010dna razmatranja pri odabiru CSS partnera uklju\u010duju njegovu sposobnost zna\u010dajnog smanjenja CPC tro\u0161kova, \u010dime se pove\u0107avaju klikovi, CTR i konverzije u va\u0161im kampanjama. Osim toga, specijalizirana podr\u0161ka partnera za usporedbu cijena mo\u017ee biti od neprocjenjive vrijednosti, posebno u podru\u010djima kao \u0161to su kupovina i oglasi za maksimalnu izvedbu, zajedno sa sveobuhvatnim upravljanjem va\u0161im Google Merchant Center ra\u010dunom. Takva stru\u010dnost ne samo da pove\u0107ava u\u010dinkovitost kampanje, ve\u0107 tako\u0111er pru\u017ea strate\u0161ke smjernice.  <\/p><p>Opseg usluga CSS partnera je klju\u010dan, posebno za tvrtke koje se \u017eele pro\u0161iriti. Partner koji djeluje na va\u0161im ciljnim tr\u017ei\u0161tima mo\u017ee pojednostaviti \u0161irenje eliminiraju\u0107i potrebu za tra\u017eenjem novih lokalnih partnera. \u0160tovi\u0161e, \u010dimbenike kao \u0161to su probna razdoblja i naknadne cijene va\u017eno je uzeti u obzir, osiguravaju\u0107i da imate priliku procijeniti uslugu prije nego \u0161to se potpuno posvetite.  <\/p><p>Ukratko, odabir CSS partnera uklju\u010duje razmatranje brojnih \u010dimbenika izvan trenutne ponude, od regionalne pokrivenosti i specijalizirane podr\u0161ke do probnih razdoblja i razmatranja tro\u0161kova. Takav strate\u0161ki izbor mo\u017ee uvelike utjecati na u\u010dinkovitost i opseg va\u0161ih online ogla\u0161avanja. <\/p><\/div><\/div><\/div><\/div><div class=\"mb-2 flex gap-3 empty:hidden -ml-2\"><div class=\"items-center justify-start rounded-xl p-1 flex\"><div class=\"flex items-center\"> <\/div><\/div><\/div>\t\t\t\t\t\t\t\t<\/div>\n\t\t\t\t<\/div>\n\t\t\t\t\t<\/div>\n\t\t<\/div>\n\t\t\t\t\t<\/div>\n\t\t<\/section>\n\t\t\t\t<\/div>\n\t\t","protected":false},"excerpt":{"rendered":"<p>Usporedba CSS partnera Popis EU usluga usporedbe Odabir pravog CSS partnera klju\u010dan je, posebno s obzirom na njegovu ulogu u potencijalnom dugoro\u010dnom pove\u0107anju dosega i u\u010dinkovitosti va\u0161eg ogla\u0161avanja. Va\u017enost ovog izbora le\u017ei u sposobnosti CSS partnera da zna\u010dajno pro\u0161ire va\u0161e reklamne kampanje u vi\u0161e europskih zemalja, podr\u017eavaju\u0107i tako \u0161irenje i konsolidaciju tr\u017ei\u0161ta. Ovdje vam nudimo [&hellip;]<\/p>\n","protected":false},"author":1,"featured_media":0,"parent":0,"menu_order":0,"comment_status":"closed","ping_status":"closed","template":"","meta":{"footnotes":""},"class_list":["post-22047","page","type-page","status-publish","hentry"],"_links":{"self":[{"href":"https:\/\/verteco.shop\/hr\/wp-json\/wp\/v2\/pages\/22047","targetHints":{"allow":["GET"]}}],"collection":[{"href":"https:\/\/verteco.shop\/hr\/wp-json\/wp\/v2\/pages"}],"about":[{"href":"https:\/\/verteco.shop\/hr\/wp-json\/wp\/v2\/types\/page"}],"author":[{"embeddable":true,"href":"https:\/\/verteco.shop\/hr\/wp-json\/wp\/v2\/users\/1"}],"replies":[{"embeddable":true,"href":"https:\/\/verteco.shop\/hr\/wp-json\/wp\/v2\/comments?post=22047"}],"version-history":[{"count":0,"href":"https:\/\/verteco.shop\/hr\/wp-json\/wp\/v2\/pages\/22047\/revisions"}],"wp:attachment":[{"href":"https:\/\/verteco.shop\/hr\/wp-json\/wp\/v2\/media?parent=22047"}],"curies":[{"name":"wp","href":"https:\/\/api.w.org\/{rel}","templated":true}]}}