{"id":10186,"date":"2023-07-14T11:20:19","date_gmt":"2023-07-14T09:20:19","guid":{"rendered":"https:\/\/verteco.shop\/verteco-shop-csss-fakturirano\/"},"modified":"2024-04-30T14:32:18","modified_gmt":"2024-04-30T12:32:18","slug":"verteco-shop-csss-fakturirano","status":"publish","type":"page","link":"https:\/\/verteco.shop\/hr\/verteco-shop-csss-fakturirano\/","title":{"rendered":"verteco.shop CSS &#8211; fakturirano"},"content":{"rendered":"\t\t<div data-elementor-type=\"wp-page\" data-elementor-id=\"10186\" class=\"elementor elementor-10186 elementor-8269\" data-elementor-post-type=\"page\">\n\t\t\t\t\t\t<section class=\"elementor-section elementor-top-section elementor-element elementor-element-f447737 elementor-section-boxed elementor-section-height-default elementor-section-height-default\" data-id=\"f447737\" data-element_type=\"section\" data-e-type=\"section\">\n\t\t\t\t\t\t<div class=\"elementor-container elementor-column-gap-default\">\n\t\t\t\t\t<div class=\"elementor-column elementor-col-100 elementor-top-column elementor-element elementor-element-d741be4\" data-id=\"d741be4\" data-element_type=\"column\" data-e-type=\"column\">\n\t\t\t<div class=\"elementor-widget-wrap elementor-element-populated\">\n\t\t\t\t\t\t<div class=\"elementor-element elementor-element-d4e8981 elementor-widget elementor-widget-heading\" data-id=\"d4e8981\" data-element_type=\"widget\" data-e-type=\"widget\" data-widget_type=\"heading.default\">\n\t\t\t\t<div class=\"elementor-widget-container\">\n\t\t\t\t\t<h2 class=\"elementor-heading-title elementor-size-default\">verteco.shop - Pla\u0107anje fakturom<\/h2>\t\t\t\t<\/div>\n\t\t\t\t<\/div>\n\t\t\t\t<div class=\"elementor-element elementor-element-f24d821 elementor-button-align-stretch elementor-widget elementor-widget-form\" data-id=\"f24d821\" data-element_type=\"widget\" data-e-type=\"widget\" data-settings=\"{&quot;step_next_label&quot;:&quot;Sljede\\u0107i&quot;,&quot;step_previous_label&quot;:&quot;Prethodno&quot;,&quot;button_width&quot;:&quot;100&quot;,&quot;step_type&quot;:&quot;number_text&quot;,&quot;step_icon_shape&quot;:&quot;circle&quot;}\" data-widget_type=\"form.default\">\n\t\t\t\t<div class=\"elementor-widget-container\">\n\t\t\t\t\t\t\t<form class=\"elementor-form\" method=\"post\" name=\"Novi obrazac\" aria-label=\"Novi obrazac\">\n\t\t\t<input type=\"hidden\" name=\"post_id\" value=\"10186\"\/>\n\t\t\t<input type=\"hidden\" name=\"form_id\" value=\"f24d821\"\/>\n\t\t\t<input type=\"hidden\" name=\"referer_title\" value=\"\" \/>\n\n\t\t\t\n\t\t\t<div class=\"elementor-form-fields-wrapper elementor-labels-above\">\n\t\t\t\t\t\t\t\t<div class=\"elementor-field-type-step elementor-field-group elementor-column elementor-field-group-field_88c430f elementor-col-100\">\n\t\t\t\t\t\t\t<div class=\"e-field-step elementor-hidden\" data-label=\"Podaci za kontakt\" data-previousButton=\"\" data-nextButton=\"\" data-iconUrl=\"\" data-iconLibrary=\"far fa-address-card\" data-icon=\"\" ><\/div>\n\n\t\t\t\t\t\t<\/div>\n\t\t\t\t\t\t\t\t<div class=\"elementor-field-type-html elementor-field-group elementor-column elementor-field-group-field_e299646 elementor-col-100\">\n\t\t\t\t\t<b>Po\u010detne informacije:<\/b><br><br>\n\nIspunite obrazac. Nakon slanja obrasca mo\u017eete prihvatiti skretnicu u svom trgova\u010dkom centru.  <br>\nMo\u017eete odabrati \u017eelite li ostati unutar CSS-verteco.shop nakon besplatnog probnog razdoblja od 30 dana ili se uvijek mo\u017eete vratiti na Google CSS.  <br> <br>\n\t\t\t\t<\/div>\n\t\t\t\t\t\t\t\t<div class=\"elementor-field-type-select elementor-field-group elementor-column elementor-field-group-field_c09db40 elementor-col-100 elementor-field-required elementor-mark-required\">\n\t\t\t\t\t\t\t\t\t\t\t\t<label for=\"form-field-field_c09db40\" class=\"elementor-field-label\">\n\t\t\t\t\t\t\t\tZemlja\t\t\t\t\t\t\t<\/label>\n\t\t\t\t\t\t\t\t<div class=\"elementor-field elementor-select-wrapper remove-before \">\n\t\t\t<div class=\"select-caret-down-wrapper\">\n\t\t\t\t<i aria-hidden=\"true\" class=\"eicon-caret-down\"><\/i>\t\t\t<\/div>\n\t\t\t<select name=\"form_fields[field_c09db40]\" id=\"form-field-field_c09db40\" class=\"elementor-field-textual elementor-size-sm\" required=\"required\">\n\t\t\t\t\t\t\t\t\t<option value=\"Austrija\">Austrija<\/option>\n\t\t\t\t\t\t\t\t\t<option value=\"Belgija\">Belgija<\/option>\n\t\t\t\t\t\t\t\t\t<option value=\"\u010ce\u0161ka Republika\">\u010ce\u0161ka Republika<\/option>\n\t\t\t\t\t\t\t\t\t<option value=\"Danska\">Danska<\/option>\n\t\t\t\t\t\t\t\t\t<option value=\"Finska\">Finska<\/option>\n\t\t\t\t\t\t\t\t\t<option value=\"Francuska\">Francuska<\/option>\n\t\t\t\t\t\t\t\t\t<option value=\"Njema\u010dka\">Njema\u010dka<\/option>\n\t\t\t\t\t\t\t\t\t<option value=\"Gr\u010dka\">Gr\u010dka<\/option>\n\t\t\t\t\t\t\t\t\t<option value=\"Ma\u0111arska\">Ma\u0111arska<\/option>\n\t\t\t\t\t\t\t\t\t<option value=\"Irska\">Irska<\/option>\n\t\t\t\t\t\t\t\t\t<option value=\"Italija\">Italija<\/option>\n\t\t\t\t\t\t\t\t\t<option value=\"Nizozemska\">Nizozemska<\/option>\n\t\t\t\t\t\t\t\t\t<option value=\"Norve\u0161ka\">Norve\u0161ka<\/option>\n\t\t\t\t\t\t\t\t\t<option value=\"Poljska\">Poljska<\/option>\n\t\t\t\t\t\t\t\t\t<option value=\"Portugal\">Portugal<\/option>\n\t\t\t\t\t\t\t\t\t<option value=\"Rumunjska\">Rumunjska<\/option>\n\t\t\t\t\t\t\t\t\t<option value=\"Slova\u010dka\">Slova\u010dka<\/option>\n\t\t\t\t\t\t\t\t\t<option value=\"\u0160panjolska\">\u0160panjolska<\/option>\n\t\t\t\t\t\t\t\t\t<option value=\"\u0160vedska\">\u0160vedska<\/option>\n\t\t\t\t\t\t\t\t\t<option value=\"\u0160vicarska\">\u0160vicarska<\/option>\n\t\t\t\t\t\t\t\t\t<option value=\"Ujedinjena Kraljevina\">Ujedinjena Kraljevina<\/option>\n\t\t\t\t\t\t\t<\/select>\n\t\t<\/div>\n\t\t\t\t\t\t<\/div>\n\t\t\t\t\t\t\t\t<div class=\"elementor-field-type-text elementor-field-group elementor-column elementor-field-group-field_8b44fab elementor-col-50 elementor-field-required elementor-mark-required\">\n\t\t\t\t\t\t\t\t\t\t\t\t<label for=\"form-field-field_8b44fab\" class=\"elementor-field-label\">\n\t\t\t\t\t\t\t\tIme\t\t\t\t\t\t\t<\/label>\n\t\t\t\t\t\t\t\t\t\t\t\t\t\t<input size=\"1\" type=\"text\" name=\"form_fields[field_8b44fab]\" id=\"form-field-field_8b44fab\" class=\"elementor-field elementor-size-sm  elementor-field-textual\" placeholder=\"John\" required=\"required\">\n\t\t\t\t\t\t\t\t\t\t\t<\/div>\n\t\t\t\t\t\t\t\t<div class=\"elementor-field-type-text elementor-field-group elementor-column elementor-field-group-field_001e2fb elementor-col-50 elementor-field-required elementor-mark-required\">\n\t\t\t\t\t\t\t\t\t\t\t\t<label for=\"form-field-field_001e2fb\" class=\"elementor-field-label\">\n\t\t\t\t\t\t\t\tPrezime\t\t\t\t\t\t\t<\/label>\n\t\t\t\t\t\t\t\t\t\t\t\t\t\t<input size=\"1\" type=\"text\" name=\"form_fields[field_001e2fb]\" id=\"form-field-field_001e2fb\" class=\"elementor-field elementor-size-sm  elementor-field-textual\" placeholder=\"Ko\u0161uta\" required=\"required\">\n\t\t\t\t\t\t\t\t\t\t\t<\/div>\n\t\t\t\t\t\t\t\t<div class=\"elementor-field-type-email elementor-field-group elementor-column elementor-field-group-field_4afa782 elementor-col-50 elementor-field-required elementor-mark-required\">\n\t\t\t\t\t\t\t\t\t\t\t\t<label for=\"form-field-field_4afa782\" class=\"elementor-field-label\">\n\t\t\t\t\t\t\t\tE-po\u0161ta\t\t\t\t\t\t\t<\/label>\n\t\t\t\t\t\t\t\t\t\t\t\t\t\t<input size=\"1\" type=\"email\" name=\"form_fields[field_4afa782]\" id=\"form-field-field_4afa782\" class=\"elementor-field elementor-size-sm  elementor-field-textual\" placeholder=\"contact@mycompany.com\" required=\"required\">\n\t\t\t\t\t\t\t\t\t\t\t<\/div>\n\t\t\t\t\t\t\t\t<div class=\"elementor-field-type-text elementor-field-group elementor-column elementor-field-group-field_c1c9025 elementor-col-50 elementor-field-required elementor-mark-required\">\n\t\t\t\t\t\t\t\t\t\t\t\t<label for=\"form-field-field_c1c9025\" class=\"elementor-field-label\">\n\t\t\t\t\t\t\t\tTelefonski broj\t\t\t\t\t\t\t<\/label>\n\t\t\t\t\t\t\t\t\t\t\t\t\t\t<input size=\"1\" type=\"text\" name=\"form_fields[field_c1c9025]\" id=\"form-field-field_c1c9025\" class=\"elementor-field elementor-size-sm  elementor-field-textual\" placeholder=\"+12 345 678 910\" required=\"required\">\n\t\t\t\t\t\t\t\t\t\t\t<\/div>\n\t\t\t\t\t\t\t\t<div class=\"elementor-field-type-step elementor-field-group elementor-column elementor-field-group-field_9592e6b elementor-col-100\">\n\t\t\t\t\t\t\t<div class=\"e-field-step elementor-hidden\" data-label=\"Trgova\u010dki centri\" data-previousButton=\"\" data-nextButton=\"\" data-iconUrl=\"\" data-iconLibrary=\"fas fa-star\" data-icon=\"\" ><\/div>\n\n\t\t\t\t\t\t<\/div>\n\t\t\t\t\t\t\t\t<div class=\"elementor-field-type-select elementor-field-group elementor-column elementor-field-group-field_dd36557 elementor-col-100 elementor-field-required elementor-mark-required\">\n\t\t\t\t\t\t\t\t\t\t\t\t<label for=\"form-field-field_dd36557\" class=\"elementor-field-label\">\n\t\t\t\t\t\t\t\tBroj trgova\u010dkih centara za prelazak na CSS verteco.shop\t\t\t\t\t\t\t<\/label>\n\t\t\t\t\t\t\t\t<div class=\"elementor-field elementor-select-wrapper remove-before \">\n\t\t\t<div class=\"select-caret-down-wrapper\">\n\t\t\t\t<i aria-hidden=\"true\" class=\"eicon-caret-down\"><\/i>\t\t\t<\/div>\n\t\t\t<select name=\"form_fields[field_dd36557]\" id=\"form-field-field_dd36557\" class=\"elementor-field-textual elementor-size-sm\" required=\"required\">\n\t\t\t\t\t\t\t\t\t<option value=\"1\">1<\/option>\n\t\t\t\t\t\t\t\t\t<option value=\"2\">2<\/option>\n\t\t\t\t\t\t\t\t\t<option value=\"3\">3<\/option>\n\t\t\t\t\t\t\t\t\t<option value=\"4\">4<\/option>\n\t\t\t\t\t\t\t\t\t<option value=\"5\">5<\/option>\n\t\t\t\t\t\t\t\t\t<option value=\"6\">6<\/option>\n\t\t\t\t\t\t\t\t\t<option value=\"7\">7<\/option>\n\t\t\t\t\t\t\t\t\t<option value=\"8\">8<\/option>\n\t\t\t\t\t\t\t\t\t<option value=\"9\">9<\/option>\n\t\t\t\t\t\t\t\t\t<option value=\"10\">10<\/option>\n\t\t\t\t\t\t\t<\/select>\n\t\t<\/div>\n\t\t\t\t\t\t<\/div>\n\t\t\t\t\t\t\t\t<div class=\"elementor-field-type-textarea elementor-field-group elementor-column elementor-field-group-field_3ad030b elementor-col-100 elementor-field-required elementor-mark-required\">\n\t\t\t\t\t\t\t\t\t\t\t\t<label for=\"form-field-field_3ad030b\" class=\"elementor-field-label\">\n\t\t\t\t\t\t\t\tOvdje navedite sve trgova\u010dke centre koje \u017eelite prebaciti. Njihove osobne iskaznice mo\u017eete prona\u0107i ovdje: https:\/\/merchants.google.com\/mc\/\t\t\t\t\t\t\t<\/label>\n\t\t\t\t\t\t<textarea class=\"elementor-field-textual elementor-field  elementor-size-sm\" name=\"form_fields[field_3ad030b]\" id=\"form-field-field_3ad030b\" rows=\"4\" placeholder=\"121212, 12121212, 121212, 121212...\" required=\"required\"><\/textarea>\t\t\t\t<\/div>\n\t\t\t\t\t\t\t\t<div class=\"elementor-field-type-select elementor-field-group elementor-column elementor-field-group-field_ecb1434 elementor-col-100\">\n\t\t\t\t\t\t\t\t\t\t\t\t<label for=\"form-field-field_ecb1434\" class=\"elementor-field-label\">\n\t\t\t\t\t\t\t\tVrsta pla\u0107anja:  \t\t\t\t\t\t\t<\/label>\n\t\t\t\t\t\t\t\t<div class=\"elementor-field elementor-select-wrapper remove-before \">\n\t\t\t<div class=\"select-caret-down-wrapper\">\n\t\t\t\t<i aria-hidden=\"true\" class=\"eicon-caret-down\"><\/i>\t\t\t<\/div>\n\t\t\t<select name=\"form_fields[field_ecb1434]\" id=\"form-field-field_ecb1434\" class=\"elementor-field-textual elementor-size-sm\">\n\t\t\t\t\t\t\t\t\t<option value=\"Svaki mjesec (bez popusta)  \">Svaki mjesec (bez popusta)  <\/option>\n\t\t\t\t\t\t\t\t\t<option value=\"Svakih 12 mjeseci (10% popusta)\">Svakih 12 mjeseci (10% popusta)<\/option>\n\t\t\t\t\t\t\t<\/select>\n\t\t<\/div>\n\t\t\t\t\t\t<\/div>\n\t\t\t\t\t\t\t\t<div class=\"elementor-field-type-step elementor-field-group elementor-column elementor-field-group-field_278a5f3 elementor-col-100\">\n\t\t\t\t\t\t\t<div class=\"e-field-step elementor-hidden\" data-label=\"Napla\u0107ivanje\" data-previousButton=\"\" data-nextButton=\"\" data-iconUrl=\"\" data-iconLibrary=\"fas fa-star\" data-icon=\"\" ><\/div>\n\n\t\t\t\t\t\t<\/div>\n\t\t\t\t\t\t\t\t<div class=\"elementor-field-type-html elementor-field-group elementor-column elementor-field-group-field_0f783e8 elementor-col-100\">\n\t\t\t\t\tNapla\u0107ivanje:\t\t\t\t<\/div>\n\t\t\t\t\t\t\t\t<div class=\"elementor-field-type-text elementor-field-group elementor-column elementor-field-group-name elementor-col-33 elementor-field-required elementor-mark-required\">\n\t\t\t\t\t\t\t\t\t\t\t\t<label for=\"form-field-name\" class=\"elementor-field-label\">\n\t\t\t\t\t\t\t\tNaziv tvrtke\t\t\t\t\t\t\t<\/label>\n\t\t\t\t\t\t\t\t\t\t\t\t\t\t<input size=\"1\" type=\"text\" name=\"form_fields[name]\" id=\"form-field-name\" class=\"elementor-field elementor-size-sm  elementor-field-textual\" placeholder=\"Moja tvrtka, d.o.o.\" required=\"required\">\n\t\t\t\t\t\t\t\t\t\t\t<\/div>\n\t\t\t\t\t\t\t\t<div class=\"elementor-field-type-text elementor-field-group elementor-column elementor-field-group-field_0076e0a elementor-col-33 elementor-field-required elementor-mark-required\">\n\t\t\t\t\t\t\t\t\t\t\t\t<label for=\"form-field-field_0076e0a\" class=\"elementor-field-label\">\n\t\t\t\t\t\t\t\tID tvrtke (broj za fakturu)\t\t\t\t\t\t\t<\/label>\n\t\t\t\t\t\t\t\t\t\t\t\t\t\t<input size=\"1\" type=\"text\" name=\"form_fields[field_0076e0a]\" id=\"form-field-field_0076e0a\" class=\"elementor-field elementor-size-sm  elementor-field-textual\" placeholder=\"12121212\" required=\"required\">\n\t\t\t\t\t\t\t\t\t\t\t<\/div>\n\t\t\t\t\t\t\t\t<div class=\"elementor-field-type-text elementor-field-group elementor-column elementor-field-group-field_ee015f4 elementor-col-33 elementor-field-required elementor-mark-required\">\n\t\t\t\t\t\t\t\t\t\t\t\t<label for=\"form-field-field_ee015f4\" class=\"elementor-field-label\">\n\t\t\t\t\t\t\t\tPDV broj tvrtke (porezni broj)\t\t\t\t\t\t\t<\/label>\n\t\t\t\t\t\t\t\t\t\t\t\t\t\t<input size=\"1\" type=\"text\" name=\"form_fields[field_ee015f4]\" id=\"form-field-field_ee015f4\" class=\"elementor-field elementor-size-sm  elementor-field-textual\" placeholder=\"DE98391291\" required=\"required\">\n\t\t\t\t\t\t\t\t\t\t\t<\/div>\n\t\t\t\t\t\t\t\t<div class=\"elementor-field-type-text elementor-field-group elementor-column elementor-field-group-field_f6778d0 elementor-col-100 elementor-field-required elementor-mark-required\">\n\t\t\t\t\t\t\t\t\t\t\t\t<label for=\"form-field-field_f6778d0\" class=\"elementor-field-label\">\n\t\t\t\t\t\t\t\tUlica, broj\t\t\t\t\t\t\t<\/label>\n\t\t\t\t\t\t\t\t\t\t\t\t\t\t<input size=\"1\" type=\"text\" name=\"form_fields[field_f6778d0]\" id=\"form-field-field_f6778d0\" class=\"elementor-field elementor-size-sm  elementor-field-textual\" placeholder=\"Ulica 10\" required=\"required\">\n\t\t\t\t\t\t\t\t\t\t\t<\/div>\n\t\t\t\t\t\t\t\t<div class=\"elementor-field-type-text elementor-field-group elementor-column elementor-field-group-field_2715dfb elementor-col-100 elementor-field-required elementor-mark-required\">\n\t\t\t\t\t\t\t\t\t\t\t\t<label for=\"form-field-field_2715dfb\" class=\"elementor-field-label\">\n\t\t\t\t\t\t\t\t.ZIP\t\t\t\t\t\t\t<\/label>\n\t\t\t\t\t\t\t\t\t\t\t\t\t\t<input size=\"1\" type=\"text\" name=\"form_fields[field_2715dfb]\" id=\"form-field-field_2715dfb\" class=\"elementor-field elementor-size-sm  elementor-field-textual\" placeholder=\"08001...\" required=\"required\">\n\t\t\t\t\t\t\t\t\t\t\t<\/div>\n\t\t\t\t\t\t\t\t<div class=\"elementor-field-type-text elementor-field-group elementor-column elementor-field-group-field_ac13118 elementor-col-100 elementor-field-required elementor-mark-required\">\n\t\t\t\t\t\t\t\t\t\t\t\t<label for=\"form-field-field_ac13118\" class=\"elementor-field-label\">\n\t\t\t\t\t\t\t\tGrad\t\t\t\t\t\t\t<\/label>\n\t\t\t\t\t\t\t\t\t\t\t\t\t\t<input size=\"1\" type=\"text\" name=\"form_fields[field_ac13118]\" id=\"form-field-field_ac13118\" class=\"elementor-field elementor-size-sm  elementor-field-textual\" placeholder=\"Barcelona...\" required=\"required\">\n\t\t\t\t\t\t\t\t\t\t\t<\/div>\n\t\t\t\t\t\t\t\t<div class=\"elementor-field-type-text\">\n\t\t\t\t\t<input size=\"1\" type=\"text\" name=\"form_fields[field_8418d35]\" id=\"form-field-field_8418d35\" class=\"elementor-field elementor-size-sm \" style=\"display:none !important;\">\t\t\t\t<\/div>\n\t\t\t\t\t\t\t\t<div class=\"elementor-field-group elementor-column elementor-field-type-submit elementor-col-100 e-form__buttons\">\n\t\t\t\t\t<button class=\"elementor-button elementor-size-sm\" type=\"submit\">\n\t\t\t\t\t\t<span class=\"elementor-button-content-wrapper\">\n\t\t\t\t\t\t\t\t\t\t\t\t\t\t\t\t\t\t\t\t\t\t<span class=\"elementor-button-text\">Zapo\u010dnite besplatnu probnu verziju za odabrane trgova\u010dke centre<\/span>\n\t\t\t\t\t\t\t\t\t\t\t\t\t<\/span>\n\t\t\t\t\t<\/button>\n\t\t\t\t<\/div>\n\t\t\t<\/div>\n\t\t<\/form>\n\t\t\t\t\t\t<\/div>\n\t\t\t\t<\/div>\n\t\t\t\t<div class=\"elementor-element elementor-element-ab3b096 elementor-widget elementor-widget-spacer\" data-id=\"ab3b096\" data-element_type=\"widget\" data-e-type=\"widget\" data-widget_type=\"spacer.default\">\n\t\t\t\t<div class=\"elementor-widget-container\">\n\t\t\t\t\t\t\t<div class=\"elementor-spacer\">\n\t\t\t<div class=\"elementor-spacer-inner\"><\/div>\n\t\t<\/div>\n\t\t\t\t\t\t<\/div>\n\t\t\t\t<\/div>\n\t\t\t\t<div class=\"elementor-element elementor-element-aba9308 elementor-widget elementor-widget-text-editor\" data-id=\"aba9308\" data-element_type=\"widget\" data-e-type=\"widget\" data-widget_type=\"text-editor.default\">\n\t\t\t\t<div class=\"elementor-widget-container\">\n\t\t\t\t\t\t\t\t\t<p><strong><em>Ako umjesto toga \u017eelite zapo\u010deti s karti\u010dnim pla\u0107anjem, Apple Payom ili Google Payom, to mo\u017eete u\u010diniti <a href=\"https:\/\/verteco.shop\/hr\/odaberite-pretplatu\/\">ovdje<\/a>.<\/em><\/strong><\/p>\n\t\t\t\t\t\t\t\t<\/div>\n\t\t\t\t<\/div>\n\t\t\t\t\t<\/div>\n\t\t<\/div>\n\t\t\t\t\t<\/div>\n\t\t<\/section>\n\t\t\t\t<\/div>\n\t\t","protected":false},"excerpt":{"rendered":"<p>verteco.shop &#8211; Pla\u0107anje fakturom Ako umjesto toga \u017eelite zapo\u010deti s karti\u010dnim pla\u0107anjem, Apple Payom ili Google Payom, to mo\u017eete u\u010diniti ovdje.<\/p>\n","protected":false},"author":1,"featured_media":0,"parent":0,"menu_order":0,"comment_status":"closed","ping_status":"closed","template":"elementor_header_footer","meta":{"footnotes":""},"class_list":["post-10186","page","type-page","status-publish","hentry"],"_links":{"self":[{"href":"https:\/\/verteco.shop\/hr\/wp-json\/wp\/v2\/pages\/10186","targetHints":{"allow":["GET"]}}],"collection":[{"href":"https:\/\/verteco.shop\/hr\/wp-json\/wp\/v2\/pages"}],"about":[{"href":"https:\/\/verteco.shop\/hr\/wp-json\/wp\/v2\/types\/page"}],"author":[{"embeddable":true,"href":"https:\/\/verteco.shop\/hr\/wp-json\/wp\/v2\/users\/1"}],"replies":[{"embeddable":true,"href":"https:\/\/verteco.shop\/hr\/wp-json\/wp\/v2\/comments?post=10186"}],"version-history":[{"count":0,"href":"https:\/\/verteco.shop\/hr\/wp-json\/wp\/v2\/pages\/10186\/revisions"}],"wp:attachment":[{"href":"https:\/\/verteco.shop\/hr\/wp-json\/wp\/v2\/media?parent=10186"}],"curies":[{"name":"wp","href":"https:\/\/api.w.org\/{rel}","templated":true}]}}