{"id":9981,"date":"2023-05-18T23:08:13","date_gmt":"2023-05-18T21:08:13","guid":{"rendered":"https:\/\/verteco.shop\/conditions-de-service\/"},"modified":"2024-11-06T14:56:54","modified_gmt":"2024-11-06T12:56:54","slug":"conditions-de-service","status":"publish","type":"page","link":"https:\/\/verteco.shop\/fr\/conditions-de-service\/","title":{"rendered":"Conditions d&rsquo;utilisation"},"content":{"rendered":"\t\t<div data-elementor-type=\"wp-page\" data-elementor-id=\"9981\" class=\"elementor elementor-9981 elementor-7045\" data-elementor-post-type=\"page\">\n\t\t\t\t\t\t<section class=\"elementor-section elementor-top-section elementor-element elementor-element-2140112 elementor-section-boxed elementor-section-height-default elementor-section-height-default\" data-id=\"2140112\" data-element_type=\"section\" data-e-type=\"section\">\n\t\t\t\t\t\t<div class=\"elementor-container elementor-column-gap-default\">\n\t\t\t\t\t<div class=\"elementor-column elementor-col-100 elementor-top-column elementor-element elementor-element-c52fb5b\" data-id=\"c52fb5b\" data-element_type=\"column\" data-e-type=\"column\">\n\t\t\t<div class=\"elementor-widget-wrap elementor-element-populated\">\n\t\t\t\t\t\t<div class=\"elementor-element elementor-element-e3899a0 elementor-widget elementor-widget-heading\" data-id=\"e3899a0\" data-element_type=\"widget\" data-e-type=\"widget\" data-widget_type=\"heading.default\">\n\t\t\t\t<div class=\"elementor-widget-container\">\n\t\t\t\t\t<h2 class=\"elementor-heading-title elementor-size-default\">Conditions d'utilisation<\/h2>\t\t\t\t<\/div>\n\t\t\t\t<\/div>\n\t\t\t\t\t<\/div>\n\t\t<\/div>\n\t\t\t\t\t<\/div>\n\t\t<\/section>\n\t\t\t\t<section class=\"elementor-section elementor-top-section elementor-element elementor-element-2f6b0dc3 elementor-section-boxed elementor-section-height-default elementor-section-height-default\" data-id=\"2f6b0dc3\" data-element_type=\"section\" data-e-type=\"section\">\n\t\t\t\t\t\t<div class=\"elementor-container elementor-column-gap-default\">\n\t\t\t\t\t<div class=\"elementor-column elementor-col-100 elementor-top-column elementor-element elementor-element-6f586bdd\" data-id=\"6f586bdd\" data-element_type=\"column\" data-e-type=\"column\">\n\t\t\t<div class=\"elementor-widget-wrap elementor-element-populated\">\n\t\t\t\t\t\t<div class=\"elementor-element elementor-element-73b178c0 elementor-widget elementor-widget-text-editor\" data-id=\"73b178c0\" data-element_type=\"widget\" data-e-type=\"widget\" data-widget_type=\"text-editor.default\">\n\t\t\t\t<div class=\"elementor-widget-container\">\n\t\t\t\t\t\t\t\t\t<p style=\"text-align: start;\">Les pr\u00e9sentes conditions d&rsquo;utilisation (\u00ab Conditions \u00bb) sont \u00e9mises par Elite Digital Services, LLC, une soci\u00e9t\u00e9 \u00e0 responsabilit\u00e9 limit\u00e9e du Delaware, dont le si\u00e8ge social est situ\u00e9 au 1111B S Governors Ave, STE 21653, Dover, DE 19904, \u00c9tats-Unis (ci-apr\u00e8s d\u00e9nomm\u00e9e \u00ab Verteco \u00bb, \u00ab nous \u00bb, \u00ab notre \u00bb ou \u00ab nos \u00bb). Les pr\u00e9sentes conditions r\u00e9gissent votre acc\u00e8s et votre utilisation de nos services, y compris, mais sans s&rsquo;y limiter, le programme de comparaison de prix Verteco.shop (CSS), notre site Web, nos outils et toute autre fonctionnalit\u00e9 fournie par nous (collectivement d\u00e9nomm\u00e9s les \u00ab Services \u00bb). <\/p>\n<p style=\"text-align: start;\">En acc\u00e9dant \u00e0 nos Services ou en les utilisant, vous (\u00ab vous \u00bb, \u00ab votre \u00bb ou \u00ab Client \u00bb) reconnaissez avoir lu, compris et accept\u00e9 d&rsquo;\u00eatre l\u00e9galement li\u00e9 par les pr\u00e9sentes Conditions. Si vous n&rsquo;acceptez pas ces Conditions, vous ne devez pas utiliser nos Services. <\/p>\n<p style=\"text-align: start;\">Verteco.shop propose un service de comparaison de prix sp\u00e9cialis\u00e9 (CSS) con\u00e7u pour optimiser l&rsquo;efficacit\u00e9 des annonces Google Shopping. S&rsquo;appuyant sur un cadre juridique, notre CSS permet aux annonceurs d&rsquo;obtenir potentiellement jusqu&rsquo;\u00e0 20 % de r\u00e9duction des co\u00fbts publicitaires en passant du CSS par d\u00e9faut de Google \u00e0 notre plateforme. Cette transition facilite une publicit\u00e9 plus rentable gr\u00e2ce \u00e0 des taux de co\u00fbt par clic (CPC) am\u00e9lior\u00e9s. Nous proposons un essai simple et sans risque qui conserve vos param\u00e8tres de campagne existants, garantissant \u00e0 la fois la s\u00e9curit\u00e9 des donn\u00e9es et la facilit\u00e9 de r\u00e9ussite publicitaire continue.   <\/p>\n<ol style=\"text-align: left;\">\n<li><strong>Acceptation des conditions<\/strong><\/li>\n<\/ol>\n<p style=\"text-align: left;\">En acc\u00e9dant \u00e0 nos Services ou en les utilisant, vous reconnaissez avoir lu, compris et accept\u00e9 d&rsquo;\u00eatre l\u00e9galement li\u00e9 par les pr\u00e9sentes Conditions et notre Politique de confidentialit\u00e9. Si vous n&rsquo;\u00eates pas d&rsquo;accord avec une quelconque partie de ces Conditions, vous devez vous abstenir d&rsquo;acc\u00e9der \u00e0 nos Services ou de les utiliser. <\/p>\n<ol style=\"text-align: left;\" start=\"2\">\n<li><strong>\u00c9ligibilit\u00e9<\/strong><\/li>\n<\/ol>\n<p style=\"text-align: left;\">Vous devez avoir au moins 18 ans pour acc\u00e9der \u00e0 nos Services ou les utiliser. En acc\u00e9dant \u00e0 nos Services ou en les utilisant, vous d\u00e9clarez et garantissez que vous avez au moins 18 ans et que vous utilisez nos Services uniquement \u00e0 des fins entrepreneuriales, commerciales ou professionnelles. Nos Services sont destin\u00e9s exclusivement aux personnes physiques ou morales exer\u00e7ant des activit\u00e9s commerciales. Si vous ne remplissez pas ces conditions, il vous est interdit d&rsquo;utiliser nos Services.   <\/p>\n<ol style=\"text-align: left;\" start=\"3\">\n<li><strong>Enregistrement du compte<\/strong><\/li>\n<\/ol>\n<p>Pour acc\u00e9der \u00e0 certaines fonctionnalit\u00e9s de nos services, il peut vous \u00eatre demand\u00e9 de cr\u00e9er un compte. Vous \u00eates seul responsable du maintien de la confidentialit\u00e9 des informations d&rsquo;identification de votre compte, y compris de votre nom d&rsquo;utilisateur et de votre mot de passe, et de toutes les activit\u00e9s qui se d\u00e9roulent sous votre compte. Vous acceptez de nous informer rapidement de tout acc\u00e8s ou utilisation non autoris\u00e9s de votre compte, ou de toute autre violation de s\u00e9curit\u00e9. Nous ne sommes pas responsables de toute perte ou dommage r\u00e9sultant de votre non-respect de cette obligation de s\u00e9curit\u00e9.  <\/p>\n<ol style=\"text-align: left;\" start=\"4\">\n<li><strong>Essai gratuit<\/strong><\/li>\n<\/ol>\n<p>Nous proposons un essai gratuit de 30 jours de notre programme CSS, pendant lequel aucune information de carte de cr\u00e9dit ou de paiement n&rsquo;est requise. \u00c0 l&rsquo;expiration de la p\u00e9riode d&rsquo;essai, pour continuer \u00e0 acc\u00e9der \u00e0 nos services, vous devrez s\u00e9lectionner un plan tarifaire et fournir des informations de paiement valides. Le non-respect de cette obligation entra\u00eenera la suspension de votre acc\u00e8s aux services. En continuant \u00e0 utiliser nos services apr\u00e8s l&rsquo;expiration de la p\u00e9riode d&rsquo;essai gratuite, vous acceptez de s\u00e9lectionner et de souscrire \u00e0 un plan de service payant, et vous reconnaissez que vous \u00eates tenu de respecter les conditions de paiement associ\u00e9es au plan choisi.   <\/p>\n<ol style=\"text-align: left;\" start=\"5\">\n<li><strong>Tarification et paiement<\/strong><\/li>\n<\/ol>\n<p>Nos plans tarifaires sont disponibles sur notre site Web et proposent diff\u00e9rentes options adapt\u00e9es \u00e0 diff\u00e9rents besoins. Les paiements sont dus sur une base mensuelle ou annuelle, selon le plan que vous s\u00e9lectionnez. Conform\u00e9ment aux communications individuelles et sous r\u00e9serve de notre discr\u00e9tion, nous nous r\u00e9servons le droit d&rsquo;\u00e9tendre des offres de remises, de bonus ou d&rsquo;autres incitations promotionnelles. De telles offres peuvent \u00eatre fournies au cas par cas et ne constituent pas une obligation de notre part d&rsquo;\u00e9tendre des conditions similaires \u00e0 tout autre client ou \u00e0 tout autre moment. Ces remises et bonus sont fournis uniquement \u00e0 notre discr\u00e9tion et peuvent \u00eatre soumis \u00e0 des conditions g\u00e9n\u00e9rales suppl\u00e9mentaires telles que sp\u00e9cifi\u00e9es au moment de l&rsquo;offre. Tous les frais ne sont pas remboursables, sauf si la loi applicable l&rsquo;exige.     <\/p>\n<\/p>\n<p>Les obligations de paiement pour nos services commencent 30 jours apr\u00e8s la date \u00e0 laquelle votre basculement de Merchant Center (MC) vers le Comparison Shopping Service (CSS) de verteco.shop est accept\u00e9. Cela signifie que vous commencerez \u00e0 encourir des frais pour les services \u00e0 compter de 30 jours \u00e0 compter de la date d&rsquo;acceptation du basculement de MC vers notre plateforme CSS. La p\u00e9riode de paiement se poursuivra sans interruption jusqu&rsquo;\u00e0 ce que votre Merchant Center soit officiellement d\u00e9connect\u00e9 du CSS de verteco.shop.  <\/p>\n<p>Vous \u00eates responsable de la r\u00e9alisation du processus de d\u00e9connexion si vous d\u00e9cidez de r\u00e9silier les Services. Si vous ne d\u00e9connectez pas correctement votre Merchant Center de notre CSS, la facturation se poursuivra et vous resterez responsable de tous les frais encourus jusqu&rsquo;\u00e0 ce que la d\u00e9connexion soit finalis\u00e9e. <\/p>\n<p>Tous les paiements sont dus conform\u00e9ment au cycle de facturation du plan tarifaire que vous avez s\u00e9lectionn\u00e9, qu&rsquo;il soit mensuel ou annuel. Les factures seront \u00e9mises en cons\u00e9quence et le paiement int\u00e9gral doit \u00eatre re\u00e7u \u00e0 la date d&rsquo;\u00e9ch\u00e9ance sp\u00e9cifi\u00e9e sur la facture pour \u00e9viter toute interruption ou suspension des Services. Les retards de paiement peuvent entra\u00eener des frais suppl\u00e9mentaires ou des int\u00e9r\u00eats, comme le permet la loi, et le non-respect persistant des d\u00e9lais de paiement peut entra\u00eener la r\u00e9siliation de votre acc\u00e8s aux Services.  <\/p>\n<p>Il est important de noter que m\u00eame si nous fournissons la plateforme CSS, nous n&rsquo;avons pas acc\u00e8s \u00e0 vos comptes Google Ads ou Google Merchant Center. Par cons\u00e9quent, vous \u00eates seul responsable de la gestion de ces comptes, y compris de l&rsquo;initiation et de la confirmation de toute d\u00e9connexion de notre plateforme CSS. <\/p>\n<p>En continuant \u00e0 utiliser nos Services apr\u00e8s la p\u00e9riode initiale de 30 jours suivant l&rsquo;acceptation du changement de MC, vous reconnaissez et acceptez ces conditions de paiement. Vous comprenez que le paiement est d\u00fb comme sp\u00e9cifi\u00e9 dans les pr\u00e9sentes et que vous \u00eates oblig\u00e9 de remplir toutes les responsabilit\u00e9s de paiement jusqu&rsquo;\u00e0 ce que les Services soient correctement r\u00e9sili\u00e9s conform\u00e9ment aux pr\u00e9sentes Conditions. <\/p>\n<\/p>\n<p>Afin d&rsquo;\u00e9viter toute ambigu\u00eft\u00e9, bien qu&rsquo;Elite Digital Services, LLC soit l&rsquo;entit\u00e9 principale responsable de la fourniture des Services en vertu des pr\u00e9sentes Conditions, certains Services peuvent \u00eatre factur\u00e9s par nos soci\u00e9t\u00e9s affili\u00e9es ou filiales, \u00e0 l&rsquo;int\u00e9rieur et \u00e0 l&rsquo;ext\u00e9rieur des \u00c9tats-Unis, si cela est jug\u00e9 n\u00e9cessaire pour l&rsquo;efficacit\u00e9 op\u00e9rationnelle. Nonobstant de tels accords de facturation, Elite Digital Services, LLC reste l&rsquo;entit\u00e9 principale en ce qui concerne l&rsquo;ex\u00e9cution globale des Services et le respect des pr\u00e9sentes Conditions. <\/p>\n<p>En acceptant les pr\u00e9sentes Conditions, vous consentez \u00e0 la possibilit\u00e9 que des factures soient \u00e9mises par des entit\u00e9s autres qu&rsquo;Elite Digital Services, LLC, sans que cela n&rsquo;affecte vos obligations en vertu des pr\u00e9sentes Conditions. Toutes les entit\u00e9s de facturation seront autoris\u00e9es par Elite Digital Services, LLC et agiront en son nom dans le cadre des Services fournis. <\/p>\n<ol style=\"text-align: left;\" start=\"6\">\n<li><strong>Modifications des services et des conditions<\/strong><\/li>\n<\/ol>\n<p>Nous nous r\u00e9servons le droit de modifier nos Services ou les pr\u00e9sentes Conditions \u00e0 tout moment, \u00e0 notre seule discr\u00e9tion. En cas de modification substantielle des pr\u00e9sentes Conditions, nous vous en informerons en publiant les Conditions mises \u00e0 jour sur notre site Web ou par tout autre moyen de communication appropri\u00e9. Votre utilisation continue de nos Services apr\u00e8s la notification de ces modifications constitue votre acceptation des Conditions r\u00e9vis\u00e9es. Si vous n&rsquo;\u00eates pas d&rsquo;accord avec les Conditions modifi\u00e9es, vous devez cesser imm\u00e9diatement d&rsquo;utiliser les Services.   <\/p>\n<ol style=\"text-align: left;\" start=\"7\">\n<li><strong>Cessation d&rsquo;activit\u00e9<\/strong><\/li>\n<\/ol>\n<p>Chacune des parties peut r\u00e9silier le pr\u00e9sent Contrat \u00e0 tout moment, pour quelque raison que ce soit, en adressant un pr\u00e9avis \u00e9crit \u00e0 l&rsquo;autre partie. En cas de r\u00e9siliation, vous devez imm\u00e9diatement cesser toute utilisation de nos Services et nous d\u00e9sactiverons rapidement votre acc\u00e8s \u00e0 notre plateforme. La r\u00e9siliation du pr\u00e9sent Contrat ne lib\u00e8re aucune des parties de ses obligations ou responsabilit\u00e9s accumul\u00e9es avant la date de r\u00e9siliation.  <\/p>\n<ol style=\"text-align: left;\" start=\"8\">\n<li><strong>Propri\u00e9t\u00e9 intellectuelle<\/strong><\/li>\n<\/ol>\n<p>L&rsquo;ensemble du contenu, des marques commerciales et des autres \u00e9l\u00e9ments de propri\u00e9t\u00e9 intellectuelle associ\u00e9s \u00e0 nos services sont la propri\u00e9t\u00e9 exclusive de Verteco Digital Services ou de ses conc\u00e9dants de licence. Il vous est interdit d&rsquo;utiliser, de modifier, de reproduire, de distribuer ou d&rsquo;exploiter de quelque mani\u00e8re que ce soit notre propri\u00e9t\u00e9 intellectuelle sans avoir obtenu notre consentement \u00e9crit pr\u00e9alable. L&rsquo;utilisation non autoris\u00e9e de notre propri\u00e9t\u00e9 intellectuelle peut entra\u00eener des poursuites judiciaires.  <\/p>\n<ol style=\"text-align: left;\" start=\"9\">\n<li><strong>Clause de non-responsabilit\u00e9 et limitation de responsabilit\u00e9<\/strong><\/li>\n<\/ol>\n<p>En utilisant nos Services, vous reconnaissez et acceptez que nous n&rsquo;avons pas acc\u00e8s \u00e0 vos comptes Google Ads ou Google Merchant Center. Par cons\u00e9quent, vous \u00eates seul responsable de vos actions, d\u00e9cisions et de toute erreur ou omission au sein de ces comptes. Cela inclut tout dommage potentiel, tel que la perte de b\u00e9n\u00e9fices, de donn\u00e9es ou de client\u00e8le. Bien que nous nous engagions \u00e0 fournir des services de haute qualit\u00e9, vous comprenez que nous ne pouvons \u00eatre tenus responsables des probl\u00e8mes d\u00e9coulant de vos actions ou de toute circonstance ind\u00e9pendante de notre volont\u00e9. Vous \u00eates tenu de g\u00e9rer vos comptes avec comp\u00e9tence, sachant que nous n&rsquo;interviendrons pas et n&rsquo;y acc\u00e9derons pas en votre nom.    <\/p>\n<ol style=\"text-align: left;\" start=\"10\">\n<li><strong>Droit applicable et juridiction<\/strong><\/li>\n<\/ol>\n<p>Les pr\u00e9sentes Conditions sont r\u00e9gies par les lois applicables et nous nous engageons \u00e0 les respecter. Tout litige d\u00e9coulant des pr\u00e9sentes Conditions ou li\u00e9 \u00e0 votre utilisation de nos Services sera exclusivement r\u00e9solu devant les tribunaux situ\u00e9s dans la juridiction du si\u00e8ge social du prestataire de services. En utilisant nos Services, vous acceptez de vous soumettre \u00e0 la juridiction de ces tribunaux pour la r\u00e9solution de tels litiges.  <\/p>\n<ol style=\"text-align: left;\" start=\"11\">\n<li><strong>S\u00e9v\u00e9rit\u00e9<\/strong><\/li>\n<\/ol>\n<p>Si une partie quelconque des pr\u00e9sentes Conditions s&rsquo;av\u00e8re inapplicable ou invalide, cette partie sp\u00e9cifique sera ajust\u00e9e ou supprim\u00e9e le moins possible, de sorte que le reste des Conditions continuera d&rsquo;\u00eatre pleinement efficace et applicable.<\/p>\n<ol style=\"text-align: left;\" start=\"12\">\n<li><strong>Int\u00e9gralit\u00e9 de l&rsquo;accord<\/strong><\/li>\n<\/ol>\n<p style=\"text-align: left;\">Les pr\u00e9sentes conditions, ainsi que notre politique de confidentialit\u00e9, constituent l&rsquo;int\u00e9gralit\u00e9 de l&rsquo;accord entre vous et Verteco concernant votre utilisation de nos services, et remplacent tous les accords, communications et propositions ant\u00e9rieurs ou contemporains, qu&rsquo;ils soient oraux ou \u00e9crits, entre vous et Verteco.<\/p>\n<p style=\"text-align: left;\">Si vous avez des questions ou des pr\u00e9occupations concernant les pr\u00e9sentes conditions ou nos services, veuillez nous contacter \u00e0 l&rsquo;adresse \u00e9lectronique suivante : <a href=\"mailto:info@verteco.shop\">info@verteco.shop<\/a>.<\/p>\n<p style=\"text-align: left;\">\u00a9 Elite Digital Services, LLC<\/p>\n<p style=\"text-align: left;\">  Tous droits r\u00e9serv\u00e9s.<\/p>\n<p>Version : 20. 08. 2024  <\/p>\n\t\t\t\t\t\t\t\t<\/div>\n\t\t\t\t<\/div>\n\t\t\t\t\t<\/div>\n\t\t<\/div>\n\t\t\t\t\t<\/div>\n\t\t<\/section>\n\t\t\t\t<\/div>\n\t\t","protected":false},"excerpt":{"rendered":"<p>Conditions d&rsquo;utilisation Les pr\u00e9sentes conditions d&rsquo;utilisation (\u00ab Conditions \u00bb) sont \u00e9mises par Elite Digital Services, LLC, une soci\u00e9t\u00e9 \u00e0 responsabilit\u00e9 limit\u00e9e du Delaware, dont le si\u00e8ge social est situ\u00e9 au 1111B S Governors Ave, STE 21653, Dover, DE 19904, \u00c9tats-Unis (ci-apr\u00e8s d\u00e9nomm\u00e9e \u00ab Verteco \u00bb, \u00ab nous \u00bb, \u00ab notre \u00bb ou \u00ab nos \u00bb). [&hellip;]<\/p>\n","protected":false},"author":1,"featured_media":0,"parent":0,"menu_order":0,"comment_status":"closed","ping_status":"closed","template":"","meta":{"footnotes":""},"class_list":["post-9981","page","type-page","status-publish","hentry"],"_links":{"self":[{"href":"https:\/\/verteco.shop\/fr\/wp-json\/wp\/v2\/pages\/9981","targetHints":{"allow":["GET"]}}],"collection":[{"href":"https:\/\/verteco.shop\/fr\/wp-json\/wp\/v2\/pages"}],"about":[{"href":"https:\/\/verteco.shop\/fr\/wp-json\/wp\/v2\/types\/page"}],"author":[{"embeddable":true,"href":"https:\/\/verteco.shop\/fr\/wp-json\/wp\/v2\/users\/1"}],"replies":[{"embeddable":true,"href":"https:\/\/verteco.shop\/fr\/wp-json\/wp\/v2\/comments?post=9981"}],"version-history":[{"count":0,"href":"https:\/\/verteco.shop\/fr\/wp-json\/wp\/v2\/pages\/9981\/revisions"}],"wp:attachment":[{"href":"https:\/\/verteco.shop\/fr\/wp-json\/wp\/v2\/media?parent=9981"}],"curies":[{"name":"wp","href":"https:\/\/api.w.org\/{rel}","templated":true}]}}