{"id":15314,"date":"2023-05-18T23:08:19","date_gmt":"2023-05-18T21:08:19","guid":{"rendered":"https:\/\/verteco.shop\/politique-de-confidentialite"},"modified":"2024-08-20T18:57:14","modified_gmt":"2024-08-20T16:57:14","slug":"politique-de-confidentialite","status":"publish","type":"page","link":"https:\/\/verteco.shop\/fr\/politique-de-confidentialite\/","title":{"rendered":"Politique de confidentialit\u00e9"},"content":{"rendered":"\t\t<div data-elementor-type=\"wp-page\" data-elementor-id=\"15314\" class=\"elementor elementor-15314 elementor-7044\" data-elementor-post-type=\"page\">\n\t\t\t\t\t\t<section class=\"elementor-section elementor-top-section elementor-element elementor-element-20c115e2 elementor-section-boxed elementor-section-height-default elementor-section-height-default\" data-id=\"20c115e2\" data-element_type=\"section\" data-e-type=\"section\">\n\t\t\t\t\t\t<div class=\"elementor-container elementor-column-gap-default\">\n\t\t\t\t\t<div class=\"elementor-column elementor-col-100 elementor-top-column elementor-element elementor-element-7140ffb9\" data-id=\"7140ffb9\" data-element_type=\"column\" data-e-type=\"column\">\n\t\t\t<div class=\"elementor-widget-wrap elementor-element-populated\">\n\t\t\t\t\t\t<div class=\"elementor-element elementor-element-d8fbd51 elementor-widget elementor-widget-heading\" data-id=\"d8fbd51\" data-element_type=\"widget\" data-e-type=\"widget\" data-widget_type=\"heading.default\">\n\t\t\t\t<div class=\"elementor-widget-container\">\n\t\t\t\t\t<h2 class=\"elementor-heading-title elementor-size-default\">Politique de confidentialit\u00e9<\/h2>\t\t\t\t<\/div>\n\t\t\t\t<\/div>\n\t\t\t\t\t<\/div>\n\t\t<\/div>\n\t\t\t\t\t<\/div>\n\t\t<\/section>\n\t\t\t\t<section class=\"elementor-section elementor-top-section elementor-element elementor-element-47743373 elementor-section-boxed elementor-section-height-default elementor-section-height-default\" data-id=\"47743373\" data-element_type=\"section\" data-e-type=\"section\">\n\t\t\t\t\t\t<div class=\"elementor-container elementor-column-gap-default\">\n\t\t\t\t\t<div class=\"elementor-column elementor-col-100 elementor-top-column elementor-element elementor-element-54aab426\" data-id=\"54aab426\" data-element_type=\"column\" data-e-type=\"column\">\n\t\t\t<div class=\"elementor-widget-wrap elementor-element-populated\">\n\t\t\t\t\t\t<div class=\"elementor-element elementor-element-369420f6 elementor-widget elementor-widget-text-editor\" data-id=\"369420f6\" data-element_type=\"widget\" data-e-type=\"widget\" data-widget_type=\"text-editor.default\">\n\t\t\t\t<div class=\"elementor-widget-container\">\n\t\t\t\t\t\t\t\t\t<p>au sens des articles 19 et suivants. de la loi n\u00b0 18\/2018 Coll.  sur la protection des donn\u00e9es personnelles et sur les modifications et compl\u00e9ments de certaines lois, tels que modifi\u00e9s, conform\u00e9ment aux articles 13 et 14 du r\u00e8glement (UE) 2016\/679 du Parlement europ\u00e9en et du Conseil du 27 avril 2016 relatif \u00e0 la protection des donn\u00e9es personnelles. personnes physiques \u00e0 l&rsquo;\u00e9gard du traitement des donn\u00e9es \u00e0 caract\u00e8re personnel et \u00e0 la libre circulation de ces donn\u00e9es, et abrogeant la directive 95\/46\/CE (R\u00e8glement g\u00e9n\u00e9ral sur la protection des donn\u00e9es) (ci-apr\u00e8s d\u00e9nomm\u00e9e \u00ab RGPD \u00bb).<\/p>\n<p>Conform\u00e9ment aux dispositions des articles 19 et suivants. de la loi n\u00b0 18\/2018 Coll. relative \u00e0 la protection des donn\u00e9es personnelles telle que modifi\u00e9e (ci-apr\u00e8s d\u00e9nomm\u00e9e \u00ab Loi sur la protection des donn\u00e9es personnelles \u00bb), nous vous fournissons par la pr\u00e9sente, en tant que personne concern\u00e9e, les informations suivantes sur le traitement de vos donn\u00e9es personnelles.  <\/p>\n<p><strong>Responsable du traitement :<\/strong><br \/> Le responsable du traitement est la soci\u00e9t\u00e9 <strong>Elite Digital Services<\/strong> , dont le si\u00e8ge social est situ\u00e9 au 1111B S Governors Ave, STE 21653, Dover, DE 19904, USA, repr\u00e9sent\u00e9e par : Norman Bytri\u010dan (ci-apr\u00e8s d\u00e9nomm\u00e9 le \u00ab Responsable du traitement \u00bb).<\/p>\n<p>D\u00e9tails du contact:<\/p>\n<p><strong>  Courriel : info@verteco.shop<br \/> T\u00e9l\u00e9phone : +32 480 20 46 99<\/strong><\/p>\n<p><strong>Acc\u00e8s aux donn\u00e9es personnelles :<\/strong><\/p>\n<p>Lors du traitement des donn\u00e9es personnelles, outre le Responsable du traitement et les soci\u00e9t\u00e9s li\u00e9es \u00e0 Elite Digital Services, LLC, ainsi que leurs employ\u00e9s, d&rsquo;autres personnes traitant des donn\u00e9es personnelles en tant que sous-traitants peuvent avoir acc\u00e8s aux donn\u00e9es personnelles. Une liste sp\u00e9cifique et constamment mise \u00e0 jour des sous-traitants, c&rsquo;est-\u00e0-dire des destinataires des donn\u00e9es personnelles trait\u00e9es pour le compte du Responsable du traitement, dans les cat\u00e9gories suivantes : <\/p>\n<p>\u2022 Entreprises fournissant des services de marketing<br \/> \u2022 Entreprises fournissant des services de paie et de comptabilit\u00e9<br \/> \u2022 Soci\u00e9t\u00e9s fournissant des services d\u2019audit interne et externe<\/p>\n<p><strong><br \/>Base l\u00e9gale:<\/strong><\/p>\n<p>La base juridique du traitement des donn\u00e9es personnelles est, en r\u00e8gle g\u00e9n\u00e9rale, le respect de l&rsquo;obligation l\u00e9gale (en particulier la loi n\u00b0 18\/2018 Coll. sur la protection des donn\u00e9es personnelles), la conclusion, l&rsquo;administration et l&rsquo;ex\u00e9cution des obligations contractuelles d\u00e9coulant de les contrats de travail et commerciaux, l&rsquo;int\u00e9r\u00eat l\u00e9gitime, qui est la protection des droits et int\u00e9r\u00eats du responsable du traitement et de ses employ\u00e9s prot\u00e9g\u00e9s de droit, ainsi que le consentement de la personne concern\u00e9e (principalement \u00e0 des fins de marketing, de concours, d&rsquo;\u00e9v\u00e9nements sociaux) , etc.). Le consentement au traitement des donn\u00e9es personnelles doit \u00eatre accord\u00e9 volontairement et la personne concern\u00e9e peut retirer son consentement \u00e0 tout moment. Toutefois, le consentement est n\u00e9cessaire pour que le responsable du traitement puisse assurer, par exemple, des \u00e9v\u00e9nements d&rsquo;entreprise, etc., et sans ce consentement, le responsable du traitement n&rsquo;est pas autoris\u00e9 \u00e0 fournir les services en question. Si la personne concern\u00e9e refuse de fournir au responsable du traitement les donn\u00e9es personnelles n\u00e9cessaires \u00e0 l&rsquo;ex\u00e9cution des obligations contractuelles du responsable du traitement ou au respect de la loi, le responsable du traitement n&rsquo;est pas oblig\u00e9 de conclure un contrat ou de fournir d&rsquo;autres services.   <\/p>\n<p><strong><br \/>Donn\u00e9es personnelles trait\u00e9es :<\/strong><\/p>\n<p>Nous collectons le nom, l&rsquo;adresse e-mail, l&rsquo;adresse de livraison et de facturation, les d\u00e9tails de paiement, le nom de l&rsquo;entreprise, le num\u00e9ro de t\u00e9l\u00e9phone, l&rsquo;adresse IP, les informations sur les commandes que vous lancez, les informations sur les magasins marchands pris en charge par Elite Digital Services que vous visitez, et les informations sur l&rsquo;appareil et le navigateur que vous utilisez. Nous collectons ces informations lorsque vous utilisez ou acc\u00e9dez \u00e0 un magasin qui utilise nos services, par exemple lorsque vous visitez le site d&rsquo;un commer\u00e7ant, passez une commande ou cr\u00e9ez un compte sur le site d&rsquo;un commer\u00e7ant. Lorsque vous visitez ou parcourez le site Web des services CSS verteco.shop, nous collectons des informations sur l&rsquo;appareil et le navigateur que vous utilisez, votre connexion r\u00e9seau, votre adresse IP et des informations sur les cookies install\u00e9s sur votre appareil. Nous collectons \u00e9galement les informations personnelles que vous soumettez via toute fonction de messagerie disponible sur notre site Web. Aupr\u00e8s des utilisateurs du forum, nous collectons votre nom, votre adresse e-mail, l&rsquo;URL de votre site Web et d&rsquo;autres informations personnelles que vous pouvez publier.    <\/p>\n<p><strong><br \/>Finalit\u00e9 du traitement et du partage :<\/strong><\/p>\n<p>Nous utilisons ces informations pour fournir \u00e0 nos commer\u00e7ants des services, notamment pour prendre en charge et traiter les commandes, l&rsquo;authentification et les paiements. Nous utilisons \u00e9galement ces informations pour am\u00e9liorer nos services. Elite Digital Services, LLC, travaille \u00e9galement avec des tiers et des prestataires de services pour aider \u00e0 fournir les services \u00e0 nos commer\u00e7ants et nous pouvons partager des informations personnelles avec eux pour soutenir ces efforts. Nous pouvons \u00e9galement partager vos informations dans les circonstances suivantes :   <\/p>\n<ul>\n<li>pour pr\u00e9venir, enqu\u00eater ou prendre des mesures concernant des activit\u00e9s ill\u00e9gales, des fraudes pr\u00e9sum\u00e9es, des situations impliquant des menaces potentielles pour la s\u00e9curit\u00e9 physique de toute personne, des violations de nos conditions d&rsquo;utilisation ou de tout autre accord li\u00e9 aux services, ou tel que requis par loi.<\/li>\n<li>Si le commer\u00e7ant dont vous visitez ou acc\u00e9dez au magasin nous demande de transf\u00e9rer ces informations (par exemple, s&rsquo;il active une application tierce qui acc\u00e8de aux informations personnelles des clients).<\/li>\n<li>pour se conformer aux exigences l\u00e9gales ou pour r\u00e9pondre aux ordonnances judiciaires, assignations \u00e0 compara\u00eetre, mandats ou autres demandes l\u00e9gales des autorit\u00e9s publiques (y compris pour r\u00e9pondre aux exigences de s\u00e9curit\u00e9 nationale ou d&rsquo;application de la loi).<\/li>\n<\/ul>\n<p>Les informations personnelles peuvent \u00e9galement \u00eatre partag\u00e9es avec une soci\u00e9t\u00e9 qui acquiert notre entreprise ou celle d&rsquo;un commer\u00e7ant dont vous visitez ou acc\u00e9dez au magasin, que ce soit par le biais d&rsquo;une fusion, d&rsquo;une acquisition, d&rsquo;une faillite, d&rsquo;une dissolution, d&rsquo;une r\u00e9organisation ou de toute autre transaction ou proc\u00e9dure similaire.<\/p>\n<p><strong><br \/>Stockage des donn\u00e9es personnelles et dur\u00e9e du traitement :<\/strong><\/p>\n<p>Le Responsable du traitement est autoris\u00e9 \u00e0 traiter les donn\u00e9es personnelles des personnes concern\u00e9es pendant une p\u00e9riode d\u00e9termin\u00e9e conform\u00e9ment \u00e0 la l\u00e9gislation en vigueur. Le traitement des donn\u00e9es personnelles sur la base d&rsquo;un consentement n&rsquo;est possible que pendant la p\u00e9riode pour laquelle le consentement a \u00e9t\u00e9 accord\u00e9. Le consentement est accord\u00e9 au Responsable du traitement pour les trois (3) ann\u00e9es suivantes ou jusqu&rsquo;au moment du retrait du consentement. \u00c0 l&rsquo;expiration de la p\u00e9riode concern\u00e9e, les donn\u00e9es personnelles seront effac\u00e9es si leur conservation n&rsquo;est pas requise par la l\u00e9gislation en vigueur.   <\/p>\n<p><strong><br \/>Droits des personnes concern\u00e9es li\u00e9s au traitement des donn\u00e9es personnelles&nbsp;:<\/strong><\/p>\n<p>En ce qui concerne le traitement des donn\u00e9es personnelles, les personnes concern\u00e9es peuvent exercer les droits suivants :<\/p>\n<ul>\n<li>le droit d\u2019acc\u00e9der et d\u2019\u00eatre inform\u00e9 de leurs donn\u00e9es personnelles ;<\/li>\n<li>le droit \u00e0 la rectification des donn\u00e9es personnelles ;<\/li>\n<li>le droit \u00e0 l&rsquo;effacement des donn\u00e9es personnelles ;<\/li>\n<li>le droit \u00e0 la limitation du traitement des donn\u00e9es personnelles<\/li>\n<li>le droit \u00e0 la portabilit\u00e9 des donn\u00e9es personnelles ;<\/li>\n<li>le droit de s&rsquo;opposer au traitement des donn\u00e9es personnelles ;<\/li>\n<li>le droit \u00e0 l\u2019inefficacit\u00e9 de la prise de d\u00e9cision individuelle automatis\u00e9e, y compris le profilage&nbsp;;<\/li>\n<li>le droit de retirer votre consentement \u00e0 tout moment (si le consentement constitue la base juridique du traitement)&nbsp;;<\/li>\n<li>le droit de d\u00e9poser une requ\u00eate en vue d&rsquo;ouvrir une proc\u00e9dure en vertu des articles 100 et suivants de la loi sur la protection des donn\u00e9es personnelles aupr\u00e8s de l&rsquo;autorit\u00e9 de contr\u00f4le. <\/li>\n<\/ul>\n<p>Les personnes concern\u00e9es peuvent exercer les droits susmentionn\u00e9s, qui sont pr\u00e9cis\u00e9s plus en d\u00e9tail dans les dispositions de l&rsquo;article 21 et suivants de la loi sur la protection des donn\u00e9es personnelles, conform\u00e9ment \u00e0 la loi sur la protection des donn\u00e9es personnelles et au RGPD ainsi qu&rsquo;\u00e0 d&rsquo;autres lois pertinentes. Les personnes concern\u00e9es peuvent exercer leurs droits aupr\u00e8s du Responsable du traitement au moyen d&rsquo;une demande \u00e9crite envoy\u00e9e ou remise au si\u00e8ge social du Responsable du traitement ou par courrier \u00e9lectronique envoy\u00e9 \u00e0 l&rsquo;adresse : info@verteco.shop<br \/> La demande doit contenir les informations suivantes : nom, pr\u00e9nom, date de naissance et adresse permanente afin que le Responsable du traitement puisse identifier la personne concern\u00e9e. Le Responsable du traitement peut demander la fourniture d&rsquo;informations suppl\u00e9mentaires n\u00e9cessaires pour v\u00e9rifier l&rsquo;identit\u00e9 de la personne concern\u00e9e s&rsquo;il a des doutes raisonnables quant \u00e0 l&rsquo;identit\u00e9 de la personne physique. Le Responsable du traitement est tenu de fournir \u00e0 la personne concern\u00e9e des informations sur les mesures prises \u00e0 sa demande dans un d\u00e9lai d&rsquo;un (1) mois \u00e0 compter de la r\u00e9ception de la demande. Dans des cas justifi\u00e9s, compte tenu de la complexit\u00e9 et du nombre de demandes, le Responsable du traitement peut prolonger le d\u00e9lai susmentionn\u00e9 de deux (2) mois suppl\u00e9mentaires, m\u00eame \u00e0 plusieurs reprises. Le Responsable du traitement est tenu d&rsquo;informer la personne concern\u00e9e de toute prolongation de ce type dans un d\u00e9lai d&rsquo;un (1) mois \u00e0 compter de la r\u00e9ception de la demande, en indiquant les raisons de la prolongation du d\u00e9lai. Si la personne concern\u00e9e a soumis la demande sous forme \u00e9lectronique, le Responsable du traitement fournit les informations sous forme \u00e9lectronique, \u00e0 moins que la personne concern\u00e9e n&rsquo;ait demand\u00e9 des informations par un autre moyen. Si le responsable du traitement ne prend pas de mesures \u00e0 la demande de la personne concern\u00e9e, il est tenu d&rsquo;informer la personne concern\u00e9e des raisons de son inaction dans un d\u00e9lai d&rsquo;un (1) mois \u00e0 compter de la r\u00e9ception de la demande ainsi que de la possibilit\u00e9 de d\u00e9poser une demande d&rsquo;ouverture d&rsquo;une proc\u00e9dure en vertu de l&rsquo;article 100 de la loi sur la protection des donn\u00e9es personnelles aupr\u00e8s de l&rsquo;Office pour la protection des donn\u00e9es personnelles. Les notifications des mesures prises sont fournies gratuitement. Si la demande de la personne concern\u00e9e est manifestement infond\u00e9e ou inappropri\u00e9e, notamment en raison de son caract\u00e8re r\u00e9current, le responsable du traitement peut exiger des frais raisonnables tenant compte des co\u00fbts administratifs de la fourniture des informations, ou des frais raisonnables tenant compte des co\u00fbts administratifs de la notification, ou des frais raisonnables tenant compte des co\u00fbts administratifs de mise en \u0153uvre de la mesure demand\u00e9e, ou refuser de donner suite \u00e0 la demande. Le responsable du traitement doit prouver que la demande est infond\u00e9e ou inappropri\u00e9e.           <\/p>\n<p>Elite Digital Services, LLC, comprend que vous avez des droits sur vos informations personnelles et prend des mesures raisonnables pour vous permettre d&rsquo;acc\u00e9der, de corriger, de modifier, de supprimer, de transf\u00e9rer ou de limiter l&rsquo;utilisation de vos informations personnelles. Si vous \u00eates un commer\u00e7ant ou un partenaire, vous pouvez mettre \u00e0 jour de nombreux types d&rsquo;informations personnelles, telles que les informations de paiement ou de contact, directement dans les param\u00e8tres de votre compte. Si vous ne parvenez pas \u00e0 modifier vos informations personnelles dans les param\u00e8tres de votre compte, ou si vous \u00eates pr\u00e9occup\u00e9 par les donn\u00e9es collect\u00e9es lorsque vous visitez le site Web d&rsquo;Elite Digital Services, LLC ou utilisez nos services d&rsquo;assistance, veuillez nous contacter pour effectuer les modifications requises. Il est important de se rappeler que si vous supprimez ou limitez l&rsquo;utilisation de vos informations personnelles, les services risquent de ne pas fonctionner correctement.   <\/p>\n\t\t\t\t\t\t\t\t<\/div>\n\t\t\t\t<\/div>\n\t\t\t\t\t<\/div>\n\t\t<\/div>\n\t\t\t\t\t<\/div>\n\t\t<\/section>\n\t\t\t\t<\/div>\n\t\t","protected":false},"excerpt":{"rendered":"<p>Politique de confidentialit\u00e9 au sens des articles 19 et suivants. de la loi n\u00b0 18\/2018 Coll. sur la protection des donn\u00e9es personnelles et sur les modifications et compl\u00e9ments de certaines lois, tels que modifi\u00e9s, conform\u00e9ment aux articles 13 et 14 du r\u00e8glement (UE) 2016\/679 du Parlement europ\u00e9en et du Conseil du 27 avril 2016 relatif [&hellip;]<\/p>\n","protected":false},"author":1,"featured_media":0,"parent":0,"menu_order":0,"comment_status":"closed","ping_status":"closed","template":"","meta":{"footnotes":""},"class_list":["post-15314","page","type-page","status-publish","hentry"],"_links":{"self":[{"href":"https:\/\/verteco.shop\/fr\/wp-json\/wp\/v2\/pages\/15314","targetHints":{"allow":["GET"]}}],"collection":[{"href":"https:\/\/verteco.shop\/fr\/wp-json\/wp\/v2\/pages"}],"about":[{"href":"https:\/\/verteco.shop\/fr\/wp-json\/wp\/v2\/types\/page"}],"author":[{"embeddable":true,"href":"https:\/\/verteco.shop\/fr\/wp-json\/wp\/v2\/users\/1"}],"replies":[{"embeddable":true,"href":"https:\/\/verteco.shop\/fr\/wp-json\/wp\/v2\/comments?post=15314"}],"version-history":[{"count":0,"href":"https:\/\/verteco.shop\/fr\/wp-json\/wp\/v2\/pages\/15314\/revisions"}],"wp:attachment":[{"href":"https:\/\/verteco.shop\/fr\/wp-json\/wp\/v2\/media?parent=15314"}],"curies":[{"name":"wp","href":"https:\/\/api.w.org\/{rel}","templated":true}]}}