{"id":9979,"date":"2023-05-18T23:08:13","date_gmt":"2023-05-18T21:08:13","guid":{"rendered":"https:\/\/verteco.shop\/kayttoehdot\/"},"modified":"2024-11-06T14:56:54","modified_gmt":"2024-11-06T12:56:54","slug":"kayttoehdot","status":"publish","type":"page","link":"https:\/\/verteco.shop\/fi\/kayttoehdot\/","title":{"rendered":"Palveluehdot"},"content":{"rendered":"\t\t<div data-elementor-type=\"wp-page\" data-elementor-id=\"9979\" class=\"elementor elementor-9979 elementor-7045\" data-elementor-post-type=\"page\">\n\t\t\t\t\t\t<section class=\"elementor-section elementor-top-section elementor-element elementor-element-2140112 elementor-section-boxed elementor-section-height-default elementor-section-height-default\" data-id=\"2140112\" data-element_type=\"section\" data-e-type=\"section\">\n\t\t\t\t\t\t<div class=\"elementor-container elementor-column-gap-default\">\n\t\t\t\t\t<div class=\"elementor-column elementor-col-100 elementor-top-column elementor-element elementor-element-c52fb5b\" data-id=\"c52fb5b\" data-element_type=\"column\" data-e-type=\"column\">\n\t\t\t<div class=\"elementor-widget-wrap elementor-element-populated\">\n\t\t\t\t\t\t<div class=\"elementor-element elementor-element-e3899a0 elementor-widget elementor-widget-heading\" data-id=\"e3899a0\" data-element_type=\"widget\" data-e-type=\"widget\" data-widget_type=\"heading.default\">\n\t\t\t\t<div class=\"elementor-widget-container\">\n\t\t\t\t\t<h2 class=\"elementor-heading-title elementor-size-default\">Palveluehdot<\/h2>\t\t\t\t<\/div>\n\t\t\t\t<\/div>\n\t\t\t\t\t<\/div>\n\t\t<\/div>\n\t\t\t\t\t<\/div>\n\t\t<\/section>\n\t\t\t\t<section class=\"elementor-section elementor-top-section elementor-element elementor-element-2f6b0dc3 elementor-section-boxed elementor-section-height-default elementor-section-height-default\" data-id=\"2f6b0dc3\" data-element_type=\"section\" data-e-type=\"section\">\n\t\t\t\t\t\t<div class=\"elementor-container elementor-column-gap-default\">\n\t\t\t\t\t<div class=\"elementor-column elementor-col-100 elementor-top-column elementor-element elementor-element-6f586bdd\" data-id=\"6f586bdd\" data-element_type=\"column\" data-e-type=\"column\">\n\t\t\t<div class=\"elementor-widget-wrap elementor-element-populated\">\n\t\t\t\t\t\t<div class=\"elementor-element elementor-element-73b178c0 elementor-widget elementor-widget-text-editor\" data-id=\"73b178c0\" data-element_type=\"widget\" data-e-type=\"widget\" data-widget_type=\"text-editor.default\">\n\t\t\t\t<div class=\"elementor-widget-container\">\n\t\t\t\t\t\t\t\t\t<p style=\"text-align: start;\">N\u00e4m\u00e4 palveluehdot (&#8221;Ehdot&#8221;) on my\u00f6nt\u00e4nyt Elite Digital Services, LLC, Delaware Limited Liability Company, jonka rekister\u00f6ity kotipaikka on 1111B S Governors Ave, STE 21653, Dover, DE 19904, USA (j\u00e4ljemp\u00e4n\u00e4 &#8221;Verteco&#8221;). , &#8221;me&#8221;, &#8221;me&#8221; tai &#8221;meid\u00e4n&#8221;). N\u00e4m\u00e4 ehdot s\u00e4\u00e4telev\u00e4t p\u00e4\u00e4sy\u00e4si palveluihimme ja niiden k\u00e4ytt\u00f6\u00e4, mukaan lukien, mutta ei rajoittuen, Verteco.shop Comparison Shopping Service (CSS) -ohjelma, verkkosivustomme, ty\u00f6kalumme ja kaikki muut tarjoamamme ominaisuudet (jota kutsutaan yhteisesti &#8221; Palvelut&#8221;). <\/p>\n<p style=\"text-align: start;\">Kun k\u00e4yt\u00e4t palveluitamme tai k\u00e4yt\u00e4t niit\u00e4, sin\u00e4 (&#8221;sin\u00e4&#8221;, &#8221;sinun&#8221; tai &#8221;asiakas&#8221;) vahvistat, ett\u00e4 olet lukenut ja ymm\u00e4rt\u00e4nyt n\u00e4m\u00e4 ehdot ja sitoudut noudattamaan niit\u00e4. Jos et hyv\u00e4ksy n\u00e4it\u00e4 ehtoja, et saa k\u00e4ytt\u00e4\u00e4 palveluitamme. <\/p>\n<p style=\"text-align: start;\">Verteco.shop tarjoaa erikoistuneen Comparison Shopping Service (CSS) -palvelun, joka on suunniteltu optimoimaan Google Shopping -mainosten tehokkuutta. Hy\u00f6dynt\u00e4m\u00e4ll\u00e4 oikeudellisia puitteita, CSS-palvelumme antaa mainostajille mahdollisuuden saavuttaa jopa 20 % alennuksen mainontakuluissa siirtym\u00e4ll\u00e4 Googlen oletusarvoisesta CSS:st\u00e4 meid\u00e4n alustallemme. T\u00e4m\u00e4 siirtym\u00e4 helpottaa kustannustehokkaampaa mainontaa tehostettujen napsautuskohtaisten hintojen (CPC) ansiosta. Tarjoamme yksinkertaisen, riskitt\u00f6m\u00e4n kokeilujakson, joka yll\u00e4pit\u00e4\u00e4 nykyiset kampanja-asetukset ja varmistaa sek\u00e4 tietoturvan ett\u00e4 jatkuvan mainonnan helpon.   <\/p>\n<ol style=\"text-align: left;\">\n<li><strong>Ehtojen hyv\u00e4ksyminen<\/strong><\/li>\n<\/ol>\n<p style=\"text-align: left;\">Kun k\u00e4yt\u00e4t palveluitamme tai k\u00e4yt\u00e4t niit\u00e4, vahvistat, ett\u00e4 olet lukenut ja ymm\u00e4rt\u00e4nyt n\u00e4m\u00e4 ehdot ja tietosuojak\u00e4yt\u00e4nt\u00f6mme ja sitoudut niihin laillisesti. Jos et hyv\u00e4ksy jotakin n\u00e4iden ehtojen osaa, sinun on pid\u00e4tt\u00e4ydytt\u00e4v\u00e4 k\u00e4ytt\u00e4m\u00e4st\u00e4 palveluitamme tai k\u00e4ytt\u00e4m\u00e4st\u00e4 niit\u00e4. <\/p>\n<ol style=\"text-align: left;\" start=\"2\">\n<li><strong>Tukikelpoisuus<\/strong><\/li>\n<\/ol>\n<p style=\"text-align: left;\">Sinun tulee olla v\u00e4hint\u00e4\u00e4n 18-vuotias p\u00e4\u00e4st\u00e4ksesi palveluihimme tai k\u00e4ytt\u00e4\u00e4ksesi niit\u00e4. K\u00e4ytt\u00e4m\u00e4ll\u00e4 palvelujamme vakuutat ja takaat olevasi v\u00e4hint\u00e4\u00e4n 18-vuotias ja ett\u00e4 k\u00e4yt\u00e4t Palveluitamme yksinomaan yritys-, liike- tai ammatillisiin tarkoituksiin. Palvelumme on tarkoitettu yksinomaan yritystoimintaa harjoittaville henkil\u00f6ille tai yhteis\u00f6ille. Jos et t\u00e4yt\u00e4 n\u00e4it\u00e4 vaatimuksia, sinua ei saa k\u00e4ytt\u00e4\u00e4 Palveluitamme.   <\/p>\n<ol style=\"text-align: left;\" start=\"3\">\n<li><strong>Tilin rekister\u00f6inti<\/strong><\/li>\n<\/ol>\n<p>Jotta voit k\u00e4ytt\u00e4\u00e4 tiettyj\u00e4 palveluidemme ominaisuuksia, sinun on ehk\u00e4 luotava tili. Olet yksin vastuussa tilisi k\u00e4ytt\u00f6oikeustietojesi luottamuksellisuudesta, mukaan lukien k\u00e4ytt\u00e4j\u00e4tunnuksesi ja salasanasi, sek\u00e4 kaikesta tilill\u00e4si tapahtuvasta toiminnasta. Sitoudut ilmoittamaan meille viipym\u00e4tt\u00e4 tilisi luvattomasta k\u00e4yt\u00f6st\u00e4 tai muusta tietoturvaloukkauksesta. Emme ole vastuussa mist\u00e4\u00e4n menetyksist\u00e4 tai vahingoista, jotka johtuvat t\u00e4m\u00e4n turvallisuusvelvoitteen noudattamatta j\u00e4tt\u00e4misest\u00e4.  <\/p>\n<ol style=\"text-align: left;\" start=\"4\">\n<li><strong>Ilmainen kokeiluversio<\/strong><\/li>\n<\/ol>\n<p>Tarjoamme CSS-ohjelmallemme 30 p\u00e4iv\u00e4n ilmaisen kokeilujakson, jonka aikana luottokortti- tai maksutietoja ei vaadita. Kokeilujakson p\u00e4\u00e4tytty\u00e4 Palveluidemme k\u00e4ytt\u00f6 edellytt\u00e4\u00e4, ett\u00e4 valitset hinnoittelusuunnitelman ja annat voimassa olevat maksutiedot. Jos n\u00e4in ei tehd\u00e4, p\u00e4\u00e4sysi Palveluihin keskeytet\u00e4\u00e4n. Jatkamalla Palveluidemme k\u00e4ytt\u00f6\u00e4 ilmaisen kokeilujakson p\u00e4\u00e4tytty\u00e4, sitoudut valitsemaan ja tilaamaan maksullisen palvelusuunnitelman ja hyv\u00e4ksyt, ett\u00e4 olet velvollinen t\u00e4ytt\u00e4m\u00e4\u00e4n valitsemaasi sopimukseen liittyv\u00e4t maksuehdot.   <\/p>\n<ol style=\"text-align: left;\" start=\"5\">\n<li><strong>Hinnoittelu ja maksaminen<\/strong><\/li>\n<\/ol>\n<p>Hinnoittelusuunnitelmamme ovat saatavilla verkkosivuillamme, ja ne tarjoavat erilaisia \u200b\u200bvaihtoehtoja, jotka on r\u00e4\u00e4t\u00e4l\u00f6ity erilaisiin tarpeisiin. Maksut suoritetaan joko kuukausittain tai vuosittain, riippuen valitsemastasi suunnitelmasta. Henkil\u00f6kohtaisten viestien mukaisesti ja harkintamme mukaan pid\u00e4t\u00e4mme oikeuden laajentaa alennusten, bonusten tai muiden myynninedist\u00e4miskannustimien tarjouksia. T\u00e4llaisia \u200b\u200btarjouksia voidaan antaa tapauskohtaisesti, eiv\u00e4tk\u00e4 ne velvoita meit\u00e4 laajentamaan vastaavia ehtoja muille asiakkaille tai milloin tahansa. N\u00e4m\u00e4 alennukset ja bonukset my\u00f6nnet\u00e4\u00e4n yksinomaan harkintamme mukaan, ja niihin voidaan soveltaa tarjoushetkell\u00e4 m\u00e4\u00e4riteltyj\u00e4 lis\u00e4ehtoja. Kaikkia maksuja ei palauteta, paitsi jos sovellettava laki sit\u00e4 edellytt\u00e4\u00e4.     <\/p>\n<\/p>\n<p>Palveluidemme maksuvelvoitteet alkavat 30 p\u00e4iv\u00e4n kuluttua siit\u00e4 p\u00e4iv\u00e4st\u00e4, jona Merchant Center (MC) siirtyy verteco.shop Comparison Shopping Service (CSS) -palveluun. T\u00e4m\u00e4 tarkoittaa, ett\u00e4 palveluista veloitetaan maksuja 30 p\u00e4iv\u00e4n kuluttua MC-vaihdon CSS-alustallemme hyv\u00e4ksymisp\u00e4iv\u00e4st\u00e4. Maksuaika jatkuu keskeytyksett\u00e4, kunnes Merchant Centerisi on virallisesti katkaistu verteco.shop CSS:st\u00e4.  <\/p>\n<p>Olet vastuussa siit\u00e4, ett\u00e4 yhteyden katkaisu on suoritettu loppuun, jos p\u00e4\u00e4t\u00e4t lopettaa Palvelut. Jos et katkaise Merchant Centeri\u00e4 oikein CSS-palvelustamme, laskutus jatkuu, ja olet edelleen vastuussa kaikista aiheutuneista kuluista, kunnes yhteyden katkaisu on viimeistelty. <\/p>\n<p>Kaikki maksut er\u00e4\u00e4ntyv\u00e4t valitsemasi hinnoittelusuunnitelman laskutusjakson mukaisesti, joko kuukausittain tai vuosittain. Laskut laaditaan vastaavasti, ja t\u00e4ysi maksu on oltava perill\u00e4 laskussa ilmoitettuun er\u00e4p\u00e4iv\u00e4\u00e4n menness\u00e4, jotta Palvelut eiv\u00e4t keskeydy tai keskeydy. Maksuviiv\u00e4stykset voivat johtaa lain sallimiin lis\u00e4maksuihin tai korkomaksuihin, ja jatkuva maksujen ajoissa suorittamatta j\u00e4tt\u00e4minen voi johtaa p\u00e4\u00e4sysi Palveluihin lopettamiseen.  <\/p>\n<p>On t\u00e4rke\u00e4\u00e4 huomata, ett\u00e4 vaikka tarjoamme alustan CSS:lle, meill\u00e4 ei ole p\u00e4\u00e4sy\u00e4 Google Ads- tai Google Merchant Center -tileillesi. Sellaisenaan olet yksin vastuussa n\u00e4iden tilien hallinnasta, mukaan lukien CSS-alustamme katkaisemisen aloittaminen ja vahvistaminen. <\/p>\n<p>Jatkamalla palveluidemme k\u00e4ytt\u00f6\u00e4 ensimm\u00e4isen 30 p\u00e4iv\u00e4n jakson j\u00e4lkeen MC-vaihdon hyv\u00e4ksymisest\u00e4, hyv\u00e4ksyt n\u00e4m\u00e4 maksuehdot. Ymm\u00e4rr\u00e4t, ett\u00e4 maksu er\u00e4\u00e4ntyy t\u00e4ss\u00e4 m\u00e4\u00e4ritellyll\u00e4 tavalla ja ett\u00e4 olet velvollinen t\u00e4ytt\u00e4m\u00e4\u00e4n kaikki maksuvelvollisuudet siihen asti, kunnes Palvelut on asianmukaisesti lopetettu n\u00e4iden ehtojen mukaisesti. <\/p>\n<\/p>\n<p>Ep\u00e4selvyyksien v\u00e4ltt\u00e4miseksi totean, ett\u00e4 vaikka Elite Digital Services, LLC on ensisijainen taho, joka vastaa n\u00e4iden ehtojen mukaisten palvelujen tarjoamisesta, osakkuus- tai tyt\u00e4ryhti\u00f6mme voivat laskuttaa tietyt Palvelut sek\u00e4 Yhdysvalloissa ett\u00e4 sen ulkopuolella, jos ne katsotaan tarpeellisiksi toiminnan kannalta. tehokkuutta. T\u00e4llaisista laskutusj\u00e4rjestelyist\u00e4 huolimatta Elite Digital Services, LLC on edelleen p\u00e4\u00e4asiallinen toimija palvelujen yleisen toteuttamisen ja n\u00e4iden ehtojen noudattamisen osalta. <\/p>\n<p>Hyv\u00e4ksym\u00e4ll\u00e4 n\u00e4m\u00e4 ehdot hyv\u00e4ksyt sen, ett\u00e4 muut tahot kuin Elite Digital Services, LLC voivat laatia laskuja vaikuttamatta n\u00e4iden ehtojen mukaisiin velvoitteisiin. Kaikki laskutusyksik\u00f6t ovat Elite Digital Services, LLC:n valtuuttamia, ja ne toimivat sen puolesta tarjottujen palvelujen yhteydess\u00e4. <\/p>\n<ol style=\"text-align: left;\" start=\"6\">\n<li><strong>Muutokset palveluihin ja ehtoihin<\/strong><\/li>\n<\/ol>\n<p>Varaamme oikeuden muuttaa palveluitamme tai n\u00e4it\u00e4 ehtoja milloin tahansa oman harkintamme mukaan. Mik\u00e4li n\u00e4ihin ehtoihin tulee olennaisia \u200b\u200bmuutoksia, ilmoitamme sinulle julkaisemalla p\u00e4ivitetyt ehdot verkkosivustollamme tai muulla sopivalla viestint\u00e4v\u00e4lineell\u00e4. Jos jatkat Palveluidemme k\u00e4ytt\u00f6\u00e4 t\u00e4llaisista muutoksista ilmoittamisen j\u00e4lkeen, hyv\u00e4ksyt tarkistetut ehdot. Jos et hyv\u00e4ksy muutettuja ehtoja, sinun on lopetettava Palvelujen k\u00e4ytt\u00f6 v\u00e4litt\u00f6m\u00e4sti.   <\/p>\n<ol style=\"text-align: left;\" start=\"7\">\n<li><strong>Lopetus<\/strong><\/li>\n<\/ol>\n<p>Kumpikin osapuoli voi irtisanoa t\u00e4m\u00e4n Sopimuksen milloin tahansa mist\u00e4 tahansa syyst\u00e4 ilmoittamalla siit\u00e4 kirjallisesti toiselle osapuolelle. Irtisanomisen j\u00e4lkeen sinun on v\u00e4litt\u00f6m\u00e4sti lopetettava kaikki Palvelumme k\u00e4ytt\u00f6, ja me est\u00e4mme viipym\u00e4tt\u00e4 p\u00e4\u00e4sysi alustallemme. T\u00e4m\u00e4n Sopimuksen irtisanominen ei vapauta kumpaakaan osapuolta mist\u00e4\u00e4n velvoitteista tai vastuista, jotka ovat kertyneet ennen irtisanomisp\u00e4iv\u00e4\u00e4.  <\/p>\n<ol style=\"text-align: left;\" start=\"8\">\n<li><strong>Immateriaalioikeudet<\/strong><\/li>\n<\/ol>\n<p>Kaikki Palveluihimme liittyv\u00e4 sis\u00e4lt\u00f6, tavaramerkit ja muu immateriaaliomaisuus ovat Vertecon digitaalisten palveluiden tai sen lisenssinantajien yksinomaista omaisuutta. Sinua ei saa k\u00e4ytt\u00e4\u00e4, muokata, j\u00e4ljent\u00e4\u00e4, jakaa tai muuten hy\u00f6dynt\u00e4\u00e4 immateriaaliomaisuuttamme ilman kirjallista lupaamme. Immateriaaliomaisuutemme luvaton k\u00e4ytt\u00f6 voi johtaa oikeustoimiin.  <\/p>\n<ol style=\"text-align: left;\" start=\"9\">\n<li><strong>Vastuuvapauslausekkeet ja vastuun rajoittaminen<\/strong><\/li>\n<\/ol>\n<p>K\u00e4ytt\u00e4m\u00e4ll\u00e4 Palveluitamme tunnustat ja hyv\u00e4ksyt, ett\u00e4 meill\u00e4 ei ole p\u00e4\u00e4sy\u00e4 Google Ads- tai Google Merchant Center -tileillesi. Sellaisenaan olet yksin vastuussa toimistasi, p\u00e4\u00e4t\u00f6ksist\u00e4si ja kaikista n\u00e4ill\u00e4 tileill\u00e4 olevista virheist\u00e4 tai puutteista. T\u00e4m\u00e4 sis\u00e4lt\u00e4\u00e4 kaikki mahdolliset vahingot, kuten voittojen, tietojen tai liikearvon menetys. Vaikka olemme sitoutuneet tarjoamaan korkealaatuisia palveluita, ymm\u00e4rr\u00e4t, ett\u00e4 emme voi olla vastuussa ongelmista, jotka johtuvat toimistasi tai muista olosuhteista, joihin emme voi vaikuttaa. Sinun odotetaan hallitsevan tilej\u00e4si asiantuntevasti tiet\u00e4en, ett\u00e4 emme puutu tai k\u00e4yt\u00e4 niit\u00e4 puolestasi.    <\/p>\n<ol style=\"text-align: left;\" start=\"10\">\n<li><strong>Sovellettava laki ja toimivalta<\/strong><\/li>\n<\/ol>\n<p>N\u00e4it\u00e4 ehtoja s\u00e4\u00e4telev\u00e4t sovellettavat lait, ja olemme sitoutuneet noudattamaan niit\u00e4. Kaikki n\u00e4ist\u00e4 ehdoista tai palveluidemme k\u00e4yt\u00f6st\u00e4 johtuvat tai niihin liittyv\u00e4t riidat ratkaistaan \u200b\u200byksinomaan palveluntarjoajan p\u00e4\u00e4toimipaikan laink\u00e4ytt\u00f6alueella sijaitsevissa tuomioistuimissa. K\u00e4ytt\u00e4m\u00e4ll\u00e4 palveluitamme suostut alistumaan n\u00e4iden tuomioistuinten laink\u00e4ytt\u00f6valtaan t\u00e4llaisten riitojen ratkaisemiseksi.  <\/p>\n<ol style=\"text-align: left;\" start=\"11\">\n<li><strong>Irrotettavuus<\/strong><\/li>\n<\/ol>\n<p>Jos jokin n\u00e4iden ehtojen osa osoittautuu t\u00e4yt\u00e4nt\u00f6\u00f6npanokelvottomaksi tai p\u00e4tem\u00e4tt\u00f6m\u00e4ksi, kyseist\u00e4 osaa mukautetaan tai poistetaan mahdollisimman v\u00e4h\u00e4n, joten muut ehdot ovat edelleen t\u00e4ysin voimassa ja t\u00e4yt\u00e4nt\u00f6\u00f6npanokelpoisia.<\/p>\n<ol style=\"text-align: left;\" start=\"12\">\n<li><strong>Koko sopimus<\/strong><\/li>\n<\/ol>\n<p style=\"text-align: left;\">N\u00e4m\u00e4 ehdot yhdess\u00e4 tietosuojak\u00e4yt\u00e4nt\u00f6mme kanssa muodostavat sinun ja Vertecon v\u00e4lisen koko sopimuksen, joka koskee palveluidemme k\u00e4ytt\u00f6\u00e4, ja syrj\u00e4ytt\u00e4v\u00e4t kaikki aiemmat tai samanaikaiset sopimukset, yhteydenotot ja ehdotukset, olivatpa ne sitten suullisia tai kirjallisia, sinun ja Vertecon v\u00e4lill\u00e4.<\/p>\n<p style=\"text-align: left;\">Jos sinulla on kysymyksi\u00e4 tai huolenaiheita n\u00e4ist\u00e4 ehdoista tai palveluistamme, ota meihin yhteytt\u00e4 s\u00e4hk\u00f6postitse osoitteeseen: <a href=\"mailto:info@verteco.shop\">info@verteco.shop<\/a>.<\/p>\n<p style=\"text-align: left;\">\u00a9 Elite Digital Services, LLC<\/p>\n<p style=\"text-align: left;\">  Kaikki oikeudet pid\u00e4tet\u00e4\u00e4n.<\/p>\n<p>Versio: 20.08.2024  <\/p>\n\t\t\t\t\t\t\t\t<\/div>\n\t\t\t\t<\/div>\n\t\t\t\t\t<\/div>\n\t\t<\/div>\n\t\t\t\t\t<\/div>\n\t\t<\/section>\n\t\t\t\t<\/div>\n\t\t","protected":false},"excerpt":{"rendered":"<p>Palveluehdot N\u00e4m\u00e4 palveluehdot (&#8221;Ehdot&#8221;) on my\u00f6nt\u00e4nyt Elite Digital Services, LLC, Delaware Limited Liability Company, jonka rekister\u00f6ity kotipaikka on 1111B S Governors Ave, STE 21653, Dover, DE 19904, USA (j\u00e4ljemp\u00e4n\u00e4 &#8221;Verteco&#8221;). , &#8221;me&#8221;, &#8221;me&#8221; tai &#8221;meid\u00e4n&#8221;). N\u00e4m\u00e4 ehdot s\u00e4\u00e4telev\u00e4t p\u00e4\u00e4sy\u00e4si palveluihimme ja niiden k\u00e4ytt\u00f6\u00e4, mukaan lukien, mutta ei rajoittuen, Verteco.shop Comparison Shopping Service (CSS) -ohjelma, verkkosivustomme, [&hellip;]<\/p>\n","protected":false},"author":1,"featured_media":0,"parent":0,"menu_order":0,"comment_status":"closed","ping_status":"closed","template":"","meta":{"footnotes":""},"class_list":["post-9979","page","type-page","status-publish","hentry"],"_links":{"self":[{"href":"https:\/\/verteco.shop\/fi\/wp-json\/wp\/v2\/pages\/9979","targetHints":{"allow":["GET"]}}],"collection":[{"href":"https:\/\/verteco.shop\/fi\/wp-json\/wp\/v2\/pages"}],"about":[{"href":"https:\/\/verteco.shop\/fi\/wp-json\/wp\/v2\/types\/page"}],"author":[{"embeddable":true,"href":"https:\/\/verteco.shop\/fi\/wp-json\/wp\/v2\/users\/1"}],"replies":[{"embeddable":true,"href":"https:\/\/verteco.shop\/fi\/wp-json\/wp\/v2\/comments?post=9979"}],"version-history":[{"count":0,"href":"https:\/\/verteco.shop\/fi\/wp-json\/wp\/v2\/pages\/9979\/revisions"}],"wp:attachment":[{"href":"https:\/\/verteco.shop\/fi\/wp-json\/wp\/v2\/media?parent=9979"}],"curies":[{"name":"wp","href":"https:\/\/api.w.org\/{rel}","templated":true}]}}