{"id":24665,"date":"2024-07-24T23:02:28","date_gmt":"2024-07-24T21:02:28","guid":{"rendered":"https:\/\/verteco.shop\/mita-tietaa-ennen-hyvaksymista-vaihto-css-kauppiaskeskuksessasi\/"},"modified":"2025-12-16T00:17:11","modified_gmt":"2025-12-15T22:17:11","slug":"mita-tietaa-ennen-hyvaksymista-vaihto-css-kauppiaskeskuksessasi","status":"publish","type":"page","link":"https:\/\/verteco.shop\/fi\/mita-tietaa-ennen-hyvaksymista-vaihto-css-kauppiaskeskuksessasi\/","title":{"rendered":"Mit\u00e4 sinun tulee tiet\u00e4\u00e4 ennen kuin hyv\u00e4ksyt CSS:n vaihdon kauppiaskeskuksessasi?"},"content":{"rendered":"\t\t<div data-elementor-type=\"wp-page\" data-elementor-id=\"24665\" class=\"elementor elementor-24665 elementor-24569\" data-elementor-post-type=\"page\">\n\t\t\t\t\t\t<section class=\"elementor-section elementor-top-section elementor-element elementor-element-078fd90 elementor-section-boxed elementor-section-height-default elementor-section-height-default\" data-id=\"078fd90\" data-element_type=\"section\" data-e-type=\"section\" data-settings=\"{&quot;background_background&quot;:&quot;classic&quot;}\">\n\t\t\t\t\t\t<div class=\"elementor-container elementor-column-gap-default\">\n\t\t\t\t\t<div class=\"elementor-column elementor-col-100 elementor-top-column elementor-element elementor-element-dbeaacf\" data-id=\"dbeaacf\" data-element_type=\"column\" data-e-type=\"column\">\n\t\t\t<div class=\"elementor-widget-wrap elementor-element-populated\">\n\t\t\t\t\t\t<div class=\"elementor-element elementor-element-c28796d elementor-widget elementor-widget-heading\" data-id=\"c28796d\" data-element_type=\"widget\" data-e-type=\"widget\" data-widget_type=\"heading.default\">\n\t\t\t\t<div class=\"elementor-widget-container\">\n\t\t\t\t\t<h2 class=\"elementor-heading-title elementor-size-default\">Mit\u00e4 sinun tulee tiet\u00e4\u00e4 ennen kuin hyv\u00e4ksyt CSS:n vaihdon kauppiaskeskuksessasi?<\/h2>\t\t\t\t<\/div>\n\t\t\t\t<\/div>\n\t\t\t\t\t<\/div>\n\t\t<\/div>\n\t\t\t\t\t<\/div>\n\t\t<\/section>\n\t\t\t\t<section class=\"elementor-section elementor-top-section elementor-element elementor-element-2132196 elementor-section-boxed elementor-section-height-default elementor-section-height-default\" data-id=\"2132196\" data-element_type=\"section\" data-e-type=\"section\" data-settings=\"{&quot;background_background&quot;:&quot;classic&quot;}\">\n\t\t\t\t\t\t<div class=\"elementor-container elementor-column-gap-default\">\n\t\t\t\t\t<div class=\"elementor-column elementor-col-100 elementor-top-column elementor-element elementor-element-e51b319\" data-id=\"e51b319\" data-element_type=\"column\" data-e-type=\"column\">\n\t\t\t<div class=\"elementor-widget-wrap elementor-element-populated\">\n\t\t\t\t\t\t<div class=\"elementor-element elementor-element-7905f63 elementor-widget elementor-widget-text-editor\" data-id=\"7905f63\" data-element_type=\"widget\" data-e-type=\"widget\" data-widget_type=\"text-editor.default\">\n\t\t\t\t<div class=\"elementor-widget-container\">\n\t\t\t\t\t\t\t\t\t<p><em>T\u00e4m\u00e4 sis\u00e4lt\u00f6 on saatavilla seuraavilla kielill\u00e4:<\/em><\/p>\t\t\t\t\t\t\t\t<\/div>\n\t\t\t\t<\/div>\n\t\t\t\t<div class=\"elementor-element elementor-element-af9deac elementor-widget elementor-widget-wpml-language-switcher\" data-id=\"af9deac\" data-element_type=\"widget\" data-e-type=\"widget\" data-widget_type=\"wpml-language-switcher.default\">\n\t\t\t\t<div class=\"elementor-widget-container\">\n\t\t\t\t\t<div class=\"wpml-elementor-ls\">\n<div role=\"navigation\" aria-label=\"Language Switcher\" class=\"wpml-ls-statics-footer wpml-ls wpml-ls-legacy-list-horizontal\">\n\t<ul><li class=\"wpml-ls-slot-footer wpml-ls-item wpml-ls-item-en wpml-ls-first-item wpml-ls-item-legacy-list-horizontal\">\n\t\t\t\t<a href=\"https:\/\/verteco.shop\/\" hreflang=\"en\" lang=\"en\" class=\"wpml-ls-link\" aria-label=\"Switch to Englanti\" title=\"Switch to Englanti\">\n\t\t\t\t\t                                    <img decoding=\"async\"\n            class=\"wpml-ls-flag\"\n            src=\"https:\/\/verteco.shop\/wp-content\/plugins\/sitepress-multilingual-cms\/res\/flags\/en.svg\"\n            alt=\"Englanti\"\n            loading=\"lazy\"\n            width=18\n            height=12\n    \/><\/a>\n\t\t\t<\/li><li class=\"wpml-ls-slot-footer wpml-ls-item wpml-ls-item-de wpml-ls-item-legacy-list-horizontal\">\n\t\t\t\t<a href=\"https:\/\/verteco.shop\/de\/\" hreflang=\"de\" lang=\"de\" class=\"wpml-ls-link\" aria-label=\"Switch to Saksa\" title=\"Switch to Saksa\">\n\t\t\t\t\t                                    <img decoding=\"async\"\n            class=\"wpml-ls-flag\"\n            src=\"https:\/\/verteco.shop\/wp-content\/plugins\/sitepress-multilingual-cms\/res\/flags\/de.svg\"\n            alt=\"Saksa\"\n            loading=\"lazy\"\n            width=18\n            height=12\n    \/><\/a>\n\t\t\t<\/li><li class=\"wpml-ls-slot-footer wpml-ls-item wpml-ls-item-es wpml-ls-item-legacy-list-horizontal\">\n\t\t\t\t<a href=\"https:\/\/verteco.shop\/es\/\" hreflang=\"es\" lang=\"es\" class=\"wpml-ls-link\" aria-label=\"Switch to Espanja\" title=\"Switch to Espanja\">\n\t\t\t\t\t                                    <img decoding=\"async\"\n            class=\"wpml-ls-flag\"\n            src=\"https:\/\/verteco.shop\/wp-content\/plugins\/sitepress-multilingual-cms\/res\/flags\/es.svg\"\n            alt=\"Espanja\"\n            loading=\"lazy\"\n            width=18\n            height=12\n    \/><\/a>\n\t\t\t<\/li><li class=\"wpml-ls-slot-footer wpml-ls-item wpml-ls-item-fr wpml-ls-item-legacy-list-horizontal\">\n\t\t\t\t<a href=\"https:\/\/verteco.shop\/fr\/\" hreflang=\"fr\" lang=\"fr\" class=\"wpml-ls-link\" aria-label=\"Switch to Ranska\" title=\"Switch to Ranska\">\n\t\t\t\t\t                                    <img decoding=\"async\"\n            class=\"wpml-ls-flag\"\n            src=\"https:\/\/verteco.shop\/wp-content\/plugins\/sitepress-multilingual-cms\/res\/flags\/fr.svg\"\n            alt=\"Ranska\"\n            loading=\"lazy\"\n            width=18\n            height=12\n    \/><\/a>\n\t\t\t<\/li><li class=\"wpml-ls-slot-footer wpml-ls-item wpml-ls-item-cs wpml-ls-item-legacy-list-horizontal\">\n\t\t\t\t<a href=\"https:\/\/verteco.shop\/cs\/\" hreflang=\"cs\" lang=\"cs\" class=\"wpml-ls-link\" aria-label=\"Switch to Tsekki\" title=\"Switch to Tsekki\">\n\t\t\t\t\t                                    <img decoding=\"async\"\n            class=\"wpml-ls-flag\"\n            src=\"https:\/\/verteco.shop\/wp-content\/plugins\/sitepress-multilingual-cms\/res\/flags\/cs.svg\"\n            alt=\"Tsekki\"\n            loading=\"lazy\"\n            width=18\n            height=12\n    \/><\/a>\n\t\t\t<\/li><li class=\"wpml-ls-slot-footer wpml-ls-item wpml-ls-item-sk wpml-ls-item-legacy-list-horizontal\">\n\t\t\t\t<a href=\"https:\/\/verteco.shop\/sk\/\" hreflang=\"sk\" lang=\"sk\" class=\"wpml-ls-link\" aria-label=\"Switch to Slaavi\" title=\"Switch to Slaavi\">\n\t\t\t\t\t                                    <img decoding=\"async\"\n            class=\"wpml-ls-flag\"\n            src=\"https:\/\/verteco.shop\/wp-content\/plugins\/sitepress-multilingual-cms\/res\/flags\/sk.svg\"\n            alt=\"Slaavi\"\n            loading=\"lazy\"\n            width=18\n            height=12\n    \/><\/a>\n\t\t\t<\/li><li class=\"wpml-ls-slot-footer wpml-ls-item wpml-ls-item-it wpml-ls-item-legacy-list-horizontal\">\n\t\t\t\t<a href=\"https:\/\/verteco.shop\/it\/\" hreflang=\"it\" lang=\"it\" class=\"wpml-ls-link\" aria-label=\"Switch to Italia\" title=\"Switch to Italia\">\n\t\t\t\t\t                                    <img decoding=\"async\"\n            class=\"wpml-ls-flag\"\n            src=\"https:\/\/verteco.shop\/wp-content\/plugins\/sitepress-multilingual-cms\/res\/flags\/it.svg\"\n            alt=\"Italia\"\n            loading=\"lazy\"\n            width=18\n            height=12\n    \/><\/a>\n\t\t\t<\/li><li class=\"wpml-ls-slot-footer wpml-ls-item wpml-ls-item-nl wpml-ls-item-legacy-list-horizontal\">\n\t\t\t\t<a href=\"https:\/\/verteco.shop\/nl\/\" hreflang=\"nl\" lang=\"nl\" class=\"wpml-ls-link\" aria-label=\"Switch to Hollanti\" title=\"Switch to Hollanti\">\n\t\t\t\t\t                                    <img decoding=\"async\"\n            class=\"wpml-ls-flag\"\n            src=\"https:\/\/verteco.shop\/wp-content\/plugins\/sitepress-multilingual-cms\/res\/flags\/nl.svg\"\n            alt=\"Hollanti\"\n            loading=\"lazy\"\n            width=18\n            height=12\n    \/><\/a>\n\t\t\t<\/li><li class=\"wpml-ls-slot-footer wpml-ls-item wpml-ls-item-hu wpml-ls-item-legacy-list-horizontal\">\n\t\t\t\t<a href=\"https:\/\/verteco.shop\/hu\/\" hreflang=\"hu\" lang=\"hu\" class=\"wpml-ls-link\" aria-label=\"Switch to Unkari\" title=\"Switch to Unkari\">\n\t\t\t\t\t                                    <img decoding=\"async\"\n            class=\"wpml-ls-flag\"\n            src=\"https:\/\/verteco.shop\/wp-content\/plugins\/sitepress-multilingual-cms\/res\/flags\/hu.svg\"\n            alt=\"Unkari\"\n            loading=\"lazy\"\n            width=18\n            height=12\n    \/><\/a>\n\t\t\t<\/li><li class=\"wpml-ls-slot-footer wpml-ls-item wpml-ls-item-pl wpml-ls-item-legacy-list-horizontal\">\n\t\t\t\t<a href=\"https:\/\/verteco.shop\/pl\/\" hreflang=\"pl\" lang=\"pl\" class=\"wpml-ls-link\" aria-label=\"Switch to Puola\" title=\"Switch to Puola\">\n\t\t\t\t\t                                    <img decoding=\"async\"\n            class=\"wpml-ls-flag\"\n            src=\"https:\/\/verteco.shop\/wp-content\/plugins\/sitepress-multilingual-cms\/res\/flags\/pl.svg\"\n            alt=\"Puola\"\n            loading=\"lazy\"\n            width=18\n            height=12\n    \/><\/a>\n\t\t\t<\/li><li class=\"wpml-ls-slot-footer wpml-ls-item wpml-ls-item-hr wpml-ls-item-legacy-list-horizontal\">\n\t\t\t\t<a href=\"https:\/\/verteco.shop\/hr\/\" hreflang=\"hr\" lang=\"hr\" class=\"wpml-ls-link\" aria-label=\"Switch to Kroatia\" title=\"Switch to Kroatia\">\n\t\t\t\t\t                                    <img decoding=\"async\"\n            class=\"wpml-ls-flag\"\n            src=\"https:\/\/verteco.shop\/wp-content\/plugins\/sitepress-multilingual-cms\/res\/flags\/hr.svg\"\n            alt=\"Kroatia\"\n            loading=\"lazy\"\n            width=18\n            height=12\n    \/><\/a>\n\t\t\t<\/li><li class=\"wpml-ls-slot-footer wpml-ls-item wpml-ls-item-da wpml-ls-item-legacy-list-horizontal\">\n\t\t\t\t<a href=\"https:\/\/verteco.shop\/da\/\" hreflang=\"da\" lang=\"da\" class=\"wpml-ls-link\" aria-label=\"Switch to Tanska\" title=\"Switch to Tanska\">\n\t\t\t\t\t                                    <img decoding=\"async\"\n            class=\"wpml-ls-flag\"\n            src=\"https:\/\/verteco.shop\/wp-content\/plugins\/sitepress-multilingual-cms\/res\/flags\/da.svg\"\n            alt=\"Tanska\"\n            loading=\"lazy\"\n            width=18\n            height=12\n    \/><\/a>\n\t\t\t<\/li><li class=\"wpml-ls-slot-footer wpml-ls-item wpml-ls-item-fi wpml-ls-current-language wpml-ls-item-legacy-list-horizontal\">\n\t\t\t\t<a href=\"https:\/\/verteco.shop\/fi\/\" hreflang=\"fi\" lang=\"fi\" class=\"wpml-ls-link\" aria-current=\"page\" aria-label=\"Switch to Suomi\" title=\"Switch to Suomi\">\n\t\t\t\t\t                                    <img decoding=\"async\"\n            class=\"wpml-ls-flag\"\n            src=\"https:\/\/verteco.shop\/wp-content\/plugins\/sitepress-multilingual-cms\/res\/flags\/fi.svg\"\n            alt=\"Suomi\"\n            loading=\"lazy\"\n            width=18\n            height=12\n    \/><\/a>\n\t\t\t<\/li><li class=\"wpml-ls-slot-footer wpml-ls-item wpml-ls-item-sv wpml-ls-item-legacy-list-horizontal\">\n\t\t\t\t<a href=\"https:\/\/verteco.shop\/sv\/\" hreflang=\"sv\" lang=\"sv\" class=\"wpml-ls-link\" aria-label=\"Switch to Ruotsi\" title=\"Switch to Ruotsi\">\n\t\t\t\t\t                                    <img decoding=\"async\"\n            class=\"wpml-ls-flag\"\n            src=\"https:\/\/verteco.shop\/wp-content\/plugins\/sitepress-multilingual-cms\/res\/flags\/sv.svg\"\n            alt=\"Ruotsi\"\n            loading=\"lazy\"\n            width=18\n            height=12\n    \/><\/a>\n\t\t\t<\/li><li class=\"wpml-ls-slot-footer wpml-ls-item wpml-ls-item-no wpml-ls-item-legacy-list-horizontal\">\n\t\t\t\t<a href=\"https:\/\/verteco.shop\/no\/\" hreflang=\"no\" lang=\"no\" class=\"wpml-ls-link\" aria-label=\"Switch to Kirjanorja\" title=\"Switch to Kirjanorja\">\n\t\t\t\t\t                                    <img decoding=\"async\"\n            class=\"wpml-ls-flag\"\n            src=\"https:\/\/verteco.shop\/wp-content\/plugins\/sitepress-multilingual-cms\/res\/flags\/no.svg\"\n            alt=\"Kirjanorja\"\n            loading=\"lazy\"\n            width=18\n            height=12\n    \/><\/a>\n\t\t\t<\/li><li class=\"wpml-ls-slot-footer wpml-ls-item wpml-ls-item-ro wpml-ls-item-legacy-list-horizontal\">\n\t\t\t\t<a href=\"https:\/\/verteco.shop\/ro\/\" hreflang=\"ro\" lang=\"ro\" class=\"wpml-ls-link\" aria-label=\"Switch to Romania\" title=\"Switch to Romania\">\n\t\t\t\t\t                                    <img decoding=\"async\"\n            class=\"wpml-ls-flag\"\n            src=\"https:\/\/verteco.shop\/wp-content\/plugins\/sitepress-multilingual-cms\/res\/flags\/ro.svg\"\n            alt=\"Romania\"\n            loading=\"lazy\"\n            width=18\n            height=12\n    \/><\/a>\n\t\t\t<\/li><li class=\"wpml-ls-slot-footer wpml-ls-item wpml-ls-item-el wpml-ls-item-legacy-list-horizontal\">\n\t\t\t\t<a href=\"https:\/\/verteco.shop\/el\/\" hreflang=\"el\" lang=\"el\" class=\"wpml-ls-link\" aria-label=\"Switch to Kreikka\" title=\"Switch to Kreikka\">\n\t\t\t\t\t                                    <img decoding=\"async\"\n            class=\"wpml-ls-flag\"\n            src=\"https:\/\/verteco.shop\/wp-content\/plugins\/sitepress-multilingual-cms\/res\/flags\/el.svg\"\n            alt=\"Kreikka\"\n            loading=\"lazy\"\n            width=18\n            height=12\n    \/><\/a>\n\t\t\t<\/li><li class=\"wpml-ls-slot-footer wpml-ls-item wpml-ls-item-pt-pt wpml-ls-item-legacy-list-horizontal\">\n\t\t\t\t<a href=\"https:\/\/verteco.shop\/pt-pt\/\" hreflang=\"pt-pt\" lang=\"pt-pt\" class=\"wpml-ls-link\" aria-label=\"Switch to Portugali\" title=\"Switch to Portugali\">\n\t\t\t\t\t                                    <img decoding=\"async\"\n            class=\"wpml-ls-flag\"\n            src=\"https:\/\/verteco.shop\/wp-content\/plugins\/sitepress-multilingual-cms\/res\/flags\/pt-pt.svg\"\n            alt=\"Portugali\"\n            loading=\"lazy\"\n            width=18\n            height=12\n    \/><\/a>\n\t\t\t<\/li><li class=\"wpml-ls-slot-footer wpml-ls-item wpml-ls-item-uk wpml-ls-last-item wpml-ls-item-legacy-list-horizontal\">\n\t\t\t\t<a href=\"https:\/\/verteco.shop\/uk\/\" hreflang=\"uk\" lang=\"uk\" class=\"wpml-ls-link\" aria-label=\"Switch to Ukraina\" title=\"Switch to Ukraina\">\n\t\t\t\t\t                                    <img decoding=\"async\"\n            class=\"wpml-ls-flag\"\n            src=\"https:\/\/verteco.shop\/wp-content\/plugins\/sitepress-multilingual-cms\/res\/flags\/uk.svg\"\n            alt=\"Ukraina\"\n            loading=\"lazy\"\n            width=18\n            height=12\n    \/><\/a>\n\t\t\t<\/li><\/ul>\n<\/div>\n<\/div>\t\t\t\t<\/div>\n\t\t\t\t<\/div>\n\t\t\t\t\t<\/div>\n\t\t<\/div>\n\t\t\t\t\t<\/div>\n\t\t<\/section>\n\t\t\t\t<section class=\"elementor-section elementor-top-section elementor-element elementor-element-aca2e11 elementor-section-boxed elementor-section-height-default elementor-section-height-default\" data-id=\"aca2e11\" data-element_type=\"section\" data-e-type=\"section\" data-settings=\"{&quot;background_background&quot;:&quot;classic&quot;}\">\n\t\t\t\t\t\t<div class=\"elementor-container elementor-column-gap-default\">\n\t\t\t\t\t<div class=\"elementor-column elementor-col-100 elementor-top-column elementor-element elementor-element-50842e5\" data-id=\"50842e5\" data-element_type=\"column\" data-e-type=\"column\">\n\t\t\t<div class=\"elementor-widget-wrap elementor-element-populated\">\n\t\t\t\t\t\t<div class=\"elementor-element elementor-element-6f995f6 elementor-widget elementor-widget-heading\" data-id=\"6f995f6\" data-element_type=\"widget\" data-e-type=\"widget\" data-widget_type=\"heading.default\">\n\t\t\t\t<div class=\"elementor-widget-container\">\n\t\t\t\t\t<h2 class=\"elementor-heading-title elementor-size-default\">Oletko valmis vaihtamaan CSS:\u00e4\u00e4si?<\/h2>\t\t\t\t<\/div>\n\t\t\t\t<\/div>\n\t\t\t\t<div class=\"elementor-element elementor-element-eac360b elementor-widget elementor-widget-text-editor\" data-id=\"eac360b\" data-element_type=\"widget\" data-e-type=\"widget\" data-widget_type=\"text-editor.default\">\n\t\t\t\t<div class=\"elementor-widget-container\">\n\t\t\t\t\t\t\t\t\t<section><p>Kiitos, ett\u00e4 valitsit <strong>verteco.shop CSS:n<\/strong> ! Jotta siirtyminen olisi sujuvaa, vahvista jokainen vaihe ennen kuin hyv\u00e4ksyt vaihdon Merchant Centeriss\u00e4si:<\/p><ol><li><p><strong>  Vahvista j\u00e4rjestelm\u00e4nvalvojan k\u00e4ytt\u00f6oikeudet<\/strong><\/p><ul><li>Vahvista, ett\u00e4 sinulla on suorat j\u00e4rjestelm\u00e4nvalvojan oikeudet kohdekauppiaskeskuksessa.<\/li><li>Usean asiakkaan tileill\u00e4 varmista, ett\u00e4 sinulla on j\u00e4rjestelm\u00e4nvalvojan oikeudet kyseiseen alatiliin.<\/li><li>Lis\u00e4\u00e4 j\u00e4rjestelm\u00e4nvalvoja, jos sinulla ei viel\u00e4 ole suoria oikeuksia.<br><br><\/li><\/ul><\/li><li><p><strong>  Ilmaisten listausten tarkistus<\/strong><\/p><ul><li>Vain yksi EU Merchant Center voi hallita ilmaisia \u200b\u200blistauksia kerrallaan.<\/li><li>Kielt\u00e4ydy ylim\u00e4\u00e4r\u00e4isist\u00e4 keskuksista, jos haluat v\u00e4ltt\u00e4\u00e4 Googlen tekem\u00e4n automaattisen uudelleenm\u00e4\u00e4rityksen.<br><br><\/li><\/ul><\/li><li><p><strong>  Google Ads -yhteys<\/strong><\/p><ul><li>Varmista, ett\u00e4 Merchant Center -tilisi on linkitetty Google Ads -tiliisi.<\/li><li>Muista: sin\u00e4 hallitset budjetteja, hintatarjouksia ja kampanja-asetuksia.<br><br><\/li><\/ul><\/li><li><p><strong>  S\u00e4ilyt\u00e4 t\u00e4htiluokitukset ja arvostelut<\/strong><\/p><p>T\u00e4htiluokitukset <strong>eiv\u00e4t<\/strong> siirry automaattisesti. S\u00e4ilyt\u00e4 arvostelumerkkisi seuraavasti:<\/p><ul><li>Lataa tuotearvostelujesi sy\u00f6te uudelleen v\u00e4hint\u00e4\u00e4n kerran kuukaudessa.<\/li><li>Katso Googlen opas: <a href=\"https:\/\/support.google.com\/merchants\/answer\/14620160?hl=en\" target=\"_blank\" rel=\"noopener\">Arvostelujen lataaminen ja hallinta<\/a> , <a href=\"https:\/\/support.google.com\/merchants\/answer\/14620732?hl=en\" target=\"_blank\" rel=\"noopener\">CSS-tilin vaihto-opas<\/a> .<\/li><\/ul><\/li><\/ol><\/section>\t\t\t\t\t\t\t\t<\/div>\n\t\t\t\t<\/div>\n\t\t\t\t\t<\/div>\n\t\t<\/div>\n\t\t\t\t\t<\/div>\n\t\t<\/section>\n\t\t\t\t<\/div>\n\t\t","protected":false},"excerpt":{"rendered":"<p>Mit\u00e4 sinun tulee tiet\u00e4\u00e4 ennen kuin hyv\u00e4ksyt CSS:n vaihdon kauppiaskeskuksessasi? T\u00e4m\u00e4 sis\u00e4lt\u00f6 on saatavilla seuraavilla kielill\u00e4: Oletko valmis vaihtamaan CSS:\u00e4\u00e4si? Kiitos, ett\u00e4 valitsit verteco.shop CSS:n ! Jotta siirtyminen olisi sujuvaa, vahvista jokainen vaihe ennen kuin hyv\u00e4ksyt vaihdon Merchant Centeriss\u00e4si: Vahvista j\u00e4rjestelm\u00e4nvalvojan k\u00e4ytt\u00f6oikeudet Vahvista, ett\u00e4 sinulla on suorat j\u00e4rjestelm\u00e4nvalvojan oikeudet kohdekauppiaskeskuksessa. Usean asiakkaan tileill\u00e4 varmista, ett\u00e4 [&hellip;]<\/p>\n","protected":false},"author":1,"featured_media":0,"parent":0,"menu_order":0,"comment_status":"closed","ping_status":"closed","template":"elementor_header_footer","meta":{"footnotes":""},"class_list":["post-24665","page","type-page","status-publish","hentry"],"_links":{"self":[{"href":"https:\/\/verteco.shop\/fi\/wp-json\/wp\/v2\/pages\/24665","targetHints":{"allow":["GET"]}}],"collection":[{"href":"https:\/\/verteco.shop\/fi\/wp-json\/wp\/v2\/pages"}],"about":[{"href":"https:\/\/verteco.shop\/fi\/wp-json\/wp\/v2\/types\/page"}],"author":[{"embeddable":true,"href":"https:\/\/verteco.shop\/fi\/wp-json\/wp\/v2\/users\/1"}],"replies":[{"embeddable":true,"href":"https:\/\/verteco.shop\/fi\/wp-json\/wp\/v2\/comments?post=24665"}],"version-history":[{"count":0,"href":"https:\/\/verteco.shop\/fi\/wp-json\/wp\/v2\/pages\/24665\/revisions"}],"wp:attachment":[{"href":"https:\/\/verteco.shop\/fi\/wp-json\/wp\/v2\/media?parent=24665"}],"curies":[{"name":"wp","href":"https:\/\/api.w.org\/{rel}","templated":true}]}}