{"id":23751,"date":"2024-07-03T20:41:50","date_gmt":"2024-07-03T18:41:50","guid":{"rendered":"https:\/\/verteco.shop\/kaikki-te-taytyy-tietaa-css\/"},"modified":"2024-07-03T20:52:41","modified_gmt":"2024-07-03T18:52:41","slug":"kaikki-te-taytyy-tietaa-css","status":"publish","type":"page","link":"https:\/\/verteco.shop\/fi\/kaikki-te-taytyy-tietaa-css\/","title":{"rendered":"Kaikki mit\u00e4 sinun tulee tiet\u00e4\u00e4 CSS:st\u00e4"},"content":{"rendered":"\n<p>Jos sinulla on verkkokauppa tai ty\u00f6skentelet markkinointitoimistossa, olet luultavasti jo kuullut CSS:st\u00e4 \u2013 Googlen vertailuostospalvelusta. Jos k\u00e4sittelet jo Google Ads -kampanjoita, aihe on sinulle todenn\u00e4k\u00f6isesti tuttu. Ja jos et ole koskaan kuullut CSS:st\u00e4, nyt on aika oppia, kuinka se voi auttaa sinua mainostamaan yrityst\u00e4si tehokkaasti Google-hakukoneessa.<\/p>\n\n<h2 class=\"wp-block-heading\">Miksi Comparison Shopping Services (CSS) on olemassa?<\/h2>\n\n<p>Olemme kaikki t\u00f6rm\u00e4nneet sellaisiin erikoissivustoihin, joilla voimme vertailla eri myym\u00e4l\u00f6iden tuotteiden hintoja: t\u00e4llaisia \u200b\u200bsivustoja kutsutaan hintavertailuportaaleiksi. T\u00e4m\u00e4n kategorian luultavasti tunnetuin portaali on Google Shopping.<\/p>\n\n<p>Google Shopping -mainosten (tunnetaan my\u00f6s nimell\u00e4 &#8221;tuotemainokset&#8221;) sijoittaminen edellytt\u00e4\u00e4, ett\u00e4 yrityksesi tuotteet on lueteltu t\u00e4llaisessa hintavertailuportaalissa (tai useissa portaaleissa).<\/p>\n\n<p>Vuoteen 2017 asti Googlella oli monopoli omalla hintaportaalillaan, Google Shoppingilla, jossa se esitteli Google Shopping -mainoksia. T\u00e4t\u00e4 tilannetta pidettiin ep\u00e4oikeudenmukaisena, ja jotkut yritykset p\u00e4\u00e4ttiv\u00e4t ryhty\u00e4 oikeustoimiin kuuluisaa hakukonetta vastaan. Tuomioistuin rankaisi Googlen monopoliaseman, mink\u00e4 seurauksena Google h\u00e4visi oikeudenk\u00e4ynnin ja Euroopan komissio pakotti sen k\u00e4ynnist\u00e4m\u00e4\u00e4n CSS \u2013 Comparison Shopping Services -ohjelman.<\/p>\n\n<p>Kaikki vertailuportaalit eiv\u00e4t osallistu t\u00e4h\u00e4n ohjelmaan. CSS:n on oltava Googlen erityisesti sertifioima, ja sen on t\u00e4ytett\u00e4v\u00e4 tietyt vaatimukset.<\/p>\n\n<p>Kaikki hintavertailuportaalit, jotka on rekister\u00f6ity Google Comparison Shopping Services -ohjelmaan ja joille on my\u00f6nnetty CSS-kumppanin asema, voivat sijoittaa kauppiaiden tuotemainoksia Googlen hakutuloksiin.<\/p>\n\n<h2 class=\"wp-block-heading\">Mit\u00e4 eroa on maksetuilla mainoksilla?<\/h2>\n\n<ul class=\"wp-block-list\">\n<li>Googlen marginaalia ei en\u00e4\u00e4 v\u00e4hennet\u00e4 napsautuskohtaisesta hinnasta (CPC).<\/li>\n\n\n\n<li>Kaikkien sponsoroitujen mainosten alareunassa lukee &#8221;By XX&#8221; sijaan &#8221;By XX&#8221;.<\/li>\n<\/ul>\n\n<h2 class=\"wp-block-heading\">Kuinka voit sanoa, ett\u00e4 Googlen marginaali on olemassa?<\/h2>\n\n<p>T\u00e4ss\u00e4 on mit\u00e4 Google sanoo marginaalistaan:<\/p>\n\n<p>Google ei m\u00e4\u00e4rittele tarkalleen, kuinka paljon marginaali on; se voidaan laskea vain empiirisesti tulosten perusteella CSS-palveluntarjoajaan vaihtamisen j\u00e4lkeen. Kokemuksen mukaan t\u00e4m\u00e4 marginaali on noin 20 % napsautuskohtaisesta hinnasta. T\u00e4m\u00e4 on kuuluisa CSS-kumppanien mainostama alennus.<\/p>\n\n<p>Mikset n\u00e4e suoraan tilill\u00e4si, ett\u00e4 maksat Googlen CSS:st\u00e4?<\/p>\n\n<p>T\u00e4m\u00e4 on Googlen sis\u00e4inen p\u00e4\u00e4t\u00f6s. Marginaali v\u00e4hennet\u00e4\u00e4n napsautuskohtaisesta hinnasta ennen kuin tarjouksesi tulee huutokauppaan. Jos k\u00e4yt\u00e4t Google Shopping CSS:\u00e4\u00e4 (oletushinta), todellinen tarjouksesi on noin 20 % alhaisempi kuin sellaisen kauppiaan hinta, joka jo ty\u00f6skentelee toisen CSS-portaalin (ei Googlen CSS:n) kanssa, ja siksi sen hinta on 20 % korkeampi Googlen huutokauppa.<\/p>\n\n<p>Tietenkin maksat t\u00e4m\u00e4n marginaalin Google Shoppingille vain, jos joku napsauttaa mainosta (jos ei, marginaalia ei veloiteta). Mutta hintatarjouksesi Google-huutokaupassa on silti joka kerta noin 20 % pienempi.<\/p>\n\n<h2 class=\"wp-block-heading\">Veloittaako CSS-kumppani maksun CSS-palvelun k\u00e4yt\u00f6st\u00e4?<\/h2>\n\n<p>Kyll\u00e4, useimmiten se on kuukausitilaus. On satoja CSS-kumppaneita, joilla on laaja valikoima tarjouksia. Monet toimistot p\u00e4\u00e4tt\u00e4v\u00e4t ty\u00f6skennell\u00e4 tietyn CSS-palveluntarjoajan kanssa, ja joillakin on jopa oma CSS (esimerkiksi digitaalisen markkinointitoimiston Verteco Digitalilla on oma CSS \u2013 Verteco Shop).<\/p>\n\n<h2 class=\"wp-block-heading\">Meneek\u00f6 sy\u00f6tteen tiedot toiseen CSS-palveluun siirron j\u00e4lkeen? Tuleeko se pilaamaan tai muuttamaan markkinointikampanjoitani?<\/h2>\n\n<p>Ei. Siirtyminen CSS-palvelusta toiseen tapahtuu sis\u00e4isesti CSS-palveluntarjoajan ja Googlen v\u00e4lill\u00e4. Google &#8221;liitt\u00e4\u00e4&#8221; Merchant Center -tilisi CSS-tiliin, eik\u00e4 Googlen marginaalia en\u00e4\u00e4 v\u00e4hennet\u00e4 napsautuskohtaisesta hinnasta, kun mainokset tulevat huutokauppaan. Jos tiedoille tapahtuu jotain (vaikka sen ei pit\u00e4isi tapahtua), se on Googlen vika, ei CSS:n.<\/p>\n\n<h2 class=\"wp-block-heading\">Painaako Google alas kampanjoita, jotka on luotu k\u00e4ytt\u00e4m\u00e4ll\u00e4 eri CSS:\u00e4\u00e4?<\/h2>\n\n<p>Ei, Google ei halua joutua uudelleen oikeuteen ja joutua rangaistukseksi \ud83d\ude0a<\/p>\n\n<p>Joten kaikki riippuu siit\u00e4, kuinka hyvin hallitset markkinointikampanjoitasi. Huonosti kohdistetuissa kampanjoissa edes Google Shopping CSS:n\u00e4 ei voi auttaa.<\/p>\n\n<h2 class=\"wp-block-heading\">Googlen marginaalia ei en\u00e4\u00e4 veloiteta. Mit\u00e4 budjetilleni tapahtuu?<\/h2>\n\n<p>Et en\u00e4\u00e4 maksa Googlen marginaalia, mutta Google ei tietenk\u00e4\u00e4n l\u00e4het\u00e4 rahoja takaisin mainosbudjettiisi. Todellisuudessa hintatarjouksesi on automaattisesti 20 % korkeampi, ja voit k\u00e4ytt\u00e4\u00e4 budjettiasi Google-mainoksiin paljon tehokkaammin. On sinun p\u00e4\u00e4tett\u00e4viss\u00e4si, kuinka hallitset kampanjoitasi, jotta strategiasi tuottaa tulosta. Voit joko s\u00e4ilytt\u00e4\u00e4 saman budjetin ja saada enemm\u00e4n napsautuksia mainokselle tai alentaa napsautuskohtaista hintaa ja s\u00e4ilytt\u00e4\u00e4 samat tulokset kuluttaen v\u00e4hemm\u00e4n.<\/p>\n\n<h2 class=\"wp-block-heading\">Miss\u00e4 maissa Googlen CSS-ohjelma on saatavilla?<\/h2>\n\n<p>Ohjelma on saatavilla 21 maassa EU:n sis\u00e4ll\u00e4 ja ulkopuolella: Saksa, It\u00e4valta, Sveitsi, Kreikka, Unkari, Irlanti, Italia, Alankomaat, Norja, Belgia, T\u0161ekki, Tanska, Suomi, Ranska, Puola, Portugali, Romania, Slovakia, Espanja, Ruotsi ja Iso-Britannia. Eli l\u00e4hinn\u00e4 EU-maat, Iso-Britannia ja Sveitsi.<\/p>\n\n<h2 class=\"wp-block-heading\">Kuinka voit k\u00e4ytt\u00e4\u00e4 sek\u00e4 ulkoista CSS:\u00e4\u00e4 ett\u00e4 Google CSS:\u00e4\u00e4 samanaikaisesti?<\/h2>\n\n<p>Voit k\u00e4ytt\u00e4\u00e4 kahta Kauppiaskeskus-tili\u00e4. Ensimm\u00e4inen tili on yhdistetty Google Shoppingiin. Toinen &#8211; ulkoiseen CSS:\u00e4\u00e4n.<\/p>\n\n<h2 class=\"wp-block-heading\">Kuinka monta CSS:\u00e4\u00e4 voit k\u00e4ytt\u00e4\u00e4 samanaikaisesti?<\/h2>\n\n<p>Niin monta kuin haluat.<\/p>\n\n<h2 class=\"wp-block-heading\">Mit\u00e4 tapahtuu?<\/h2>\n\n<p>Ei mit\u00e4\u00e4n hyv\u00e4\u00e4. Jos k\u00e4yt\u00e4t useita CSS-palveluita samanaikaisesti, et saa parempaa kattavuutta, koska Google est\u00e4\u00e4 useiden palveluntarjoajan mainosten n\u00e4ytt\u00e4misen.<\/p>\n\n<p>Suorituskyvyn kannalta t\u00e4t\u00e4 ei suositella. Ei ole etuja; itse asiassa on jopa joitain haittoja, kuten omien mainosten kannibalointi ja heikompi kokonaistulos.<\/p>\n\n<h2 class=\"wp-block-heading\">Miten CSS-palveluntarjoajat eroavat toisistaan?<\/h2>\n\n<p>CSS:ss\u00e4 on kolme luokkaa:<\/p>\n\n<ul class=\"wp-block-list\">\n<li>Osallistuja<\/li>\n\n\n\n<li>CSS-kumppani<\/li>\n\n\n\n<li>Premium CSS-kumppani<\/li>\n<\/ul>\n\n<p>Premium CSS -kumppanilla on enemm\u00e4n kauppiaita rekister\u00f6ityneen\u00e4 asiakkaiksi (vain lukum\u00e4\u00e4r\u00e4n perusteella). Mutta se ei aina ole etu. CSS-palveluntarjoaja, jolla on satoja asiakkaita ulkopuolellasi, ei pysty k\u00e4sittelem\u00e4\u00e4n sinua tehokkaasti eik\u00e4 tarjoa riitt\u00e4v\u00e4\u00e4 tukea etenk\u00e4\u00e4n \u00e4idinkielell\u00e4si. Verteco tarjoaa henkil\u00f6kohtaista tukea kaikille Verteco Shop -ohjelmaan osallistuville maille erityisill\u00e4 johtajilla, \u00e4idinkielen\u00e4\u00e4n puhuvilla, jotka tarjoavat tukea ja apua tehokkaasti.<\/p>\n\n<p>Teknisesti osallistujan, CSS-kumppanin ja Premium CSS -kumppanin v\u00e4lill\u00e4 ei ole eroa. Googlen marginaalia ei veloiteta mist\u00e4\u00e4n niist\u00e4. CSS voi kuitenkin tarjota lis\u00e4palveluita tai hallita mainoskampanjoitasi.<\/p>\n\n<p>On hyv\u00e4 mietti\u00e4, mit\u00e4 tarkalleen tarvitset ja kuinka paljon se maksaa. Ei ole mit\u00e4\u00e4n j\u00e4rke\u00e4 maksaa palveluista vain siksi, ett\u00e4 niit\u00e4 tarjoaa suuri ja tunnettu palveluntarjoaja, mutta ne ovat my\u00f6s eritt\u00e4in kalliita markkinoilla. K\u00e4yt\u00e4nn\u00f6ss\u00e4 kaikki ulkoiset CSS:t tarjoavat t\u00e4sm\u00e4lleen saman asian. Yrityksen koko ja ik\u00e4 takaavat laadukkaan palvelun. Teknisesti kaikki CSS:t ovat samoja; Erot ovat vain esteettisi\u00e4, suunnittelussa, eiv\u00e4t toimivuudessa.<\/p>\n\n<h2 class=\"wp-block-heading\">P\u00e4\u00e4telm\u00e4<\/h2>\n\n<p>Googlen CSS-palveluntarjoajat antavat kauppiaille hintaetua verrattuna kilpailijoihin, jotka eiv\u00e4t viel\u00e4 k\u00e4yt\u00e4 ulkoista CSS:\u00e4\u00e4 (itse Google Shoppingin CSS:\u00e4\u00e4 lukuun ottamatta). On viisasta valita CSS, josta sinulla on kaikki tarvittavat tiedot ja voit testata sit\u00e4, sill\u00e4 esimerkiksi Verteco tarjoaa mahdollisuuden k\u00e4ytt\u00e4\u00e4 sit\u00e4 ilmaiseksi kuukauden ajan.<\/p>\n","protected":false},"excerpt":{"rendered":"<p>Jos sinulla on verkkokauppa tai ty\u00f6skentelet markkinointitoimistossa, olet luultavasti jo kuullut CSS:st\u00e4 \u2013 Googlen vertailuostospalvelusta. Jos k\u00e4sittelet jo Google Ads -kampanjoita, aihe on sinulle todenn\u00e4k\u00f6isesti tuttu. Ja jos et ole koskaan kuullut CSS:st\u00e4, nyt on aika oppia, kuinka se voi auttaa sinua mainostamaan yrityst\u00e4si tehokkaasti Google-hakukoneessa. Miksi Comparison Shopping Services (CSS) on olemassa? Olemme kaikki [&hellip;]<\/p>\n","protected":false},"author":1,"featured_media":0,"parent":0,"menu_order":0,"comment_status":"closed","ping_status":"closed","template":"","meta":{"footnotes":""},"class_list":["post-23751","page","type-page","status-publish","hentry"],"_links":{"self":[{"href":"https:\/\/verteco.shop\/fi\/wp-json\/wp\/v2\/pages\/23751","targetHints":{"allow":["GET"]}}],"collection":[{"href":"https:\/\/verteco.shop\/fi\/wp-json\/wp\/v2\/pages"}],"about":[{"href":"https:\/\/verteco.shop\/fi\/wp-json\/wp\/v2\/types\/page"}],"author":[{"embeddable":true,"href":"https:\/\/verteco.shop\/fi\/wp-json\/wp\/v2\/users\/1"}],"replies":[{"embeddable":true,"href":"https:\/\/verteco.shop\/fi\/wp-json\/wp\/v2\/comments?post=23751"}],"version-history":[{"count":0,"href":"https:\/\/verteco.shop\/fi\/wp-json\/wp\/v2\/pages\/23751\/revisions"}],"wp:attachment":[{"href":"https:\/\/verteco.shop\/fi\/wp-json\/wp\/v2\/media?parent=23751"}],"curies":[{"name":"wp","href":"https:\/\/api.w.org\/{rel}","templated":true}]}}