{"id":15316,"date":"2023-05-18T23:08:19","date_gmt":"2023-05-18T21:08:19","guid":{"rendered":"https:\/\/verteco.shop\/tietosuojakaytanto"},"modified":"2024-08-20T18:57:14","modified_gmt":"2024-08-20T16:57:14","slug":"tietosuojakaytanto","status":"publish","type":"page","link":"https:\/\/verteco.shop\/fi\/tietosuojakaytanto\/","title":{"rendered":"Tietosuojak\u00e4yt\u00e4nt\u00f6"},"content":{"rendered":"\t\t<div data-elementor-type=\"wp-page\" data-elementor-id=\"15316\" class=\"elementor elementor-15316 elementor-7044\" data-elementor-post-type=\"page\">\n\t\t\t\t\t\t<section class=\"elementor-section elementor-top-section elementor-element elementor-element-20c115e2 elementor-section-boxed elementor-section-height-default elementor-section-height-default\" data-id=\"20c115e2\" data-element_type=\"section\" data-e-type=\"section\">\n\t\t\t\t\t\t<div class=\"elementor-container elementor-column-gap-default\">\n\t\t\t\t\t<div class=\"elementor-column elementor-col-100 elementor-top-column elementor-element elementor-element-7140ffb9\" data-id=\"7140ffb9\" data-element_type=\"column\" data-e-type=\"column\">\n\t\t\t<div class=\"elementor-widget-wrap elementor-element-populated\">\n\t\t\t\t\t\t<div class=\"elementor-element elementor-element-d8fbd51 elementor-widget elementor-widget-heading\" data-id=\"d8fbd51\" data-element_type=\"widget\" data-e-type=\"widget\" data-widget_type=\"heading.default\">\n\t\t\t\t<div class=\"elementor-widget-container\">\n\t\t\t\t\t<h2 class=\"elementor-heading-title elementor-size-default\">Tietosuojak\u00e4yt\u00e4nt\u00f6<\/h2>\t\t\t\t<\/div>\n\t\t\t\t<\/div>\n\t\t\t\t\t<\/div>\n\t\t<\/div>\n\t\t\t\t\t<\/div>\n\t\t<\/section>\n\t\t\t\t<section class=\"elementor-section elementor-top-section elementor-element elementor-element-47743373 elementor-section-boxed elementor-section-height-default elementor-section-height-default\" data-id=\"47743373\" data-element_type=\"section\" data-e-type=\"section\">\n\t\t\t\t\t\t<div class=\"elementor-container elementor-column-gap-default\">\n\t\t\t\t\t<div class=\"elementor-column elementor-col-100 elementor-top-column elementor-element elementor-element-54aab426\" data-id=\"54aab426\" data-element_type=\"column\" data-e-type=\"column\">\n\t\t\t<div class=\"elementor-widget-wrap elementor-element-populated\">\n\t\t\t\t\t\t<div class=\"elementor-element elementor-element-369420f6 elementor-widget elementor-widget-text-editor\" data-id=\"369420f6\" data-element_type=\"widget\" data-e-type=\"widget\" data-widget_type=\"text-editor.default\">\n\t\t\t\t<div class=\"elementor-widget-container\">\n\t\t\t\t\t\t\t\t\t<p>19 artiklan ja sit\u00e4 seuraavien artiklojen mukaisesti. lain nro 18\/2018 Coll.  henkil\u00f6tietojen suojasta ja tiettyjen lakien muuttamisesta ja t\u00e4ydent\u00e4misest\u00e4, sellaisina kuin ne ovat muutettuina henkil\u00f6iden suojaamisesta 27 p\u00e4iv\u00e4n\u00e4 huhtikuuta 2016 annetun Euroopan parlamentin ja neuvoston asetuksen (EU) 2016\/679 13 ja 14 artiklan mukaisesti. luonnollisten henkil\u00f6iden henkil\u00f6tietojen k\u00e4sittelyn ja t\u00e4llaisten tietojen vapaan liikkuvuuden osalta sek\u00e4 direktiivin 95\/46\/EY (yleinen tietosuoja-asetus) (j\u00e4ljemp\u00e4n\u00e4 &#8221;GDPR&#8221;) kumoaminen.<\/p>\n<p>19 artiklan ja sit\u00e4 seuraavien artiklojen mukaisesti. lain nro 18\/2018 Coll. Henkil\u00f6tietojen suojasta sellaisena kuin se on muutettuna (j\u00e4ljemp\u00e4n\u00e4 &#8221;henkil\u00f6tietolaki&#8221;), annamme sinulle rekister\u00f6idylle seuraavat tiedot henkil\u00f6tietojesi k\u00e4sittelyst\u00e4.  <\/p>\n<p><strong>Rekisterinpit\u00e4j\u00e4:<\/strong><br \/> Rekisterinpit\u00e4j\u00e4 on <strong>Elite Digital Services<\/strong> -yritys, jonka rekister\u00f6ity kotipaikka on 1111B S Governors Ave, STE 21653, Dover, DE 19904, USA, edustajana: Norman Bytri\u010dan (j\u00e4ljemp\u00e4n\u00e4 &#8221;Controller&#8221;).<\/p>\n<p>Yhteystiedot:<\/p>\n<p><strong>  S\u00e4hk\u00f6posti: info@verteco.shop<br \/> Puhelin: +32 480 20 46 99<\/strong><\/p>\n<p><strong>P\u00e4\u00e4sy henkil\u00f6tietoihin:<\/strong><\/p>\n<p>Henkil\u00f6tietojen k\u00e4sittelyss\u00e4 Rekisterinpit\u00e4j\u00e4n ja Elite Digital Services, LLC:hen liittyvien yhti\u00f6iden ja niiden ty\u00f6ntekij\u00f6iden lis\u00e4ksi henkil\u00f6tietoihin voi olla p\u00e4\u00e4sy henkil\u00f6tietoja k\u00e4sittelij\u00f6in\u00e4 k\u00e4sittelevill\u00e4 henkil\u00f6ill\u00e4. Erityinen, jatkuvasti p\u00e4ivitett\u00e4v\u00e4 luettelo henkil\u00f6tietojen k\u00e4sittelij\u00f6ist\u00e4 eli rekisterinpit\u00e4j\u00e4n puolesta k\u00e4siteltyjen henkil\u00f6tietojen vastaanottajista seuraavissa luokissa: <\/p>\n<p>\u2022 Markkinointipalveluita tarjoavat yritykset<br \/> \u2022 Palkanlaskenta- ja kirjanpitopalveluja tarjoavat yritykset<br \/> \u2022 Sis\u00e4ist\u00e4 ja ulkoista tilintarkastusta tarjoavat yritykset<\/p>\n<p><strong><br \/>Oikeusperusta:<\/strong><\/p>\n<p>Henkil\u00f6tietojen k\u00e4sittelyn oikeusperustana on p\u00e4\u00e4s\u00e4\u00e4nt\u00f6isesti lakis\u00e4\u00e4teisen velvoitteen (erityisesti henkil\u00f6tietosuojalaki nro 18\/2018 lakikokoelma) t\u00e4ytt\u00e4minen, henkil\u00f6tietojen k\u00e4sittelyst\u00e4 johtuvien sopimusvelvoitteiden tekeminen, hallinnointi ja t\u00e4ytt\u00e4minen. ty\u00f6- ja kauppasopimukset, oikeutettu etu, joka on rekisterinpit\u00e4j\u00e4n ja h\u00e4nen ty\u00f6ntekij\u00f6idens\u00e4 oikeudellisesti suojattujen oikeuksien ja etujen suojaaminen sek\u00e4 rekister\u00f6idyn suostumus (p\u00e4\u00e4asiassa markkinointitarkoituksiin, kilpailuihin, sosiaalisiin tapahtumiin) , jne.). Suostumus henkil\u00f6tietojen k\u00e4sittelyyn on annettava vapaaehtoisesti, ja rekister\u00f6ity voi peruuttaa suostumuksen milloin tahansa. Rekisterinpit\u00e4j\u00e4n suostumus on kuitenkin tarpeen esimerkiksi yritystilaisuuksien ja vastaavien turvaamiseksi, ja ilman lupaa Rekisterinpit\u00e4j\u00e4ll\u00e4 ei ole oikeutta tarjota kyseisi\u00e4 palveluita. Jos rekister\u00f6ity kielt\u00e4ytyy antamasta Rekisterinpit\u00e4j\u00e4lle henkil\u00f6tietoja, joita tarvitaan rekisterinpit\u00e4j\u00e4n sopimusvelvoitteiden t\u00e4ytt\u00e4miseksi tai lain noudattamiseksi, rekisterinpit\u00e4j\u00e4 ei ole velvollinen tekem\u00e4\u00e4n sopimusta tai tarjoamaan muita palveluja.   <\/p>\n<p><strong><br \/>K\u00e4sitellyt henkil\u00f6tiedot:<\/strong><\/p>\n<p>Ker\u00e4\u00e4mme kauppiaiden asiakkaidemme nimet, s\u00e4hk\u00f6postiosoitteet, toimitus- ja laskutusosoitteet, maksutiedot, yrityksen nimen, puhelinnumeron, IP-osoitteen, tiedot tekemist\u00e4si tilauksista, tietoja Elite Digital Services -tuetuista kauppiaista, joissa k\u00e4yt, ja tietoja k\u00e4ytt\u00e4m\u00e4st\u00e4si laitteesta ja selaimesta. Ker\u00e4\u00e4mme n\u00e4m\u00e4 tiedot, kun k\u00e4yt\u00e4t tai k\u00e4yt\u00e4t palveluitamme k\u00e4ytt\u00e4v\u00e4\u00e4 kauppaa, esimerkiksi kun vierailet kauppiaan sivustolla, teet tilauksen tai rekister\u00f6idyt tilin kauppiaan sivustolle. Kun vierailet verteco.shop CSS-palvelusivustolla tai selaat sit\u00e4, ker\u00e4\u00e4mme tietoja k\u00e4ytt\u00e4m\u00e4st\u00e4si laitteesta ja selaimesta, verkkoyhteydest\u00e4si, IP-osoitteestasi ja tietoja laitteellesi asennetuista ev\u00e4steist\u00e4. Ker\u00e4\u00e4mme my\u00f6s henkil\u00f6kohtaisia \u200b\u200btietoja, jotka olet l\u00e4hett\u00e4nyt verkkosivustoltamme saatavien viestitoimintojen kautta. Ker\u00e4\u00e4mme foorumin k\u00e4ytt\u00e4jilt\u00e4 nimesi, s\u00e4hk\u00f6postiosoitteesi, verkkosivustosi URL-osoite ja muut henkil\u00f6kohtaiset tiedot, joita voit l\u00e4hett\u00e4\u00e4.    <\/p>\n<p><strong><br \/>K\u00e4sittelyn ja jakamisen tarkoitus:<\/strong><\/p>\n<p>K\u00e4yt\u00e4mme n\u00e4it\u00e4 tietoja tarjotaksemme kauppiaillemme palveluita, mukaan lukien tilausten tukeminen ja k\u00e4sittely, todennus ja maksut. K\u00e4yt\u00e4mme n\u00e4it\u00e4 tietoja my\u00f6s palveluidemme parantamiseen. Elite Digital Services, LLC toimii my\u00f6s kolmansien osapuolten ja palveluntarjoajien kanssa auttaakseen tarjoamaan kauppiaillemme palveluja, ja voimme jakaa henkil\u00f6tietoja heid\u00e4n kanssaan tukeaksemme n\u00e4it\u00e4 toimia. Saatamme jakaa tietojasi my\u00f6s seuraavissa tilanteissa:   <\/p>\n<ul>\n<li>est\u00e4\u00e4ksemme, tutkiaksemme tai ryhty\u00e4kseen toimenpiteisiin laittomien toimien, ep\u00e4iltyjen petosten, tilanteiden, joihin liittyy potentiaalisia uhkia kenen tahansa henkil\u00f6n fyysiselle turvallisuudelle, k\u00e4ytt\u00f6ehtojemme tai mink\u00e4 tahansa muun palveluihin liittyv\u00e4n sopimuksen rikkomisen tai muutoin edellytt\u00e4en laki.<\/li>\n<li>Jos kauppias, jonka kaupassa k\u00e4yt tai k\u00e4yt\u00e4t, ohjaa meit\u00e4 siirt\u00e4m\u00e4\u00e4n n\u00e4m\u00e4 tiedot (esimerkiksi jos he mahdollistavat kolmannen osapuolen sovelluksen, joka k\u00e4ytt\u00e4\u00e4 asiakkaan henkil\u00f6tietoja).<\/li>\n<li>noudattaa lakis\u00e4\u00e4teisi\u00e4 vaatimuksia tai vastata laillisiin oikeuden m\u00e4\u00e4r\u00e4yksiin, haasteisiin, m\u00e4\u00e4r\u00e4yksiin tai muihin viranomaisten pyynt\u00f6ihin (mukaan lukien kansallisen turvallisuuden tai lainvalvontavaatimusten t\u00e4ytt\u00e4minen).<\/li>\n<\/ul>\n<p>Henkil\u00f6tietoja voidaan jakaa my\u00f6s yrityksemme kanssa, joka ostaa yrityksemme tai sellaisen kauppiaan liiketoiminnan, jonka kaupassa vierailet tai k\u00e4yt\u00e4t, joko sulautumisen, yrityskaupan, konkurssin, purkamisen, uudelleenj\u00e4rjestelyn tai muun vastaavan liiketoimen tai menettelyn kautta.<\/p>\n<p><strong><br \/>Henkil\u00f6tietojen s\u00e4ilytys ja k\u00e4sittelyn kesto:<\/strong><\/p>\n<p>Rekisterinpit\u00e4j\u00e4ll\u00e4 on oikeus k\u00e4sitell\u00e4 rekister\u00f6ityjen henkil\u00f6tietoja asiaa koskevan lains\u00e4\u00e4d\u00e4nn\u00f6n mukaisesti m\u00e4\u00e4ritetyn ajan. Henkil\u00f6tietojen k\u00e4sittely suostumuksella on mahdollista vain sen ajan, jolle suostumus on annettu. Suostumus my\u00f6nnet\u00e4\u00e4n Rekisterinpit\u00e4j\u00e4lle seuraavaksi kolmeksi (3) vuodeksi tai siihen asti, kun suostumus peruutetaan. Asianomaisen ajanjakson umpeuduttua henkil\u00f6tiedot poistetaan, jos niiden s\u00e4ilytt\u00e4mist\u00e4 ei asiaa koskevassa lains\u00e4\u00e4d\u00e4nn\u00f6ss\u00e4 edellytet\u00e4.   <\/p>\n<p><strong><br \/>Rekister\u00f6idyn oikeudet henkil\u00f6tietojen k\u00e4sittelyyn liittyen:<\/strong><\/p>\n<p>Henkil\u00f6tietojen k\u00e4sittelyn osalta rekister\u00f6idyt voivat k\u00e4ytt\u00e4\u00e4 seuraavia oikeuksia:<\/p>\n<ul>\n<li>oikeus saada tietoja henkil\u00f6tiedoistaan \u200b\u200bja saada niit\u00e4 koskevia tietoja;<\/li>\n<li>oikeus henkil\u00f6tietojen oikaisemiseen;<\/li>\n<li>oikeus henkil\u00f6tietojen poistamiseen;<\/li>\n<li>oikeus henkil\u00f6tietojen k\u00e4sittelyn rajoittamiseen<\/li>\n<li>oikeus henkil\u00f6tietojen siirrett\u00e4vyyteen;<\/li>\n<li>oikeus vastustaa henkil\u00f6tietojen k\u00e4sittely\u00e4;<\/li>\n<li>oikeus automatisoidun yksil\u00f6llisen p\u00e4\u00e4t\u00f6ksenteon tehottomuuteen, mukaan lukien profilointi;<\/li>\n<li>oikeus peruuttaa suostumus milloin tahansa (jos suostumus on k\u00e4sittelyn laillinen perusta);<\/li>\n<li>oikeus tehd\u00e4 hakemus menettelyn aloittamiseksi 100 artiklan ja sit\u00e4 seuraavien artiklojen mukaisesti. henkil\u00f6tietolain mukaisesti valvontaviranomaisen kanssa. <\/li>\n<\/ul>\n<p>Rekister\u00f6idyt voivat k\u00e4ytt\u00e4\u00e4 edell\u00e4 mainittuja oikeuksia, jotka on tarkemmin m\u00e4\u00e4ritelty 21 artiklan ja sit\u00e4 seuraavien artiklojen m\u00e4\u00e4r\u00e4yksiss\u00e4. henkil\u00f6tietolain s\u00e4\u00e4nn\u00f6sten mukaisesti henkil\u00f6tietolain ja GDPR:n sek\u00e4 muun asiaankuuluvan lains\u00e4\u00e4d\u00e4nn\u00f6n mukaisesti. Rekister\u00f6idyt voivat k\u00e4ytt\u00e4\u00e4 oikeuksiaan Rekisterinpit\u00e4j\u00e4\u00e4 vastaan \u200b\u200bkirjallisella pyynn\u00f6ll\u00e4, joka l\u00e4hetet\u00e4\u00e4n tai toimitetaan rekisterinpit\u00e4j\u00e4n kotipaikkaan tai s\u00e4hk\u00f6postitse osoitteeseen: info@verteco.shop<br \/> Pyynn\u00f6n tulee sis\u00e4lt\u00e4\u00e4 seuraavat tiedot: etu- ja sukunimi, syntym\u00e4aika ja pysyv\u00e4 osoite, jotta Rekisterinpit\u00e4j\u00e4 pystyy tunnistamaan rekister\u00f6idyn. Rekisterinpit\u00e4j\u00e4 voi pyyt\u00e4\u00e4 rekister\u00f6idyn henkil\u00f6llisyyden tarkistamiseksi tarvittavien lis\u00e4tietojen toimittamista, jos h\u00e4nell\u00e4 on perusteltuja ep\u00e4ilyj\u00e4 luonnollisen henkil\u00f6n henkil\u00f6llisyydest\u00e4. Rekisterinpit\u00e4j\u00e4 on velvollinen antamaan rekister\u00f6idylle tiedot t\u00e4m\u00e4n pyynn\u00f6st\u00e4 toteutetuista toimenpiteist\u00e4 yhden (1) kuukauden kuluessa pyynn\u00f6n vastaanottamisesta. Rekisterinpit\u00e4j\u00e4 voi perustelluissa tapauksissa pyynt\u00f6jen monimutkaisuuteen ja m\u00e4\u00e4r\u00e4\u00e4n n\u00e4hden pident\u00e4\u00e4 edell\u00e4 mainittua ajanjaksoa kahdella (2) kuukaudella, jopa toistuvasti. Rekisterinpit\u00e4j\u00e4 on velvollinen ilmoittamaan rekister\u00f6idylle t\u00e4llaisesta pident\u00e4misest\u00e4 yhden (1) kuukauden kuluessa pyynn\u00f6n vastaanottamisesta ja ilmoittamaan syyt m\u00e4\u00e4r\u00e4ajan pident\u00e4miseen. Jos rekister\u00f6ity on j\u00e4tt\u00e4nyt pyynn\u00f6n s\u00e4hk\u00f6isess\u00e4 muodossa, Rekisterinpit\u00e4j\u00e4 toimittaa tiedot s\u00e4hk\u00f6isess\u00e4 muodossa, ellei rekister\u00f6ity ole muulla tavoin pyyt\u00e4nyt tietoja. Jos Rekisterinpit\u00e4j\u00e4 ei ryhdy toimenpiteisiin rekister\u00f6idyn pyynn\u00f6st\u00e4, h\u00e4nen on ilmoitettava rekister\u00f6idylle toimimatta j\u00e4tt\u00e4misen syist\u00e4 yhden (1) kuukauden kuluessa pyynn\u00f6n vastaanottamisesta sek\u00e4 mahdollisuudesta. tehd\u00e4 hakemus henkil\u00f6tietolain 100 \u00a7:n mukaisen menettelyn aloittamisesta henkil\u00f6tietosuojavirastolle. Ilmoitukset toteutetuista toimenpiteist\u00e4 on toimitettava maksutta. Jos rekister\u00f6idyn pyynt\u00f6 on ilmeisen perusteeton tai erityisesti toistuvan luonteensa vuoksi sopimaton, Rekisterinpit\u00e4j\u00e4 voi vaatia kohtuullisen maksun ottaen huomioon tietojen toimittamisesta aiheutuvat hallintokustannukset tai kohtuullisen maksun hallintokulut huomioon ottaen. ilmoituksesta tai kohtuullisen maksun, jossa otetaan huomioon pyydetyn toimenpiteen toteuttamisesta aiheutuvat hallinnolliset kustannukset, tai kielt\u00e4yty\u00e4 toimimasta pyynn\u00f6n perusteella. Rekisterinpit\u00e4j\u00e4 osoittaa, ett\u00e4 pyynt\u00f6 on perusteeton tai aiheeton.           <\/p>\n<p>Elite Digital Services, LLC ymm\u00e4rt\u00e4\u00e4, ett\u00e4 sinulla on oikeudet henkil\u00f6tietoihisi, ja ryhtyy kohtuullisiin toimiin salliakseen sinun p\u00e4\u00e4st\u00e4 k\u00e4siksi henkil\u00f6tietoihisi, korjata, muuttaa, poistaa, siirt\u00e4\u00e4 tai rajoittaa niiden k\u00e4ytt\u00f6\u00e4. Jos olet kauppias tai kumppani, voit p\u00e4ivitt\u00e4\u00e4 monenlaisia \u200b\u200bhenkil\u00f6kohtaisia \u200b\u200btietoja, kuten maksu- tai yhteystietoja, suoraan tilisi asetuksista. Jos et voi muuttaa henkil\u00f6kohtaisia \u200b\u200btietojasi tiliasetuksissasi tai jos olet huolissasi tiedoista, joita ker\u00e4t\u00e4\u00e4n vieraillessasi Elite Digital Services, LLC:n verkkosivustolla tai k\u00e4ytt\u00e4m\u00e4ll\u00e4 tukipalveluitamme, ota meihin yhteytt\u00e4 tehd\u00e4ksesi tarvittavat muutokset. On t\u00e4rke\u00e4\u00e4 muistaa, ett\u00e4 jos poistat henkil\u00f6tietosi tai rajoitat niiden k\u00e4ytt\u00f6\u00e4, palvelut eiv\u00e4t v\u00e4ltt\u00e4m\u00e4tt\u00e4 toimi kunnolla.   <\/p>\n\t\t\t\t\t\t\t\t<\/div>\n\t\t\t\t<\/div>\n\t\t\t\t\t<\/div>\n\t\t<\/div>\n\t\t\t\t\t<\/div>\n\t\t<\/section>\n\t\t\t\t<\/div>\n\t\t","protected":false},"excerpt":{"rendered":"<p>Tietosuojak\u00e4yt\u00e4nt\u00f6 19 artiklan ja sit\u00e4 seuraavien artiklojen mukaisesti. lain nro 18\/2018 Coll. henkil\u00f6tietojen suojasta ja tiettyjen lakien muuttamisesta ja t\u00e4ydent\u00e4misest\u00e4, sellaisina kuin ne ovat muutettuina henkil\u00f6iden suojaamisesta 27 p\u00e4iv\u00e4n\u00e4 huhtikuuta 2016 annetun Euroopan parlamentin ja neuvoston asetuksen (EU) 2016\/679 13 ja 14 artiklan mukaisesti. luonnollisten henkil\u00f6iden henkil\u00f6tietojen k\u00e4sittelyn ja t\u00e4llaisten tietojen vapaan liikkuvuuden osalta sek\u00e4 [&hellip;]<\/p>\n","protected":false},"author":1,"featured_media":0,"parent":0,"menu_order":0,"comment_status":"closed","ping_status":"closed","template":"","meta":{"footnotes":""},"class_list":["post-15316","page","type-page","status-publish","hentry"],"_links":{"self":[{"href":"https:\/\/verteco.shop\/fi\/wp-json\/wp\/v2\/pages\/15316","targetHints":{"allow":["GET"]}}],"collection":[{"href":"https:\/\/verteco.shop\/fi\/wp-json\/wp\/v2\/pages"}],"about":[{"href":"https:\/\/verteco.shop\/fi\/wp-json\/wp\/v2\/types\/page"}],"author":[{"embeddable":true,"href":"https:\/\/verteco.shop\/fi\/wp-json\/wp\/v2\/users\/1"}],"replies":[{"embeddable":true,"href":"https:\/\/verteco.shop\/fi\/wp-json\/wp\/v2\/comments?post=15316"}],"version-history":[{"count":0,"href":"https:\/\/verteco.shop\/fi\/wp-json\/wp\/v2\/pages\/15316\/revisions"}],"wp:attachment":[{"href":"https:\/\/verteco.shop\/fi\/wp-json\/wp\/v2\/media?parent=15316"}],"curies":[{"name":"wp","href":"https:\/\/api.w.org\/{rel}","templated":true}]}}