{"id":9999,"date":"2023-05-18T23:08:13","date_gmt":"2023-05-18T21:08:13","guid":{"rendered":"https:\/\/verteco.shop\/condiciones-de-servicio\/"},"modified":"2024-08-20T18:33:17","modified_gmt":"2024-08-20T16:33:17","slug":"condiciones-de-servicio","status":"publish","type":"page","link":"https:\/\/verteco.shop\/es\/condiciones-de-servicio\/","title":{"rendered":"Condiciones de servicio"},"content":{"rendered":"\t\t<div data-elementor-type=\"wp-page\" data-elementor-id=\"9999\" class=\"elementor elementor-9999 elementor-7045\" data-elementor-post-type=\"page\">\n\t\t\t\t\t\t<section class=\"elementor-section elementor-top-section elementor-element elementor-element-2140112 elementor-section-boxed elementor-section-height-default elementor-section-height-default\" data-id=\"2140112\" data-element_type=\"section\" data-e-type=\"section\">\n\t\t\t\t\t\t<div class=\"elementor-container elementor-column-gap-default\">\n\t\t\t\t\t<div class=\"elementor-column elementor-col-100 elementor-top-column elementor-element elementor-element-c52fb5b\" data-id=\"c52fb5b\" data-element_type=\"column\" data-e-type=\"column\">\n\t\t\t<div class=\"elementor-widget-wrap elementor-element-populated\">\n\t\t\t\t\t\t<div class=\"elementor-element elementor-element-e3899a0 elementor-widget elementor-widget-heading\" data-id=\"e3899a0\" data-element_type=\"widget\" data-e-type=\"widget\" data-widget_type=\"heading.default\">\n\t\t\t\t<div class=\"elementor-widget-container\">\n\t\t\t\t\t<h2 class=\"elementor-heading-title elementor-size-default\">Condiciones de servicio<\/h2>\t\t\t\t<\/div>\n\t\t\t\t<\/div>\n\t\t\t\t\t<\/div>\n\t\t<\/div>\n\t\t\t\t\t<\/div>\n\t\t<\/section>\n\t\t\t\t<section class=\"elementor-section elementor-top-section elementor-element elementor-element-2f6b0dc3 elementor-section-boxed elementor-section-height-default elementor-section-height-default\" data-id=\"2f6b0dc3\" data-element_type=\"section\" data-e-type=\"section\">\n\t\t\t\t\t\t<div class=\"elementor-container elementor-column-gap-default\">\n\t\t\t\t\t<div class=\"elementor-column elementor-col-100 elementor-top-column elementor-element elementor-element-6f586bdd\" data-id=\"6f586bdd\" data-element_type=\"column\" data-e-type=\"column\">\n\t\t\t<div class=\"elementor-widget-wrap elementor-element-populated\">\n\t\t\t\t\t\t<div class=\"elementor-element elementor-element-73b178c0 elementor-widget elementor-widget-text-editor\" data-id=\"73b178c0\" data-element_type=\"widget\" data-e-type=\"widget\" data-widget_type=\"text-editor.default\">\n\t\t\t\t<div class=\"elementor-widget-container\">\n\t\t\t\t\t\t\t\t\t<p style=\"text-align: start;\">Estos T\u00e9rminos de servicio (\u201cT\u00e9rminos\u201d) son emitidos por Elite Digital Services, LLC, una compa\u00f1\u00eda de responsabilidad limitada de Delaware, con domicilio social en 1111B S Governors Ave, STE 21653, Dover, DE 19904, EE. UU. (en adelante denominada \u201cVerteco\u201d, \u201cnosotros\u201d, \u201cnos\u201d o \u201cnuestro\u201d). Estos T\u00e9rminos rigen su acceso y uso de nuestros servicios, incluidos, entre otros, el programa de servicio de comparaci\u00f3n de compras (CSS) Verteco.shop, nuestro sitio web, herramientas y cualquier otra funci\u00f3n proporcionada por nosotros (en conjunto, denominados los \u201cServicios\u201d). <\/p>\n<p style=\"text-align: start;\">Al acceder o utilizar nuestros Servicios, usted (\u00abusted\u00bb, \u00absu\u00bb o \u00abCliente\u00bb) reconoce que ha le\u00eddo, comprendido y acepta estar legalmente obligado por estos T\u00e9rminos. Si no acepta estos T\u00e9rminos, no debe utilizar nuestros Servicios. <\/p>\n<p style=\"text-align: start;\">Verteco.shop ofrece un servicio de comparaci\u00f3n de precios (CSS) especializado, dise\u00f1ado para optimizar la eficacia de los anuncios de Google Shopping. Aprovechando un marco legal, nuestro CSS permite a los anunciantes lograr una reducci\u00f3n potencial de hasta un 20 % en los costos de publicidad al realizar la transici\u00f3n del CSS predeterminado de Google a nuestra plataforma. Esta transici\u00f3n facilita una publicidad m\u00e1s rentable a trav\u00e9s de tasas de costo por clic (CPC) mejoradas. Ofrecemos una prueba sencilla y sin riesgos que mantiene la configuraci\u00f3n de su campa\u00f1a existente, lo que garantiza tanto la seguridad de los datos como la facilidad para continuar con el \u00e9xito de la publicidad.   <\/p>\n<p style=\"text-align: start;\">\n<ol style=\"text-align: left;\">\n<li><strong>Aceptaci\u00f3n de las condiciones<\/strong><\/li>\n<\/ol>\n<p style=\"text-align: left;\">Al acceder o utilizar nuestros Servicios, usted reconoce que ha le\u00eddo, comprendido y acepta estar legalmente obligado por estos T\u00e9rminos y nuestra Pol\u00edtica de privacidad. Si no est\u00e1 de acuerdo con alguna parte de estos T\u00e9rminos, debe abstenerse de acceder o utilizar nuestros Servicios. <\/p>\n<ol style=\"text-align: left;\" start=\"2\">\n<li><strong>Admisibilidad<\/strong><\/li>\n<\/ol>\n<p style=\"text-align: left;\">Debe tener al menos 18 a\u00f1os de edad para acceder o utilizar nuestros Servicios. Al acceder o utilizar nuestros Servicios, declara y garantiza que tiene al menos 18 a\u00f1os de edad y que est\u00e1 utilizando nuestros Servicios \u00fanicamente con fines empresariales, comerciales o profesionales. Nuestros Servicios est\u00e1n destinados exclusivamente a personas o entidades que realizan actividades comerciales. Si no cumple con estos requisitos, no podr\u00e1 utilizar nuestros Servicios.   <\/p>\n<ol style=\"text-align: left;\" start=\"3\">\n<li><strong>Registro de cuentas<\/strong><\/li>\n<\/ol>\n<p>Para acceder a determinadas funciones de nuestros Servicios, es posible que deba crear una cuenta. Usted es el \u00fanico responsable de mantener la confidencialidad de las credenciales de su cuenta, incluido su nombre de usuario y contrase\u00f1a, y de todas las actividades que se realicen en su cuenta. Usted acepta notificarnos de inmediato sobre cualquier acceso o uso no autorizado de su cuenta, o cualquier otra violaci\u00f3n de la seguridad. No somos responsables de ninguna p\u00e9rdida o da\u00f1o que surja de su incumplimiento de esta obligaci\u00f3n de seguridad.  <\/p>\n<ol style=\"text-align: left;\" start=\"4\">\n<li><strong>Prueba gratuita<\/strong><\/li>\n<\/ol>\n<p>Ofrecemos una prueba gratuita de 30 d\u00edas para nuestro programa CSS, durante la cual no se requiere tarjeta de cr\u00e9dito ni informaci\u00f3n de pago. Al finalizar el per\u00edodo de prueba, para continuar con el acceso a nuestros Servicios, deber\u00e1 seleccionar un plan de precios y proporcionar informaci\u00f3n de pago v\u00e1lida. Si no lo hace, se suspender\u00e1 su acceso a los Servicios. Si contin\u00faa utilizando nuestros Servicios despu\u00e9s del vencimiento del per\u00edodo de prueba gratuito, acepta seleccionar y suscribirse a un plan de servicio pago, y reconoce que est\u00e1 obligado a cumplir con los t\u00e9rminos de pago asociados con el plan elegido.   <\/p>\n<ol style=\"text-align: left;\" start=\"5\">\n<li><strong>Precios y pagos<\/strong><\/li>\n<\/ol>\n<p>Nuestros planes de precios est\u00e1n disponibles en nuestro sitio web y ofrecen varias opciones adaptadas a diferentes necesidades. Los pagos se realizan de forma mensual o anual, seg\u00fan el plan que seleccione. De acuerdo con las comunicaciones individuales y sujeto a nuestra discreci\u00f3n, nos reservamos el derecho de extender ofertas de descuentos, bonificaciones u otros incentivos promocionales. Dichas ofertas pueden proporcionarse caso por caso y no constituyen una obligaci\u00f3n de nuestra parte de extender t\u00e9rminos similares a ning\u00fan otro cliente o en cualquier otro momento. Estos descuentos y bonificaciones se proporcionan \u00fanicamente a nuestra discreci\u00f3n y pueden estar sujetos a t\u00e9rminos y condiciones adicionales seg\u00fan se especifique en el momento de la oferta. Todas las tarifas no son reembolsables, excepto cuando lo exija la ley aplicable.     <\/p>\n<p>Para evitar dudas, si bien Elite Digital Services, LLC es la entidad principal responsable de la prestaci\u00f3n de los Servicios en virtud de estos T\u00e9rminos, nuestros afiliados o subsidiarias, tanto dentro como fuera de los Estados Unidos, pueden facturar determinados Servicios seg\u00fan se considere necesario para la eficiencia operativa. A pesar de dichos acuerdos de facturaci\u00f3n, Elite Digital Services, LLC sigue siendo la entidad principal con respecto a la ejecuci\u00f3n general de los Servicios y el cumplimiento de estos T\u00e9rminos. <\/p>\n<p>Al aceptar estos T\u00e9rminos, usted acepta la posibilidad de que las facturas puedan ser emitidas por entidades distintas a Elite Digital Services, LLC, sin afectar sus obligaciones bajo estos T\u00e9rminos. Todas las entidades de facturaci\u00f3n estar\u00e1n autorizadas por Elite Digital Services, LLC y actuar\u00e1n en su nombre en relaci\u00f3n con los Servicios prestados. <\/p>\n<ol style=\"text-align: left;\" start=\"6\">\n<li><strong>Cambios en los servicios y las condiciones<\/strong><\/li>\n<\/ol>\n<p>Nos reservamos el derecho de modificar nuestros Servicios o estos T\u00e9rminos en cualquier momento, a nuestra entera discreci\u00f3n. En caso de que se produzcan cambios sustanciales en estos T\u00e9rminos, se lo notificaremos mediante la publicaci\u00f3n de los T\u00e9rminos actualizados en nuestro sitio web o por otros medios de comunicaci\u00f3n adecuados. El uso continuo de nuestros Servicios despu\u00e9s de la notificaci\u00f3n de dichos cambios constituye su aceptaci\u00f3n de los T\u00e9rminos revisados. Si no est\u00e1 de acuerdo con los T\u00e9rminos modificados, debe interrumpir el uso de los Servicios de inmediato.   <\/p>\n<ol style=\"text-align: left;\" start=\"7\">\n<li><strong>Terminaci\u00f3n<\/strong><\/li>\n<\/ol>\n<p>Cualquiera de las partes podr\u00e1 rescindir este Acuerdo en cualquier momento y por cualquier motivo, mediante notificaci\u00f3n por escrito a la otra parte. En caso de rescisi\u00f3n, deber\u00e1 interrumpir de inmediato el uso de nuestros Servicios y deshabilitaremos de inmediato su acceso a nuestra plataforma. La rescisi\u00f3n de este Acuerdo no exime a ninguna de las partes de las obligaciones o responsabilidades que se hayan acumulado antes de la fecha de rescisi\u00f3n.  <\/p>\n<ol style=\"text-align: left;\" start=\"8\">\n<li><strong>Propiedad intelectual<\/strong><\/li>\n<\/ol>\n<p>Todo el contenido, las marcas comerciales y dem\u00e1s propiedad intelectual asociada con nuestros Servicios son propiedad exclusiva de Verteco Digital Services o sus licenciantes. Se le proh\u00edbe utilizar, modificar, reproducir, distribuir o explotar de cualquier otra forma nuestra propiedad intelectual sin obtener nuestro consentimiento previo por escrito. El uso no autorizado de nuestra propiedad intelectual puede dar lugar a acciones legales.  <\/p>\n<ol style=\"text-align: left;\" start=\"9\">\n<li><strong>Renuncias y limitaci\u00f3n de responsabilidad<\/strong><\/li>\n<\/ol>\n<p>Al utilizar nuestros Servicios, usted reconoce y acepta que no tenemos acceso a sus cuentas de Google Ads o Google Merchant Center. Como tal, usted es el \u00fanico responsable de sus acciones, decisiones y cualquier error u omisi\u00f3n dentro de estas cuentas. Esto incluye cualquier da\u00f1o potencial, como p\u00e9rdida de ganancias, datos o fondo de comercio. Si bien estamos comprometidos a brindar servicios de alta calidad, usted comprende que no podemos ser considerados responsables de los problemas que surjan de sus acciones o cualquier circunstancia fuera de nuestro control. Se espera que administre sus cuentas de manera competente, sabiendo que no intervendremos ni accederemos a ellas en su nombre.    <\/p>\n<ol style=\"text-align: left;\" start=\"10\">\n<li><strong>Ley aplicable y jurisdicci\u00f3n<\/strong><\/li>\n<\/ol>\n<p>Estos T\u00e9rminos se rigen por las leyes aplicables y nos comprometemos a cumplirlas. Cualquier disputa que surja de o est\u00e9 relacionada con estos T\u00e9rminos o con su uso de nuestros Servicios se resolver\u00e1 exclusivamente en los tribunales ubicados dentro de la jurisdicci\u00f3n del lugar principal de negocios del proveedor de servicios. Al utilizar nuestros Servicios, usted acepta someterse a la jurisdicci\u00f3n de estos tribunales para la resoluci\u00f3n de dichas disputas.  <\/p>\n<ol style=\"text-align: left;\" start=\"11\">\n<li><strong>Divisibilidad<\/strong><\/li>\n<\/ol>\n<p>Si alguna parte de estos T\u00e9rminos resulta inaplicable o inv\u00e1lida, esa parte espec\u00edfica se ajustar\u00e1 o eliminar\u00e1 lo menos posible, de modo que el resto de los T\u00e9rminos contin\u00faen siendo completamente efectivos y aplicables.<\/p>\n<ol style=\"text-align: left;\" start=\"12\">\n<li><strong>Acuerdo completo<\/strong><\/li>\n<\/ol>\n<p style=\"text-align: left;\">Estas Condiciones, junto con nuestra Pol\u00edtica de Privacidad, constituyen el acuerdo completo entre usted y Verteco en relaci\u00f3n con su uso de nuestros Servicios, y sustituyen a cualquier acuerdo, comunicaci\u00f3n y propuesta anterior o contempor\u00e1nea, ya sea oral o escrita, entre usted y Verteco.<\/p>\n<p style=\"text-align: left;\">Si tiene alguna pregunta o duda sobre estas Condiciones o nuestros Servicios, p\u00f3ngase en contacto con nosotros en la direcci\u00f3n de correo electr\u00f3nico: <a href=\"mailto:info@verteco.shop\">info@verteco.shop<\/a>.<\/p>\n<p style=\"text-align: left;\">\u00a9 Servicios digitales Elite, LLC<\/p>\n<p style=\"text-align: left;\">  Reservados todos los derechos.<\/p>\n<p>Versi\u00f3n: 20. 08. 2024  <\/p>\n\t\t\t\t\t\t\t\t<\/div>\n\t\t\t\t<\/div>\n\t\t\t\t\t<\/div>\n\t\t<\/div>\n\t\t\t\t\t<\/div>\n\t\t<\/section>\n\t\t\t\t<\/div>\n\t\t","protected":false},"excerpt":{"rendered":"<p>Condiciones de servicio Estos T\u00e9rminos de servicio (\u201cT\u00e9rminos\u201d) son emitidos por Elite Digital Services, LLC, una compa\u00f1\u00eda de responsabilidad limitada de Delaware, con domicilio social en 1111B S Governors Ave, STE 21653, Dover, DE 19904, EE. UU. (en adelante denominada \u201cVerteco\u201d, \u201cnosotros\u201d, \u201cnos\u201d o \u201cnuestro\u201d). Estos T\u00e9rminos rigen su acceso y uso de nuestros servicios, [&hellip;]<\/p>\n","protected":false},"author":1,"featured_media":0,"parent":0,"menu_order":0,"comment_status":"closed","ping_status":"closed","template":"","meta":{"footnotes":""},"class_list":["post-9999","page","type-page","status-publish","hentry"],"_links":{"self":[{"href":"https:\/\/verteco.shop\/es\/wp-json\/wp\/v2\/pages\/9999","targetHints":{"allow":["GET"]}}],"collection":[{"href":"https:\/\/verteco.shop\/es\/wp-json\/wp\/v2\/pages"}],"about":[{"href":"https:\/\/verteco.shop\/es\/wp-json\/wp\/v2\/types\/page"}],"author":[{"embeddable":true,"href":"https:\/\/verteco.shop\/es\/wp-json\/wp\/v2\/users\/1"}],"replies":[{"embeddable":true,"href":"https:\/\/verteco.shop\/es\/wp-json\/wp\/v2\/comments?post=9999"}],"version-history":[{"count":0,"href":"https:\/\/verteco.shop\/es\/wp-json\/wp\/v2\/pages\/9999\/revisions"}],"wp:attachment":[{"href":"https:\/\/verteco.shop\/es\/wp-json\/wp\/v2\/media?parent=9999"}],"curies":[{"name":"wp","href":"https:\/\/api.w.org\/{rel}","templated":true}]}}