{"id":15307,"date":"2023-05-18T23:08:19","date_gmt":"2023-05-18T21:08:19","guid":{"rendered":"https:\/\/verteco.shop\/politica-de-privacidad"},"modified":"2024-08-20T18:55:33","modified_gmt":"2024-08-20T16:55:33","slug":"politica-de-privacidad","status":"publish","type":"page","link":"https:\/\/verteco.shop\/es\/politica-de-privacidad\/","title":{"rendered":"Pol\u00edtica de privacidad"},"content":{"rendered":"\t\t<div data-elementor-type=\"wp-page\" data-elementor-id=\"15307\" class=\"elementor elementor-15307 elementor-7044\" data-elementor-post-type=\"page\">\n\t\t\t\t\t\t<section class=\"elementor-section elementor-top-section elementor-element elementor-element-20c115e2 elementor-section-boxed elementor-section-height-default elementor-section-height-default\" data-id=\"20c115e2\" data-element_type=\"section\" data-e-type=\"section\">\n\t\t\t\t\t\t<div class=\"elementor-container elementor-column-gap-default\">\n\t\t\t\t\t<div class=\"elementor-column elementor-col-100 elementor-top-column elementor-element elementor-element-7140ffb9\" data-id=\"7140ffb9\" data-element_type=\"column\" data-e-type=\"column\">\n\t\t\t<div class=\"elementor-widget-wrap elementor-element-populated\">\n\t\t\t\t\t\t<div class=\"elementor-element elementor-element-d8fbd51 elementor-widget elementor-widget-heading\" data-id=\"d8fbd51\" data-element_type=\"widget\" data-e-type=\"widget\" data-widget_type=\"heading.default\">\n\t\t\t\t<div class=\"elementor-widget-container\">\n\t\t\t\t\t<h2 class=\"elementor-heading-title elementor-size-default\">Pol\u00edtica de privacidad<\/h2>\t\t\t\t<\/div>\n\t\t\t\t<\/div>\n\t\t\t\t\t<\/div>\n\t\t<\/div>\n\t\t\t\t\t<\/div>\n\t\t<\/section>\n\t\t\t\t<section class=\"elementor-section elementor-top-section elementor-element elementor-element-47743373 elementor-section-boxed elementor-section-height-default elementor-section-height-default\" data-id=\"47743373\" data-element_type=\"section\" data-e-type=\"section\">\n\t\t\t\t\t\t<div class=\"elementor-container elementor-column-gap-default\">\n\t\t\t\t\t<div class=\"elementor-column elementor-col-100 elementor-top-column elementor-element elementor-element-54aab426\" data-id=\"54aab426\" data-element_type=\"column\" data-e-type=\"column\">\n\t\t\t<div class=\"elementor-widget-wrap elementor-element-populated\">\n\t\t\t\t\t\t<div class=\"elementor-element elementor-element-369420f6 elementor-widget elementor-widget-text-editor\" data-id=\"369420f6\" data-element_type=\"widget\" data-e-type=\"widget\" data-widget_type=\"text-editor.default\">\n\t\t\t\t<div class=\"elementor-widget-container\">\n\t\t\t\t\t\t\t\t\t<p>en el sentido de los art\u00edculos 19 y siguientes. de la Ley n\u00fam. 18\/2018 Coll.  sobre Protecci\u00f3n de Datos Personales y sobre Modificaciones y Suplementos de Determinadas Leyes, en su versi\u00f3n modificada, de conformidad con los art\u00edculos 13 y 14 del Reglamento (UE) 2016\/679 del Parlamento Europeo y del Consejo, de 27 de abril de 2016, sobre la protecci\u00f3n de personas f\u00edsicas en lo que respecta al tratamiento de datos personales y a la libre circulaci\u00f3n de dichos datos, y por la que se deroga la Directiva 95\/46\/CE (Reglamento general de protecci\u00f3n de datos) (en adelante, \u00abGDPR\u00bb).<\/p>\n<p>De conformidad con lo dispuesto en los art\u00edculos 19 y siguientes. de la Ley n\u00fam. 18\/2018 Coll. sobre Protecci\u00f3n de Datos Personales modificada (en adelante, la \u00abLey de Protecci\u00f3n de Datos Personales\u00bb), por la presente le proporcionamos a usted, como interesado, la siguiente informaci\u00f3n sobre el procesamiento de sus datos personales.  <\/p>\n<p><strong>Responsable del tratamiento de datos:<\/strong><br \/> El responsable del tratamiento es la empresa <strong>Elite Digital Services<\/strong> , con domicilio social en 1111B S Governors Ave, STE 21653, Dover, DE 19904, EE.UU. representada por: Norman Bytri\u010dan (en adelante, el \u00abResponsable del tratamiento\u00bb).<\/p>\n<p>Detalles de contacto:<\/p>\n<p><strong>  Correo electr\u00f3nico: info@verteco.shop<br \/> Tel\u00e9fono: +32 480 20 46 99<\/strong><\/p>\n<p><strong>Acceso a datos personales:<\/strong><\/p>\n<p>En el marco del tratamiento de datos personales, adem\u00e1s del Responsable y las empresas relacionadas con Elite Digital Services, LLC, y sus empleados, pueden tener acceso a los datos personales otras personas que traten datos personales en calidad de encargados del tratamiento. Se incluye una lista espec\u00edfica y actualizada de encargados del tratamiento, es decir, destinatarios de los datos personales tratados por cuenta del Responsable, en las siguientes categor\u00edas: <\/p>\n<p>\u2022 Empresas prestadoras de servicios de marketing<br \/> \u2022 Empresas prestadoras de servicios de n\u00f3mina y contabilidad.<br \/> \u2022 Empresas prestadoras de servicios de auditor\u00eda interna y externa.<\/p>\n<p><strong><br \/>Base legal:<\/strong><\/p>\n<p>La base jur\u00eddica para el procesamiento de datos personales es, por regla general, el cumplimiento de la obligaci\u00f3n legal (en particular la Ley n.\u00ba 18\/2018 sobre protecci\u00f3n de datos personales), la celebraci\u00f3n, administraci\u00f3n y cumplimiento de las obligaciones contractuales que surgen de contratos laborales y comerciales, el inter\u00e9s leg\u00edtimo, que es la protecci\u00f3n de los derechos e intereses del Responsable y de sus empleados protegidos por derecho, as\u00ed como el consentimiento del interesado (principalmente para fines de marketing, concursos, eventos sociales , etc.). El consentimiento para el tratamiento de datos personales debe otorgarse de forma voluntaria, pudiendo el interesado retirar el consentimiento en cualquier momento. Sin embargo, el consentimiento es necesario para que el Responsable garantice, por ejemplo, eventos corporativos y similares, y sin dicho consentimiento, el Responsable no tiene derecho a proporcionar los servicios en cuesti\u00f3n. Si el interesado se niega a proporcionar al Responsable los datos personales necesarios para cumplir con las obligaciones contractuales del Responsable o cumplir con la ley, el Responsable no est\u00e1 obligado a celebrar un contrato ni a prestar ning\u00fan otro servicio.   <\/p>\n<p><strong><br \/>Datos personales tratados:<\/strong><\/p>\n<p>Recopilamos el nombre, el correo electr\u00f3nico, la direcci\u00f3n de env\u00edo y facturaci\u00f3n, los detalles de pago, el nombre de la empresa, el n\u00famero de tel\u00e9fono, la direcci\u00f3n IP, la informaci\u00f3n sobre los pedidos que usted inicia, la informaci\u00f3n sobre las tiendas comerciales compatibles con Elite Digital Services que visita e informaci\u00f3n sobre el dispositivo y el navegador que utiliza. Recopilamos esta informaci\u00f3n cuando utiliza o accede a una tienda que utiliza nuestros servicios, como cuando visita el sitio de un comerciante, realiza un pedido o se registra para obtener una cuenta en el sitio de un comerciante. Cuando visita o navega por el sitio web de servicios CSS de verteco.shop, recopilamos informaci\u00f3n sobre el dispositivo y el navegador que utiliza, su conexi\u00f3n de red, su direcci\u00f3n IP e informaci\u00f3n sobre las cookies instaladas en su dispositivo. Tambi\u00e9n recopilamos informaci\u00f3n personal que usted env\u00eda a trav\u00e9s de cualquier funci\u00f3n de mensajer\u00eda disponible en nuestro sitio web. De los usuarios del foro, recopilamos su nombre, direcci\u00f3n de correo electr\u00f3nico, URL del sitio web y otra informaci\u00f3n personal que pueda publicar.    <\/p>\n<p><strong><br \/>Finalidad del procesamiento y el intercambio:<\/strong><\/p>\n<p>Utilizamos esta informaci\u00f3n para proporcionar a nuestros comerciantes los servicios, incluidos el soporte y procesamiento de pedidos, la autenticaci\u00f3n y los pagos. Tambi\u00e9n utilizamos esta informaci\u00f3n para mejorar nuestros servicios. Elite Digital Services, LLC, tambi\u00e9n trabaja con terceros y proveedores de servicios para ayudar a proporcionar a nuestros comerciantes los servicios y podemos compartir informaci\u00f3n personal con ellos para respaldar estos esfuerzos. Tambi\u00e9n podemos compartir su informaci\u00f3n en las siguientes circunstancias:   <\/p>\n<ul>\n<li>para prevenir, investigar o tomar medidas con respecto a actividades ilegales, sospecha de fraude, situaciones que involucren amenazas potenciales a la seguridad f\u00edsica de cualquier persona, violaciones de nuestros T\u00e9rminos de uso o cualquier otro acuerdo relacionado con los servicios, o seg\u00fan lo requiera ley.<\/li>\n<li>Si el comerciante cuya tienda visita o accede nos indica que transfiramos esta informaci\u00f3n (por ejemplo, si habilita una aplicaci\u00f3n de terceros que accede a la informaci\u00f3n personal del cliente).<\/li>\n<li>para cumplir con requisitos legales o para responder a \u00f3rdenes judiciales, citaciones, \u00f3rdenes judiciales u otras solicitudes legales de autoridades p\u00fablicas (incluso para cumplir con requisitos de seguridad nacional o de aplicaci\u00f3n de la ley).<\/li>\n<\/ul>\n<p>La informaci\u00f3n personal tambi\u00e9n puede compartirse con una empresa que adquiere nuestro negocio o el negocio de un comerciante cuya tienda visita o accede, ya sea mediante fusi\u00f3n, adquisici\u00f3n, quiebra, disoluci\u00f3n, reorganizaci\u00f3n u otra transacci\u00f3n o procedimiento similar.<\/p>\n<p><strong><br \/>Almacenamiento de datos personales y duraci\u00f3n del procesamiento:<\/strong><\/p>\n<p>El Responsable del tratamiento est\u00e1 autorizado a tratar los datos personales de los interesados durante un per\u00edodo de tiempo determinado de conformidad con la legislaci\u00f3n aplicable. El tratamiento de los datos personales con el consentimiento otorgado solo ser\u00e1 posible durante el per\u00edodo para el que se haya otorgado el consentimiento. El consentimiento otorgado al Responsable del tratamiento se concede durante los tres (3) a\u00f1os siguientes o hasta el momento de la revocaci\u00f3n del consentimiento. Una vez transcurrido el per\u00edodo pertinente, los datos personales se borrar\u00e1n si su conservaci\u00f3n no es necesaria seg\u00fan la legislaci\u00f3n aplicable.   <\/p>\n<p><strong><br \/>Derechos de los interesados \u200b\u200brelacionados con el tratamiento de datos personales:<\/strong><\/p>\n<p>En lo que respecta al tratamiento de datos personales, los interesados \u200b\u200bpodr\u00e1n ejercitar los siguientes derechos:<\/p>\n<ul>\n<li>el derecho a acceder y recibir informaci\u00f3n sobre sus datos personales;<\/li>\n<li>el derecho a la rectificaci\u00f3n de datos personales;<\/li>\n<li>el derecho a la supresi\u00f3n de datos personales;<\/li>\n<li>el derecho a la limitaci\u00f3n del tratamiento de datos personales<\/li>\n<li>el derecho a la portabilidad de los datos personales;<\/li>\n<li>el derecho a oponerse al procesamiento de datos personales;<\/li>\n<li>el derecho a la ineficacia de la toma de decisiones individuales automatizada, incluida la elaboraci\u00f3n de perfiles;<\/li>\n<li>el derecho a retirar el consentimiento en cualquier momento (si el consentimiento es la base legal del procesamiento);<\/li>\n<li>el derecho a presentar una solicitud para iniciar un procedimiento en virtud del art\u00edculo 100 y siguientes de la Ley de Protecci\u00f3n de Datos Personales ante la autoridad de control. <\/li>\n<\/ul>\n<p>Los interesados podr\u00e1n ejercer los derechos antes mencionados, que se detallan en las disposiciones del art\u00edculo 21 y siguientes de la Ley de Protecci\u00f3n de Datos Personales, de conformidad con la Ley de Protecci\u00f3n de Datos Personales y el RGPD, as\u00ed como con otras leyes aplicables. Los interesados podr\u00e1n ejercer sus derechos frente al Responsable mediante una solicitud escrita enviada o entregada en el domicilio social del Responsable o mediante correo electr\u00f3nico enviado a la direcci\u00f3n: info@verteco.shop<br \/> La solicitud deber\u00e1 contener la siguiente informaci\u00f3n: nombre, apellido, fecha de nacimiento y direcci\u00f3n permanente para que el Responsable pueda identificar al titular de los datos. El Responsable podr\u00e1 solicitar que se facilite informaci\u00f3n adicional necesaria para verificar la identidad del titular de los datos si tiene dudas razonables sobre la identidad de la persona f\u00edsica. El Responsable est\u00e1 obligado a facilitar al titular de los datos informaci\u00f3n sobre las medidas adoptadas a petici\u00f3n suya en el plazo de un (1) mes desde la recepci\u00f3n de la solicitud. En casos justificados, en atenci\u00f3n a la complejidad y al n\u00famero de solicitudes, el Responsable podr\u00e1 prorrogar el plazo anterior por otros dos (2) meses, incluso de forma reiterada. El Responsable estar\u00e1 obligado a informar al titular de dicha pr\u00f3rroga en el plazo de un (1) mes desde la recepci\u00f3n de la solicitud, indicando los motivos de la ampliaci\u00f3n del plazo. Si el titular de los datos ha presentado la solicitud en formato electr\u00f3nico, el Responsable facilitar\u00e1 la informaci\u00f3n en formato electr\u00f3nico, salvo que el titular de los datos haya solicitado informaci\u00f3n de cualquier otra forma. Si el responsable no adopta medidas a petici\u00f3n del interesado, deber\u00e1 informar al interesado de los motivos de la falta de actuaci\u00f3n en el plazo de un (1) mes a partir de la recepci\u00f3n de la solicitud, as\u00ed como de la posibilidad de presentar una solicitud para iniciar un procedimiento de conformidad con el art\u00edculo 100 de la Ley de Protecci\u00f3n de Datos Personales ante la Oficina de Protecci\u00f3n de Datos Personales. Las notificaciones de las medidas adoptadas se proporcionar\u00e1n de forma gratuita. Si la solicitud del interesado es manifiestamente infundada o inadecuada, en particular por su car\u00e1cter recurrente, el responsable podr\u00e1 exigir una tasa razonable teniendo en cuenta los costes administrativos de facilitar la informaci\u00f3n, o una tasa razonable teniendo en cuenta los costes administrativos de la notificaci\u00f3n, o una tasa razonable teniendo en cuenta los costes administrativos de la ejecuci\u00f3n de la medida solicitada, o negarse a actuar respecto de la solicitud. El responsable deber\u00e1 demostrar que la solicitud es infundada o inadecuada.           <\/p>\n<p>Elite Digital Services, LLC, entiende que usted tiene derechos sobre su informaci\u00f3n personal y toma las medidas razonables para permitirle acceder, corregir, modificar, eliminar, transferir o limitar el uso de su informaci\u00f3n personal. Si usted es un comerciante o un socio, puede actualizar muchos tipos de informaci\u00f3n personal, como informaci\u00f3n de pago o de contacto, directamente dentro de la configuraci\u00f3n de su cuenta. Si no puede cambiar su informaci\u00f3n personal dentro de la configuraci\u00f3n de su cuenta, o si le preocupan los datos recopilados mientras visita el sitio web de Elite Digital Services, LLC o utiliza nuestros servicios de soporte, comun\u00edquese con nosotros para realizar los cambios necesarios. Es importante recordar que si elimina o limita el uso de su informaci\u00f3n personal, es posible que los servicios no funcionen correctamente.   <\/p>\n\t\t\t\t\t\t\t\t<\/div>\n\t\t\t\t<\/div>\n\t\t\t\t\t<\/div>\n\t\t<\/div>\n\t\t\t\t\t<\/div>\n\t\t<\/section>\n\t\t\t\t<\/div>\n\t\t","protected":false},"excerpt":{"rendered":"<p>Pol\u00edtica de privacidad en el sentido de los art\u00edculos 19 y siguientes. de la Ley n\u00fam. 18\/2018 Coll. sobre Protecci\u00f3n de Datos Personales y sobre Modificaciones y Suplementos de Determinadas Leyes, en su versi\u00f3n modificada, de conformidad con los art\u00edculos 13 y 14 del Reglamento (UE) 2016\/679 del Parlamento Europeo y del Consejo, de 27 [&hellip;]<\/p>\n","protected":false},"author":1,"featured_media":0,"parent":0,"menu_order":0,"comment_status":"closed","ping_status":"closed","template":"","meta":{"footnotes":""},"class_list":["post-15307","page","type-page","status-publish","hentry"],"_links":{"self":[{"href":"https:\/\/verteco.shop\/es\/wp-json\/wp\/v2\/pages\/15307","targetHints":{"allow":["GET"]}}],"collection":[{"href":"https:\/\/verteco.shop\/es\/wp-json\/wp\/v2\/pages"}],"about":[{"href":"https:\/\/verteco.shop\/es\/wp-json\/wp\/v2\/types\/page"}],"author":[{"embeddable":true,"href":"https:\/\/verteco.shop\/es\/wp-json\/wp\/v2\/users\/1"}],"replies":[{"embeddable":true,"href":"https:\/\/verteco.shop\/es\/wp-json\/wp\/v2\/comments?post=15307"}],"version-history":[{"count":0,"href":"https:\/\/verteco.shop\/es\/wp-json\/wp\/v2\/pages\/15307\/revisions"}],"wp:attachment":[{"href":"https:\/\/verteco.shop\/es\/wp-json\/wp\/v2\/media?parent=15307"}],"curies":[{"name":"wp","href":"https:\/\/api.w.org\/{rel}","templated":true}]}}