{"id":9983,"date":"2023-05-18T23:08:13","date_gmt":"2023-05-18T21:08:13","guid":{"rendered":"https:\/\/verteco.shop\/allgemeine-geschaeftsbedingungen\/"},"modified":"2024-11-06T14:57:38","modified_gmt":"2024-11-06T12:57:38","slug":"allgemeine-geschaeftsbedingungen","status":"publish","type":"page","link":"https:\/\/verteco.shop\/de\/allgemeine-geschaeftsbedingungen\/","title":{"rendered":"Bedingungen der Dienstleistung"},"content":{"rendered":"\t\t<div data-elementor-type=\"wp-page\" data-elementor-id=\"9983\" class=\"elementor elementor-9983 elementor-7045\" data-elementor-post-type=\"page\">\n\t\t\t\t\t\t<section class=\"elementor-section elementor-top-section elementor-element elementor-element-2140112 elementor-section-boxed elementor-section-height-default elementor-section-height-default\" data-id=\"2140112\" data-element_type=\"section\" data-e-type=\"section\">\n\t\t\t\t\t\t<div class=\"elementor-container elementor-column-gap-default\">\n\t\t\t\t\t<div class=\"elementor-column elementor-col-100 elementor-top-column elementor-element elementor-element-c52fb5b\" data-id=\"c52fb5b\" data-element_type=\"column\" data-e-type=\"column\">\n\t\t\t<div class=\"elementor-widget-wrap elementor-element-populated\">\n\t\t\t\t\t\t<div class=\"elementor-element elementor-element-e3899a0 elementor-widget elementor-widget-heading\" data-id=\"e3899a0\" data-element_type=\"widget\" data-e-type=\"widget\" data-widget_type=\"heading.default\">\n\t\t\t\t<div class=\"elementor-widget-container\">\n\t\t\t\t\t<h2 class=\"elementor-heading-title elementor-size-default\">Bedingungen der Dienstleistung<\/h2>\t\t\t\t<\/div>\n\t\t\t\t<\/div>\n\t\t\t\t\t<\/div>\n\t\t<\/div>\n\t\t\t\t\t<\/div>\n\t\t<\/section>\n\t\t\t\t<section class=\"elementor-section elementor-top-section elementor-element elementor-element-2f6b0dc3 elementor-section-boxed elementor-section-height-default elementor-section-height-default\" data-id=\"2f6b0dc3\" data-element_type=\"section\" data-e-type=\"section\">\n\t\t\t\t\t\t<div class=\"elementor-container elementor-column-gap-default\">\n\t\t\t\t\t<div class=\"elementor-column elementor-col-100 elementor-top-column elementor-element elementor-element-6f586bdd\" data-id=\"6f586bdd\" data-element_type=\"column\" data-e-type=\"column\">\n\t\t\t<div class=\"elementor-widget-wrap elementor-element-populated\">\n\t\t\t\t\t\t<div class=\"elementor-element elementor-element-73b178c0 elementor-widget elementor-widget-text-editor\" data-id=\"73b178c0\" data-element_type=\"widget\" data-e-type=\"widget\" data-widget_type=\"text-editor.default\">\n\t\t\t\t<div class=\"elementor-widget-container\">\n\t\t\t\t\t\t\t\t\t<p style=\"text-align: start;\">Diese Servicebedingungen (\u201eBedingungen\u201c) werden von Elite Digital Services, LLC, einer Delaware Limited Liability Company mit eingetragenem Firmensitz in 1111B S Governors Ave, STE 21653, Dover, DE 19904, USA (nachfolgend \u201eVerteco\u201c, \u201ewir\u201c, \u201euns\u201c oder \u201eunser\u201c genannt) herausgegeben. Diese Bedingungen regeln Ihren Zugriff auf und Ihre Nutzung unserer Dienste, einschlie\u00dflich, aber nicht beschr\u00e4nkt auf das Verteco.shop Comparison Shopping Service (CSS)-Programm, unsere Website, Tools und alle anderen von uns bereitgestellten Funktionen (zusammengefasst als \u201eDienste\u201c bezeichnet). <\/p>\n<p style=\"text-align: start;\">Indem Sie auf unsere Dienste zugreifen oder diese nutzen, best\u00e4tigen Sie (\u201eSie\u201c, \u201eIhr\u201c oder \u201eKunde\u201c), dass Sie diese Bedingungen gelesen und verstanden haben und damit einverstanden sind, rechtlich an sie gebunden zu sein. Wenn Sie diesen Bedingungen nicht zustimmen, d\u00fcrfen Sie unsere Dienste nicht nutzen. <\/p>\n<p style=\"text-align: start;\">Verteco.shop bietet einen speziellen Comparison Shopping Service (CSS), der die Effektivit\u00e4t von Google Shopping Ads optimieren soll. Unser CSS nutzt einen rechtlichen Rahmen und erm\u00f6glicht es Werbetreibenden, ihre Werbekosten durch den Wechsel vom Standard-CSS von Google zu unserer Plattform um bis zu 20 % zu senken. Dieser Wechsel erm\u00f6glicht kosteng\u00fcnstigere Werbung durch verbesserte Cost-per-Click-Raten (CPC). Wir bieten eine einfache, risikofreie Testversion an, bei der Ihre bestehenden Kampagneneinstellungen beibehalten werden, was sowohl Datensicherheit als auch einen anhaltenden Werbeerfolg gew\u00e4hrleistet.   <\/p>\n<ol style=\"text-align: left;\">\n<li><strong>Akzeptanz der Bedingungen<\/strong><\/li>\n<\/ol>\n<p style=\"text-align: left;\">Indem Sie auf unsere Dienste zugreifen oder diese nutzen, best\u00e4tigen Sie, dass Sie diese Bedingungen und unsere Datenschutzrichtlinie gelesen und verstanden haben und damit einverstanden sind, rechtlich an diese gebunden zu sein. Wenn Sie mit irgendeinem Teil dieser Bedingungen nicht einverstanden sind, d\u00fcrfen Sie nicht auf unsere Dienste zugreifen oder diese nutzen. <\/p>\n<ol style=\"text-align: left;\" start=\"2\">\n<li><strong>Zuschussf\u00e4higkeit<\/strong><\/li>\n<\/ol>\n<p style=\"text-align: left;\">Sie m\u00fcssen mindestens 18 Jahre alt sein, um auf unsere Dienste zuzugreifen oder sie zu nutzen. Indem Sie auf unsere Dienste zugreifen oder sie nutzen, erkl\u00e4ren und garantieren Sie, dass Sie mindestens 18 Jahre alt sind und dass Sie unsere Dienste ausschlie\u00dflich f\u00fcr unternehmerische, gesch\u00e4ftliche oder berufliche Zwecke nutzen. Unsere Dienste richten sich ausschlie\u00dflich an Einzelpersonen oder Unternehmen, die gesch\u00e4ftlich t\u00e4tig sind. Wenn Sie diese Anforderungen nicht erf\u00fcllen, ist Ihnen die Nutzung unserer Dienste untersagt.   <\/p>\n<ol style=\"text-align: left;\" start=\"3\">\n<li><strong>Registrierung eines Kontos<\/strong><\/li>\n<\/ol>\n<p>Um auf bestimmte Funktionen unserer Dienste zugreifen zu k\u00f6nnen, m\u00fcssen Sie m\u00f6glicherweise ein Konto anlegen. Sie sind allein verantwortlich f\u00fcr die Wahrung der Vertraulichkeit Ihrer Kontoanmeldeinformationen, einschlie\u00dflich Ihres Benutzernamens und Passworts, sowie f\u00fcr alle Aktivit\u00e4ten, die \u00fcber Ihr Konto erfolgen. Sie verpflichten sich, uns unverz\u00fcglich \u00fcber jeden unbefugten Zugriff oder jede unbefugte Nutzung Ihres Kontos oder jede andere Sicherheitsverletzung zu informieren. Wir haften nicht f\u00fcr Verluste oder Sch\u00e4den, die aus Ihrer Nichteinhaltung dieser Sicherheitsverpflichtung entstehen.  <\/p>\n<ol style=\"text-align: left;\" start=\"4\">\n<li><strong>Kostenlose Testversion<\/strong><\/li>\n<\/ol>\n<p>Wir bieten eine 30-t\u00e4gige kostenlose Testversion unseres CSS-Programms an, f\u00fcr die weder Kreditkarten- noch Zahlungsinformationen erforderlich sind. Nach Ablauf der Testphase m\u00fcssen Sie f\u00fcr den weiteren Zugriff auf unsere Dienste einen Preisplan ausw\u00e4hlen und g\u00fcltige Zahlungsinformationen angeben. Andernfalls wird Ihr Zugriff auf die Dienste gesperrt. Indem Sie unsere Dienste nach Ablauf der kostenlosen Testphase weiterhin nutzen, stimmen Sie zu, einen kostenpflichtigen Serviceplan auszuw\u00e4hlen und zu abonnieren, und Sie erkennen an, dass Sie verpflichtet sind, die mit dem gew\u00e4hlten Plan verbundenen Zahlungsbedingungen zu erf\u00fcllen.   <\/p>\n<ol style=\"text-align: left;\" start=\"5\">\n<li><strong>Preisgestaltung und Bezahlung<\/strong><\/li>\n<\/ol>\n<p>Unsere Preispl\u00e4ne sind auf unserer Website verf\u00fcgbar und bieten verschiedene Optionen, die auf unterschiedliche Bed\u00fcrfnisse zugeschnitten sind. Zahlungen sind je nach gew\u00e4hltem Plan entweder monatlich oder j\u00e4hrlich f\u00e4llig. In \u00dcbereinstimmung mit individuellen Mitteilungen und nach unserem Ermessen behalten wir uns das Recht vor, Rabatte, Boni oder andere Werbeanreize anzubieten. Solche Angebote k\u00f6nnen von Fall zu Fall bereitgestellt werden und stellen keine Verpflichtung unsererseits dar, \u00e4hnliche Bedingungen anderen Kunden oder zu einem anderen Zeitpunkt anzubieten. Diese Rabatte und Boni werden ausschlie\u00dflich nach unserem Ermessen bereitgestellt und k\u00f6nnen zus\u00e4tzlichen Bedingungen unterliegen, die zum Zeitpunkt des Angebots angegeben werden. Alle Geb\u00fchren sind nicht erstattungsf\u00e4hig, es sei denn, dies ist gesetzlich vorgeschrieben.     <\/p>\n<\/p>\n<p>Die Zahlungsverpflichtungen f\u00fcr unsere Dienste beginnen 30 Tage nach dem Datum, an dem Ihr Wechsel von Merchant Center (MC) zu verteco.shop Comparison Shopping Service (CSS) akzeptiert wird. Dies bedeutet, dass Ihnen 30 Tage nach dem Annahmedatum des Wechsels von MC zu unserer CSS-Plattform Geb\u00fchren f\u00fcr die Dienste entstehen. Die Zahlungsfrist wird ununterbrochen fortgesetzt, bis Ihr Merchant Center offiziell von verteco.shop CSS getrennt wird.  <\/p>\n<p>Sie sind daf\u00fcr verantwortlich, dass der Trennungsprozess abgeschlossen wird, wenn Sie die Dienste k\u00fcndigen m\u00f6chten. Wenn Sie Ihr Merchant Center nicht ordnungsgem\u00e4\u00df von unserem CSS trennen, wird die Abrechnung fortgesetzt und Sie bleiben f\u00fcr alle anfallenden Geb\u00fchren haftbar, bis die Trennung abgeschlossen ist. <\/p>\n<p>Alle Zahlungen sind gem\u00e4\u00df dem Abrechnungszyklus des von Ihnen gew\u00e4hlten Preisplans f\u00e4llig, egal ob monatlich oder j\u00e4hrlich. Rechnungen werden entsprechend ausgestellt und die vollst\u00e4ndige Zahlung muss bis zum auf der Rechnung angegebenen F\u00e4lligkeitsdatum eingegangen sein, um Unterbrechungen oder Aussetzungen der Dienste zu vermeiden. Bei versp\u00e4teten Zahlungen k\u00f6nnen zus\u00e4tzliche Geb\u00fchren oder Zinsen anfallen, soweit gesetzlich zul\u00e4ssig, und wiederholte Nichtzahlung kann zur K\u00fcndigung Ihres Zugriffs auf die Dienste f\u00fchren.  <\/p>\n<p>Bitte beachten Sie, dass wir zwar die Plattform f\u00fcr das CSS bereitstellen, jedoch keinen Zugriff auf Ihre Google Ads- oder Google Merchant Center-Konten haben. Daher sind Sie allein f\u00fcr die Verwaltung dieser Konten verantwortlich, einschlie\u00dflich der Einleitung und Best\u00e4tigung jeglicher Trennungen von unserer CSS-Plattform. <\/p>\n<p>Indem Sie unsere Dienste nach dem ersten 30-t\u00e4gigen Zeitraum nach der Annahme des MC-Wechsels weiterhin nutzen, erkennen Sie diese Zahlungsbedingungen an und stimmen ihnen zu. Sie verstehen, dass die Zahlung wie hierin angegeben f\u00e4llig ist und dass Sie verpflichtet sind, alle Zahlungsverpflichtungen zu erf\u00fcllen, bis die Dienste gem\u00e4\u00df diesen Bedingungen ordnungsgem\u00e4\u00df beendet werden. <\/p>\n<\/p>\n<p>Zur Vermeidung von Missverst\u00e4ndnissen: Elite Digital Services, LLC ist zwar die Hauptgesellschaft, die f\u00fcr die Bereitstellung von Diensten gem\u00e4\u00df diesen Bedingungen verantwortlich ist, bestimmte Dienste k\u00f6nnen jedoch von unseren Partnern oder Tochtergesellschaften innerhalb und au\u00dferhalb der Vereinigten Staaten in Rechnung gestellt werden, wenn dies f\u00fcr die betriebliche Effizienz als notwendig erachtet wird. Ungeachtet solcher Rechnungsstellungsvereinbarungen bleibt Elite Digital Services, LLC die Hauptgesellschaft in Bezug auf die allgemeine Ausf\u00fchrung der Dienste und die Einhaltung dieser Bedingungen. <\/p>\n<p>Indem Sie diesen Bedingungen zustimmen, stimmen Sie der M\u00f6glichkeit zu, dass Rechnungen von anderen Unternehmen als Elite Digital Services, LLC ausgestellt werden k\u00f6nnen, ohne dass Ihre Verpflichtungen gem\u00e4\u00df diesen Bedingungen davon ber\u00fchrt werden. Alle Rechnungssteller werden von Elite Digital Services, LLC autorisiert und handeln in Verbindung mit den bereitgestellten Diensten in deren Namen. <\/p>\n<ol style=\"text-align: left;\" start=\"6\">\n<li><strong>\u00c4nderungen der Dienste und Bedingungen<\/strong><\/li>\n<\/ol>\n<p>Wir behalten uns das Recht vor, unsere Dienste oder diese Bedingungen jederzeit nach eigenem Ermessen zu \u00e4ndern. Im Falle wesentlicher \u00c4nderungen dieser Bedingungen benachrichtigen wir Sie, indem wir die aktualisierten Bedingungen auf unserer Website ver\u00f6ffentlichen oder auf andere geeignete Weise kommunizieren. Ihre fortgesetzte Nutzung unserer Dienste nach der Benachrichtigung \u00fcber solche \u00c4nderungen gilt als Zustimmung zu den \u00fcberarbeiteten Bedingungen. Wenn Sie mit den ge\u00e4nderten Bedingungen nicht einverstanden sind, m\u00fcssen Sie die Nutzung der Dienste unverz\u00fcglich einstellen.   <\/p>\n<ol style=\"text-align: left;\" start=\"7\">\n<li><strong>Terminierung<\/strong><\/li>\n<\/ol>\n<p>Jede Partei kann diese Vereinbarung jederzeit und aus beliebigem Grund durch schriftliche Mitteilung an die andere Partei k\u00fcndigen. Nach der K\u00fcndigung m\u00fcssen Sie die Nutzung unserer Dienste unverz\u00fcglich einstellen und wir werden Ihren Zugriff auf unsere Plattform umgehend deaktivieren. Die K\u00fcndigung dieser Vereinbarung entbindet keine der Parteien von Verpflichtungen oder Verbindlichkeiten, die vor dem K\u00fcndigungsdatum entstanden sind.  <\/p>\n<ol style=\"text-align: left;\" start=\"8\">\n<li><strong>Geistiges Eigentum<\/strong><\/li>\n<\/ol>\n<p>Alle Inhalte, Marken und anderes geistiges Eigentum im Zusammenhang mit unseren Diensten sind das ausschlie\u00dfliche Eigentum von Verteco Digital Services oder seinen Lizenzgebern. Es ist Ihnen untersagt, unser geistiges Eigentum ohne unsere vorherige schriftliche Zustimmung zu verwenden, zu \u00e4ndern, zu reproduzieren, zu verteilen oder anderweitig zu verwerten. Die unbefugte Verwendung unseres geistigen Eigentums kann rechtliche Schritte nach sich ziehen.  <\/p>\n<ol style=\"text-align: left;\" start=\"9\">\n<li><strong>Haftungsausschl\u00fcsse und Haftungsbeschr\u00e4nkung<\/strong><\/li>\n<\/ol>\n<p>Durch die Nutzung unserer Dienste erkennen Sie an und stimmen zu, dass wir keinen Zugriff auf Ihre Google Ads- oder Google Merchant Center-Konten haben. Sie sind daher allein f\u00fcr Ihre Handlungen, Entscheidungen und alle Fehler oder Auslassungen in diesen Konten verantwortlich. Dies umfasst alle potenziellen Sch\u00e4den wie entgangene Gewinne, Daten oder Gesch\u00e4ftswert. Obwohl wir uns der Bereitstellung qualitativ hochwertiger Dienste verschrieben haben, verstehen Sie, dass wir nicht f\u00fcr Probleme haftbar gemacht werden k\u00f6nnen, die sich aus Ihren Handlungen oder Umst\u00e4nden au\u00dferhalb unserer Kontrolle ergeben. Von Ihnen wird erwartet, dass Sie Ihre Konten kompetent verwalten und wissen, dass wir nicht in Ihrem Namen eingreifen oder darauf zugreifen.    <\/p>\n<ol style=\"text-align: left;\" start=\"10\">\n<li><strong>Geltendes Recht und Gerichtsstand<\/strong><\/li>\n<\/ol>\n<p>Diese Bedingungen unterliegen den geltenden Gesetzen und wir verpflichten uns, diese einzuhalten. Streitigkeiten, die sich aus diesen Bedingungen oder Ihrer Nutzung unserer Dienste ergeben oder damit in Zusammenhang stehen, werden ausschlie\u00dflich vor den Gerichten im Zust\u00e4ndigkeitsbereich des Hauptgesch\u00e4ftssitzes des Dienstanbieters beigelegt. Indem Sie unsere Dienste nutzen, erkl\u00e4ren Sie sich damit einverstanden, sich zur Beilegung solcher Streitigkeiten der Gerichtsbarkeit dieser Gerichte zu unterwerfen.  <\/p>\n<ol style=\"text-align: left;\" start=\"11\">\n<li><strong>Trennbarkeit<\/strong><\/li>\n<\/ol>\n<p>Sollte sich ein beliebiger Teil dieser Bedingungen als nicht durchsetzbar oder ung\u00fcltig erweisen, wird dieser bestimmte Teil so wenig wie m\u00f6glich angepasst oder entfernt, sodass die \u00fcbrigen Bedingungen weiterhin vollst\u00e4ndig wirksam und durchsetzbar bleiben.<\/p>\n<ol style=\"text-align: left;\" start=\"12\">\n<li><strong>Gesamte Vereinbarung<\/strong><\/li>\n<\/ol>\n<p style=\"text-align: left;\">Diese Bedingungen stellen zusammen mit unserer Datenschutzrichtlinie die gesamte Vereinbarung zwischen Ihnen und Verteco bez\u00fcglich der Nutzung unserer Dienste dar und ersetzen alle fr\u00fcheren oder gleichzeitigen Vereinbarungen, Mitteilungen und Vorschl\u00e4ge, ob m\u00fcndlich oder schriftlich, zwischen Ihnen und Verteco.<\/p>\n<p style=\"text-align: left;\">Wenn Sie Fragen oder Bedenken bez\u00fcglich dieser Bedingungen oder unserer Dienste haben, kontaktieren Sie uns bitte per E-Mail: <a href=\"mailto:info@verteco.shop\">info@verteco.shop<\/a><\/p>\n<p style=\"text-align: left;\">\u00a9 Elite Digital Services, LLC<\/p>\n<p style=\"text-align: left;\">  Alle Rechte vorbehalten.<\/p>\n<p>Version: 20. 08. 2024  <\/p>\n\t\t\t\t\t\t\t\t<\/div>\n\t\t\t\t<\/div>\n\t\t\t\t\t<\/div>\n\t\t<\/div>\n\t\t\t\t\t<\/div>\n\t\t<\/section>\n\t\t\t\t<\/div>\n\t\t","protected":false},"excerpt":{"rendered":"<p>Bedingungen der Dienstleistung Diese Servicebedingungen (\u201eBedingungen\u201c) werden von Elite Digital Services, LLC, einer Delaware Limited Liability Company mit eingetragenem Firmensitz in 1111B S Governors Ave, STE 21653, Dover, DE 19904, USA (nachfolgend \u201eVerteco\u201c, \u201ewir\u201c, \u201euns\u201c oder \u201eunser\u201c genannt) herausgegeben. Diese Bedingungen regeln Ihren Zugriff auf und Ihre Nutzung unserer Dienste, einschlie\u00dflich, aber nicht beschr\u00e4nkt auf [&hellip;]<\/p>\n","protected":false},"author":1,"featured_media":0,"parent":0,"menu_order":0,"comment_status":"closed","ping_status":"closed","template":"","meta":{"footnotes":""},"class_list":["post-9983","page","type-page","status-publish","hentry"],"_links":{"self":[{"href":"https:\/\/verteco.shop\/de\/wp-json\/wp\/v2\/pages\/9983","targetHints":{"allow":["GET"]}}],"collection":[{"href":"https:\/\/verteco.shop\/de\/wp-json\/wp\/v2\/pages"}],"about":[{"href":"https:\/\/verteco.shop\/de\/wp-json\/wp\/v2\/types\/page"}],"author":[{"embeddable":true,"href":"https:\/\/verteco.shop\/de\/wp-json\/wp\/v2\/users\/1"}],"replies":[{"embeddable":true,"href":"https:\/\/verteco.shop\/de\/wp-json\/wp\/v2\/comments?post=9983"}],"version-history":[{"count":0,"href":"https:\/\/verteco.shop\/de\/wp-json\/wp\/v2\/pages\/9983\/revisions"}],"wp:attachment":[{"href":"https:\/\/verteco.shop\/de\/wp-json\/wp\/v2\/media?parent=9983"}],"curies":[{"name":"wp","href":"https:\/\/api.w.org\/{rel}","templated":true}]}}