{"id":15298,"date":"2023-05-18T23:08:19","date_gmt":"2023-05-18T21:08:19","guid":{"rendered":"https:\/\/verteco.shop\/datenschutzrichtlinie"},"modified":"2024-08-20T18:57:14","modified_gmt":"2024-08-20T16:57:14","slug":"datenschutzrichtlinie","status":"publish","type":"page","link":"https:\/\/verteco.shop\/de\/datenschutzrichtlinie\/","title":{"rendered":"Datenschutzbestimmungen"},"content":{"rendered":"\t\t<div data-elementor-type=\"wp-page\" data-elementor-id=\"15298\" class=\"elementor elementor-15298 elementor-7044\" data-elementor-post-type=\"page\">\n\t\t\t\t\t\t<section class=\"elementor-section elementor-top-section elementor-element elementor-element-20c115e2 elementor-section-boxed elementor-section-height-default elementor-section-height-default\" data-id=\"20c115e2\" data-element_type=\"section\" data-e-type=\"section\">\n\t\t\t\t\t\t<div class=\"elementor-container elementor-column-gap-default\">\n\t\t\t\t\t<div class=\"elementor-column elementor-col-100 elementor-top-column elementor-element elementor-element-7140ffb9\" data-id=\"7140ffb9\" data-element_type=\"column\" data-e-type=\"column\">\n\t\t\t<div class=\"elementor-widget-wrap elementor-element-populated\">\n\t\t\t\t\t\t<div class=\"elementor-element elementor-element-d8fbd51 elementor-widget elementor-widget-heading\" data-id=\"d8fbd51\" data-element_type=\"widget\" data-e-type=\"widget\" data-widget_type=\"heading.default\">\n\t\t\t\t<div class=\"elementor-widget-container\">\n\t\t\t\t\t<h2 class=\"elementor-heading-title elementor-size-default\">Datenschutzbestimmungen<\/h2>\t\t\t\t<\/div>\n\t\t\t\t<\/div>\n\t\t\t\t\t<\/div>\n\t\t<\/div>\n\t\t\t\t\t<\/div>\n\t\t<\/section>\n\t\t\t\t<section class=\"elementor-section elementor-top-section elementor-element elementor-element-47743373 elementor-section-boxed elementor-section-height-default elementor-section-height-default\" data-id=\"47743373\" data-element_type=\"section\" data-e-type=\"section\">\n\t\t\t\t\t\t<div class=\"elementor-container elementor-column-gap-default\">\n\t\t\t\t\t<div class=\"elementor-column elementor-col-100 elementor-top-column elementor-element elementor-element-54aab426\" data-id=\"54aab426\" data-element_type=\"column\" data-e-type=\"column\">\n\t\t\t<div class=\"elementor-widget-wrap elementor-element-populated\">\n\t\t\t\t\t\t<div class=\"elementor-element elementor-element-369420f6 elementor-widget elementor-widget-text-editor\" data-id=\"369420f6\" data-element_type=\"widget\" data-e-type=\"widget\" data-widget_type=\"text-editor.default\">\n\t\t\t\t<div class=\"elementor-widget-container\">\n\t\t\t\t\t\t\t\t\t<p>im Sinne der Artikel 19 ff. des Gesetzes Nr. 18\/2018 Slg.  zum Schutz personenbezogener Daten und zu \u00c4nderungen und Erg\u00e4nzungen bestimmter Gesetze in der jeweils g\u00fcltigen Fassung gem\u00e4\u00df den Artikeln 13 und 14 der Verordnung (EU) 2016\/679 des Europ\u00e4ischen Parlaments und des Rates vom 27. April 2016 zum Schutz personenbezogener Daten nat\u00fcrlicher Personen bei der Verarbeitung personenbezogener Daten, zum freien Datenverkehr und zur Aufhebung der Richtlinie 95\/46\/EG (Datenschutz-Grundverordnung) (im Folgenden \u201eDSGVO\u201c genannt).<\/p>\n<p>Gem\u00e4\u00df den Bestimmungen der Artikel 19 ff. des Gesetzes Nr. 18\/2018 Slg. \u00dcber den Schutz personenbezogener Daten in der jeweils g\u00fcltigen Fassung (im Folgenden \u201eGesetz zum Schutz personenbezogener Daten\u201c genannt) informieren wir Sie als betroffene Person hiermit \u00fcber die Verarbeitung Ihrer personenbezogenen Daten.  <\/p>\n<p><strong>Verantwortlicher:<\/strong><br \/> Der Verantwortliche ist die Firma <strong>Elite Digital Services<\/strong> mit Sitz in 1111B S Governors Ave, STE 21653, Dover, DE 19904, USA, vertreten durch: Norman Bytri\u010dan (nachfolgend \u201eVerantwortlicher\u201c genannt).<\/p>\n<p>Kontaktdetails:<\/p>\n<p><strong>  E-Mail: info@verteco.shop<br \/> Telefon: +32 480 20 46 99<\/strong><\/p>\n<p><strong>Zugriff auf personenbezogene Daten:<\/strong><\/p>\n<p>Bei der Verarbeitung personenbezogener Daten k\u00f6nnen neben dem Verantwortlichen und den mit Elite Digital Services, LLC verbundenen Unternehmen und deren Mitarbeitern auch andere Personen, die personenbezogene Daten als Auftragsverarbeiter verarbeiten, Zugriff auf personenbezogene Daten haben. Eine spezifische, st\u00e4ndig aktualisierte Liste der Auftragsverarbeiter, d. h. der Empf\u00e4nger personenbezogener Daten, die im Auftrag des Verantwortlichen verarbeitet werden, in folgende Kategorien unterteilt: <\/p>\n<p>\u2022 Unternehmen, die Marketingdienstleistungen anbieten<br \/> \u2022 Unternehmen, die Lohn- und Gehaltsabrechnungs- und Buchhaltungsdienste anbieten<br \/> \u2022 Unternehmen, die interne und externe Pr\u00fcfungsdienstleistungen anbieten<\/p>\n<p><strong><br \/>Rechtliche Grundlage:<\/strong><\/p>\n<p>Die Rechtsgrundlage f\u00fcr die Verarbeitung personenbezogener Daten ist in der Regel die Erf\u00fcllung der gesetzlichen Verpflichtung (insbesondere Gesetz Nr. 18\/2018 Slg. zum Schutz personenbezogener Daten), der Abschluss, die Verwaltung und die Erf\u00fcllung der sich daraus ergebenden vertraglichen Verpflichtungen Arbeits- und Handelsvertr\u00e4ge, das berechtigte Interesse, das der Schutz der Rechte und Interessen des Verantwortlichen und seiner rechtlich gesch\u00fctzten Mitarbeiter ist, sowie die Einwilligung der betroffenen Person (haupts\u00e4chlich f\u00fcr Marketingzwecke, Wettbewerbe und gesellschaftliche Veranstaltungen). , usw.). Die Einwilligung zur Verarbeitung personenbezogener Daten muss freiwillig erfolgen und die betroffene Person kann die Einwilligung jederzeit widerrufen. Die Einwilligung ist jedoch erforderlich, damit der Verantwortliche z. B. Firmenveranstaltungen und dergleichen gew\u00e4hrleisten kann und ohne eine solche Einwilligung der Verantwortliche nicht zur Erbringung der betreffenden Leistungen berechtigt ist. Weigert sich die betroffene Person, dem Verantwortlichen personenbezogene Daten zur Verf\u00fcgung zu stellen, die f\u00fcr die Erf\u00fcllung der vertraglichen Pflichten des Verantwortlichen oder zur Einhaltung von Gesetzen erforderlich sind, ist der Verantwortliche nicht zum Vertragsabschluss oder zur Erbringung sonstiger Leistungen verpflichtet.   <\/p>\n<p><strong><br \/>Verarbeitete personenbezogene Daten:<\/strong><\/p>\n<p>Wir erfassen Name, E-Mail-Adresse, Liefer- und Rechnungsadresse, Zahlungsdetails, Firmennamen, Telefonnummer, IP-Adresse der Kunden unserer H\u00e4ndler, Informationen \u00fcber von Ihnen aufgegebene Bestellungen, Informationen \u00fcber die von Elite Digital Services unterst\u00fctzten H\u00e4ndlershops, die Sie besuchen, und Informationen \u00fcber das von Ihnen verwendete Ger\u00e4t und den von Ihnen verwendeten Browser. Wir erfassen diese Informationen, wenn Sie einen Shop verwenden oder darauf zugreifen, der unsere Dienste nutzt, beispielsweise wenn Sie die Website eines H\u00e4ndlers besuchen, eine Bestellung aufgeben oder ein Konto auf der Website eines H\u00e4ndlers er\u00f6ffnen. Wenn Sie die CSS-Dienste-Website von verteco.shop besuchen oder darin surfen, erfassen wir Informationen \u00fcber das von Ihnen verwendete Ger\u00e4t und den von Ihnen verwendeten Browser, Ihre Netzwerkverbindung, Ihre IP-Adresse und Informationen \u00fcber die auf Ihrem Ger\u00e4t installierten Cookies. Wir erfassen auch personenbezogene Daten, die Sie \u00fcber eine auf unserer Website verf\u00fcgbare Nachrichtenfunktion \u00fcbermitteln. Von Forumsnutzern erfassen wir Ihren Namen, Ihre E-Mail-Adresse, die Website-URL und andere personenbezogene Daten, die Sie m\u00f6glicherweise ver\u00f6ffentlichen.    <\/p>\n<p><strong><br \/>Zweck der Verarbeitung und Weitergabe:<\/strong><\/p>\n<p>Wir verwenden diese Informationen, um unseren H\u00e4ndlern die Dienste bereitzustellen, einschlie\u00dflich der Unterst\u00fctzung und Bearbeitung von Bestellungen, Authentifizierung und Zahlungen. Wir verwenden diese Informationen auch, um unsere Dienste zu verbessern. Elite Digital Services, LLC, arbeitet auch mit Drittanbietern und Dienstanbietern zusammen, um unseren H\u00e4ndlern die Dienste bereitzustellen, und wir k\u00f6nnen pers\u00f6nliche Informationen an sie weitergeben, um diese Bem\u00fchungen zu unterst\u00fctzen. Wir k\u00f6nnen Ihre Informationen auch unter folgenden Umst\u00e4nden weitergeben:   <\/p>\n<ul>\n<li>um illegale Aktivit\u00e4ten, Betrugsverdacht, Situationen mit potenziellen Gefahren f\u00fcr die k\u00f6rperliche Sicherheit von Personen, Verst\u00f6\u00dfe gegen unsere Nutzungsbedingungen oder andere Vereinbarungen im Zusammenhang mit den Diensten zu verhindern, zu untersuchen oder entsprechende Ma\u00dfnahmen zu ergreifen, oder wie anderweitig vorgeschrieben Gesetz.<\/li>\n<li>Wenn der H\u00e4ndler, dessen Gesch\u00e4ft Sie besuchen oder auf das Sie zugreifen, uns anweist, diese Informationen zu \u00fcbertragen (z. B. wenn er eine Drittanbieter-App aktiviert, die auf pers\u00f6nliche Kundendaten zugreift).<\/li>\n<li>um gesetzlichen Anforderungen nachzukommen oder auf rechtm\u00e4\u00dfige Gerichtsbeschl\u00fcsse, Vorladungen, Haftbefehle oder andere Anfragen von Beh\u00f6rden zu reagieren (einschlie\u00dflich der Erf\u00fcllung von Anforderungen der nationalen Sicherheit oder der Strafverfolgung).<\/li>\n<\/ul>\n<p>Personenbezogene Daten k\u00f6nnen auch an ein Unternehmen weitergegeben werden, das unser Gesch\u00e4ft oder das Gesch\u00e4ft eines H\u00e4ndlers, dessen Gesch\u00e4ft Sie besuchen oder auf das Sie zugreifen, \u00fcbernimmt, sei es durch Fusion, \u00dcbernahme, Insolvenz, Aufl\u00f6sung, Umstrukturierung oder eine andere \u00e4hnliche Transaktion oder ein \u00e4hnliches Verfahren.<\/p>\n<p><strong><br \/>Speicherung personenbezogener Daten und Dauer der Verarbeitung:<\/strong><\/p>\n<p>Der Verantwortliche ist berechtigt, personenbezogene Daten der betroffenen Personen f\u00fcr einen gem\u00e4\u00df den einschl\u00e4gigen Rechtsvorschriften festgelegten Zeitraum zu verarbeiten. Die Verarbeitung personenbezogener Daten aufgrund einer Einwilligung ist nur f\u00fcr den Zeitraum m\u00f6glich, f\u00fcr den die Einwilligung erteilt wurde. Die Einwilligung wird dem Verantwortlichen f\u00fcr die folgenden drei (3) Jahre oder bis zum Zeitpunkt des Widerrufs der Einwilligung erteilt. Nach Ablauf des entsprechenden Zeitraums werden personenbezogene Daten gel\u00f6scht, wenn ihre Speicherung gem\u00e4\u00df den einschl\u00e4gigen Rechtsvorschriften nicht erforderlich ist.   <\/p>\n<p><strong><br \/>Rechte der betroffenen Personen im Zusammenhang mit der Verarbeitung personenbezogener Daten:<\/strong><\/p>\n<p>Im Hinblick auf die Verarbeitung personenbezogener Daten k\u00f6nnen betroffene Personen folgende Rechte aus\u00fcben:<\/p>\n<ul>\n<li>das Recht auf Zugang und Auskunft \u00fcber ihre personenbezogenen Daten;<\/li>\n<li>das Recht auf Berichtigung personenbezogener Daten;<\/li>\n<li>das Recht auf L\u00f6schung personenbezogener Daten;<\/li>\n<li>das Recht auf Einschr\u00e4nkung der Verarbeitung personenbezogener Daten<\/li>\n<li>das Recht auf \u00dcbertragbarkeit personenbezogener Daten;<\/li>\n<li>das Recht, der Verarbeitung personenbezogener Daten zu widersprechen;<\/li>\n<li>das Recht auf Unwirksamkeit automatisierter Entscheidungen im Einzelfall, einschlie\u00dflich Profiling;<\/li>\n<li>das Recht, die Einwilligung jederzeit zu widerrufen (sofern die Einwilligung die Rechtsgrundlage der Verarbeitung darstellt);<\/li>\n<li>das Recht, bei der Aufsichtsbeh\u00f6rde einen Antrag auf Einleitung eines Verfahrens gem\u00e4\u00df Artikel 100 ff. des Gesetzes zum Schutz personenbezogener Daten zu stellen. <\/li>\n<\/ul>\n<p>Betroffene Personen k\u00f6nnen die oben genannten Rechte, die in den Bestimmungen von Artikel 21 ff. des Gesetzes zum Schutz personenbezogener Daten n\u00e4her erl\u00e4utert werden, gem\u00e4\u00df dem Gesetz zum Schutz personenbezogener Daten und der DSGVO sowie anderen relevanten Gesetzen aus\u00fcben. Betroffene Personen k\u00f6nnen ihre Rechte gegen\u00fcber dem Verantwortlichen durch eine schriftliche Anfrage aus\u00fcben, die an den Sitz des Verantwortlichen gesendet oder zugestellt wird, oder per E-Mail an die Adresse: info@verteco.shop.<br \/> Der Antrag muss folgende Angaben enthalten: Vor- und Nachname, Geburtsdatum und st\u00e4ndige Anschrift, sodass der Verantwortliche die betroffene Person identifizieren kann. Der Verantwortliche kann zus\u00e4tzliche Informationen anfordern, die zur \u00dcberpr\u00fcfung der Identit\u00e4t der betroffenen Person erforderlich sind, wenn er begr\u00fcndete Zweifel hinsichtlich der Identit\u00e4t der nat\u00fcrlichen Person hat. Der Verantwortliche ist verpflichtet, der betroffenen Person innerhalb eines (1) Monats nach Eingang des Antrags Informationen \u00fcber die auf ihren Antrag hin ergriffenen Ma\u00dfnahmen bereitzustellen. In begr\u00fcndeten F\u00e4llen kann der Verantwortliche im Hinblick auf die Komplexit\u00e4t und die Anzahl der Antr\u00e4ge diese Frist um weitere zwei (2) Monate verl\u00e4ngern, auch wiederholt. Der Verantwortliche ist verpflichtet, die betroffene Person innerhalb eines (1) Monats nach Eingang des Antrags \u00fcber eine solche Verl\u00e4ngerung zu informieren und die Gr\u00fcnde f\u00fcr die Fristverl\u00e4ngerung anzugeben. Hat die betroffene Person den Antrag in elektronischer Form eingereicht, stellt der Verantwortliche die Informationen in elektronischer Form bereit, es sei denn, die betroffene Person hat die Informationen auf andere Weise angefordert. Ergreift der Verantwortliche auf Antrag der betroffenen Person keine Ma\u00dfnahmen, ist er verpflichtet, die betroffene Person innerhalb eines (1) Monats nach Eingang des Antrags \u00fcber die Gr\u00fcnde hierf\u00fcr zu informieren und sie \u00fcber die M\u00f6glichkeit zu informieren, beim Amt f\u00fcr den Schutz personenbezogener Daten einen Antrag auf Einleitung eines Verfahrens gem\u00e4\u00df Artikel 100 des Gesetzes zum Schutz personenbezogener Daten zu stellen. Die Benachrichtigung \u00fcber die ergriffenen Ma\u00dfnahmen erfolgt kostenlos. Ist der Antrag der betroffenen Person offensichtlich unbegr\u00fcndet oder unangemessen, insbesondere weil er wiederkehrender Natur ist, kann der Verantwortliche eine angemessene Geb\u00fchr unter Ber\u00fccksichtigung der Verwaltungskosten f\u00fcr die Bereitstellung der Informationen oder eine angemessene Geb\u00fchr unter Ber\u00fccksichtigung der Verwaltungskosten f\u00fcr die Benachrichtigung oder eine angemessene Geb\u00fchr unter Ber\u00fccksichtigung der Verwaltungskosten f\u00fcr die Umsetzung der gew\u00fcnschten Ma\u00dfnahme verlangen oder die Bearbeitung des Antrags ablehnen. Der Verantwortliche muss nachweisen, dass der Antrag unbegr\u00fcndet oder unangemessen ist.           <\/p>\n<p>Elite Digital Services, LLC, ist sich dar\u00fcber im Klaren, dass Sie Rechte an Ihren pers\u00f6nlichen Daten haben, und unternimmt angemessene Schritte, um Ihnen den Zugriff auf Ihre pers\u00f6nlichen Daten, deren Korrektur, \u00c4nderung, L\u00f6schung, \u00dcbertragung oder Einschr\u00e4nkung ihrer Nutzung zu erm\u00f6glichen. Wenn Sie H\u00e4ndler oder Partner sind, k\u00f6nnen Sie viele Arten pers\u00f6nlicher Daten, wie z. B. Zahlungs- oder Kontaktinformationen, direkt in Ihren Kontoeinstellungen aktualisieren. Wenn Sie Ihre pers\u00f6nlichen Daten in Ihren Kontoeinstellungen nicht \u00e4ndern k\u00f6nnen oder wenn Sie Bedenken hinsichtlich der Daten haben, die beim Besuch der Website von Elite Digital Services, LLC oder bei der Nutzung unserer Supportdienste erfasst werden, kontaktieren Sie uns bitte, um die erforderlichen \u00c4nderungen vorzunehmen. Denken Sie daran, dass die Dienste m\u00f6glicherweise nicht richtig funktionieren, wenn Sie Ihre pers\u00f6nlichen Daten l\u00f6schen oder deren Nutzung einschr\u00e4nken.   <\/p>\n\t\t\t\t\t\t\t\t<\/div>\n\t\t\t\t<\/div>\n\t\t\t\t\t<\/div>\n\t\t<\/div>\n\t\t\t\t\t<\/div>\n\t\t<\/section>\n\t\t\t\t<\/div>\n\t\t","protected":false},"excerpt":{"rendered":"<p>Datenschutzbestimmungen im Sinne der Artikel 19 ff. des Gesetzes Nr. 18\/2018 Slg. zum Schutz personenbezogener Daten und zu \u00c4nderungen und Erg\u00e4nzungen bestimmter Gesetze in der jeweils g\u00fcltigen Fassung gem\u00e4\u00df den Artikeln 13 und 14 der Verordnung (EU) 2016\/679 des Europ\u00e4ischen Parlaments und des Rates vom 27. April 2016 zum Schutz personenbezogener Daten nat\u00fcrlicher Personen bei [&hellip;]<\/p>\n","protected":false},"author":1,"featured_media":0,"parent":0,"menu_order":0,"comment_status":"closed","ping_status":"closed","template":"","meta":{"footnotes":""},"class_list":["post-15298","page","type-page","status-publish","hentry"],"_links":{"self":[{"href":"https:\/\/verteco.shop\/de\/wp-json\/wp\/v2\/pages\/15298","targetHints":{"allow":["GET"]}}],"collection":[{"href":"https:\/\/verteco.shop\/de\/wp-json\/wp\/v2\/pages"}],"about":[{"href":"https:\/\/verteco.shop\/de\/wp-json\/wp\/v2\/types\/page"}],"author":[{"embeddable":true,"href":"https:\/\/verteco.shop\/de\/wp-json\/wp\/v2\/users\/1"}],"replies":[{"embeddable":true,"href":"https:\/\/verteco.shop\/de\/wp-json\/wp\/v2\/comments?post=15298"}],"version-history":[{"count":0,"href":"https:\/\/verteco.shop\/de\/wp-json\/wp\/v2\/pages\/15298\/revisions"}],"wp:attachment":[{"href":"https:\/\/verteco.shop\/de\/wp-json\/wp\/v2\/media?parent=15298"}],"curies":[{"name":"wp","href":"https:\/\/api.w.org\/{rel}","templated":true}]}}