{"id":9991,"date":"2023-05-18T23:08:13","date_gmt":"2023-05-18T21:08:13","guid":{"rendered":"https:\/\/verteco.shop\/servicevilkaar\/"},"modified":"2024-11-06T14:56:37","modified_gmt":"2024-11-06T12:56:37","slug":"servicevilkaar","status":"publish","type":"page","link":"https:\/\/verteco.shop\/da\/servicevilkaar\/","title":{"rendered":"Vilk\u00e5r for brug"},"content":{"rendered":"\t\t<div data-elementor-type=\"wp-page\" data-elementor-id=\"9991\" class=\"elementor elementor-9991 elementor-7045\" data-elementor-post-type=\"page\">\n\t\t\t\t\t\t<section class=\"elementor-section elementor-top-section elementor-element elementor-element-2140112 elementor-section-boxed elementor-section-height-default elementor-section-height-default\" data-id=\"2140112\" data-element_type=\"section\" data-e-type=\"section\">\n\t\t\t\t\t\t<div class=\"elementor-container elementor-column-gap-default\">\n\t\t\t\t\t<div class=\"elementor-column elementor-col-100 elementor-top-column elementor-element elementor-element-c52fb5b\" data-id=\"c52fb5b\" data-element_type=\"column\" data-e-type=\"column\">\n\t\t\t<div class=\"elementor-widget-wrap elementor-element-populated\">\n\t\t\t\t\t\t<div class=\"elementor-element elementor-element-e3899a0 elementor-widget elementor-widget-heading\" data-id=\"e3899a0\" data-element_type=\"widget\" data-e-type=\"widget\" data-widget_type=\"heading.default\">\n\t\t\t\t<div class=\"elementor-widget-container\">\n\t\t\t\t\t<h2 class=\"elementor-heading-title elementor-size-default\">Vilk\u00e5r for brug<\/h2>\t\t\t\t<\/div>\n\t\t\t\t<\/div>\n\t\t\t\t\t<\/div>\n\t\t<\/div>\n\t\t\t\t\t<\/div>\n\t\t<\/section>\n\t\t\t\t<section class=\"elementor-section elementor-top-section elementor-element elementor-element-2f6b0dc3 elementor-section-boxed elementor-section-height-default elementor-section-height-default\" data-id=\"2f6b0dc3\" data-element_type=\"section\" data-e-type=\"section\">\n\t\t\t\t\t\t<div class=\"elementor-container elementor-column-gap-default\">\n\t\t\t\t\t<div class=\"elementor-column elementor-col-100 elementor-top-column elementor-element elementor-element-6f586bdd\" data-id=\"6f586bdd\" data-element_type=\"column\" data-e-type=\"column\">\n\t\t\t<div class=\"elementor-widget-wrap elementor-element-populated\">\n\t\t\t\t\t\t<div class=\"elementor-element elementor-element-73b178c0 elementor-widget elementor-widget-text-editor\" data-id=\"73b178c0\" data-element_type=\"widget\" data-e-type=\"widget\" data-widget_type=\"text-editor.default\">\n\t\t\t\t<div class=\"elementor-widget-container\">\n\t\t\t\t\t\t\t\t\t<p style=\"text-align: start;\">Disse servicevilk\u00e5r (\u201cBetingelser\u201d) er udstedt af Elite Digital Services, LLC, et Delaware Limited Liability Company, med dets registrerede kontor p\u00e5 1111B S Governors Ave, STE 21653, Dover, DE 19904, USA (herefter ben\u00e6vnt &#8220;Verteco&#8221; ,&#8221; &#8220;vi&#8221;, &#8220;os&#8221; eller &#8220;vores&#8221;). Disse vilk\u00e5r regulerer din adgang til og brug af vores tjenester, herunder, men ikke begr\u00e6nset til, programmet Verteco.shop Comparison Shopping Service (CSS), vores websted, v\u00e6rkt\u00f8jer og alle andre funktioner, der leveres af os (samlet omtalt som &#8221; Tjenester&#8221;). <\/p>\n<p style=\"text-align: start;\">Ved at tilg\u00e5 eller bruge vores tjenester, anerkender du (&#8220;dig&#8221;, &#8220;din&#8221; eller &#8220;kunde&#8221;), at du har l\u00e6st, forst\u00e5et og accepterer at v\u00e6re juridisk bundet af disse vilk\u00e5r. Hvis du ikke accepterer disse vilk\u00e5r, m\u00e5 du ikke bruge vores tjenester. <\/p>\n<p style=\"text-align: start;\">Verteco.shop tilbyder en specialiseret prissammenligningstjeneste (CSS), der er designet til at optimere effektiviteten af \u200b\u200bGoogle Shopping-annoncer. Ved at udnytte en juridisk ramme g\u00f8r vores CSS det muligt for annonc\u00f8rer potentielt at opn\u00e5 op til 20 % reduktion i annonceringsomkostninger ved at skifte fra Googles standard CSS til vores platform. Denne overgang letter mere omkostningseffektiv annoncering gennem forbedrede priser pr. klik (CPC). Vi tilbyder en enkel, risikofri pr\u00f8veperiode, der vedligeholder dine eksisterende kampagneindstillinger og sikrer b\u00e5de datasikkerhed og nem fortsat annonceringssucces.   <\/p>\n<ol style=\"text-align: left;\">\n<li><strong>Accept af vilk\u00e5r<\/strong><\/li>\n<\/ol>\n<p style=\"text-align: left;\">Ved at tilg\u00e5 eller bruge vores tjenester, anerkender du, at du har l\u00e6st, forst\u00e5et og accepterer at v\u00e6re juridisk bundet af disse vilk\u00e5r og vores privatlivspolitik. Hvis du ikke er enig i nogen del af disse vilk\u00e5r, skal du afst\u00e5 fra at f\u00e5 adgang til eller bruge vores tjenester. <\/p>\n<ol style=\"text-align: left;\" start=\"2\">\n<li><strong>Berettigelse<\/strong><\/li>\n<\/ol>\n<p style=\"text-align: left;\">Du skal v\u00e6re mindst 18 \u00e5r for at f\u00e5 adgang til eller bruge vores tjenester. Ved at tilg\u00e5 eller bruge vores tjenester, repr\u00e6senterer og garanterer du, at du er mindst 18 \u00e5r gammel, og at du udelukkende bruger vores tjenester til iv\u00e6rks\u00e6tter-, forretnings- eller professionelle form\u00e5l. Vores tjenester er udelukkende beregnet til enkeltpersoner eller enheder, der deltager i forretningsaktiviteter. Hvis du ikke opfylder disse krav, har du forbud mod at bruge vores tjenester.   <\/p>\n<ol style=\"text-align: left;\" start=\"3\">\n<li><strong>Registrering af konto<\/strong><\/li>\n<\/ol>\n<p>For at f\u00e5 adgang til visse funktioner i vores tjenester, kan du blive bedt om at oprette en konto. Du er alene ansvarlig for at opretholde fortroligheden af \u200b\u200bdine kontooplysninger, herunder dit brugernavn og adgangskode, og for alle aktiviteter, der finder sted under din konto. Du accepterer straks at underrette os om enhver uautoriseret adgang eller brug af din konto eller ethvert andet brud p\u00e5 sikkerheden. Vi er ikke ansvarlige for tab eller skader som f\u00f8lge af din manglende overholdelse af denne sikkerhedsforpligtelse.  <\/p>\n<ol style=\"text-align: left;\" start=\"4\">\n<li><strong>Gratis pr\u00f8veversion<\/strong><\/li>\n<\/ol>\n<p>Vi tilbyder en 30-dages gratis pr\u00f8veperiode for vores CSS-program, hvor der ikke kr\u00e6ves kreditkort- eller betalingsoplysninger. Ved udl\u00f8bet af pr\u00f8veperioden vil fortsat adgang til vores tjenester kr\u00e6ve, at du v\u00e6lger en prisplan og angiver gyldige betalingsoplysninger. Undladelse af at g\u00f8re dette vil resultere i suspendering af din adgang til Tjenesterne. Ved at forts\u00e6tte med at bruge vores tjenester efter udl\u00f8bet af den gratis pr\u00f8veperiode, accepterer du at v\u00e6lge og abonnere p\u00e5 en betalt serviceplan, og du anerkender, at du er forpligtet til at opfylde betalingsbetingelserne, der er knyttet til den valgte plan.   <\/p>\n<ol style=\"text-align: left;\" start=\"5\">\n<li><strong>Priser og betaling<\/strong><\/li>\n<\/ol>\n<p>Vores prisplaner er tilg\u00e6ngelige p\u00e5 vores hjemmeside, og tilbyder forskellige muligheder skr\u00e6ddersyet til at im\u00f8dekomme forskellige behov. Betalinger forfalder enten p\u00e5 m\u00e5neds- eller \u00e5rsbasis, afh\u00e6ngigt af den plan, du v\u00e6lger. I overensstemmelse med individuel kommunikation og efter vores sk\u00f8n forbeholder vi os retten til at udvide tilbud om rabatter, bonusser eller andre salgsfremmende incitamenter. S\u00e5danne tilbud kan gives fra sag til sag og udg\u00f8r ikke en forpligtelse fra vores side til at udvide lignende vilk\u00e5r til enhver anden kunde eller p\u00e5 noget andet tidspunkt. Disse rabatter og bonusser gives udelukkende efter vores sk\u00f8n og kan v\u00e6re underlagt yderligere vilk\u00e5r og betingelser som specificeret p\u00e5 tidspunktet for tilbuddet. Alle gebyrer kan ikke refunderes, undtagen hvor det kr\u00e6ves af g\u00e6ldende lovgivning.     <\/p>\n<\/p>\n<p>Betalingsforpligtelser for vores tjenester begynder 30 dage efter den dato, hvor dit Merchant Center (MC) skifter til verteco.shop Comparison Shopping Service (CSS) er accepteret. Dette betyder, at du vil begynde at p\u00e5drage dig gebyrer for Tjenesterne fra og med 30 dage fra acceptdatoen for MC-skiftet til vores CSS-platform. Betalingsperioden forts\u00e6tter uafbrudt, indtil dit Merchant Center officielt afbrydes fra verteco.shop CSS.  <\/p>\n<p>Du er ansvarlig for at sikre, at afbrydelsesprocessen er fuldf\u00f8rt, hvis du v\u00e6lger at afslutte Tjenesterne. Hvis du ikke afbryder dit Merchant Center korrekt fra vores CSS, vil det resultere i fortsat fakturering, og du forbliver ansvarlig for alle afgifter, indtil afbrydelsen er afsluttet. <\/p>\n<p>Alle betalinger forfalder i overensstemmelse med faktureringscyklussen for den prisplan, du har valgt, hvad enten det er m\u00e5nedligt eller \u00e5rligt. Fakturaer vil blive udstedt i overensstemmelse hermed, og fuld betaling skal v\u00e6re modtaget inden den forfaldsdato, der er angivet p\u00e5 fakturaen, for at undg\u00e5 enhver afbrydelse eller suspension af Tjenesterne. Forsinkede betalinger kan resultere i yderligere gebyrer eller renter som tilladt ved lov, og vedvarende manglende rettidig betaling kan f\u00f8re til opsigelse af din adgang til Tjenesterne.  <\/p>\n<p>Det er vigtigt at bem\u00e6rke, at selvom vi leverer platformen til CSS, har vi ikke adgang til dine Google Ads- eller Google Merchant Center-konti. Som s\u00e5dan er du alene ansvarlig for at administrere disse konti, herunder initiering og bekr\u00e6ftelse af eventuelle afbrydelser fra vores CSS-platform. <\/p>\n<p>Ved at forts\u00e6tte med at bruge vores tjenester efter den f\u00f8rste 30-dages periode efter accept af MC-switchen, anerkender og accepterer du disse betalingsbetingelser. Du forst\u00e5r, at betalingen forfalder som specificeret heri, og at du er forpligtet til at opfylde alle betalingsforpligtelser, indtil Tjenesterne afsluttes korrekt i overensstemmelse med disse Vilk\u00e5r. <\/p>\n<\/p>\n<p>For at undg\u00e5 tvivl, mens Elite Digital Services, LLC er den prim\u00e6re enhed, der er ansvarlig for leveringen af \u200b\u200btjenester i henhold til disse vilk\u00e5r, kan visse tjenester blive faktureret af vores tilknyttede selskaber eller datterselskaber, b\u00e5de inden for og uden for USA, som anses for n\u00f8dvendigt for driften effektivitet. Uanset s\u00e5danne faktureringsordninger forbliver Elite Digital Services, LLC den prim\u00e6re enhed med hensyn til den overordnede udf\u00f8relse af tjenester og overholdelse af disse vilk\u00e5r. <\/p>\n<p>Ved at acceptere disse vilk\u00e5r giver du dit samtykke til muligheden for, at fakturaer kan udstedes af andre enheder end Elite Digital Services, LLC, uden at det p\u00e5virker dine forpligtelser i henhold til disse vilk\u00e5r. Alle faktureringsenheder vil blive autoriseret af Elite Digital Services, LLC og vil handle p\u00e5 deres vegne i forbindelse med de leverede tjenester. <\/p>\n<ol style=\"text-align: left;\" start=\"6\">\n<li><strong>\u00c6ndringer af tjenester og vilk\u00e5r<\/strong><\/li>\n<\/ol>\n<p>Vi forbeholder os retten til at \u00e6ndre vores tjenester eller disse vilk\u00e5r til enhver tid efter eget sk\u00f8n. I tilf\u00e6lde af v\u00e6sentlige \u00e6ndringer af disse vilk\u00e5r, vil vi give dig besked ved at offentligg\u00f8re de opdaterede vilk\u00e5r p\u00e5 vores hjemmeside eller ved hj\u00e6lp af andre passende kommunikationsmidler. Din fortsatte brug af vores tjenester efter meddelelsen om s\u00e5danne \u00e6ndringer udg\u00f8r din accept af de reviderede vilk\u00e5r. Hvis du ikke er enig i de \u00e6ndrede vilk\u00e5r, skal du stoppe din brug af tjenesterne med det samme.   <\/p>\n<ol style=\"text-align: left;\" start=\"7\">\n<li><strong>Afslutning<\/strong><\/li>\n<\/ol>\n<p>Hver af parterne kan opsige denne aftale til enhver tid, uanset \u00e5rsag, ved at give skriftlig meddelelse til den anden part. Ved opsigelse skal du straks afbryde al brug af vores tjenester, og vi vil straks deaktivere din adgang til vores platform. Opsigelse af denne aftale fritager ikke nogen af \u200b\u200bparterne for forpligtelser eller forpligtelser, der er p\u00e5l\u00f8bet f\u00f8r datoen for opsigelsen.  <\/p>\n<ol style=\"text-align: left;\" start=\"8\">\n<li><strong>Intellektuel ejendomsret<\/strong><\/li>\n<\/ol>\n<p>Alt indhold, varem\u00e6rker og anden intellektuel ejendom, der er forbundet med vores tjenester, tilh\u00f8rer Vertecos digitale tjenester eller dets licensgivere. Du er forbudt at bruge, \u00e6ndre, reproducere, distribuere eller p\u00e5 anden m\u00e5de udnytte nogen af \u200b\u200bvores intellektuelle ejendom uden at have indhentet vores forudg\u00e5ende skriftlige samtykke. Uautoriseret brug af vores intellektuelle ejendom kan resultere i retssager.  <\/p>\n<ol style=\"text-align: left;\" start=\"9\">\n<li><strong>Ansvarsfraskrivelser og ansvarsbegr\u00e6nsninger<\/strong><\/li>\n<\/ol>\n<p>Ved at bruge vores tjenester anerkender og accepterer du, at vi ikke har adgang til dine Google Ads- eller Google Merchant Center-konti. Som s\u00e5dan er du eneansvarlig for dine handlinger, beslutninger og eventuelle fejl eller udeladelser i disse konti. Dette inkluderer enhver potentiel skade, s\u00e5som tab af fortjeneste, data eller goodwill. Selvom vi er forpligtet til at levere tjenester af h\u00f8j kvalitet, forst\u00e5r du, at vi ikke kan holdes ansvarlige for problemer, der opst\u00e5r som f\u00f8lge af dine handlinger eller omst\u00e6ndigheder uden for vores kontrol. Du forventes at administrere dine konti p\u00e5 en kompetent m\u00e5de, vel vidende at vi ikke griber ind eller f\u00e5r adgang til dem p\u00e5 dine vegne.    <\/p>\n<ol style=\"text-align: left;\" start=\"10\">\n<li><strong>G\u00e6ldende lov og jurisdiktion<\/strong><\/li>\n<\/ol>\n<p>Disse vilk\u00e5r er underlagt g\u00e6ldende love, og vi er forpligtet til at overholde dem. Eventuelle tvister, der opst\u00e5r som f\u00f8lge af eller relateret til disse vilk\u00e5r eller din brug af vores tjenester, skal udelukkende afg\u00f8res ved domstolene inden for jurisdiktionen af \u200b\u200btjenesteudbyderens hovedforretningssted. Ved at bruge vores tjenester accepterer du at underkaste dig disse domstoles jurisdiktion til l\u00f8sning af s\u00e5danne tvister.  <\/p>\n<ol style=\"text-align: left;\" start=\"11\">\n<li><strong>Adskillelighed<\/strong><\/li>\n<\/ol>\n<p>Hvis en del af disse vilk\u00e5r viser sig at v\u00e6re uh\u00e5ndh\u00e6velig eller ugyldig, vil den specifikke del blive justeret eller fjernet s\u00e5 lidt som muligt, s\u00e5 resten af \u200b\u200bvilk\u00e5rene vil fortsat v\u00e6re fuldt effektive og h\u00e5ndh\u00e6vede.<\/p>\n<ol style=\"text-align: left;\" start=\"12\">\n<li><strong>Hele aftalen<\/strong><\/li>\n<\/ol>\n<p style=\"text-align: left;\">Disse vilk\u00e5r udg\u00f8r sammen med vores fortrolighedspolitik hele aftalen mellem dig og Verteco vedr\u00f8rende din brug af vores tjenester og erstatter alle tidligere eller samtidige aftaler, kommunikationer og forslag, hvad enten de er mundtlige eller skriftlige, mellem dig og Verteco.<\/p>\n<p style=\"text-align: left;\">Hvis du har sp\u00f8rgsm\u00e5l eller bekymringer om disse vilk\u00e5r eller vores tjenester, bedes du kontakte os p\u00e5 e-mail: <a href=\"mailto:info@verteco.shop\">info@verteco.shop<\/a><\/p>\n<p style=\"text-align: left;\">\u00a9 Elite Digital Services, LLC<\/p>\n<p style=\"text-align: left;\">  Alle rettigheder forbeholdes.<\/p>\n<p>Version: 20. 08. 2024  <\/p>\n\t\t\t\t\t\t\t\t<\/div>\n\t\t\t\t<\/div>\n\t\t\t\t\t<\/div>\n\t\t<\/div>\n\t\t\t\t\t<\/div>\n\t\t<\/section>\n\t\t\t\t<\/div>\n\t\t","protected":false},"excerpt":{"rendered":"<p>Vilk\u00e5r for brug Disse servicevilk\u00e5r (\u201cBetingelser\u201d) er udstedt af Elite Digital Services, LLC, et Delaware Limited Liability Company, med dets registrerede kontor p\u00e5 1111B S Governors Ave, STE 21653, Dover, DE 19904, USA (herefter ben\u00e6vnt &#8220;Verteco&#8221; ,&#8221; &#8220;vi&#8221;, &#8220;os&#8221; eller &#8220;vores&#8221;). Disse vilk\u00e5r regulerer din adgang til og brug af vores tjenester, herunder, men ikke [&hellip;]<\/p>\n","protected":false},"author":1,"featured_media":0,"parent":0,"menu_order":0,"comment_status":"closed","ping_status":"closed","template":"","meta":{"footnotes":""},"class_list":["post-9991","page","type-page","status-publish","hentry"],"_links":{"self":[{"href":"https:\/\/verteco.shop\/da\/wp-json\/wp\/v2\/pages\/9991","targetHints":{"allow":["GET"]}}],"collection":[{"href":"https:\/\/verteco.shop\/da\/wp-json\/wp\/v2\/pages"}],"about":[{"href":"https:\/\/verteco.shop\/da\/wp-json\/wp\/v2\/types\/page"}],"author":[{"embeddable":true,"href":"https:\/\/verteco.shop\/da\/wp-json\/wp\/v2\/users\/1"}],"replies":[{"embeddable":true,"href":"https:\/\/verteco.shop\/da\/wp-json\/wp\/v2\/comments?post=9991"}],"version-history":[{"count":0,"href":"https:\/\/verteco.shop\/da\/wp-json\/wp\/v2\/pages\/9991\/revisions"}],"wp:attachment":[{"href":"https:\/\/verteco.shop\/da\/wp-json\/wp\/v2\/media?parent=9991"}],"curies":[{"name":"wp","href":"https:\/\/api.w.org\/{rel}","templated":true}]}}