{"id":15294,"date":"2023-05-18T23:08:19","date_gmt":"2023-05-18T21:08:19","guid":{"rendered":"https:\/\/verteco.shop\/fortrolighedspolitik"},"modified":"2024-08-20T18:57:14","modified_gmt":"2024-08-20T16:57:14","slug":"fortrolighedspolitik","status":"publish","type":"page","link":"https:\/\/verteco.shop\/da\/fortrolighedspolitik\/","title":{"rendered":"Politik om beskyttelse af personlige oplysninger"},"content":{"rendered":"\t\t<div data-elementor-type=\"wp-page\" data-elementor-id=\"15294\" class=\"elementor elementor-15294 elementor-7044\" data-elementor-post-type=\"page\">\n\t\t\t\t\t\t<section class=\"elementor-section elementor-top-section elementor-element elementor-element-20c115e2 elementor-section-boxed elementor-section-height-default elementor-section-height-default\" data-id=\"20c115e2\" data-element_type=\"section\" data-e-type=\"section\">\n\t\t\t\t\t\t<div class=\"elementor-container elementor-column-gap-default\">\n\t\t\t\t\t<div class=\"elementor-column elementor-col-100 elementor-top-column elementor-element elementor-element-7140ffb9\" data-id=\"7140ffb9\" data-element_type=\"column\" data-e-type=\"column\">\n\t\t\t<div class=\"elementor-widget-wrap elementor-element-populated\">\n\t\t\t\t\t\t<div class=\"elementor-element elementor-element-d8fbd51 elementor-widget elementor-widget-heading\" data-id=\"d8fbd51\" data-element_type=\"widget\" data-e-type=\"widget\" data-widget_type=\"heading.default\">\n\t\t\t\t<div class=\"elementor-widget-container\">\n\t\t\t\t\t<h2 class=\"elementor-heading-title elementor-size-default\">Politik om beskyttelse af personlige oplysninger<\/h2>\t\t\t\t<\/div>\n\t\t\t\t<\/div>\n\t\t\t\t\t<\/div>\n\t\t<\/div>\n\t\t\t\t\t<\/div>\n\t\t<\/section>\n\t\t\t\t<section class=\"elementor-section elementor-top-section elementor-element elementor-element-47743373 elementor-section-boxed elementor-section-height-default elementor-section-height-default\" data-id=\"47743373\" data-element_type=\"section\" data-e-type=\"section\">\n\t\t\t\t\t\t<div class=\"elementor-container elementor-column-gap-default\">\n\t\t\t\t\t<div class=\"elementor-column elementor-col-100 elementor-top-column elementor-element elementor-element-54aab426\" data-id=\"54aab426\" data-element_type=\"column\" data-e-type=\"column\">\n\t\t\t<div class=\"elementor-widget-wrap elementor-element-populated\">\n\t\t\t\t\t\t<div class=\"elementor-element elementor-element-369420f6 elementor-widget elementor-widget-text-editor\" data-id=\"369420f6\" data-element_type=\"widget\" data-e-type=\"widget\" data-widget_type=\"text-editor.default\">\n\t\t\t\t<div class=\"elementor-widget-container\">\n\t\t\t\t\t\t\t\t\t<p>i henhold til artikel 19 ff. af lov nr. 18\/2018 Saml.  om beskyttelse af personoplysninger og om \u00e6ndringer og till\u00e6g til visse love, som \u00e6ndret, i overensstemmelse med artikel 13 og 14 i Europa-Parlamentets og R\u00e5dets forordning (EU) 2016\/679 af 27. april 2016 om beskyttelse af fysiske personer med hensyn til behandling af personoplysninger og om fri udveksling af s\u00e5danne data, og om oph\u00e6velse af direktiv 95\/46\/EF (generel databeskyttelsesforordning) (i det f\u00f8lgende ben\u00e6vnt &#8220;GDPR&#8221;).<\/p>\n<p>I henhold til bestemmelserne i artikel 19 ff. af lov nr. 18\/2018 Saml. om Persondatabeskyttelse som \u00e6ndret (herefter ben\u00e6vnt &#8220;Persondataloven&#8221;), giver vi dig som registreret f\u00f8lgende oplysninger om behandlingen af \u200b\u200bdine personoplysninger.  <\/p>\n<p><strong>Dataansvarlig:<\/strong><br \/> Controlleren er virksomheden <strong>Elite Digital Services<\/strong> , med dets registrerede kontor p\u00e5 1111B S Governors Ave, STE 21653, Dover, DE 19904, USA repr\u00e6senteret af: Norman Bytri\u010dan (herefter ben\u00e6vnt &#8220;Controlleren&#8221;).<\/p>\n<p>Kontaktoplysninger:<\/p>\n<p><strong>  E-mail: info@verteco.shop<br \/> Telefon: +32 480 20 46 99<\/strong><\/p>\n<p><strong>Adgang til personlige data:<\/strong><\/p>\n<p>Ved behandlingen af \u200b\u200bpersonoplysninger kan andre personer, der behandler personoplysninger som databehandlere, have adgang til personoplysninger, ud over den dataansvarlige og de virksomheder, der er relateret til Elite Digital Services, LLC og deres ansatte. En specifik, l\u00f8bende opdateret liste over databehandlere, dvs. modtagere af personoplysninger behandlet p\u00e5 vegne af den dataansvarlige, i f\u00f8lgende kategorier: <\/p>\n<p>\u2022 Virksomheder, der leverer marketingtjenester<br \/> \u2022 Virksomheder, der leverer l\u00f8n- og regnskabstjenester<br \/> \u2022 Virksomheder, der leverer interne og eksterne revisionsydelser<\/p>\n<p><strong><br \/>Retsgrundlag:<\/strong><\/p>\n<p>Retsgrundlaget for behandling af personoplysninger er som udgangspunkt opfyldelse af den lovbestemte forpligtelse (is\u00e6r lov nr. 18\/2018 Coll. om Persondatabeskyttelse), indg\u00e5else, administration og opfyldelse af kontraktlige forpligtelser, der f\u00f8lger af ans\u00e6ttelses- og kommercielle kontrakter, den legitime interesse, som er beskyttelsen af \u200b\u200bden dataansvarliges og hans medarbejderes rettigheder og interesser, der er retligt beskyttet, samt samtykke fra den registrerede (hovedsageligt med henblik p\u00e5 markedsf\u00f8ring, konkurrencer, sociale arrangementer). , etc.). Samtykket til behandling af personoplysninger skal gives frivilligt, og den registrerede kan til enhver tid tr\u00e6kke samtykket tilbage. Samtykket er dog n\u00f8dvendigt for, at den dataansvarlige kan sikre fx firmaarrangementer og lignende, og uden et s\u00e5dant samtykke er den dataansvarlige ikke berettiget til at levere de p\u00e5g\u00e6ldende ydelser. Hvis den registrerede n\u00e6gter at give den dataansvarlige de personoplysninger, der kr\u00e6ves med henblik p\u00e5 at opfylde den dataansvarliges kontraktlige forpligtelser eller overholde loven, er den dataansvarlige ikke forpligtet til at indg\u00e5 en kontrakt eller levere andre tjenester.   <\/p>\n<p><strong><br \/>Behandlede personoplysninger:<\/strong><\/p>\n<p>Vi indsamler vores forhandleres kunders navn, e-mail, forsendelses- og faktureringsadresse, betalingsoplysninger, firmanavn, telefonnummer, IP-adresse, oplysninger om ordrer, du initierer, oplysninger om Elite Digital Services &#8211; underst\u00f8ttede handlende butikker, som du bes\u00f8ger, og information om den enhed og browser, du bruger. Vi indsamler disse oplysninger, n\u00e5r du bruger eller f\u00e5r adgang til en butik, der bruger vores tjenester, s\u00e5som n\u00e5r du bes\u00f8ger en k\u00f8bmands websted, afgiver en ordre eller tilmelder dig en konto p\u00e5 en k\u00f8bmands websted. N\u00e5r du bes\u00f8ger eller gennemser webstedet verteco.shop CSS-tjenester, indsamler vi oplysninger om den enhed og browser, du bruger, din netv\u00e6rksforbindelse, din IP-adresse og oplysninger om de cookies, der er installeret p\u00e5 din enhed. Vi indsamler ogs\u00e5 personlige oplysninger indsendt af dig via enhver beskedfunktion, der er tilg\u00e6ngelig fra vores hjemmeside. Fra forumbrugere indsamler vi dit navn, e-mailadresse, websteds-URL og andre personlige oplysninger, du m\u00e5tte sende.    <\/p>\n<p><strong><br \/>Form\u00e5l med behandling og deling:<\/strong><\/p>\n<p>Vi bruger disse oplysninger til at give vores forhandlere tjenesterne, herunder support og behandling af ordrer, autentificering og betalinger. Vi bruger ogs\u00e5 disse oplysninger til at forbedre vores tjenester. Elite Digital Services, LLC, arbejder ogs\u00e5 med en tredjepart og tjenesteudbydere for at hj\u00e6lpe med at give vores forhandlere tjenesterne, og vi kan dele personlige oplysninger med dem for at underst\u00f8tte disse bestr\u00e6belser. Vi kan ogs\u00e5 dele dine oplysninger under f\u00f8lgende omst\u00e6ndigheder:   <\/p>\n<ul>\n<li>at forhindre, efterforske eller tr\u00e6ffe foranstaltninger vedr\u00f8rende ulovlige aktiviteter, mistanke om svig, situationer, der involverer potentielle trusler mod en persons fysiske sikkerhed, overtr\u00e6delser af vores brugsbetingelser eller enhver anden aftale relateret til tjenesterne, eller som p\u00e5 anden m\u00e5de kr\u00e6ves af lov.<\/li>\n<li>Hvis den s\u00e6lger, hvis butik du bes\u00f8ger eller har adgang til, beder os om at overf\u00f8re disse oplysninger (f.eks. hvis de aktiverer en tredjepartsapp, der f\u00e5r adgang til kundens personlige oplysninger).<\/li>\n<li>for at overholde juridiske krav eller for at reagere p\u00e5 lovlige retskendelser, st\u00e6vninger, kendelser eller andre anmodninger fra offentlige myndigheder (herunder for at opfylde krav til national sikkerhed eller retsh\u00e5ndh\u00e6velse).<\/li>\n<\/ul>\n<p>Personlige oplysninger kan ogs\u00e5 blive delt med en virksomhed, der opk\u00f8ber vores forretning eller en forretning, hvis butik du bes\u00f8ger eller f\u00e5r adgang til, uanset om det er gennem fusion, opk\u00f8b, konkurs, opl\u00f8sning, rekonstruktion eller anden lignende transaktion eller procedure.<\/p>\n<p><strong><br \/>Opbevaring af personoplysninger og varighed af behandlingen:<\/strong><\/p>\n<p>Den dataansvarlige er bemyndiget til at behandle de registreredes personoplysninger i en periode, der er fastsat i overensstemmelse med den relevante lovgivning. Behandling af personoplysninger efter et samtykke er kun mulig i den periode, som samtykket er givet. Samtykket gives til den registeransvarlige i de f\u00f8lgende tre (3) \u00e5r eller indtil det \u00f8jeblik, hvor samtykket tr\u00e6kkes tilbage. Ved udl\u00f8bet af den relevante periode vil personoplysninger blive slettet, hvis deres opbevaring ikke er p\u00e5kr\u00e6vet i henhold til den relevante lovgivning.   <\/p>\n<p><strong><br \/>Rettigheder for registrerede i forbindelse med behandling af personoplysninger:<\/strong><\/p>\n<p>Med hensyn til behandling af personoplysninger kan registrerede ud\u00f8ve f\u00f8lgende rettigheder:<\/p>\n<ul>\n<li>retten til at f\u00e5 adgang til og f\u00e5 udleveret oplysninger om deres personlige data;<\/li>\n<li>retten til berigtigelse af personoplysninger;<\/li>\n<li>retten til sletning af personoplysninger;<\/li>\n<li>retten til begr\u00e6nsning af behandling af personoplysninger<\/li>\n<li>retten til persondataportabilitet;<\/li>\n<li>retten til at g\u00f8re indsigelse mod behandlingen af \u200b\u200bpersonoplysninger;<\/li>\n<li>retten til ineffektiviteten af \u200b\u200bautomatiseret individuel beslutningstagning, herunder profilering;<\/li>\n<li>retten til at tr\u00e6kke samtykke tilbage til enhver tid (hvis samtykke er det juridiske grundlag for behandlingen);<\/li>\n<li>ret til at indgive beg\u00e6ring om at indlede procedure i henhold til artikel 100 ff. i persondataloven med tilsynsmyndigheden. <\/li>\n<\/ul>\n<p>Registrerede kan ud\u00f8ve ovenst\u00e5ende rettigheder, som er n\u00e6rmere specificeret i bestemmelserne i artikel 21 ff. i persondataloven, i overensstemmelse med persondataloven og GDPR samt anden relevant lovgivning. Registrerede kan ud\u00f8ve deres rettigheder over for den dataansvarlige ved en skriftlig anmodning sendt eller leveret til den dataansvarliges hjemsted eller ved elektronisk post sendt til adressen: info@verteco.shop<br \/> Anmodningen skal indeholde f\u00f8lgende oplysninger: navn, efternavn, f\u00f8dselsdato og fast adresse, s\u00e5ledes at den dataansvarlige kan identificere den registrerede. Den dataansvarlige kan anmode om yderligere oplysninger, der er n\u00f8dvendige for at verificere den registreredes identitet, hvis han har rimelig tvivl om den fysiske persons identitet. Den dataansvarlige er forpligtet til at give den registrerede oplysninger om de foranstaltninger, der er truffet p\u00e5 hans\/hendes anmodning, inden for en (1) m\u00e5ned efter modtagelsen af \u200b\u200banmodningen. I begrundede tilf\u00e6lde, med hensyn til kompleksiteten og antallet af anmodninger, kan den dataansvarlige forl\u00e6nge ovenn\u00e6vnte periode med yderligere to (2) m\u00e5neder, endda gentagne gange. Den dataansvarlige er forpligtet til at informere den registrerede om en s\u00e5dan forl\u00e6ngelse inden for en (1) m\u00e5ned efter modtagelsen af \u200b\u200banmodningen med angivelse af \u00e5rsagerne til forl\u00e6ngelsen af \u200b\u200bfristen. Hvis den registrerede har indgivet anmodningen i elektronisk form, skal den dataansvarlige give oplysningerne i elektronisk form, medmindre den registrerede p\u00e5 anden m\u00e5de har anmodet om oplysninger. Hvis den dataansvarlige undlader at tr\u00e6ffe foranstaltninger efter anmodning fra den registrerede, er han forpligtet til at informere den registrerede om \u00e5rsagerne til manglende handling inden for en (1) m\u00e5ned efter modtagelsen af \u200b\u200banmodningen samt om muligheden at indgive beg\u00e6ring om at indlede en sag i henhold til persondatalovens artikel 100 til Kontoret for Persondatabeskyttelse. Meddelelser om de trufne foranstaltninger skal gives gratis. Hvis anmodningen fra den registrerede er \u00e5benlyst ubegrundet eller upassende, is\u00e6r p\u00e5 grund af dens tilbagevendende karakter, kan den dataansvarlige kr\u00e6ve et rimeligt gebyr under hensyntagen til de administrative omkostninger ved at give oplysningerne eller et rimeligt gebyr under hensyntagen til de administrative omkostninger af underretningen eller et rimeligt gebyr under hensyntagen til de administrative omkostninger ved at gennemf\u00f8re den anmodede foranstaltning, eller n\u00e6gte at reagere p\u00e5 anmodningen. Den dataansvarlige skal bevise, at anmodningen er ubegrundet eller upassende.           <\/p>\n<p>Elite Digital Services, LLC, forst\u00e5r, at du har rettigheder over dine personlige oplysninger, og tager rimelige skridt for at give dig adgang til, rette, \u00e6ndre, slette, overf\u00f8re eller begr\u00e6nse brugen af \u200b\u200bdine personlige oplysninger. Hvis du er k\u00f8bmand eller partner, kan du opdatere mange typer personlige oplysninger, s\u00e5som betalings- eller kontaktoplysninger, direkte i dine kontoindstillinger. Hvis du ikke er i stand til at \u00e6ndre dine personlige oplysninger i dine kontoindstillinger, eller hvis du er bekymret for data indsamlet, n\u00e5r du bes\u00f8ger Elite Digital Services, LLCs hjemmeside eller bruger vores supporttjenester, bedes du kontakte os for at foretage de n\u00f8dvendige \u00e6ndringer. Det er vigtigt at huske, at hvis du sletter eller begr\u00e6nser brugen af \u200b\u200bdine personlige oplysninger, fungerer tjenesterne muligvis ikke korrekt.   <\/p>\n\t\t\t\t\t\t\t\t<\/div>\n\t\t\t\t<\/div>\n\t\t\t\t\t<\/div>\n\t\t<\/div>\n\t\t\t\t\t<\/div>\n\t\t<\/section>\n\t\t\t\t<\/div>\n\t\t","protected":false},"excerpt":{"rendered":"<p>Politik om beskyttelse af personlige oplysninger i henhold til artikel 19 ff. af lov nr. 18\/2018 Saml. om beskyttelse af personoplysninger og om \u00e6ndringer og till\u00e6g til visse love, som \u00e6ndret, i overensstemmelse med artikel 13 og 14 i Europa-Parlamentets og R\u00e5dets forordning (EU) 2016\/679 af 27. april 2016 om beskyttelse af fysiske personer med [&hellip;]<\/p>\n","protected":false},"author":1,"featured_media":0,"parent":0,"menu_order":0,"comment_status":"closed","ping_status":"closed","template":"","meta":{"footnotes":""},"class_list":["post-15294","page","type-page","status-publish","hentry"],"_links":{"self":[{"href":"https:\/\/verteco.shop\/da\/wp-json\/wp\/v2\/pages\/15294","targetHints":{"allow":["GET"]}}],"collection":[{"href":"https:\/\/verteco.shop\/da\/wp-json\/wp\/v2\/pages"}],"about":[{"href":"https:\/\/verteco.shop\/da\/wp-json\/wp\/v2\/types\/page"}],"author":[{"embeddable":true,"href":"https:\/\/verteco.shop\/da\/wp-json\/wp\/v2\/users\/1"}],"replies":[{"embeddable":true,"href":"https:\/\/verteco.shop\/da\/wp-json\/wp\/v2\/comments?post=15294"}],"version-history":[{"count":0,"href":"https:\/\/verteco.shop\/da\/wp-json\/wp\/v2\/pages\/15294\/revisions"}],"wp:attachment":[{"href":"https:\/\/verteco.shop\/da\/wp-json\/wp\/v2\/media?parent=15294"}],"curies":[{"name":"wp","href":"https:\/\/api.w.org\/{rel}","templated":true}]}}