{"id":9989,"date":"2023-05-18T23:08:13","date_gmt":"2023-05-18T21:08:13","guid":{"rendered":"https:\/\/verteco.shop\/podminky-poskytovani-sluzeb\/"},"modified":"2024-11-08T17:10:07","modified_gmt":"2024-11-08T15:10:07","slug":"podminky-poskytovani-sluzeb","status":"publish","type":"page","link":"https:\/\/verteco.shop\/cs\/podminky-poskytovani-sluzeb\/","title":{"rendered":"Obchodn\u00ed podm\u00ednky"},"content":{"rendered":"\t\t<div data-elementor-type=\"wp-page\" data-elementor-id=\"9989\" class=\"elementor elementor-9989 elementor-7045\" data-elementor-post-type=\"page\">\n\t\t\t\t\t\t<section class=\"elementor-section elementor-top-section elementor-element elementor-element-2140112 elementor-section-boxed elementor-section-height-default elementor-section-height-default\" data-id=\"2140112\" data-element_type=\"section\" data-e-type=\"section\">\n\t\t\t\t\t\t<div class=\"elementor-container elementor-column-gap-default\">\n\t\t\t\t\t<div class=\"elementor-column elementor-col-100 elementor-top-column elementor-element elementor-element-c52fb5b\" data-id=\"c52fb5b\" data-element_type=\"column\" data-e-type=\"column\">\n\t\t\t<div class=\"elementor-widget-wrap elementor-element-populated\">\n\t\t\t\t\t\t<div class=\"elementor-element elementor-element-e3899a0 elementor-widget elementor-widget-heading\" data-id=\"e3899a0\" data-element_type=\"widget\" data-e-type=\"widget\" data-widget_type=\"heading.default\">\n\t\t\t\t<div class=\"elementor-widget-container\">\n\t\t\t\t\t<h2 class=\"elementor-heading-title elementor-size-default\">Obchodn\u00ed podm\u00ednky<\/h2>\t\t\t\t<\/div>\n\t\t\t\t<\/div>\n\t\t\t\t\t<\/div>\n\t\t<\/div>\n\t\t\t\t\t<\/div>\n\t\t<\/section>\n\t\t\t\t<section class=\"elementor-section elementor-top-section elementor-element elementor-element-2f6b0dc3 elementor-section-boxed elementor-section-height-default elementor-section-height-default\" data-id=\"2f6b0dc3\" data-element_type=\"section\" data-e-type=\"section\">\n\t\t\t\t\t\t<div class=\"elementor-container elementor-column-gap-default\">\n\t\t\t\t\t<div class=\"elementor-column elementor-col-100 elementor-top-column elementor-element elementor-element-6f586bdd\" data-id=\"6f586bdd\" data-element_type=\"column\" data-e-type=\"column\">\n\t\t\t<div class=\"elementor-widget-wrap elementor-element-populated\">\n\t\t\t\t\t\t<div class=\"elementor-element elementor-element-73b178c0 elementor-widget elementor-widget-text-editor\" data-id=\"73b178c0\" data-element_type=\"widget\" data-e-type=\"widget\" data-widget_type=\"text-editor.default\">\n\t\t\t\t<div class=\"elementor-widget-container\">\n\t\t\t\t\t\t\t\t\t<p style=\"text-align: start;\">Tyto podm\u00ednky slu\u017eby (d\u00e1le jen \u201epodm\u00ednky\u201c) vyd\u00e1v\u00e1 spole\u010dnost Elite Digital Services, LLC, spole\u010dnost s ru\u010den\u00edm omezen\u00fdm v Delaware, se s\u00eddlem 1111B S Governors Ave, STE 21653, Dover, DE 19904, USA (d\u00e1le jen \u201eVerteco &#8222;,&#8220; &#8222;my&#8220;, &#8222;n\u00e1s&#8220; nebo &#8222;na\u0161e&#8220;). Tyto podm\u00ednky upravuj\u00ed v\u00e1\u0161 p\u0159\u00edstup k na\u0161im slu\u017eb\u00e1m a jejich pou\u017e\u00edv\u00e1n\u00ed, v\u010detn\u011b, ale nikoli v\u00fdhradn\u011b, programu Verteco.shop Comparison Shopping Service (CSS), na\u0161ich webov\u00fdch str\u00e1nek, n\u00e1stroj\u016f a jak\u00fdchkoli dal\u0161\u00edch n\u00e1mi poskytovan\u00fdch funkc\u00ed (spole\u010dn\u011b ozna\u010dovan\u00fdch jako \u201e Slu\u017eby\u201d). <\/p>\n<p style=\"text-align: start;\">P\u0159\u00edstupem k na\u0161im Slu\u017eb\u00e1m nebo jejich pou\u017e\u00edv\u00e1n\u00edm potvrzujete (&#8222;vy&#8220;, &#8222;v\u00e1\u0161&#8220; nebo &#8222;z\u00e1kazn\u00edk&#8220;), \u017ee jste si p\u0159e\u010detli, porozum\u011bli a souhlas\u00edte s t\u00edm, \u017ee budete pr\u00e1vn\u011b v\u00e1z\u00e1ni t\u011bmito podm\u00ednkami. Pokud s t\u011bmito Podm\u00ednkami nesouhlas\u00edte, nesm\u00edte pou\u017e\u00edvat na\u0161e Slu\u017eby. <\/p>\n<p style=\"text-align: start;\">Verteco.shop poskytuje specializovanou slu\u017ebu porovn\u00e1v\u00e1n\u00ed zbo\u017e\u00ed (CSS) navr\u017eenou k optimalizaci \u00fa\u010dinnosti reklam v N\u00e1kupech Google. Na\u0161e slu\u017eby CSS vyu\u017e\u00edvaj\u00edc\u00ed pr\u00e1vn\u00ed r\u00e1mec umo\u017e\u0148uj\u00ed inzerent\u016fm potenci\u00e1ln\u011b dos\u00e1hnout a\u017e 20% sn\u00ed\u017een\u00ed reklamn\u00edch n\u00e1klad\u016f p\u0159echodem z v\u00fdchoz\u00ed slu\u017eby CSS spole\u010dnosti Google na na\u0161i platformu. Tento p\u0159echod umo\u017e\u0148uje n\u00e1kladov\u011b efektivn\u011bj\u0161\u00ed inzerci prost\u0159ednictv\u00edm zv\u00fd\u0161en\u00e9 ceny za proklik (CPC). Nab\u00edz\u00edme jednoduchou, bezrizikovou zku\u0161ebn\u00ed verzi, kter\u00e1 zachov\u00e1 va\u0161e st\u00e1vaj\u00edc\u00ed nastaven\u00ed kampan\u011b a zajist\u00ed jak bezpe\u010dnost dat, tak snadn\u00fd pokra\u010duj\u00edc\u00ed \u00fasp\u011bch inzerce.   <\/p>\n<ol style=\"text-align: left;\">\n<li><strong>P\u0159ijet\u00ed podm\u00ednek<\/strong><\/li>\n<\/ol>\n<p style=\"text-align: left;\">P\u0159\u00edstupem k na\u0161im Slu\u017eb\u00e1m nebo jejich pou\u017e\u00edv\u00e1n\u00edm potvrzujete, \u017ee jste si p\u0159e\u010detli, porozum\u011bli a souhlas\u00edte s t\u00edm, \u017ee budete pr\u00e1vn\u011b v\u00e1z\u00e1ni t\u011bmito podm\u00ednkami a na\u0161imi Z\u00e1sadami ochrany osobn\u00edch \u00fadaj\u016f. Pokud nesouhlas\u00edte s jakoukoli \u010d\u00e1st\u00ed t\u011bchto Podm\u00ednek, mus\u00edte se zdr\u017eet p\u0159\u00edstupu k na\u0161im Slu\u017eb\u00e1m nebo jejich pou\u017e\u00edv\u00e1n\u00ed. <\/p>\n<ol style=\"text-align: left;\" start=\"2\">\n<li><strong>Zp\u016fsobilost<\/strong><\/li>\n<\/ol>\n<p style=\"text-align: left;\">Abyste mohli p\u0159istupovat k na\u0161im Slu\u017eb\u00e1m nebo je pou\u017e\u00edvat, mus\u00edte b\u00fdt star\u0161\u00ed 18 let. P\u0159\u00edstupem k na\u0161im Slu\u017eb\u00e1m nebo jejich pou\u017e\u00edv\u00e1n\u00edm prohla\u0161ujete a zaru\u010dujete, \u017ee je v\u00e1m alespo\u0148 18 let a \u017ee na\u0161e Slu\u017eby pou\u017e\u00edv\u00e1te v\u00fdhradn\u011b pro podnikatelsk\u00e9, obchodn\u00ed nebo profesn\u00ed \u00fa\u010dely. Na\u0161e slu\u017eby jsou ur\u010deny v\u00fdhradn\u011b jednotlivc\u016fm nebo subjekt\u016fm zab\u00fdvaj\u00edc\u00edm se obchodn\u00ed \u010dinnost\u00ed. Pokud tyto po\u017eadavky nespl\u0148ujete, m\u00e1te zak\u00e1z\u00e1no pou\u017e\u00edvat na\u0161e Slu\u017eby.   <\/p>\n<ol style=\"text-align: left;\" start=\"3\">\n<li><strong>Registrace \u00fa\u010dtu<\/strong><\/li>\n<\/ol>\n<p>Pro p\u0159\u00edstup k n\u011bkter\u00fdm funkc\u00edm na\u0161ich slu\u017eeb m\u016f\u017eete b\u00fdt po\u017e\u00e1d\u00e1ni o vytvo\u0159en\u00ed \u00fa\u010dtu. Jste v\u00fdhradn\u011b odpov\u011bdn\u00ed za zachov\u00e1n\u00ed d\u016fv\u011brnosti p\u0159ihla\u0161ovac\u00edch \u00fadaj\u016f k va\u0161emu \u00fa\u010dtu, v\u010detn\u011b va\u0161eho u\u017eivatelsk\u00e9ho jm\u00e9na a hesla, a za v\u0161echny aktivity, ke kter\u00fdm pod va\u0161\u00edm \u00fa\u010dtem dojde. Souhlas\u00edte s t\u00edm, \u017ee n\u00e1s neprodlen\u011b upozorn\u00edte na jak\u00fdkoli neopr\u00e1vn\u011bn\u00fd p\u0159\u00edstup nebo pou\u017eit\u00ed va\u0161eho \u00fa\u010dtu nebo jak\u00e9koli jin\u00e9 poru\u0161en\u00ed zabezpe\u010den\u00ed. Neneseme odpov\u011bdnost za \u017e\u00e1dn\u00e9 ztr\u00e1ty nebo \u0161kody vznikl\u00e9 z va\u0161eho nedodr\u017een\u00ed t\u00e9to bezpe\u010dnostn\u00ed povinnosti.  <\/p>\n<ol style=\"text-align: left;\" start=\"4\">\n<li><strong>Zku\u0161ebn\u00ed verze zdarma<\/strong><\/li>\n<\/ol>\n<p>Nab\u00edz\u00edme 30denn\u00ed bezplatnou zku\u0161ebn\u00ed verzi na\u0161eho programu CSS, b\u011bhem n\u00ed\u017e nejsou vy\u017eadov\u00e1ny \u017e\u00e1dn\u00e9 \u00fadaje o kreditn\u00ed kart\u011b ani platebn\u00ed \u00fadaje. Po uplynut\u00ed zku\u0161ebn\u00edho obdob\u00ed bude pro dal\u0161\u00ed p\u0159\u00edstup k na\u0161im Slu\u017eb\u00e1m vy\u017eadovat, abyste si vybrali cenov\u00fd pl\u00e1n a poskytli platn\u00e9 platebn\u00ed \u00fadaje. Pokud tak neu\u010din\u00edte, bude v\u00e1m pozastaven p\u0159\u00edstup ke Slu\u017eb\u00e1m. Pokra\u010dov\u00e1n\u00edm v pou\u017e\u00edv\u00e1n\u00ed na\u0161ich Slu\u017eeb po vypr\u0161en\u00ed bezplatn\u00e9ho zku\u0161ebn\u00edho obdob\u00ed souhlas\u00edte s v\u00fdb\u011brem a p\u0159ihl\u00e1\u0161en\u00edm k odb\u011bru placen\u00e9ho pl\u00e1nu slu\u017eeb a potvrzujete, \u017ee jste povinni splnit platebn\u00ed podm\u00ednky spojen\u00e9 se zvolen\u00fdm pl\u00e1nem.   <\/p>\n<ol style=\"text-align: left;\" start=\"5\">\n<li><strong>Ceny a platby<\/strong><\/li>\n<\/ol>\n<p>Na\u0161e cenov\u00e9 pl\u00e1ny jsou k dispozici na na\u0161ich webov\u00fdch str\u00e1nk\u00e1ch a nab\u00edzej\u00ed r\u016fzn\u00e9 mo\u017enosti p\u0159izp\u016fsoben\u00e9 r\u016fzn\u00fdm pot\u0159eb\u00e1m. Platby jsou splatn\u00e9 bu\u010f m\u011bs\u00ed\u010dn\u011b, nebo ro\u010dn\u011b, v z\u00e1vislosti na zvolen\u00e9m pl\u00e1nu. V souladu s individu\u00e1ln\u00ed komunikac\u00ed a podle na\u0161eho uv\u00e1\u017een\u00ed si vyhrazujeme pr\u00e1vo roz\u0161\u00ed\u0159it nab\u00eddky slev, bonus\u016f nebo jin\u00fdch propaga\u010dn\u00edch pob\u00eddek. Takov\u00e9 nab\u00eddky mohou b\u00fdt poskytov\u00e1ny p\u0159\u00edpad od p\u0159\u00edpadu a nep\u0159edstavuj\u00ed z na\u0161\u00ed strany povinnost roz\u0161\u00ed\u0159it podobn\u00e9 podm\u00ednky jak\u00e9mukoli jin\u00e9mu z\u00e1kazn\u00edkovi nebo kdykoli jindy. Tyto slevy a bonusy jsou poskytov\u00e1ny v\u00fdhradn\u011b podle na\u0161eho uv\u00e1\u017een\u00ed a mohou podl\u00e9hat dodate\u010dn\u00fdm podm\u00ednk\u00e1m stanoven\u00fdm v dob\u011b nab\u00eddky. V\u0161echny poplatky jsou nevratn\u00e9, s v\u00fdjimkou p\u0159\u00edpad\u016f, kdy to vy\u017eaduj\u00ed platn\u00e9 z\u00e1kony.     <\/p>\n<\/p>\n<p>Platebn\u00ed povinnosti za na\u0161e slu\u017eby za\u010d\u00ednaj\u00ed 30 dn\u00ed po datu, kdy bude va\u0161e Merchant Center (MC) p\u0159evedena na verteco.shop Comparison Shopping Service (CSS). To znamen\u00e1, \u017ee po 30 dnech od data p\u0159ijet\u00ed p\u0159echodu MC na na\u0161i platformu CSS v\u00e1m za\u010dnou \u00fa\u010dtovat poplatky za Slu\u017eby. Platebn\u00ed obdob\u00ed bude pokra\u010dovat bez p\u0159eru\u0161en\u00ed, dokud nebude va\u0161e Merchant Center ofici\u00e1ln\u011b odpojeno od CSS verteco.shop.  <\/p>\n<p>Jste odpov\u011bdn\u00ed za to, \u017ee proces odpojen\u00ed bude dokon\u010den, pokud se rozhodnete ukon\u010dit Slu\u017eby. Pokud sv\u00e9 Merchant Center \u0159\u00e1dn\u011b neodpoj\u00edte od na\u0161\u00ed slu\u017eby CSS, bude v\u00e1m pokra\u010dovat ve fakturaci a budete i nad\u00e1le odpov\u011bdn\u00ed za v\u0161echny vznikl\u00e9 poplatky, dokud nebude odpojen\u00ed dokon\u010deno. <\/p>\n<p>V\u0161echny platby jsou splatn\u00e9 v souladu s faktura\u010dn\u00edm cyklem cenov\u00e9ho pl\u00e1nu, kter\u00fd jste si vybrali, a\u0165 u\u017e m\u011bs\u00ed\u010dn\u00ed nebo ro\u010dn\u00ed. Faktury budou vystaveny odpov\u00eddaj\u00edc\u00edm zp\u016fsobem a cel\u00e1 platba mus\u00ed b\u00fdt p\u0159ijata do data splatnosti uveden\u00e9ho na faktu\u0159e, aby nedo\u0161lo k p\u0159eru\u0161en\u00ed nebo pozastaven\u00ed slu\u017eeb. Opo\u017ed\u011bn\u00e9 platby mohou m\u00edt za n\u00e1sledek dodate\u010dn\u00e9 poplatky nebo \u00farokov\u00e9 poplatky, jak to povoluje z\u00e1kon, a trval\u00e9 neprov\u00e1d\u011bn\u00ed v\u010dasn\u00fdch plateb m\u016f\u017ee v\u00e9st k ukon\u010den\u00ed va\u0161eho p\u0159\u00edstupu ke Slu\u017eb\u00e1m.  <\/p>\n<p>Je d\u016fle\u017eit\u00e9 si uv\u011bdomit, \u017ee i kdy\u017e poskytujeme platformu pro slu\u017ebu CSS, nem\u00e1me p\u0159\u00edstup k va\u0161im \u00fa\u010dt\u016fm Google Ads nebo Google Merchant Center. Jako takov\u00ed nesete v\u00fdhradn\u00ed odpov\u011bdnost za spr\u00e1vu t\u011bchto \u00fa\u010dt\u016f, v\u010detn\u011b iniciov\u00e1n\u00ed a potvrzov\u00e1n\u00ed p\u0159\u00edpadn\u00fdch odpojen\u00ed od na\u0161\u00ed platformy CSS. <\/p>\n<p>Pokra\u010dov\u00e1n\u00edm v pou\u017e\u00edv\u00e1n\u00ed na\u0161ich Slu\u017eeb po po\u010d\u00e1te\u010dn\u00edm 30denn\u00edm obdob\u00ed po p\u0159ijet\u00ed zm\u011bny MC berete na v\u011bdom\u00ed a souhlas\u00edte s t\u011bmito platebn\u00edmi podm\u00ednkami. Berete na v\u011bdom\u00ed, \u017ee platba je splatn\u00e1, jak je uvedeno v tomto dokumentu, a \u017ee jste povinni plnit v\u0161echny platebn\u00ed povinnosti, dokud nebudou Slu\u017eby \u0159\u00e1dn\u011b ukon\u010deny v souladu s t\u011bmito Podm\u00ednkami. <\/p>\n<\/p>\n<p>Aby se p\u0159ede\u0161lo pochybnostem, a\u010dkoli je Elite Digital Services, LLC prim\u00e1rn\u00edm subjektem odpov\u011bdn\u00fdm za poskytov\u00e1n\u00ed Slu\u017eeb podle t\u011bchto Podm\u00ednek, n\u011bkter\u00e9 Slu\u017eby mohou b\u00fdt fakturov\u00e1ny na\u0161imi p\u0159idru\u017een\u00fdmi spole\u010dnostmi nebo dce\u0159in\u00fdmi spole\u010dnostmi, a to jak ve Spojen\u00fdch st\u00e1tech, tak mimo n\u011b, pokud je to pova\u017eov\u00e1no za nezbytn\u00e9 pro provoz \u00fa\u010dinnost. Bez ohledu na jak\u00e1koli takov\u00e1 faktura\u010dn\u00ed ujedn\u00e1n\u00ed z\u016fst\u00e1v\u00e1 Elite Digital Services, LLC hlavn\u00edm subjektem s ohledem na celkov\u00e9 prov\u00e1d\u011bn\u00ed Slu\u017eeb a dodr\u017eov\u00e1n\u00ed t\u011bchto Podm\u00ednek. <\/p>\n<p>Souhlasem s t\u011bmito podm\u00ednkami souhlas\u00edte s mo\u017enost\u00ed, \u017ee faktury mohou b\u00fdt vystavov\u00e1ny jin\u00fdmi subjekty ne\u017e Elite Digital Services, LLC, ani\u017e by to ovlivnilo va\u0161e povinnosti vypl\u00fdvaj\u00edc\u00ed z t\u011bchto podm\u00ednek. V\u0161echny faktura\u010dn\u00ed subjekty budou autorizov\u00e1ny spole\u010dnost\u00ed Elite Digital Services, LLC a budou jednat jej\u00edm jm\u00e9nem v souvislosti s poskytovan\u00fdmi slu\u017ebami. <\/p>\n<ol style=\"text-align: left;\" start=\"6\">\n<li><strong>Zm\u011bny slu\u017eeb a podm\u00ednek<\/strong><\/li>\n<\/ol>\n<p>Vyhrazujeme si pr\u00e1vo kdykoli upravit na\u0161e slu\u017eby nebo tyto podm\u00ednky podle vlastn\u00edho uv\u00e1\u017een\u00ed. V p\u0159\u00edpad\u011b jak\u00fdchkoli podstatn\u00fdch zm\u011bn t\u011bchto podm\u00ednek v\u00e1s budeme informovat zve\u0159ejn\u011bn\u00edm aktualizovan\u00fdch podm\u00ednek na na\u0161ich webov\u00fdch str\u00e1nk\u00e1ch nebo jin\u00fdmi vhodn\u00fdmi komunika\u010dn\u00edmi prost\u0159edky. Va\u0161e dal\u0161\u00ed pou\u017e\u00edv\u00e1n\u00ed na\u0161ich Slu\u017eeb po ozn\u00e1men\u00ed takov\u00fdch zm\u011bn p\u0159edstavuje v\u00e1\u0161 souhlas s revidovan\u00fdmi Podm\u00ednkami. Pokud s upraven\u00fdmi Podm\u00ednkami nesouhlas\u00edte, mus\u00edte okam\u017eit\u011b ukon\u010dit pou\u017e\u00edv\u00e1n\u00ed Slu\u017eeb.   <\/p>\n<ol style=\"text-align: left;\" start=\"7\">\n<li><strong>Ukon\u010den\u00ed<\/strong><\/li>\n<\/ol>\n<p>Kter\u00e1koli strana m\u016f\u017ee tuto smlouvu kdykoli a z jak\u00e9hokoli d\u016fvodu ukon\u010dit zasl\u00e1n\u00edm p\u00edsemn\u00e9ho ozn\u00e1men\u00ed druh\u00e9 stran\u011b. Po ukon\u010den\u00ed mus\u00edte okam\u017eit\u011b ukon\u010dit ve\u0161ker\u00e9 pou\u017e\u00edv\u00e1n\u00ed na\u0161ich Slu\u017eeb a my v\u00e1m okam\u017eit\u011b zablokujeme p\u0159\u00edstup k na\u0161\u00ed platform\u011b. Ukon\u010den\u00ed t\u00e9to smlouvy nezbavuje \u017e\u00e1dnou ze stran \u017e\u00e1dn\u00fdch z\u00e1vazk\u016f nebo z\u00e1vazk\u016f, kter\u00e9 vznikly p\u0159ed datem ukon\u010den\u00ed.  <\/p>\n<ol style=\"text-align: left;\" start=\"8\">\n<li><strong>Du\u0161evn\u00ed vlastnictv\u00ed<\/strong><\/li>\n<\/ol>\n<p>Ve\u0161ker\u00fd obsah, ochrann\u00e9 zn\u00e1mky a dal\u0161\u00ed du\u0161evn\u00ed vlastnictv\u00ed spojen\u00e9 s na\u0161imi slu\u017ebami jsou v\u00fdhradn\u00edm vlastnictv\u00edm digit\u00e1ln\u00edch slu\u017eeb Verteco nebo jej\u00edch poskytovatel\u016f licenc\u00ed. Je zak\u00e1z\u00e1no pou\u017e\u00edvat, upravovat, reprodukovat, distribuovat nebo jinak vyu\u017e\u00edvat jak\u00e9koli na\u0161e du\u0161evn\u00ed vlastnictv\u00ed bez p\u0159edchoz\u00edho p\u00edsemn\u00e9ho souhlasu. Neopr\u00e1vn\u011bn\u00e9 pou\u017eit\u00ed na\u0161eho du\u0161evn\u00edho vlastnictv\u00ed m\u016f\u017ee m\u00edt za n\u00e1sledek pr\u00e1vn\u00ed kroky.  <\/p>\n<ol style=\"text-align: left;\" start=\"9\">\n<li><strong>Odm\u00edtnut\u00ed odpov\u011bdnosti a omezen\u00ed odpov\u011bdnosti<\/strong><\/li>\n<\/ol>\n<p>Pou\u017e\u00edv\u00e1n\u00edm na\u0161ich slu\u017eeb berete na v\u011bdom\u00ed a souhlas\u00edte s t\u00edm, \u017ee nem\u00e1me p\u0159\u00edstup k va\u0161im \u00fa\u010dt\u016fm Google Ads nebo Google Merchant Center. Jako takov\u00fd nesete v\u00fdhradn\u00ed odpov\u011bdnost za sv\u00e9 \u010diny, rozhodnut\u00ed a jak\u00e9koli chyby nebo opomenut\u00ed v t\u011bchto \u00fa\u010dtech. To zahrnuje jak\u00e9koli potenci\u00e1ln\u00ed \u0161kody, jako je ztr\u00e1ta zisku, dat nebo dobr\u00e9ho jm\u00e9na. I kdy\u017e jsme odhodl\u00e1ni poskytovat vysoce kvalitn\u00ed slu\u017eby, ch\u00e1pete, \u017ee nem\u016f\u017eeme n\u00e9st odpov\u011bdnost za probl\u00e9my, kter\u00e9 vzniknou z va\u0161eho jedn\u00e1n\u00ed nebo z jak\u00fdchkoli okolnost\u00ed, kter\u00e9 nem\u016f\u017eeme ovlivnit. O\u010dek\u00e1v\u00e1 se od v\u00e1s, \u017ee budete sv\u00e9 \u00fa\u010dty spravovat kompetentn\u011b s v\u011bdom\u00edm, \u017ee nebudeme zasahovat a nebudeme k nim p\u0159istupovat va\u0161\u00edm jm\u00e9nem.    <\/p>\n<ol style=\"text-align: left;\" start=\"10\">\n<li><strong>Rozhodn\u00e9 pr\u00e1vo a soudn\u00ed p\u0159\u00edslu\u0161nost<\/strong><\/li>\n<\/ol>\n<p>Tyto podm\u00ednky se \u0159\u00edd\u00ed platn\u00fdmi z\u00e1kony a my se zavazujeme je dodr\u017eovat. Jak\u00e9koli spory vypl\u00fdvaj\u00edc\u00ed z nebo souvisej\u00edc\u00ed s t\u011bmito Podm\u00ednkami nebo va\u0161\u00edm pou\u017e\u00edv\u00e1n\u00edm na\u0161ich Slu\u017eeb budou \u0159e\u0161eny v\u00fdhradn\u011b u soud\u016f v jurisdikci hlavn\u00edho m\u00edsta podnik\u00e1n\u00ed poskytovatele slu\u017eeb. Pou\u017e\u00edv\u00e1n\u00edm na\u0161ich Slu\u017eeb souhlas\u00edte s t\u00edm, \u017ee se p\u0159i \u0159e\u0161en\u00ed jak\u00fdchkoli takov\u00fdch spor\u016f pod\u0159\u00edd\u00edte jurisdikci t\u011bchto soud\u016f.  <\/p>\n<ol style=\"text-align: left;\" start=\"11\">\n<li><strong>Odd\u011blitelnost<\/strong><\/li>\n<\/ol>\n<p>Pokud se uk\u00e1\u017ee, \u017ee kter\u00e1koli \u010d\u00e1st t\u011bchto podm\u00ednek je nevymahateln\u00e1 nebo neplatn\u00e1, bude tato konkr\u00e9tn\u00ed \u010d\u00e1st upravena nebo odstran\u011bna co nejm\u00e9n\u011b, tak\u017ee zbytek podm\u00ednek bude i nad\u00e1le pln\u011b \u00fa\u010dinn\u00fd a vymahateln\u00fd.<\/p>\n<ol style=\"text-align: left;\" start=\"12\">\n<li><strong>Cel\u00e1 dohoda<\/strong><\/li>\n<\/ol>\n<p style=\"text-align: left;\">Tyto podm\u00ednky spolu s na\u0161imi Z\u00e1sadami ochrany osobn\u00edch \u00fadaj\u016f p\u0159edstavuj\u00ed \u00faplnou dohodu mezi v\u00e1mi a spole\u010dnost\u00ed Verteco t\u00fdkaj\u00edc\u00ed se va\u0161eho pou\u017e\u00edv\u00e1n\u00ed na\u0161ich slu\u017eeb a nahrazuj\u00ed ve\u0161ker\u00e9 p\u0159edchoz\u00ed nebo sou\u010dasn\u00e9 dohody, sd\u011blen\u00ed a n\u00e1vrhy, a\u0165 u\u017e \u00fastn\u00ed nebo p\u00edsemn\u00e9, mezi v\u00e1mi a spole\u010dnost\u00ed Verteco.<\/p>\n<p style=\"text-align: left;\">M\u00e1te-li jak\u00e9koli dotazy nebo p\u0159ipom\u00ednky k t\u011bmto podm\u00ednk\u00e1m nebo na\u0161im slu\u017eb\u00e1m, kontaktujte n\u00e1s pros\u00edm na e-mailov\u00e9 adrese: <a href=\"mailto:info@verteco.shop\">info@verteco.shop<\/a>.<\/p>\n<p style=\"text-align: left;\">\u00a9 Elite Digital Services, LLC<\/p>\n<p style=\"text-align: left;\">  V\u0161echna pr\u00e1va vyhrazena.<\/p>\n<p>Verze: 20. 08. 2024  <\/p>\n\t\t\t\t\t\t\t\t<\/div>\n\t\t\t\t<\/div>\n\t\t\t\t\t<\/div>\n\t\t<\/div>\n\t\t\t\t\t<\/div>\n\t\t<\/section>\n\t\t\t\t<\/div>\n\t\t","protected":false},"excerpt":{"rendered":"<p>Obchodn\u00ed podm\u00ednky Tyto podm\u00ednky slu\u017eby (d\u00e1le jen \u201epodm\u00ednky\u201c) vyd\u00e1v\u00e1 spole\u010dnost Elite Digital Services, LLC, spole\u010dnost s ru\u010den\u00edm omezen\u00fdm v Delaware, se s\u00eddlem 1111B S Governors Ave, STE 21653, Dover, DE 19904, USA (d\u00e1le jen \u201eVerteco &#8222;,&#8220; &#8222;my&#8220;, &#8222;n\u00e1s&#8220; nebo &#8222;na\u0161e&#8220;). Tyto podm\u00ednky upravuj\u00ed v\u00e1\u0161 p\u0159\u00edstup k na\u0161im slu\u017eb\u00e1m a jejich pou\u017e\u00edv\u00e1n\u00ed, v\u010detn\u011b, ale nikoli v\u00fdhradn\u011b, [&hellip;]<\/p>\n","protected":false},"author":1,"featured_media":0,"parent":0,"menu_order":0,"comment_status":"closed","ping_status":"closed","template":"","meta":{"footnotes":""},"class_list":["post-9989","page","type-page","status-publish","hentry"],"_links":{"self":[{"href":"https:\/\/verteco.shop\/cs\/wp-json\/wp\/v2\/pages\/9989","targetHints":{"allow":["GET"]}}],"collection":[{"href":"https:\/\/verteco.shop\/cs\/wp-json\/wp\/v2\/pages"}],"about":[{"href":"https:\/\/verteco.shop\/cs\/wp-json\/wp\/v2\/types\/page"}],"author":[{"embeddable":true,"href":"https:\/\/verteco.shop\/cs\/wp-json\/wp\/v2\/users\/1"}],"replies":[{"embeddable":true,"href":"https:\/\/verteco.shop\/cs\/wp-json\/wp\/v2\/comments?post=9989"}],"version-history":[{"count":0,"href":"https:\/\/verteco.shop\/cs\/wp-json\/wp\/v2\/pages\/9989\/revisions"}],"wp:attachment":[{"href":"https:\/\/verteco.shop\/cs\/wp-json\/wp\/v2\/media?parent=9989"}],"curies":[{"name":"wp","href":"https:\/\/api.w.org\/{rel}","templated":true}]}}