{"id":3626,"date":"2023-04-08T07:07:25","date_gmt":"2023-04-08T07:07:25","guid":{"rendered":"https:\/\/verteco.shop\/test\/"},"modified":"2023-04-08T07:08:08","modified_gmt":"2023-04-08T07:08:08","slug":"test","status":"publish","type":"page","link":"https:\/\/verteco.shop\/cs\/test\/","title":{"rendered":"Test"},"content":{"rendered":"\n<p>N\u011bkter\u00e9 texty<\/p>\n\n<p>Dobr\u00fd den,<\/p>\n","protected":false},"excerpt":{"rendered":"<p>N\u011bkter\u00e9 texty Dobr\u00fd den,<\/p>\n","protected":false},"author":1,"featured_media":0,"parent":0,"menu_order":0,"comment_status":"closed","ping_status":"closed","template":"","meta":{"footnotes":""},"class_list":["post-3626","page","type-page","status-publish","hentry"],"_links":{"self":[{"href":"https:\/\/verteco.shop\/cs\/wp-json\/wp\/v2\/pages\/3626","targetHints":{"allow":["GET"]}}],"collection":[{"href":"https:\/\/verteco.shop\/cs\/wp-json\/wp\/v2\/pages"}],"about":[{"href":"https:\/\/verteco.shop\/cs\/wp-json\/wp\/v2\/types\/page"}],"author":[{"embeddable":true,"href":"https:\/\/verteco.shop\/cs\/wp-json\/wp\/v2\/users\/1"}],"replies":[{"embeddable":true,"href":"https:\/\/verteco.shop\/cs\/wp-json\/wp\/v2\/comments?post=3626"}],"version-history":[{"count":0,"href":"https:\/\/verteco.shop\/cs\/wp-json\/wp\/v2\/pages\/3626\/revisions"}],"wp:attachment":[{"href":"https:\/\/verteco.shop\/cs\/wp-json\/wp\/v2\/media?parent=3626"}],"curies":[{"name":"wp","href":"https:\/\/api.w.org\/{rel}","templated":true}]}}