{"id":24657,"date":"2024-07-24T23:02:28","date_gmt":"2024-07-24T21:02:28","guid":{"rendered":"https:\/\/verteco.shop\/co-vedet-pred-prijetim-prepnuti-css-v-vasim-obchodnim-centru\/"},"modified":"2025-12-16T00:18:02","modified_gmt":"2025-12-15T22:18:02","slug":"co-vedet-pred-prijetim-prepnuti-css-v-vasim-obchodnim-centru","status":"publish","type":"page","link":"https:\/\/verteco.shop\/cs\/co-vedet-pred-prijetim-prepnuti-css-v-vasim-obchodnim-centru\/","title":{"rendered":"Co byste m\u011bli v\u011bd\u011bt, ne\u017e p\u0159ijmete zm\u011bnu CSS ve va\u0161em Merchant Center?"},"content":{"rendered":"\t\t<div data-elementor-type=\"wp-page\" data-elementor-id=\"24657\" class=\"elementor elementor-24657 elementor-24569\" data-elementor-post-type=\"page\">\n\t\t\t\t\t\t<section class=\"elementor-section elementor-top-section elementor-element elementor-element-078fd90 elementor-section-boxed elementor-section-height-default elementor-section-height-default\" data-id=\"078fd90\" data-element_type=\"section\" data-e-type=\"section\" data-settings=\"{&quot;background_background&quot;:&quot;classic&quot;}\">\n\t\t\t\t\t\t<div class=\"elementor-container elementor-column-gap-default\">\n\t\t\t\t\t<div class=\"elementor-column elementor-col-100 elementor-top-column elementor-element elementor-element-dbeaacf\" data-id=\"dbeaacf\" data-element_type=\"column\" data-e-type=\"column\">\n\t\t\t<div class=\"elementor-widget-wrap elementor-element-populated\">\n\t\t\t\t\t\t<div class=\"elementor-element elementor-element-c28796d elementor-widget elementor-widget-heading\" data-id=\"c28796d\" data-element_type=\"widget\" data-e-type=\"widget\" data-widget_type=\"heading.default\">\n\t\t\t\t<div class=\"elementor-widget-container\">\n\t\t\t\t\t<h2 class=\"elementor-heading-title elementor-size-default\">Co byste m\u011bli v\u011bd\u011bt, ne\u017e p\u0159ijmete zm\u011bnu CSS ve va\u0161em Merchant Center?<\/h2>\t\t\t\t<\/div>\n\t\t\t\t<\/div>\n\t\t\t\t\t<\/div>\n\t\t<\/div>\n\t\t\t\t\t<\/div>\n\t\t<\/section>\n\t\t\t\t<section class=\"elementor-section elementor-top-section elementor-element elementor-element-2132196 elementor-section-boxed elementor-section-height-default elementor-section-height-default\" data-id=\"2132196\" data-element_type=\"section\" data-e-type=\"section\" data-settings=\"{&quot;background_background&quot;:&quot;classic&quot;}\">\n\t\t\t\t\t\t<div class=\"elementor-container elementor-column-gap-default\">\n\t\t\t\t\t<div class=\"elementor-column elementor-col-100 elementor-top-column elementor-element elementor-element-e51b319\" data-id=\"e51b319\" data-element_type=\"column\" data-e-type=\"column\">\n\t\t\t<div class=\"elementor-widget-wrap elementor-element-populated\">\n\t\t\t\t\t\t<div class=\"elementor-element elementor-element-7905f63 elementor-widget elementor-widget-text-editor\" data-id=\"7905f63\" data-element_type=\"widget\" data-e-type=\"widget\" data-widget_type=\"text-editor.default\">\n\t\t\t\t<div class=\"elementor-widget-container\">\n\t\t\t\t\t\t\t\t\t<p><em>tento obsah je dostupn\u00fd v t\u011bchto jazyc\u00edch:<\/em><\/p>\t\t\t\t\t\t\t\t<\/div>\n\t\t\t\t<\/div>\n\t\t\t\t<div class=\"elementor-element elementor-element-af9deac elementor-widget elementor-widget-wpml-language-switcher\" data-id=\"af9deac\" data-element_type=\"widget\" data-e-type=\"widget\" data-widget_type=\"wpml-language-switcher.default\">\n\t\t\t\t<div class=\"elementor-widget-container\">\n\t\t\t\t\t<div class=\"wpml-elementor-ls\">\n<div role=\"navigation\" aria-label=\"Language Switcher\" class=\"wpml-ls-statics-footer wpml-ls wpml-ls-legacy-list-horizontal\">\n\t<ul><li class=\"wpml-ls-slot-footer wpml-ls-item wpml-ls-item-en wpml-ls-first-item wpml-ls-item-legacy-list-horizontal\">\n\t\t\t\t<a href=\"https:\/\/verteco.shop\/\" hreflang=\"en\" lang=\"en\" class=\"wpml-ls-link\" aria-label=\"Switch to Angli\u010dtina\" title=\"Switch to Angli\u010dtina\">\n\t\t\t\t\t                                    <img decoding=\"async\"\n            class=\"wpml-ls-flag\"\n            src=\"https:\/\/verteco.shop\/wp-content\/plugins\/sitepress-multilingual-cms\/res\/flags\/en.svg\"\n            alt=\"Angli\u010dtina\"\n            loading=\"lazy\"\n            width=18\n            height=12\n    \/><\/a>\n\t\t\t<\/li><li class=\"wpml-ls-slot-footer wpml-ls-item wpml-ls-item-de wpml-ls-item-legacy-list-horizontal\">\n\t\t\t\t<a href=\"https:\/\/verteco.shop\/de\/\" hreflang=\"de\" lang=\"de\" class=\"wpml-ls-link\" aria-label=\"Switch to N\u011bmec\" title=\"Switch to N\u011bmec\">\n\t\t\t\t\t                                    <img decoding=\"async\"\n            class=\"wpml-ls-flag\"\n            src=\"https:\/\/verteco.shop\/wp-content\/plugins\/sitepress-multilingual-cms\/res\/flags\/de.svg\"\n            alt=\"N\u011bmec\"\n            loading=\"lazy\"\n            width=18\n            height=12\n    \/><\/a>\n\t\t\t<\/li><li class=\"wpml-ls-slot-footer wpml-ls-item wpml-ls-item-es wpml-ls-item-legacy-list-horizontal\">\n\t\t\t\t<a href=\"https:\/\/verteco.shop\/es\/\" hreflang=\"es\" lang=\"es\" class=\"wpml-ls-link\" aria-label=\"Switch to \u0160pan\u011blsk\u00fd\" title=\"Switch to \u0160pan\u011blsk\u00fd\">\n\t\t\t\t\t                                    <img decoding=\"async\"\n            class=\"wpml-ls-flag\"\n            src=\"https:\/\/verteco.shop\/wp-content\/plugins\/sitepress-multilingual-cms\/res\/flags\/es.svg\"\n            alt=\"\u0160pan\u011blsk\u00fd\"\n            loading=\"lazy\"\n            width=18\n            height=12\n    \/><\/a>\n\t\t\t<\/li><li class=\"wpml-ls-slot-footer wpml-ls-item wpml-ls-item-fr wpml-ls-item-legacy-list-horizontal\">\n\t\t\t\t<a href=\"https:\/\/verteco.shop\/fr\/\" hreflang=\"fr\" lang=\"fr\" class=\"wpml-ls-link\" aria-label=\"Switch to Francouz\u0161tina\" title=\"Switch to Francouz\u0161tina\">\n\t\t\t\t\t                                    <img decoding=\"async\"\n            class=\"wpml-ls-flag\"\n            src=\"https:\/\/verteco.shop\/wp-content\/plugins\/sitepress-multilingual-cms\/res\/flags\/fr.svg\"\n            alt=\"Francouz\u0161tina\"\n            loading=\"lazy\"\n            width=18\n            height=12\n    \/><\/a>\n\t\t\t<\/li><li class=\"wpml-ls-slot-footer wpml-ls-item wpml-ls-item-cs wpml-ls-current-language wpml-ls-item-legacy-list-horizontal\">\n\t\t\t\t<a href=\"https:\/\/verteco.shop\/cs\/\" hreflang=\"cs\" lang=\"cs\" class=\"wpml-ls-link\" aria-current=\"page\" aria-label=\"Switch to \u010ce\u0161tina\" title=\"Switch to \u010ce\u0161tina\">\n\t\t\t\t\t                                    <img decoding=\"async\"\n            class=\"wpml-ls-flag\"\n            src=\"https:\/\/verteco.shop\/wp-content\/plugins\/sitepress-multilingual-cms\/res\/flags\/cs.svg\"\n            alt=\"\u010ce\u0161tina\"\n            loading=\"lazy\"\n            width=18\n            height=12\n    \/><\/a>\n\t\t\t<\/li><li class=\"wpml-ls-slot-footer wpml-ls-item wpml-ls-item-sk wpml-ls-item-legacy-list-horizontal\">\n\t\t\t\t<a href=\"https:\/\/verteco.shop\/sk\/\" hreflang=\"sk\" lang=\"sk\" class=\"wpml-ls-link\" aria-label=\"Switch to Sloven\u0161tina\" title=\"Switch to Sloven\u0161tina\">\n\t\t\t\t\t                                    <img decoding=\"async\"\n            class=\"wpml-ls-flag\"\n            src=\"https:\/\/verteco.shop\/wp-content\/plugins\/sitepress-multilingual-cms\/res\/flags\/sk.svg\"\n            alt=\"Sloven\u0161tina\"\n            loading=\"lazy\"\n            width=18\n            height=12\n    \/><\/a>\n\t\t\t<\/li><li class=\"wpml-ls-slot-footer wpml-ls-item wpml-ls-item-it wpml-ls-item-legacy-list-horizontal\">\n\t\t\t\t<a href=\"https:\/\/verteco.shop\/it\/\" hreflang=\"it\" lang=\"it\" class=\"wpml-ls-link\" aria-label=\"Switch to Ital\" title=\"Switch to Ital\">\n\t\t\t\t\t                                    <img decoding=\"async\"\n            class=\"wpml-ls-flag\"\n            src=\"https:\/\/verteco.shop\/wp-content\/plugins\/sitepress-multilingual-cms\/res\/flags\/it.svg\"\n            alt=\"Ital\"\n            loading=\"lazy\"\n            width=18\n            height=12\n    \/><\/a>\n\t\t\t<\/li><li class=\"wpml-ls-slot-footer wpml-ls-item wpml-ls-item-nl wpml-ls-item-legacy-list-horizontal\">\n\t\t\t\t<a href=\"https:\/\/verteco.shop\/nl\/\" hreflang=\"nl\" lang=\"nl\" class=\"wpml-ls-link\" aria-label=\"Switch to Holandsk\u00fd\" title=\"Switch to Holandsk\u00fd\">\n\t\t\t\t\t                                    <img decoding=\"async\"\n            class=\"wpml-ls-flag\"\n            src=\"https:\/\/verteco.shop\/wp-content\/plugins\/sitepress-multilingual-cms\/res\/flags\/nl.svg\"\n            alt=\"Holandsk\u00fd\"\n            loading=\"lazy\"\n            width=18\n            height=12\n    \/><\/a>\n\t\t\t<\/li><li class=\"wpml-ls-slot-footer wpml-ls-item wpml-ls-item-hu wpml-ls-item-legacy-list-horizontal\">\n\t\t\t\t<a href=\"https:\/\/verteco.shop\/hu\/\" hreflang=\"hu\" lang=\"hu\" class=\"wpml-ls-link\" aria-label=\"Switch to Ma\u010far\u0161tina\" title=\"Switch to Ma\u010far\u0161tina\">\n\t\t\t\t\t                                    <img decoding=\"async\"\n            class=\"wpml-ls-flag\"\n            src=\"https:\/\/verteco.shop\/wp-content\/plugins\/sitepress-multilingual-cms\/res\/flags\/hu.svg\"\n            alt=\"Ma\u010far\u0161tina\"\n            loading=\"lazy\"\n            width=18\n            height=12\n    \/><\/a>\n\t\t\t<\/li><li class=\"wpml-ls-slot-footer wpml-ls-item wpml-ls-item-pl wpml-ls-item-legacy-list-horizontal\">\n\t\t\t\t<a href=\"https:\/\/verteco.shop\/pl\/\" hreflang=\"pl\" lang=\"pl\" class=\"wpml-ls-link\" aria-label=\"Switch to Polsk\u00fd\" title=\"Switch to Polsk\u00fd\">\n\t\t\t\t\t                                    <img decoding=\"async\"\n            class=\"wpml-ls-flag\"\n            src=\"https:\/\/verteco.shop\/wp-content\/plugins\/sitepress-multilingual-cms\/res\/flags\/pl.svg\"\n            alt=\"Polsk\u00fd\"\n            loading=\"lazy\"\n            width=18\n            height=12\n    \/><\/a>\n\t\t\t<\/li><li class=\"wpml-ls-slot-footer wpml-ls-item wpml-ls-item-hr wpml-ls-item-legacy-list-horizontal\">\n\t\t\t\t<a href=\"https:\/\/verteco.shop\/hr\/\" hreflang=\"hr\" lang=\"hr\" class=\"wpml-ls-link\" aria-label=\"Switch to Chorvatsk\u00fd\" title=\"Switch to Chorvatsk\u00fd\">\n\t\t\t\t\t                                    <img decoding=\"async\"\n            class=\"wpml-ls-flag\"\n            src=\"https:\/\/verteco.shop\/wp-content\/plugins\/sitepress-multilingual-cms\/res\/flags\/hr.svg\"\n            alt=\"Chorvatsk\u00fd\"\n            loading=\"lazy\"\n            width=18\n            height=12\n    \/><\/a>\n\t\t\t<\/li><li class=\"wpml-ls-slot-footer wpml-ls-item wpml-ls-item-da wpml-ls-item-legacy-list-horizontal\">\n\t\t\t\t<a href=\"https:\/\/verteco.shop\/da\/\" hreflang=\"da\" lang=\"da\" class=\"wpml-ls-link\" aria-label=\"Switch to D\u00e1nsk\u00fd\" title=\"Switch to D\u00e1nsk\u00fd\">\n\t\t\t\t\t                                    <img decoding=\"async\"\n            class=\"wpml-ls-flag\"\n            src=\"https:\/\/verteco.shop\/wp-content\/plugins\/sitepress-multilingual-cms\/res\/flags\/da.svg\"\n            alt=\"D\u00e1nsk\u00fd\"\n            loading=\"lazy\"\n            width=18\n            height=12\n    \/><\/a>\n\t\t\t<\/li><li class=\"wpml-ls-slot-footer wpml-ls-item wpml-ls-item-fi wpml-ls-item-legacy-list-horizontal\">\n\t\t\t\t<a href=\"https:\/\/verteco.shop\/fi\/\" hreflang=\"fi\" lang=\"fi\" class=\"wpml-ls-link\" aria-label=\"Switch to Finsk\u00fd\" title=\"Switch to Finsk\u00fd\">\n\t\t\t\t\t                                    <img decoding=\"async\"\n            class=\"wpml-ls-flag\"\n            src=\"https:\/\/verteco.shop\/wp-content\/plugins\/sitepress-multilingual-cms\/res\/flags\/fi.svg\"\n            alt=\"Finsk\u00fd\"\n            loading=\"lazy\"\n            width=18\n            height=12\n    \/><\/a>\n\t\t\t<\/li><li class=\"wpml-ls-slot-footer wpml-ls-item wpml-ls-item-sv wpml-ls-item-legacy-list-horizontal\">\n\t\t\t\t<a href=\"https:\/\/verteco.shop\/sv\/\" hreflang=\"sv\" lang=\"sv\" class=\"wpml-ls-link\" aria-label=\"Switch to \u0160v\u00e9dsk\u00fd\" title=\"Switch to \u0160v\u00e9dsk\u00fd\">\n\t\t\t\t\t                                    <img decoding=\"async\"\n            class=\"wpml-ls-flag\"\n            src=\"https:\/\/verteco.shop\/wp-content\/plugins\/sitepress-multilingual-cms\/res\/flags\/sv.svg\"\n            alt=\"\u0160v\u00e9dsk\u00fd\"\n            loading=\"lazy\"\n            width=18\n            height=12\n    \/><\/a>\n\t\t\t<\/li><li class=\"wpml-ls-slot-footer wpml-ls-item wpml-ls-item-no wpml-ls-item-legacy-list-horizontal\">\n\t\t\t\t<a href=\"https:\/\/verteco.shop\/no\/\" hreflang=\"no\" lang=\"no\" class=\"wpml-ls-link\" aria-label=\"Switch to Norwegian bokm\u00e5l\" title=\"Switch to Norwegian bokm\u00e5l\">\n\t\t\t\t\t                                    <img decoding=\"async\"\n            class=\"wpml-ls-flag\"\n            src=\"https:\/\/verteco.shop\/wp-content\/plugins\/sitepress-multilingual-cms\/res\/flags\/no.svg\"\n            alt=\"Norwegian bokm\u00e5l\"\n            loading=\"lazy\"\n            width=18\n            height=12\n    \/><\/a>\n\t\t\t<\/li><li class=\"wpml-ls-slot-footer wpml-ls-item wpml-ls-item-ro wpml-ls-item-legacy-list-horizontal\">\n\t\t\t\t<a href=\"https:\/\/verteco.shop\/ro\/\" hreflang=\"ro\" lang=\"ro\" class=\"wpml-ls-link\" aria-label=\"Switch to Rumun\u0161tina\" title=\"Switch to Rumun\u0161tina\">\n\t\t\t\t\t                                    <img decoding=\"async\"\n            class=\"wpml-ls-flag\"\n            src=\"https:\/\/verteco.shop\/wp-content\/plugins\/sitepress-multilingual-cms\/res\/flags\/ro.svg\"\n            alt=\"Rumun\u0161tina\"\n            loading=\"lazy\"\n            width=18\n            height=12\n    \/><\/a>\n\t\t\t<\/li><li class=\"wpml-ls-slot-footer wpml-ls-item wpml-ls-item-el wpml-ls-item-legacy-list-horizontal\">\n\t\t\t\t<a href=\"https:\/\/verteco.shop\/el\/\" hreflang=\"el\" lang=\"el\" class=\"wpml-ls-link\" aria-label=\"Switch to \u0158e\u010dtina\" title=\"Switch to \u0158e\u010dtina\">\n\t\t\t\t\t                                    <img decoding=\"async\"\n            class=\"wpml-ls-flag\"\n            src=\"https:\/\/verteco.shop\/wp-content\/plugins\/sitepress-multilingual-cms\/res\/flags\/el.svg\"\n            alt=\"\u0158e\u010dtina\"\n            loading=\"lazy\"\n            width=18\n            height=12\n    \/><\/a>\n\t\t\t<\/li><li class=\"wpml-ls-slot-footer wpml-ls-item wpml-ls-item-pt-pt wpml-ls-item-legacy-list-horizontal\">\n\t\t\t\t<a href=\"https:\/\/verteco.shop\/pt-pt\/\" hreflang=\"pt-pt\" lang=\"pt-pt\" class=\"wpml-ls-link\" aria-label=\"Switch to Portugal\u0161tina ( Portugalsko)\" title=\"Switch to Portugal\u0161tina ( Portugalsko)\">\n\t\t\t\t\t                                    <img decoding=\"async\"\n            class=\"wpml-ls-flag\"\n            src=\"https:\/\/verteco.shop\/wp-content\/plugins\/sitepress-multilingual-cms\/res\/flags\/pt-pt.svg\"\n            alt=\"Portugal\u0161tina ( Portugalsko)\"\n            loading=\"lazy\"\n            width=18\n            height=12\n    \/><\/a>\n\t\t\t<\/li><li class=\"wpml-ls-slot-footer wpml-ls-item wpml-ls-item-uk wpml-ls-last-item wpml-ls-item-legacy-list-horizontal\">\n\t\t\t\t<a href=\"https:\/\/verteco.shop\/uk\/\" hreflang=\"uk\" lang=\"uk\" class=\"wpml-ls-link\" aria-label=\"Switch to Ukrajinsk\u00fd\" title=\"Switch to Ukrajinsk\u00fd\">\n\t\t\t\t\t                                    <img decoding=\"async\"\n            class=\"wpml-ls-flag\"\n            src=\"https:\/\/verteco.shop\/wp-content\/plugins\/sitepress-multilingual-cms\/res\/flags\/uk.svg\"\n            alt=\"Ukrajinsk\u00fd\"\n            loading=\"lazy\"\n            width=18\n            height=12\n    \/><\/a>\n\t\t\t<\/li><\/ul>\n<\/div>\n<\/div>\t\t\t\t<\/div>\n\t\t\t\t<\/div>\n\t\t\t\t\t<\/div>\n\t\t<\/div>\n\t\t\t\t\t<\/div>\n\t\t<\/section>\n\t\t\t\t<section class=\"elementor-section elementor-top-section elementor-element elementor-element-aca2e11 elementor-section-boxed elementor-section-height-default elementor-section-height-default\" data-id=\"aca2e11\" data-element_type=\"section\" data-e-type=\"section\" data-settings=\"{&quot;background_background&quot;:&quot;classic&quot;}\">\n\t\t\t\t\t\t<div class=\"elementor-container elementor-column-gap-default\">\n\t\t\t\t\t<div class=\"elementor-column elementor-col-100 elementor-top-column elementor-element elementor-element-50842e5\" data-id=\"50842e5\" data-element_type=\"column\" data-e-type=\"column\">\n\t\t\t<div class=\"elementor-widget-wrap elementor-element-populated\">\n\t\t\t\t\t\t<div class=\"elementor-element elementor-element-6f995f6 elementor-widget elementor-widget-heading\" data-id=\"6f995f6\" data-element_type=\"widget\" data-e-type=\"widget\" data-widget_type=\"heading.default\">\n\t\t\t\t<div class=\"elementor-widget-container\">\n\t\t\t\t\t<h2 class=\"elementor-heading-title elementor-size-default\">Jste p\u0159ipraveni zm\u011bnit sv\u016fj CSS?<\/h2>\t\t\t\t<\/div>\n\t\t\t\t<\/div>\n\t\t\t\t<div class=\"elementor-element elementor-element-eac360b elementor-widget elementor-widget-text-editor\" data-id=\"eac360b\" data-element_type=\"widget\" data-e-type=\"widget\" data-widget_type=\"text-editor.default\">\n\t\t\t\t<div class=\"elementor-widget-container\">\n\t\t\t\t\t\t\t\t\t<section><p>D\u011bkujeme, \u017ee jste si vybrali <strong>CSS verteco.shop<\/strong> ! Pro zaji\u0161t\u011bn\u00ed plynul\u00e9ho p\u0159echodu pros\u00edm potvr\u010fte ka\u017ed\u00fd krok p\u0159ed p\u0159ijet\u00edm zm\u011bny v Merchant Center:<\/p><ol><li><p><strong>  Ov\u011b\u0159en\u00ed p\u0159\u00edstupu spr\u00e1vce<\/strong><\/p><ul><li>Potvr\u010fte, \u017ee m\u00e1te p\u0159\u00edm\u00e1 administr\u00e1torsk\u00e1 pr\u00e1va v c\u00edlov\u00e9 slu\u017eb\u011b Merchant Center.<\/li><li>U \u00fa\u010dt\u016f s v\u00edce klienty zajist\u011bte administr\u00e1torsk\u00fd p\u0159\u00edstup k dan\u00e9mu pod\u00fa\u010dtu.<\/li><li>Pokud je\u0161t\u011b nem\u00e1te p\u0159\u00edm\u00e1 opr\u00e1vn\u011bn\u00ed, p\u0159idejte u\u017eivatele s opr\u00e1vn\u011bn\u00edmi spr\u00e1vce.<br><br><\/li><\/ul><\/li><li><p><strong>  Bezplatn\u00e1 kontrola nab\u00eddek<\/strong><\/p><ul><li>Bezplatn\u00e9 z\u00e1znamy m\u016f\u017ee spravovat pouze jedno centrum EU Merchant Center v danou chv\u00edli.<\/li><li>Odhlaste se z jak\u00fdchkoli dal\u0161\u00edch center, abyste se vyhnuli automatick\u00e9mu p\u0159e\u0159azen\u00ed ze strany Googlu.<br><br><\/li><\/ul><\/li><li><p><strong>  Propojen\u00ed s Google Ads<\/strong><\/p><ul><li>Ujist\u011bte se, \u017ee je v\u00e1\u0161 \u00fa\u010det Merchant Center propojen s va\u0161\u00edm \u00fa\u010dtem Google Ads.<\/li><li>Nezapome\u0148te: rozpo\u010dty, nab\u00eddky a nastaven\u00ed kampan\u00ed m\u00e1te pod kontrolou.<br><br><\/li><\/ul><\/li><li><p><strong>  Zachovat hv\u011bzdi\u010dkov\u00e9 hodnocen\u00ed a recenze<\/strong><\/p><p>Hv\u011bzdi\u010dkov\u00e9 hodnocen\u00ed se <strong>nep\u0159en\u00e1\u0161\u00ed<\/strong> automaticky. Chcete-li si ponechat odznaky recenz\u00ed:<\/p><ul><li>Znovu nahr\u00e1vejte sv\u016fj kan\u00e1l s recenzemi produkt\u016f alespo\u0148 jednou za m\u011bs\u00edc.<\/li><li>Viz pr\u016fvodce od Googlu: <a href=\"https:\/\/support.google.com\/merchants\/answer\/14620160?hl=en\" target=\"_blank\" rel=\"noopener\">Nahr\u00e1v\u00e1n\u00ed a spr\u00e1va recenz\u00ed<\/a> , <a href=\"https:\/\/support.google.com\/merchants\/answer\/14620732?hl=en\" target=\"_blank\" rel=\"noopener\">Pr\u016fvodce zm\u011bnou \u00fa\u010dtu CSS<\/a> .<\/li><\/ul><\/li><\/ol><\/section>\t\t\t\t\t\t\t\t<\/div>\n\t\t\t\t<\/div>\n\t\t\t\t\t<\/div>\n\t\t<\/div>\n\t\t\t\t\t<\/div>\n\t\t<\/section>\n\t\t\t\t<\/div>\n\t\t","protected":false},"excerpt":{"rendered":"<p>Co byste m\u011bli v\u011bd\u011bt, ne\u017e p\u0159ijmete zm\u011bnu CSS ve va\u0161em Merchant Center? tento obsah je dostupn\u00fd v t\u011bchto jazyc\u00edch: Jste p\u0159ipraveni zm\u011bnit sv\u016fj CSS? D\u011bkujeme, \u017ee jste si vybrali CSS verteco.shop ! Pro zaji\u0161t\u011bn\u00ed plynul\u00e9ho p\u0159echodu pros\u00edm potvr\u010fte ka\u017ed\u00fd krok p\u0159ed p\u0159ijet\u00edm zm\u011bny v Merchant Center: Ov\u011b\u0159en\u00ed p\u0159\u00edstupu spr\u00e1vce Potvr\u010fte, \u017ee m\u00e1te p\u0159\u00edm\u00e1 administr\u00e1torsk\u00e1 pr\u00e1va [&hellip;]<\/p>\n","protected":false},"author":1,"featured_media":0,"parent":0,"menu_order":0,"comment_status":"closed","ping_status":"closed","template":"elementor_header_footer","meta":{"footnotes":""},"class_list":["post-24657","page","type-page","status-publish","hentry"],"_links":{"self":[{"href":"https:\/\/verteco.shop\/cs\/wp-json\/wp\/v2\/pages\/24657","targetHints":{"allow":["GET"]}}],"collection":[{"href":"https:\/\/verteco.shop\/cs\/wp-json\/wp\/v2\/pages"}],"about":[{"href":"https:\/\/verteco.shop\/cs\/wp-json\/wp\/v2\/types\/page"}],"author":[{"embeddable":true,"href":"https:\/\/verteco.shop\/cs\/wp-json\/wp\/v2\/users\/1"}],"replies":[{"embeddable":true,"href":"https:\/\/verteco.shop\/cs\/wp-json\/wp\/v2\/comments?post=24657"}],"version-history":[{"count":0,"href":"https:\/\/verteco.shop\/cs\/wp-json\/wp\/v2\/pages\/24657\/revisions"}],"wp:attachment":[{"href":"https:\/\/verteco.shop\/cs\/wp-json\/wp\/v2\/media?parent=24657"}],"curies":[{"name":"wp","href":"https:\/\/api.w.org\/{rel}","templated":true}]}}