{"id":22060,"date":"2024-03-21T20:49:52","date_gmt":"2024-03-21T18:49:52","guid":{"rendered":"https:\/\/verteco.shop\/css-porovnani-seznam-partneru-css-eu-s-jejich-cenami\/"},"modified":"2025-05-08T09:30:52","modified_gmt":"2025-05-08T07:30:52","slug":"css-porovnani-seznam-partneru-css-eu-s-jejich-cenami","status":"publish","type":"page","link":"https:\/\/verteco.shop\/cs\/css-porovnani-seznam-partneru-css-eu-s-jejich-cenami\/","title":{"rendered":"Porovn\u00e1n\u00ed CSS partner\u016f \u2013 Seznam srovn\u00e1vac\u00edch slu\u017eeb EU"},"content":{"rendered":"\t\t<div data-elementor-type=\"wp-page\" data-elementor-id=\"22060\" class=\"elementor elementor-22060 elementor-21181\" data-elementor-post-type=\"page\">\n\t\t\t\t\t\t<section class=\"elementor-section elementor-top-section elementor-element elementor-element-2c3c623 elementor-section-full_width elementor-section-height-min-height elementor-section-items-stretch elementor-section-height-default\" data-id=\"2c3c623\" data-element_type=\"section\" data-e-type=\"section\" data-settings=\"{&quot;background_background&quot;:&quot;classic&quot;}\">\n\t\t\t\t\t\t\t<div class=\"elementor-background-overlay\"><\/div>\n\t\t\t\t\t\t\t<div class=\"elementor-container elementor-column-gap-default\">\n\t\t\t\t\t<div class=\"elementor-column elementor-col-50 elementor-top-column elementor-element elementor-element-696c71f\" data-id=\"696c71f\" data-element_type=\"column\" data-e-type=\"column\">\n\t\t\t<div class=\"elementor-widget-wrap elementor-element-populated\">\n\t\t\t\t\t\t<div class=\"elementor-element elementor-element-aebc636 elementor-widget elementor-widget-heading\" data-id=\"aebc636\" data-element_type=\"widget\" data-e-type=\"widget\" data-widget_type=\"heading.default\">\n\t\t\t\t<div class=\"elementor-widget-container\">\n\t\t\t\t\t<h2 class=\"elementor-heading-title elementor-size-default\">Srovn\u00e1n\u00ed CSS partner\u016f<\/h2>\t\t\t\t<\/div>\n\t\t\t\t<\/div>\n\t\t\t\t<div class=\"elementor-element elementor-element-0e4f1d9 elementor-widget elementor-widget-heading\" data-id=\"0e4f1d9\" data-element_type=\"widget\" data-e-type=\"widget\" data-widget_type=\"heading.default\">\n\t\t\t\t<div class=\"elementor-widget-container\">\n\t\t\t\t\t<h2 class=\"elementor-heading-title elementor-size-default\">Seznam srovn\u00e1vac\u00edch slu\u017eeb EU<br><br><\/h2>\t\t\t\t<\/div>\n\t\t\t\t<\/div>\n\t\t\t\t<div class=\"elementor-element elementor-element-a4dd4d1 elementor-widget elementor-widget-text-editor\" data-id=\"a4dd4d1\" data-element_type=\"widget\" data-e-type=\"widget\" data-widget_type=\"text-editor.default\">\n\t\t\t\t<div class=\"elementor-widget-container\">\n\t\t\t\t\t\t\t\t\t<b>V\u00fdb\u011br spr\u00e1vn\u00e9ho CSS partnera je kl\u00ed\u010dov\u00fd, zejm\u00e9na s ohledem na jeho roli p\u0159i potenci\u00e1ln\u00edm zvy\u0161ov\u00e1n\u00ed dosahu a efektivity va\u0161\u00ed reklamy z dlouhodob\u00e9ho hlediska.<\/b> Tato volba je d\u016fle\u017eit\u00e1, proto\u017ee spr\u00e1vn\u00fd CSS partner m\u016f\u017ee v\u00fdrazn\u011b roz\u0161\u00ed\u0159it va\u0161e reklamn\u00ed kampan\u011b do v\u00edce evropsk\u00fdch zem\u00ed, co\u017e podpo\u0159\u00ed expanzi a konsolidaci trhu.\t\t\t\t\t\t\t\t<\/div>\n\t\t\t\t<\/div>\n\t\t\t\t\t<\/div>\n\t\t<\/div>\n\t\t\t\t<div class=\"elementor-column elementor-col-50 elementor-top-column elementor-element elementor-element-881b69d\" data-id=\"881b69d\" data-element_type=\"column\" data-e-type=\"column\">\n\t\t\t<div class=\"elementor-widget-wrap elementor-element-populated\">\n\t\t\t\t\t\t<div class=\"elementor-element elementor-element-26e4b5b elementor-widget-tablet__width-initial elementor-widget elementor-widget-image\" data-id=\"26e4b5b\" data-element_type=\"widget\" data-e-type=\"widget\" data-widget_type=\"image.default\">\n\t\t\t\t<div class=\"elementor-widget-container\">\n\t\t\t\t\t\t\t\t\t\t\t\t\t\t\t<img fetchpriority=\"high\" decoding=\"async\" width=\"800\" height=\"740\" src=\"https:\/\/verteco.shop\/wp-content\/uploads\/2025\/01\/Verteco-shop_img_tel_01-2-1-1024x947.webp\" class=\"attachment-large size-large wp-image-31029\" alt=\"- -\" srcset=\"https:\/\/verteco.shop\/wp-content\/uploads\/2025\/01\/Verteco-shop_img_tel_01-2-1-1024x947.webp 1024w, https:\/\/verteco.shop\/wp-content\/uploads\/2025\/01\/Verteco-shop_img_tel_01-2-1-300x278.webp 300w, https:\/\/verteco.shop\/wp-content\/uploads\/2025\/01\/Verteco-shop_img_tel_01-2-1-768x710.webp 768w, https:\/\/verteco.shop\/wp-content\/uploads\/2025\/01\/Verteco-shop_img_tel_01-2-1-1536x1421.webp 1536w, https:\/\/verteco.shop\/wp-content\/uploads\/2025\/01\/Verteco-shop_img_tel_01-2-1.webp 1800w\" sizes=\"(max-width: 800px) 100vw, 800px\" title=\"-\">\t\t\t\t\t\t\t\t\t\t\t\t\t\t\t<\/div>\n\t\t\t\t<\/div>\n\t\t\t\t\t<\/div>\n\t\t<\/div>\n\t\t\t\t\t<\/div>\n\t\t<\/section>\n\t\t\t\t<section class=\"elementor-section elementor-top-section elementor-element elementor-element-5aa4980 elementor-section-full_width elementor-section-height-default elementor-section-height-default\" data-id=\"5aa4980\" data-element_type=\"section\" data-e-type=\"section\">\n\t\t\t\t\t\t<div class=\"elementor-container elementor-column-gap-default\">\n\t\t\t\t\t<div class=\"elementor-column elementor-col-100 elementor-top-column elementor-element elementor-element-9054300\" data-id=\"9054300\" data-element_type=\"column\" data-e-type=\"column\">\n\t\t\t<div class=\"elementor-widget-wrap elementor-element-populated\">\n\t\t\t\t\t\t<div class=\"elementor-element elementor-element-9854e6d elementor-widget elementor-widget-heading\" data-id=\"9854e6d\" data-element_type=\"widget\" data-e-type=\"widget\" data-widget_type=\"heading.default\">\n\t\t\t\t<div class=\"elementor-widget-container\">\n\t\t\t\t\t<h2 class=\"elementor-heading-title elementor-size-default\">Nab\u00edz\u00edme v\u00e1m srovn\u00e1n\u00ed nej\u010dast\u011bji pou\u017e\u00edvan\u00fdch CSS v Evrop\u011b<\/h2>\t\t\t\t<\/div>\n\t\t\t\t<\/div>\n\t\t\t\t<div class=\"elementor-element elementor-element-63f3c49 elementor-widget__width-initial elementor-widget-tablet__width-inherit elementor-widget elementor-widget-text-editor\" data-id=\"63f3c49\" data-element_type=\"widget\" data-e-type=\"widget\" data-widget_type=\"text-editor.default\">\n\t\t\t\t<div class=\"elementor-widget-container\">\n\t\t\t\t\t\t\t\t\t<div class=\"flex-shrink-0 flex flex-col relative items-end\"><div class=\"pt-0.5\"><div class=\"gizmo-shadow-stroke flex h-6 w-6 items-center justify-center overflow-hidden rounded-full\"><div class=\"relative p-1 rounded-sm h-9 w-9 text-white flex items-center justify-center\"><strong>V cel\u00e9 EU je k dispozici mnoho r\u016fzn\u00fdch CSS partner\u016f, z nich\u017e ka\u017ed\u00fd nab\u00edz\u00ed jedine\u010dn\u00e9 slu\u017eby, cenov\u00e9 struktury a smluvn\u00ed podm\u00ednky. Je d\u016fle\u017eit\u00e9 zd\u016fraznit, \u017ee ne v\u0161ichni partne\u0159i poskytuj\u00ed slu\u017eby ve v\u0161ech evropsk\u00fdch zem\u00edch, co\u017e zd\u016fraz\u0148uje v\u00fdznam pe\u010dliv\u00e9ho v\u00fdb\u011brov\u00e9ho procesu p\u0159izp\u016fsoben\u00e9ho va\u0161im pot\u0159eb\u00e1m. <\/strong><\/div><\/div><\/div><\/div>\t\t\t\t\t\t\t\t<\/div>\n\t\t\t\t<\/div>\n\t\t\t\t<div class=\"elementor-element elementor-element-936f1b3 elementor-widget elementor-widget-html\" data-id=\"936f1b3\" data-element_type=\"widget\" data-e-type=\"widget\" data-widget_type=\"html.default\">\n\t\t\t\t<div class=\"elementor-widget-container\">\n\t\t\t\t\t<!DOCTYPE html><html lang=\"en\"><head><meta charset=\"UTF-8\" \/><title>CSS Comparison Table<\/title><style>.custom-table {\n  overflow-x: auto; \/* Enables horizontal scrolling *\/\n  -webkit-overflow-scrolling: touch; \/* Ensures smooth scrolling on iOS *\/\n  margin:0;\n}\n\n.custom-table table {\n  width: 100%;\n  min-width: 800px; \/* Ensures the table doesn't shrink too much *\/\n  border-collapse: collapse;\n  border: none;\n  margin: 0;\n  font-size:12px;\n  color: #333;\n  font-family: Poppins;\n}\n\nthead th {\n  background-color: transparent;\n  padding: 0;\n  text-align: left;\n  border: none;\n  text-align: center;\n  vertical-align: middle;\n}\n\ntbody td {\n  border: none;\n  padding: 12px;\n  vertical-align: middle;\n}\n\ntbody td:not(:first-child) {display:box;\n  text-align: center;\n  justify-content: center;\n}\n\ntbody tr {\n  background: transparent;\n}\n\ntable caption + thead tr:first-child th, \ntable caption + thead tr:first-child td, \ntable colgroup + thead tr:first-child th, \ntable colgroup + thead tr:first-child td, \ntable thead:first-child tr:first-child th, \ntable thead:first-child tr:first-child td {\n  border-block-start: 0px solid;\n}\n\ntable {\n  table-layout: fixed; \/* Nastav\u00ed pevn\u00e9 rozlo\u017eenie st\u013apcov *\/\n}\n\n.custom-table colgroup col {\n  width: 9%; \/* Rovnak\u00e1 \u0161\u00edrka pre v\u0161etky st\u013apce *\/\n}\n\n.custom-table colgroup col:first-child {\n  width: 14.5%; \/* V\u00e4\u010d\u0161ia \u0161\u00edrka pre prv\u00fd st\u013apec *\/\n}\n\nthead th, tbody td {\n  word-wrap: break-word;\n  white-space: normal;\n}\n\n.custom-table {\n  overflow-x: auto;\n}\n\n.custom-table table {\n  table-layout: fixed;\n  min-width: 800px;\n}\n\n\/* Hover effect *\/\ntbody tr:hover {\n  background-color: #D49C2CAB;\n}\n\n\/* CSS Name above logo *\/\n.css-name {\n  font-weight: bold;\n  margin-bottom: 8px;\n  display: block;\n}\n\n\/* Logo images *\/\n.custom-table img {\n  max-width: auto;\n  max-height: 30px;\n  display: block;\n  margin:auto;\n}\n\n.custom-table td:first-child img {\n  max-height: 30px;\n  margin: 0;\n}\n\n\n\n\/* Media query for smaller devices *\/\n@media screen and (max-width: 768px) {\n  .custom-table table {\n    font-size: 9px; \/* Adjust font size for smaller screens *\/\n  }\n}\n  <\/style><\/head>\t\t\t\t<\/div>\n\t\t\t\t<\/div>\n\t\t\t\t<div class=\"elementor-element elementor-element-31085d9 elementor-widget elementor-widget-text-editor\" data-id=\"31085d9\" data-element_type=\"widget\" data-e-type=\"widget\" data-widget_type=\"text-editor.default\">\n\t\t\t\t<div class=\"elementor-widget-container\">\n\t\t\t\t\t\t\t\t\t<figure class=\"custom-table\"><table><colgroup> <col> <col> <col> <col> <col> <col> <col> <col> <col> <col> <\/colgroup><thead><tr><th> <\/th><th>20% zv\u00fd\u0161en\u00ed efektivity CPC<\/th><th>Konzultace<\/th><th>Zku\u0161ebn\u00ed verze zdarma<\/th><th>Dopl\u0148kov\u00e9 slu\u017eby<\/th><th>Agenturn\u00ed pl\u00e1n<\/th><th>Garantovan\u00e1 cena<\/th><th>Optimaliza\u010dn\u00ed platforma<\/th><th>Zem\u011b<\/th><th>Cena \/ m\u011bs\u00edc<\/th><\/tr><\/thead><tbody><tr><td><span class=\"css-name\">verteco.shop <\/span> <img decoding=\"async\" class=\"logo-img\" src=\"https:\/\/verteco.shop\/wp-content\/uploads\/2024\/03\/verteco_logo-shop1.png\" alt=\"Verteco Shop\" title=\"-\"><\/td><td><img decoding=\"async\" src=\"https:\/\/verteco.shop\/wp-content\/uploads\/2025\/01\/rb_8426-1.webp\" alt=\"Verteco Shop\" width=\"auto\" title=\"-\"><\/td><td><img decoding=\"async\" src=\"https:\/\/verteco.shop\/wp-content\/uploads\/2025\/01\/rb_8426-1.webp\" width=\"auto\" alt=\"- -\" title=\"-\"><\/td><td><img decoding=\"async\" src=\"https:\/\/verteco.shop\/wp-content\/uploads\/2025\/01\/rb_8426-1.webp\" width=\"auto\" alt=\"- -\" title=\"-\"><\/td><td><img decoding=\"async\" src=\"https:\/\/verteco.shop\/wp-content\/uploads\/2025\/01\/rb_8426-1.webp\" width=\"auto\" alt=\"- -\" title=\"-\"><\/td><td><img decoding=\"async\" src=\"https:\/\/verteco.shop\/wp-content\/uploads\/2025\/01\/rb_8426-1.webp\" width=\"auto\" alt=\"- -\" title=\"-\"><\/td><td><img decoding=\"async\" src=\"https:\/\/verteco.shop\/wp-content\/uploads\/2025\/01\/rb_8426-1.webp\" width=\"auto\" alt=\"- -\" title=\"-\"><\/td><td><img decoding=\"async\" src=\"https:\/\/verteco.shop\/wp-content\/uploads\/2025\/01\/rb_8426-1.webp\" width=\"auto\" alt=\"- -\" title=\"-\"><\/td><td><img decoding=\"async\" style=\"max-width: 35px;\" src=\"https:\/\/verteco.shop\/wp-content\/uploads\/2025\/01\/Flag_of_Europe.svg_.webp\" alt=\"EU\" title=\"-\"><\/td><td><b>499 K\u010d<\/b><\/td><\/tr><tr><td><span class=\"css-name\">ProductHero<\/span> <img decoding=\"async\" class=\"logo-img\" src=\"https:\/\/verteco.shop\/wp-content\/uploads\/2024\/03\/full_logo.svg\" alt=\"ProductHero\" title=\"-\"><\/td><td><img decoding=\"async\" src=\"https:\/\/verteco.shop\/wp-content\/uploads\/2025\/01\/rb_8426-1.webp\" width=\"auto\" alt=\"- -\" title=\"-\"><\/td><td><img decoding=\"async\" src=\"https:\/\/verteco.shop\/wp-content\/uploads\/2025\/01\/rb_8426-1.webp\" width=\"auto\" alt=\"- -\" title=\"-\"><\/td><td><img decoding=\"async\" src=\"https:\/\/verteco.shop\/wp-content\/uploads\/2025\/01\/rb_8426-1.webp\" width=\"auto\" alt=\"- -\" title=\"-\"><\/td><td><img decoding=\"async\" src=\"https:\/\/verteco.shop\/wp-content\/uploads\/2025\/01\/rb_8426-1.webp\" width=\"auto\" alt=\"- -\" title=\"-\"><\/td><td>\u274c<\/td> <td>\u274c<\/td><td><img decoding=\"async\" src=\"https:\/\/verteco.shop\/wp-content\/uploads\/2025\/01\/rb_8426-1.webp\" width=\"auto\" alt=\"- -\" title=\"-\"><\/td><td><img decoding=\"async\" style=\"max-width: 35px;\" src=\"https:\/\/verteco.shop\/wp-content\/uploads\/2025\/01\/Flag_of_Europe.svg_.webp\" alt=\"EU\" title=\"-\"><\/td><td><b>39 \u20ac<\/b><\/td><\/tr><tr><td><span class=\"css-name\">Shopping in EU<\/span> <img decoding=\"async\" src=\"https:\/\/verteco.shop\/wp-content\/uploads\/2024\/03\/shopping-eu-logo_default_ret.png\" alt=\"Shopping in EU\" title=\"-\"><\/td><td><img decoding=\"async\" src=\"https:\/\/verteco.shop\/wp-content\/uploads\/2025\/01\/rb_8426-1.webp\" width=\"auto\" alt=\"- -\" title=\"-\"><\/td><td><img decoding=\"async\" src=\"https:\/\/verteco.shop\/wp-content\/uploads\/2025\/01\/rb_8426-1.webp\" width=\"auto\" alt=\"- -\" title=\"-\"><\/td><td><img decoding=\"async\" src=\"https:\/\/verteco.shop\/wp-content\/uploads\/2025\/01\/rb_8426-1.webp\" width=\"auto\" alt=\"- -\" title=\"-\"><\/td><td><img decoding=\"async\" src=\"https:\/\/verteco.shop\/wp-content\/uploads\/2025\/01\/rb_8426-1.webp\" width=\"auto\" alt=\"- -\" title=\"-\"><\/td><td>\u274c<\/td> <td>\u274c<\/td> <td>\u274c<\/td><td><img decoding=\"async\" style=\"max-width: 35px;\" src=\"https:\/\/verteco.shop\/wp-content\/uploads\/2025\/01\/Flag_of_Europe.svg_.webp\" alt=\"EU\" title=\"-\"><\/td><td><b>29 \u20ac<\/b><\/td><\/tr><tr><td><span class=\"css-name\">Heureka<\/span> <img decoding=\"async\" src=\"https:\/\/verteco.shop\/wp-content\/uploads\/2024\/03\/logo-heureka-1.svg\" alt=\"Heureka\" title=\"-\"><\/td><td><img decoding=\"async\" src=\"https:\/\/verteco.shop\/wp-content\/uploads\/2025\/01\/rb_8426-1.webp\" width=\"auto\" alt=\"- -\" title=\"-\"><\/td><td><img decoding=\"async\" src=\"https:\/\/verteco.shop\/wp-content\/uploads\/2025\/01\/rb_8426-1.webp\" width=\"auto\" alt=\"- -\" title=\"-\"><\/td><td>\u274c<\/td> <td>\u274c<\/td> <td>\u274c<\/td> <td>\u274c<\/td> <td>\u274c<\/td><td><img decoding=\"async\" style=\"max-width: 35px;\" src=\"https:\/\/verteco.shop\/wp-content\/uploads\/2025\/01\/Flag_of_Slovakia.svg_.webp\" alt=\"SK\" title=\"-\"><br><img decoding=\"async\" style=\"max-width: 35px;\" src=\"https:\/\/verteco.shop\/wp-content\/uploads\/2025\/01\/cz.webp\" alt=\"CZ\" title=\"-\"><\/td><td><b>40 \u20ac<\/b><\/td><\/tr><tr><td><span class=\"css-name\">TRUDA<\/span> <img decoding=\"async\" src=\"https:\/\/verteco.shop\/wp-content\/uploads\/2024\/03\/LOGO-TRUDA-MARE-removebg-preview.png\" alt=\"TRUDA\" title=\"-\"><\/td><td><img decoding=\"async\" src=\"https:\/\/verteco.shop\/wp-content\/uploads\/2025\/01\/rb_8426-1.webp\" width=\"auto\" alt=\"- -\" title=\"-\"><\/td><td><img decoding=\"async\" src=\"https:\/\/verteco.shop\/wp-content\/uploads\/2025\/01\/rb_8426-1.webp\" width=\"auto\" alt=\"- -\" title=\"-\"><\/td><td><img decoding=\"async\" src=\"https:\/\/verteco.shop\/wp-content\/uploads\/2025\/01\/rb_8426-1.webp\" width=\"auto\" alt=\"- -\" title=\"-\"><\/td><td><img decoding=\"async\" src=\"https:\/\/verteco.shop\/wp-content\/uploads\/2025\/01\/rb_8426-1.webp\" width=\"auto\" alt=\"- -\" title=\"-\"><\/td><td><img decoding=\"async\" src=\"https:\/\/verteco.shop\/wp-content\/uploads\/2025\/01\/rb_8426-1.webp\" width=\"auto\" alt=\"- -\" title=\"-\"><\/td><td>\u274c<\/td> <td>\u274c<\/td><td><img decoding=\"async\" style=\"max-width: 35px;\" src=\"https:\/\/verteco.shop\/wp-content\/uploads\/2025\/01\/Flag_of_Romania.svg_.webp\" alt=\"RO\" title=\"-\"><\/td><td><b>350 \u20ac<\/b><\/td><\/tr><tr><td><span class=\"css-name\">Trovaprezzi.it<\/span> <img decoding=\"async\" src=\"https:\/\/verteco.shop\/wp-content\/uploads\/2024\/03\/logo-3f1dfbb2fe31161e2732962ce235b720c74cc6f05ba38e45d7d6c14c981de2c8.png\" alt=\"trovaprezzi.it\" title=\"-\"><\/td><td><img decoding=\"async\" src=\"https:\/\/verteco.shop\/wp-content\/uploads\/2025\/01\/rb_8426-1.webp\" width=\"auto\" alt=\"- -\" title=\"-\"><\/td><td>\u274c<\/td><td><img decoding=\"async\" src=\"https:\/\/verteco.shop\/wp-content\/uploads\/2025\/01\/rb_8426-1.webp\" width=\"auto\" alt=\"- -\" title=\"-\"><\/td><td>\u274c<\/td> <td>\u274c<\/td> <td>\u274c<\/td> <td>\u274c<\/td><td><img decoding=\"async\" style=\"max-width: 35px;\" src=\"https:\/\/verteco.shop\/wp-content\/uploads\/2025\/01\/it-0.webp\" alt=\"TO\" title=\"-\"><\/td><td><b>?<\/b><\/td><\/tr><tr><td><span class=\"css-name\">Klarna CSS<\/span> <img decoding=\"async\" src=\"https:\/\/verteco.shop\/wp-content\/uploads\/2024\/03\/Klarna_Logo_black.svg_.png\" alt=\"klarna css\" title=\"-\"><\/td><td><img decoding=\"async\" src=\"https:\/\/verteco.shop\/wp-content\/uploads\/2025\/01\/rb_8426-1.webp\" width=\"auto\" alt=\"- -\" title=\"-\"><\/td><td>\u274c<\/td><td><img decoding=\"async\" src=\"https:\/\/verteco.shop\/wp-content\/uploads\/2025\/01\/rb_8426-1.webp\" width=\"auto\" alt=\"- -\" title=\"-\"><\/td><td>\u274c<\/td> <td>\u274c<\/td> <td>\u274c<\/td> <td>\u274c<\/td><td><img decoding=\"async\" style=\"max-width: 35px;\" src=\"https:\/\/verteco.shop\/wp-content\/uploads\/2025\/01\/Flag_of_Europe.svg_.webp\" alt=\"EU\" title=\"-\"><\/td><td><b>?<\/b><\/td><\/tr><tr><td><span class=\"css-name\">Shoparize<\/span> <img decoding=\"async\" src=\"https:\/\/verteco.shop\/wp-content\/uploads\/2024\/03\/Shoparize-logo-css.png\" alt=\"shoparize\" title=\"-\"><\/td><td><img decoding=\"async\" src=\"https:\/\/verteco.shop\/wp-content\/uploads\/2025\/01\/rb_8426-1.webp\" width=\"auto\" alt=\"- -\" title=\"-\"><\/td><td>\u274c<\/td> <td>\u274c<\/td><td><img decoding=\"async\" src=\"https:\/\/verteco.shop\/wp-content\/uploads\/2025\/01\/rb_8426-1.webp\" width=\"auto\" alt=\"- -\" title=\"-\"><\/td><td>\u274c<\/td> <td>\u274c<\/td> <td>\u274c<\/td><td><img decoding=\"async\" style=\"max-width: 35px;\" src=\"https:\/\/verteco.shop\/wp-content\/uploads\/2025\/01\/Flag_of_Europe.svg_.webp\" alt=\"EU\" title=\"-\"><\/td><td><b>39 \u20ac<\/b><\/td><\/tr><\/tbody><\/table><\/figure>\t\t\t\t\t\t\t\t<\/div>\n\t\t\t\t<\/div>\n\t\t\t\t<div class=\"elementor-element elementor-element-6bfd8e0 elementor-widget__width-initial elementor-widget-tablet__width-inherit elementor-widget elementor-widget-text-editor\" data-id=\"6bfd8e0\" data-element_type=\"widget\" data-e-type=\"widget\" data-widget_type=\"text-editor.default\">\n\t\t\t\t<div class=\"elementor-widget-container\">\n\t\t\t\t\t\t\t\t\tK dne\u0161n\u00edmu dni je v cel\u00e9 Evropsk\u00e9 unii aktivn\u00edch v\u00edce ne\u017e 80 pr\u00e9miov\u00fdch partnersk\u00fdch slu\u017eeb Google CSS. Kompletn\u00ed seznam partner\u016f si m\u016f\u017eete prohl\u00e9dnout <a href=\"https:\/\/comparisonshoppingpartners.withgoogle.com\/find_a_partner\/?page=0&amp;seed=1331544&amp;is_premium=1&amp;is_subset=0&amp;search_filters=partner_search%3A\" target=\"_blank\" rel=\"noopener\">zde<\/a> .\t\t\t\t\t\t\t\t<\/div>\n\t\t\t\t<\/div>\n\t\t\t\t\t<\/div>\n\t\t<\/div>\n\t\t\t\t\t<\/div>\n\t\t<\/section>\n\t\t\t\t<section class=\"elementor-section elementor-top-section elementor-element elementor-element-4e68d90 elementor-section-full_width elementor-section-height-default elementor-section-height-default\" data-id=\"4e68d90\" data-element_type=\"section\" data-e-type=\"section\" data-settings=\"{&quot;background_background&quot;:&quot;classic&quot;}\">\n\t\t\t\t\t\t<div class=\"elementor-container elementor-column-gap-default\">\n\t\t\t\t\t<div class=\"elementor-column elementor-col-50 elementor-top-column elementor-element elementor-element-817d1ec\" data-id=\"817d1ec\" data-element_type=\"column\" data-e-type=\"column\">\n\t\t\t<div class=\"elementor-widget-wrap elementor-element-populated\">\n\t\t\t\t\t\t<div class=\"elementor-element elementor-element-e7a8e9b elementor-widget elementor-widget-heading\" data-id=\"e7a8e9b\" data-element_type=\"widget\" data-e-type=\"widget\" data-widget_type=\"heading.default\">\n\t\t\t\t<div class=\"elementor-widget-container\">\n\t\t\t\t\t<h2 class=\"elementor-heading-title elementor-size-default\">A\u010dkoliv se mohou slu\u017eby na prvn\u00ed pohled zd\u00e1t podobn\u00e9, rozd\u00edly v cen\u00e1ch a nab\u00eddce zd\u016fraz\u0148uj\u00ed v\u00fdznam d\u016fkladn\u00e9ho porovn\u00e1n\u00ed. <br>Tento p\u0159\u00edstup je obzvl\u00e1\u0161t\u011b v\u00fdhodn\u00fd pro region\u00e1ln\u00ed podniky, ale lze jej tak\u00e9 upravit pro srovn\u00e1n\u00ed v jin\u00fdch regionech nebo s na\u0161imi slu\u017ebami.<\/h2>\t\t\t\t<\/div>\n\t\t\t\t<\/div>\n\t\t\t\t\t<\/div>\n\t\t<\/div>\n\t\t\t\t<div class=\"elementor-column elementor-col-50 elementor-top-column elementor-element elementor-element-e7a7e91\" data-id=\"e7a7e91\" data-element_type=\"column\" data-e-type=\"column\">\n\t\t\t<div class=\"elementor-widget-wrap elementor-element-populated\">\n\t\t\t\t\t\t<div class=\"elementor-element elementor-element-dadcb16 elementor-widget elementor-widget-text-editor\" data-id=\"dadcb16\" data-element_type=\"widget\" data-e-type=\"widget\" data-widget_type=\"text-editor.default\">\n\t\t\t\t<div class=\"elementor-widget-container\">\n\t\t\t\t\t\t\t\t\t<div class=\"flex max-w-full flex-col flex-grow\"><div class=\"min-h-8 text-message flex w-full flex-col items-end gap-2 whitespace-normal break-words text-start [.text-message+&amp;]:mt-5\" dir=\"auto\" data-message-author-role=\"assistant\" data-message-id=\"19b8b360-cf34-41a7-aa1d-c9a94c4ea7f6\" data-message-model-slug=\"gpt-4o\"><div class=\"flex w-full flex-col gap-1 empty:hidden first:pt-[3px]\"><div class=\"markdown prose w-full break-words dark:prose-invert dark\"><p>Mezi kl\u00ed\u010dov\u00e9 faktory p\u0159i v\u00fdb\u011bru CSS partnera pat\u0159\u00ed jeho schopnost v\u00fdrazn\u011b sn\u00ed\u017eit n\u00e1klady na CPC, a t\u00edm zv\u00fd\u0161it po\u010det kliknut\u00ed, CTR a konverz\u00ed ve va\u0161ich kampan\u00edch. Neoceniteln\u00e1 m\u016f\u017ee b\u00fdt tak\u00e9 specializovan\u00e1 podpora od partnera na srovn\u00e1v\u00e1n\u00ed cen, zejm\u00e9na v oblastech, jako jsou n\u00e1kupy a reklamy s maxim\u00e1ln\u00edm v\u00fdkonem, spolu s komplexn\u00ed spr\u00e1vou va\u0161eho \u00fa\u010dtu Google Merchant Center. Takov\u00e1 odbornost nejen zvy\u0161uje efektivitu kampan\u00ed, ale poskytuje tak\u00e9 strategick\u00e9 veden\u00ed.  <\/p><p>Rozsah slu\u017eeb CSS partnera je kl\u00ed\u010dov\u00fd, zejm\u00e9na pro podniky, kter\u00e9 pl\u00e1nuj\u00ed expandovat. Partner p\u016fsob\u00edc\u00ed na va\u0161ich c\u00edlov\u00fdch trz\u00edch m\u016f\u017ee expanzi usnadnit t\u00edm, \u017ee eliminuje pot\u0159ebu hledat nov\u00e9 m\u00edstn\u00ed partnery. Rovn\u011b\u017e je d\u016fle\u017eit\u00e9 zv\u00e1\u017eit faktory, jako jsou zku\u0161ebn\u00ed obdob\u00ed a n\u00e1sledn\u00e9 n\u00e1klady, abyste mohli slu\u017ebu posoudit, ne\u017e se zcela zav\u00e1\u017eete.  <\/p><p>Stru\u010dn\u011b \u0159e\u010deno, v\u00fdb\u011br CSS partnera zahrnuje zv\u00e1\u017een\u00ed mnoha aspekt\u016f nad r\u00e1mec okam\u017eit\u00e9 nab\u00eddky \u2013 od region\u00e1ln\u00edho pokryt\u00ed a specializovan\u00e9 podpory a\u017e po zku\u0161ebn\u00ed obdob\u00ed a \u00favahy o n\u00e1kladech. Takov\u00e1 strategick\u00e1 volba m\u016f\u017ee v\u00fdrazn\u011b ovlivnit efektivitu a rozsah va\u0161eho \u00fasil\u00ed v oblasti online inzerce. <\/p><\/div><\/div><\/div><\/div><div class=\"mb-2 flex gap-3 empty:hidden -ml-2\"><div class=\"items-center justify-start rounded-xl p-1 flex\"><div class=\"flex items-center\"> <\/div><\/div><\/div>\t\t\t\t\t\t\t\t<\/div>\n\t\t\t\t<\/div>\n\t\t\t\t\t<\/div>\n\t\t<\/div>\n\t\t\t\t\t<\/div>\n\t\t<\/section>\n\t\t\t\t<\/div>\n\t\t","protected":false},"excerpt":{"rendered":"<p>Srovn\u00e1n\u00ed CSS partner\u016f Seznam srovn\u00e1vac\u00edch slu\u017eeb EU V\u00fdb\u011br spr\u00e1vn\u00e9ho CSS partnera je kl\u00ed\u010dov\u00fd, zejm\u00e9na s ohledem na jeho roli p\u0159i potenci\u00e1ln\u00edm zvy\u0161ov\u00e1n\u00ed dosahu a efektivity va\u0161\u00ed reklamy z dlouhodob\u00e9ho hlediska. Tato volba je d\u016fle\u017eit\u00e1, proto\u017ee spr\u00e1vn\u00fd CSS partner m\u016f\u017ee v\u00fdrazn\u011b roz\u0161\u00ed\u0159it va\u0161e reklamn\u00ed kampan\u011b do v\u00edce evropsk\u00fdch zem\u00ed, co\u017e podpo\u0159\u00ed expanzi a konsolidaci trhu. Nab\u00edz\u00edme [&hellip;]<\/p>\n","protected":false},"author":1,"featured_media":0,"parent":0,"menu_order":0,"comment_status":"closed","ping_status":"closed","template":"","meta":{"footnotes":""},"class_list":["post-22060","page","type-page","status-publish","hentry"],"_links":{"self":[{"href":"https:\/\/verteco.shop\/cs\/wp-json\/wp\/v2\/pages\/22060","targetHints":{"allow":["GET"]}}],"collection":[{"href":"https:\/\/verteco.shop\/cs\/wp-json\/wp\/v2\/pages"}],"about":[{"href":"https:\/\/verteco.shop\/cs\/wp-json\/wp\/v2\/types\/page"}],"author":[{"embeddable":true,"href":"https:\/\/verteco.shop\/cs\/wp-json\/wp\/v2\/users\/1"}],"replies":[{"embeddable":true,"href":"https:\/\/verteco.shop\/cs\/wp-json\/wp\/v2\/comments?post=22060"}],"version-history":[{"count":0,"href":"https:\/\/verteco.shop\/cs\/wp-json\/wp\/v2\/pages\/22060\/revisions"}],"wp:attachment":[{"href":"https:\/\/verteco.shop\/cs\/wp-json\/wp\/v2\/media?parent=22060"}],"curies":[{"name":"wp","href":"https:\/\/api.w.org\/{rel}","templated":true}]}}