{"id":15301,"date":"2023-05-18T23:08:19","date_gmt":"2023-05-18T21:08:19","guid":{"rendered":"https:\/\/verteco.shop\/zasady-ochrany-osobnich-udaju"},"modified":"2024-08-20T18:57:14","modified_gmt":"2024-08-20T16:57:14","slug":"zasady-ochrany-osobnich-udaju","status":"publish","type":"page","link":"https:\/\/verteco.shop\/cs\/zasady-ochrany-osobnich-udaju\/","title":{"rendered":"Z\u00e1sady ochrany osobn\u00edch \u00fadaj\u016f"},"content":{"rendered":"\t\t<div data-elementor-type=\"wp-page\" data-elementor-id=\"15301\" class=\"elementor elementor-15301 elementor-7044\" data-elementor-post-type=\"page\">\n\t\t\t\t\t\t<section class=\"elementor-section elementor-top-section elementor-element elementor-element-20c115e2 elementor-section-boxed elementor-section-height-default elementor-section-height-default\" data-id=\"20c115e2\" data-element_type=\"section\" data-e-type=\"section\">\n\t\t\t\t\t\t<div class=\"elementor-container elementor-column-gap-default\">\n\t\t\t\t\t<div class=\"elementor-column elementor-col-100 elementor-top-column elementor-element elementor-element-7140ffb9\" data-id=\"7140ffb9\" data-element_type=\"column\" data-e-type=\"column\">\n\t\t\t<div class=\"elementor-widget-wrap elementor-element-populated\">\n\t\t\t\t\t\t<div class=\"elementor-element elementor-element-d8fbd51 elementor-widget elementor-widget-heading\" data-id=\"d8fbd51\" data-element_type=\"widget\" data-e-type=\"widget\" data-widget_type=\"heading.default\">\n\t\t\t\t<div class=\"elementor-widget-container\">\n\t\t\t\t\t<h2 class=\"elementor-heading-title elementor-size-default\">Z\u00e1sady ochrany osobn\u00edch \u00fadaj\u016f<\/h2>\t\t\t\t<\/div>\n\t\t\t\t<\/div>\n\t\t\t\t\t<\/div>\n\t\t<\/div>\n\t\t\t\t\t<\/div>\n\t\t<\/section>\n\t\t\t\t<section class=\"elementor-section elementor-top-section elementor-element elementor-element-47743373 elementor-section-boxed elementor-section-height-default elementor-section-height-default\" data-id=\"47743373\" data-element_type=\"section\" data-e-type=\"section\">\n\t\t\t\t\t\t<div class=\"elementor-container elementor-column-gap-default\">\n\t\t\t\t\t<div class=\"elementor-column elementor-col-100 elementor-top-column elementor-element elementor-element-54aab426\" data-id=\"54aab426\" data-element_type=\"column\" data-e-type=\"column\">\n\t\t\t<div class=\"elementor-widget-wrap elementor-element-populated\">\n\t\t\t\t\t\t<div class=\"elementor-element elementor-element-369420f6 elementor-widget elementor-widget-text-editor\" data-id=\"369420f6\" data-element_type=\"widget\" data-e-type=\"widget\" data-widget_type=\"text-editor.default\">\n\t\t\t\t<div class=\"elementor-widget-container\">\n\t\t\t\t\t\t\t\t\t<p>ve smyslu \u010dl. 19 a n\u00e1sl. z\u00e1kona \u010d. 18\/2018 Sb.  o ochran\u011b osobn\u00edch \u00fadaj\u016f ao zm\u011bn\u011b a dopln\u011bn\u00ed n\u011bkter\u00fdch z\u00e1kon\u016f, ve zn\u011bn\u00ed pozd\u011bj\u0161\u00edch p\u0159edpis\u016f, v souladu s \u010dl\u00e1nky 13 a 14 na\u0159\u00edzen\u00ed Evropsk\u00e9ho parlamentu a Rady (EU) 2016\/679 ze dne 27. dubna 2016 o ochran\u011b osobn\u00edch \u00fadaj\u016f fyzick\u00fdm osob\u00e1m v souvislosti se zpracov\u00e1n\u00edm osobn\u00edch \u00fadaj\u016f a o voln\u00e9m pohybu t\u011bchto \u00fadaj\u016f a o zru\u0161en\u00ed sm\u011brnice 95\/46\/ES (obecn\u00e9 na\u0159\u00edzen\u00ed o ochran\u011b osobn\u00edch \u00fadaj\u016f) (d\u00e1le jen \u201eGDPR\u201c).<\/p>\n<p>Podle ustanoven\u00ed \u010dl. 19 a n\u00e1sl. z\u00e1kona \u010d. 18\/2018 Sb. o ochran\u011b osobn\u00edch \u00fadaj\u016f v platn\u00e9m zn\u011bn\u00ed (d\u00e1le jen \u201ez\u00e1kon o ochran\u011b osobn\u00edch \u00fadaj\u016f\u201c) V\u00e1m jako subjektu \u00fadaj\u016f poskytujeme n\u00e1sleduj\u00edc\u00ed informace o zpracov\u00e1n\u00ed Va\u0161ich osobn\u00edch \u00fadaj\u016f.  <\/p>\n<p><strong>Spr\u00e1vce \u00fadaj\u016f:<\/strong><br \/> Spr\u00e1vcem je spole\u010dnost <strong>Elite Digital Services<\/strong> , se s\u00eddlem 1111B S Governors Ave, STE 21653, Dover, DE 19904, USA zastoupen\u00e1: Normanem Bytri\u010danem (d\u00e1le jen \u201eSpr\u00e1vce\u201c).<\/p>\n<p>Kontaktn\u00ed \u00fadaje:<\/p>\n<p><strong>  E-mail: info@verteco.shop<br \/> Telefon: +32 480 20 46 99<\/strong><\/p>\n<p><strong>P\u0159\u00edstup k osobn\u00edm \u00fadaj\u016fm:<\/strong><\/p>\n<p>P\u0159i zpracov\u00e1n\u00ed osobn\u00edch \u00fadaj\u016f mohou m\u00edt k osobn\u00edm \u00fadaj\u016fm p\u0159\u00edstup krom\u011b Spr\u00e1vce a spole\u010dnost\u00ed spjat\u00fdch s Elite Digital Services, LLC a jejich zam\u011bstnanc\u016f i dal\u0161\u00ed osoby zpracov\u00e1vaj\u00edc\u00ed osobn\u00ed \u00fadaje jako zpracovatel\u00e9. Konkr\u00e9tn\u00ed, pr\u016fb\u011b\u017en\u011b aktualizovan\u00fd seznam zpracovatel\u016f, tj. p\u0159\u00edjemc\u016f osobn\u00edch \u00fadaj\u016f zpracov\u00e1van\u00fdch jm\u00e9nem Spr\u00e1vce, v n\u00e1sleduj\u00edc\u00edch kategori\u00edch: <\/p>\n<p>\u2022 Spole\u010dnosti poskytuj\u00edc\u00ed marketingov\u00e9 slu\u017eby<br \/> \u2022 Spole\u010dnosti poskytuj\u00edc\u00ed mzdov\u00e9 a \u00fa\u010detn\u00ed slu\u017eby<br \/> \u2022 Spole\u010dnosti poskytuj\u00edc\u00ed slu\u017eby intern\u00edho a extern\u00edho auditu<\/p>\n<p><strong><br \/>Pr\u00e1vn\u00ed z\u00e1klad:<\/strong><\/p>\n<p>Pr\u00e1vn\u00edm z\u00e1kladem zpracov\u00e1n\u00ed osobn\u00edch \u00fadaj\u016f je zpravidla pln\u011bn\u00ed z\u00e1konn\u00e9 povinnosti (zejm\u00e9na z\u00e1kona \u010d. 18\/2018 Sb. o ochran\u011b osobn\u00edch \u00fadaj\u016f), uzav\u00edr\u00e1n\u00ed, spr\u00e1va a pln\u011bn\u00ed smluvn\u00edch povinnost\u00ed vypl\u00fdvaj\u00edc\u00edch ze pracovn\u00ed a obchodn\u00ed smlouvy, opr\u00e1vn\u011bn\u00fd z\u00e1jem, kter\u00fdm je ochrana pr\u00e1v a pr\u00e1vem chr\u00e1n\u011bn\u00fdch z\u00e1jm\u016f spr\u00e1vce a jeho zam\u011bstnanc\u016f, jako\u017e i souhlas subjektu \u00fadaj\u016f (zejm\u00e9na pro \u00fa\u010dely marketingu, sout\u011b\u017e\u00ed, spole\u010densk\u00fdch akc\u00ed , atd.). Souhlas se zpracov\u00e1n\u00edm osobn\u00edch \u00fadaj\u016f mus\u00ed b\u00fdt ud\u011blen dobrovoln\u011b a subjekt \u00fadaj\u016f m\u016f\u017ee souhlas kdykoli odvolat. Souhlas je v\u0161ak nutn\u00fd k tomu, aby Spr\u00e1vce zajistil nap\u0159. firemn\u00ed akce a podobn\u011b, a bez tohoto souhlasu nen\u00ed Spr\u00e1vce opr\u00e1vn\u011bn p\u0159edm\u011btn\u00e9 slu\u017eby poskytovat. Pokud subjekt \u00fadaj\u016f odm\u00edtne poskytnout Spr\u00e1vci osobn\u00ed \u00fadaje pot\u0159ebn\u00e9 pro \u00fa\u010dely pln\u011bn\u00ed smluvn\u00edch povinnost\u00ed Spr\u00e1vce nebo dodr\u017eov\u00e1n\u00ed z\u00e1kona, nen\u00ed Spr\u00e1vce povinen uzav\u0159\u00edt smlouvu ani poskytovat \u017e\u00e1dn\u00e9 dal\u0161\u00ed slu\u017eby.   <\/p>\n<p><strong><br \/>Zpracov\u00e1van\u00e9 osobn\u00ed \u00fadaje:<\/strong><\/p>\n<p>Shroma\u017e\u010fujeme jm\u00e9no, e-mail, dodac\u00ed a faktura\u010dn\u00ed adresu z\u00e1kazn\u00edk\u016f na\u0161ich obchodn\u00edk\u016f, platebn\u00ed \u00fadaje, n\u00e1zev spole\u010dnosti, telefonn\u00ed \u010d\u00edslo, IP adresu, informace o objedn\u00e1vk\u00e1ch, kter\u00e9 zad\u00e1v\u00e1te, informace o Elite Digital Services \u2013 podporovan\u00fdch obchodech obchodn\u00edk\u016f, kter\u00e9 nav\u0161t\u011bvujete, a informace o za\u0159\u00edzen\u00ed a prohl\u00ed\u017ee\u010di, kter\u00e9 pou\u017e\u00edv\u00e1te. Tyto informace shroma\u017e\u010fujeme, kdy\u017e pou\u017e\u00edv\u00e1te obchod, kter\u00fd vyu\u017e\u00edv\u00e1 na\u0161e slu\u017eby, nebo k n\u011bmu p\u0159istupujete, nap\u0159\u00edklad kdy\u017e nav\u0161t\u00edv\u00edte web obchodn\u00edka, zad\u00e1te objedn\u00e1vku nebo si zaregistrujete \u00fa\u010det na webu obchodn\u00edka. P\u0159i n\u00e1v\u0161t\u011bv\u011b nebo proch\u00e1zen\u00ed webov\u00fdch str\u00e1nek slu\u017eeb CSS verteco.shop shroma\u017e\u010fujeme informace o za\u0159\u00edzen\u00ed a prohl\u00ed\u017ee\u010di, kter\u00e9 pou\u017e\u00edv\u00e1te, o va\u0161em s\u00ed\u0165ov\u00e9m p\u0159ipojen\u00ed, va\u0161\u00ed IP adrese a informace o souborech cookie nainstalovan\u00fdch ve va\u0161em za\u0159\u00edzen\u00ed. Shroma\u017e\u010fujeme tak\u00e9 osobn\u00ed \u00fadaje, kter\u00e9 n\u00e1m poskytnete prost\u0159ednictv\u00edm jak\u00e9koli funkce zas\u00edl\u00e1n\u00ed zpr\u00e1v dostupn\u00e9 na na\u0161ich webov\u00fdch str\u00e1nk\u00e1ch. Od u\u017eivatel\u016f f\u00f3ra shroma\u017e\u010fujeme va\u0161e jm\u00e9no, e-mailovou adresu, adresu URL webov\u00fdch str\u00e1nek a dal\u0161\u00ed osobn\u00ed \u00fadaje, kter\u00e9 m\u016f\u017eete zve\u0159ejnit.    <\/p>\n<p><strong><br \/>\u00da\u010del zpracov\u00e1n\u00ed a sd\u00edlen\u00ed:<\/strong><\/p>\n<p>Tyto informace pou\u017e\u00edv\u00e1me k poskytov\u00e1n\u00ed slu\u017eeb na\u0161im obchodn\u00edk\u016fm, v\u010detn\u011b podpory a zpracov\u00e1n\u00ed objedn\u00e1vek, ov\u011b\u0159ov\u00e1n\u00ed a plateb. Tyto informace tak\u00e9 pou\u017e\u00edv\u00e1me ke zlep\u0161en\u00ed na\u0161ich slu\u017eeb. Elite Digital Services, LLC, spolupracuje tak\u00e9 s t\u0159et\u00edmi stranami a poskytovateli slu\u017eeb, aby pomohli na\u0161im obchodn\u00edk\u016fm poskytovat slu\u017eby a m\u016f\u017eeme s nimi sd\u00edlet osobn\u00ed \u00fadaje, abychom podpo\u0159ili toto \u00fasil\u00ed. Va\u0161e \u00fadaje m\u016f\u017eeme sd\u00edlet tak\u00e9 za n\u00e1sleduj\u00edc\u00edch okolnost\u00ed:   <\/p>\n<ul>\n<li>zabr\u00e1nit, pro\u0161et\u0159it nebo podniknout kroky t\u00fdkaj\u00edc\u00ed se nez\u00e1konn\u00fdch \u010dinnost\u00ed, podez\u0159en\u00ed na podvod, situac\u00ed zahrnuj\u00edc\u00edch potenci\u00e1ln\u00ed ohro\u017een\u00ed fyzick\u00e9 bezpe\u010dnosti jak\u00e9koli osoby, poru\u0161en\u00ed na\u0161ich Podm\u00ednek pou\u017eit\u00ed nebo jak\u00e9koli jin\u00e9 dohody souvisej\u00edc\u00ed se slu\u017ebami, nebo jak jinak vy\u017eaduje z\u00e1kon.<\/li>\n<li>Pokud obchodn\u00edk, jeho\u017e obchod nav\u0161t\u011bvujete nebo k n\u011bmu p\u0159istupujete, n\u00e1s nasm\u011bruje k p\u0159enosu t\u011bchto informac\u00ed (nap\u0159\u00edklad pokud povol\u00ed aplikaci t\u0159et\u00ed strany, kter\u00e1 m\u00e1 p\u0159\u00edstup k osobn\u00edm \u00fadaj\u016fm z\u00e1kazn\u00edka).<\/li>\n<li>vyhovovat z\u00e1konn\u00fdm po\u017eadavk\u016fm nebo reagovat na z\u00e1konn\u00e9 soudn\u00ed p\u0159\u00edkazy, p\u0159edvol\u00e1n\u00ed, p\u0159\u00edkazy nebo jin\u00e9 po\u017eadavky ve\u0159ejn\u00fdch org\u00e1n\u016f (v\u010detn\u011b spln\u011bn\u00ed po\u017eadavk\u016f n\u00e1rodn\u00ed bezpe\u010dnosti nebo vym\u00e1h\u00e1n\u00ed pr\u00e1va).<\/li>\n<\/ul>\n<p>Osobn\u00ed \u00fadaje mohou b\u00fdt tak\u00e9 sd\u00edleny se spole\u010dnost\u00ed, kter\u00e1 z\u00edsk\u00e1 na\u0161i obchodn\u00ed \u010dinnost nebo s obchodn\u00ed \u010dinnost\u00ed obchodn\u00edka, jeho\u017e obchod nav\u0161t\u011bvujete nebo k n\u011bmu p\u0159istupujete, a\u0165 u\u017e prost\u0159ednictv\u00edm f\u00faze, akvizice, bankrotu, zru\u0161en\u00ed, reorganizace nebo jin\u00e9 podobn\u00e9 transakce \u010di \u0159\u00edzen\u00ed.<\/p>\n<p><strong><br \/>Uchov\u00e1v\u00e1n\u00ed osobn\u00edch \u00fadaj\u016f a doba zpracov\u00e1n\u00ed:<\/strong><\/p>\n<p>Spr\u00e1vce je opr\u00e1vn\u011bn zpracov\u00e1vat osobn\u00ed \u00fadaje subjekt\u016f \u00fadaj\u016f po dobu stanovenou v souladu s p\u0159\u00edslu\u0161n\u00fdmi pr\u00e1vn\u00edmi p\u0159edpisy. Zpracov\u00e1n\u00ed osobn\u00edch \u00fadaj\u016f na z\u00e1klad\u011b souhlasu je mo\u017en\u00e9 pouze po dobu, na kterou byl souhlas ud\u011blen. Souhlas je spr\u00e1vci ud\u011blen na dobu n\u00e1sleduj\u00edc\u00edch t\u0159\u00ed (3) let nebo do okam\u017eiku odvol\u00e1n\u00ed souhlasu. Po uplynut\u00ed p\u0159\u00edslu\u0161n\u00e9ho obdob\u00ed budou osobn\u00ed \u00fadaje vymaz\u00e1ny, pokud jejich uchov\u00e1n\u00ed nevy\u017eaduj\u00ed p\u0159\u00edslu\u0161n\u00e9 pr\u00e1vn\u00ed p\u0159edpisy.   <\/p>\n<p><strong><br \/>Pr\u00e1va subjekt\u016f \u00fadaj\u016f souvisej\u00edc\u00ed se zpracov\u00e1n\u00edm osobn\u00edch \u00fadaj\u016f:<\/strong><\/p>\n<p>Pokud jde o zpracov\u00e1n\u00ed osobn\u00edch \u00fadaj\u016f, mohou subjekty \u00fadaj\u016f uplatnit n\u00e1sleduj\u00edc\u00ed pr\u00e1va:<\/p>\n<ul>\n<li>pr\u00e1vo na p\u0159\u00edstup k jejich osobn\u00edm \u00fadaj\u016fm a na poskytnut\u00ed informac\u00ed o nich;<\/li>\n<li>pr\u00e1vo na opravu osobn\u00edch \u00fadaj\u016f;<\/li>\n<li>pr\u00e1vo na v\u00fdmaz osobn\u00edch \u00fadaj\u016f;<\/li>\n<li>pr\u00e1vo na omezen\u00ed zpracov\u00e1n\u00ed osobn\u00edch \u00fadaj\u016f<\/li>\n<li>pr\u00e1vo na p\u0159enositelnost osobn\u00edch \u00fadaj\u016f;<\/li>\n<li>pr\u00e1vo vzn\u00e9st n\u00e1mitku proti zpracov\u00e1n\u00ed osobn\u00edch \u00fadaj\u016f;<\/li>\n<li>pr\u00e1vo na ne\u00fa\u010dinnost automatizovan\u00e9ho individu\u00e1ln\u00edho rozhodov\u00e1n\u00ed, v\u010detn\u011b profilov\u00e1n\u00ed;<\/li>\n<li>pr\u00e1vo souhlas kdykoli odvolat (pokud je souhlas pr\u00e1vn\u00edm z\u00e1kladem zpracov\u00e1n\u00ed);<\/li>\n<li>pr\u00e1vo podat n\u00e1vrh na zah\u00e1jen\u00ed \u0159\u00edzen\u00ed podle 100 a n\u00e1sl. z\u00e1kona o ochran\u011b osobn\u00edch \u00fadaj\u016f u dozorov\u00e9ho \u00fa\u0159adu. <\/li>\n<\/ul>\n<p>Subjekty \u00fadaj\u016f mohou uplatnit v\u00fd\u0161e uveden\u00e1 pr\u00e1va, kter\u00e1 jsou bl\u00ed\u017ee specifikov\u00e1na v ustanoven\u00ed \u010dl. 21 a n\u00e1sl. z\u00e1kona o ochran\u011b osobn\u00edch \u00fadaj\u016f, v souladu se z\u00e1konem o ochran\u011b osobn\u00edch \u00fadaj\u016f a GDPR i dal\u0161\u00edmi p\u0159\u00edslu\u0161n\u00fdmi pr\u00e1vn\u00edmi p\u0159edpisy. Subjekt \u00fadaj\u016f m\u016f\u017ee u spr\u00e1vce uplatnit sv\u00e1 pr\u00e1va p\u00edsemnou \u017e\u00e1dost\u00ed zaslanou nebo doru\u010denou na adresu s\u00eddla spr\u00e1vce nebo elektronickou po\u0161tou zaslanou na adresu: info@verteco.shop.<br \/> \u017d\u00e1dost mus\u00ed obsahovat tyto \u00fadaje: jm\u00e9no, p\u0159\u00edjmen\u00ed, datum narozen\u00ed a trval\u00e9 bydli\u0161t\u011b, aby Spr\u00e1vce mohl subjekt \u00fadaj\u016f identifikovat. Spr\u00e1vce m\u016f\u017ee po\u017e\u00e1dat o poskytnut\u00ed dal\u0161\u00edch informac\u00ed nezbytn\u00fdch k ov\u011b\u0159en\u00ed toto\u017enosti subjektu \u00fadaj\u016f, m\u00e1-li d\u016fvodn\u00e9 pochybnosti o toto\u017enosti fyzick\u00e9 osoby. Spr\u00e1vce je povinen poskytnout subjektu \u00fadaj\u016f informace o p\u0159ijat\u00fdch opat\u0159en\u00edch na jeho \u017e\u00e1dost do jednoho (1) m\u011bs\u00edce od obdr\u017een\u00ed \u017e\u00e1dosti. V od\u016fvodn\u011bn\u00fdch p\u0159\u00edpadech, s ohledem na slo\u017eitost a po\u010det \u017e\u00e1dost\u00ed, m\u016f\u017ee Spr\u00e1vce v\u00fd\u0161e uvedenou lh\u016ftu prodlou\u017eit o dal\u0161\u00ed dva (2) m\u011bs\u00edce, a to i opakovan\u011b. O takov\u00e9m prodlou\u017een\u00ed je Spr\u00e1vce povinen subjekt \u00fadaj\u016f informovat do jednoho (1) m\u011bs\u00edce od obdr\u017een\u00ed \u017e\u00e1dosti s uveden\u00edm d\u016fvod\u016f prodlou\u017een\u00ed. Pokud subjekt \u00fadaj\u016f podal \u017e\u00e1dost v elektronick\u00e9 podob\u011b, poskytne spr\u00e1vce informace v elektronick\u00e9 podob\u011b, pokud subjekt \u00fadaj\u016f nepo\u017e\u00e1dal o informace jin\u00fdm zp\u016fsobem. Nep\u0159ijme-li spr\u00e1vce opat\u0159en\u00ed na \u017e\u00e1dost subjektu \u00fadaj\u016f, je povinen subjekt \u00fadaj\u016f do jednoho (1) m\u011bs\u00edce od obdr\u017een\u00ed \u017e\u00e1dosti informovat o d\u016fvodech ne\u010dinnosti, jako\u017e i o mo\u017enosti podat n\u00e1vrh na zah\u00e1jen\u00ed \u0159\u00edzen\u00ed podle \u00a7 100 z\u00e1kona o ochran\u011b osobn\u00edch \u00fadaj\u016f u \u00da\u0159adu pro ochranu osobn\u00edch \u00fadaj\u016f. Ozn\u00e1men\u00ed o p\u0159ijat\u00fdch opat\u0159en\u00edch se poskytuj\u00ed zdarma. Je-li \u017e\u00e1dost subjektu \u00fadaj\u016f zjevn\u011b neopodstatn\u011bn\u00e1 nebo nevhodn\u00e1, zejm\u00e9na pro jej\u00ed opakuj\u00edc\u00ed se povahu, m\u016f\u017ee spr\u00e1vce po\u017eadovat p\u0159im\u011b\u0159en\u00fd poplatek zohled\u0148uj\u00edc\u00ed administrativn\u00ed n\u00e1klady na poskytnut\u00ed informace nebo p\u0159im\u011b\u0159en\u00fd poplatek zohled\u0148uj\u00edc\u00ed administrativn\u00ed n\u00e1klady. ozn\u00e1men\u00ed nebo p\u0159im\u011b\u0159en\u00fd poplatek zohled\u0148uj\u00edc\u00ed administrativn\u00ed n\u00e1klady na proveden\u00ed po\u017eadovan\u00e9ho opat\u0159en\u00ed, nebo odm\u00edtnout na \u017e\u00e1dost jednat. Spr\u00e1vce prok\u00e1\u017ee, \u017ee \u017e\u00e1dost je neopodstatn\u011bn\u00e1 nebo nep\u0159im\u011b\u0159en\u00e1.           <\/p>\n<p>Spole\u010dnost Elite Digital Services, LLC ch\u00e1pe, \u017ee m\u00e1te pr\u00e1va na sv\u00e9 osobn\u00ed \u00fadaje, a podnik\u00e1 p\u0159im\u011b\u0159en\u00e9 kroky, aby v\u00e1m umo\u017enila p\u0159\u00edstup k va\u0161im osobn\u00edm \u00fadaj\u016fm, jejich opravu, \u00fapravu, vymaz\u00e1n\u00ed, p\u0159enesen\u00ed nebo omezen\u00ed pou\u017eit\u00ed. Pokud jste obchodn\u00edk nebo partner, m\u016f\u017eete aktualizovat mnoho typ\u016f osobn\u00edch \u00fadaj\u016f, jako jsou platebn\u00ed nebo kontaktn\u00ed \u00fadaje, p\u0159\u00edmo v nastaven\u00ed \u00fa\u010dtu. Pokud nem\u016f\u017eete zm\u011bnit sv\u00e9 osobn\u00ed \u00fadaje v nastaven\u00ed sv\u00e9ho \u00fa\u010dtu nebo pokud m\u00e1te obavy z \u00fadaj\u016f shrom\u00e1\u017ed\u011bn\u00fdch p\u0159i n\u00e1v\u0161t\u011bv\u011b webu Elite Digital Services, LLC nebo pou\u017e\u00edv\u00e1n\u00ed na\u0161ich slu\u017eeb podpory, kontaktujte n\u00e1s, abychom provedli po\u017eadovan\u00e9 zm\u011bny. Je d\u016fle\u017eit\u00e9 si uv\u011bdomit, \u017ee pokud vyma\u017eete nebo omez\u00edte pou\u017eit\u00ed sv\u00fdch osobn\u00edch \u00fadaj\u016f, slu\u017eby nemus\u00ed fungovat spr\u00e1vn\u011b.   <\/p>\n\t\t\t\t\t\t\t\t<\/div>\n\t\t\t\t<\/div>\n\t\t\t\t\t<\/div>\n\t\t<\/div>\n\t\t\t\t\t<\/div>\n\t\t<\/section>\n\t\t\t\t<\/div>\n\t\t","protected":false},"excerpt":{"rendered":"<p>Z\u00e1sady ochrany osobn\u00edch \u00fadaj\u016f ve smyslu \u010dl. 19 a n\u00e1sl. z\u00e1kona \u010d. 18\/2018 Sb. o ochran\u011b osobn\u00edch \u00fadaj\u016f ao zm\u011bn\u011b a dopln\u011bn\u00ed n\u011bkter\u00fdch z\u00e1kon\u016f, ve zn\u011bn\u00ed pozd\u011bj\u0161\u00edch p\u0159edpis\u016f, v souladu s \u010dl\u00e1nky 13 a 14 na\u0159\u00edzen\u00ed Evropsk\u00e9ho parlamentu a Rady (EU) 2016\/679 ze dne 27. dubna 2016 o ochran\u011b osobn\u00edch \u00fadaj\u016f fyzick\u00fdm osob\u00e1m v souvislosti [&hellip;]<\/p>\n","protected":false},"author":1,"featured_media":0,"parent":0,"menu_order":0,"comment_status":"closed","ping_status":"closed","template":"","meta":{"footnotes":""},"class_list":["post-15301","page","type-page","status-publish","hentry"],"_links":{"self":[{"href":"https:\/\/verteco.shop\/cs\/wp-json\/wp\/v2\/pages\/15301","targetHints":{"allow":["GET"]}}],"collection":[{"href":"https:\/\/verteco.shop\/cs\/wp-json\/wp\/v2\/pages"}],"about":[{"href":"https:\/\/verteco.shop\/cs\/wp-json\/wp\/v2\/types\/page"}],"author":[{"embeddable":true,"href":"https:\/\/verteco.shop\/cs\/wp-json\/wp\/v2\/users\/1"}],"replies":[{"embeddable":true,"href":"https:\/\/verteco.shop\/cs\/wp-json\/wp\/v2\/comments?post=15301"}],"version-history":[{"count":0,"href":"https:\/\/verteco.shop\/cs\/wp-json\/wp\/v2\/pages\/15301\/revisions"}],"wp:attachment":[{"href":"https:\/\/verteco.shop\/cs\/wp-json\/wp\/v2\/media?parent=15301"}],"curies":[{"name":"wp","href":"https:\/\/api.w.org\/{rel}","templated":true}]}}