{"id":10489,"date":"2023-08-21T22:36:45","date_gmt":"2023-08-21T20:36:45","guid":{"rendered":"https:\/\/verteco.shop\/spolupracujicich-spolecnosti\/"},"modified":"2023-08-21T22:55:04","modified_gmt":"2023-08-21T20:55:04","slug":"spolupracujicich-spolecnosti","status":"publish","type":"page","link":"https:\/\/verteco.shop\/cs\/spolupracujicich-spolecnosti\/","title":{"rendered":"Spolupracuj\u00edc\u00ed firmy"},"content":{"rendered":"\t\t<div data-elementor-type=\"wp-page\" data-elementor-id=\"10489\" class=\"elementor elementor-10489\" data-elementor-post-type=\"page\">\n\t\t\t\t\t\t<section class=\"elementor-section elementor-top-section elementor-element elementor-element-ea3bce7 elementor-section-boxed elementor-section-height-default elementor-section-height-default\" data-id=\"ea3bce7\" data-element_type=\"section\" data-e-type=\"section\">\n\t\t\t\t\t\t<div class=\"elementor-container elementor-column-gap-default\">\n\t\t\t\t\t<div class=\"elementor-column elementor-col-100 elementor-top-column elementor-element elementor-element-bfbe0e3\" data-id=\"bfbe0e3\" data-element_type=\"column\" data-e-type=\"column\">\n\t\t\t<div class=\"elementor-widget-wrap elementor-element-populated\">\n\t\t\t\t\t\t<div class=\"elementor-element elementor-element-1125d2b elementor-widget elementor-widget-text-editor\" data-id=\"1125d2b\" data-element_type=\"widget\" data-e-type=\"widget\" data-widget_type=\"text-editor.default\">\n\t\t\t\t<div class=\"elementor-widget-container\">\n\t\t\t\t\t\t\t\t\t<p><a href=\"https:\/\/www.pohladavkybezstresu.sk\" target=\"_blank\" rel=\"noopener\">Vym\u00e1h\u00e1n\u00ed pohled\u00e1vek &#8211; pohladavkybezstresu.sk<\/a><\/p>\n\t\t\t\t\t\t\t\t<\/div>\n\t\t\t\t<\/div>\n\t\t\t\t\t<\/div>\n\t\t<\/div>\n\t\t\t\t\t<\/div>\n\t\t<\/section>\n\t\t\t\t<\/div>\n\t\t","protected":false},"excerpt":{"rendered":"<p>Vym\u00e1h\u00e1n\u00ed pohled\u00e1vek &#8211; pohladavkybezstresu.sk<\/p>\n","protected":false},"author":1,"featured_media":0,"parent":0,"menu_order":0,"comment_status":"closed","ping_status":"closed","template":"","meta":{"footnotes":""},"class_list":["post-10489","page","type-page","status-publish","hentry"],"_links":{"self":[{"href":"https:\/\/verteco.shop\/cs\/wp-json\/wp\/v2\/pages\/10489","targetHints":{"allow":["GET"]}}],"collection":[{"href":"https:\/\/verteco.shop\/cs\/wp-json\/wp\/v2\/pages"}],"about":[{"href":"https:\/\/verteco.shop\/cs\/wp-json\/wp\/v2\/types\/page"}],"author":[{"embeddable":true,"href":"https:\/\/verteco.shop\/cs\/wp-json\/wp\/v2\/users\/1"}],"replies":[{"embeddable":true,"href":"https:\/\/verteco.shop\/cs\/wp-json\/wp\/v2\/comments?post=10489"}],"version-history":[{"count":0,"href":"https:\/\/verteco.shop\/cs\/wp-json\/wp\/v2\/pages\/10489\/revisions"}],"wp:attachment":[{"href":"https:\/\/verteco.shop\/cs\/wp-json\/wp\/v2\/media?parent=10489"}],"curies":[{"name":"wp","href":"https:\/\/api.w.org\/{rel}","templated":true}]}}